{"id":2099,"date":"2024-09-20T15:57:32","date_gmt":"2024-09-20T14:57:32","guid":{"rendered":"https:\/\/puppymaroc.com\/?post_type=product&#038;p=2099"},"modified":"2024-09-20T15:57:32","modified_gmt":"2024-09-20T14:57:32","slug":"ownat-classic-fish-chien-20-kg","status":"publish","type":"product","link":"https:\/\/puppymaroc.webmarocagency.com\/?product=ownat-classic-fish-chien-20-kg","title":{"rendered":"OWNAT CLASSIC FISH (CHIEN) 20 KG"},"content":{"rendered":"<h3 class=\"html-output\">Composition :<\/h3>\n<div class=\"html-output\">\n<div class=\"container-fluid\">\n<div class=\"row\">\n<div class=\"col-12 col-lg-7 product-bottom-tabs\">\n<div class=\"tab-content\">\n<div id=\"product-tab-custom-1\" class=\"tab-pane  active\" role=\"tabpanel\">\n<div id=\"collap-prod-custom-1\" class=\"product-bottom-tab-content collapse\">\n<div class=\"inset-bottom-tab clearfix\">\n<div class=\"html-output\">Viande d\u00e9shydrat\u00e9e (18%), poisson 15% (poisson frais* 10% avant l&rsquo;extrusion, poisson d\u00e9shydrat\u00e9 5%), bl\u00e9 complet* (12%), orge complet* (12%), graisse de poulet, son de bl\u00e9* (9%), ma\u00efs complet* (9%), riz complet* (6%), petits pois entiers* (3%), pomme* (1%), huile de saumon, graines de lin* (1%), pulpe de betterave, fructo-oligosaccharides et mannane-oligosaccharides, levure de bi\u00e8re* (0,5%), plantes aromatiques 0,02% (fenouil*, \u00e9chinac\u00e9e*, thym*), yucca schidigera. *INGR\u00c9DIENTS NATURELS<\/div>\n<\/div>\n<\/div>\n<\/div>\n<\/div>\n<\/div>\n<\/div>\n<\/div>\n<div class=\"product-bottom-ct-advantages container-fluid\">\n<div class=\"row\">\n<div class=\"col-12 col-advantages\">\n<div class=\"swiper swiper-initialized swiper-horizontal swiper-pointer-events swiper-backface-hidden\">\n<div id=\"swiper-wrapper-9b54479610d9274d\" class=\"swiper-wrapper\" aria-live=\"polite\">\n<div class=\"d-none d-lg-block col-title\">\n<div class=\"title-inset\"><\/div>\n<h3 class=\"title-inset\">Composants analytiques :<\/h3>\n<div class=\"title-inset\">\n<div class=\"container-fluid\">\n<div class=\"row\">\n<div class=\"col-12 col-lg-7 product-bottom-tabs\">\n<div class=\"tab-content\">\n<div id=\"product-tab-custom-2\" class=\"tab-pane active\" role=\"tabpanel\">\n<div id=\"collap-prod-custom-2\" class=\"product-bottom-tab-content collapse\">\n<div class=\"inset-bottom-tab clearfix\">\n<div class=\"html-output\">Prot\u00e9ines : 25%, teneur en mati\u00e8res grasses : 12%, cellulose brute : 3%, mati\u00e8re inorganique : 7,5%, humidit\u00e9 : 8%, calcium : 1,5%, phosphore : 1,1%.<\/div>\n<\/div>\n<\/div>\n<\/div>\n<\/div>\n<\/div>\n<\/div>\n<\/div>\n<div class=\"product-bottom-ct-advantages container-fluid\">\n<div class=\"row\">\n<div class=\"col-12 col-advantages\">\n<div class=\"swiper swiper-initialized swiper-horizontal swiper-pointer-events swiper-backface-hidden\">\n<div id=\"swiper-wrapper-9b54479610d9274d\" class=\"swiper-wrapper\" aria-live=\"polite\">\n<div class=\"d-none d-lg-block col-title\">\n<div class=\"title-inset\"><\/div>\n<h3 class=\"title-inset\">\u00a0Additifs :<\/h3>\n<div class=\"title-inset\">\n<div class=\"container-fluid\">\n<div class=\"row\">\n<div class=\"col-12 col-lg-7 product-bottom-tabs\">\n<div class=\"tab-content\">\n<div id=\"product-tab-custom-3\" class=\"tab-pane active\" role=\"tabpanel\">\n<div id=\"collap-prod-custom-3\" class=\"product-bottom-tab-content collapse\">\n<div class=\"inset-bottom-tab clearfix\">\n<div class=\"html-output\">Vitamine A 18 000 UI, vitamine D3 1 500 UI, vitamine E 90 UI, vitamine C 100 mg, cuivre (ch\u00e9late de cuivre (II) et d&rsquo;acides amin\u00e9s hydrat\u00e9) 4 mg, mangan\u00e8se (oxyde de mangan\u00e8se (II)) 38 mg, zinc (oxyde de zinc) 100 mg, fer (sulfate de fer (II) monohydrat\u00e9) 30 mg, zinc (ch\u00e9late de zinc d&rsquo;acides amin\u00e9s hydrat\u00e9) 7,5 mg, iode (iodure de potassium) 3 mg, s\u00e9l\u00e9nium (s\u00e9l\u00e9nite de sodium) 0,2 mg. Avec des antioxydants naturels.<\/div>\n<\/div>\n<\/div>\n<\/div>\n<\/div>\n<\/div>\n<\/div>\n<\/div>\n<div class=\"product-bottom-ct-advantages container-fluid\">\n<div class=\"row\">\n<div class=\"col-12 col-advantages\">\n<div class=\"swiper swiper-initialized swiper-horizontal swiper-pointer-events swiper-backface-hidden\">\n<div id=\"swiper-wrapper-9b54479610d9274d\" class=\"swiper-wrapper\" aria-live=\"polite\">\n<div class=\"d-none d-lg-block col-title\">\n<div class=\"title-inset\"><\/div>\n<h3 class=\"title-inset\">\u00a0Instructions :<\/h3>\n<div class=\"title-inset\">\n<div class=\"container-fluid\">\n<div class=\"row\">\n<div class=\"col-12 col-lg-7 product-bottom-tabs\">\n<div class=\"tab-content\">\n<div id=\"product-tab-custom-4\" class=\"tab-pane active\" role=\"tabpanel\">\n<div id=\"collap-prod-custom-4\" class=\"product-bottom-tab-content collapse\">\n<div class=\"inset-bottom-tab clearfix\">\n<div class=\"html-output\">Les quantit\u00e9s indiqu\u00e9es sont les rations journali\u00e8res recommand\u00e9es. Conserver dans un endroit frais et sec. Toujours laisser de l\u2019eau propre et fra\u00eeche \u00e0 la port\u00e9e du chien. \u00c0 utiliser de pr\u00e9f\u00e9rence avant : voir date (18 mois), num\u00e9ro de lot et num\u00e9ro d&rsquo;identification du fabricant (ESP25300123) au dos de l&#8217;emballage.<\/div>\n<\/div>\n<\/div>\n<\/div>\n<\/div>\n<\/div>\n<\/div>\n<\/div>\n<\/div>\n<\/div>\n<\/div>\n<\/div>\n<\/div>\n<\/div>\n<\/div>\n<\/div>\n<\/div>\n<\/div>\n<\/div>\n<\/div>\n<\/div>\n<\/div>\n<\/div>\n<\/div>\n<\/div>\n<\/div>\n<\/div>\n<\/div>\n<\/div>\n<\/div>\n","protected":false},"excerpt":{"rendered":"<p>\u00c9labor\u00e9 avec du poisson frais, contient un apport additionnel d\u2019acides gras Om\u00e9ga 3 et 6 qui aident \u00e0 maintenir la peau saine et le poil soyeux et brillant. Pour chiens adultes de toutes races.<\/p>\n","protected":false},"featured_media":2100,"comment_status":"open","ping_status":"closed","template":"","meta":[],"product_brand":[],"product_cat":[60],"product_tag":[],"class_list":{"0":"post-2099","1":"product","2":"type-product","3":"status-publish","4":"has-post-thumbnail","6":"product_cat-alimentation-chien","8":"first","9":"instock","10":"sale","11":"shipping-taxable","12":"purchasable","13":"product-type-simple"},"yoast_head":"<!-- This site is optimized with the Yoast SEO plugin v25.8 - https:\/\/yoast.com\/wordpress\/plugins\/seo\/ -->\n<title>OWNAT CLASSIC FISH (CHIEN) 20 KG - puppymaroc.com<\/title>\n<meta name=\"description\" content=\"\u00c9labor\u00e9 avec du poisson frais, contient un apport additionnel d\u2019acides gras Om\u00e9ga 3 et 6 qui aident \u00e0 maintenir la peau saine et le poil soyeux et brillant. Pour chiens adultes de toutes races.\" \/>\n<meta name=\"robots\" content=\"index, follow, max-snippet:-1, max-image-preview:large, max-video-preview:-1\" \/>\n<link rel=\"canonical\" href=\"https:\/\/puppymaroc.webmarocagency.com\/?product=ownat-classic-fish-chien-20-kg\" \/>\n<meta property=\"og:locale\" content=\"fr_FR\" \/>\n<meta property=\"og:type\" content=\"article\" \/>\n<meta property=\"og:title\" content=\"OWNAT CLASSIC FISH (CHIEN) 20 KG - puppymaroc.com\" \/>\n<meta property=\"og:description\" content=\"\u00c9labor\u00e9 avec du poisson frais, contient un apport additionnel d\u2019acides gras Om\u00e9ga 3 et 6 qui aident \u00e0 maintenir la peau saine et le poil soyeux et brillant. Pour chiens adultes de toutes races.\" \/>\n<meta property=\"og:url\" content=\"https:\/\/puppymaroc.webmarocagency.com\/?product=ownat-classic-fish-chien-20-kg\" \/>\n<meta property=\"og:site_name\" content=\"puppymaroc.com\" \/>\n<meta property=\"article:publisher\" content=\"https:\/\/www.facebook.com\/PuppyMaroc?mibextid=ZbWKwL\" \/>\n<meta property=\"og:image\" content=\"https:\/\/puppymaroc.webmarocagency.com\/wp-content\/uploads\/2024\/09\/tzuio.png\" \/>\n\t<meta property=\"og:image:width\" content=\"1080\" \/>\n\t<meta property=\"og:image:height\" content=\"1080\" \/>\n\t<meta property=\"og:image:type\" content=\"image\/png\" \/>\n<meta name=\"twitter:card\" content=\"summary_large_image\" \/>\n<meta name=\"twitter:label1\" content=\"Dur\u00e9e de lecture estim\u00e9e\" \/>\n\t<meta name=\"twitter:data1\" content=\"2 minutes\" \/>\n<script type=\"application\/ld+json\" class=\"yoast-schema-graph\">{\"@context\":\"https:\/\/schema.org\",\"@graph\":[{\"@type\":\"WebPage\",\"@id\":\"https:\/\/puppymaroc.webmarocagency.com\/?product=ownat-classic-fish-chien-20-kg\",\"url\":\"https:\/\/puppymaroc.webmarocagency.com\/?product=ownat-classic-fish-chien-20-kg\",\"name\":\"OWNAT CLASSIC FISH (CHIEN) 20 KG - puppymaroc.com\",\"isPartOf\":{\"@id\":\"https:\/\/puppymaroc.webmarocagency.com\/#website\"},\"primaryImageOfPage\":{\"@id\":\"https:\/\/puppymaroc.webmarocagency.com\/?product=ownat-classic-fish-chien-20-kg#primaryimage\"},\"image\":{\"@id\":\"https:\/\/puppymaroc.webmarocagency.com\/?product=ownat-classic-fish-chien-20-kg#primaryimage\"},\"thumbnailUrl\":\"https:\/\/puppymaroc.webmarocagency.com\/wp-content\/uploads\/2024\/09\/tzuio.png\",\"datePublished\":\"2024-09-20T14:57:32+00:00\",\"description\":\"\u00c9labor\u00e9 avec du poisson frais, contient un apport additionnel d\u2019acides gras Om\u00e9ga 3 et 6 qui aident \u00e0 maintenir la peau saine et le poil soyeux et brillant. Pour chiens adultes de toutes races.\",\"breadcrumb\":{\"@id\":\"https:\/\/puppymaroc.webmarocagency.com\/?product=ownat-classic-fish-chien-20-kg#breadcrumb\"},\"inLanguage\":\"fr-FR\",\"potentialAction\":[{\"@type\":\"ReadAction\",\"target\":[\"https:\/\/puppymaroc.webmarocagency.com\/?product=ownat-classic-fish-chien-20-kg\"]}]},{\"@type\":\"ImageObject\",\"inLanguage\":\"fr-FR\",\"@id\":\"https:\/\/puppymaroc.webmarocagency.com\/?product=ownat-classic-fish-chien-20-kg#primaryimage\",\"url\":\"https:\/\/puppymaroc.webmarocagency.com\/wp-content\/uploads\/2024\/09\/tzuio.png\",\"contentUrl\":\"https:\/\/puppymaroc.webmarocagency.com\/wp-content\/uploads\/2024\/09\/tzuio.png\",\"width\":1080,\"height\":1080},{\"@type\":\"BreadcrumbList\",\"@id\":\"https:\/\/puppymaroc.webmarocagency.com\/?product=ownat-classic-fish-chien-20-kg#breadcrumb\",\"itemListElement\":[{\"@type\":\"ListItem\",\"position\":1,\"name\":\"Accueil\",\"item\":\"https:\/\/puppymaroc.webmarocagency.com\/\"},{\"@type\":\"ListItem\",\"position\":2,\"name\":\"Produit\",\"item\":\"https:\/\/puppymaroc.webmarocagency.com\/?page_id=1561\"},{\"@type\":\"ListItem\",\"position\":3,\"name\":\"OWNAT CLASSIC FISH (CHIEN) 20 KG\"}]},{\"@type\":\"WebSite\",\"@id\":\"https:\/\/puppymaroc.webmarocagency.com\/#website\",\"url\":\"https:\/\/puppymaroc.webmarocagency.com\/\",\"name\":\"puppymaroc.com\",\"description\":\"puppymaroc\",\"publisher\":{\"@id\":\"https:\/\/puppymaroc.webmarocagency.com\/#organization\"},\"potentialAction\":[{\"@type\":\"SearchAction\",\"target\":{\"@type\":\"EntryPoint\",\"urlTemplate\":\"https:\/\/puppymaroc.webmarocagency.com\/?s={search_term_string}\"},\"query-input\":{\"@type\":\"PropertyValueSpecification\",\"valueRequired\":true,\"valueName\":\"search_term_string\"}}],\"inLanguage\":\"fr-FR\"},{\"@type\":\"Organization\",\"@id\":\"https:\/\/puppymaroc.webmarocagency.com\/#organization\",\"name\":\"puppymaroc.com\",\"url\":\"https:\/\/puppymaroc.webmarocagency.com\/\",\"logo\":{\"@type\":\"ImageObject\",\"inLanguage\":\"fr-FR\",\"@id\":\"https:\/\/puppymaroc.webmarocagency.com\/#\/schema\/logo\/image\/\",\"url\":\"https:\/\/puppymaroc.webmarocagency.com\/wp-content\/uploads\/2024\/02\/cropped-cropped-puppy-maroc-logo-rmv-2.png\",\"contentUrl\":\"https:\/\/puppymaroc.webmarocagency.com\/wp-content\/uploads\/2024\/02\/cropped-cropped-puppy-maroc-logo-rmv-2.png\",\"width\":958,\"height\":920,\"caption\":\"puppymaroc.com\"},\"image\":{\"@id\":\"https:\/\/puppymaroc.webmarocagency.com\/#\/schema\/logo\/image\/\"},\"sameAs\":[\"https:\/\/www.facebook.com\/PuppyMaroc?mibextid=ZbWKwL\"]}]}<\/script>\n<!-- \/ Yoast SEO plugin. -->","yoast_head_json":{"title":"OWNAT CLASSIC FISH (CHIEN) 20 KG - puppymaroc.com","description":"\u00c9labor\u00e9 avec du poisson frais, contient un apport additionnel d\u2019acides gras Om\u00e9ga 3 et 6 qui aident \u00e0 maintenir la peau saine et le poil soyeux et brillant. Pour chiens adultes de toutes races.","robots":{"index":"index","follow":"follow","max-snippet":"max-snippet:-1","max-image-preview":"max-image-preview:large","max-video-preview":"max-video-preview:-1"},"canonical":"https:\/\/puppymaroc.webmarocagency.com\/?product=ownat-classic-fish-chien-20-kg","og_locale":"fr_FR","og_type":"article","og_title":"OWNAT CLASSIC FISH (CHIEN) 20 KG - puppymaroc.com","og_description":"\u00c9labor\u00e9 avec du poisson frais, contient un apport additionnel d\u2019acides gras Om\u00e9ga 3 et 6 qui aident \u00e0 maintenir la peau saine et le poil soyeux et brillant. Pour chiens adultes de toutes races.","og_url":"https:\/\/puppymaroc.webmarocagency.com\/?product=ownat-classic-fish-chien-20-kg","og_site_name":"puppymaroc.com","article_publisher":"https:\/\/www.facebook.com\/PuppyMaroc?mibextid=ZbWKwL","og_image":[{"width":1080,"height":1080,"url":"https:\/\/puppymaroc.webmarocagency.com\/wp-content\/uploads\/2024\/09\/tzuio.png","type":"image\/png"}],"twitter_card":"summary_large_image","twitter_misc":{"Dur\u00e9e de lecture estim\u00e9e":"2 minutes"},"schema":{"@context":"https:\/\/schema.org","@graph":[{"@type":"WebPage","@id":"https:\/\/puppymaroc.webmarocagency.com\/?product=ownat-classic-fish-chien-20-kg","url":"https:\/\/puppymaroc.webmarocagency.com\/?product=ownat-classic-fish-chien-20-kg","name":"OWNAT CLASSIC FISH (CHIEN) 20 KG - puppymaroc.com","isPartOf":{"@id":"https:\/\/puppymaroc.webmarocagency.com\/#website"},"primaryImageOfPage":{"@id":"https:\/\/puppymaroc.webmarocagency.com\/?product=ownat-classic-fish-chien-20-kg#primaryimage"},"image":{"@id":"https:\/\/puppymaroc.webmarocagency.com\/?product=ownat-classic-fish-chien-20-kg#primaryimage"},"thumbnailUrl":"https:\/\/puppymaroc.webmarocagency.com\/wp-content\/uploads\/2024\/09\/tzuio.png","datePublished":"2024-09-20T14:57:32+00:00","description":"\u00c9labor\u00e9 avec du poisson frais, contient un apport additionnel d\u2019acides gras Om\u00e9ga 3 et 6 qui aident \u00e0 maintenir la peau saine et le poil soyeux et brillant. Pour chiens adultes de toutes races.","breadcrumb":{"@id":"https:\/\/puppymaroc.webmarocagency.com\/?product=ownat-classic-fish-chien-20-kg#breadcrumb"},"inLanguage":"fr-FR","potentialAction":[{"@type":"ReadAction","target":["https:\/\/puppymaroc.webmarocagency.com\/?product=ownat-classic-fish-chien-20-kg"]}]},{"@type":"ImageObject","inLanguage":"fr-FR","@id":"https:\/\/puppymaroc.webmarocagency.com\/?product=ownat-classic-fish-chien-20-kg#primaryimage","url":"https:\/\/puppymaroc.webmarocagency.com\/wp-content\/uploads\/2024\/09\/tzuio.png","contentUrl":"https:\/\/puppymaroc.webmarocagency.com\/wp-content\/uploads\/2024\/09\/tzuio.png","width":1080,"height":1080},{"@type":"BreadcrumbList","@id":"https:\/\/puppymaroc.webmarocagency.com\/?product=ownat-classic-fish-chien-20-kg#breadcrumb","itemListElement":[{"@type":"ListItem","position":1,"name":"Accueil","item":"https:\/\/puppymaroc.webmarocagency.com\/"},{"@type":"ListItem","position":2,"name":"Produit","item":"https:\/\/puppymaroc.webmarocagency.com\/?page_id=1561"},{"@type":"ListItem","position":3,"name":"OWNAT CLASSIC FISH (CHIEN) 20 KG"}]},{"@type":"WebSite","@id":"https:\/\/puppymaroc.webmarocagency.com\/#website","url":"https:\/\/puppymaroc.webmarocagency.com\/","name":"puppymaroc.com","description":"puppymaroc","publisher":{"@id":"https:\/\/puppymaroc.webmarocagency.com\/#organization"},"potentialAction":[{"@type":"SearchAction","target":{"@type":"EntryPoint","urlTemplate":"https:\/\/puppymaroc.webmarocagency.com\/?s={search_term_string}"},"query-input":{"@type":"PropertyValueSpecification","valueRequired":true,"valueName":"search_term_string"}}],"inLanguage":"fr-FR"},{"@type":"Organization","@id":"https:\/\/puppymaroc.webmarocagency.com\/#organization","name":"puppymaroc.com","url":"https:\/\/puppymaroc.webmarocagency.com\/","logo":{"@type":"ImageObject","inLanguage":"fr-FR","@id":"https:\/\/puppymaroc.webmarocagency.com\/#\/schema\/logo\/image\/","url":"https:\/\/puppymaroc.webmarocagency.com\/wp-content\/uploads\/2024\/02\/cropped-cropped-puppy-maroc-logo-rmv-2.png","contentUrl":"https:\/\/puppymaroc.webmarocagency.com\/wp-content\/uploads\/2024\/02\/cropped-cropped-puppy-maroc-logo-rmv-2.png","width":958,"height":920,"caption":"puppymaroc.com"},"image":{"@id":"https:\/\/puppymaroc.webmarocagency.com\/#\/schema\/logo\/image\/"},"sameAs":["https:\/\/www.facebook.com\/PuppyMaroc?mibextid=ZbWKwL"]}]}},"_links":{"self":[{"href":"https:\/\/puppymaroc.webmarocagency.com\/index.php?rest_route=\/wp\/v2\/product\/2099","targetHints":{"allow":["GET"]}}],"collection":[{"href":"https:\/\/puppymaroc.webmarocagency.com\/index.php?rest_route=\/wp\/v2\/product"}],"about":[{"href":"https:\/\/puppymaroc.webmarocagency.com\/index.php?rest_route=\/wp\/v2\/types\/product"}],"replies":[{"embeddable":true,"href":"https:\/\/puppymaroc.webmarocagency.com\/index.php?rest_route=%2Fwp%2Fv2%2Fcomments&post=2099"}],"wp:featuredmedia":[{"embeddable":true,"href":"https:\/\/puppymaroc.webmarocagency.com\/index.php?rest_route=\/wp\/v2\/media\/2100"}],"wp:attachment":[{"href":"https:\/\/puppymaroc.webmarocagency.com\/index.php?rest_route=%2Fwp%2Fv2%2Fmedia&parent=2099"}],"wp:term":[{"taxonomy":"product_brand","embeddable":true,"href":"https:\/\/puppymaroc.webmarocagency.com\/index.php?rest_route=%2Fwp%2Fv2%2Fproduct_brand&post=2099"},{"taxonomy":"product_cat","embeddable":true,"href":"https:\/\/puppymaroc.webmarocagency.com\/index.php?rest_route=%2Fwp%2Fv2%2Fproduct_cat&post=2099"},{"taxonomy":"product_tag","embeddable":true,"href":"https:\/\/puppymaroc.webmarocagency.com\/index.php?rest_route=%2Fwp%2Fv2%2Fproduct_tag&post=2099"}],"curies":[{"name":"wp","href":"https:\/\/api.w.org\/{rel}","templated":true}]}}