{"id":2103,"date":"2024-09-20T16:05:34","date_gmt":"2024-09-20T15:05:34","guid":{"rendered":"https:\/\/puppymaroc.com\/?post_type=product&#038;p=2103"},"modified":"2024-09-20T16:06:11","modified_gmt":"2024-09-20T15:06:11","slug":"ownat-classique-light-chats-4-kg","status":"publish","type":"product","link":"https:\/\/puppymaroc.webmarocagency.com\/?product=ownat-classique-light-chats-4-kg","title":{"rendered":"OWNAT CLASSIQUE LIGHT CHATS 4 Kg"},"content":{"rendered":"<h6>Composition:<\/h6>\n<p>Viande 32% (viande d\u00e9shydrat\u00e9e 22%, poulet frais* 10%), bl\u00e9 complet* (19%), ma\u00efs complet* (9%), petits pois entiers* (8%), orge complet* (7%), graisse de poulet, riz complet* (5%), prot\u00e9ines de ma\u00efs, son de bl\u00e9* (4%), prot\u00e9ines de poulet hydrolys\u00e9es, pulpe de betterave, poisson d\u00e9shydrat\u00e9, pomme fra\u00eeche* (1%), huile de saumon, levure de bi\u00e8re* (0,5%), fructo-oligosaccharides et mannane-oligosaccharides, herbes botaniques 0,02% (fenouil*, fleur de camomille*, anis vert*), yucca schidigera.\u00a0<em>*Ingr\u00e9dients naturels<\/em><\/p>\n<h6>Constituants analytiques:<\/h6>\n<p>Prot\u00e9ine 27%, Teneur en mati\u00e8res grasses 9%, Cellulose brute 3,5%, Mati\u00e8re inorganique 7%, Humidit\u00e9 8%, Calcium 1,3%, Phosphore 1%.<\/p>\n<h6>ADDITIFS \/ KG : Additifs nutritionnels:<\/h6>\n<p>Vitamine A 15 000 UI, Vitamine D3 1 500 UI, Vitamine E 100 UI, Vitamine C 100 mg, Taurine 1 000 mg, L-Carnitine 200 mg, Cuivre (ch\u00e9late de cuivre d&rsquo;acides amin\u00e9s hydrat\u00e9) 5 mg, Mangan\u00e8se (oxyde de mangan\u00e8se) 30 mg, Zinc (oxyde de zinc) 100 mg, Zinc (ch\u00e9late de zinc d&rsquo;acides amin\u00e9s hydrat\u00e9) 7 mg, Fer (sulfate de fer, monohydrat\u00e9) 30 mg, Iode (iodure de potassium) 2 mg, S\u00e9l\u00e9nium (s\u00e9l\u00e9nite de sodium) 0,1 mg. Contient des antioxydants naturels.<\/p>\n<h6>Instructions<\/h6>\n<p>Les quantit\u00e9s indiqu\u00e9es sont les rations journali\u00e8res recommand\u00e9es. Conserver dans un endroit frais et sec. Toujours laisser de l\u2019eau propre et fra\u00eeche \u00e0 la port\u00e9e du chat. Expiration: 18 mois.<\/p>\n","protected":false},"excerpt":{"rendered":"<h5 class=\"subtitle\">Sp\u00e9cialement formul\u00e9 pour les chats ayant un probl\u00e8me de surpoids, avec une faible teneur en mati\u00e8res grasses pour r\u00e9duire les calories, compens\u00e9 \u00e0 la fois par une haute teneur en prot\u00e9ines qui assure le correct maintien des muscles.<\/h5>\n","protected":false},"featured_media":2105,"comment_status":"open","ping_status":"closed","template":"","meta":[],"product_brand":[],"product_cat":[74],"product_tag":[],"class_list":{"0":"post-2103","1":"product","2":"type-product","3":"status-publish","4":"has-post-thumbnail","6":"product_cat-alimentation-2","8":"first","9":"instock","10":"sale","11":"shipping-taxable","12":"purchasable","13":"product-type-simple"},"yoast_head":"<!-- This site is optimized with the Yoast SEO plugin v25.8 - https:\/\/yoast.com\/wordpress\/plugins\/seo\/ -->\n<title>OWNAT CLASSIQUE LIGHT CHATS 4 Kg - puppymaroc.com<\/title>\n<meta name=\"description\" content=\"Sp\u00e9cialement formul\u00e9 pour les chats ayant un probl\u00e8me de surpoids, avec une faible teneur en mati\u00e8res grasses pour r\u00e9duire les calories, compens\u00e9 \u00e0 la fois par une haute teneur en prot\u00e9ines qui assure le correct maintien des muscles.\" \/>\n<meta name=\"robots\" content=\"index, follow, max-snippet:-1, max-image-preview:large, max-video-preview:-1\" \/>\n<link rel=\"canonical\" href=\"https:\/\/puppymaroc.webmarocagency.com\/?product=ownat-classique-light-chats-4-kg\" \/>\n<meta property=\"og:locale\" content=\"fr_FR\" \/>\n<meta property=\"og:type\" content=\"article\" \/>\n<meta property=\"og:title\" content=\"OWNAT CLASSIQUE LIGHT CHATS 4 Kg - puppymaroc.com\" \/>\n<meta property=\"og:description\" content=\"Sp\u00e9cialement formul\u00e9 pour les chats ayant un probl\u00e8me de surpoids, avec une faible teneur en mati\u00e8res grasses pour r\u00e9duire les calories, compens\u00e9 \u00e0 la fois par une haute teneur en prot\u00e9ines qui assure le correct maintien des muscles.\" \/>\n<meta property=\"og:url\" content=\"https:\/\/puppymaroc.webmarocagency.com\/?product=ownat-classique-light-chats-4-kg\" \/>\n<meta property=\"og:site_name\" content=\"puppymaroc.com\" \/>\n<meta property=\"article:publisher\" content=\"https:\/\/www.facebook.com\/PuppyMaroc?mibextid=ZbWKwL\" \/>\n<meta property=\"article:modified_time\" content=\"2024-09-20T15:06:11+00:00\" \/>\n<meta property=\"og:image\" content=\"https:\/\/puppymaroc.webmarocagency.com\/wp-content\/uploads\/2024\/09\/werdt.png\" \/>\n\t<meta property=\"og:image:width\" content=\"1080\" \/>\n\t<meta property=\"og:image:height\" content=\"1080\" \/>\n\t<meta property=\"og:image:type\" content=\"image\/png\" \/>\n<meta name=\"twitter:card\" content=\"summary_large_image\" \/>\n<meta name=\"twitter:label1\" content=\"Dur\u00e9e de lecture estim\u00e9e\" \/>\n\t<meta name=\"twitter:data1\" content=\"2 minutes\" \/>\n<script type=\"application\/ld+json\" class=\"yoast-schema-graph\">{\"@context\":\"https:\/\/schema.org\",\"@graph\":[{\"@type\":\"WebPage\",\"@id\":\"https:\/\/puppymaroc.webmarocagency.com\/?product=ownat-classique-light-chats-4-kg\",\"url\":\"https:\/\/puppymaroc.webmarocagency.com\/?product=ownat-classique-light-chats-4-kg\",\"name\":\"OWNAT CLASSIQUE LIGHT CHATS 4 Kg - puppymaroc.com\",\"isPartOf\":{\"@id\":\"https:\/\/puppymaroc.webmarocagency.com\/#website\"},\"primaryImageOfPage\":{\"@id\":\"https:\/\/puppymaroc.webmarocagency.com\/?product=ownat-classique-light-chats-4-kg#primaryimage\"},\"image\":{\"@id\":\"https:\/\/puppymaroc.webmarocagency.com\/?product=ownat-classique-light-chats-4-kg#primaryimage\"},\"thumbnailUrl\":\"https:\/\/puppymaroc.webmarocagency.com\/wp-content\/uploads\/2024\/09\/werdt.png\",\"datePublished\":\"2024-09-20T15:05:34+00:00\",\"dateModified\":\"2024-09-20T15:06:11+00:00\",\"description\":\"Sp\u00e9cialement formul\u00e9 pour les chats ayant un probl\u00e8me de surpoids, avec une faible teneur en mati\u00e8res grasses pour r\u00e9duire les calories, compens\u00e9 \u00e0 la fois par une haute teneur en prot\u00e9ines qui assure le correct maintien des muscles.\",\"breadcrumb\":{\"@id\":\"https:\/\/puppymaroc.webmarocagency.com\/?product=ownat-classique-light-chats-4-kg#breadcrumb\"},\"inLanguage\":\"fr-FR\",\"potentialAction\":[{\"@type\":\"ReadAction\",\"target\":[\"https:\/\/puppymaroc.webmarocagency.com\/?product=ownat-classique-light-chats-4-kg\"]}]},{\"@type\":\"ImageObject\",\"inLanguage\":\"fr-FR\",\"@id\":\"https:\/\/puppymaroc.webmarocagency.com\/?product=ownat-classique-light-chats-4-kg#primaryimage\",\"url\":\"https:\/\/puppymaroc.webmarocagency.com\/wp-content\/uploads\/2024\/09\/werdt.png\",\"contentUrl\":\"https:\/\/puppymaroc.webmarocagency.com\/wp-content\/uploads\/2024\/09\/werdt.png\",\"width\":1080,\"height\":1080},{\"@type\":\"BreadcrumbList\",\"@id\":\"https:\/\/puppymaroc.webmarocagency.com\/?product=ownat-classique-light-chats-4-kg#breadcrumb\",\"itemListElement\":[{\"@type\":\"ListItem\",\"position\":1,\"name\":\"Accueil\",\"item\":\"https:\/\/puppymaroc.webmarocagency.com\/\"},{\"@type\":\"ListItem\",\"position\":2,\"name\":\"Produit\",\"item\":\"https:\/\/puppymaroc.webmarocagency.com\/?page_id=1561\"},{\"@type\":\"ListItem\",\"position\":3,\"name\":\"OWNAT CLASSIQUE LIGHT CHATS 4 Kg\"}]},{\"@type\":\"WebSite\",\"@id\":\"https:\/\/puppymaroc.webmarocagency.com\/#website\",\"url\":\"https:\/\/puppymaroc.webmarocagency.com\/\",\"name\":\"puppymaroc.com\",\"description\":\"puppymaroc\",\"publisher\":{\"@id\":\"https:\/\/puppymaroc.webmarocagency.com\/#organization\"},\"potentialAction\":[{\"@type\":\"SearchAction\",\"target\":{\"@type\":\"EntryPoint\",\"urlTemplate\":\"https:\/\/puppymaroc.webmarocagency.com\/?s={search_term_string}\"},\"query-input\":{\"@type\":\"PropertyValueSpecification\",\"valueRequired\":true,\"valueName\":\"search_term_string\"}}],\"inLanguage\":\"fr-FR\"},{\"@type\":\"Organization\",\"@id\":\"https:\/\/puppymaroc.webmarocagency.com\/#organization\",\"name\":\"puppymaroc.com\",\"url\":\"https:\/\/puppymaroc.webmarocagency.com\/\",\"logo\":{\"@type\":\"ImageObject\",\"inLanguage\":\"fr-FR\",\"@id\":\"https:\/\/puppymaroc.webmarocagency.com\/#\/schema\/logo\/image\/\",\"url\":\"https:\/\/puppymaroc.webmarocagency.com\/wp-content\/uploads\/2024\/02\/cropped-cropped-puppy-maroc-logo-rmv-2.png\",\"contentUrl\":\"https:\/\/puppymaroc.webmarocagency.com\/wp-content\/uploads\/2024\/02\/cropped-cropped-puppy-maroc-logo-rmv-2.png\",\"width\":958,\"height\":920,\"caption\":\"puppymaroc.com\"},\"image\":{\"@id\":\"https:\/\/puppymaroc.webmarocagency.com\/#\/schema\/logo\/image\/\"},\"sameAs\":[\"https:\/\/www.facebook.com\/PuppyMaroc?mibextid=ZbWKwL\"]}]}<\/script>\n<!-- \/ Yoast SEO plugin. -->","yoast_head_json":{"title":"OWNAT CLASSIQUE LIGHT CHATS 4 Kg - puppymaroc.com","description":"Sp\u00e9cialement formul\u00e9 pour les chats ayant un probl\u00e8me de surpoids, avec une faible teneur en mati\u00e8res grasses pour r\u00e9duire les calories, compens\u00e9 \u00e0 la fois par une haute teneur en prot\u00e9ines qui assure le correct maintien des muscles.","robots":{"index":"index","follow":"follow","max-snippet":"max-snippet:-1","max-image-preview":"max-image-preview:large","max-video-preview":"max-video-preview:-1"},"canonical":"https:\/\/puppymaroc.webmarocagency.com\/?product=ownat-classique-light-chats-4-kg","og_locale":"fr_FR","og_type":"article","og_title":"OWNAT CLASSIQUE LIGHT CHATS 4 Kg - puppymaroc.com","og_description":"Sp\u00e9cialement formul\u00e9 pour les chats ayant un probl\u00e8me de surpoids, avec une faible teneur en mati\u00e8res grasses pour r\u00e9duire les calories, compens\u00e9 \u00e0 la fois par une haute teneur en prot\u00e9ines qui assure le correct maintien des muscles.","og_url":"https:\/\/puppymaroc.webmarocagency.com\/?product=ownat-classique-light-chats-4-kg","og_site_name":"puppymaroc.com","article_publisher":"https:\/\/www.facebook.com\/PuppyMaroc?mibextid=ZbWKwL","article_modified_time":"2024-09-20T15:06:11+00:00","og_image":[{"width":1080,"height":1080,"url":"https:\/\/puppymaroc.webmarocagency.com\/wp-content\/uploads\/2024\/09\/werdt.png","type":"image\/png"}],"twitter_card":"summary_large_image","twitter_misc":{"Dur\u00e9e de lecture estim\u00e9e":"2 minutes"},"schema":{"@context":"https:\/\/schema.org","@graph":[{"@type":"WebPage","@id":"https:\/\/puppymaroc.webmarocagency.com\/?product=ownat-classique-light-chats-4-kg","url":"https:\/\/puppymaroc.webmarocagency.com\/?product=ownat-classique-light-chats-4-kg","name":"OWNAT CLASSIQUE LIGHT CHATS 4 Kg - puppymaroc.com","isPartOf":{"@id":"https:\/\/puppymaroc.webmarocagency.com\/#website"},"primaryImageOfPage":{"@id":"https:\/\/puppymaroc.webmarocagency.com\/?product=ownat-classique-light-chats-4-kg#primaryimage"},"image":{"@id":"https:\/\/puppymaroc.webmarocagency.com\/?product=ownat-classique-light-chats-4-kg#primaryimage"},"thumbnailUrl":"https:\/\/puppymaroc.webmarocagency.com\/wp-content\/uploads\/2024\/09\/werdt.png","datePublished":"2024-09-20T15:05:34+00:00","dateModified":"2024-09-20T15:06:11+00:00","description":"Sp\u00e9cialement formul\u00e9 pour les chats ayant un probl\u00e8me de surpoids, avec une faible teneur en mati\u00e8res grasses pour r\u00e9duire les calories, compens\u00e9 \u00e0 la fois par une haute teneur en prot\u00e9ines qui assure le correct maintien des muscles.","breadcrumb":{"@id":"https:\/\/puppymaroc.webmarocagency.com\/?product=ownat-classique-light-chats-4-kg#breadcrumb"},"inLanguage":"fr-FR","potentialAction":[{"@type":"ReadAction","target":["https:\/\/puppymaroc.webmarocagency.com\/?product=ownat-classique-light-chats-4-kg"]}]},{"@type":"ImageObject","inLanguage":"fr-FR","@id":"https:\/\/puppymaroc.webmarocagency.com\/?product=ownat-classique-light-chats-4-kg#primaryimage","url":"https:\/\/puppymaroc.webmarocagency.com\/wp-content\/uploads\/2024\/09\/werdt.png","contentUrl":"https:\/\/puppymaroc.webmarocagency.com\/wp-content\/uploads\/2024\/09\/werdt.png","width":1080,"height":1080},{"@type":"BreadcrumbList","@id":"https:\/\/puppymaroc.webmarocagency.com\/?product=ownat-classique-light-chats-4-kg#breadcrumb","itemListElement":[{"@type":"ListItem","position":1,"name":"Accueil","item":"https:\/\/puppymaroc.webmarocagency.com\/"},{"@type":"ListItem","position":2,"name":"Produit","item":"https:\/\/puppymaroc.webmarocagency.com\/?page_id=1561"},{"@type":"ListItem","position":3,"name":"OWNAT CLASSIQUE LIGHT CHATS 4 Kg"}]},{"@type":"WebSite","@id":"https:\/\/puppymaroc.webmarocagency.com\/#website","url":"https:\/\/puppymaroc.webmarocagency.com\/","name":"puppymaroc.com","description":"puppymaroc","publisher":{"@id":"https:\/\/puppymaroc.webmarocagency.com\/#organization"},"potentialAction":[{"@type":"SearchAction","target":{"@type":"EntryPoint","urlTemplate":"https:\/\/puppymaroc.webmarocagency.com\/?s={search_term_string}"},"query-input":{"@type":"PropertyValueSpecification","valueRequired":true,"valueName":"search_term_string"}}],"inLanguage":"fr-FR"},{"@type":"Organization","@id":"https:\/\/puppymaroc.webmarocagency.com\/#organization","name":"puppymaroc.com","url":"https:\/\/puppymaroc.webmarocagency.com\/","logo":{"@type":"ImageObject","inLanguage":"fr-FR","@id":"https:\/\/puppymaroc.webmarocagency.com\/#\/schema\/logo\/image\/","url":"https:\/\/puppymaroc.webmarocagency.com\/wp-content\/uploads\/2024\/02\/cropped-cropped-puppy-maroc-logo-rmv-2.png","contentUrl":"https:\/\/puppymaroc.webmarocagency.com\/wp-content\/uploads\/2024\/02\/cropped-cropped-puppy-maroc-logo-rmv-2.png","width":958,"height":920,"caption":"puppymaroc.com"},"image":{"@id":"https:\/\/puppymaroc.webmarocagency.com\/#\/schema\/logo\/image\/"},"sameAs":["https:\/\/www.facebook.com\/PuppyMaroc?mibextid=ZbWKwL"]}]}},"_links":{"self":[{"href":"https:\/\/puppymaroc.webmarocagency.com\/index.php?rest_route=\/wp\/v2\/product\/2103","targetHints":{"allow":["GET"]}}],"collection":[{"href":"https:\/\/puppymaroc.webmarocagency.com\/index.php?rest_route=\/wp\/v2\/product"}],"about":[{"href":"https:\/\/puppymaroc.webmarocagency.com\/index.php?rest_route=\/wp\/v2\/types\/product"}],"replies":[{"embeddable":true,"href":"https:\/\/puppymaroc.webmarocagency.com\/index.php?rest_route=%2Fwp%2Fv2%2Fcomments&post=2103"}],"wp:featuredmedia":[{"embeddable":true,"href":"https:\/\/puppymaroc.webmarocagency.com\/index.php?rest_route=\/wp\/v2\/media\/2105"}],"wp:attachment":[{"href":"https:\/\/puppymaroc.webmarocagency.com\/index.php?rest_route=%2Fwp%2Fv2%2Fmedia&parent=2103"}],"wp:term":[{"taxonomy":"product_brand","embeddable":true,"href":"https:\/\/puppymaroc.webmarocagency.com\/index.php?rest_route=%2Fwp%2Fv2%2Fproduct_brand&post=2103"},{"taxonomy":"product_cat","embeddable":true,"href":"https:\/\/puppymaroc.webmarocagency.com\/index.php?rest_route=%2Fwp%2Fv2%2Fproduct_cat&post=2103"},{"taxonomy":"product_tag","embeddable":true,"href":"https:\/\/puppymaroc.webmarocagency.com\/index.php?rest_route=%2Fwp%2Fv2%2Fproduct_tag&post=2103"}],"curies":[{"name":"wp","href":"https:\/\/api.w.org\/{rel}","templated":true}]}}