{"id":2108,"date":"2024-09-20T16:21:02","date_gmt":"2024-09-20T15:21:02","guid":{"rendered":"https:\/\/puppymaroc.com\/?post_type=product&#038;p=2108"},"modified":"2024-09-20T16:25:47","modified_gmt":"2024-09-20T15:25:47","slug":"ownat-ultra-medium-light-14-kg","status":"publish","type":"product","link":"https:\/\/puppymaroc.webmarocagency.com\/?product=ownat-ultra-medium-light-14-kg","title":{"rendered":"OWNAT ULTRA MEDIUM LIGHT 14 Kg"},"content":{"rendered":"<h3 class=\"html-output\">Composition :<\/h3>\n<div class=\"html-output\">\n<div class=\"container-fluid\">\n<div class=\"row\">\n<div class=\"col-12 col-lg-7 product-bottom-tabs\">\n<div class=\"tab-content\">\n<div id=\"product-tab-custom-1\" class=\"tab-pane active\" role=\"tabpanel\">\n<div id=\"collap-prod-custom-1\" class=\"product-bottom-tab-content collapse\">\n<div class=\"inset-bottom-tab clearfix\">\n<div class=\"html-output\">Dinde fra\u00eeche* (30 % min. avant la cuisson), poulet d\u00e9shydrat\u00e9 (17 %), patate douce d\u00e9shydrat\u00e9e* (10 %), riz complet* (9 %), racines de manioc* (9 %), petits pois entiers* (4 %), avoine compl\u00e8te* (4 %), porc d\u00e9shydrat\u00e9 (3 %), gousse de caroube* (3 %), pulpe de betterave, graisse de volaille (pr\u00e9serv\u00e9e avec des antioxydants naturels), l\u00e9gumes et fruits frais avant la cuisson (pomme* 1 %, carotte* 0,5 %, brocoli* 0,5 %), prot\u00e9ines de poulet hydrolys\u00e9es, levure de bi\u00e8re* (1 %), huile de saumon (pr\u00e9serv\u00e9e avec des antioxydants naturels), sel gemme*, luzerne d\u00e9shydrat\u00e9e*, racines de chicor\u00e9e (FOS)*, extrait de levure (MOS), algues marines d\u00e9shydrat\u00e9es* (500 mg\/kg), glucosamine (500 mg\/kg), yucca shidigera, chondro\u00eftine sulfate (100 mg\/kg), airelles* (100 mg\/kg), th\u00e9 vert* (80 mg\/kg), \u00e9chinac\u00e9e* (80 mg\/kg), fleur de camomille* (80 mg\/kg), fenouil* (80 mg\/kg). *Ingr\u00e9dients naturels<\/div>\n<\/div>\n<\/div>\n<\/div>\n<\/div>\n<\/div>\n<\/div>\n<\/div>\n<div class=\"product-bottom-ct-advantages container-fluid\">\n<div class=\"row\">\n<div class=\"col-12 col-advantages\">\n<div class=\"swiper swiper-initialized swiper-horizontal swiper-pointer-events swiper-backface-hidden\">\n<div id=\"swiper-wrapper-96af52c43ba4be65\" class=\"swiper-wrapper\" aria-live=\"polite\">\n<div class=\"d-none d-lg-block col-title\">\n<div class=\"title-inset\"><\/div>\n<h3 class=\"title-inset\">Composants Analytiques :<\/h3>\n<div class=\"title-inset\">\n<div class=\"container-fluid\">\n<div class=\"row\">\n<div class=\"col-12 col-lg-7 product-bottom-tabs\">\n<div class=\"tab-content\">\n<div id=\"product-tab-custom-2\" class=\"tab-pane active\" role=\"tabpanel\">\n<div id=\"collap-prod-custom-2\" class=\"product-bottom-tab-content collapse\">\n<div class=\"inset-bottom-tab clearfix\">\n<div class=\"html-output\">Prot\u00e9ine : 28 %, teneur en mati\u00e8res grasses : 9 %, cellulose brute : 4 %, mati\u00e8re inorganique : 7,5 %, humidit\u00e9 : 8 %, om\u00e9ga 6 : 1,7 %, om\u00e9ga 3 : 0,5 %, calcium : 1,2 %, phosphore : 0,8 %.<\/div>\n<\/div>\n<\/div>\n<\/div>\n<\/div>\n<\/div>\n<\/div>\n<\/div>\n<div class=\"product-bottom-ct-advantages container-fluid\">\n<div class=\"row\">\n<div class=\"col-12 col-advantages\">\n<div class=\"swiper swiper-initialized swiper-horizontal swiper-pointer-events swiper-backface-hidden\">\n<div id=\"swiper-wrapper-96af52c43ba4be65\" class=\"swiper-wrapper\" aria-live=\"polite\">\n<div class=\"d-none d-lg-block col-title\">\n<div class=\"title-inset\"><\/div>\n<h3 class=\"title-inset\">Additifs :<\/h3>\n<div class=\"title-inset\">\n<div class=\"container-fluid\">\n<div class=\"row\">\n<div class=\"col-12 col-lg-7 product-bottom-tabs\">\n<div class=\"tab-content\">\n<div id=\"product-tab-custom-3\" class=\"tab-pane active\" role=\"tabpanel\">\n<div id=\"collap-prod-custom-3\" class=\"product-bottom-tab-content collapse\">\n<div class=\"inset-bottom-tab clearfix\">\n<div class=\"html-output\">Vitamine A 20 000 UI, vitamine D3 1 500 UI, vitamine E 350 UI, taurine 1 000 mg, L-carnitine 380 mg, cuivre (sulfate de cuivre(II) pentahydrat\u00e9) 4 mg, cuivre (ch\u00e9late de cuivre(II) et d&rsquo;acides amin\u00e9s, hydrat\u00e9) 5 mg, mangan\u00e8se (oxyde de mangan\u00e8se (II)) 50 mg, zinc (oxyde de zinc) 100 mg, fer (sulfate de fer (II) monohydrat\u00e9) 40 mg, zinc (ch\u00e9late de zinc d&rsquo;acides amin\u00e9s hydrat\u00e9) 10 mg, iode (iodure de potassium) 4 mg, s\u00e9l\u00e9nium (s\u00e9l\u00e9nite de sodium) 0,2 mg. kcal\/kg 3.400. Avec des antioxydants naturels.<\/div>\n<\/div>\n<\/div>\n<\/div>\n<\/div>\n<\/div>\n<\/div>\n<\/div>\n<\/div>\n<\/div>\n<\/div>\n<\/div>\n<\/div>\n<\/div>\n<\/div>\n<\/div>\n<\/div>\n<\/div>\n<\/div>\n<\/div>\n<\/div>\n<\/div>\n<\/div>\n","protected":false},"excerpt":{"rendered":"<p>Alimentation sp\u00e9cialement formul\u00e9e pour les chiens qui ont un faible niveau d\u2019activit\u00e9 ou avec une tendance au surpoids. Son apport r\u00e9duit en mati\u00e8res grasses aide \u00e0 r\u00e9cup\u00e9rer et \u00e0 maintenir un poids id\u00e9al, et elle contient \u00e9galement un pourcentage \u00e9lev\u00e9 de prot\u00e9ines de qualit\u00e9 maximale qui assurent un bon maintien et une bonne tonicit\u00e9 des muscles.<\/p>\n","protected":false},"featured_media":2110,"comment_status":"open","ping_status":"closed","template":"","meta":[],"product_brand":[],"product_cat":[60],"product_tag":[],"class_list":{"0":"post-2108","1":"product","2":"type-product","3":"status-publish","4":"has-post-thumbnail","6":"product_cat-alimentation-chien","8":"first","9":"instock","10":"sale","11":"shipping-taxable","12":"purchasable","13":"product-type-simple"},"yoast_head":"<!-- This site is optimized with the Yoast SEO plugin v25.8 - https:\/\/yoast.com\/wordpress\/plugins\/seo\/ -->\n<title>OWNAT ULTRA MEDIUM LIGHT 14 Kg - puppymaroc.com<\/title>\n<meta name=\"description\" content=\"Alimentation sp\u00e9cialement formul\u00e9e pour les chiens qui ont un faible niveau d\u2019activit\u00e9 ou avec une tendance au surpoids. Son apport r\u00e9duit en mati\u00e8res grasses aide \u00e0 r\u00e9cup\u00e9rer et \u00e0 maintenir un poids id\u00e9al, et elle contient \u00e9galement un pourcentage \u00e9lev\u00e9 de prot\u00e9ines de qualit\u00e9 maximale qui assurent un bon maintien et une bonne tonicit\u00e9 des muscles.\" \/>\n<meta name=\"robots\" content=\"index, follow, max-snippet:-1, max-image-preview:large, max-video-preview:-1\" \/>\n<link rel=\"canonical\" href=\"https:\/\/puppymaroc.webmarocagency.com\/?product=ownat-ultra-medium-light-14-kg\" \/>\n<meta property=\"og:locale\" content=\"fr_FR\" \/>\n<meta property=\"og:type\" content=\"article\" \/>\n<meta property=\"og:title\" content=\"OWNAT ULTRA MEDIUM LIGHT 14 Kg - puppymaroc.com\" \/>\n<meta property=\"og:description\" content=\"Alimentation sp\u00e9cialement formul\u00e9e pour les chiens qui ont un faible niveau d\u2019activit\u00e9 ou avec une tendance au surpoids. Son apport r\u00e9duit en mati\u00e8res grasses aide \u00e0 r\u00e9cup\u00e9rer et \u00e0 maintenir un poids id\u00e9al, et elle contient \u00e9galement un pourcentage \u00e9lev\u00e9 de prot\u00e9ines de qualit\u00e9 maximale qui assurent un bon maintien et une bonne tonicit\u00e9 des muscles.\" \/>\n<meta property=\"og:url\" content=\"https:\/\/puppymaroc.webmarocagency.com\/?product=ownat-ultra-medium-light-14-kg\" \/>\n<meta property=\"og:site_name\" content=\"puppymaroc.com\" \/>\n<meta property=\"article:publisher\" content=\"https:\/\/www.facebook.com\/PuppyMaroc?mibextid=ZbWKwL\" \/>\n<meta property=\"article:modified_time\" content=\"2024-09-20T15:25:47+00:00\" \/>\n<meta property=\"og:image\" content=\"https:\/\/puppymaroc.webmarocagency.com\/wp-content\/uploads\/2024\/09\/zhj.png\" \/>\n\t<meta property=\"og:image:width\" content=\"1080\" \/>\n\t<meta property=\"og:image:height\" content=\"1080\" \/>\n\t<meta property=\"og:image:type\" content=\"image\/png\" \/>\n<meta name=\"twitter:card\" content=\"summary_large_image\" \/>\n<meta name=\"twitter:label1\" content=\"Dur\u00e9e de lecture estim\u00e9e\" \/>\n\t<meta name=\"twitter:data1\" content=\"2 minutes\" \/>\n<script type=\"application\/ld+json\" class=\"yoast-schema-graph\">{\"@context\":\"https:\/\/schema.org\",\"@graph\":[{\"@type\":\"WebPage\",\"@id\":\"https:\/\/puppymaroc.webmarocagency.com\/?product=ownat-ultra-medium-light-14-kg\",\"url\":\"https:\/\/puppymaroc.webmarocagency.com\/?product=ownat-ultra-medium-light-14-kg\",\"name\":\"OWNAT ULTRA MEDIUM LIGHT 14 Kg - puppymaroc.com\",\"isPartOf\":{\"@id\":\"https:\/\/puppymaroc.webmarocagency.com\/#website\"},\"primaryImageOfPage\":{\"@id\":\"https:\/\/puppymaroc.webmarocagency.com\/?product=ownat-ultra-medium-light-14-kg#primaryimage\"},\"image\":{\"@id\":\"https:\/\/puppymaroc.webmarocagency.com\/?product=ownat-ultra-medium-light-14-kg#primaryimage\"},\"thumbnailUrl\":\"https:\/\/puppymaroc.webmarocagency.com\/wp-content\/uploads\/2024\/09\/zhj.png\",\"datePublished\":\"2024-09-20T15:21:02+00:00\",\"dateModified\":\"2024-09-20T15:25:47+00:00\",\"description\":\"Alimentation sp\u00e9cialement formul\u00e9e pour les chiens qui ont un faible niveau d\u2019activit\u00e9 ou avec une tendance au surpoids. Son apport r\u00e9duit en mati\u00e8res grasses aide \u00e0 r\u00e9cup\u00e9rer et \u00e0 maintenir un poids id\u00e9al, et elle contient \u00e9galement un pourcentage \u00e9lev\u00e9 de prot\u00e9ines de qualit\u00e9 maximale qui assurent un bon maintien et une bonne tonicit\u00e9 des muscles.\",\"breadcrumb\":{\"@id\":\"https:\/\/puppymaroc.webmarocagency.com\/?product=ownat-ultra-medium-light-14-kg#breadcrumb\"},\"inLanguage\":\"fr-FR\",\"potentialAction\":[{\"@type\":\"ReadAction\",\"target\":[\"https:\/\/puppymaroc.webmarocagency.com\/?product=ownat-ultra-medium-light-14-kg\"]}]},{\"@type\":\"ImageObject\",\"inLanguage\":\"fr-FR\",\"@id\":\"https:\/\/puppymaroc.webmarocagency.com\/?product=ownat-ultra-medium-light-14-kg#primaryimage\",\"url\":\"https:\/\/puppymaroc.webmarocagency.com\/wp-content\/uploads\/2024\/09\/zhj.png\",\"contentUrl\":\"https:\/\/puppymaroc.webmarocagency.com\/wp-content\/uploads\/2024\/09\/zhj.png\",\"width\":1080,\"height\":1080},{\"@type\":\"BreadcrumbList\",\"@id\":\"https:\/\/puppymaroc.webmarocagency.com\/?product=ownat-ultra-medium-light-14-kg#breadcrumb\",\"itemListElement\":[{\"@type\":\"ListItem\",\"position\":1,\"name\":\"Accueil\",\"item\":\"https:\/\/puppymaroc.webmarocagency.com\/\"},{\"@type\":\"ListItem\",\"position\":2,\"name\":\"Produit\",\"item\":\"https:\/\/puppymaroc.webmarocagency.com\/?page_id=1561\"},{\"@type\":\"ListItem\",\"position\":3,\"name\":\"OWNAT ULTRA MEDIUM LIGHT 14 Kg\"}]},{\"@type\":\"WebSite\",\"@id\":\"https:\/\/puppymaroc.webmarocagency.com\/#website\",\"url\":\"https:\/\/puppymaroc.webmarocagency.com\/\",\"name\":\"puppymaroc.com\",\"description\":\"puppymaroc\",\"publisher\":{\"@id\":\"https:\/\/puppymaroc.webmarocagency.com\/#organization\"},\"potentialAction\":[{\"@type\":\"SearchAction\",\"target\":{\"@type\":\"EntryPoint\",\"urlTemplate\":\"https:\/\/puppymaroc.webmarocagency.com\/?s={search_term_string}\"},\"query-input\":{\"@type\":\"PropertyValueSpecification\",\"valueRequired\":true,\"valueName\":\"search_term_string\"}}],\"inLanguage\":\"fr-FR\"},{\"@type\":\"Organization\",\"@id\":\"https:\/\/puppymaroc.webmarocagency.com\/#organization\",\"name\":\"puppymaroc.com\",\"url\":\"https:\/\/puppymaroc.webmarocagency.com\/\",\"logo\":{\"@type\":\"ImageObject\",\"inLanguage\":\"fr-FR\",\"@id\":\"https:\/\/puppymaroc.webmarocagency.com\/#\/schema\/logo\/image\/\",\"url\":\"https:\/\/puppymaroc.webmarocagency.com\/wp-content\/uploads\/2024\/02\/cropped-cropped-puppy-maroc-logo-rmv-2.png\",\"contentUrl\":\"https:\/\/puppymaroc.webmarocagency.com\/wp-content\/uploads\/2024\/02\/cropped-cropped-puppy-maroc-logo-rmv-2.png\",\"width\":958,\"height\":920,\"caption\":\"puppymaroc.com\"},\"image\":{\"@id\":\"https:\/\/puppymaroc.webmarocagency.com\/#\/schema\/logo\/image\/\"},\"sameAs\":[\"https:\/\/www.facebook.com\/PuppyMaroc?mibextid=ZbWKwL\"]}]}<\/script>\n<!-- \/ Yoast SEO plugin. -->","yoast_head_json":{"title":"OWNAT ULTRA MEDIUM LIGHT 14 Kg - puppymaroc.com","description":"Alimentation sp\u00e9cialement formul\u00e9e pour les chiens qui ont un faible niveau d\u2019activit\u00e9 ou avec une tendance au surpoids. Son apport r\u00e9duit en mati\u00e8res grasses aide \u00e0 r\u00e9cup\u00e9rer et \u00e0 maintenir un poids id\u00e9al, et elle contient \u00e9galement un pourcentage \u00e9lev\u00e9 de prot\u00e9ines de qualit\u00e9 maximale qui assurent un bon maintien et une bonne tonicit\u00e9 des muscles.","robots":{"index":"index","follow":"follow","max-snippet":"max-snippet:-1","max-image-preview":"max-image-preview:large","max-video-preview":"max-video-preview:-1"},"canonical":"https:\/\/puppymaroc.webmarocagency.com\/?product=ownat-ultra-medium-light-14-kg","og_locale":"fr_FR","og_type":"article","og_title":"OWNAT ULTRA MEDIUM LIGHT 14 Kg - puppymaroc.com","og_description":"Alimentation sp\u00e9cialement formul\u00e9e pour les chiens qui ont un faible niveau d\u2019activit\u00e9 ou avec une tendance au surpoids. Son apport r\u00e9duit en mati\u00e8res grasses aide \u00e0 r\u00e9cup\u00e9rer et \u00e0 maintenir un poids id\u00e9al, et elle contient \u00e9galement un pourcentage \u00e9lev\u00e9 de prot\u00e9ines de qualit\u00e9 maximale qui assurent un bon maintien et une bonne tonicit\u00e9 des muscles.","og_url":"https:\/\/puppymaroc.webmarocagency.com\/?product=ownat-ultra-medium-light-14-kg","og_site_name":"puppymaroc.com","article_publisher":"https:\/\/www.facebook.com\/PuppyMaroc?mibextid=ZbWKwL","article_modified_time":"2024-09-20T15:25:47+00:00","og_image":[{"width":1080,"height":1080,"url":"https:\/\/puppymaroc.webmarocagency.com\/wp-content\/uploads\/2024\/09\/zhj.png","type":"image\/png"}],"twitter_card":"summary_large_image","twitter_misc":{"Dur\u00e9e de lecture estim\u00e9e":"2 minutes"},"schema":{"@context":"https:\/\/schema.org","@graph":[{"@type":"WebPage","@id":"https:\/\/puppymaroc.webmarocagency.com\/?product=ownat-ultra-medium-light-14-kg","url":"https:\/\/puppymaroc.webmarocagency.com\/?product=ownat-ultra-medium-light-14-kg","name":"OWNAT ULTRA MEDIUM LIGHT 14 Kg - puppymaroc.com","isPartOf":{"@id":"https:\/\/puppymaroc.webmarocagency.com\/#website"},"primaryImageOfPage":{"@id":"https:\/\/puppymaroc.webmarocagency.com\/?product=ownat-ultra-medium-light-14-kg#primaryimage"},"image":{"@id":"https:\/\/puppymaroc.webmarocagency.com\/?product=ownat-ultra-medium-light-14-kg#primaryimage"},"thumbnailUrl":"https:\/\/puppymaroc.webmarocagency.com\/wp-content\/uploads\/2024\/09\/zhj.png","datePublished":"2024-09-20T15:21:02+00:00","dateModified":"2024-09-20T15:25:47+00:00","description":"Alimentation sp\u00e9cialement formul\u00e9e pour les chiens qui ont un faible niveau d\u2019activit\u00e9 ou avec une tendance au surpoids. Son apport r\u00e9duit en mati\u00e8res grasses aide \u00e0 r\u00e9cup\u00e9rer et \u00e0 maintenir un poids id\u00e9al, et elle contient \u00e9galement un pourcentage \u00e9lev\u00e9 de prot\u00e9ines de qualit\u00e9 maximale qui assurent un bon maintien et une bonne tonicit\u00e9 des muscles.","breadcrumb":{"@id":"https:\/\/puppymaroc.webmarocagency.com\/?product=ownat-ultra-medium-light-14-kg#breadcrumb"},"inLanguage":"fr-FR","potentialAction":[{"@type":"ReadAction","target":["https:\/\/puppymaroc.webmarocagency.com\/?product=ownat-ultra-medium-light-14-kg"]}]},{"@type":"ImageObject","inLanguage":"fr-FR","@id":"https:\/\/puppymaroc.webmarocagency.com\/?product=ownat-ultra-medium-light-14-kg#primaryimage","url":"https:\/\/puppymaroc.webmarocagency.com\/wp-content\/uploads\/2024\/09\/zhj.png","contentUrl":"https:\/\/puppymaroc.webmarocagency.com\/wp-content\/uploads\/2024\/09\/zhj.png","width":1080,"height":1080},{"@type":"BreadcrumbList","@id":"https:\/\/puppymaroc.webmarocagency.com\/?product=ownat-ultra-medium-light-14-kg#breadcrumb","itemListElement":[{"@type":"ListItem","position":1,"name":"Accueil","item":"https:\/\/puppymaroc.webmarocagency.com\/"},{"@type":"ListItem","position":2,"name":"Produit","item":"https:\/\/puppymaroc.webmarocagency.com\/?page_id=1561"},{"@type":"ListItem","position":3,"name":"OWNAT ULTRA MEDIUM LIGHT 14 Kg"}]},{"@type":"WebSite","@id":"https:\/\/puppymaroc.webmarocagency.com\/#website","url":"https:\/\/puppymaroc.webmarocagency.com\/","name":"puppymaroc.com","description":"puppymaroc","publisher":{"@id":"https:\/\/puppymaroc.webmarocagency.com\/#organization"},"potentialAction":[{"@type":"SearchAction","target":{"@type":"EntryPoint","urlTemplate":"https:\/\/puppymaroc.webmarocagency.com\/?s={search_term_string}"},"query-input":{"@type":"PropertyValueSpecification","valueRequired":true,"valueName":"search_term_string"}}],"inLanguage":"fr-FR"},{"@type":"Organization","@id":"https:\/\/puppymaroc.webmarocagency.com\/#organization","name":"puppymaroc.com","url":"https:\/\/puppymaroc.webmarocagency.com\/","logo":{"@type":"ImageObject","inLanguage":"fr-FR","@id":"https:\/\/puppymaroc.webmarocagency.com\/#\/schema\/logo\/image\/","url":"https:\/\/puppymaroc.webmarocagency.com\/wp-content\/uploads\/2024\/02\/cropped-cropped-puppy-maroc-logo-rmv-2.png","contentUrl":"https:\/\/puppymaroc.webmarocagency.com\/wp-content\/uploads\/2024\/02\/cropped-cropped-puppy-maroc-logo-rmv-2.png","width":958,"height":920,"caption":"puppymaroc.com"},"image":{"@id":"https:\/\/puppymaroc.webmarocagency.com\/#\/schema\/logo\/image\/"},"sameAs":["https:\/\/www.facebook.com\/PuppyMaroc?mibextid=ZbWKwL"]}]}},"_links":{"self":[{"href":"https:\/\/puppymaroc.webmarocagency.com\/index.php?rest_route=\/wp\/v2\/product\/2108","targetHints":{"allow":["GET"]}}],"collection":[{"href":"https:\/\/puppymaroc.webmarocagency.com\/index.php?rest_route=\/wp\/v2\/product"}],"about":[{"href":"https:\/\/puppymaroc.webmarocagency.com\/index.php?rest_route=\/wp\/v2\/types\/product"}],"replies":[{"embeddable":true,"href":"https:\/\/puppymaroc.webmarocagency.com\/index.php?rest_route=%2Fwp%2Fv2%2Fcomments&post=2108"}],"wp:featuredmedia":[{"embeddable":true,"href":"https:\/\/puppymaroc.webmarocagency.com\/index.php?rest_route=\/wp\/v2\/media\/2110"}],"wp:attachment":[{"href":"https:\/\/puppymaroc.webmarocagency.com\/index.php?rest_route=%2Fwp%2Fv2%2Fmedia&parent=2108"}],"wp:term":[{"taxonomy":"product_brand","embeddable":true,"href":"https:\/\/puppymaroc.webmarocagency.com\/index.php?rest_route=%2Fwp%2Fv2%2Fproduct_brand&post=2108"},{"taxonomy":"product_cat","embeddable":true,"href":"https:\/\/puppymaroc.webmarocagency.com\/index.php?rest_route=%2Fwp%2Fv2%2Fproduct_cat&post=2108"},{"taxonomy":"product_tag","embeddable":true,"href":"https:\/\/puppymaroc.webmarocagency.com\/index.php?rest_route=%2Fwp%2Fv2%2Fproduct_tag&post=2108"}],"curies":[{"name":"wp","href":"https:\/\/api.w.org\/{rel}","templated":true}]}}