{"id":2115,"date":"2024-09-20T18:13:37","date_gmt":"2024-09-20T17:13:37","guid":{"rendered":"https:\/\/puppymaroc.com\/?post_type=product&#038;p=2115"},"modified":"2024-09-20T18:21:36","modified_gmt":"2024-09-20T17:21:36","slug":"2115","status":"publish","type":"product","link":"https:\/\/puppymaroc.webmarocagency.com\/?product=2115","title":{"rendered":"Royal Canin Maxi Adult 4 kg"},"content":{"rendered":"<h2 class=\"sc-iGgWBj kblEpG\">INFORMATIONS NUTRITIONNELLES<\/h2>\n<h3 class=\"sc-eldPxv cXUSxd\" data-qa=\"product-nutritional-info-item-subtitle\">COMPOSITION<\/h3>\n<p>COMPOSITION : prot\u00e9ines de volaille d\u00e9shydrat\u00e9es, farine de bl\u00e9, ma\u00efs, graisses animales, bl\u00e9, prot\u00e9ines animales hydrolys\u00e9es, farine de ma\u00efs, gluten de ma\u00efs, prot\u00e9ines de porc d\u00e9shydrat\u00e9es, orge, substances min\u00e9rales, pulpe de betterave, huile de soja, produits de levures, huile de poissons, huile d\u2019algues Schizochytrium sp., glucosamine issue de la fermentation, cartilage hydrolys\u00e9 (source de chondro\u00eftine).<\/p>\n<h3 class=\"sc-eldPxv cXUSxd\" data-qa=\"product-nutritional-info-item-subtitle\">ADDITIFS<\/h3>\n<p>ADDITIFS (au kg) : Additifs nutritionnels : Vitamine A : 15800 UI, Vitamine D3 : 1000 UI, Fer (3b103) : 33 mg, Iode (3b201, 3b202) : 3,3 mg, Cuivre (3b405, 3b406) : 10 mg, Mangan\u00e8se (3b502, 3b504) : 43 mg, Zinc (3b603, 3b605, 3b606) : 127 mg, S\u00e9l\u00e9nium (3b801, 3b811, 3b812) : 0,06 mg &#8211; Additifs technologiques : Clinoptilolite d\u2019origine s\u00e9dimentaire : 10 g &#8211; Conservateurs &#8211; Antioxyg\u00e8nes.<\/p>\n<h3 class=\"sc-eldPxv cXUSxd\" data-qa=\"product-nutritional-info-item-subtitle\">CONSTITUANTS ANALYTIQUES<\/h3>\n<p>CONSTITUANTS ANALYTIQUES : Prot\u00e9ine : 26,0 % &#8211; Cellulose brute : 1,3 % &#8211; Teneur en mati\u00e8res grasses : 17,0 % &#8211; Cendres brutes : 7,7 %.<\/p>\n<h3 class=\"sc-eldPxv cXUSxd\" data-qa=\"product-nutritional-info-item-subtitle\">RATION JOURNALI\u00c8RE<\/h3>\n<table>\n<thead>\n<tr>\n<th>Poids du chien\u00a0(kg)<\/th>\n<th>Vie \u00e0 l\u2019int\u00e9rieur &#8211; pas d\u2019exercice<\/th>\n<th>Activit\u00e9 normale<\/th>\n<th>\n<table>\n<thead>\n<tr>\n<th>Chiens tr\u00e8s actifs<\/th>\n<\/tr>\n<\/thead>\n<\/table>\n<\/th>\n<\/tr>\n<\/thead>\n<tbody>\n<tr>\n<td>26<\/td>\n<td>278 g (2 doses + 7\/8 dose)<\/td>\n<td>322 g (3 doses + 3\/8 dose)<\/td>\n<td>366 g (4 doses + 5\/8 dose)<\/td>\n<\/tr>\n<tr>\n<td>30<\/td>\n<td>310 g (3 doses+ 2\/8 doses)<\/td>\n<td>359 g (3 doses + 6\/8 dose)<\/td>\n<td>408 g (5 doses + 1\/8 dose)<\/td>\n<\/tr>\n<tr>\n<td>35<\/td>\n<td>348 g (3 doses+ 5\/8 dose)<\/td>\n<td>403 g (4 doses + 2\/8 dose)<\/td>\n<td>458 g (5 doses + 6\/8 dose)<\/td>\n<\/tr>\n<tr>\n<td>40<\/td>\n<td>384 g (4 doses)<\/td>\n<td>445 g (4 doses+ 5\/8 dose)<\/td>\n<td>506 g (6 doses + 3\/8 dose)<\/td>\n<\/tr>\n<tr>\n<td>44<\/td>\n<td>413 g (4 doses + 2\/8 dose)<\/td>\n<td>478 g (5 doses)<\/td>\n<td>543 g (6 doses + 6\/8 dose)<\/td>\n<\/tr>\n<\/tbody>\n<\/table>\n<table>\n<thead>\n<tr>\n<th>Poids du chien\u00a0(kg)<\/th>\n<th>CAN<\/th>\n<th>Vie \u00e0 l\u2019int\u00e9rieur &#8211; pas d\u2019exercice<\/th>\n<th>Activit\u00e9 normale<\/th>\n<th>Chiens tr\u00e8s actifs<\/th>\n<\/tr>\n<\/thead>\n<tbody>\n<tr>\n<td>26<\/td>\n<td>1<\/td>\n<td>176g (1 dose + 7\/8 dose)<\/td>\n<td>220g (2 doses + 2\/8 dose)<\/td>\n<td>264g (2 doses + 6\/8 dose)<\/td>\n<\/tr>\n<tr>\n<td>30<\/td>\n<td>1<\/td>\n<td>208g (2 doses+ 1\/8 dose)<\/td>\n<td>257g (2 doses + 5\/8 dose)<\/td>\n<td>306g (3 doses + 1\/8 dose)<\/td>\n<\/tr>\n<tr>\n<td>35<\/td>\n<td>1<\/td>\n<td>246g (2 doses + 4\/8 dose)<\/td>\n<td>301g (3 doses + 1\/8 dose)<\/td>\n<td>356g (3 doses + 6\/8 dose)<\/td>\n<\/tr>\n<tr>\n<td>40<\/td>\n<td>1<\/td>\n<td>283g (3\u00a0doses)<\/td>\n<td>343g (3 doses + 5\/8 dose)<\/td>\n<td>404g (4 doses + 2\/8 dose)<\/td>\n<\/tr>\n<tr>\n<td>44<\/td>\n<td>1<\/td>\n<td>311g (3 doses + 2\/8 dose)<\/td>\n<td>376g (3 doses + 7\/8 dose)<\/td>\n<td>441g (4 doses + 5\/8 dose)<\/td>\n<\/tr>\n<\/tbody>\n<\/table>\n<p>&nbsp;<\/p>\n<h2 class=\"sc-gFVvzn WUBjW\" data-qa=\"product-details-title\">D\u00c9TAILS DU PRODUIT<\/h2>\n<p class=\"sc-gEvEer hIFHmP\">ROYAL CANIN\u00ae Maxi Adult est une formule nutritionnelle compl\u00e8te et \u00e9quilibr\u00e9e sp\u00e9cialement con\u00e7ue pour r\u00e9pondre aux besoins sp\u00e9cifiques de votre chien de grande taille et le soutenir tout au long de sa vie adulte. Cet aliment convient aux chiens de grande taille pesant entre 26 et 44 kg et \u00e2g\u00e9s de plus de 15 mois. Les chiens de grande taille ont un tube digestif proportionnellement sous-dimensionn\u00e9 par rapport aux chiens de petite taille et sont plus souvent sujets aux sensibilit\u00e9s digestives. Gr\u00e2ce \u00e0 des prot\u00e9ines hautement digestibles et un apport \u00e9quilibr\u00e9 en fibres, ces croquettes les aident \u00e0 maintenir leur sant\u00e9 digestive. Le poids souvent important des chiens de grande taille sollicite leurs articulations. C\u2019est pourquoi, cette formule est sp\u00e9cialement con\u00e7ue \u00e0 partir d\u2019une combinaison de min\u00e9raux et de nutriments pour soutenir la sant\u00e9 de leurs os et de leurs articulations.<\/p>\n","protected":false},"excerpt":{"rendered":"<h5 class=\"sc-bmzYkS cAMzIs\" data-qa=\"product-category\">Aliment sec pour chiens<\/h5>\n<div class=\"sc-eqUAAy eYrTKE\" data-qa=\"product-description\">\n<h5 class=\"sc-gEvEer fSrWKp\">Aliment complet pour chiens &#8211; Pour chiens adultes de grandes races (de 26 \u00e0 44 kg) &#8211; \u00c0 partir de 15 mois<\/h5>\n<\/div>\n","protected":false},"featured_media":2119,"comment_status":"open","ping_status":"closed","template":"","meta":[],"product_brand":[],"product_cat":[60],"product_tag":[],"class_list":{"0":"post-2115","1":"product","2":"type-product","3":"status-publish","4":"has-post-thumbnail","6":"product_cat-alimentation-chien","8":"first","9":"instock","10":"sale","11":"shipping-taxable","12":"purchasable","13":"product-type-simple"},"yoast_head":"<!-- This site is optimized with the Yoast SEO plugin v25.8 - https:\/\/yoast.com\/wordpress\/plugins\/seo\/ -->\n<title>Royal Canin Maxi Adult 4 kg - puppymaroc.com<\/title>\n<meta name=\"description\" content=\"Aliment sec pour chiensAliment complet pour chiens - Pour chiens adultes de grandes races (de 26 \u00e0 44 kg) - \u00c0 partir de 15 moi\" \/>\n<meta name=\"robots\" content=\"index, follow, max-snippet:-1, max-image-preview:large, max-video-preview:-1\" \/>\n<link rel=\"canonical\" href=\"https:\/\/puppymaroc.webmarocagency.com\/?product=2115\" \/>\n<meta property=\"og:locale\" content=\"fr_FR\" \/>\n<meta property=\"og:type\" content=\"article\" \/>\n<meta property=\"og:title\" content=\"Royal Canin Maxi Adult 4 kg - puppymaroc.com\" \/>\n<meta property=\"og:description\" content=\"Aliment sec pour chiensAliment complet pour chiens - Pour chiens adultes de grandes races (de 26 \u00e0 44 kg) - \u00c0 partir de 15 moi\" \/>\n<meta property=\"og:url\" content=\"https:\/\/puppymaroc.webmarocagency.com\/?product=2115\" \/>\n<meta property=\"og:site_name\" content=\"puppymaroc.com\" \/>\n<meta property=\"article:publisher\" content=\"https:\/\/www.facebook.com\/PuppyMaroc?mibextid=ZbWKwL\" \/>\n<meta property=\"article:modified_time\" content=\"2024-09-20T17:21:36+00:00\" \/>\n<meta property=\"og:image\" content=\"https:\/\/puppymaroc.webmarocagency.com\/wp-content\/uploads\/2024\/09\/background-puppy-maroc-3.png\" \/>\n\t<meta property=\"og:image:width\" content=\"1080\" \/>\n\t<meta property=\"og:image:height\" content=\"1080\" \/>\n\t<meta property=\"og:image:type\" content=\"image\/png\" \/>\n<meta name=\"twitter:card\" content=\"summary_large_image\" \/>\n<meta name=\"twitter:label1\" content=\"Dur\u00e9e de lecture estim\u00e9e\" \/>\n\t<meta name=\"twitter:data1\" content=\"3 minutes\" \/>\n<script type=\"application\/ld+json\" class=\"yoast-schema-graph\">{\"@context\":\"https:\/\/schema.org\",\"@graph\":[{\"@type\":\"WebPage\",\"@id\":\"https:\/\/puppymaroc.webmarocagency.com\/?product=2115\",\"url\":\"https:\/\/puppymaroc.webmarocagency.com\/?product=2115\",\"name\":\"Royal Canin Maxi Adult 4 kg - puppymaroc.com\",\"isPartOf\":{\"@id\":\"https:\/\/puppymaroc.webmarocagency.com\/#website\"},\"primaryImageOfPage\":{\"@id\":\"https:\/\/puppymaroc.webmarocagency.com\/?product=2115#primaryimage\"},\"image\":{\"@id\":\"https:\/\/puppymaroc.webmarocagency.com\/?product=2115#primaryimage\"},\"thumbnailUrl\":\"https:\/\/puppymaroc.webmarocagency.com\/wp-content\/uploads\/2024\/09\/background-puppy-maroc-3.png\",\"datePublished\":\"2024-09-20T17:13:37+00:00\",\"dateModified\":\"2024-09-20T17:21:36+00:00\",\"description\":\"Aliment sec pour chiensAliment complet pour chiens - Pour chiens adultes de grandes races (de 26 \u00e0 44 kg) - \u00c0 partir de 15 moi\",\"breadcrumb\":{\"@id\":\"https:\/\/puppymaroc.webmarocagency.com\/?product=2115#breadcrumb\"},\"inLanguage\":\"fr-FR\",\"potentialAction\":[{\"@type\":\"ReadAction\",\"target\":[\"https:\/\/puppymaroc.webmarocagency.com\/?product=2115\"]}]},{\"@type\":\"ImageObject\",\"inLanguage\":\"fr-FR\",\"@id\":\"https:\/\/puppymaroc.webmarocagency.com\/?product=2115#primaryimage\",\"url\":\"https:\/\/puppymaroc.webmarocagency.com\/wp-content\/uploads\/2024\/09\/background-puppy-maroc-3.png\",\"contentUrl\":\"https:\/\/puppymaroc.webmarocagency.com\/wp-content\/uploads\/2024\/09\/background-puppy-maroc-3.png\",\"width\":1080,\"height\":1080},{\"@type\":\"BreadcrumbList\",\"@id\":\"https:\/\/puppymaroc.webmarocagency.com\/?product=2115#breadcrumb\",\"itemListElement\":[{\"@type\":\"ListItem\",\"position\":1,\"name\":\"Accueil\",\"item\":\"https:\/\/puppymaroc.webmarocagency.com\/\"},{\"@type\":\"ListItem\",\"position\":2,\"name\":\"Produit\",\"item\":\"https:\/\/puppymaroc.webmarocagency.com\/?page_id=1561\"},{\"@type\":\"ListItem\",\"position\":3,\"name\":\"Royal Canin Maxi Adult 4 kg\"}]},{\"@type\":\"WebSite\",\"@id\":\"https:\/\/puppymaroc.webmarocagency.com\/#website\",\"url\":\"https:\/\/puppymaroc.webmarocagency.com\/\",\"name\":\"puppymaroc.com\",\"description\":\"puppymaroc\",\"publisher\":{\"@id\":\"https:\/\/puppymaroc.webmarocagency.com\/#organization\"},\"potentialAction\":[{\"@type\":\"SearchAction\",\"target\":{\"@type\":\"EntryPoint\",\"urlTemplate\":\"https:\/\/puppymaroc.webmarocagency.com\/?s={search_term_string}\"},\"query-input\":{\"@type\":\"PropertyValueSpecification\",\"valueRequired\":true,\"valueName\":\"search_term_string\"}}],\"inLanguage\":\"fr-FR\"},{\"@type\":\"Organization\",\"@id\":\"https:\/\/puppymaroc.webmarocagency.com\/#organization\",\"name\":\"puppymaroc.com\",\"url\":\"https:\/\/puppymaroc.webmarocagency.com\/\",\"logo\":{\"@type\":\"ImageObject\",\"inLanguage\":\"fr-FR\",\"@id\":\"https:\/\/puppymaroc.webmarocagency.com\/#\/schema\/logo\/image\/\",\"url\":\"https:\/\/puppymaroc.webmarocagency.com\/wp-content\/uploads\/2024\/02\/cropped-cropped-puppy-maroc-logo-rmv-2.png\",\"contentUrl\":\"https:\/\/puppymaroc.webmarocagency.com\/wp-content\/uploads\/2024\/02\/cropped-cropped-puppy-maroc-logo-rmv-2.png\",\"width\":958,\"height\":920,\"caption\":\"puppymaroc.com\"},\"image\":{\"@id\":\"https:\/\/puppymaroc.webmarocagency.com\/#\/schema\/logo\/image\/\"},\"sameAs\":[\"https:\/\/www.facebook.com\/PuppyMaroc?mibextid=ZbWKwL\"]}]}<\/script>\n<!-- \/ Yoast SEO plugin. -->","yoast_head_json":{"title":"Royal Canin Maxi Adult 4 kg - puppymaroc.com","description":"Aliment sec pour chiensAliment complet pour chiens - Pour chiens adultes de grandes races (de 26 \u00e0 44 kg) - \u00c0 partir de 15 moi","robots":{"index":"index","follow":"follow","max-snippet":"max-snippet:-1","max-image-preview":"max-image-preview:large","max-video-preview":"max-video-preview:-1"},"canonical":"https:\/\/puppymaroc.webmarocagency.com\/?product=2115","og_locale":"fr_FR","og_type":"article","og_title":"Royal Canin Maxi Adult 4 kg - puppymaroc.com","og_description":"Aliment sec pour chiensAliment complet pour chiens - Pour chiens adultes de grandes races (de 26 \u00e0 44 kg) - \u00c0 partir de 15 moi","og_url":"https:\/\/puppymaroc.webmarocagency.com\/?product=2115","og_site_name":"puppymaroc.com","article_publisher":"https:\/\/www.facebook.com\/PuppyMaroc?mibextid=ZbWKwL","article_modified_time":"2024-09-20T17:21:36+00:00","og_image":[{"width":1080,"height":1080,"url":"https:\/\/puppymaroc.webmarocagency.com\/wp-content\/uploads\/2024\/09\/background-puppy-maroc-3.png","type":"image\/png"}],"twitter_card":"summary_large_image","twitter_misc":{"Dur\u00e9e de lecture estim\u00e9e":"3 minutes"},"schema":{"@context":"https:\/\/schema.org","@graph":[{"@type":"WebPage","@id":"https:\/\/puppymaroc.webmarocagency.com\/?product=2115","url":"https:\/\/puppymaroc.webmarocagency.com\/?product=2115","name":"Royal Canin Maxi Adult 4 kg - puppymaroc.com","isPartOf":{"@id":"https:\/\/puppymaroc.webmarocagency.com\/#website"},"primaryImageOfPage":{"@id":"https:\/\/puppymaroc.webmarocagency.com\/?product=2115#primaryimage"},"image":{"@id":"https:\/\/puppymaroc.webmarocagency.com\/?product=2115#primaryimage"},"thumbnailUrl":"https:\/\/puppymaroc.webmarocagency.com\/wp-content\/uploads\/2024\/09\/background-puppy-maroc-3.png","datePublished":"2024-09-20T17:13:37+00:00","dateModified":"2024-09-20T17:21:36+00:00","description":"Aliment sec pour chiensAliment complet pour chiens - Pour chiens adultes de grandes races (de 26 \u00e0 44 kg) - \u00c0 partir de 15 moi","breadcrumb":{"@id":"https:\/\/puppymaroc.webmarocagency.com\/?product=2115#breadcrumb"},"inLanguage":"fr-FR","potentialAction":[{"@type":"ReadAction","target":["https:\/\/puppymaroc.webmarocagency.com\/?product=2115"]}]},{"@type":"ImageObject","inLanguage":"fr-FR","@id":"https:\/\/puppymaroc.webmarocagency.com\/?product=2115#primaryimage","url":"https:\/\/puppymaroc.webmarocagency.com\/wp-content\/uploads\/2024\/09\/background-puppy-maroc-3.png","contentUrl":"https:\/\/puppymaroc.webmarocagency.com\/wp-content\/uploads\/2024\/09\/background-puppy-maroc-3.png","width":1080,"height":1080},{"@type":"BreadcrumbList","@id":"https:\/\/puppymaroc.webmarocagency.com\/?product=2115#breadcrumb","itemListElement":[{"@type":"ListItem","position":1,"name":"Accueil","item":"https:\/\/puppymaroc.webmarocagency.com\/"},{"@type":"ListItem","position":2,"name":"Produit","item":"https:\/\/puppymaroc.webmarocagency.com\/?page_id=1561"},{"@type":"ListItem","position":3,"name":"Royal Canin Maxi Adult 4 kg"}]},{"@type":"WebSite","@id":"https:\/\/puppymaroc.webmarocagency.com\/#website","url":"https:\/\/puppymaroc.webmarocagency.com\/","name":"puppymaroc.com","description":"puppymaroc","publisher":{"@id":"https:\/\/puppymaroc.webmarocagency.com\/#organization"},"potentialAction":[{"@type":"SearchAction","target":{"@type":"EntryPoint","urlTemplate":"https:\/\/puppymaroc.webmarocagency.com\/?s={search_term_string}"},"query-input":{"@type":"PropertyValueSpecification","valueRequired":true,"valueName":"search_term_string"}}],"inLanguage":"fr-FR"},{"@type":"Organization","@id":"https:\/\/puppymaroc.webmarocagency.com\/#organization","name":"puppymaroc.com","url":"https:\/\/puppymaroc.webmarocagency.com\/","logo":{"@type":"ImageObject","inLanguage":"fr-FR","@id":"https:\/\/puppymaroc.webmarocagency.com\/#\/schema\/logo\/image\/","url":"https:\/\/puppymaroc.webmarocagency.com\/wp-content\/uploads\/2024\/02\/cropped-cropped-puppy-maroc-logo-rmv-2.png","contentUrl":"https:\/\/puppymaroc.webmarocagency.com\/wp-content\/uploads\/2024\/02\/cropped-cropped-puppy-maroc-logo-rmv-2.png","width":958,"height":920,"caption":"puppymaroc.com"},"image":{"@id":"https:\/\/puppymaroc.webmarocagency.com\/#\/schema\/logo\/image\/"},"sameAs":["https:\/\/www.facebook.com\/PuppyMaroc?mibextid=ZbWKwL"]}]}},"_links":{"self":[{"href":"https:\/\/puppymaroc.webmarocagency.com\/index.php?rest_route=\/wp\/v2\/product\/2115","targetHints":{"allow":["GET"]}}],"collection":[{"href":"https:\/\/puppymaroc.webmarocagency.com\/index.php?rest_route=\/wp\/v2\/product"}],"about":[{"href":"https:\/\/puppymaroc.webmarocagency.com\/index.php?rest_route=\/wp\/v2\/types\/product"}],"replies":[{"embeddable":true,"href":"https:\/\/puppymaroc.webmarocagency.com\/index.php?rest_route=%2Fwp%2Fv2%2Fcomments&post=2115"}],"wp:featuredmedia":[{"embeddable":true,"href":"https:\/\/puppymaroc.webmarocagency.com\/index.php?rest_route=\/wp\/v2\/media\/2119"}],"wp:attachment":[{"href":"https:\/\/puppymaroc.webmarocagency.com\/index.php?rest_route=%2Fwp%2Fv2%2Fmedia&parent=2115"}],"wp:term":[{"taxonomy":"product_brand","embeddable":true,"href":"https:\/\/puppymaroc.webmarocagency.com\/index.php?rest_route=%2Fwp%2Fv2%2Fproduct_brand&post=2115"},{"taxonomy":"product_cat","embeddable":true,"href":"https:\/\/puppymaroc.webmarocagency.com\/index.php?rest_route=%2Fwp%2Fv2%2Fproduct_cat&post=2115"},{"taxonomy":"product_tag","embeddable":true,"href":"https:\/\/puppymaroc.webmarocagency.com\/index.php?rest_route=%2Fwp%2Fv2%2Fproduct_tag&post=2115"}],"curies":[{"name":"wp","href":"https:\/\/api.w.org\/{rel}","templated":true}]}}