{"id":2120,"date":"2024-09-20T18:25:03","date_gmt":"2024-09-20T17:25:03","guid":{"rendered":"https:\/\/puppymaroc.com\/?post_type=product&#038;p=2120"},"modified":"2024-09-20T18:31:24","modified_gmt":"2024-09-20T17:31:24","slug":"royal-canin-mini-starter-mother-babydog-1-kg","status":"publish","type":"product","link":"https:\/\/puppymaroc.webmarocagency.com\/?product=royal-canin-mini-starter-mother-babydog-1-kg","title":{"rendered":"Royal Canin Mini Starter Mother &#038; Babydog 1 kg"},"content":{"rendered":"<h3>Informations Nutritionnelles :<\/h3>\n<div id=\"j-details-description-tabs\">\n<div id=\"GoodsDetailTabs\" data-gtm-vis-has-fired-40760133_751=\"1\" data-gtm-vis-has-fired-40760133_379=\"1\" data-gtm-vis-has-fired-40760133_376=\"1\" data-gtm-vis-total-visible-time-40760133_379=\"500\" data-gtm-vis-first-on-screen-40760133_379=\"1951263\" data-gtm-vis-total-visible-time-40760133_751=\"1500\" data-gtm-vis-first-on-screen-40760133_751=\"1951262\" data-gtm-vis-total-visible-time-40760133_376=\"500\" data-gtm-vis-first-on-screen-40760133_376=\"1951262\" data-tms=\"Product description\">\n<div class=\"rc-match-heights rc-content-h-middle rc-reverse-layout\">\n<div class=\"rc-tabs tabs-detail\">\n<div id=\"tab__panel-1\" class=\"rc-tabs__content__single clearfix benefits ingredients rc-showhide\" aria-expanded=\"true\">\n<div class=\"block Compositions rc-max-width--xl rc-padding-x--sm\">\n<div class=\"content\">Les formules de la gamme Croissance \u00e9voluent et laissent place \u00e0 un nouveau programme nutritionnel complet ! Pendant cette p\u00e9riode de transition les sacheries vont cohabiter jusqu\u2019\u00e0 \u00e9puisement des stocks. Il est donc possible que vous receviez encore les aliments correspondant aux formules pr\u00e9c\u00e9dentes. Si vous souhaitez en savoir plus, n&rsquo;h\u00e9sitez pas \u00e0 contacter notre service consommateur au 0800415161.<\/div>\n<div class=\"content\">COMPOSITION : prot\u00e9ines de volaille d\u00e9shydrat\u00e9es, riz, graisses animales, gluten de bl\u00e9*, ma\u00efs, pulpe de betterave, prot\u00e9ines animales hydrolys\u00e9es, sels min\u00e9raux, huile de soja, huile de poisson, fructo-oligosaccharides, levures hydrolys\u00e9es (source de mannan-oligosaccharides et de b\u00eata-glucanes) (0,30 %), huile d\u2019algues Schizochytrium sp. (source de DHA), sel d\u2019acide butyrique, farine de tag\u00e8te. * L.I.P. : prot\u00e9ine s\u00e9lectionn\u00e9e pour sa tr\u00e8s haute digestibilit\u00e9. MODE D\u2019EMPLOI : voir tableau. Num\u00e9ro de lot, num\u00e9ro d\u2019identifiant usine, \u00e0 utiliser de pr\u00e9f\u00e9rence avant : voir sur l\u2019emballage. \u00c0 conserver dans un endroit sec et frais. De l&rsquo;eau fra\u00eeche doit \u00eatre disponible en permanence.<\/div>\n<div class=\"content\">ADDITIFS (AU KG) : Additifs nutritionnels : Vitamine A : 18500 UI, Vitamine D3 : 1200 UI, Fer (3b103) : 40 mg, Iode (3b201, 3b202) :4 mg, Cuivre (3b405, 3b406) : 12 mg, Mangan\u00e8se (3b502, 3b504) : 52 mg, Zinc (3b603, 3b605, 3b606) : 131 mg, S\u00e9l\u00e9nium (3b801, 3b811, 3b812) : 0,07 mg &#8211; Additifs technologiques : Clinoptilolite d\u2019origine s\u00e9dimentaire : 10 g -Conservateurs &#8211; Antioxyg\u00e8nes.<\/div>\n<div class=\"content\">CONSTITUANTS ANALYTIQUES : Prot\u00e9ine : 30,0 % &#8211; Teneur en mati\u00e8res grasses : 22,0 % &#8211; Cendres brutes : 8,5 % &#8211; Cellulose brute : 1,3 % &#8211; Acide gras om\u00e9ga-3 (DHA) : 0,20 % &#8211; Vitamine E : 500 mg\/kg &#8211; Vitamine C : 400 mg\/kg. \u00c9nergie m\u00e9tabolisable : 4209 kcal\/kg.<\/div>\n<p>&nbsp;<\/p>\n<h3>\u00a0B\u00e9n\u00e9fices :<\/h3>\n<div id=\"j-details-description-tabs\">\n<div id=\"GoodsDetailTabs\" data-gtm-vis-has-fired-40760133_751=\"1\" data-gtm-vis-has-fired-40760133_379=\"1\" data-gtm-vis-has-fired-40760133_376=\"1\" data-gtm-vis-total-visible-time-40760133_379=\"500\" data-gtm-vis-first-on-screen-40760133_379=\"1951263\" data-gtm-vis-total-visible-time-40760133_751=\"1500\" data-gtm-vis-first-on-screen-40760133_751=\"1951262\" data-gtm-vis-total-visible-time-40760133_376=\"500\" data-gtm-vis-first-on-screen-40760133_376=\"1951262\" data-tms=\"Product description\">\n<div class=\"rc-match-heights rc-content-h-middle rc-reverse-layout\">\n<div class=\"rc-tabs tabs-detail\">\n<div id=\"tab__panel-2\" class=\"rc-tabs__content__single clearfix benefits ingredients rc-showhide\" aria-expanded=\"true\">\n<div class=\"block Benefits rc-max-width--xl rc-padding-x--sm\">\n<ul class=\"ui-star-list rc_proudct_html_tab2 list-paddingleft-2\">\n<li>\n<div class=\"list_title\">Soutien du microbiome<\/div>\n<div class=\"list_item\">Une combinaison de pr\u00e9biotiques (MOS) et de prot\u00e9ines hautement digestibles pour favoriser l\u2019\u00e9quilibre du microbiote intestinal pour une sant\u00e9 digestive optimale<\/div>\n<\/li>\n<li>\n<div class=\"list_title\">D\u00e9veloppement c\u00e9r\u00e9bral<\/div>\n<div class=\"list_item\">Des acides gras om\u00e9ga-3 pour favoriser le d\u00e9veloppement c\u00e9r\u00e9bral et l&rsquo;apprentissage des chiots.<\/div>\n<\/li>\n<li>\n<div class=\"list_title\">Syst\u00e8me immunitaire fort<\/div>\n<div class=\"list_item\">Aide \u00e0 soutenir le d\u00e9veloppement du syst\u00e8me immunitaire du chiot gr\u00e2ce \u00e0 la pr\u00e9sence d\u2019un complexe scientifiquement prouv\u00e9, comprenant les vitamines E et C.<\/div>\n<\/li>\n<li>\n<div class=\"list_title\">Soutien de la sant\u00e9 de la chienne et de ses chiots<\/div>\n<div class=\"list_item\">MINI STARTER est une solution nutritionnelle unique qui est adapt\u00e9e aux besoins \u00e9nerg\u00e9tiques \u00e9lev\u00e9s de la chienne en fin de gestation ou en lactation, pour permettre la croissance optimale des chiots en cours d\u2019allaitement.<\/div>\n<\/li>\n<\/ul>\n<h3>\u00a0 Rations :<\/h3>\n<div id=\"j-details-description-tabs\">\n<div id=\"GoodsDetailTabs\" data-gtm-vis-has-fired-40760133_751=\"1\" data-gtm-vis-has-fired-40760133_379=\"1\" data-gtm-vis-has-fired-40760133_376=\"1\" data-gtm-vis-total-visible-time-40760133_379=\"500\" data-gtm-vis-first-on-screen-40760133_379=\"1951263\" data-gtm-vis-total-visible-time-40760133_751=\"1500\" data-gtm-vis-first-on-screen-40760133_751=\"1951262\" data-gtm-vis-total-visible-time-40760133_376=\"500\" data-gtm-vis-first-on-screen-40760133_376=\"1951262\" data-tms=\"Product description\">\n<div class=\"rc-match-heights rc-content-h-middle rc-reverse-layout\">\n<div>\n<div class=\"rc-tabs tabs-detail\">\n<div id=\"tab__panel-3\" class=\"rc-tabs__content__single clearfix benefits ingredients rc-showhide\" aria-expanded=\"true\">\n<div class=\"block Guide rc-max-width--xl rc-padding-x--sm\">\n<table>\n<thead>\n<tr>\n<th>CROQUETTES<\/th>\n<th>\u00c2ge (semaines)<\/th>\n<th><\/th>\n<th><\/th>\n<th><\/th>\n<th><\/th>\n<th><\/th>\n<\/tr>\n<\/thead>\n<tbody>\n<tr>\n<td>Poids estim\u00e9 \u00e0 l&rsquo;\u00e2ge adulte<\/td>\n<td>0 \u00e0 3<\/td>\n<td>3 &#8211; 4<\/td>\n<td>4 &#8211; 5<\/td>\n<td>5 &#8211; 6<\/td>\n<td>6 &#8211; 7<\/td>\n<td>7 &#8211; 8<\/td>\n<\/tr>\n<tr>\n<td>1 kg<\/td>\n<td>BABY DOG MILK<\/td>\n<td>10g<\/td>\n<td>30g<\/td>\n<td>30g<\/td>\n<td>40g<\/td>\n<td>50g<\/td>\n<\/tr>\n<tr>\n<td>2 kg<\/td>\n<td>BABY DOG MILK<\/td>\n<td>10g<\/td>\n<td>30g<\/td>\n<td>30g<\/td>\n<td>40g<\/td>\n<td>50g<\/td>\n<\/tr>\n<tr>\n<td>3 kg<\/td>\n<td>BABY DOG MILK<\/td>\n<td>10g<\/td>\n<td>30g<\/td>\n<td>30g<\/td>\n<td>40g<\/td>\n<td>50g<\/td>\n<\/tr>\n<tr>\n<td>4 kg<\/td>\n<td>BABY DOG MILK<\/td>\n<td>10g<\/td>\n<td>30g<\/td>\n<td>60g<\/td>\n<td>80g<\/td>\n<td>95g<\/td>\n<\/tr>\n<tr>\n<td>5 kg<\/td>\n<td>BABY DOG MILK<\/td>\n<td>10g<\/td>\n<td>30g<\/td>\n<td>60g<\/td>\n<td>80g<\/td>\n<td>95g<\/td>\n<\/tr>\n<tr>\n<td>7 kg<\/td>\n<td>BABY DOG MILK<\/td>\n<td>10g<\/td>\n<td>30g<\/td>\n<td>90g<\/td>\n<td>120g<\/td>\n<td>145g<\/td>\n<\/tr>\n<tr>\n<td>10 kg<\/td>\n<td>BABY DOG MILK<\/td>\n<td>10g<\/td>\n<td>30g<\/td>\n<td>90g<\/td>\n<td>120g<\/td>\n<td>145g<\/td>\n<\/tr>\n<\/tbody>\n<\/table>\n<table>\n<thead>\n<tr>\n<th>CROQUETTES + SACHETS FRAICHEURS<\/th>\n<th>Boite<\/th>\n<th>\u00c2ge (semaines)<\/th>\n<th><\/th>\n<th><\/th>\n<th><\/th>\n<th><\/th>\n<th><\/th>\n<\/tr>\n<\/thead>\n<tbody>\n<tr>\n<td>Poids estim\u00e9 \u00e0 l&rsquo;\u00e2ge adulte<\/td>\n<td>Boite de 195g Mother &amp; Babydog mousse<\/td>\n<td>0 &#8211; 3<\/td>\n<td>3 &#8211; 4<\/td>\n<td>4 &#8211; 5<\/td>\n<td>5 &#8211; 6<\/td>\n<td>6 &#8211; 7<\/td>\n<td>7 &#8211; 8<\/td>\n<\/tr>\n<tr>\n<td>1 kg<\/td>\n<td>1\/2<\/td>\n<td>BABY DOG MILK<\/td>\n<td>0g<\/td>\n<td>5g<\/td>\n<td>5g<\/td>\n<td>15g<\/td>\n<td>25g<\/td>\n<\/tr>\n<tr>\n<td>2 kg<\/td>\n<td>1\/2<\/td>\n<td>BABY DOG MILK<\/td>\n<td>0g<\/td>\n<td>5g<\/td>\n<td>5g<\/td>\n<td>15g<\/td>\n<td>25g<\/td>\n<\/tr>\n<tr>\n<td>3 kg<\/td>\n<td>1\/2<\/td>\n<td>BABY DOG MILK<\/td>\n<td>0g<\/td>\n<td>5g<\/td>\n<td>5g<\/td>\n<td>15g<\/td>\n<td>25g<\/td>\n<\/tr>\n<tr>\n<td>4 kg<\/td>\n<td>1\/2<\/td>\n<td>BABY DOG MILK<\/td>\n<td>0g<\/td>\n<td>5g<\/td>\n<td>35g<\/td>\n<td>55g<\/td>\n<td>70g<\/td>\n<\/tr>\n<tr>\n<td>5 kg<\/td>\n<td>1\/2<\/td>\n<td>BABY DOG MILK<\/td>\n<td>0g<\/td>\n<td>5g<\/td>\n<td>35g<\/td>\n<td>55g<\/td>\n<td>70g<\/td>\n<\/tr>\n<tr>\n<td>7 kg<\/td>\n<td>1\/2<\/td>\n<td>BABY DOG MILK<\/td>\n<td>0g<\/td>\n<td>5g<\/td>\n<td>65g<\/td>\n<td>95g<\/td>\n<td>120g<\/td>\n<\/tr>\n<tr>\n<td>10 kg<\/td>\n<td>1\/2<\/td>\n<td>BABY DOG MILK<\/td>\n<td>0g<\/td>\n<td>5g<\/td>\n<td>65g<\/td>\n<td>95g<\/td>\n<td>120g<\/td>\n<\/tr>\n<\/tbody>\n<\/table>\n<table>\n<thead>\n<tr>\n<th>KIBBLE ONLY<\/th>\n<th>GESTATION EN SEMAINES<\/th>\n<th><\/th>\n<th><\/th>\n<\/tr>\n<\/thead>\n<tbody>\n<tr>\n<td>Poids du chien<\/td>\n<td>6<\/td>\n<td>8<\/td>\n<td>EN LACTATION<\/td>\n<\/tr>\n<tr>\n<td>1 kg<\/td>\n<td>29g<\/td>\n<td>34g<\/td>\n<td>ad libitum<\/td>\n<\/tr>\n<tr>\n<td>2 kg<\/td>\n<td>55g<\/td>\n<td>65g<\/td>\n<td>ad libitum<\/td>\n<\/tr>\n<tr>\n<td>3 kg<\/td>\n<td>66g<\/td>\n<td>77g<\/td>\n<td>ad libitum<\/td>\n<\/tr>\n<tr>\n<td>4 kg<\/td>\n<td>95g<\/td>\n<td>110g<\/td>\n<td>ad libitum<\/td>\n<\/tr>\n<tr>\n<td>5 kg<\/td>\n<td>96g<\/td>\n<td>114g<\/td>\n<td>ad libitum<\/td>\n<\/tr>\n<tr>\n<td>7 kg<\/td>\n<td>124g<\/td>\n<td>146g<\/td>\n<td>ad libitum<\/td>\n<\/tr>\n<tr>\n<td>10 kg<\/td>\n<td>162g<\/td>\n<td>191g<\/td>\n<td>ad libitum<\/td>\n<\/tr>\n<\/tbody>\n<\/table>\n<table>\n<thead>\n<tr>\n<th>CROQUETTES + SACHETS FRAICHEURS<\/th>\n<th>Boite<\/th>\n<th>GESTATION EN SEMAINES<\/th>\n<th><\/th>\n<th><\/th>\n<\/tr>\n<\/thead>\n<tbody>\n<tr>\n<td>Poids du chien<\/td>\n<td>Boite 195g Mother &amp; Babydog mousse<\/td>\n<td>6<\/td>\n<td>8<\/td>\n<td>EN LACTATION<\/td>\n<\/tr>\n<tr>\n<td>1 kg<\/td>\n<td>1\/2<\/td>\n<td>4g<\/td>\n<td>9g<\/td>\n<td>ad libitum<\/td>\n<\/tr>\n<tr>\n<td>3 kg<\/td>\n<td>1\/2<\/td>\n<td>41g<\/td>\n<td>53g<\/td>\n<td>ad libitum<\/td>\n<\/tr>\n<tr>\n<td>5 kg<\/td>\n<td>1\/2<\/td>\n<td>72g<\/td>\n<td>89g<\/td>\n<td>ad libitum<\/td>\n<\/tr>\n<tr>\n<td>7 kg<\/td>\n<td>1\/2<\/td>\n<td>99g<\/td>\n<td>122g<\/td>\n<td>ad libitum<\/td>\n<\/tr>\n<tr>\n<td>10 kg<\/td>\n<td>1\/2<\/td>\n<td>137g<\/td>\n<td>167g<\/td>\n<td>ad libitum<\/td>\n<\/tr>\n<\/tbody>\n<\/table>\n<\/div>\n<\/div>\n<\/div>\n<\/div>\n<\/div>\n<\/div>\n<\/div>\n<\/div>\n<\/div>\n<\/div>\n<\/div>\n<\/div>\n<\/div>\n<\/div>\n<\/div>\n<\/div>\n<\/div>\n<\/div>\n<\/div>\n","protected":false},"excerpt":{"rendered":"<h3 class=\"text-break mb-1 mt-2\">Aliment complet pour chiens &#8211; Sp\u00e9cial chienne de petite race (jusqu\u2019\u00e0 10 kg) et ses chiots : chienne en fin de gestation ou en lactation &#8211; Chiots au sevrage jusqu\u2019\u00e0 2 mois.<\/h3>\n<p>Les croquettes ROYAL CANIN\u00ae Mini Starter Mother &amp; Babydog sont sp\u00e9cialement formul\u00e9es pour r\u00e9pondre aux besoins nutritionnels de la chienne et de ses chiots. Cette formule convient aux chiennes adultes de petites races pesant jusqu\u2019\u00e0 10 kg, et aux chiots au sevrage jusqu\u2019\u00e0 l\u2019\u00e2ge de 2 mois. Cette formule est donc sp\u00e9cialement adapt\u00e9e pour r\u00e9pondre en un seul aliment aux besoins \u00e9nerg\u00e9tiques \u00e9lev\u00e9s de votre chienne de petite race en fin de gestation et pendant la lactation. Elle est \u00e9galement con\u00e7ue pour favoriser le bon d\u00e9veloppement des chiots allait\u00e9s et au sevrage. L\u2019aliment sec ROYAL CANIN\u00ae Mini Starter Mother &amp; Babydog contient des nutriments tels que les vitamines C et E pour aider les chiots \u00e0 soutenir le bon d\u00e9veloppement de leur syst\u00e8me immunitaire encore immature. Gr\u00e2ce \u00e0 une combinaison de fibres pr\u00e9biotiques b\u00e9n\u00e9fiques (tels que les MOS) et de prot\u00e9ines hautement digestibles, ROYAL CANIN\u00ae Mini Starter Mother &amp; Babydog soutient le d\u00e9veloppement du microbiote intestinal de votre chiot et favorise son \u00e9quilibre, pour lui assurer une bonne sant\u00e9 digestive. De plus, cette formule est enrichie en acides gras om\u00e9ga-3 (dont le DHA), scientifiquement prouv\u00e9s pour contribuer au bon d\u00e9veloppement c\u00e9r\u00e9bral et \u00e0 la sant\u00e9 visuelle des chiots. Les croquettes ROYAL CANIN\u00ae Mini Starter Mother &amp; Babydog sont faciles \u00e0 r\u00e9hydrater avec de l&rsquo;eau ti\u00e8de, ce qui permet de les ramollir et de mieux en d\u00e9gager les ar\u00f4mes, afin de stimuler l\u2019app\u00e9tit des chiots au sevrage et favoriser leur hydratation. \u00c0 l\u2019\u00e2ge de 2 mois, vos chiots auront besoin d&rsquo;une alimentation sp\u00e9cialement adapt\u00e9e leur permettant de r\u00e9pondre aux besoins nutritionnels de leur prochaine phase de croissance. \u00c0 ce stade, vous pouvez commencer la transition vers l\u2019aliment ROYAL CANIN\u00ae Mini Puppy, disponible sous forme de croquettes ou en aliment humide en sauce. Tous les aliments secs de notre gamme croissance contiennent des antioxydants d\u2019origine naturelle, et sont formul\u00e9s sans colorants ni ar\u00f4mes artificiels.<\/p>\n","protected":false},"featured_media":2121,"comment_status":"open","ping_status":"closed","template":"","meta":[],"product_brand":[],"product_cat":[60],"product_tag":[],"class_list":{"0":"post-2120","1":"product","2":"type-product","3":"status-publish","4":"has-post-thumbnail","6":"product_cat-alimentation-chien","8":"first","9":"instock","10":"sale","11":"shipping-taxable","12":"purchasable","13":"product-type-simple"},"yoast_head":"<!-- This site is optimized with the Yoast SEO plugin v25.8 - https:\/\/yoast.com\/wordpress\/plugins\/seo\/ -->\n<title>Royal Canin Mini Starter Mother &amp; Babydog 1 kg - puppymaroc.com<\/title>\n<meta name=\"description\" content=\"Aliment complet pour chiens - Sp\u00e9cial chienne de petite race (jusqu\u2019\u00e0 10 kg) et ses chiots : chienne en fin de gestation ou en lactation - Chiots au sevrage jusqu\u2019\u00e0 2 mois.Les croquettes ROYAL CANIN\u00ae Mini Starter Mother &amp; Babydog sont sp\u00e9cialement formul\u00e9es pour r\u00e9pondre aux besoins nutritionnels de la chienne et de ses chiots.\" \/>\n<meta name=\"robots\" content=\"index, follow, max-snippet:-1, max-image-preview:large, max-video-preview:-1\" \/>\n<link rel=\"canonical\" href=\"https:\/\/puppymaroc.webmarocagency.com\/?product=royal-canin-mini-starter-mother-babydog-1-kg\" \/>\n<meta property=\"og:locale\" content=\"fr_FR\" \/>\n<meta property=\"og:type\" content=\"article\" \/>\n<meta property=\"og:title\" content=\"Royal Canin Mini Starter Mother &amp; Babydog 1 kg - puppymaroc.com\" \/>\n<meta property=\"og:description\" content=\"Aliment complet pour chiens - Sp\u00e9cial chienne de petite race (jusqu\u2019\u00e0 10 kg) et ses chiots : chienne en fin de gestation ou en lactation - Chiots au sevrage jusqu\u2019\u00e0 2 mois.Les croquettes ROYAL CANIN\u00ae Mini Starter Mother &amp; Babydog sont sp\u00e9cialement formul\u00e9es pour r\u00e9pondre aux besoins nutritionnels de la chienne et de ses chiots.\" \/>\n<meta property=\"og:url\" content=\"https:\/\/puppymaroc.webmarocagency.com\/?product=royal-canin-mini-starter-mother-babydog-1-kg\" \/>\n<meta property=\"og:site_name\" content=\"puppymaroc.com\" \/>\n<meta property=\"article:publisher\" content=\"https:\/\/www.facebook.com\/PuppyMaroc?mibextid=ZbWKwL\" \/>\n<meta property=\"article:modified_time\" content=\"2024-09-20T17:31:24+00:00\" \/>\n<meta property=\"og:image\" content=\"https:\/\/puppymaroc.webmarocagency.com\/wp-content\/uploads\/2024\/09\/background-puppy-maroc-4.png\" \/>\n\t<meta property=\"og:image:width\" content=\"1080\" \/>\n\t<meta property=\"og:image:height\" content=\"1080\" \/>\n\t<meta property=\"og:image:type\" content=\"image\/png\" \/>\n<meta name=\"twitter:card\" content=\"summary_large_image\" \/>\n<meta name=\"twitter:label1\" content=\"Dur\u00e9e de lecture estim\u00e9e\" \/>\n\t<meta name=\"twitter:data1\" content=\"4 minutes\" \/>\n<script type=\"application\/ld+json\" class=\"yoast-schema-graph\">{\"@context\":\"https:\/\/schema.org\",\"@graph\":[{\"@type\":\"WebPage\",\"@id\":\"https:\/\/puppymaroc.webmarocagency.com\/?product=royal-canin-mini-starter-mother-babydog-1-kg\",\"url\":\"https:\/\/puppymaroc.webmarocagency.com\/?product=royal-canin-mini-starter-mother-babydog-1-kg\",\"name\":\"Royal Canin Mini Starter Mother & Babydog 1 kg - puppymaroc.com\",\"isPartOf\":{\"@id\":\"https:\/\/puppymaroc.webmarocagency.com\/#website\"},\"primaryImageOfPage\":{\"@id\":\"https:\/\/puppymaroc.webmarocagency.com\/?product=royal-canin-mini-starter-mother-babydog-1-kg#primaryimage\"},\"image\":{\"@id\":\"https:\/\/puppymaroc.webmarocagency.com\/?product=royal-canin-mini-starter-mother-babydog-1-kg#primaryimage\"},\"thumbnailUrl\":\"https:\/\/puppymaroc.webmarocagency.com\/wp-content\/uploads\/2024\/09\/background-puppy-maroc-4.png\",\"datePublished\":\"2024-09-20T17:25:03+00:00\",\"dateModified\":\"2024-09-20T17:31:24+00:00\",\"description\":\"Aliment complet pour chiens - Sp\u00e9cial chienne de petite race (jusqu\u2019\u00e0 10 kg) et ses chiots : chienne en fin de gestation ou en lactation - Chiots au sevrage jusqu\u2019\u00e0 2 mois.Les croquettes ROYAL CANIN\u00ae Mini Starter Mother & Babydog sont sp\u00e9cialement formul\u00e9es pour r\u00e9pondre aux besoins nutritionnels de la chienne et de ses chiots.\",\"breadcrumb\":{\"@id\":\"https:\/\/puppymaroc.webmarocagency.com\/?product=royal-canin-mini-starter-mother-babydog-1-kg#breadcrumb\"},\"inLanguage\":\"fr-FR\",\"potentialAction\":[{\"@type\":\"ReadAction\",\"target\":[\"https:\/\/puppymaroc.webmarocagency.com\/?product=royal-canin-mini-starter-mother-babydog-1-kg\"]}]},{\"@type\":\"ImageObject\",\"inLanguage\":\"fr-FR\",\"@id\":\"https:\/\/puppymaroc.webmarocagency.com\/?product=royal-canin-mini-starter-mother-babydog-1-kg#primaryimage\",\"url\":\"https:\/\/puppymaroc.webmarocagency.com\/wp-content\/uploads\/2024\/09\/background-puppy-maroc-4.png\",\"contentUrl\":\"https:\/\/puppymaroc.webmarocagency.com\/wp-content\/uploads\/2024\/09\/background-puppy-maroc-4.png\",\"width\":1080,\"height\":1080},{\"@type\":\"BreadcrumbList\",\"@id\":\"https:\/\/puppymaroc.webmarocagency.com\/?product=royal-canin-mini-starter-mother-babydog-1-kg#breadcrumb\",\"itemListElement\":[{\"@type\":\"ListItem\",\"position\":1,\"name\":\"Accueil\",\"item\":\"https:\/\/puppymaroc.webmarocagency.com\/\"},{\"@type\":\"ListItem\",\"position\":2,\"name\":\"Produit\",\"item\":\"https:\/\/puppymaroc.webmarocagency.com\/?page_id=1561\"},{\"@type\":\"ListItem\",\"position\":3,\"name\":\"Royal Canin Mini Starter Mother &#038; Babydog 1 kg\"}]},{\"@type\":\"WebSite\",\"@id\":\"https:\/\/puppymaroc.webmarocagency.com\/#website\",\"url\":\"https:\/\/puppymaroc.webmarocagency.com\/\",\"name\":\"puppymaroc.com\",\"description\":\"puppymaroc\",\"publisher\":{\"@id\":\"https:\/\/puppymaroc.webmarocagency.com\/#organization\"},\"potentialAction\":[{\"@type\":\"SearchAction\",\"target\":{\"@type\":\"EntryPoint\",\"urlTemplate\":\"https:\/\/puppymaroc.webmarocagency.com\/?s={search_term_string}\"},\"query-input\":{\"@type\":\"PropertyValueSpecification\",\"valueRequired\":true,\"valueName\":\"search_term_string\"}}],\"inLanguage\":\"fr-FR\"},{\"@type\":\"Organization\",\"@id\":\"https:\/\/puppymaroc.webmarocagency.com\/#organization\",\"name\":\"puppymaroc.com\",\"url\":\"https:\/\/puppymaroc.webmarocagency.com\/\",\"logo\":{\"@type\":\"ImageObject\",\"inLanguage\":\"fr-FR\",\"@id\":\"https:\/\/puppymaroc.webmarocagency.com\/#\/schema\/logo\/image\/\",\"url\":\"https:\/\/puppymaroc.webmarocagency.com\/wp-content\/uploads\/2024\/02\/cropped-cropped-puppy-maroc-logo-rmv-2.png\",\"contentUrl\":\"https:\/\/puppymaroc.webmarocagency.com\/wp-content\/uploads\/2024\/02\/cropped-cropped-puppy-maroc-logo-rmv-2.png\",\"width\":958,\"height\":920,\"caption\":\"puppymaroc.com\"},\"image\":{\"@id\":\"https:\/\/puppymaroc.webmarocagency.com\/#\/schema\/logo\/image\/\"},\"sameAs\":[\"https:\/\/www.facebook.com\/PuppyMaroc?mibextid=ZbWKwL\"]}]}<\/script>\n<!-- \/ Yoast SEO plugin. -->","yoast_head_json":{"title":"Royal Canin Mini Starter Mother & Babydog 1 kg - puppymaroc.com","description":"Aliment complet pour chiens - Sp\u00e9cial chienne de petite race (jusqu\u2019\u00e0 10 kg) et ses chiots : chienne en fin de gestation ou en lactation - Chiots au sevrage jusqu\u2019\u00e0 2 mois.Les croquettes ROYAL CANIN\u00ae Mini Starter Mother & Babydog sont sp\u00e9cialement formul\u00e9es pour r\u00e9pondre aux besoins nutritionnels de la chienne et de ses chiots.","robots":{"index":"index","follow":"follow","max-snippet":"max-snippet:-1","max-image-preview":"max-image-preview:large","max-video-preview":"max-video-preview:-1"},"canonical":"https:\/\/puppymaroc.webmarocagency.com\/?product=royal-canin-mini-starter-mother-babydog-1-kg","og_locale":"fr_FR","og_type":"article","og_title":"Royal Canin Mini Starter Mother & Babydog 1 kg - puppymaroc.com","og_description":"Aliment complet pour chiens - Sp\u00e9cial chienne de petite race (jusqu\u2019\u00e0 10 kg) et ses chiots : chienne en fin de gestation ou en lactation - Chiots au sevrage jusqu\u2019\u00e0 2 mois.Les croquettes ROYAL CANIN\u00ae Mini Starter Mother & Babydog sont sp\u00e9cialement formul\u00e9es pour r\u00e9pondre aux besoins nutritionnels de la chienne et de ses chiots.","og_url":"https:\/\/puppymaroc.webmarocagency.com\/?product=royal-canin-mini-starter-mother-babydog-1-kg","og_site_name":"puppymaroc.com","article_publisher":"https:\/\/www.facebook.com\/PuppyMaroc?mibextid=ZbWKwL","article_modified_time":"2024-09-20T17:31:24+00:00","og_image":[{"width":1080,"height":1080,"url":"https:\/\/puppymaroc.webmarocagency.com\/wp-content\/uploads\/2024\/09\/background-puppy-maroc-4.png","type":"image\/png"}],"twitter_card":"summary_large_image","twitter_misc":{"Dur\u00e9e de lecture estim\u00e9e":"4 minutes"},"schema":{"@context":"https:\/\/schema.org","@graph":[{"@type":"WebPage","@id":"https:\/\/puppymaroc.webmarocagency.com\/?product=royal-canin-mini-starter-mother-babydog-1-kg","url":"https:\/\/puppymaroc.webmarocagency.com\/?product=royal-canin-mini-starter-mother-babydog-1-kg","name":"Royal Canin Mini Starter Mother & Babydog 1 kg - puppymaroc.com","isPartOf":{"@id":"https:\/\/puppymaroc.webmarocagency.com\/#website"},"primaryImageOfPage":{"@id":"https:\/\/puppymaroc.webmarocagency.com\/?product=royal-canin-mini-starter-mother-babydog-1-kg#primaryimage"},"image":{"@id":"https:\/\/puppymaroc.webmarocagency.com\/?product=royal-canin-mini-starter-mother-babydog-1-kg#primaryimage"},"thumbnailUrl":"https:\/\/puppymaroc.webmarocagency.com\/wp-content\/uploads\/2024\/09\/background-puppy-maroc-4.png","datePublished":"2024-09-20T17:25:03+00:00","dateModified":"2024-09-20T17:31:24+00:00","description":"Aliment complet pour chiens - Sp\u00e9cial chienne de petite race (jusqu\u2019\u00e0 10 kg) et ses chiots : chienne en fin de gestation ou en lactation - Chiots au sevrage jusqu\u2019\u00e0 2 mois.Les croquettes ROYAL CANIN\u00ae Mini Starter Mother & Babydog sont sp\u00e9cialement formul\u00e9es pour r\u00e9pondre aux besoins nutritionnels de la chienne et de ses chiots.","breadcrumb":{"@id":"https:\/\/puppymaroc.webmarocagency.com\/?product=royal-canin-mini-starter-mother-babydog-1-kg#breadcrumb"},"inLanguage":"fr-FR","potentialAction":[{"@type":"ReadAction","target":["https:\/\/puppymaroc.webmarocagency.com\/?product=royal-canin-mini-starter-mother-babydog-1-kg"]}]},{"@type":"ImageObject","inLanguage":"fr-FR","@id":"https:\/\/puppymaroc.webmarocagency.com\/?product=royal-canin-mini-starter-mother-babydog-1-kg#primaryimage","url":"https:\/\/puppymaroc.webmarocagency.com\/wp-content\/uploads\/2024\/09\/background-puppy-maroc-4.png","contentUrl":"https:\/\/puppymaroc.webmarocagency.com\/wp-content\/uploads\/2024\/09\/background-puppy-maroc-4.png","width":1080,"height":1080},{"@type":"BreadcrumbList","@id":"https:\/\/puppymaroc.webmarocagency.com\/?product=royal-canin-mini-starter-mother-babydog-1-kg#breadcrumb","itemListElement":[{"@type":"ListItem","position":1,"name":"Accueil","item":"https:\/\/puppymaroc.webmarocagency.com\/"},{"@type":"ListItem","position":2,"name":"Produit","item":"https:\/\/puppymaroc.webmarocagency.com\/?page_id=1561"},{"@type":"ListItem","position":3,"name":"Royal Canin Mini Starter Mother &#038; Babydog 1 kg"}]},{"@type":"WebSite","@id":"https:\/\/puppymaroc.webmarocagency.com\/#website","url":"https:\/\/puppymaroc.webmarocagency.com\/","name":"puppymaroc.com","description":"puppymaroc","publisher":{"@id":"https:\/\/puppymaroc.webmarocagency.com\/#organization"},"potentialAction":[{"@type":"SearchAction","target":{"@type":"EntryPoint","urlTemplate":"https:\/\/puppymaroc.webmarocagency.com\/?s={search_term_string}"},"query-input":{"@type":"PropertyValueSpecification","valueRequired":true,"valueName":"search_term_string"}}],"inLanguage":"fr-FR"},{"@type":"Organization","@id":"https:\/\/puppymaroc.webmarocagency.com\/#organization","name":"puppymaroc.com","url":"https:\/\/puppymaroc.webmarocagency.com\/","logo":{"@type":"ImageObject","inLanguage":"fr-FR","@id":"https:\/\/puppymaroc.webmarocagency.com\/#\/schema\/logo\/image\/","url":"https:\/\/puppymaroc.webmarocagency.com\/wp-content\/uploads\/2024\/02\/cropped-cropped-puppy-maroc-logo-rmv-2.png","contentUrl":"https:\/\/puppymaroc.webmarocagency.com\/wp-content\/uploads\/2024\/02\/cropped-cropped-puppy-maroc-logo-rmv-2.png","width":958,"height":920,"caption":"puppymaroc.com"},"image":{"@id":"https:\/\/puppymaroc.webmarocagency.com\/#\/schema\/logo\/image\/"},"sameAs":["https:\/\/www.facebook.com\/PuppyMaroc?mibextid=ZbWKwL"]}]}},"_links":{"self":[{"href":"https:\/\/puppymaroc.webmarocagency.com\/index.php?rest_route=\/wp\/v2\/product\/2120","targetHints":{"allow":["GET"]}}],"collection":[{"href":"https:\/\/puppymaroc.webmarocagency.com\/index.php?rest_route=\/wp\/v2\/product"}],"about":[{"href":"https:\/\/puppymaroc.webmarocagency.com\/index.php?rest_route=\/wp\/v2\/types\/product"}],"replies":[{"embeddable":true,"href":"https:\/\/puppymaroc.webmarocagency.com\/index.php?rest_route=%2Fwp%2Fv2%2Fcomments&post=2120"}],"wp:featuredmedia":[{"embeddable":true,"href":"https:\/\/puppymaroc.webmarocagency.com\/index.php?rest_route=\/wp\/v2\/media\/2121"}],"wp:attachment":[{"href":"https:\/\/puppymaroc.webmarocagency.com\/index.php?rest_route=%2Fwp%2Fv2%2Fmedia&parent=2120"}],"wp:term":[{"taxonomy":"product_brand","embeddable":true,"href":"https:\/\/puppymaroc.webmarocagency.com\/index.php?rest_route=%2Fwp%2Fv2%2Fproduct_brand&post=2120"},{"taxonomy":"product_cat","embeddable":true,"href":"https:\/\/puppymaroc.webmarocagency.com\/index.php?rest_route=%2Fwp%2Fv2%2Fproduct_cat&post=2120"},{"taxonomy":"product_tag","embeddable":true,"href":"https:\/\/puppymaroc.webmarocagency.com\/index.php?rest_route=%2Fwp%2Fv2%2Fproduct_tag&post=2120"}],"curies":[{"name":"wp","href":"https:\/\/api.w.org\/{rel}","templated":true}]}}