{"id":2124,"date":"2024-09-20T18:49:04","date_gmt":"2024-09-20T17:49:04","guid":{"rendered":"https:\/\/puppymaroc.com\/?post_type=product&#038;p=2124"},"modified":"2024-09-20T18:49:31","modified_gmt":"2024-09-20T17:49:31","slug":"royal-canin-chiot-rottweiler-12-kg","status":"publish","type":"product","link":"https:\/\/puppymaroc.webmarocagency.com\/?product=royal-canin-chiot-rottweiler-12-kg","title":{"rendered":"Royal Canin Chiot Rottweiler 12 Kg"},"content":{"rendered":"<p><strong>BENEFICES :<\/strong><\/p>\n<ul class=\"ui-star-list rc_proudct_html_tab2 list-paddingleft-2\">\n<li>\n<div class=\"list_title\">Soutien du syst\u00e8me immunitaire<\/div>\n<div class=\"list_item\">La croissance est une \u00e9tape essentielle dans la vie d\u2019un chien : c\u2019est le moment des grands changements, des d\u00e9couvertes et des nouvelles rencontres. Durant cette p\u00e9riode cl\u00e9, le syst\u00e8me immunitaire du chiot se construit progressivement. Rottweiler Puppy aide \u00e0 soutenir les d\u00e9fenses naturelles du chiot notamment gr\u00e2ce \u00e0 un complexe d\u2019antioxydants comprenant de la vitamine E.<\/div>\n<\/li>\n<li>\n<div class=\"list_title\">D\u00e9veloppement osseux et musculaire<\/div>\n<div class=\"list_item\">Favorise le d\u00e9veloppement des os et des muscles gr\u00e2ce \u00e0 une teneur adapt\u00e9e en prot\u00e9ines et \u00e0 des niveaux appropri\u00e9s de calcium et de phosphore. Cette formule contient \u00e9galement de la L-carnitine.<\/div>\n<\/li>\n<li>\n<div class=\"list_title\">Sant\u00e9 digestive<\/div>\n<div class=\"list_item\">Combinaison de nutriments avec des prot\u00e9ines de haute qualit\u00e9 (L.I.P.*) et des pr\u00e9biotiques (FOS) pour favoriser la sant\u00e9 digestive et l\u2019\u00e9quilibre de la flore intestinale, contribuant ainsi \u00e0 la bonne qualit\u00e9 des selles. *Prot\u00e9ines s\u00e9lectionn\u00e9es pour leur tr\u00e8s haute digestibilit\u00e9.<\/div>\n<\/li>\n<li>\n<div class=\"list_title\">Croquette exclusive : sp\u00e9cial m\u00e2choire molosso\u00efde<\/div>\n<div class=\"list_item\">Une croquette exclusivement con\u00e7ue pour faciliter la pr\u00e9hension et encourager la mastication chez le chiot Rottweiler.<\/div>\n<\/li>\n<\/ul>\n<p><strong>\u00a0 \u00a0INFORMATIONS NUTRITIONELLES :<\/strong><\/p>\n<div class=\"content\">Composition : Prot\u00e9ines de volaille d\u00e9shydrat\u00e9es, riz, isolat de prot\u00e9ines v\u00e9g\u00e9tales*, farine de ma\u00efs, ma\u00efs, graisses animales, prot\u00e9ines de porc d\u00e9shydrat\u00e9es*, farine de bl\u00e9, hydrolysat de prot\u00e9ines animales, sels min\u00e9raux, pulpe de betterave, fibres v\u00e9g\u00e9tales, huile de soja, huile de poisson, fructo-oligosaccharides (0,34%), t\u00e9guments et graines de psyllium, hydrolysat de levure (source de mannan-oligosaccharides), hydrolysat de crustac\u00e9 (source de glucosamine), extraits de levure (source de b\u00eata-glucans), extrait de rose d\u2019Inde (source de lut\u00e9ine), hydrolysat de cartilage (sourcede chondro\u00eftine). *L.I.P. : prot\u00e9ine s\u00e9lectionn\u00e9e pour sa tr\u00e8s haute digestibilit\u00e9.<\/div>\n<p>&nbsp;<\/p>\n<p>Additifs nutritionnels : Vitamine A : 26500 UI, Vitamine D3 : 700 UI, Vitamine E : 530 mg &#8211; E1 (Fer) : 41 mg, E2 (Iode) : 4,1 mg, E4 (Cuivre) : 13 mg, E5 (Mangan\u00e8se) : 54 mg, E6 (Zinc) : 135 mg, E8 (S\u00e9l\u00e9nium) : 0,09 mg &#8211; L-carnitine : 300 mg &#8211; Additifs technologiques : Clinoptilolite d\u2019origine s\u00e9dimentaire : 10 g &#8211; Additifs sensoriels : Extrait de yucca : 125 mg &#8211; Conservateurs &#8211; Antioxyg\u00e8nes.<\/p>\n<p>Constituants analytiques : Prot\u00e9ines : 31.0% &#8211; Teneur en mati\u00e8res grasses : 16.0% &#8211; Cendres brutes : 7.9% &#8211; Cellulose brute : 1.8% &#8211; Calcium : 1.26% &#8211; Phosphorus : 1% .<\/p>\n<p>* L.I.P. : prot\u00e9ines s\u00e9lectionn\u00e9es pour leur tr\u00e8s haute digestibilit\u00e9.<\/p>\n<p>Mode d\u2019emploi : voir tableau. Num\u00e9ro de lot et d\u2019identifiant usine, \u00e0 utiliser de pr\u00e9f\u00e9rence avant : voir sur l\u2019emballage. \u00c0 conserver dans un endroit sec et frais.<\/p>\n<p><strong>\u00a0 \u00a0RATIONS :<\/strong><\/p>\n<table>\n<thead>\n<tr>\n<th>Age (mois)<\/th>\n<th>Poids adulte = 40 kg<\/th>\n<th>Poids adulte = 45 kg<\/th>\n<th>Poids adulte = 50 kg<\/th>\n<\/tr>\n<\/thead>\n<tbody>\n<tr>\n<td>&#8211;<\/td>\n<td>Gramme (Dose)<\/td>\n<td>Gramme (Dose)<\/td>\n<td>Gramme (Dose)<\/td>\n<\/tr>\n<tr>\n<td>2 m<\/td>\n<td>295 g (3)<\/td>\n<td>307 g (3+1\/8)<\/td>\n<td>360 g (3+5\/8)<\/td>\n<\/tr>\n<tr>\n<td>3 m<\/td>\n<td>383 g (3+7\/8)<\/td>\n<td>404 g (4+1\/8)<\/td>\n<td>448 g (4+5\/8)<\/td>\n<\/tr>\n<tr>\n<td>4 m<\/td>\n<td>422 g (4+2\/8)<\/td>\n<td>447 g (4+1\/8)<\/td>\n<td>489 g (5)<\/td>\n<\/tr>\n<tr>\n<td>6 m<\/td>\n<td>553 g (5+5\/8)<\/td>\n<td>604 g (6+1\/8)<\/td>\n<td>654 g (6+5\/8)<\/td>\n<\/tr>\n<tr>\n<td>8 m<\/td>\n<td>562 g (5+6\/8)<\/td>\n<td>650 g (6+5\/8)<\/td>\n<td>706 g (7+1\/8)<\/td>\n<\/tr>\n<tr>\n<td>10 m<\/td>\n<td>526 g (5+3\/8)<\/td>\n<td>608 g (6+1\/8)<\/td>\n<td>665 g (6+6\/8)<\/td>\n<\/tr>\n<tr>\n<td>12 m<\/td>\n<td>462 g (4+6\/8)<\/td>\n<td>506 g (5+1\/8)<\/td>\n<td>583 g (5+7\/8)<\/td>\n<\/tr>\n<tr>\n<td>14 m<\/td>\n<td>454 g (4+4\/8)<\/td>\n<td>498 g (5)<\/td>\n<td>543 g (5+4\/8)<\/td>\n<\/tr>\n<tr>\n<td>19 m<\/td>\n<td>Transition vers Rottweiler Adult<\/td>\n<td>Transition vers Rottweiler Adult<\/td>\n<td>Transition vers Rottweiler Adult<\/td>\n<\/tr>\n<\/tbody>\n<\/table>\n","protected":false},"excerpt":{"rendered":"<h2 class=\"text-break mb-1 mt-2\">Aliment complet pour chiens &#8211; Sp\u00e9cialement con\u00e7u pour un Chiot Rottweiler, de 2 \u00e0 18 mois.<\/h2>\n<p>ROYAL CANIN\u00ae Rottweiler Puppy est sp\u00e9cialement formul\u00e9 pour r\u00e9pondre \u00e0 tous les besoins nutritionnels de votre jeune Rottweiler et convient aux chiots de moins de 18 mois. Parce que le syst\u00e8me immunitaire de votre chiot est encore immature, ROYAL CANIN\u00ae Rottweiler Puppy contient un complexe brevet\u00e9 d\u2019antioxydants, dont de la vitamine E. Cette formule exclusive aide \u00e0 renforcer les d\u00e9fenses naturelles de votre chiot au cours de cette phase cl\u00e9 de sa vie. \u00a0 ROYAL CANIN\u00ae Rottweiler Puppy contient de la L-Carnitine et une teneur adapt\u00e9e en prot\u00e9ines, ainsi que des taux soigneusement dos\u00e9s de calcium et de phosphore, des nutriments qui favorisent le d\u00e9veloppement sain des muscles et des os de votre chiot. \u00a0 De plus, la formule ROYAL CANIN\u00ae Rottweiler Puppy est enrichie en nutriments sp\u00e9cifiques, notamment en prot\u00e9ines de haute qualit\u00e9 (L.I.P.) et en pr\u00e9biotiques (FOS) pour une sant\u00e9 digestive optimale. \u00a0 Les croquettes de ROYAL CANIN\u00ae Rottweiler Puppy sont con\u00e7ues sur mesure pour la race des Rottweilers. Leur taille et leur forme sont sp\u00e9cialement adapt\u00e9es \u00e0 la forme de la m\u00e2choire de votre chiot pour lui faciliter la prise alimentaire et la mastication.<\/p>\n","protected":false},"featured_media":2125,"comment_status":"open","ping_status":"closed","template":"","meta":[],"product_brand":[],"product_cat":[60],"product_tag":[],"class_list":{"0":"post-2124","1":"product","2":"type-product","3":"status-publish","4":"has-post-thumbnail","6":"product_cat-alimentation-chien","8":"first","9":"instock","10":"sale","11":"shipping-taxable","12":"purchasable","13":"product-type-simple"},"yoast_head":"<!-- This site is optimized with the Yoast SEO plugin v25.8 - https:\/\/yoast.com\/wordpress\/plugins\/seo\/ -->\n<title>Royal Canin Chiot Rottweiler 12 Kg - puppymaroc.com<\/title>\n<meta name=\"description\" content=\"Aliment complet pour chiens - Sp\u00e9cialement con\u00e7u pour un Chiot Rottweiler, de 2 \u00e0 18 mois.ROYAL CANIN\u00ae Rottweiler Puppy est sp\u00e9cialement formul\u00e9 pour r\u00e9pondre \u00e0 tous les besoins nutritionnels de votre jeune Rottweiler et convient aux chiots de moins de 18 mois. Parce que le syst\u00e8me immunitaire de votre chiot est encore immature, ROYAL CANIN\u00ae Rottweiler Puppy contient un complexe brevet\u00e9 d\u2019antioxydants, dont de la vitamine E. Cette formule exclusive aide \u00e0 renforcer les d\u00e9fenses naturelles de votre chiot au cours de cette phase cl\u00e9 de sa vie. ROYAL CANIN\u00ae Rottweiler Puppy contient de la L-Carnitine et une teneur adapt\u00e9e en prot\u00e9ines, ainsi que des taux soigneusement dos\u00e9s de calcium et de phosphore, des nutriments qui favorisent le d\u00e9veloppement sain des muscles et des os de votre chiot. De plus, la formule ROYAL CANIN\u00ae Rottweiler Puppy est enrichie en nutriments sp\u00e9cifiques, notamment en prot\u00e9ines de haute qualit\u00e9 (L.I.P.) et en pr\u00e9biotiques (FOS) pour une sant\u00e9 digestive optimale. Les croquettes de ROYAL CANIN\u00ae Rottweiler Puppy sont con\u00e7ues sur mesure pour la race des Rottweilers. Leur taille et leur forme sont sp\u00e9cialement adapt\u00e9es \u00e0 la forme de la m\u00e2choire de votre chiot pour lui faciliter la prise alimentaire et la mastication.\" \/>\n<meta name=\"robots\" content=\"index, follow, max-snippet:-1, max-image-preview:large, max-video-preview:-1\" \/>\n<link rel=\"canonical\" href=\"https:\/\/puppymaroc.webmarocagency.com\/?product=royal-canin-chiot-rottweiler-12-kg\" \/>\n<meta property=\"og:locale\" content=\"fr_FR\" \/>\n<meta property=\"og:type\" content=\"article\" \/>\n<meta property=\"og:title\" content=\"Royal Canin Chiot Rottweiler 12 Kg - puppymaroc.com\" \/>\n<meta property=\"og:description\" content=\"Aliment complet pour chiens - Sp\u00e9cialement con\u00e7u pour un Chiot Rottweiler, de 2 \u00e0 18 mois.ROYAL CANIN\u00ae Rottweiler Puppy est sp\u00e9cialement formul\u00e9 pour r\u00e9pondre \u00e0 tous les besoins nutritionnels de votre jeune Rottweiler et convient aux chiots de moins de 18 mois. Parce que le syst\u00e8me immunitaire de votre chiot est encore immature, ROYAL CANIN\u00ae Rottweiler Puppy contient un complexe brevet\u00e9 d\u2019antioxydants, dont de la vitamine E. Cette formule exclusive aide \u00e0 renforcer les d\u00e9fenses naturelles de votre chiot au cours de cette phase cl\u00e9 de sa vie. ROYAL CANIN\u00ae Rottweiler Puppy contient de la L-Carnitine et une teneur adapt\u00e9e en prot\u00e9ines, ainsi que des taux soigneusement dos\u00e9s de calcium et de phosphore, des nutriments qui favorisent le d\u00e9veloppement sain des muscles et des os de votre chiot. De plus, la formule ROYAL CANIN\u00ae Rottweiler Puppy est enrichie en nutriments sp\u00e9cifiques, notamment en prot\u00e9ines de haute qualit\u00e9 (L.I.P.) et en pr\u00e9biotiques (FOS) pour une sant\u00e9 digestive optimale. Les croquettes de ROYAL CANIN\u00ae Rottweiler Puppy sont con\u00e7ues sur mesure pour la race des Rottweilers. Leur taille et leur forme sont sp\u00e9cialement adapt\u00e9es \u00e0 la forme de la m\u00e2choire de votre chiot pour lui faciliter la prise alimentaire et la mastication.\" \/>\n<meta property=\"og:url\" content=\"https:\/\/puppymaroc.webmarocagency.com\/?product=royal-canin-chiot-rottweiler-12-kg\" \/>\n<meta property=\"og:site_name\" content=\"puppymaroc.com\" \/>\n<meta property=\"article:publisher\" content=\"https:\/\/www.facebook.com\/PuppyMaroc?mibextid=ZbWKwL\" \/>\n<meta property=\"article:modified_time\" content=\"2024-09-20T17:49:31+00:00\" \/>\n<meta property=\"og:image\" content=\"https:\/\/puppymaroc.webmarocagency.com\/wp-content\/uploads\/2024\/09\/background-puppy-maroc-6.png\" \/>\n\t<meta property=\"og:image:width\" content=\"1080\" \/>\n\t<meta property=\"og:image:height\" content=\"1080\" \/>\n\t<meta property=\"og:image:type\" content=\"image\/png\" \/>\n<meta name=\"twitter:card\" content=\"summary_large_image\" \/>\n<meta name=\"twitter:label1\" content=\"Dur\u00e9e de lecture estim\u00e9e\" \/>\n\t<meta name=\"twitter:data1\" content=\"3 minutes\" \/>\n<script type=\"application\/ld+json\" class=\"yoast-schema-graph\">{\"@context\":\"https:\/\/schema.org\",\"@graph\":[{\"@type\":\"WebPage\",\"@id\":\"https:\/\/puppymaroc.webmarocagency.com\/?product=royal-canin-chiot-rottweiler-12-kg\",\"url\":\"https:\/\/puppymaroc.webmarocagency.com\/?product=royal-canin-chiot-rottweiler-12-kg\",\"name\":\"Royal Canin Chiot Rottweiler 12 Kg - puppymaroc.com\",\"isPartOf\":{\"@id\":\"https:\/\/puppymaroc.webmarocagency.com\/#website\"},\"primaryImageOfPage\":{\"@id\":\"https:\/\/puppymaroc.webmarocagency.com\/?product=royal-canin-chiot-rottweiler-12-kg#primaryimage\"},\"image\":{\"@id\":\"https:\/\/puppymaroc.webmarocagency.com\/?product=royal-canin-chiot-rottweiler-12-kg#primaryimage\"},\"thumbnailUrl\":\"https:\/\/puppymaroc.webmarocagency.com\/wp-content\/uploads\/2024\/09\/background-puppy-maroc-6.png\",\"datePublished\":\"2024-09-20T17:49:04+00:00\",\"dateModified\":\"2024-09-20T17:49:31+00:00\",\"description\":\"Aliment complet pour chiens - Sp\u00e9cialement con\u00e7u pour un Chiot Rottweiler, de 2 \u00e0 18 mois.ROYAL CANIN\u00ae Rottweiler Puppy est sp\u00e9cialement formul\u00e9 pour r\u00e9pondre \u00e0 tous les besoins nutritionnels de votre jeune Rottweiler et convient aux chiots de moins de 18 mois. Parce que le syst\u00e8me immunitaire de votre chiot est encore immature, ROYAL CANIN\u00ae Rottweiler Puppy contient un complexe brevet\u00e9 d\u2019antioxydants, dont de la vitamine E. Cette formule exclusive aide \u00e0 renforcer les d\u00e9fenses naturelles de votre chiot au cours de cette phase cl\u00e9 de sa vie. ROYAL CANIN\u00ae Rottweiler Puppy contient de la L-Carnitine et une teneur adapt\u00e9e en prot\u00e9ines, ainsi que des taux soigneusement dos\u00e9s de calcium et de phosphore, des nutriments qui favorisent le d\u00e9veloppement sain des muscles et des os de votre chiot. De plus, la formule ROYAL CANIN\u00ae Rottweiler Puppy est enrichie en nutriments sp\u00e9cifiques, notamment en prot\u00e9ines de haute qualit\u00e9 (L.I.P.) et en pr\u00e9biotiques (FOS) pour une sant\u00e9 digestive optimale. Les croquettes de ROYAL CANIN\u00ae Rottweiler Puppy sont con\u00e7ues sur mesure pour la race des Rottweilers. Leur taille et leur forme sont sp\u00e9cialement adapt\u00e9es \u00e0 la forme de la m\u00e2choire de votre chiot pour lui faciliter la prise alimentaire et la mastication.\",\"breadcrumb\":{\"@id\":\"https:\/\/puppymaroc.webmarocagency.com\/?product=royal-canin-chiot-rottweiler-12-kg#breadcrumb\"},\"inLanguage\":\"fr-FR\",\"potentialAction\":[{\"@type\":\"ReadAction\",\"target\":[\"https:\/\/puppymaroc.webmarocagency.com\/?product=royal-canin-chiot-rottweiler-12-kg\"]}]},{\"@type\":\"ImageObject\",\"inLanguage\":\"fr-FR\",\"@id\":\"https:\/\/puppymaroc.webmarocagency.com\/?product=royal-canin-chiot-rottweiler-12-kg#primaryimage\",\"url\":\"https:\/\/puppymaroc.webmarocagency.com\/wp-content\/uploads\/2024\/09\/background-puppy-maroc-6.png\",\"contentUrl\":\"https:\/\/puppymaroc.webmarocagency.com\/wp-content\/uploads\/2024\/09\/background-puppy-maroc-6.png\",\"width\":1080,\"height\":1080},{\"@type\":\"BreadcrumbList\",\"@id\":\"https:\/\/puppymaroc.webmarocagency.com\/?product=royal-canin-chiot-rottweiler-12-kg#breadcrumb\",\"itemListElement\":[{\"@type\":\"ListItem\",\"position\":1,\"name\":\"Accueil\",\"item\":\"https:\/\/puppymaroc.webmarocagency.com\/\"},{\"@type\":\"ListItem\",\"position\":2,\"name\":\"Produit\",\"item\":\"https:\/\/puppymaroc.webmarocagency.com\/?page_id=1561\"},{\"@type\":\"ListItem\",\"position\":3,\"name\":\"Royal Canin Chiot Rottweiler 12 Kg\"}]},{\"@type\":\"WebSite\",\"@id\":\"https:\/\/puppymaroc.webmarocagency.com\/#website\",\"url\":\"https:\/\/puppymaroc.webmarocagency.com\/\",\"name\":\"puppymaroc.com\",\"description\":\"puppymaroc\",\"publisher\":{\"@id\":\"https:\/\/puppymaroc.webmarocagency.com\/#organization\"},\"potentialAction\":[{\"@type\":\"SearchAction\",\"target\":{\"@type\":\"EntryPoint\",\"urlTemplate\":\"https:\/\/puppymaroc.webmarocagency.com\/?s={search_term_string}\"},\"query-input\":{\"@type\":\"PropertyValueSpecification\",\"valueRequired\":true,\"valueName\":\"search_term_string\"}}],\"inLanguage\":\"fr-FR\"},{\"@type\":\"Organization\",\"@id\":\"https:\/\/puppymaroc.webmarocagency.com\/#organization\",\"name\":\"puppymaroc.com\",\"url\":\"https:\/\/puppymaroc.webmarocagency.com\/\",\"logo\":{\"@type\":\"ImageObject\",\"inLanguage\":\"fr-FR\",\"@id\":\"https:\/\/puppymaroc.webmarocagency.com\/#\/schema\/logo\/image\/\",\"url\":\"https:\/\/puppymaroc.webmarocagency.com\/wp-content\/uploads\/2024\/02\/cropped-cropped-puppy-maroc-logo-rmv-2.png\",\"contentUrl\":\"https:\/\/puppymaroc.webmarocagency.com\/wp-content\/uploads\/2024\/02\/cropped-cropped-puppy-maroc-logo-rmv-2.png\",\"width\":958,\"height\":920,\"caption\":\"puppymaroc.com\"},\"image\":{\"@id\":\"https:\/\/puppymaroc.webmarocagency.com\/#\/schema\/logo\/image\/\"},\"sameAs\":[\"https:\/\/www.facebook.com\/PuppyMaroc?mibextid=ZbWKwL\"]}]}<\/script>\n<!-- \/ Yoast SEO plugin. -->","yoast_head_json":{"title":"Royal Canin Chiot Rottweiler 12 Kg - puppymaroc.com","description":"Aliment complet pour chiens - Sp\u00e9cialement con\u00e7u pour un Chiot Rottweiler, de 2 \u00e0 18 mois.ROYAL CANIN\u00ae Rottweiler Puppy est sp\u00e9cialement formul\u00e9 pour r\u00e9pondre \u00e0 tous les besoins nutritionnels de votre jeune Rottweiler et convient aux chiots de moins de 18 mois. Parce que le syst\u00e8me immunitaire de votre chiot est encore immature, ROYAL CANIN\u00ae Rottweiler Puppy contient un complexe brevet\u00e9 d\u2019antioxydants, dont de la vitamine E. Cette formule exclusive aide \u00e0 renforcer les d\u00e9fenses naturelles de votre chiot au cours de cette phase cl\u00e9 de sa vie. ROYAL CANIN\u00ae Rottweiler Puppy contient de la L-Carnitine et une teneur adapt\u00e9e en prot\u00e9ines, ainsi que des taux soigneusement dos\u00e9s de calcium et de phosphore, des nutriments qui favorisent le d\u00e9veloppement sain des muscles et des os de votre chiot. De plus, la formule ROYAL CANIN\u00ae Rottweiler Puppy est enrichie en nutriments sp\u00e9cifiques, notamment en prot\u00e9ines de haute qualit\u00e9 (L.I.P.) et en pr\u00e9biotiques (FOS) pour une sant\u00e9 digestive optimale. Les croquettes de ROYAL CANIN\u00ae Rottweiler Puppy sont con\u00e7ues sur mesure pour la race des Rottweilers. Leur taille et leur forme sont sp\u00e9cialement adapt\u00e9es \u00e0 la forme de la m\u00e2choire de votre chiot pour lui faciliter la prise alimentaire et la mastication.","robots":{"index":"index","follow":"follow","max-snippet":"max-snippet:-1","max-image-preview":"max-image-preview:large","max-video-preview":"max-video-preview:-1"},"canonical":"https:\/\/puppymaroc.webmarocagency.com\/?product=royal-canin-chiot-rottweiler-12-kg","og_locale":"fr_FR","og_type":"article","og_title":"Royal Canin Chiot Rottweiler 12 Kg - puppymaroc.com","og_description":"Aliment complet pour chiens - Sp\u00e9cialement con\u00e7u pour un Chiot Rottweiler, de 2 \u00e0 18 mois.ROYAL CANIN\u00ae Rottweiler Puppy est sp\u00e9cialement formul\u00e9 pour r\u00e9pondre \u00e0 tous les besoins nutritionnels de votre jeune Rottweiler et convient aux chiots de moins de 18 mois. Parce que le syst\u00e8me immunitaire de votre chiot est encore immature, ROYAL CANIN\u00ae Rottweiler Puppy contient un complexe brevet\u00e9 d\u2019antioxydants, dont de la vitamine E. Cette formule exclusive aide \u00e0 renforcer les d\u00e9fenses naturelles de votre chiot au cours de cette phase cl\u00e9 de sa vie. ROYAL CANIN\u00ae Rottweiler Puppy contient de la L-Carnitine et une teneur adapt\u00e9e en prot\u00e9ines, ainsi que des taux soigneusement dos\u00e9s de calcium et de phosphore, des nutriments qui favorisent le d\u00e9veloppement sain des muscles et des os de votre chiot. De plus, la formule ROYAL CANIN\u00ae Rottweiler Puppy est enrichie en nutriments sp\u00e9cifiques, notamment en prot\u00e9ines de haute qualit\u00e9 (L.I.P.) et en pr\u00e9biotiques (FOS) pour une sant\u00e9 digestive optimale. Les croquettes de ROYAL CANIN\u00ae Rottweiler Puppy sont con\u00e7ues sur mesure pour la race des Rottweilers. Leur taille et leur forme sont sp\u00e9cialement adapt\u00e9es \u00e0 la forme de la m\u00e2choire de votre chiot pour lui faciliter la prise alimentaire et la mastication.","og_url":"https:\/\/puppymaroc.webmarocagency.com\/?product=royal-canin-chiot-rottweiler-12-kg","og_site_name":"puppymaroc.com","article_publisher":"https:\/\/www.facebook.com\/PuppyMaroc?mibextid=ZbWKwL","article_modified_time":"2024-09-20T17:49:31+00:00","og_image":[{"width":1080,"height":1080,"url":"https:\/\/puppymaroc.webmarocagency.com\/wp-content\/uploads\/2024\/09\/background-puppy-maroc-6.png","type":"image\/png"}],"twitter_card":"summary_large_image","twitter_misc":{"Dur\u00e9e de lecture estim\u00e9e":"3 minutes"},"schema":{"@context":"https:\/\/schema.org","@graph":[{"@type":"WebPage","@id":"https:\/\/puppymaroc.webmarocagency.com\/?product=royal-canin-chiot-rottweiler-12-kg","url":"https:\/\/puppymaroc.webmarocagency.com\/?product=royal-canin-chiot-rottweiler-12-kg","name":"Royal Canin Chiot Rottweiler 12 Kg - puppymaroc.com","isPartOf":{"@id":"https:\/\/puppymaroc.webmarocagency.com\/#website"},"primaryImageOfPage":{"@id":"https:\/\/puppymaroc.webmarocagency.com\/?product=royal-canin-chiot-rottweiler-12-kg#primaryimage"},"image":{"@id":"https:\/\/puppymaroc.webmarocagency.com\/?product=royal-canin-chiot-rottweiler-12-kg#primaryimage"},"thumbnailUrl":"https:\/\/puppymaroc.webmarocagency.com\/wp-content\/uploads\/2024\/09\/background-puppy-maroc-6.png","datePublished":"2024-09-20T17:49:04+00:00","dateModified":"2024-09-20T17:49:31+00:00","description":"Aliment complet pour chiens - Sp\u00e9cialement con\u00e7u pour un Chiot Rottweiler, de 2 \u00e0 18 mois.ROYAL CANIN\u00ae Rottweiler Puppy est sp\u00e9cialement formul\u00e9 pour r\u00e9pondre \u00e0 tous les besoins nutritionnels de votre jeune Rottweiler et convient aux chiots de moins de 18 mois. Parce que le syst\u00e8me immunitaire de votre chiot est encore immature, ROYAL CANIN\u00ae Rottweiler Puppy contient un complexe brevet\u00e9 d\u2019antioxydants, dont de la vitamine E. Cette formule exclusive aide \u00e0 renforcer les d\u00e9fenses naturelles de votre chiot au cours de cette phase cl\u00e9 de sa vie. ROYAL CANIN\u00ae Rottweiler Puppy contient de la L-Carnitine et une teneur adapt\u00e9e en prot\u00e9ines, ainsi que des taux soigneusement dos\u00e9s de calcium et de phosphore, des nutriments qui favorisent le d\u00e9veloppement sain des muscles et des os de votre chiot. De plus, la formule ROYAL CANIN\u00ae Rottweiler Puppy est enrichie en nutriments sp\u00e9cifiques, notamment en prot\u00e9ines de haute qualit\u00e9 (L.I.P.) et en pr\u00e9biotiques (FOS) pour une sant\u00e9 digestive optimale. Les croquettes de ROYAL CANIN\u00ae Rottweiler Puppy sont con\u00e7ues sur mesure pour la race des Rottweilers. Leur taille et leur forme sont sp\u00e9cialement adapt\u00e9es \u00e0 la forme de la m\u00e2choire de votre chiot pour lui faciliter la prise alimentaire et la mastication.","breadcrumb":{"@id":"https:\/\/puppymaroc.webmarocagency.com\/?product=royal-canin-chiot-rottweiler-12-kg#breadcrumb"},"inLanguage":"fr-FR","potentialAction":[{"@type":"ReadAction","target":["https:\/\/puppymaroc.webmarocagency.com\/?product=royal-canin-chiot-rottweiler-12-kg"]}]},{"@type":"ImageObject","inLanguage":"fr-FR","@id":"https:\/\/puppymaroc.webmarocagency.com\/?product=royal-canin-chiot-rottweiler-12-kg#primaryimage","url":"https:\/\/puppymaroc.webmarocagency.com\/wp-content\/uploads\/2024\/09\/background-puppy-maroc-6.png","contentUrl":"https:\/\/puppymaroc.webmarocagency.com\/wp-content\/uploads\/2024\/09\/background-puppy-maroc-6.png","width":1080,"height":1080},{"@type":"BreadcrumbList","@id":"https:\/\/puppymaroc.webmarocagency.com\/?product=royal-canin-chiot-rottweiler-12-kg#breadcrumb","itemListElement":[{"@type":"ListItem","position":1,"name":"Accueil","item":"https:\/\/puppymaroc.webmarocagency.com\/"},{"@type":"ListItem","position":2,"name":"Produit","item":"https:\/\/puppymaroc.webmarocagency.com\/?page_id=1561"},{"@type":"ListItem","position":3,"name":"Royal Canin Chiot Rottweiler 12 Kg"}]},{"@type":"WebSite","@id":"https:\/\/puppymaroc.webmarocagency.com\/#website","url":"https:\/\/puppymaroc.webmarocagency.com\/","name":"puppymaroc.com","description":"puppymaroc","publisher":{"@id":"https:\/\/puppymaroc.webmarocagency.com\/#organization"},"potentialAction":[{"@type":"SearchAction","target":{"@type":"EntryPoint","urlTemplate":"https:\/\/puppymaroc.webmarocagency.com\/?s={search_term_string}"},"query-input":{"@type":"PropertyValueSpecification","valueRequired":true,"valueName":"search_term_string"}}],"inLanguage":"fr-FR"},{"@type":"Organization","@id":"https:\/\/puppymaroc.webmarocagency.com\/#organization","name":"puppymaroc.com","url":"https:\/\/puppymaroc.webmarocagency.com\/","logo":{"@type":"ImageObject","inLanguage":"fr-FR","@id":"https:\/\/puppymaroc.webmarocagency.com\/#\/schema\/logo\/image\/","url":"https:\/\/puppymaroc.webmarocagency.com\/wp-content\/uploads\/2024\/02\/cropped-cropped-puppy-maroc-logo-rmv-2.png","contentUrl":"https:\/\/puppymaroc.webmarocagency.com\/wp-content\/uploads\/2024\/02\/cropped-cropped-puppy-maroc-logo-rmv-2.png","width":958,"height":920,"caption":"puppymaroc.com"},"image":{"@id":"https:\/\/puppymaroc.webmarocagency.com\/#\/schema\/logo\/image\/"},"sameAs":["https:\/\/www.facebook.com\/PuppyMaroc?mibextid=ZbWKwL"]}]}},"_links":{"self":[{"href":"https:\/\/puppymaroc.webmarocagency.com\/index.php?rest_route=\/wp\/v2\/product\/2124","targetHints":{"allow":["GET"]}}],"collection":[{"href":"https:\/\/puppymaroc.webmarocagency.com\/index.php?rest_route=\/wp\/v2\/product"}],"about":[{"href":"https:\/\/puppymaroc.webmarocagency.com\/index.php?rest_route=\/wp\/v2\/types\/product"}],"replies":[{"embeddable":true,"href":"https:\/\/puppymaroc.webmarocagency.com\/index.php?rest_route=%2Fwp%2Fv2%2Fcomments&post=2124"}],"wp:featuredmedia":[{"embeddable":true,"href":"https:\/\/puppymaroc.webmarocagency.com\/index.php?rest_route=\/wp\/v2\/media\/2125"}],"wp:attachment":[{"href":"https:\/\/puppymaroc.webmarocagency.com\/index.php?rest_route=%2Fwp%2Fv2%2Fmedia&parent=2124"}],"wp:term":[{"taxonomy":"product_brand","embeddable":true,"href":"https:\/\/puppymaroc.webmarocagency.com\/index.php?rest_route=%2Fwp%2Fv2%2Fproduct_brand&post=2124"},{"taxonomy":"product_cat","embeddable":true,"href":"https:\/\/puppymaroc.webmarocagency.com\/index.php?rest_route=%2Fwp%2Fv2%2Fproduct_cat&post=2124"},{"taxonomy":"product_tag","embeddable":true,"href":"https:\/\/puppymaroc.webmarocagency.com\/index.php?rest_route=%2Fwp%2Fv2%2Fproduct_tag&post=2124"}],"curies":[{"name":"wp","href":"https:\/\/api.w.org\/{rel}","templated":true}]}}