{"id":2127,"date":"2024-09-20T18:57:07","date_gmt":"2024-09-20T17:57:07","guid":{"rendered":"https:\/\/puppymaroc.com\/?post_type=product&#038;p=2127"},"modified":"2024-09-20T18:57:07","modified_gmt":"2024-09-20T17:57:07","slug":"royal-canin-bouledogue-francais-adulte-3-kg","status":"publish","type":"product","link":"https:\/\/puppymaroc.webmarocagency.com\/?product=royal-canin-bouledogue-francais-adulte-3-kg","title":{"rendered":"Royal Canin Bouledogue Fran\u00e7ais Adulte 3 Kg"},"content":{"rendered":"<p><strong>INFORMATIONS NUTRITIONELLES :<\/strong><\/p>\n<div class=\"content\">Composition : riz, bl\u00e9, graisses animales, prot\u00e9ines de porc d\u00e9shydrat\u00e9es, isolat de prot\u00e9ines v\u00e9g\u00e9tales*, prot\u00e9ines de volaille d\u00e9shydrat\u00e9es, hydrolysat de prot\u00e9ines animales, pulpe de betterave, sels min\u00e9raux, huile de poisson, huile de soja, fructo-oligo-saccharides, hydrolysat de crustac\u00e9 (source de glucosamine), extrait de rose d\u2019inde (source de lut\u00e9ine), hydrolysat de cartilage (source de chondro\u00eftine).<\/div>\n<p>&nbsp;<\/p>\n<p>Additifs (au kg)\u00a0: Additifs nutritionnels\u00a0: Vitamine A\u00a0: 30500\u00a0UI, Vitamine D3\u00a0: 800\u00a0UI, E1 (Fer)\u00a0: 47\u00a0mg, E2 (Iode)\u00a0: 4,7\u00a0mg, E4 (Cuivre)\u00a0: 15\u00a0mg, E5 (Mangan\u00e8se)\u00a0: 61\u00a0mg, E6 (Zinc)\u00a0: 142\u00a0mg, E8 (S\u00e9l\u00e9nium)\u00a0: 0,1\u00a0mg, L-carnitine\u00a0: 100\u00a0mg\u00a0&#8211; Additifs technologiques\u00a0: Clinoptilolite d\u2019origine s\u00e9dimentaire\u00a0: 10\u00a0g\u00a0&#8211; Additifs sensoriels\u00a0: Extrait de th\u00e9 (source de polyph\u00e9nols)\u00a0: 150\u00a0mg\u00a0&#8211; Conservateurs\u00a0&#8211; Antioxyg\u00e8nes.<\/p>\n<p>Constituants analytiques : Prot\u00e9ine\u00a0: 26,0\u00a0%\u00a0&#8211; Teneur en mati\u00e8res grasses\u00a0: 18,0\u00a0%\u00a0&#8211; Cendres brutes\u00a0: 6,0\u00a0%\u00a0&#8211; Cellulose brute\u00a0: 1,3\u00a0%\u00a0&#8211; EPA\/DHA\u00a0: 4\u00a0g\/kg.<\/p>\n<p>*L.I.P.\u00a0: prot\u00e9ine s\u00e9lectionn\u00e9e pour sa tr\u00e8s haute digestibilit\u00e9.<\/p>\n<p>Mode d\u2019emploi : voir tableau. Num\u00e9ro de lot et d\u2019identifiant usine, \u00e0 utiliser de pr\u00e9f\u00e9rence avant\u00a0: voir sur l\u2019emballage. \u00c0 conserver dans un endroit sec et frais.<\/p>\n<p><strong>\u00a0 \u00a0RATIONS :<\/strong><\/p>\n<table>\n<thead>\n<tr>\n<th>Poids du chien<\/th>\n<th>Vie \u00e0 l\u2019int\u00e9rieur &#8211; pas d\u2019exercice<\/th>\n<th>Activit\u00e9 normale<\/th>\n<th>Chiens tr\u00e8s actifs<\/th>\n<\/tr>\n<\/thead>\n<tbody>\n<tr>\n<td>&#8211;<\/td>\n<td>Gramme (Dose)<\/td>\n<td>Gramme (Dose)<\/td>\n<td>Gramme (Dose)<\/td>\n<\/tr>\n<tr>\n<td>8 kg<\/td>\n<td>112 g (1+3\/8)<\/td>\n<td>130 g (1+4\/8)<\/td>\n<td>147 g (1+6\/8)<\/td>\n<\/tr>\n<tr>\n<td>9 kg<\/td>\n<td>122 g (1+4\/8)<\/td>\n<td>142 g (1+6\/8)<\/td>\n<td>161 g (1+7\/8)<\/td>\n<\/tr>\n<tr>\n<td>10 kg<\/td>\n<td>132 g (1+5\/8)<\/td>\n<td>153 g (1+7\/8)<\/td>\n<td>174 g (2+1\/8)<\/td>\n<\/tr>\n<tr>\n<td>11 kg<\/td>\n<td>142 g (1+6\/8)<\/td>\n<td>165 g (2)<\/td>\n<td>187 g (2+2\/8)<\/td>\n<\/tr>\n<tr>\n<td>12 kg<\/td>\n<td>152 g (1+6\/8)<\/td>\n<td>176 g (2+1\/8)<\/td>\n<td>200 g (2+3\/8)<\/td>\n<\/tr>\n<tr>\n<td>14 kg<\/td>\n<td>170 g (2)<\/td>\n<td>197 g (2+3\/8)<\/td>\n<td>224 g (2+5\/8)<\/td>\n<\/tr>\n<\/tbody>\n<\/table>\n","protected":false},"excerpt":{"rendered":"<div class=\"wrap-short-des\">\n<div class=\"detailHeader\">\n<div class=\"desAndStars rc-margin-bottom--xs d-flex flex-wrap flex-md-nowrap justify-content-between\">\n<div class=\"des\">\n<h2 class=\"text-break mb-1 mt-2\">Aliment complet pour chiens\u00a0 &#8211; Sp\u00e9cialement con\u00e7u pour Bouledogue Fran\u00e7ais adulte, \u00e0 partir de 12 mois.<\/h2>\n<\/div>\n<\/div>\n<div class=\"description\"><\/div>\n<\/div>\n<\/div>\n<div>\n<div class=\"align-left flex rc-margin-bottom--xs\">\n<p class=\"rc-margin-right--xs\">Le Bouledogue Fran\u00e7ais est une race de petite taille \u00e0 la musculature puissante, au corps compact et \u00e0 l\u2019ossature solide. Ces chiens vigoureux sont g\u00e9n\u00e9ralement vifs, actifs et intelligents. ROYAL CANIN\u00ae French Bulldog Adult est sp\u00e9cialement formul\u00e9 pour r\u00e9pondre \u00e0 tous les besoins nutritionnels de votre chien adulte et convient aux Bouledogues Fran\u00e7ais de plus de 12 mois. \u00a0 Pour entretenir sa puissante musculature, le Bouledogue Fran\u00e7ais a besoin d\u2019exercice r\u00e9gulier. De courtes promenades sont plus b\u00e9n\u00e9fiques \u00e0 ses os et ses articulations que le fait de courir ou de sauter. La nutrition est \u00e9galement essentielle pour entretenir efficacement sa masse musculaire, c\u2019est pourquoi ROYAL CANIN\u00ae French Bulldog Adult contient de la L-Carnitine et une teneur optimale en prot\u00e9ines. \u00a0 ROYAL CANIN\u00ae French Bulldog Adult offre \u00e9galement \u00e0 votre chien des nutriments sp\u00e9cifiques, dont un complexe sp\u00e9cialement dos\u00e9 d\u2019EPA et de DHA pour pr\u00e9server et renforcer la sant\u00e9 de la peau et du pelage particulier de votre Bouledogue Fran\u00e7ais. \u00a0 De plus, ROYAL CANIN\u00ae French Bulldog Adult contribue au maintien d\u2019une sant\u00e9 digestive optimale en favorisant un bon \u00e9quilibre de la flore intestinale. Ceci aide \u00e0 r\u00e9duire les flatulences excessives et att\u00e9nue l\u2019odeur de ses selles.<\/p>\n<\/div>\n<\/div>\n","protected":false},"featured_media":2128,"comment_status":"open","ping_status":"closed","template":"","meta":[],"product_brand":[],"product_cat":[60],"product_tag":[],"class_list":{"0":"post-2127","1":"product","2":"type-product","3":"status-publish","4":"has-post-thumbnail","6":"product_cat-alimentation-chien","8":"first","9":"instock","10":"sale","11":"shipping-taxable","12":"purchasable","13":"product-type-simple"},"yoast_head":"<!-- This site is optimized with the Yoast SEO plugin v25.8 - https:\/\/yoast.com\/wordpress\/plugins\/seo\/ -->\n<title>Royal Canin Bouledogue Fran\u00e7ais Adulte 3 Kg - puppymaroc.com<\/title>\n<meta name=\"description\" content=\"Aliment complet pour chiens - Sp\u00e9cialement con\u00e7u pour Bouledogue Fran\u00e7ais adulte, \u00e0 partir de 12 mois.Le Bouledogue Fran\u00e7ais est une race de petite taille \u00e0 la musculature puissante, au corps compact et \u00e0 l\u2019ossature solide. Ces chiens vigoureux sont g\u00e9n\u00e9ralement vifs, actifs et intelligents. ROYAL CANIN\u00ae French Bulldog Adult est sp\u00e9cialement formul\u00e9 pour r\u00e9pondre \u00e0 tous les besoins nutritionnels de votre chien adulte et convient aux Bouledogues Fran\u00e7ais de plus de 12 mois. Pour entretenir sa puissante musculature, le Bouledogue Fran\u00e7ais a besoin d\u2019exercice r\u00e9gulier. De courtes promenades sont plus b\u00e9n\u00e9fiques \u00e0 ses os et ses articulations que le fait de courir ou de sauter. La nutrition est \u00e9galement essentielle pour entretenir efficacement sa masse musculaire, c\u2019est pourquoi ROYAL CANIN\u00ae French Bulldog Adult contient de la L-Carnitine et une teneur optimale en prot\u00e9ines. ROYAL CANIN\u00ae French Bulldog Adult offre \u00e9galement \u00e0 votre chien des nutriments sp\u00e9cifiques, dont un complexe sp\u00e9cialement dos\u00e9 d\u2019EPA et de DHA pour pr\u00e9server et renforcer la sant\u00e9 de la peau et du pelage particulier de votre Bouledogue Fran\u00e7ais. De plus, ROYAL CANIN\u00ae French Bulldog Adult contribue au maintien d\u2019une sant\u00e9 digestive optimale en favorisant un bon \u00e9quilibre de la flore intestinale. Ceci aide \u00e0 r\u00e9duire les flatulences excessives et att\u00e9nue l\u2019odeur de ses selles.\" \/>\n<meta name=\"robots\" content=\"index, follow, max-snippet:-1, max-image-preview:large, max-video-preview:-1\" \/>\n<link rel=\"canonical\" href=\"https:\/\/puppymaroc.webmarocagency.com\/?product=royal-canin-bouledogue-francais-adulte-3-kg\" \/>\n<meta property=\"og:locale\" content=\"fr_FR\" \/>\n<meta property=\"og:type\" content=\"article\" \/>\n<meta property=\"og:title\" content=\"Royal Canin Bouledogue Fran\u00e7ais Adulte 3 Kg - puppymaroc.com\" \/>\n<meta property=\"og:description\" content=\"Aliment complet pour chiens - Sp\u00e9cialement con\u00e7u pour Bouledogue Fran\u00e7ais adulte, \u00e0 partir de 12 mois.Le Bouledogue Fran\u00e7ais est une race de petite taille \u00e0 la musculature puissante, au corps compact et \u00e0 l\u2019ossature solide. Ces chiens vigoureux sont g\u00e9n\u00e9ralement vifs, actifs et intelligents. ROYAL CANIN\u00ae French Bulldog Adult est sp\u00e9cialement formul\u00e9 pour r\u00e9pondre \u00e0 tous les besoins nutritionnels de votre chien adulte et convient aux Bouledogues Fran\u00e7ais de plus de 12 mois. Pour entretenir sa puissante musculature, le Bouledogue Fran\u00e7ais a besoin d\u2019exercice r\u00e9gulier. De courtes promenades sont plus b\u00e9n\u00e9fiques \u00e0 ses os et ses articulations que le fait de courir ou de sauter. La nutrition est \u00e9galement essentielle pour entretenir efficacement sa masse musculaire, c\u2019est pourquoi ROYAL CANIN\u00ae French Bulldog Adult contient de la L-Carnitine et une teneur optimale en prot\u00e9ines. ROYAL CANIN\u00ae French Bulldog Adult offre \u00e9galement \u00e0 votre chien des nutriments sp\u00e9cifiques, dont un complexe sp\u00e9cialement dos\u00e9 d\u2019EPA et de DHA pour pr\u00e9server et renforcer la sant\u00e9 de la peau et du pelage particulier de votre Bouledogue Fran\u00e7ais. De plus, ROYAL CANIN\u00ae French Bulldog Adult contribue au maintien d\u2019une sant\u00e9 digestive optimale en favorisant un bon \u00e9quilibre de la flore intestinale. Ceci aide \u00e0 r\u00e9duire les flatulences excessives et att\u00e9nue l\u2019odeur de ses selles.\" \/>\n<meta property=\"og:url\" content=\"https:\/\/puppymaroc.webmarocagency.com\/?product=royal-canin-bouledogue-francais-adulte-3-kg\" \/>\n<meta property=\"og:site_name\" content=\"puppymaroc.com\" \/>\n<meta property=\"article:publisher\" content=\"https:\/\/www.facebook.com\/PuppyMaroc?mibextid=ZbWKwL\" \/>\n<meta property=\"og:image\" content=\"https:\/\/puppymaroc.webmarocagency.com\/wp-content\/uploads\/2024\/09\/background-puppy-maroc-7.png\" \/>\n\t<meta property=\"og:image:width\" content=\"1080\" \/>\n\t<meta property=\"og:image:height\" content=\"1080\" \/>\n\t<meta property=\"og:image:type\" content=\"image\/png\" \/>\n<meta name=\"twitter:card\" content=\"summary_large_image\" \/>\n<meta name=\"twitter:label1\" content=\"Dur\u00e9e de lecture estim\u00e9e\" \/>\n\t<meta name=\"twitter:data1\" content=\"2 minutes\" \/>\n<script type=\"application\/ld+json\" class=\"yoast-schema-graph\">{\"@context\":\"https:\/\/schema.org\",\"@graph\":[{\"@type\":\"WebPage\",\"@id\":\"https:\/\/puppymaroc.webmarocagency.com\/?product=royal-canin-bouledogue-francais-adulte-3-kg\",\"url\":\"https:\/\/puppymaroc.webmarocagency.com\/?product=royal-canin-bouledogue-francais-adulte-3-kg\",\"name\":\"Royal Canin Bouledogue Fran\u00e7ais Adulte 3 Kg - puppymaroc.com\",\"isPartOf\":{\"@id\":\"https:\/\/puppymaroc.webmarocagency.com\/#website\"},\"primaryImageOfPage\":{\"@id\":\"https:\/\/puppymaroc.webmarocagency.com\/?product=royal-canin-bouledogue-francais-adulte-3-kg#primaryimage\"},\"image\":{\"@id\":\"https:\/\/puppymaroc.webmarocagency.com\/?product=royal-canin-bouledogue-francais-adulte-3-kg#primaryimage\"},\"thumbnailUrl\":\"https:\/\/puppymaroc.webmarocagency.com\/wp-content\/uploads\/2024\/09\/background-puppy-maroc-7.png\",\"datePublished\":\"2024-09-20T17:57:07+00:00\",\"description\":\"Aliment complet pour chiens - Sp\u00e9cialement con\u00e7u pour Bouledogue Fran\u00e7ais adulte, \u00e0 partir de 12 mois.Le Bouledogue Fran\u00e7ais est une race de petite taille \u00e0 la musculature puissante, au corps compact et \u00e0 l\u2019ossature solide. Ces chiens vigoureux sont g\u00e9n\u00e9ralement vifs, actifs et intelligents. ROYAL CANIN\u00ae French Bulldog Adult est sp\u00e9cialement formul\u00e9 pour r\u00e9pondre \u00e0 tous les besoins nutritionnels de votre chien adulte et convient aux Bouledogues Fran\u00e7ais de plus de 12 mois. Pour entretenir sa puissante musculature, le Bouledogue Fran\u00e7ais a besoin d\u2019exercice r\u00e9gulier. De courtes promenades sont plus b\u00e9n\u00e9fiques \u00e0 ses os et ses articulations que le fait de courir ou de sauter. La nutrition est \u00e9galement essentielle pour entretenir efficacement sa masse musculaire, c\u2019est pourquoi ROYAL CANIN\u00ae French Bulldog Adult contient de la L-Carnitine et une teneur optimale en prot\u00e9ines. ROYAL CANIN\u00ae French Bulldog Adult offre \u00e9galement \u00e0 votre chien des nutriments sp\u00e9cifiques, dont un complexe sp\u00e9cialement dos\u00e9 d\u2019EPA et de DHA pour pr\u00e9server et renforcer la sant\u00e9 de la peau et du pelage particulier de votre Bouledogue Fran\u00e7ais. De plus, ROYAL CANIN\u00ae French Bulldog Adult contribue au maintien d\u2019une sant\u00e9 digestive optimale en favorisant un bon \u00e9quilibre de la flore intestinale. Ceci aide \u00e0 r\u00e9duire les flatulences excessives et att\u00e9nue l\u2019odeur de ses selles.\",\"breadcrumb\":{\"@id\":\"https:\/\/puppymaroc.webmarocagency.com\/?product=royal-canin-bouledogue-francais-adulte-3-kg#breadcrumb\"},\"inLanguage\":\"fr-FR\",\"potentialAction\":[{\"@type\":\"ReadAction\",\"target\":[\"https:\/\/puppymaroc.webmarocagency.com\/?product=royal-canin-bouledogue-francais-adulte-3-kg\"]}]},{\"@type\":\"ImageObject\",\"inLanguage\":\"fr-FR\",\"@id\":\"https:\/\/puppymaroc.webmarocagency.com\/?product=royal-canin-bouledogue-francais-adulte-3-kg#primaryimage\",\"url\":\"https:\/\/puppymaroc.webmarocagency.com\/wp-content\/uploads\/2024\/09\/background-puppy-maroc-7.png\",\"contentUrl\":\"https:\/\/puppymaroc.webmarocagency.com\/wp-content\/uploads\/2024\/09\/background-puppy-maroc-7.png\",\"width\":1080,\"height\":1080},{\"@type\":\"BreadcrumbList\",\"@id\":\"https:\/\/puppymaroc.webmarocagency.com\/?product=royal-canin-bouledogue-francais-adulte-3-kg#breadcrumb\",\"itemListElement\":[{\"@type\":\"ListItem\",\"position\":1,\"name\":\"Accueil\",\"item\":\"https:\/\/puppymaroc.webmarocagency.com\/\"},{\"@type\":\"ListItem\",\"position\":2,\"name\":\"Produit\",\"item\":\"https:\/\/puppymaroc.webmarocagency.com\/?page_id=1561\"},{\"@type\":\"ListItem\",\"position\":3,\"name\":\"Royal Canin Bouledogue Fran\u00e7ais Adulte 3 Kg\"}]},{\"@type\":\"WebSite\",\"@id\":\"https:\/\/puppymaroc.webmarocagency.com\/#website\",\"url\":\"https:\/\/puppymaroc.webmarocagency.com\/\",\"name\":\"puppymaroc.com\",\"description\":\"puppymaroc\",\"publisher\":{\"@id\":\"https:\/\/puppymaroc.webmarocagency.com\/#organization\"},\"potentialAction\":[{\"@type\":\"SearchAction\",\"target\":{\"@type\":\"EntryPoint\",\"urlTemplate\":\"https:\/\/puppymaroc.webmarocagency.com\/?s={search_term_string}\"},\"query-input\":{\"@type\":\"PropertyValueSpecification\",\"valueRequired\":true,\"valueName\":\"search_term_string\"}}],\"inLanguage\":\"fr-FR\"},{\"@type\":\"Organization\",\"@id\":\"https:\/\/puppymaroc.webmarocagency.com\/#organization\",\"name\":\"puppymaroc.com\",\"url\":\"https:\/\/puppymaroc.webmarocagency.com\/\",\"logo\":{\"@type\":\"ImageObject\",\"inLanguage\":\"fr-FR\",\"@id\":\"https:\/\/puppymaroc.webmarocagency.com\/#\/schema\/logo\/image\/\",\"url\":\"https:\/\/puppymaroc.webmarocagency.com\/wp-content\/uploads\/2024\/02\/cropped-cropped-puppy-maroc-logo-rmv-2.png\",\"contentUrl\":\"https:\/\/puppymaroc.webmarocagency.com\/wp-content\/uploads\/2024\/02\/cropped-cropped-puppy-maroc-logo-rmv-2.png\",\"width\":958,\"height\":920,\"caption\":\"puppymaroc.com\"},\"image\":{\"@id\":\"https:\/\/puppymaroc.webmarocagency.com\/#\/schema\/logo\/image\/\"},\"sameAs\":[\"https:\/\/www.facebook.com\/PuppyMaroc?mibextid=ZbWKwL\"]}]}<\/script>\n<!-- \/ Yoast SEO plugin. -->","yoast_head_json":{"title":"Royal Canin Bouledogue Fran\u00e7ais Adulte 3 Kg - puppymaroc.com","description":"Aliment complet pour chiens - Sp\u00e9cialement con\u00e7u pour Bouledogue Fran\u00e7ais adulte, \u00e0 partir de 12 mois.Le Bouledogue Fran\u00e7ais est une race de petite taille \u00e0 la musculature puissante, au corps compact et \u00e0 l\u2019ossature solide. Ces chiens vigoureux sont g\u00e9n\u00e9ralement vifs, actifs et intelligents. ROYAL CANIN\u00ae French Bulldog Adult est sp\u00e9cialement formul\u00e9 pour r\u00e9pondre \u00e0 tous les besoins nutritionnels de votre chien adulte et convient aux Bouledogues Fran\u00e7ais de plus de 12 mois. Pour entretenir sa puissante musculature, le Bouledogue Fran\u00e7ais a besoin d\u2019exercice r\u00e9gulier. De courtes promenades sont plus b\u00e9n\u00e9fiques \u00e0 ses os et ses articulations que le fait de courir ou de sauter. La nutrition est \u00e9galement essentielle pour entretenir efficacement sa masse musculaire, c\u2019est pourquoi ROYAL CANIN\u00ae French Bulldog Adult contient de la L-Carnitine et une teneur optimale en prot\u00e9ines. ROYAL CANIN\u00ae French Bulldog Adult offre \u00e9galement \u00e0 votre chien des nutriments sp\u00e9cifiques, dont un complexe sp\u00e9cialement dos\u00e9 d\u2019EPA et de DHA pour pr\u00e9server et renforcer la sant\u00e9 de la peau et du pelage particulier de votre Bouledogue Fran\u00e7ais. De plus, ROYAL CANIN\u00ae French Bulldog Adult contribue au maintien d\u2019une sant\u00e9 digestive optimale en favorisant un bon \u00e9quilibre de la flore intestinale. Ceci aide \u00e0 r\u00e9duire les flatulences excessives et att\u00e9nue l\u2019odeur de ses selles.","robots":{"index":"index","follow":"follow","max-snippet":"max-snippet:-1","max-image-preview":"max-image-preview:large","max-video-preview":"max-video-preview:-1"},"canonical":"https:\/\/puppymaroc.webmarocagency.com\/?product=royal-canin-bouledogue-francais-adulte-3-kg","og_locale":"fr_FR","og_type":"article","og_title":"Royal Canin Bouledogue Fran\u00e7ais Adulte 3 Kg - puppymaroc.com","og_description":"Aliment complet pour chiens - Sp\u00e9cialement con\u00e7u pour Bouledogue Fran\u00e7ais adulte, \u00e0 partir de 12 mois.Le Bouledogue Fran\u00e7ais est une race de petite taille \u00e0 la musculature puissante, au corps compact et \u00e0 l\u2019ossature solide. Ces chiens vigoureux sont g\u00e9n\u00e9ralement vifs, actifs et intelligents. ROYAL CANIN\u00ae French Bulldog Adult est sp\u00e9cialement formul\u00e9 pour r\u00e9pondre \u00e0 tous les besoins nutritionnels de votre chien adulte et convient aux Bouledogues Fran\u00e7ais de plus de 12 mois. Pour entretenir sa puissante musculature, le Bouledogue Fran\u00e7ais a besoin d\u2019exercice r\u00e9gulier. De courtes promenades sont plus b\u00e9n\u00e9fiques \u00e0 ses os et ses articulations que le fait de courir ou de sauter. La nutrition est \u00e9galement essentielle pour entretenir efficacement sa masse musculaire, c\u2019est pourquoi ROYAL CANIN\u00ae French Bulldog Adult contient de la L-Carnitine et une teneur optimale en prot\u00e9ines. ROYAL CANIN\u00ae French Bulldog Adult offre \u00e9galement \u00e0 votre chien des nutriments sp\u00e9cifiques, dont un complexe sp\u00e9cialement dos\u00e9 d\u2019EPA et de DHA pour pr\u00e9server et renforcer la sant\u00e9 de la peau et du pelage particulier de votre Bouledogue Fran\u00e7ais. De plus, ROYAL CANIN\u00ae French Bulldog Adult contribue au maintien d\u2019une sant\u00e9 digestive optimale en favorisant un bon \u00e9quilibre de la flore intestinale. Ceci aide \u00e0 r\u00e9duire les flatulences excessives et att\u00e9nue l\u2019odeur de ses selles.","og_url":"https:\/\/puppymaroc.webmarocagency.com\/?product=royal-canin-bouledogue-francais-adulte-3-kg","og_site_name":"puppymaroc.com","article_publisher":"https:\/\/www.facebook.com\/PuppyMaroc?mibextid=ZbWKwL","og_image":[{"width":1080,"height":1080,"url":"https:\/\/puppymaroc.webmarocagency.com\/wp-content\/uploads\/2024\/09\/background-puppy-maroc-7.png","type":"image\/png"}],"twitter_card":"summary_large_image","twitter_misc":{"Dur\u00e9e de lecture estim\u00e9e":"2 minutes"},"schema":{"@context":"https:\/\/schema.org","@graph":[{"@type":"WebPage","@id":"https:\/\/puppymaroc.webmarocagency.com\/?product=royal-canin-bouledogue-francais-adulte-3-kg","url":"https:\/\/puppymaroc.webmarocagency.com\/?product=royal-canin-bouledogue-francais-adulte-3-kg","name":"Royal Canin Bouledogue Fran\u00e7ais Adulte 3 Kg - puppymaroc.com","isPartOf":{"@id":"https:\/\/puppymaroc.webmarocagency.com\/#website"},"primaryImageOfPage":{"@id":"https:\/\/puppymaroc.webmarocagency.com\/?product=royal-canin-bouledogue-francais-adulte-3-kg#primaryimage"},"image":{"@id":"https:\/\/puppymaroc.webmarocagency.com\/?product=royal-canin-bouledogue-francais-adulte-3-kg#primaryimage"},"thumbnailUrl":"https:\/\/puppymaroc.webmarocagency.com\/wp-content\/uploads\/2024\/09\/background-puppy-maroc-7.png","datePublished":"2024-09-20T17:57:07+00:00","description":"Aliment complet pour chiens - Sp\u00e9cialement con\u00e7u pour Bouledogue Fran\u00e7ais adulte, \u00e0 partir de 12 mois.Le Bouledogue Fran\u00e7ais est une race de petite taille \u00e0 la musculature puissante, au corps compact et \u00e0 l\u2019ossature solide. Ces chiens vigoureux sont g\u00e9n\u00e9ralement vifs, actifs et intelligents. ROYAL CANIN\u00ae French Bulldog Adult est sp\u00e9cialement formul\u00e9 pour r\u00e9pondre \u00e0 tous les besoins nutritionnels de votre chien adulte et convient aux Bouledogues Fran\u00e7ais de plus de 12 mois. Pour entretenir sa puissante musculature, le Bouledogue Fran\u00e7ais a besoin d\u2019exercice r\u00e9gulier. De courtes promenades sont plus b\u00e9n\u00e9fiques \u00e0 ses os et ses articulations que le fait de courir ou de sauter. La nutrition est \u00e9galement essentielle pour entretenir efficacement sa masse musculaire, c\u2019est pourquoi ROYAL CANIN\u00ae French Bulldog Adult contient de la L-Carnitine et une teneur optimale en prot\u00e9ines. ROYAL CANIN\u00ae French Bulldog Adult offre \u00e9galement \u00e0 votre chien des nutriments sp\u00e9cifiques, dont un complexe sp\u00e9cialement dos\u00e9 d\u2019EPA et de DHA pour pr\u00e9server et renforcer la sant\u00e9 de la peau et du pelage particulier de votre Bouledogue Fran\u00e7ais. De plus, ROYAL CANIN\u00ae French Bulldog Adult contribue au maintien d\u2019une sant\u00e9 digestive optimale en favorisant un bon \u00e9quilibre de la flore intestinale. Ceci aide \u00e0 r\u00e9duire les flatulences excessives et att\u00e9nue l\u2019odeur de ses selles.","breadcrumb":{"@id":"https:\/\/puppymaroc.webmarocagency.com\/?product=royal-canin-bouledogue-francais-adulte-3-kg#breadcrumb"},"inLanguage":"fr-FR","potentialAction":[{"@type":"ReadAction","target":["https:\/\/puppymaroc.webmarocagency.com\/?product=royal-canin-bouledogue-francais-adulte-3-kg"]}]},{"@type":"ImageObject","inLanguage":"fr-FR","@id":"https:\/\/puppymaroc.webmarocagency.com\/?product=royal-canin-bouledogue-francais-adulte-3-kg#primaryimage","url":"https:\/\/puppymaroc.webmarocagency.com\/wp-content\/uploads\/2024\/09\/background-puppy-maroc-7.png","contentUrl":"https:\/\/puppymaroc.webmarocagency.com\/wp-content\/uploads\/2024\/09\/background-puppy-maroc-7.png","width":1080,"height":1080},{"@type":"BreadcrumbList","@id":"https:\/\/puppymaroc.webmarocagency.com\/?product=royal-canin-bouledogue-francais-adulte-3-kg#breadcrumb","itemListElement":[{"@type":"ListItem","position":1,"name":"Accueil","item":"https:\/\/puppymaroc.webmarocagency.com\/"},{"@type":"ListItem","position":2,"name":"Produit","item":"https:\/\/puppymaroc.webmarocagency.com\/?page_id=1561"},{"@type":"ListItem","position":3,"name":"Royal Canin Bouledogue Fran\u00e7ais Adulte 3 Kg"}]},{"@type":"WebSite","@id":"https:\/\/puppymaroc.webmarocagency.com\/#website","url":"https:\/\/puppymaroc.webmarocagency.com\/","name":"puppymaroc.com","description":"puppymaroc","publisher":{"@id":"https:\/\/puppymaroc.webmarocagency.com\/#organization"},"potentialAction":[{"@type":"SearchAction","target":{"@type":"EntryPoint","urlTemplate":"https:\/\/puppymaroc.webmarocagency.com\/?s={search_term_string}"},"query-input":{"@type":"PropertyValueSpecification","valueRequired":true,"valueName":"search_term_string"}}],"inLanguage":"fr-FR"},{"@type":"Organization","@id":"https:\/\/puppymaroc.webmarocagency.com\/#organization","name":"puppymaroc.com","url":"https:\/\/puppymaroc.webmarocagency.com\/","logo":{"@type":"ImageObject","inLanguage":"fr-FR","@id":"https:\/\/puppymaroc.webmarocagency.com\/#\/schema\/logo\/image\/","url":"https:\/\/puppymaroc.webmarocagency.com\/wp-content\/uploads\/2024\/02\/cropped-cropped-puppy-maroc-logo-rmv-2.png","contentUrl":"https:\/\/puppymaroc.webmarocagency.com\/wp-content\/uploads\/2024\/02\/cropped-cropped-puppy-maroc-logo-rmv-2.png","width":958,"height":920,"caption":"puppymaroc.com"},"image":{"@id":"https:\/\/puppymaroc.webmarocagency.com\/#\/schema\/logo\/image\/"},"sameAs":["https:\/\/www.facebook.com\/PuppyMaroc?mibextid=ZbWKwL"]}]}},"_links":{"self":[{"href":"https:\/\/puppymaroc.webmarocagency.com\/index.php?rest_route=\/wp\/v2\/product\/2127","targetHints":{"allow":["GET"]}}],"collection":[{"href":"https:\/\/puppymaroc.webmarocagency.com\/index.php?rest_route=\/wp\/v2\/product"}],"about":[{"href":"https:\/\/puppymaroc.webmarocagency.com\/index.php?rest_route=\/wp\/v2\/types\/product"}],"replies":[{"embeddable":true,"href":"https:\/\/puppymaroc.webmarocagency.com\/index.php?rest_route=%2Fwp%2Fv2%2Fcomments&post=2127"}],"wp:featuredmedia":[{"embeddable":true,"href":"https:\/\/puppymaroc.webmarocagency.com\/index.php?rest_route=\/wp\/v2\/media\/2128"}],"wp:attachment":[{"href":"https:\/\/puppymaroc.webmarocagency.com\/index.php?rest_route=%2Fwp%2Fv2%2Fmedia&parent=2127"}],"wp:term":[{"taxonomy":"product_brand","embeddable":true,"href":"https:\/\/puppymaroc.webmarocagency.com\/index.php?rest_route=%2Fwp%2Fv2%2Fproduct_brand&post=2127"},{"taxonomy":"product_cat","embeddable":true,"href":"https:\/\/puppymaroc.webmarocagency.com\/index.php?rest_route=%2Fwp%2Fv2%2Fproduct_cat&post=2127"},{"taxonomy":"product_tag","embeddable":true,"href":"https:\/\/puppymaroc.webmarocagency.com\/index.php?rest_route=%2Fwp%2Fv2%2Fproduct_tag&post=2127"}],"curies":[{"name":"wp","href":"https:\/\/api.w.org\/{rel}","templated":true}]}}