{"id":2129,"date":"2024-09-20T19:10:21","date_gmt":"2024-09-20T18:10:21","guid":{"rendered":"https:\/\/puppymaroc.com\/?post_type=product&#038;p=2129"},"modified":"2024-09-20T19:10:37","modified_gmt":"2024-09-20T18:10:37","slug":"royal-canin-savour-exigent-400-gr","status":"publish","type":"product","link":"https:\/\/puppymaroc.webmarocagency.com\/?product=royal-canin-savour-exigent-400-gr","title":{"rendered":"Royal Canin Savour Exigent 400 gr"},"content":{"rendered":"<p><strong>INFORMATIONS NUTRITIONELLES :<\/strong><\/p>\n<div class=\"content\">Composition : ma\u00efs, prot\u00e9ines de volaille d\u00e9shydrat\u00e9es, riz, isolat de prot\u00e9ines v\u00e9g\u00e9tales*, graisses animales, gluten de ma\u00efs, hydrolysat de prot\u00e9ines animales, fibres v\u00e9g\u00e9tales, levures et composants de levures, sels min\u00e9raux, pulpe de betterave, huile de soja, fructo-oligo-saccharides, huile de bourrache.<\/div>\n<p>&nbsp;<\/p>\n<p>Additifs (au kg)\u00a0: Additifs nutritionnels\u00a0: Vitamine A\u00a0: 14500\u00a0UI, Vitamine D3\u00a0: 800\u00a0UI, E1 (Fer)\u00a0: 37\u00a0mg, E2 (Iode)\u00a0: 3,7\u00a0mg, E4 (Cuivre)\u00a0: 11\u00a0mg, E5 (Mangan\u00e8se)\u00a0: 48\u00a0mg, E6 (Zinc)\u00a0: 143\u00a0mg, E8 (S\u00e9l\u00e9nium)\u00a0: 0,08\u00a0mg\u00a0&#8211; Additifs technologiques\u00a0: Clinoptilolite d\u2019origine s\u00e9dimentaire\u00a0: 5\u00a0g\u00a0&#8211; Additifs zootechniques\u00a0: Chlorure d\u2019ammonium\u00a0: 5\u00a0g\u00a0&#8211; Conservateurs\u00a0&#8211; Antioxyg\u00e8nes.<\/p>\n<p>Constituants analytiques\u00a0: Prot\u00e9ine\u00a0: 33\u00a0%\u00a0&#8211; Teneur en mati\u00e8res grasses\u00a0: 16\u00a0%\u00a0&#8211; Cendres brutes\u00a0: 7,2\u00a0%\u00a0&#8211; Cellulose brute\u00a0: 3,1\u00a0%.<\/p>\n<p>*L.I.P.\u00a0: prot\u00e9ine s\u00e9lectionn\u00e9e pour sa tr\u00e8s haute digestibilit\u00e9.<\/p>\n<p>Mode d\u2019emploi : voir tableau. Num\u00e9ro de lot et d\u2019identifiant usine, \u00e0 utiliser de pr\u00e9f\u00e9rence avant\u00a0: voir sur l\u2019emballage. \u00c0 conserver dans un endroit sec et frais.<\/p>\n<p><strong>\u00a0 \u00a0RATIONS :<\/strong><\/p>\n<table>\n<thead>\n<tr>\n<th>Poids du chat<\/th>\n<th>Inf\u00e9rieur au poids id\u00e9al<\/th>\n<th>Poids id\u00e9al<\/th>\n<th>Sup\u00e9rieur au poids id\u00e9al<\/th>\n<\/tr>\n<\/thead>\n<tbody>\n<tr>\n<td>3 kg<\/td>\n<td>51 g<\/td>\n<td>43 g<\/td>\n<td>&#8211;<\/td>\n<\/tr>\n<tr>\n<td>4 kg<\/td>\n<td>63 g<\/td>\n<td>53 g<\/td>\n<td>42 g<\/td>\n<\/tr>\n<tr>\n<td>5 kg<\/td>\n<td>74 g<\/td>\n<td>62 g<\/td>\n<td>49 g<\/td>\n<\/tr>\n<tr>\n<td>6 kg<\/td>\n<td>&#8211;<\/td>\n<td>70 g<\/td>\n<td>56 g<\/td>\n<\/tr>\n<\/tbody>\n<\/table>\n","protected":false},"excerpt":{"rendered":"<div class=\"desAndStars rc-margin-bottom--xs d-flex flex-wrap flex-md-nowrap justify-content-between\">\n<div class=\"des\">\n<h2 class=\"text-break mb-1 mt-2\">Aliment complet et \u00e9quilibr\u00e9 pour chats adultes de plus de 1 an tr\u00e8s difficiles.<\/h2>\n<\/div>\n<\/div>\n<div class=\"description\">Certains chats ont un app\u00e9tit capricieux et refusent parfois la nourriture que vous leur donnez. Cependant, ce comportement n\u2019est pas sp\u00e9cifique aux chats et peut donc \u00eatre rectifi\u00e9 si vous choisissez des aliments contenant des nutriments sains qui peuvent \u00e9galement satisfaire l\u2019app\u00e9tit particulier de votre chat. \u00a0 Certains chats difficiles sont attir\u00e9s par la diversit\u00e9 dans leur gamelle. Afin de stimuler les pr\u00e9f\u00e9rences naturelles de votre chat, ROYAL CANIN\u00ae Savour Exigent contient deux types de croquettes synergiques, de composition et de textures diff\u00e9rentes pour am\u00e9liorer la double sensation gustative, m\u00eame chez les chats les plus difficiles. \u00a0 De plus, le contenu \u00e9nerg\u00e9tique sp\u00e9cialement adapt\u00e9 de ROYAL CANIN\u00ae Savour Exigent aide \u00e0 maintenir le poids id\u00e9al d\u2019un chat adulte comme le v\u00f4tre. \u00a0 ROYAL CANIN\u00ae Savour Exigent stimulera l\u2019app\u00e9tit de votre chat et lui fournira tous les nutriments dont il a besoin pour rester actif et en bonne sant\u00e9, et convient aux chats d\u2019int\u00e9rieur et d\u2019ext\u00e9rieur.\u00a0 \u00a0 ROYAL CANIN\u00ae a d\u00e9velopp\u00e9 3 formules diff\u00e9rentes pour satisfaire m\u00eame les chats les plus exigeants ! Ces produits font tous partie de notre gamme Feline Preference, qui comprend \u00e9galement les formules ROYAL CANIN\u00ae Aroma Exigent et ROYAL CANIN\u00ae Protein Exigent.<\/div>\n","protected":false},"featured_media":2131,"comment_status":"open","ping_status":"closed","template":"","meta":[],"product_brand":[],"product_cat":[74],"product_tag":[],"class_list":{"0":"post-2129","1":"product","2":"type-product","3":"status-publish","4":"has-post-thumbnail","6":"product_cat-alimentation-2","8":"first","9":"instock","10":"sale","11":"shipping-taxable","12":"purchasable","13":"product-type-simple"},"yoast_head":"<!-- This site is optimized with the Yoast SEO plugin v25.8 - https:\/\/yoast.com\/wordpress\/plugins\/seo\/ -->\n<title>Royal Canin Savour Exigent 400 gr - puppymaroc.com<\/title>\n<meta name=\"description\" content=\"Aliment complet et \u00e9quilibr\u00e9 pour chats adultes de plus de 1 an tr\u00e8s difficiles.Certains chats ont un app\u00e9tit capricieux et refusent parfois la nourriture que vous leur donnez. Cependant, ce comportement n\u2019est pas sp\u00e9cifique aux chats et peut donc \u00eatre rectifi\u00e9 si vous choisissez des aliments contenant des nutriments sains qui peuvent \u00e9galement satisfaire l\u2019app\u00e9tit particulier de votre chat. Certains chats difficiles sont attir\u00e9s par la diversit\u00e9 dans leur gamelle. Afin de stimuler les pr\u00e9f\u00e9rences naturelles de votre chat, ROYAL CANIN\u00ae Savour Exigent contient deux types de croquettes synergiques, de composition et de textures diff\u00e9rentes pour am\u00e9liorer la double sensation gustative, m\u00eame chez les chats les plus difficiles. De plus, le contenu \u00e9nerg\u00e9tique sp\u00e9cialement adapt\u00e9 de ROYAL CANIN\u00ae Savour Exigent aide \u00e0 maintenir le poids id\u00e9al d\u2019un chat adulte comme le v\u00f4tre. ROYAL CANIN\u00ae Savour Exigent stimulera l\u2019app\u00e9tit de votre chat et lui fournira tous les nutriments dont il a besoin pour rester actif et en bonne sant\u00e9, et convient aux chats d\u2019int\u00e9rieur et d\u2019ext\u00e9rieur. ROYAL CANIN\u00ae a d\u00e9velopp\u00e9 3 formules diff\u00e9rentes pour satisfaire m\u00eame les chats les plus exigeants ! Ces produits font tous partie de notre gamme Feline Preference, qui comprend \u00e9galement les formules ROYAL CANIN\u00ae Aroma Exigent et ROYAL CANIN\u00ae Protein Exigent.\" \/>\n<meta name=\"robots\" content=\"index, follow, max-snippet:-1, max-image-preview:large, max-video-preview:-1\" \/>\n<link rel=\"canonical\" href=\"https:\/\/puppymaroc.webmarocagency.com\/?product=royal-canin-savour-exigent-400-gr\" \/>\n<meta property=\"og:locale\" content=\"fr_FR\" \/>\n<meta property=\"og:type\" content=\"article\" \/>\n<meta property=\"og:title\" content=\"Royal Canin Savour Exigent 400 gr - puppymaroc.com\" \/>\n<meta property=\"og:description\" content=\"Aliment complet et \u00e9quilibr\u00e9 pour chats adultes de plus de 1 an tr\u00e8s difficiles.Certains chats ont un app\u00e9tit capricieux et refusent parfois la nourriture que vous leur donnez. Cependant, ce comportement n\u2019est pas sp\u00e9cifique aux chats et peut donc \u00eatre rectifi\u00e9 si vous choisissez des aliments contenant des nutriments sains qui peuvent \u00e9galement satisfaire l\u2019app\u00e9tit particulier de votre chat. Certains chats difficiles sont attir\u00e9s par la diversit\u00e9 dans leur gamelle. Afin de stimuler les pr\u00e9f\u00e9rences naturelles de votre chat, ROYAL CANIN\u00ae Savour Exigent contient deux types de croquettes synergiques, de composition et de textures diff\u00e9rentes pour am\u00e9liorer la double sensation gustative, m\u00eame chez les chats les plus difficiles. De plus, le contenu \u00e9nerg\u00e9tique sp\u00e9cialement adapt\u00e9 de ROYAL CANIN\u00ae Savour Exigent aide \u00e0 maintenir le poids id\u00e9al d\u2019un chat adulte comme le v\u00f4tre. ROYAL CANIN\u00ae Savour Exigent stimulera l\u2019app\u00e9tit de votre chat et lui fournira tous les nutriments dont il a besoin pour rester actif et en bonne sant\u00e9, et convient aux chats d\u2019int\u00e9rieur et d\u2019ext\u00e9rieur. ROYAL CANIN\u00ae a d\u00e9velopp\u00e9 3 formules diff\u00e9rentes pour satisfaire m\u00eame les chats les plus exigeants ! Ces produits font tous partie de notre gamme Feline Preference, qui comprend \u00e9galement les formules ROYAL CANIN\u00ae Aroma Exigent et ROYAL CANIN\u00ae Protein Exigent.\" \/>\n<meta property=\"og:url\" content=\"https:\/\/puppymaroc.webmarocagency.com\/?product=royal-canin-savour-exigent-400-gr\" \/>\n<meta property=\"og:site_name\" content=\"puppymaroc.com\" \/>\n<meta property=\"article:publisher\" content=\"https:\/\/www.facebook.com\/PuppyMaroc?mibextid=ZbWKwL\" \/>\n<meta property=\"article:modified_time\" content=\"2024-09-20T18:10:37+00:00\" \/>\n<meta property=\"og:image\" content=\"https:\/\/puppymaroc.webmarocagency.com\/wp-content\/uploads\/2024\/09\/background-puppy-maroc-8.png\" \/>\n\t<meta property=\"og:image:width\" content=\"1080\" \/>\n\t<meta property=\"og:image:height\" content=\"1080\" \/>\n\t<meta property=\"og:image:type\" content=\"image\/png\" \/>\n<meta name=\"twitter:card\" content=\"summary_large_image\" \/>\n<meta name=\"twitter:label1\" content=\"Dur\u00e9e de lecture estim\u00e9e\" \/>\n\t<meta name=\"twitter:data1\" content=\"2 minutes\" \/>\n<script type=\"application\/ld+json\" class=\"yoast-schema-graph\">{\"@context\":\"https:\/\/schema.org\",\"@graph\":[{\"@type\":\"WebPage\",\"@id\":\"https:\/\/puppymaroc.webmarocagency.com\/?product=royal-canin-savour-exigent-400-gr\",\"url\":\"https:\/\/puppymaroc.webmarocagency.com\/?product=royal-canin-savour-exigent-400-gr\",\"name\":\"Royal Canin Savour Exigent 400 gr - puppymaroc.com\",\"isPartOf\":{\"@id\":\"https:\/\/puppymaroc.webmarocagency.com\/#website\"},\"primaryImageOfPage\":{\"@id\":\"https:\/\/puppymaroc.webmarocagency.com\/?product=royal-canin-savour-exigent-400-gr#primaryimage\"},\"image\":{\"@id\":\"https:\/\/puppymaroc.webmarocagency.com\/?product=royal-canin-savour-exigent-400-gr#primaryimage\"},\"thumbnailUrl\":\"https:\/\/puppymaroc.webmarocagency.com\/wp-content\/uploads\/2024\/09\/background-puppy-maroc-8.png\",\"datePublished\":\"2024-09-20T18:10:21+00:00\",\"dateModified\":\"2024-09-20T18:10:37+00:00\",\"description\":\"Aliment complet et \u00e9quilibr\u00e9 pour chats adultes de plus de 1 an tr\u00e8s difficiles.Certains chats ont un app\u00e9tit capricieux et refusent parfois la nourriture que vous leur donnez. Cependant, ce comportement n\u2019est pas sp\u00e9cifique aux chats et peut donc \u00eatre rectifi\u00e9 si vous choisissez des aliments contenant des nutriments sains qui peuvent \u00e9galement satisfaire l\u2019app\u00e9tit particulier de votre chat. Certains chats difficiles sont attir\u00e9s par la diversit\u00e9 dans leur gamelle. Afin de stimuler les pr\u00e9f\u00e9rences naturelles de votre chat, ROYAL CANIN\u00ae Savour Exigent contient deux types de croquettes synergiques, de composition et de textures diff\u00e9rentes pour am\u00e9liorer la double sensation gustative, m\u00eame chez les chats les plus difficiles. De plus, le contenu \u00e9nerg\u00e9tique sp\u00e9cialement adapt\u00e9 de ROYAL CANIN\u00ae Savour Exigent aide \u00e0 maintenir le poids id\u00e9al d\u2019un chat adulte comme le v\u00f4tre. ROYAL CANIN\u00ae Savour Exigent stimulera l\u2019app\u00e9tit de votre chat et lui fournira tous les nutriments dont il a besoin pour rester actif et en bonne sant\u00e9, et convient aux chats d\u2019int\u00e9rieur et d\u2019ext\u00e9rieur. ROYAL CANIN\u00ae a d\u00e9velopp\u00e9 3 formules diff\u00e9rentes pour satisfaire m\u00eame les chats les plus exigeants ! Ces produits font tous partie de notre gamme Feline Preference, qui comprend \u00e9galement les formules ROYAL CANIN\u00ae Aroma Exigent et ROYAL CANIN\u00ae Protein Exigent.\",\"breadcrumb\":{\"@id\":\"https:\/\/puppymaroc.webmarocagency.com\/?product=royal-canin-savour-exigent-400-gr#breadcrumb\"},\"inLanguage\":\"fr-FR\",\"potentialAction\":[{\"@type\":\"ReadAction\",\"target\":[\"https:\/\/puppymaroc.webmarocagency.com\/?product=royal-canin-savour-exigent-400-gr\"]}]},{\"@type\":\"ImageObject\",\"inLanguage\":\"fr-FR\",\"@id\":\"https:\/\/puppymaroc.webmarocagency.com\/?product=royal-canin-savour-exigent-400-gr#primaryimage\",\"url\":\"https:\/\/puppymaroc.webmarocagency.com\/wp-content\/uploads\/2024\/09\/background-puppy-maroc-8.png\",\"contentUrl\":\"https:\/\/puppymaroc.webmarocagency.com\/wp-content\/uploads\/2024\/09\/background-puppy-maroc-8.png\",\"width\":1080,\"height\":1080},{\"@type\":\"BreadcrumbList\",\"@id\":\"https:\/\/puppymaroc.webmarocagency.com\/?product=royal-canin-savour-exigent-400-gr#breadcrumb\",\"itemListElement\":[{\"@type\":\"ListItem\",\"position\":1,\"name\":\"Accueil\",\"item\":\"https:\/\/puppymaroc.webmarocagency.com\/\"},{\"@type\":\"ListItem\",\"position\":2,\"name\":\"Produit\",\"item\":\"https:\/\/puppymaroc.webmarocagency.com\/?page_id=1561\"},{\"@type\":\"ListItem\",\"position\":3,\"name\":\"Royal Canin Savour Exigent 400 gr\"}]},{\"@type\":\"WebSite\",\"@id\":\"https:\/\/puppymaroc.webmarocagency.com\/#website\",\"url\":\"https:\/\/puppymaroc.webmarocagency.com\/\",\"name\":\"puppymaroc.com\",\"description\":\"puppymaroc\",\"publisher\":{\"@id\":\"https:\/\/puppymaroc.webmarocagency.com\/#organization\"},\"potentialAction\":[{\"@type\":\"SearchAction\",\"target\":{\"@type\":\"EntryPoint\",\"urlTemplate\":\"https:\/\/puppymaroc.webmarocagency.com\/?s={search_term_string}\"},\"query-input\":{\"@type\":\"PropertyValueSpecification\",\"valueRequired\":true,\"valueName\":\"search_term_string\"}}],\"inLanguage\":\"fr-FR\"},{\"@type\":\"Organization\",\"@id\":\"https:\/\/puppymaroc.webmarocagency.com\/#organization\",\"name\":\"puppymaroc.com\",\"url\":\"https:\/\/puppymaroc.webmarocagency.com\/\",\"logo\":{\"@type\":\"ImageObject\",\"inLanguage\":\"fr-FR\",\"@id\":\"https:\/\/puppymaroc.webmarocagency.com\/#\/schema\/logo\/image\/\",\"url\":\"https:\/\/puppymaroc.webmarocagency.com\/wp-content\/uploads\/2024\/02\/cropped-cropped-puppy-maroc-logo-rmv-2.png\",\"contentUrl\":\"https:\/\/puppymaroc.webmarocagency.com\/wp-content\/uploads\/2024\/02\/cropped-cropped-puppy-maroc-logo-rmv-2.png\",\"width\":958,\"height\":920,\"caption\":\"puppymaroc.com\"},\"image\":{\"@id\":\"https:\/\/puppymaroc.webmarocagency.com\/#\/schema\/logo\/image\/\"},\"sameAs\":[\"https:\/\/www.facebook.com\/PuppyMaroc?mibextid=ZbWKwL\"]}]}<\/script>\n<!-- \/ Yoast SEO plugin. -->","yoast_head_json":{"title":"Royal Canin Savour Exigent 400 gr - puppymaroc.com","description":"Aliment complet et \u00e9quilibr\u00e9 pour chats adultes de plus de 1 an tr\u00e8s difficiles.Certains chats ont un app\u00e9tit capricieux et refusent parfois la nourriture que vous leur donnez. Cependant, ce comportement n\u2019est pas sp\u00e9cifique aux chats et peut donc \u00eatre rectifi\u00e9 si vous choisissez des aliments contenant des nutriments sains qui peuvent \u00e9galement satisfaire l\u2019app\u00e9tit particulier de votre chat. Certains chats difficiles sont attir\u00e9s par la diversit\u00e9 dans leur gamelle. Afin de stimuler les pr\u00e9f\u00e9rences naturelles de votre chat, ROYAL CANIN\u00ae Savour Exigent contient deux types de croquettes synergiques, de composition et de textures diff\u00e9rentes pour am\u00e9liorer la double sensation gustative, m\u00eame chez les chats les plus difficiles. De plus, le contenu \u00e9nerg\u00e9tique sp\u00e9cialement adapt\u00e9 de ROYAL CANIN\u00ae Savour Exigent aide \u00e0 maintenir le poids id\u00e9al d\u2019un chat adulte comme le v\u00f4tre. ROYAL CANIN\u00ae Savour Exigent stimulera l\u2019app\u00e9tit de votre chat et lui fournira tous les nutriments dont il a besoin pour rester actif et en bonne sant\u00e9, et convient aux chats d\u2019int\u00e9rieur et d\u2019ext\u00e9rieur. ROYAL CANIN\u00ae a d\u00e9velopp\u00e9 3 formules diff\u00e9rentes pour satisfaire m\u00eame les chats les plus exigeants ! Ces produits font tous partie de notre gamme Feline Preference, qui comprend \u00e9galement les formules ROYAL CANIN\u00ae Aroma Exigent et ROYAL CANIN\u00ae Protein Exigent.","robots":{"index":"index","follow":"follow","max-snippet":"max-snippet:-1","max-image-preview":"max-image-preview:large","max-video-preview":"max-video-preview:-1"},"canonical":"https:\/\/puppymaroc.webmarocagency.com\/?product=royal-canin-savour-exigent-400-gr","og_locale":"fr_FR","og_type":"article","og_title":"Royal Canin Savour Exigent 400 gr - puppymaroc.com","og_description":"Aliment complet et \u00e9quilibr\u00e9 pour chats adultes de plus de 1 an tr\u00e8s difficiles.Certains chats ont un app\u00e9tit capricieux et refusent parfois la nourriture que vous leur donnez. Cependant, ce comportement n\u2019est pas sp\u00e9cifique aux chats et peut donc \u00eatre rectifi\u00e9 si vous choisissez des aliments contenant des nutriments sains qui peuvent \u00e9galement satisfaire l\u2019app\u00e9tit particulier de votre chat. Certains chats difficiles sont attir\u00e9s par la diversit\u00e9 dans leur gamelle. Afin de stimuler les pr\u00e9f\u00e9rences naturelles de votre chat, ROYAL CANIN\u00ae Savour Exigent contient deux types de croquettes synergiques, de composition et de textures diff\u00e9rentes pour am\u00e9liorer la double sensation gustative, m\u00eame chez les chats les plus difficiles. De plus, le contenu \u00e9nerg\u00e9tique sp\u00e9cialement adapt\u00e9 de ROYAL CANIN\u00ae Savour Exigent aide \u00e0 maintenir le poids id\u00e9al d\u2019un chat adulte comme le v\u00f4tre. ROYAL CANIN\u00ae Savour Exigent stimulera l\u2019app\u00e9tit de votre chat et lui fournira tous les nutriments dont il a besoin pour rester actif et en bonne sant\u00e9, et convient aux chats d\u2019int\u00e9rieur et d\u2019ext\u00e9rieur. ROYAL CANIN\u00ae a d\u00e9velopp\u00e9 3 formules diff\u00e9rentes pour satisfaire m\u00eame les chats les plus exigeants ! Ces produits font tous partie de notre gamme Feline Preference, qui comprend \u00e9galement les formules ROYAL CANIN\u00ae Aroma Exigent et ROYAL CANIN\u00ae Protein Exigent.","og_url":"https:\/\/puppymaroc.webmarocagency.com\/?product=royal-canin-savour-exigent-400-gr","og_site_name":"puppymaroc.com","article_publisher":"https:\/\/www.facebook.com\/PuppyMaroc?mibextid=ZbWKwL","article_modified_time":"2024-09-20T18:10:37+00:00","og_image":[{"width":1080,"height":1080,"url":"https:\/\/puppymaroc.webmarocagency.com\/wp-content\/uploads\/2024\/09\/background-puppy-maroc-8.png","type":"image\/png"}],"twitter_card":"summary_large_image","twitter_misc":{"Dur\u00e9e de lecture estim\u00e9e":"2 minutes"},"schema":{"@context":"https:\/\/schema.org","@graph":[{"@type":"WebPage","@id":"https:\/\/puppymaroc.webmarocagency.com\/?product=royal-canin-savour-exigent-400-gr","url":"https:\/\/puppymaroc.webmarocagency.com\/?product=royal-canin-savour-exigent-400-gr","name":"Royal Canin Savour Exigent 400 gr - puppymaroc.com","isPartOf":{"@id":"https:\/\/puppymaroc.webmarocagency.com\/#website"},"primaryImageOfPage":{"@id":"https:\/\/puppymaroc.webmarocagency.com\/?product=royal-canin-savour-exigent-400-gr#primaryimage"},"image":{"@id":"https:\/\/puppymaroc.webmarocagency.com\/?product=royal-canin-savour-exigent-400-gr#primaryimage"},"thumbnailUrl":"https:\/\/puppymaroc.webmarocagency.com\/wp-content\/uploads\/2024\/09\/background-puppy-maroc-8.png","datePublished":"2024-09-20T18:10:21+00:00","dateModified":"2024-09-20T18:10:37+00:00","description":"Aliment complet et \u00e9quilibr\u00e9 pour chats adultes de plus de 1 an tr\u00e8s difficiles.Certains chats ont un app\u00e9tit capricieux et refusent parfois la nourriture que vous leur donnez. Cependant, ce comportement n\u2019est pas sp\u00e9cifique aux chats et peut donc \u00eatre rectifi\u00e9 si vous choisissez des aliments contenant des nutriments sains qui peuvent \u00e9galement satisfaire l\u2019app\u00e9tit particulier de votre chat. Certains chats difficiles sont attir\u00e9s par la diversit\u00e9 dans leur gamelle. Afin de stimuler les pr\u00e9f\u00e9rences naturelles de votre chat, ROYAL CANIN\u00ae Savour Exigent contient deux types de croquettes synergiques, de composition et de textures diff\u00e9rentes pour am\u00e9liorer la double sensation gustative, m\u00eame chez les chats les plus difficiles. De plus, le contenu \u00e9nerg\u00e9tique sp\u00e9cialement adapt\u00e9 de ROYAL CANIN\u00ae Savour Exigent aide \u00e0 maintenir le poids id\u00e9al d\u2019un chat adulte comme le v\u00f4tre. ROYAL CANIN\u00ae Savour Exigent stimulera l\u2019app\u00e9tit de votre chat et lui fournira tous les nutriments dont il a besoin pour rester actif et en bonne sant\u00e9, et convient aux chats d\u2019int\u00e9rieur et d\u2019ext\u00e9rieur. ROYAL CANIN\u00ae a d\u00e9velopp\u00e9 3 formules diff\u00e9rentes pour satisfaire m\u00eame les chats les plus exigeants ! Ces produits font tous partie de notre gamme Feline Preference, qui comprend \u00e9galement les formules ROYAL CANIN\u00ae Aroma Exigent et ROYAL CANIN\u00ae Protein Exigent.","breadcrumb":{"@id":"https:\/\/puppymaroc.webmarocagency.com\/?product=royal-canin-savour-exigent-400-gr#breadcrumb"},"inLanguage":"fr-FR","potentialAction":[{"@type":"ReadAction","target":["https:\/\/puppymaroc.webmarocagency.com\/?product=royal-canin-savour-exigent-400-gr"]}]},{"@type":"ImageObject","inLanguage":"fr-FR","@id":"https:\/\/puppymaroc.webmarocagency.com\/?product=royal-canin-savour-exigent-400-gr#primaryimage","url":"https:\/\/puppymaroc.webmarocagency.com\/wp-content\/uploads\/2024\/09\/background-puppy-maroc-8.png","contentUrl":"https:\/\/puppymaroc.webmarocagency.com\/wp-content\/uploads\/2024\/09\/background-puppy-maroc-8.png","width":1080,"height":1080},{"@type":"BreadcrumbList","@id":"https:\/\/puppymaroc.webmarocagency.com\/?product=royal-canin-savour-exigent-400-gr#breadcrumb","itemListElement":[{"@type":"ListItem","position":1,"name":"Accueil","item":"https:\/\/puppymaroc.webmarocagency.com\/"},{"@type":"ListItem","position":2,"name":"Produit","item":"https:\/\/puppymaroc.webmarocagency.com\/?page_id=1561"},{"@type":"ListItem","position":3,"name":"Royal Canin Savour Exigent 400 gr"}]},{"@type":"WebSite","@id":"https:\/\/puppymaroc.webmarocagency.com\/#website","url":"https:\/\/puppymaroc.webmarocagency.com\/","name":"puppymaroc.com","description":"puppymaroc","publisher":{"@id":"https:\/\/puppymaroc.webmarocagency.com\/#organization"},"potentialAction":[{"@type":"SearchAction","target":{"@type":"EntryPoint","urlTemplate":"https:\/\/puppymaroc.webmarocagency.com\/?s={search_term_string}"},"query-input":{"@type":"PropertyValueSpecification","valueRequired":true,"valueName":"search_term_string"}}],"inLanguage":"fr-FR"},{"@type":"Organization","@id":"https:\/\/puppymaroc.webmarocagency.com\/#organization","name":"puppymaroc.com","url":"https:\/\/puppymaroc.webmarocagency.com\/","logo":{"@type":"ImageObject","inLanguage":"fr-FR","@id":"https:\/\/puppymaroc.webmarocagency.com\/#\/schema\/logo\/image\/","url":"https:\/\/puppymaroc.webmarocagency.com\/wp-content\/uploads\/2024\/02\/cropped-cropped-puppy-maroc-logo-rmv-2.png","contentUrl":"https:\/\/puppymaroc.webmarocagency.com\/wp-content\/uploads\/2024\/02\/cropped-cropped-puppy-maroc-logo-rmv-2.png","width":958,"height":920,"caption":"puppymaroc.com"},"image":{"@id":"https:\/\/puppymaroc.webmarocagency.com\/#\/schema\/logo\/image\/"},"sameAs":["https:\/\/www.facebook.com\/PuppyMaroc?mibextid=ZbWKwL"]}]}},"_links":{"self":[{"href":"https:\/\/puppymaroc.webmarocagency.com\/index.php?rest_route=\/wp\/v2\/product\/2129","targetHints":{"allow":["GET"]}}],"collection":[{"href":"https:\/\/puppymaroc.webmarocagency.com\/index.php?rest_route=\/wp\/v2\/product"}],"about":[{"href":"https:\/\/puppymaroc.webmarocagency.com\/index.php?rest_route=\/wp\/v2\/types\/product"}],"replies":[{"embeddable":true,"href":"https:\/\/puppymaroc.webmarocagency.com\/index.php?rest_route=%2Fwp%2Fv2%2Fcomments&post=2129"}],"wp:featuredmedia":[{"embeddable":true,"href":"https:\/\/puppymaroc.webmarocagency.com\/index.php?rest_route=\/wp\/v2\/media\/2131"}],"wp:attachment":[{"href":"https:\/\/puppymaroc.webmarocagency.com\/index.php?rest_route=%2Fwp%2Fv2%2Fmedia&parent=2129"}],"wp:term":[{"taxonomy":"product_brand","embeddable":true,"href":"https:\/\/puppymaroc.webmarocagency.com\/index.php?rest_route=%2Fwp%2Fv2%2Fproduct_brand&post=2129"},{"taxonomy":"product_cat","embeddable":true,"href":"https:\/\/puppymaroc.webmarocagency.com\/index.php?rest_route=%2Fwp%2Fv2%2Fproduct_cat&post=2129"},{"taxonomy":"product_tag","embeddable":true,"href":"https:\/\/puppymaroc.webmarocagency.com\/index.php?rest_route=%2Fwp%2Fv2%2Fproduct_tag&post=2129"}],"curies":[{"name":"wp","href":"https:\/\/api.w.org\/{rel}","templated":true}]}}