{"id":2132,"date":"2024-09-20T19:12:27","date_gmt":"2024-09-20T18:12:27","guid":{"rendered":"https:\/\/puppymaroc.com\/?post_type=product&#038;p=2132"},"modified":"2024-09-20T19:16:22","modified_gmt":"2024-09-20T18:16:22","slug":"royal-canin-kitten-2-kg","status":"publish","type":"product","link":"https:\/\/puppymaroc.webmarocagency.com\/?product=royal-canin-kitten-2-kg","title":{"rendered":"Royal Canin Kitten 2 kg"},"content":{"rendered":"<p><strong>INFORMATIONS NUTRITIONELLES :<\/strong><\/p>\n<div class=\"content\">Composition : prot\u00e9ines de volaille d\u00e9shydrat\u00e9es, riz, isolat de prot\u00e9ines v\u00e9g\u00e9tales*, graisses animales, farine de ma\u00efs, hydrolysat de prot\u00e9ines animales, farine de bl\u00e9, gluten de ma\u00efs, levures et composants de levures, pulpe de betterave, fibres v\u00e9g\u00e9tales, huile de poisson, huile de soja, sels min\u00e9raux, fructo-oligosaccharides (0,38 %), t\u00e9guments et graines de psyllium, hydrolysat de levure (source de mannan-oligosaccharides), extrait de levure (source de b\u00eata-glucans), extrait de rose d\u2019Inde (source de lut\u00e9ine).<\/div>\n<p>&nbsp;<\/p>\n<p>Additifs (au kg)\u00a0: Additifs nutritionnels\u00a0: Vitamine A\u00a0: 21500\u00a0UI, Vitamine D3\u00a0: 800\u00a0UI, Vitamine E\u00a0: 600\u00a0mg, E1 (Fer)\u00a0: 32,3\u00a0mg, E2 (Iode)\u00a0: 3,2\u00a0mg, E4 (Cuivre)\u00a0: 9,9\u00a0mg, E5 (Mangan\u00e8se)\u00a0: 42\u00a0mg, E6 (Zinc)\u00a0: 116,5\u00a0mg, E8 (S\u00e9l\u00e9nium)\u00a0: 0,05\u00a0mg\u00a0&#8211; Additifs technologiques\u00a0: Clinoptilolite d\u2019origine s\u00e9dimentaire\u00a0: 10\u00a0g\u00a0&#8211; Conservateurs\u00a0&#8211; Antioxyg\u00e8nes.<\/p>\n<p>Constituants Analytiques : Prot\u00e9ine\u00a0: 36\u00a0%\u00a0&#8211; Teneur en mati\u00e8res grasses\u00a0: 18\u00a0%\u00a0&#8211; Cendres brutes\u00a0: 7,7\u00a0%\u00a0&#8211; Cellulose brute\u00a0: 2,3\u00a0%\u00a0&#8211; Calcium\u00a0: 1,2\u00a0%.<\/p>\n<p>Mode d&#8217;emploi : voir tableau. Num\u00e9ro de lot et d\u2019identifiant usine, \u00e0 utiliser de pr\u00e9f\u00e9rence avant\u00a0: voir sur l\u2019emballage. \u00c0 conserver dans un endroit sec et frais.<\/p>\n<p><strong>\u00a0 \u00a0RATIONS :<\/strong><\/p>\n<div id=\"GoodsDetailTabs\" class=\"rc-max-width--xl rc-padding-x--sm\" data-gtm-vis-has-fired-40760133_376=\"1\" data-gtm-vis-has-fired-40760133_379=\"1\" data-gtm-vis-total-visible-time-40760133_376=\"500\" data-gtm-vis-first-on-screen-40760133_376=\"176955\" data-gtm-vis-total-visible-time-40760133_379=\"500\" data-gtm-vis-first-on-screen-40760133_379=\"176955\" data-tms=\"Product description\">\n<div class=\"rc-match-heights rc-content-h-middle rc-reverse-layout\">\n<div>\n<div class=\"rc-tabs tabs-detail\">\n<div id=\"tab__panel-3\" class=\"rc-tabs__content__single clearfix benefits ingredients rc-showhide\" aria-expanded=\"true\">\n<div class=\"block Guide\">\n<table>\n<thead>\n<tr>\n<th>\u00c2ge du chaton (mois)<\/th>\n<th>1 &#8211; 2 mois<\/th>\n<th>3 &#8211; 4 mois<\/th>\n<th>5 &#8211; 6 mois<\/th>\n<th>7 &#8211; 12 mois<\/th>\n<\/tr>\n<\/thead>\n<tbody>\n<tr>\n<td>Poids du chaton (kg)<\/td>\n<td>0.4kg &#8211; 1kg<\/td>\n<td>1.3kg &#8211; 2kg<\/td>\n<td>2.3kg &#8211; 2.9kg<\/td>\n<td>3.1kg &#8211; 4kg<\/td>\n<\/tr>\n<tr>\n<td>Rationnement<\/td>\n<td>29g &#8211; 48g<\/td>\n<td>61g &#8211; 66g<\/td>\n<td>67g &#8211; 69g<\/td>\n<td>51g &#8211; 64g<\/td>\n<\/tr>\n<\/tbody>\n<\/table>\n<\/div>\n<\/div>\n<\/div>\n<\/div>\n<\/div>\n<\/div>\n","protected":false},"excerpt":{"rendered":"<div class=\"desAndStars rc-margin-bottom--xs d-flex flex-wrap flex-md-nowrap justify-content-between\">\n<div class=\"des\">\n<h2 class=\"text-break mb-1 mt-2\">Aliment complet et \u00e9quilibr\u00e9 pour chats &#8211; Sp\u00e9cial chatons 2\u00e8me \u00e2ge (jusqu\u2019\u00e0 12 mois).<\/h2>\n<\/div>\n<\/div>\n<div class=\"description\">La croissance est une \u00e9tape essentielle dans la vie de votre chaton, car c\u2019est une p\u00e9riode de grands changements, de d\u00e9couvertes importantes et de nouvelles rencontres. Pendant cette p\u00e9riode, il est important de s\u2019assurer que votre chaton re\u00e7oive tous les nutriments dont il a besoin pour favoriser une croissance et un d\u00e9veloppement sain. \u00a0 Le deuxi\u00e8me \u00e2ge de croissance est une \u00e9tape cl\u00e9 pour votre chaton, car son syst\u00e8me immunitaire continue progressivement de se d\u00e9velopper mais il n\u2019est pas encore mature. La formule ROYAL CANIN\u00ae Kitten contribue \u00e0 renforcer les d\u00e9fenses naturelles de votre chaton pendant cette p\u00e9riode, notamment gr\u00e2ce \u00e0 un complexe d\u2019antioxydants, dont la tr\u00e8s b\u00e9n\u00e9fique vitamine E. \u00a0 ROYAL CANIN\u00ae Kitten convient aux chatons jusqu\u2019\u00e0 12 mois et pr\u00e9sente une meilleure tol\u00e9rance digestive gr\u00e2ce \u00e0 la L.I.P., une prot\u00e9ine s\u00e9lectionn\u00e9e pour son taux de digestibilit\u00e9 de 90%. \u00a0 Pour r\u00e9pondre aux pr\u00e9f\u00e9rences individuelles de chaque chat, ROYAL CANIN\u00ae Kitten est \u00e9galement disponible sous forme d&rsquo;\u00e9minc\u00e9s en sauce, en gel\u00e9e ou en mousse. Si vous envisagez une alimentation mixte, suivez simplement nos instructions pour vous assurer que votre chat re\u00e7oit une quantit\u00e9 ad\u00e9quate d\u2019aliments secs et humides pour un b\u00e9n\u00e9fice optimal.<\/div>\n","protected":false},"featured_media":2133,"comment_status":"open","ping_status":"closed","template":"","meta":[],"product_brand":[],"product_cat":[74],"product_tag":[],"class_list":{"0":"post-2132","1":"product","2":"type-product","3":"status-publish","4":"has-post-thumbnail","6":"product_cat-alimentation-2","8":"first","9":"instock","10":"sale","11":"shipping-taxable","12":"purchasable","13":"product-type-simple"},"yoast_head":"<!-- This site is optimized with the Yoast SEO plugin v25.8 - https:\/\/yoast.com\/wordpress\/plugins\/seo\/ -->\n<title>Royal Canin Kitten 2 kg - puppymaroc.com<\/title>\n<meta name=\"description\" content=\"Aliment complet et \u00e9quilibr\u00e9 pour chats - Sp\u00e9cial chatons 2\u00e8me \u00e2ge (jusqu\u2019\u00e0 12 mois).La croissance est une \u00e9tape essentielle dans la vie de votre chaton, car c\u2019est une p\u00e9riode de grands changements, de d\u00e9couvertes importantes et de nouvelles rencontres. Pendant cette p\u00e9riode, il est important de s\u2019assurer que votre chaton re\u00e7oive tous les nutriments dont il a besoin pour favoriser une croissance et un d\u00e9veloppement sain. Le deuxi\u00e8me \u00e2ge de croissance est une \u00e9tape cl\u00e9 pour votre chaton, car son syst\u00e8me immunitaire continue progressivement de se d\u00e9velopper mais il n\u2019est pas encore mature. La formule ROYAL CANIN\u00ae Kitten contribue \u00e0 renforcer les d\u00e9fenses naturelles de votre chaton pendant cette p\u00e9riode, notamment gr\u00e2ce \u00e0 un complexe d\u2019antioxydants, dont la tr\u00e8s b\u00e9n\u00e9fique vitamine E. ROYAL CANIN\u00ae Kitten convient aux chatons jusqu\u2019\u00e0 12 mois et pr\u00e9sente une meilleure tol\u00e9rance digestive gr\u00e2ce \u00e0 la L.I.P., une prot\u00e9ine s\u00e9lectionn\u00e9e pour son taux de digestibilit\u00e9 de 90%. Pour r\u00e9pondre aux pr\u00e9f\u00e9rences individuelles de chaque chat, ROYAL CANIN\u00ae Kitten est \u00e9galement disponible sous forme d&#039;\u00e9minc\u00e9s en sauce, en gel\u00e9e ou en mousse. Si vous envisagez une alimentation mixte, suivez simplement nos instructions pour vous assurer que votre chat re\u00e7oit une quantit\u00e9 ad\u00e9quate d\u2019aliments secs et humides pour un b\u00e9n\u00e9fice optimal.\" \/>\n<meta name=\"robots\" content=\"index, follow, max-snippet:-1, max-image-preview:large, max-video-preview:-1\" \/>\n<link rel=\"canonical\" href=\"https:\/\/puppymaroc.webmarocagency.com\/?product=royal-canin-kitten-2-kg\" \/>\n<meta property=\"og:locale\" content=\"fr_FR\" \/>\n<meta property=\"og:type\" content=\"article\" \/>\n<meta property=\"og:title\" content=\"Royal Canin Kitten 2 kg - puppymaroc.com\" \/>\n<meta property=\"og:description\" content=\"Aliment complet et \u00e9quilibr\u00e9 pour chats - Sp\u00e9cial chatons 2\u00e8me \u00e2ge (jusqu\u2019\u00e0 12 mois).La croissance est une \u00e9tape essentielle dans la vie de votre chaton, car c\u2019est une p\u00e9riode de grands changements, de d\u00e9couvertes importantes et de nouvelles rencontres. Pendant cette p\u00e9riode, il est important de s\u2019assurer que votre chaton re\u00e7oive tous les nutriments dont il a besoin pour favoriser une croissance et un d\u00e9veloppement sain. Le deuxi\u00e8me \u00e2ge de croissance est une \u00e9tape cl\u00e9 pour votre chaton, car son syst\u00e8me immunitaire continue progressivement de se d\u00e9velopper mais il n\u2019est pas encore mature. La formule ROYAL CANIN\u00ae Kitten contribue \u00e0 renforcer les d\u00e9fenses naturelles de votre chaton pendant cette p\u00e9riode, notamment gr\u00e2ce \u00e0 un complexe d\u2019antioxydants, dont la tr\u00e8s b\u00e9n\u00e9fique vitamine E. ROYAL CANIN\u00ae Kitten convient aux chatons jusqu\u2019\u00e0 12 mois et pr\u00e9sente une meilleure tol\u00e9rance digestive gr\u00e2ce \u00e0 la L.I.P., une prot\u00e9ine s\u00e9lectionn\u00e9e pour son taux de digestibilit\u00e9 de 90%. Pour r\u00e9pondre aux pr\u00e9f\u00e9rences individuelles de chaque chat, ROYAL CANIN\u00ae Kitten est \u00e9galement disponible sous forme d&#039;\u00e9minc\u00e9s en sauce, en gel\u00e9e ou en mousse. Si vous envisagez une alimentation mixte, suivez simplement nos instructions pour vous assurer que votre chat re\u00e7oit une quantit\u00e9 ad\u00e9quate d\u2019aliments secs et humides pour un b\u00e9n\u00e9fice optimal.\" \/>\n<meta property=\"og:url\" content=\"https:\/\/puppymaroc.webmarocagency.com\/?product=royal-canin-kitten-2-kg\" \/>\n<meta property=\"og:site_name\" content=\"puppymaroc.com\" \/>\n<meta property=\"article:publisher\" content=\"https:\/\/www.facebook.com\/PuppyMaroc?mibextid=ZbWKwL\" \/>\n<meta property=\"article:modified_time\" content=\"2024-09-20T18:16:22+00:00\" \/>\n<meta property=\"og:image\" content=\"https:\/\/puppymaroc.webmarocagency.com\/wp-content\/uploads\/2024\/09\/background-puppy-maroc-9.png\" \/>\n\t<meta property=\"og:image:width\" content=\"1080\" \/>\n\t<meta property=\"og:image:height\" content=\"1080\" \/>\n\t<meta property=\"og:image:type\" content=\"image\/png\" \/>\n<meta name=\"twitter:card\" content=\"summary_large_image\" \/>\n<meta name=\"twitter:label1\" content=\"Dur\u00e9e de lecture estim\u00e9e\" \/>\n\t<meta name=\"twitter:data1\" content=\"2 minutes\" \/>\n<script type=\"application\/ld+json\" class=\"yoast-schema-graph\">{\"@context\":\"https:\/\/schema.org\",\"@graph\":[{\"@type\":\"WebPage\",\"@id\":\"https:\/\/puppymaroc.webmarocagency.com\/?product=royal-canin-kitten-2-kg\",\"url\":\"https:\/\/puppymaroc.webmarocagency.com\/?product=royal-canin-kitten-2-kg\",\"name\":\"Royal Canin Kitten 2 kg - puppymaroc.com\",\"isPartOf\":{\"@id\":\"https:\/\/puppymaroc.webmarocagency.com\/#website\"},\"primaryImageOfPage\":{\"@id\":\"https:\/\/puppymaroc.webmarocagency.com\/?product=royal-canin-kitten-2-kg#primaryimage\"},\"image\":{\"@id\":\"https:\/\/puppymaroc.webmarocagency.com\/?product=royal-canin-kitten-2-kg#primaryimage\"},\"thumbnailUrl\":\"https:\/\/puppymaroc.webmarocagency.com\/wp-content\/uploads\/2024\/09\/background-puppy-maroc-9.png\",\"datePublished\":\"2024-09-20T18:12:27+00:00\",\"dateModified\":\"2024-09-20T18:16:22+00:00\",\"description\":\"Aliment complet et \u00e9quilibr\u00e9 pour chats - Sp\u00e9cial chatons 2\u00e8me \u00e2ge (jusqu\u2019\u00e0 12 mois).La croissance est une \u00e9tape essentielle dans la vie de votre chaton, car c\u2019est une p\u00e9riode de grands changements, de d\u00e9couvertes importantes et de nouvelles rencontres. Pendant cette p\u00e9riode, il est important de s\u2019assurer que votre chaton re\u00e7oive tous les nutriments dont il a besoin pour favoriser une croissance et un d\u00e9veloppement sain. Le deuxi\u00e8me \u00e2ge de croissance est une \u00e9tape cl\u00e9 pour votre chaton, car son syst\u00e8me immunitaire continue progressivement de se d\u00e9velopper mais il n\u2019est pas encore mature. La formule ROYAL CANIN\u00ae Kitten contribue \u00e0 renforcer les d\u00e9fenses naturelles de votre chaton pendant cette p\u00e9riode, notamment gr\u00e2ce \u00e0 un complexe d\u2019antioxydants, dont la tr\u00e8s b\u00e9n\u00e9fique vitamine E. ROYAL CANIN\u00ae Kitten convient aux chatons jusqu\u2019\u00e0 12 mois et pr\u00e9sente une meilleure tol\u00e9rance digestive gr\u00e2ce \u00e0 la L.I.P., une prot\u00e9ine s\u00e9lectionn\u00e9e pour son taux de digestibilit\u00e9 de 90%. Pour r\u00e9pondre aux pr\u00e9f\u00e9rences individuelles de chaque chat, ROYAL CANIN\u00ae Kitten est \u00e9galement disponible sous forme d'\u00e9minc\u00e9s en sauce, en gel\u00e9e ou en mousse. Si vous envisagez une alimentation mixte, suivez simplement nos instructions pour vous assurer que votre chat re\u00e7oit une quantit\u00e9 ad\u00e9quate d\u2019aliments secs et humides pour un b\u00e9n\u00e9fice optimal.\",\"breadcrumb\":{\"@id\":\"https:\/\/puppymaroc.webmarocagency.com\/?product=royal-canin-kitten-2-kg#breadcrumb\"},\"inLanguage\":\"fr-FR\",\"potentialAction\":[{\"@type\":\"ReadAction\",\"target\":[\"https:\/\/puppymaroc.webmarocagency.com\/?product=royal-canin-kitten-2-kg\"]}]},{\"@type\":\"ImageObject\",\"inLanguage\":\"fr-FR\",\"@id\":\"https:\/\/puppymaroc.webmarocagency.com\/?product=royal-canin-kitten-2-kg#primaryimage\",\"url\":\"https:\/\/puppymaroc.webmarocagency.com\/wp-content\/uploads\/2024\/09\/background-puppy-maroc-9.png\",\"contentUrl\":\"https:\/\/puppymaroc.webmarocagency.com\/wp-content\/uploads\/2024\/09\/background-puppy-maroc-9.png\",\"width\":1080,\"height\":1080},{\"@type\":\"BreadcrumbList\",\"@id\":\"https:\/\/puppymaroc.webmarocagency.com\/?product=royal-canin-kitten-2-kg#breadcrumb\",\"itemListElement\":[{\"@type\":\"ListItem\",\"position\":1,\"name\":\"Accueil\",\"item\":\"https:\/\/puppymaroc.webmarocagency.com\/\"},{\"@type\":\"ListItem\",\"position\":2,\"name\":\"Produit\",\"item\":\"https:\/\/puppymaroc.webmarocagency.com\/?page_id=1561\"},{\"@type\":\"ListItem\",\"position\":3,\"name\":\"Royal Canin Kitten 2 kg\"}]},{\"@type\":\"WebSite\",\"@id\":\"https:\/\/puppymaroc.webmarocagency.com\/#website\",\"url\":\"https:\/\/puppymaroc.webmarocagency.com\/\",\"name\":\"puppymaroc.com\",\"description\":\"puppymaroc\",\"publisher\":{\"@id\":\"https:\/\/puppymaroc.webmarocagency.com\/#organization\"},\"potentialAction\":[{\"@type\":\"SearchAction\",\"target\":{\"@type\":\"EntryPoint\",\"urlTemplate\":\"https:\/\/puppymaroc.webmarocagency.com\/?s={search_term_string}\"},\"query-input\":{\"@type\":\"PropertyValueSpecification\",\"valueRequired\":true,\"valueName\":\"search_term_string\"}}],\"inLanguage\":\"fr-FR\"},{\"@type\":\"Organization\",\"@id\":\"https:\/\/puppymaroc.webmarocagency.com\/#organization\",\"name\":\"puppymaroc.com\",\"url\":\"https:\/\/puppymaroc.webmarocagency.com\/\",\"logo\":{\"@type\":\"ImageObject\",\"inLanguage\":\"fr-FR\",\"@id\":\"https:\/\/puppymaroc.webmarocagency.com\/#\/schema\/logo\/image\/\",\"url\":\"https:\/\/puppymaroc.webmarocagency.com\/wp-content\/uploads\/2024\/02\/cropped-cropped-puppy-maroc-logo-rmv-2.png\",\"contentUrl\":\"https:\/\/puppymaroc.webmarocagency.com\/wp-content\/uploads\/2024\/02\/cropped-cropped-puppy-maroc-logo-rmv-2.png\",\"width\":958,\"height\":920,\"caption\":\"puppymaroc.com\"},\"image\":{\"@id\":\"https:\/\/puppymaroc.webmarocagency.com\/#\/schema\/logo\/image\/\"},\"sameAs\":[\"https:\/\/www.facebook.com\/PuppyMaroc?mibextid=ZbWKwL\"]}]}<\/script>\n<!-- \/ Yoast SEO plugin. -->","yoast_head_json":{"title":"Royal Canin Kitten 2 kg - puppymaroc.com","description":"Aliment complet et \u00e9quilibr\u00e9 pour chats - Sp\u00e9cial chatons 2\u00e8me \u00e2ge (jusqu\u2019\u00e0 12 mois).La croissance est une \u00e9tape essentielle dans la vie de votre chaton, car c\u2019est une p\u00e9riode de grands changements, de d\u00e9couvertes importantes et de nouvelles rencontres. Pendant cette p\u00e9riode, il est important de s\u2019assurer que votre chaton re\u00e7oive tous les nutriments dont il a besoin pour favoriser une croissance et un d\u00e9veloppement sain. Le deuxi\u00e8me \u00e2ge de croissance est une \u00e9tape cl\u00e9 pour votre chaton, car son syst\u00e8me immunitaire continue progressivement de se d\u00e9velopper mais il n\u2019est pas encore mature. La formule ROYAL CANIN\u00ae Kitten contribue \u00e0 renforcer les d\u00e9fenses naturelles de votre chaton pendant cette p\u00e9riode, notamment gr\u00e2ce \u00e0 un complexe d\u2019antioxydants, dont la tr\u00e8s b\u00e9n\u00e9fique vitamine E. ROYAL CANIN\u00ae Kitten convient aux chatons jusqu\u2019\u00e0 12 mois et pr\u00e9sente une meilleure tol\u00e9rance digestive gr\u00e2ce \u00e0 la L.I.P., une prot\u00e9ine s\u00e9lectionn\u00e9e pour son taux de digestibilit\u00e9 de 90%. Pour r\u00e9pondre aux pr\u00e9f\u00e9rences individuelles de chaque chat, ROYAL CANIN\u00ae Kitten est \u00e9galement disponible sous forme d'\u00e9minc\u00e9s en sauce, en gel\u00e9e ou en mousse. Si vous envisagez une alimentation mixte, suivez simplement nos instructions pour vous assurer que votre chat re\u00e7oit une quantit\u00e9 ad\u00e9quate d\u2019aliments secs et humides pour un b\u00e9n\u00e9fice optimal.","robots":{"index":"index","follow":"follow","max-snippet":"max-snippet:-1","max-image-preview":"max-image-preview:large","max-video-preview":"max-video-preview:-1"},"canonical":"https:\/\/puppymaroc.webmarocagency.com\/?product=royal-canin-kitten-2-kg","og_locale":"fr_FR","og_type":"article","og_title":"Royal Canin Kitten 2 kg - puppymaroc.com","og_description":"Aliment complet et \u00e9quilibr\u00e9 pour chats - Sp\u00e9cial chatons 2\u00e8me \u00e2ge (jusqu\u2019\u00e0 12 mois).La croissance est une \u00e9tape essentielle dans la vie de votre chaton, car c\u2019est une p\u00e9riode de grands changements, de d\u00e9couvertes importantes et de nouvelles rencontres. Pendant cette p\u00e9riode, il est important de s\u2019assurer que votre chaton re\u00e7oive tous les nutriments dont il a besoin pour favoriser une croissance et un d\u00e9veloppement sain. Le deuxi\u00e8me \u00e2ge de croissance est une \u00e9tape cl\u00e9 pour votre chaton, car son syst\u00e8me immunitaire continue progressivement de se d\u00e9velopper mais il n\u2019est pas encore mature. La formule ROYAL CANIN\u00ae Kitten contribue \u00e0 renforcer les d\u00e9fenses naturelles de votre chaton pendant cette p\u00e9riode, notamment gr\u00e2ce \u00e0 un complexe d\u2019antioxydants, dont la tr\u00e8s b\u00e9n\u00e9fique vitamine E. ROYAL CANIN\u00ae Kitten convient aux chatons jusqu\u2019\u00e0 12 mois et pr\u00e9sente une meilleure tol\u00e9rance digestive gr\u00e2ce \u00e0 la L.I.P., une prot\u00e9ine s\u00e9lectionn\u00e9e pour son taux de digestibilit\u00e9 de 90%. Pour r\u00e9pondre aux pr\u00e9f\u00e9rences individuelles de chaque chat, ROYAL CANIN\u00ae Kitten est \u00e9galement disponible sous forme d'\u00e9minc\u00e9s en sauce, en gel\u00e9e ou en mousse. Si vous envisagez une alimentation mixte, suivez simplement nos instructions pour vous assurer que votre chat re\u00e7oit une quantit\u00e9 ad\u00e9quate d\u2019aliments secs et humides pour un b\u00e9n\u00e9fice optimal.","og_url":"https:\/\/puppymaroc.webmarocagency.com\/?product=royal-canin-kitten-2-kg","og_site_name":"puppymaroc.com","article_publisher":"https:\/\/www.facebook.com\/PuppyMaroc?mibextid=ZbWKwL","article_modified_time":"2024-09-20T18:16:22+00:00","og_image":[{"width":1080,"height":1080,"url":"https:\/\/puppymaroc.webmarocagency.com\/wp-content\/uploads\/2024\/09\/background-puppy-maroc-9.png","type":"image\/png"}],"twitter_card":"summary_large_image","twitter_misc":{"Dur\u00e9e de lecture estim\u00e9e":"2 minutes"},"schema":{"@context":"https:\/\/schema.org","@graph":[{"@type":"WebPage","@id":"https:\/\/puppymaroc.webmarocagency.com\/?product=royal-canin-kitten-2-kg","url":"https:\/\/puppymaroc.webmarocagency.com\/?product=royal-canin-kitten-2-kg","name":"Royal Canin Kitten 2 kg - puppymaroc.com","isPartOf":{"@id":"https:\/\/puppymaroc.webmarocagency.com\/#website"},"primaryImageOfPage":{"@id":"https:\/\/puppymaroc.webmarocagency.com\/?product=royal-canin-kitten-2-kg#primaryimage"},"image":{"@id":"https:\/\/puppymaroc.webmarocagency.com\/?product=royal-canin-kitten-2-kg#primaryimage"},"thumbnailUrl":"https:\/\/puppymaroc.webmarocagency.com\/wp-content\/uploads\/2024\/09\/background-puppy-maroc-9.png","datePublished":"2024-09-20T18:12:27+00:00","dateModified":"2024-09-20T18:16:22+00:00","description":"Aliment complet et \u00e9quilibr\u00e9 pour chats - Sp\u00e9cial chatons 2\u00e8me \u00e2ge (jusqu\u2019\u00e0 12 mois).La croissance est une \u00e9tape essentielle dans la vie de votre chaton, car c\u2019est une p\u00e9riode de grands changements, de d\u00e9couvertes importantes et de nouvelles rencontres. Pendant cette p\u00e9riode, il est important de s\u2019assurer que votre chaton re\u00e7oive tous les nutriments dont il a besoin pour favoriser une croissance et un d\u00e9veloppement sain. Le deuxi\u00e8me \u00e2ge de croissance est une \u00e9tape cl\u00e9 pour votre chaton, car son syst\u00e8me immunitaire continue progressivement de se d\u00e9velopper mais il n\u2019est pas encore mature. La formule ROYAL CANIN\u00ae Kitten contribue \u00e0 renforcer les d\u00e9fenses naturelles de votre chaton pendant cette p\u00e9riode, notamment gr\u00e2ce \u00e0 un complexe d\u2019antioxydants, dont la tr\u00e8s b\u00e9n\u00e9fique vitamine E. ROYAL CANIN\u00ae Kitten convient aux chatons jusqu\u2019\u00e0 12 mois et pr\u00e9sente une meilleure tol\u00e9rance digestive gr\u00e2ce \u00e0 la L.I.P., une prot\u00e9ine s\u00e9lectionn\u00e9e pour son taux de digestibilit\u00e9 de 90%. Pour r\u00e9pondre aux pr\u00e9f\u00e9rences individuelles de chaque chat, ROYAL CANIN\u00ae Kitten est \u00e9galement disponible sous forme d'\u00e9minc\u00e9s en sauce, en gel\u00e9e ou en mousse. Si vous envisagez une alimentation mixte, suivez simplement nos instructions pour vous assurer que votre chat re\u00e7oit une quantit\u00e9 ad\u00e9quate d\u2019aliments secs et humides pour un b\u00e9n\u00e9fice optimal.","breadcrumb":{"@id":"https:\/\/puppymaroc.webmarocagency.com\/?product=royal-canin-kitten-2-kg#breadcrumb"},"inLanguage":"fr-FR","potentialAction":[{"@type":"ReadAction","target":["https:\/\/puppymaroc.webmarocagency.com\/?product=royal-canin-kitten-2-kg"]}]},{"@type":"ImageObject","inLanguage":"fr-FR","@id":"https:\/\/puppymaroc.webmarocagency.com\/?product=royal-canin-kitten-2-kg#primaryimage","url":"https:\/\/puppymaroc.webmarocagency.com\/wp-content\/uploads\/2024\/09\/background-puppy-maroc-9.png","contentUrl":"https:\/\/puppymaroc.webmarocagency.com\/wp-content\/uploads\/2024\/09\/background-puppy-maroc-9.png","width":1080,"height":1080},{"@type":"BreadcrumbList","@id":"https:\/\/puppymaroc.webmarocagency.com\/?product=royal-canin-kitten-2-kg#breadcrumb","itemListElement":[{"@type":"ListItem","position":1,"name":"Accueil","item":"https:\/\/puppymaroc.webmarocagency.com\/"},{"@type":"ListItem","position":2,"name":"Produit","item":"https:\/\/puppymaroc.webmarocagency.com\/?page_id=1561"},{"@type":"ListItem","position":3,"name":"Royal Canin Kitten 2 kg"}]},{"@type":"WebSite","@id":"https:\/\/puppymaroc.webmarocagency.com\/#website","url":"https:\/\/puppymaroc.webmarocagency.com\/","name":"puppymaroc.com","description":"puppymaroc","publisher":{"@id":"https:\/\/puppymaroc.webmarocagency.com\/#organization"},"potentialAction":[{"@type":"SearchAction","target":{"@type":"EntryPoint","urlTemplate":"https:\/\/puppymaroc.webmarocagency.com\/?s={search_term_string}"},"query-input":{"@type":"PropertyValueSpecification","valueRequired":true,"valueName":"search_term_string"}}],"inLanguage":"fr-FR"},{"@type":"Organization","@id":"https:\/\/puppymaroc.webmarocagency.com\/#organization","name":"puppymaroc.com","url":"https:\/\/puppymaroc.webmarocagency.com\/","logo":{"@type":"ImageObject","inLanguage":"fr-FR","@id":"https:\/\/puppymaroc.webmarocagency.com\/#\/schema\/logo\/image\/","url":"https:\/\/puppymaroc.webmarocagency.com\/wp-content\/uploads\/2024\/02\/cropped-cropped-puppy-maroc-logo-rmv-2.png","contentUrl":"https:\/\/puppymaroc.webmarocagency.com\/wp-content\/uploads\/2024\/02\/cropped-cropped-puppy-maroc-logo-rmv-2.png","width":958,"height":920,"caption":"puppymaroc.com"},"image":{"@id":"https:\/\/puppymaroc.webmarocagency.com\/#\/schema\/logo\/image\/"},"sameAs":["https:\/\/www.facebook.com\/PuppyMaroc?mibextid=ZbWKwL"]}]}},"_links":{"self":[{"href":"https:\/\/puppymaroc.webmarocagency.com\/index.php?rest_route=\/wp\/v2\/product\/2132","targetHints":{"allow":["GET"]}}],"collection":[{"href":"https:\/\/puppymaroc.webmarocagency.com\/index.php?rest_route=\/wp\/v2\/product"}],"about":[{"href":"https:\/\/puppymaroc.webmarocagency.com\/index.php?rest_route=\/wp\/v2\/types\/product"}],"replies":[{"embeddable":true,"href":"https:\/\/puppymaroc.webmarocagency.com\/index.php?rest_route=%2Fwp%2Fv2%2Fcomments&post=2132"}],"wp:featuredmedia":[{"embeddable":true,"href":"https:\/\/puppymaroc.webmarocagency.com\/index.php?rest_route=\/wp\/v2\/media\/2133"}],"wp:attachment":[{"href":"https:\/\/puppymaroc.webmarocagency.com\/index.php?rest_route=%2Fwp%2Fv2%2Fmedia&parent=2132"}],"wp:term":[{"taxonomy":"product_brand","embeddable":true,"href":"https:\/\/puppymaroc.webmarocagency.com\/index.php?rest_route=%2Fwp%2Fv2%2Fproduct_brand&post=2132"},{"taxonomy":"product_cat","embeddable":true,"href":"https:\/\/puppymaroc.webmarocagency.com\/index.php?rest_route=%2Fwp%2Fv2%2Fproduct_cat&post=2132"},{"taxonomy":"product_tag","embeddable":true,"href":"https:\/\/puppymaroc.webmarocagency.com\/index.php?rest_route=%2Fwp%2Fv2%2Fproduct_tag&post=2132"}],"curies":[{"name":"wp","href":"https:\/\/api.w.org\/{rel}","templated":true}]}}