{"id":2134,"date":"2024-09-20T19:18:21","date_gmt":"2024-09-20T18:18:21","guid":{"rendered":"https:\/\/puppymaroc.com\/?post_type=product&#038;p=2134"},"modified":"2024-09-20T19:26:31","modified_gmt":"2024-09-20T18:26:31","slug":"royal-canin-fit-32-2-kg","status":"publish","type":"product","link":"https:\/\/puppymaroc.webmarocagency.com\/?product=royal-canin-fit-32-2-kg","title":{"rendered":"Royal Canin Fit 32 2 kg"},"content":{"rendered":"<p><strong>INFORMATIONS NUTRITIONELLES :<\/strong><\/p>\n<p>Composition: Prot\u00e9ines de volaille d\u00e9shydrat\u00e9es, riz, bl\u00e9, ma\u00efs, graisses animales, prot\u00e9ines de porc d\u00e9shydrat\u00e9es*, fibres v\u00e9g\u00e9tales, farine de bl\u00e9, hydrolysat de prot\u00e9ines animales, gluten de ma\u00efs, levures et composants de levures, pulpe de betterave, huile de soja, huile de poisson, sels min\u00e9raux, t\u00e9guments et graine de psyllium, hydrolysat de levure (source de manno-oligosaccharides), extrait de rose d\u2019Inde (source de lut\u00e9ine).<\/p>\n<p>Additifs (au kg): Additifs nutritionnels: Vitamine A : 13000 UI, Vitamine D3: 700 UI, E1 (Fer): 35 mg, E2 (Iode): 3,5 mg, E4 (Cuivre): 11 mg, E5 (Mangan\u00e8se): 45 mg, E6 (Zinc): 136 mg, E8 (S\u00e9l\u00e9nium): 0,09 mg. Additifs zootechniques: Chlorure d\u2019ammonium : 5 g &#8211; Conservateurs &#8211; Antioxyg\u00e8nes.<\/p>\n<p>Constituants analytiques\u00a0 : Prot\u00e9ine : 32 % &#8211; Teneur en mati\u00e8res grasses : 15 % &#8211; Cendres brutes : 7,2 % &#8211; Cellulose brute : 4,6 %.<\/p>\n<p>*L.I.P. : prot\u00e9ines s\u00e9lectionn\u00e9es pour leur tr\u00e8s haute digestibilit\u00e9.<\/p>\n<p>Mode d\u2019emploi : voir tableau. Num\u00e9ro de lot et d\u2019identifiant usine, \u00e0 utiliser de pr\u00e9f\u00e9rence avant : voir sur l\u2019emballage. \u00c0 conserver dans un endroit sec et frais.<\/p>\n<p><strong>\u00a0 \u00a0RATIONS :<\/strong><\/p>\n<div id=\"GoodsDetailTabs\" class=\"rc-max-width--xl rc-padding-x--sm\" data-gtm-vis-has-fired-40760133_379=\"1\" data-gtm-vis-has-fired-40760133_376=\"1\" data-gtm-vis-total-visible-time-40760133_379=\"500\" data-gtm-vis-first-on-screen-40760133_379=\"109597\" data-gtm-vis-recent-on-screen-40760133_379=\"109597\" data-gtm-vis-total-visible-time-40760133_376=\"500\" data-gtm-vis-first-on-screen-40760133_376=\"109596\" data-gtm-vis-recent-on-screen-40760133_376=\"109596\" data-tms=\"Product description\">\n<div class=\"rc-match-heights rc-content-h-middle rc-reverse-layout\">\n<div>\n<div class=\"rc-tabs tabs-detail\">\n<div id=\"tab__panel-3\" class=\"rc-tabs__content__single clearfix benefits ingredients rc-showhide\" aria-expanded=\"true\">\n<div class=\"block Guide\">\n<table>\n<thead>\n<tr>\n<th>Poids du chat<\/th>\n<th>Inf\u00e9rieur au poids id\u00e9al<\/th>\n<th>&#8211;<\/th>\n<th>Poids id\u00e9al<\/th>\n<th>&#8211;<\/th>\n<th>Sup\u00e9rieur au poids id\u00e9al<\/th>\n<th>&#8211;<\/th>\n<\/tr>\n<\/thead>\n<tbody>\n<tr>\n<td>&#8211;<\/td>\n<td>Gramme<\/td>\n<td>Dose (cups)<\/td>\n<td>Gramme<\/td>\n<td>Dose (cups)<\/td>\n<td>Gramme<\/td>\n<td>Dose (cups)<\/td>\n<\/tr>\n<tr>\n<td>2 kg<\/td>\n<td>39 g<\/td>\n<td>4\/8<\/td>\n<td>33 g<\/td>\n<td>3\/8<\/td>\n<td>&#8211;<\/td>\n<td>&#8211;<\/td>\n<\/tr>\n<tr>\n<td>3 kg<\/td>\n<td>52 g<\/td>\n<td>5\/8<\/td>\n<td>44 g<\/td>\n<td>4\/8<\/td>\n<td>&#8211;<\/td>\n<td>&#8211;<\/td>\n<\/tr>\n<tr>\n<td>4 kg<\/td>\n<td>64 g<\/td>\n<td>6\/8<\/td>\n<td>54 g<\/td>\n<td>5\/8<\/td>\n<td>43 g<\/td>\n<td>4\/8<\/td>\n<\/tr>\n<tr>\n<td>5 kg<\/td>\n<td>75 g<\/td>\n<td>7\/8<\/td>\n<td>63 g<\/td>\n<td>6\/8<\/td>\n<td>50 g<\/td>\n<td>5\/8<\/td>\n<\/tr>\n<tr>\n<td>6 kg<\/td>\n<td>86 g<\/td>\n<td>1<\/td>\n<td>71 g<\/td>\n<td>6\/8<\/td>\n<td>57 g<\/td>\n<td>5\/8<\/td>\n<\/tr>\n<\/tbody>\n<\/table>\n<\/div>\n<\/div>\n<\/div>\n<\/div>\n<\/div>\n<\/div>\n","protected":false},"excerpt":{"rendered":"<div class=\"desAndStars rc-margin-bottom--xs d-flex flex-wrap flex-md-nowrap justify-content-between\">\n<div class=\"des\">\n<h2 class=\"text-break mb-1 mt-2\">Aliment complet et \u00e9quilibr\u00e9 pour chats adultes de plus de 1 an &#8211; Activit\u00e9 mod\u00e9r\u00e9e, acc\u00e8s \u00e0 l\u2019ext\u00e9rieur.<\/h2>\n<\/div>\n<\/div>\n<div class=\"description\">Sp\u00e9cialement con\u00e7u pour r\u00e9pondre \u00e0 tous les besoins nutritionnels de votre chat afin de le maintenir en bonne sant\u00e9, ROYAL CANIN\u00ae Fit 32 convient aux chats adultes \u00e2g\u00e9s de 1 \u00e0 7 ans.\u00a0 \u00a0 Votre chat a besoin d\u2019une nutrition de haute qualit\u00e9 pour r\u00e9pondre \u00e0 tous les besoins de l\u2019\u00e2ge adulte, c\u2019est pourquoi ROYAL CANIN\u00ae Fit 32 pr\u00e9sente un profil nutritionnel optimal contenant un niveau ad\u00e9quat de nutriments b\u00e9n\u00e9fiques pour aider \u00e0 maintenir votre chat adulte en bonne sant\u00e9. \u00a0 De plus, ROYAL CANIN\u00ae Fit 32 est formul\u00e9 \u00e0 partir d\u2019une combinaison de nutriments b\u00e9n\u00e9fiques, dont une grande vari\u00e9t\u00e9 de vitamines et de min\u00e9raux qui contribuent \u00e0 soutenir le bon fonctionnement du syst\u00e8me urinaire des chats adultes tels que le v\u00f4tre. \u00a0 Gr\u00e2ce \u00e0 son apport en fibres alimentaires sp\u00e9cifiques, ROYAL CANIN\u00ae Fit 32 aide \u00e9galement votre chat \u00e0 se d\u00e9barrasser des poils qu\u2019il a pu ing\u00e9rer, r\u00e9duisant ainsi de mani\u00e8re consid\u00e9rable l\u2019apparition de boules de poils.<\/div>\n","protected":false},"featured_media":2135,"comment_status":"open","ping_status":"closed","template":"","meta":[],"product_brand":[],"product_cat":[74],"product_tag":[],"class_list":{"0":"post-2134","1":"product","2":"type-product","3":"status-publish","4":"has-post-thumbnail","6":"product_cat-alimentation-2","8":"first","9":"instock","10":"sale","11":"shipping-taxable","12":"purchasable","13":"product-type-simple"},"yoast_head":"<!-- This site is optimized with the Yoast SEO plugin v25.8 - https:\/\/yoast.com\/wordpress\/plugins\/seo\/ -->\n<title>Royal Canin Fit 32 2 kg - puppymaroc.com<\/title>\n<meta name=\"description\" content=\"Aliment complet et \u00e9quilibr\u00e9 pour chats adultes de plus de 1 an - Activit\u00e9 mod\u00e9r\u00e9e, acc\u00e8s \u00e0 l\u2019ext\u00e9rieur.Sp\u00e9cialement con\u00e7u pour r\u00e9pondre \u00e0 tous les besoins nutritionnels de votre chat afin de le maintenir en bonne sant\u00e9, ROYAL CANIN\u00ae Fit 32 convient aux chats adultes \u00e2g\u00e9s de 1 \u00e0 7 ans. Votre chat a besoin d\u2019une nutrition de haute qualit\u00e9 pour r\u00e9pondre \u00e0 tous les besoins de l\u2019\u00e2ge adulte, c\u2019est pourquoi ROYAL CANIN\u00ae Fit 32 pr\u00e9sente un profil nutritionnel optimal contenant un niveau ad\u00e9quat de nutriments b\u00e9n\u00e9fiques pour aider \u00e0 maintenir votre chat adulte en bonne sant\u00e9. De plus, ROYAL CANIN\u00ae Fit 32 est formul\u00e9 \u00e0 partir d\u2019une combinaison de nutriments b\u00e9n\u00e9fiques, dont une grande vari\u00e9t\u00e9 de vitamines et de min\u00e9raux qui contribuent \u00e0 soutenir le bon fonctionnement du syst\u00e8me urinaire des chats adultes tels que le v\u00f4tre. Gr\u00e2ce \u00e0 son apport en fibres alimentaires sp\u00e9cifiques, ROYAL CANIN\u00ae Fit 32 aide \u00e9galement votre chat \u00e0 se d\u00e9barrasser des poils qu\u2019il a pu ing\u00e9rer, r\u00e9duisant ainsi de mani\u00e8re consid\u00e9rable l\u2019apparition de boules de poils.\" \/>\n<meta name=\"robots\" content=\"index, follow, max-snippet:-1, max-image-preview:large, max-video-preview:-1\" \/>\n<link rel=\"canonical\" href=\"https:\/\/puppymaroc.webmarocagency.com\/?product=royal-canin-fit-32-2-kg\" \/>\n<meta property=\"og:locale\" content=\"fr_FR\" \/>\n<meta property=\"og:type\" content=\"article\" \/>\n<meta property=\"og:title\" content=\"Royal Canin Fit 32 2 kg - puppymaroc.com\" \/>\n<meta property=\"og:description\" content=\"Aliment complet et \u00e9quilibr\u00e9 pour chats adultes de plus de 1 an - Activit\u00e9 mod\u00e9r\u00e9e, acc\u00e8s \u00e0 l\u2019ext\u00e9rieur.Sp\u00e9cialement con\u00e7u pour r\u00e9pondre \u00e0 tous les besoins nutritionnels de votre chat afin de le maintenir en bonne sant\u00e9, ROYAL CANIN\u00ae Fit 32 convient aux chats adultes \u00e2g\u00e9s de 1 \u00e0 7 ans. Votre chat a besoin d\u2019une nutrition de haute qualit\u00e9 pour r\u00e9pondre \u00e0 tous les besoins de l\u2019\u00e2ge adulte, c\u2019est pourquoi ROYAL CANIN\u00ae Fit 32 pr\u00e9sente un profil nutritionnel optimal contenant un niveau ad\u00e9quat de nutriments b\u00e9n\u00e9fiques pour aider \u00e0 maintenir votre chat adulte en bonne sant\u00e9. De plus, ROYAL CANIN\u00ae Fit 32 est formul\u00e9 \u00e0 partir d\u2019une combinaison de nutriments b\u00e9n\u00e9fiques, dont une grande vari\u00e9t\u00e9 de vitamines et de min\u00e9raux qui contribuent \u00e0 soutenir le bon fonctionnement du syst\u00e8me urinaire des chats adultes tels que le v\u00f4tre. Gr\u00e2ce \u00e0 son apport en fibres alimentaires sp\u00e9cifiques, ROYAL CANIN\u00ae Fit 32 aide \u00e9galement votre chat \u00e0 se d\u00e9barrasser des poils qu\u2019il a pu ing\u00e9rer, r\u00e9duisant ainsi de mani\u00e8re consid\u00e9rable l\u2019apparition de boules de poils.\" \/>\n<meta property=\"og:url\" content=\"https:\/\/puppymaroc.webmarocagency.com\/?product=royal-canin-fit-32-2-kg\" \/>\n<meta property=\"og:site_name\" content=\"puppymaroc.com\" \/>\n<meta property=\"article:publisher\" content=\"https:\/\/www.facebook.com\/PuppyMaroc?mibextid=ZbWKwL\" \/>\n<meta property=\"article:modified_time\" content=\"2024-09-20T18:26:31+00:00\" \/>\n<meta property=\"og:image\" content=\"https:\/\/puppymaroc.webmarocagency.com\/wp-content\/uploads\/2024\/09\/background-puppy-maroc-10.png\" \/>\n\t<meta property=\"og:image:width\" content=\"1080\" \/>\n\t<meta property=\"og:image:height\" content=\"1080\" \/>\n\t<meta property=\"og:image:type\" content=\"image\/png\" \/>\n<meta name=\"twitter:card\" content=\"summary_large_image\" \/>\n<meta name=\"twitter:label1\" content=\"Dur\u00e9e de lecture estim\u00e9e\" \/>\n\t<meta name=\"twitter:data1\" content=\"2 minutes\" \/>\n<script type=\"application\/ld+json\" class=\"yoast-schema-graph\">{\"@context\":\"https:\/\/schema.org\",\"@graph\":[{\"@type\":\"WebPage\",\"@id\":\"https:\/\/puppymaroc.webmarocagency.com\/?product=royal-canin-fit-32-2-kg\",\"url\":\"https:\/\/puppymaroc.webmarocagency.com\/?product=royal-canin-fit-32-2-kg\",\"name\":\"Royal Canin Fit 32 2 kg - puppymaroc.com\",\"isPartOf\":{\"@id\":\"https:\/\/puppymaroc.webmarocagency.com\/#website\"},\"primaryImageOfPage\":{\"@id\":\"https:\/\/puppymaroc.webmarocagency.com\/?product=royal-canin-fit-32-2-kg#primaryimage\"},\"image\":{\"@id\":\"https:\/\/puppymaroc.webmarocagency.com\/?product=royal-canin-fit-32-2-kg#primaryimage\"},\"thumbnailUrl\":\"https:\/\/puppymaroc.webmarocagency.com\/wp-content\/uploads\/2024\/09\/background-puppy-maroc-10.png\",\"datePublished\":\"2024-09-20T18:18:21+00:00\",\"dateModified\":\"2024-09-20T18:26:31+00:00\",\"description\":\"Aliment complet et \u00e9quilibr\u00e9 pour chats adultes de plus de 1 an - Activit\u00e9 mod\u00e9r\u00e9e, acc\u00e8s \u00e0 l\u2019ext\u00e9rieur.Sp\u00e9cialement con\u00e7u pour r\u00e9pondre \u00e0 tous les besoins nutritionnels de votre chat afin de le maintenir en bonne sant\u00e9, ROYAL CANIN\u00ae Fit 32 convient aux chats adultes \u00e2g\u00e9s de 1 \u00e0 7 ans. Votre chat a besoin d\u2019une nutrition de haute qualit\u00e9 pour r\u00e9pondre \u00e0 tous les besoins de l\u2019\u00e2ge adulte, c\u2019est pourquoi ROYAL CANIN\u00ae Fit 32 pr\u00e9sente un profil nutritionnel optimal contenant un niveau ad\u00e9quat de nutriments b\u00e9n\u00e9fiques pour aider \u00e0 maintenir votre chat adulte en bonne sant\u00e9. De plus, ROYAL CANIN\u00ae Fit 32 est formul\u00e9 \u00e0 partir d\u2019une combinaison de nutriments b\u00e9n\u00e9fiques, dont une grande vari\u00e9t\u00e9 de vitamines et de min\u00e9raux qui contribuent \u00e0 soutenir le bon fonctionnement du syst\u00e8me urinaire des chats adultes tels que le v\u00f4tre. Gr\u00e2ce \u00e0 son apport en fibres alimentaires sp\u00e9cifiques, ROYAL CANIN\u00ae Fit 32 aide \u00e9galement votre chat \u00e0 se d\u00e9barrasser des poils qu\u2019il a pu ing\u00e9rer, r\u00e9duisant ainsi de mani\u00e8re consid\u00e9rable l\u2019apparition de boules de poils.\",\"breadcrumb\":{\"@id\":\"https:\/\/puppymaroc.webmarocagency.com\/?product=royal-canin-fit-32-2-kg#breadcrumb\"},\"inLanguage\":\"fr-FR\",\"potentialAction\":[{\"@type\":\"ReadAction\",\"target\":[\"https:\/\/puppymaroc.webmarocagency.com\/?product=royal-canin-fit-32-2-kg\"]}]},{\"@type\":\"ImageObject\",\"inLanguage\":\"fr-FR\",\"@id\":\"https:\/\/puppymaroc.webmarocagency.com\/?product=royal-canin-fit-32-2-kg#primaryimage\",\"url\":\"https:\/\/puppymaroc.webmarocagency.com\/wp-content\/uploads\/2024\/09\/background-puppy-maroc-10.png\",\"contentUrl\":\"https:\/\/puppymaroc.webmarocagency.com\/wp-content\/uploads\/2024\/09\/background-puppy-maroc-10.png\",\"width\":1080,\"height\":1080},{\"@type\":\"BreadcrumbList\",\"@id\":\"https:\/\/puppymaroc.webmarocagency.com\/?product=royal-canin-fit-32-2-kg#breadcrumb\",\"itemListElement\":[{\"@type\":\"ListItem\",\"position\":1,\"name\":\"Accueil\",\"item\":\"https:\/\/puppymaroc.webmarocagency.com\/\"},{\"@type\":\"ListItem\",\"position\":2,\"name\":\"Produit\",\"item\":\"https:\/\/puppymaroc.webmarocagency.com\/?page_id=1561\"},{\"@type\":\"ListItem\",\"position\":3,\"name\":\"Royal Canin Fit 32 2 kg\"}]},{\"@type\":\"WebSite\",\"@id\":\"https:\/\/puppymaroc.webmarocagency.com\/#website\",\"url\":\"https:\/\/puppymaroc.webmarocagency.com\/\",\"name\":\"puppymaroc.com\",\"description\":\"puppymaroc\",\"publisher\":{\"@id\":\"https:\/\/puppymaroc.webmarocagency.com\/#organization\"},\"potentialAction\":[{\"@type\":\"SearchAction\",\"target\":{\"@type\":\"EntryPoint\",\"urlTemplate\":\"https:\/\/puppymaroc.webmarocagency.com\/?s={search_term_string}\"},\"query-input\":{\"@type\":\"PropertyValueSpecification\",\"valueRequired\":true,\"valueName\":\"search_term_string\"}}],\"inLanguage\":\"fr-FR\"},{\"@type\":\"Organization\",\"@id\":\"https:\/\/puppymaroc.webmarocagency.com\/#organization\",\"name\":\"puppymaroc.com\",\"url\":\"https:\/\/puppymaroc.webmarocagency.com\/\",\"logo\":{\"@type\":\"ImageObject\",\"inLanguage\":\"fr-FR\",\"@id\":\"https:\/\/puppymaroc.webmarocagency.com\/#\/schema\/logo\/image\/\",\"url\":\"https:\/\/puppymaroc.webmarocagency.com\/wp-content\/uploads\/2024\/02\/cropped-cropped-puppy-maroc-logo-rmv-2.png\",\"contentUrl\":\"https:\/\/puppymaroc.webmarocagency.com\/wp-content\/uploads\/2024\/02\/cropped-cropped-puppy-maroc-logo-rmv-2.png\",\"width\":958,\"height\":920,\"caption\":\"puppymaroc.com\"},\"image\":{\"@id\":\"https:\/\/puppymaroc.webmarocagency.com\/#\/schema\/logo\/image\/\"},\"sameAs\":[\"https:\/\/www.facebook.com\/PuppyMaroc?mibextid=ZbWKwL\"]}]}<\/script>\n<!-- \/ Yoast SEO plugin. -->","yoast_head_json":{"title":"Royal Canin Fit 32 2 kg - puppymaroc.com","description":"Aliment complet et \u00e9quilibr\u00e9 pour chats adultes de plus de 1 an - Activit\u00e9 mod\u00e9r\u00e9e, acc\u00e8s \u00e0 l\u2019ext\u00e9rieur.Sp\u00e9cialement con\u00e7u pour r\u00e9pondre \u00e0 tous les besoins nutritionnels de votre chat afin de le maintenir en bonne sant\u00e9, ROYAL CANIN\u00ae Fit 32 convient aux chats adultes \u00e2g\u00e9s de 1 \u00e0 7 ans. Votre chat a besoin d\u2019une nutrition de haute qualit\u00e9 pour r\u00e9pondre \u00e0 tous les besoins de l\u2019\u00e2ge adulte, c\u2019est pourquoi ROYAL CANIN\u00ae Fit 32 pr\u00e9sente un profil nutritionnel optimal contenant un niveau ad\u00e9quat de nutriments b\u00e9n\u00e9fiques pour aider \u00e0 maintenir votre chat adulte en bonne sant\u00e9. De plus, ROYAL CANIN\u00ae Fit 32 est formul\u00e9 \u00e0 partir d\u2019une combinaison de nutriments b\u00e9n\u00e9fiques, dont une grande vari\u00e9t\u00e9 de vitamines et de min\u00e9raux qui contribuent \u00e0 soutenir le bon fonctionnement du syst\u00e8me urinaire des chats adultes tels que le v\u00f4tre. Gr\u00e2ce \u00e0 son apport en fibres alimentaires sp\u00e9cifiques, ROYAL CANIN\u00ae Fit 32 aide \u00e9galement votre chat \u00e0 se d\u00e9barrasser des poils qu\u2019il a pu ing\u00e9rer, r\u00e9duisant ainsi de mani\u00e8re consid\u00e9rable l\u2019apparition de boules de poils.","robots":{"index":"index","follow":"follow","max-snippet":"max-snippet:-1","max-image-preview":"max-image-preview:large","max-video-preview":"max-video-preview:-1"},"canonical":"https:\/\/puppymaroc.webmarocagency.com\/?product=royal-canin-fit-32-2-kg","og_locale":"fr_FR","og_type":"article","og_title":"Royal Canin Fit 32 2 kg - puppymaroc.com","og_description":"Aliment complet et \u00e9quilibr\u00e9 pour chats adultes de plus de 1 an - Activit\u00e9 mod\u00e9r\u00e9e, acc\u00e8s \u00e0 l\u2019ext\u00e9rieur.Sp\u00e9cialement con\u00e7u pour r\u00e9pondre \u00e0 tous les besoins nutritionnels de votre chat afin de le maintenir en bonne sant\u00e9, ROYAL CANIN\u00ae Fit 32 convient aux chats adultes \u00e2g\u00e9s de 1 \u00e0 7 ans. Votre chat a besoin d\u2019une nutrition de haute qualit\u00e9 pour r\u00e9pondre \u00e0 tous les besoins de l\u2019\u00e2ge adulte, c\u2019est pourquoi ROYAL CANIN\u00ae Fit 32 pr\u00e9sente un profil nutritionnel optimal contenant un niveau ad\u00e9quat de nutriments b\u00e9n\u00e9fiques pour aider \u00e0 maintenir votre chat adulte en bonne sant\u00e9. De plus, ROYAL CANIN\u00ae Fit 32 est formul\u00e9 \u00e0 partir d\u2019une combinaison de nutriments b\u00e9n\u00e9fiques, dont une grande vari\u00e9t\u00e9 de vitamines et de min\u00e9raux qui contribuent \u00e0 soutenir le bon fonctionnement du syst\u00e8me urinaire des chats adultes tels que le v\u00f4tre. Gr\u00e2ce \u00e0 son apport en fibres alimentaires sp\u00e9cifiques, ROYAL CANIN\u00ae Fit 32 aide \u00e9galement votre chat \u00e0 se d\u00e9barrasser des poils qu\u2019il a pu ing\u00e9rer, r\u00e9duisant ainsi de mani\u00e8re consid\u00e9rable l\u2019apparition de boules de poils.","og_url":"https:\/\/puppymaroc.webmarocagency.com\/?product=royal-canin-fit-32-2-kg","og_site_name":"puppymaroc.com","article_publisher":"https:\/\/www.facebook.com\/PuppyMaroc?mibextid=ZbWKwL","article_modified_time":"2024-09-20T18:26:31+00:00","og_image":[{"width":1080,"height":1080,"url":"https:\/\/puppymaroc.webmarocagency.com\/wp-content\/uploads\/2024\/09\/background-puppy-maroc-10.png","type":"image\/png"}],"twitter_card":"summary_large_image","twitter_misc":{"Dur\u00e9e de lecture estim\u00e9e":"2 minutes"},"schema":{"@context":"https:\/\/schema.org","@graph":[{"@type":"WebPage","@id":"https:\/\/puppymaroc.webmarocagency.com\/?product=royal-canin-fit-32-2-kg","url":"https:\/\/puppymaroc.webmarocagency.com\/?product=royal-canin-fit-32-2-kg","name":"Royal Canin Fit 32 2 kg - puppymaroc.com","isPartOf":{"@id":"https:\/\/puppymaroc.webmarocagency.com\/#website"},"primaryImageOfPage":{"@id":"https:\/\/puppymaroc.webmarocagency.com\/?product=royal-canin-fit-32-2-kg#primaryimage"},"image":{"@id":"https:\/\/puppymaroc.webmarocagency.com\/?product=royal-canin-fit-32-2-kg#primaryimage"},"thumbnailUrl":"https:\/\/puppymaroc.webmarocagency.com\/wp-content\/uploads\/2024\/09\/background-puppy-maroc-10.png","datePublished":"2024-09-20T18:18:21+00:00","dateModified":"2024-09-20T18:26:31+00:00","description":"Aliment complet et \u00e9quilibr\u00e9 pour chats adultes de plus de 1 an - Activit\u00e9 mod\u00e9r\u00e9e, acc\u00e8s \u00e0 l\u2019ext\u00e9rieur.Sp\u00e9cialement con\u00e7u pour r\u00e9pondre \u00e0 tous les besoins nutritionnels de votre chat afin de le maintenir en bonne sant\u00e9, ROYAL CANIN\u00ae Fit 32 convient aux chats adultes \u00e2g\u00e9s de 1 \u00e0 7 ans. Votre chat a besoin d\u2019une nutrition de haute qualit\u00e9 pour r\u00e9pondre \u00e0 tous les besoins de l\u2019\u00e2ge adulte, c\u2019est pourquoi ROYAL CANIN\u00ae Fit 32 pr\u00e9sente un profil nutritionnel optimal contenant un niveau ad\u00e9quat de nutriments b\u00e9n\u00e9fiques pour aider \u00e0 maintenir votre chat adulte en bonne sant\u00e9. De plus, ROYAL CANIN\u00ae Fit 32 est formul\u00e9 \u00e0 partir d\u2019une combinaison de nutriments b\u00e9n\u00e9fiques, dont une grande vari\u00e9t\u00e9 de vitamines et de min\u00e9raux qui contribuent \u00e0 soutenir le bon fonctionnement du syst\u00e8me urinaire des chats adultes tels que le v\u00f4tre. Gr\u00e2ce \u00e0 son apport en fibres alimentaires sp\u00e9cifiques, ROYAL CANIN\u00ae Fit 32 aide \u00e9galement votre chat \u00e0 se d\u00e9barrasser des poils qu\u2019il a pu ing\u00e9rer, r\u00e9duisant ainsi de mani\u00e8re consid\u00e9rable l\u2019apparition de boules de poils.","breadcrumb":{"@id":"https:\/\/puppymaroc.webmarocagency.com\/?product=royal-canin-fit-32-2-kg#breadcrumb"},"inLanguage":"fr-FR","potentialAction":[{"@type":"ReadAction","target":["https:\/\/puppymaroc.webmarocagency.com\/?product=royal-canin-fit-32-2-kg"]}]},{"@type":"ImageObject","inLanguage":"fr-FR","@id":"https:\/\/puppymaroc.webmarocagency.com\/?product=royal-canin-fit-32-2-kg#primaryimage","url":"https:\/\/puppymaroc.webmarocagency.com\/wp-content\/uploads\/2024\/09\/background-puppy-maroc-10.png","contentUrl":"https:\/\/puppymaroc.webmarocagency.com\/wp-content\/uploads\/2024\/09\/background-puppy-maroc-10.png","width":1080,"height":1080},{"@type":"BreadcrumbList","@id":"https:\/\/puppymaroc.webmarocagency.com\/?product=royal-canin-fit-32-2-kg#breadcrumb","itemListElement":[{"@type":"ListItem","position":1,"name":"Accueil","item":"https:\/\/puppymaroc.webmarocagency.com\/"},{"@type":"ListItem","position":2,"name":"Produit","item":"https:\/\/puppymaroc.webmarocagency.com\/?page_id=1561"},{"@type":"ListItem","position":3,"name":"Royal Canin Fit 32 2 kg"}]},{"@type":"WebSite","@id":"https:\/\/puppymaroc.webmarocagency.com\/#website","url":"https:\/\/puppymaroc.webmarocagency.com\/","name":"puppymaroc.com","description":"puppymaroc","publisher":{"@id":"https:\/\/puppymaroc.webmarocagency.com\/#organization"},"potentialAction":[{"@type":"SearchAction","target":{"@type":"EntryPoint","urlTemplate":"https:\/\/puppymaroc.webmarocagency.com\/?s={search_term_string}"},"query-input":{"@type":"PropertyValueSpecification","valueRequired":true,"valueName":"search_term_string"}}],"inLanguage":"fr-FR"},{"@type":"Organization","@id":"https:\/\/puppymaroc.webmarocagency.com\/#organization","name":"puppymaroc.com","url":"https:\/\/puppymaroc.webmarocagency.com\/","logo":{"@type":"ImageObject","inLanguage":"fr-FR","@id":"https:\/\/puppymaroc.webmarocagency.com\/#\/schema\/logo\/image\/","url":"https:\/\/puppymaroc.webmarocagency.com\/wp-content\/uploads\/2024\/02\/cropped-cropped-puppy-maroc-logo-rmv-2.png","contentUrl":"https:\/\/puppymaroc.webmarocagency.com\/wp-content\/uploads\/2024\/02\/cropped-cropped-puppy-maroc-logo-rmv-2.png","width":958,"height":920,"caption":"puppymaroc.com"},"image":{"@id":"https:\/\/puppymaroc.webmarocagency.com\/#\/schema\/logo\/image\/"},"sameAs":["https:\/\/www.facebook.com\/PuppyMaroc?mibextid=ZbWKwL"]}]}},"_links":{"self":[{"href":"https:\/\/puppymaroc.webmarocagency.com\/index.php?rest_route=\/wp\/v2\/product\/2134","targetHints":{"allow":["GET"]}}],"collection":[{"href":"https:\/\/puppymaroc.webmarocagency.com\/index.php?rest_route=\/wp\/v2\/product"}],"about":[{"href":"https:\/\/puppymaroc.webmarocagency.com\/index.php?rest_route=\/wp\/v2\/types\/product"}],"replies":[{"embeddable":true,"href":"https:\/\/puppymaroc.webmarocagency.com\/index.php?rest_route=%2Fwp%2Fv2%2Fcomments&post=2134"}],"wp:featuredmedia":[{"embeddable":true,"href":"https:\/\/puppymaroc.webmarocagency.com\/index.php?rest_route=\/wp\/v2\/media\/2135"}],"wp:attachment":[{"href":"https:\/\/puppymaroc.webmarocagency.com\/index.php?rest_route=%2Fwp%2Fv2%2Fmedia&parent=2134"}],"wp:term":[{"taxonomy":"product_brand","embeddable":true,"href":"https:\/\/puppymaroc.webmarocagency.com\/index.php?rest_route=%2Fwp%2Fv2%2Fproduct_brand&post=2134"},{"taxonomy":"product_cat","embeddable":true,"href":"https:\/\/puppymaroc.webmarocagency.com\/index.php?rest_route=%2Fwp%2Fv2%2Fproduct_cat&post=2134"},{"taxonomy":"product_tag","embeddable":true,"href":"https:\/\/puppymaroc.webmarocagency.com\/index.php?rest_route=%2Fwp%2Fv2%2Fproduct_tag&post=2134"}],"curies":[{"name":"wp","href":"https:\/\/api.w.org\/{rel}","templated":true}]}}