{"id":2136,"date":"2024-09-20T19:28:45","date_gmt":"2024-09-20T18:28:45","guid":{"rendered":"https:\/\/puppymaroc.com\/?post_type=product&#038;p=2136"},"modified":"2024-09-20T19:32:08","modified_gmt":"2024-09-20T18:32:08","slug":"royal-canin-sterilised-400-gr","status":"publish","type":"product","link":"https:\/\/puppymaroc.webmarocagency.com\/?product=royal-canin-sterilised-400-gr","title":{"rendered":"Royal Canin Sterilised 400 gr"},"content":{"rendered":"<p><strong>\u00a0INFORMATIONS NUTRITIONELLES :<\/strong><\/p>\n<div id=\"GoodsDetailTabs\" class=\"rc-max-width--xl rc-padding-x--sm\" data-gtm-vis-has-fired-40760133_379=\"1\" data-gtm-vis-has-fired-40760133_376=\"1\" data-gtm-vis-total-visible-time-40760133_379=\"500\" data-gtm-vis-first-on-screen-40760133_379=\"60485\" data-gtm-vis-recent-on-screen-40760133_379=\"60485\" data-gtm-vis-total-visible-time-40760133_376=\"500\" data-gtm-vis-first-on-screen-40760133_376=\"60485\" data-gtm-vis-recent-on-screen-40760133_376=\"60485\" data-tms=\"Product description\">\n<div class=\"rc-match-heights rc-content-h-middle rc-reverse-layout\">\n<div>\n<div class=\"rc-tabs tabs-detail\">\n<div id=\"tab__panel-2\" class=\"rc-tabs__content__single clearfix benefits ingredients rc-showhide\" aria-expanded=\"true\">\n<div class=\"block Compositions\">\n<div class=\"content\">Composition : prot\u00e9ines de volaille d\u00e9shydrat\u00e9es, ma\u00efs, isolat de prot\u00e9ines v\u00e9g\u00e9tales*, fibres v\u00e9g\u00e9tales, graisses animales, hydrolysat de prot\u00e9ines animales, riz, bl\u00e9, pulpe de betterave, gluten de ma\u00efs, levures et composants de levures, sels min\u00e9raux, huile de poisson, fructo-oligosaccharides, huile de soja.<\/div>\n<p>&nbsp;<\/p>\n<p>Additifs (au kg)\u00a0: Additifs nutritionnels\u00a0: Vitamine A\u00a0: 19000\u00a0UI, Vitamine D3\u00a0: 1000\u00a0UI, E1 (Fer)\u00a0: 31\u00a0mg, E2 (Iode)\u00a0: 3,1\u00a0mg, E4 (Cuivre)\u00a0: 10\u00a0mg, E5 (Mangan\u00e8se)\u00a0: 41\u00a0mg, E6 (Zinc)\u00a0: 122\u00a0mg, E8 (S\u00e9l\u00e9nium)\u00a0: 0,05\u00a0mg, L-carnitine\u00a0: 100\u00a0mg\u00a0&#8211; Additifs technologiques\u00a0: Clinoptilolite d\u2019origine s\u00e9dimentaire\u00a0: 10\u00a0g\u00a0&#8211; Additifs zootechniques\u00a0: Chlorure d\u2019ammonium\u00a0: 5\u00a0g\u00a0&#8211; Conservateurs\u00a0&#8211; Antioxyg\u00e8nes.<\/p>\n<p>Constituants analytiques : Prot\u00e9ine\u00a0: 37\u00a0%\u00a0&#8211; Teneur en mati\u00e8res grasses\u00a0: 12\u00a0%\u00a0&#8211; Cendres brutes\u00a0: 8,2\u00a0%\u00a0&#8211; Cellulose brute\u00a0: 6,2\u00a0%.<\/p>\n<p>*L.I.P.\u00a0: prot\u00e9ine s\u00e9lectionn\u00e9e pour sa tr\u00e8s haute digestibilit\u00e9.<\/p>\n<p>Mode d\u2019emploi\u00a0: voir tableau. Num\u00e9ro de lot et d\u2019identifiant usine, \u00e0 utiliser de pr\u00e9f\u00e9rence avant\u00a0: voir sur l\u2019emballage. \u00c0\u00a0conserver dans un endroit sec et frais.<\/p>\n<p><strong>\u00a0 \u00a0RATIONS :<\/strong><\/p>\n<p>&nbsp;<\/p>\n<div id=\"GoodsDetailTabs\" class=\"rc-max-width--xl rc-padding-x--sm\" data-gtm-vis-has-fired-40760133_379=\"1\" data-gtm-vis-has-fired-40760133_376=\"1\" data-gtm-vis-total-visible-time-40760133_379=\"500\" data-gtm-vis-first-on-screen-40760133_379=\"60485\" data-gtm-vis-recent-on-screen-40760133_379=\"60485\" data-gtm-vis-total-visible-time-40760133_376=\"500\" data-gtm-vis-first-on-screen-40760133_376=\"60485\" data-gtm-vis-recent-on-screen-40760133_376=\"60485\" data-tms=\"Product description\">\n<div class=\"rc-match-heights rc-content-h-middle rc-reverse-layout\">\n<div>\n<div class=\"rc-tabs tabs-detail\">\n<div id=\"tab__panel-3\" class=\"rc-tabs__content__single clearfix benefits ingredients rc-showhide\" aria-expanded=\"true\">\n<div class=\"block Guide\">\n<table>\n<thead>\n<tr>\n<th>Poids du chat<\/th>\n<th>3 kg<\/th>\n<th>4 kg<\/th>\n<th>5 kg<\/th>\n<th>6 kg<\/th>\n<\/tr>\n<\/thead>\n<tbody>\n<tr>\n<td>Poids id\u00e9al<\/td>\n<td>47 g (ou 30 g + 1 sachet)<\/td>\n<td>57 g (ou 41 g + 1 sachet)<\/td>\n<td>67 g (ou 51 g + 1 sachet)<\/td>\n<td>76 g (ou 60 g + 1 sachet)<\/td>\n<\/tr>\n<tr>\n<td>Embonpoint<\/td>\n<td>37 g (ou 21 g + 1 sachet)<\/td>\n<td>46 g (ou 29 g + 1 sachet)<\/td>\n<td>54 g (ou 37 g + 1 sachet)<\/td>\n<td>61 g (ou 44 g + 1 sachet)<\/td>\n<\/tr>\n<\/tbody>\n<\/table>\n<\/div>\n<\/div>\n<\/div>\n<\/div>\n<\/div>\n<\/div>\n<\/div>\n<\/div>\n<\/div>\n<\/div>\n<\/div>\n<\/div>\n","protected":false},"excerpt":{"rendered":"<div class=\"desAndStars rc-margin-bottom--xs d-flex flex-wrap flex-md-nowrap justify-content-between\">\n<div class=\"des\">\n<h2 class=\"text-break mb-1 mt-2\">Aliment complet et \u00e9quilibr\u00e9 pour chats st\u00e9rilis\u00e9s (de 1 \u00e0 7 ans).<\/h2>\n<\/div>\n<\/div>\n<div class=\"description\">\n<div id=\"GoodsDetailTabs\" class=\"rc-max-width--xl rc-padding-x--sm\" data-gtm-vis-has-fired-40760133_379=\"1\" data-gtm-vis-has-fired-40760133_376=\"1\" data-gtm-vis-total-visible-time-40760133_379=\"500\" data-gtm-vis-first-on-screen-40760133_379=\"60485\" data-gtm-vis-recent-on-screen-40760133_379=\"60485\" data-gtm-vis-total-visible-time-40760133_376=\"500\" data-gtm-vis-first-on-screen-40760133_376=\"60485\" data-gtm-vis-recent-on-screen-40760133_376=\"60485\" data-tms=\"Product description\">\n<div class=\"rc-match-heights rc-content-h-middle rc-reverse-layout\">\n<div>\n<div class=\"rc-tabs tabs-detail\">\n<div id=\"tab__panel-0\" class=\"rc-tabs__content__single clearfix benefits ingredients rc-showhide\" aria-expanded=\"true\">\n<div class=\"block Text\">\n<p class=\"content rc-scroll--x detail-content-tabinfo\">\u00a0Apr\u00e8s la st\u00e9rilisation de votre chat, il peut \u00eatre n\u00e9cessaire d\u2019adapter son alimentation afin de s\u2019assurer qu\u2019il re\u00e7oit les nutriments qui correspondent \u00e0 ses besoins \u00e9nerg\u00e9tiques quelque peu modifi\u00e9s. \u00a0 ROYAL CANIN\u00ae Sterilised 37 contient une quantit\u00e9 mod\u00e9r\u00e9e de mati\u00e8res grasses\u00a0: correctement rationn\u00e9 au quotidien, il aide votre chat \u00e0 conserver un poids id\u00e9al apr\u00e8s sa st\u00e9rilisation. \u00a0 \u00a0 De plus, ROYAL CANIN\u00ae Sterilised 37 contient un m\u00e9lange de min\u00e9raux soigneusement choisi pour favoriser la sant\u00e9 du syst\u00e8me urinaire de votre chat et une teneur accrue en prot\u00e9ines pour renforcer sa masse musculaire. \u00a0 Pour r\u00e9pondre aux pr\u00e9f\u00e9rences individuelles de chaque chat, ROYAL CANIN\u00ae Sterilised 37 est \u00e9galement disponible sous forme d\u2019\u00e9minc\u00e9 en sauce, en gel\u00e9e ou en mousse. Si vous envisagez une alimentation mixte, il vous suffit de suivre nos instructions pour vous assurer que votre chat re\u00e7oit la quantit\u00e9 de nourriture s\u00e8che et humide n\u00e9cessaire pour un b\u00e9n\u00e9fice optimal.<\/p>\n<\/div>\n<\/div>\n<\/div>\n<\/div>\n<\/div>\n<\/div>\n<\/div>\n","protected":false},"featured_media":2137,"comment_status":"open","ping_status":"closed","template":"","meta":[],"product_brand":[],"product_cat":[74],"product_tag":[],"class_list":{"0":"post-2136","1":"product","2":"type-product","3":"status-publish","4":"has-post-thumbnail","6":"product_cat-alimentation-2","8":"first","9":"instock","10":"sale","11":"shipping-taxable","12":"purchasable","13":"product-type-simple"},"yoast_head":"<!-- This site is optimized with the Yoast SEO plugin v25.8 - https:\/\/yoast.com\/wordpress\/plugins\/seo\/ -->\n<title>Royal Canin Sterilised 400 gr - puppymaroc.com<\/title>\n<meta name=\"description\" content=\"Aliment complet et \u00e9quilibr\u00e9 pour chats st\u00e9rilis\u00e9s (de 1 \u00e0 7 ans). Apr\u00e8s la st\u00e9rilisation de votre chat, il peut \u00eatre n\u00e9cessaire d\u2019adapter son alimentation afin de s\u2019assurer qu\u2019il re\u00e7oit les nutriments qui correspondent \u00e0 ses besoins \u00e9nerg\u00e9tiques quelque peu modifi\u00e9s. ROYAL CANIN\u00ae Sterilised 37 contient une quantit\u00e9 mod\u00e9r\u00e9e de mati\u00e8res grasses : correctement rationn\u00e9 au quotidien, il aide votre chat \u00e0 conserver un poids id\u00e9al apr\u00e8s sa st\u00e9rilisation. De plus, ROYAL CANIN\u00ae Sterilised 37 contient un m\u00e9lange de min\u00e9raux soigneusement choisi pour favoriser la sant\u00e9 du syst\u00e8me urinaire de votre chat et une teneur accrue en prot\u00e9ines pour renforcer sa masse musculaire. Pour r\u00e9pondre aux pr\u00e9f\u00e9rences individuelles de chaque chat, ROYAL CANIN\u00ae Sterilised 37 est \u00e9galement disponible sous forme d\u2019\u00e9minc\u00e9 en sauce, en gel\u00e9e ou en mousse. Si vous envisagez une alimentation mixte, il vous suffit de suivre nos instructions pour vous assurer que votre chat re\u00e7oit la quantit\u00e9 de nourriture s\u00e8che et humide n\u00e9cessaire pour un b\u00e9n\u00e9fice optimal.\" \/>\n<meta name=\"robots\" content=\"index, follow, max-snippet:-1, max-image-preview:large, max-video-preview:-1\" \/>\n<link rel=\"canonical\" href=\"https:\/\/puppymaroc.webmarocagency.com\/?product=royal-canin-sterilised-400-gr\" \/>\n<meta property=\"og:locale\" content=\"fr_FR\" \/>\n<meta property=\"og:type\" content=\"article\" \/>\n<meta property=\"og:title\" content=\"Royal Canin Sterilised 400 gr - puppymaroc.com\" \/>\n<meta property=\"og:description\" content=\"Aliment complet et \u00e9quilibr\u00e9 pour chats st\u00e9rilis\u00e9s (de 1 \u00e0 7 ans). Apr\u00e8s la st\u00e9rilisation de votre chat, il peut \u00eatre n\u00e9cessaire d\u2019adapter son alimentation afin de s\u2019assurer qu\u2019il re\u00e7oit les nutriments qui correspondent \u00e0 ses besoins \u00e9nerg\u00e9tiques quelque peu modifi\u00e9s. ROYAL CANIN\u00ae Sterilised 37 contient une quantit\u00e9 mod\u00e9r\u00e9e de mati\u00e8res grasses : correctement rationn\u00e9 au quotidien, il aide votre chat \u00e0 conserver un poids id\u00e9al apr\u00e8s sa st\u00e9rilisation. De plus, ROYAL CANIN\u00ae Sterilised 37 contient un m\u00e9lange de min\u00e9raux soigneusement choisi pour favoriser la sant\u00e9 du syst\u00e8me urinaire de votre chat et une teneur accrue en prot\u00e9ines pour renforcer sa masse musculaire. Pour r\u00e9pondre aux pr\u00e9f\u00e9rences individuelles de chaque chat, ROYAL CANIN\u00ae Sterilised 37 est \u00e9galement disponible sous forme d\u2019\u00e9minc\u00e9 en sauce, en gel\u00e9e ou en mousse. Si vous envisagez une alimentation mixte, il vous suffit de suivre nos instructions pour vous assurer que votre chat re\u00e7oit la quantit\u00e9 de nourriture s\u00e8che et humide n\u00e9cessaire pour un b\u00e9n\u00e9fice optimal.\" \/>\n<meta property=\"og:url\" content=\"https:\/\/puppymaroc.webmarocagency.com\/?product=royal-canin-sterilised-400-gr\" \/>\n<meta property=\"og:site_name\" content=\"puppymaroc.com\" \/>\n<meta property=\"article:publisher\" content=\"https:\/\/www.facebook.com\/PuppyMaroc?mibextid=ZbWKwL\" \/>\n<meta property=\"article:modified_time\" content=\"2024-09-20T18:32:08+00:00\" \/>\n<meta property=\"og:image\" content=\"https:\/\/puppymaroc.webmarocagency.com\/wp-content\/uploads\/2024\/09\/background-puppy-maroc-11.png\" \/>\n\t<meta property=\"og:image:width\" content=\"1080\" \/>\n\t<meta property=\"og:image:height\" content=\"1080\" \/>\n\t<meta property=\"og:image:type\" content=\"image\/png\" \/>\n<meta name=\"twitter:card\" content=\"summary_large_image\" \/>\n<meta name=\"twitter:label1\" content=\"Dur\u00e9e de lecture estim\u00e9e\" \/>\n\t<meta name=\"twitter:data1\" content=\"2 minutes\" \/>\n<script type=\"application\/ld+json\" class=\"yoast-schema-graph\">{\"@context\":\"https:\/\/schema.org\",\"@graph\":[{\"@type\":\"WebPage\",\"@id\":\"https:\/\/puppymaroc.webmarocagency.com\/?product=royal-canin-sterilised-400-gr\",\"url\":\"https:\/\/puppymaroc.webmarocagency.com\/?product=royal-canin-sterilised-400-gr\",\"name\":\"Royal Canin Sterilised 400 gr - puppymaroc.com\",\"isPartOf\":{\"@id\":\"https:\/\/puppymaroc.webmarocagency.com\/#website\"},\"primaryImageOfPage\":{\"@id\":\"https:\/\/puppymaroc.webmarocagency.com\/?product=royal-canin-sterilised-400-gr#primaryimage\"},\"image\":{\"@id\":\"https:\/\/puppymaroc.webmarocagency.com\/?product=royal-canin-sterilised-400-gr#primaryimage\"},\"thumbnailUrl\":\"https:\/\/puppymaroc.webmarocagency.com\/wp-content\/uploads\/2024\/09\/background-puppy-maroc-11.png\",\"datePublished\":\"2024-09-20T18:28:45+00:00\",\"dateModified\":\"2024-09-20T18:32:08+00:00\",\"description\":\"Aliment complet et \u00e9quilibr\u00e9 pour chats st\u00e9rilis\u00e9s (de 1 \u00e0 7 ans). Apr\u00e8s la st\u00e9rilisation de votre chat, il peut \u00eatre n\u00e9cessaire d\u2019adapter son alimentation afin de s\u2019assurer qu\u2019il re\u00e7oit les nutriments qui correspondent \u00e0 ses besoins \u00e9nerg\u00e9tiques quelque peu modifi\u00e9s. ROYAL CANIN\u00ae Sterilised 37 contient une quantit\u00e9 mod\u00e9r\u00e9e de mati\u00e8res grasses : correctement rationn\u00e9 au quotidien, il aide votre chat \u00e0 conserver un poids id\u00e9al apr\u00e8s sa st\u00e9rilisation. De plus, ROYAL CANIN\u00ae Sterilised 37 contient un m\u00e9lange de min\u00e9raux soigneusement choisi pour favoriser la sant\u00e9 du syst\u00e8me urinaire de votre chat et une teneur accrue en prot\u00e9ines pour renforcer sa masse musculaire. Pour r\u00e9pondre aux pr\u00e9f\u00e9rences individuelles de chaque chat, ROYAL CANIN\u00ae Sterilised 37 est \u00e9galement disponible sous forme d\u2019\u00e9minc\u00e9 en sauce, en gel\u00e9e ou en mousse. Si vous envisagez une alimentation mixte, il vous suffit de suivre nos instructions pour vous assurer que votre chat re\u00e7oit la quantit\u00e9 de nourriture s\u00e8che et humide n\u00e9cessaire pour un b\u00e9n\u00e9fice optimal.\",\"breadcrumb\":{\"@id\":\"https:\/\/puppymaroc.webmarocagency.com\/?product=royal-canin-sterilised-400-gr#breadcrumb\"},\"inLanguage\":\"fr-FR\",\"potentialAction\":[{\"@type\":\"ReadAction\",\"target\":[\"https:\/\/puppymaroc.webmarocagency.com\/?product=royal-canin-sterilised-400-gr\"]}]},{\"@type\":\"ImageObject\",\"inLanguage\":\"fr-FR\",\"@id\":\"https:\/\/puppymaroc.webmarocagency.com\/?product=royal-canin-sterilised-400-gr#primaryimage\",\"url\":\"https:\/\/puppymaroc.webmarocagency.com\/wp-content\/uploads\/2024\/09\/background-puppy-maroc-11.png\",\"contentUrl\":\"https:\/\/puppymaroc.webmarocagency.com\/wp-content\/uploads\/2024\/09\/background-puppy-maroc-11.png\",\"width\":1080,\"height\":1080},{\"@type\":\"BreadcrumbList\",\"@id\":\"https:\/\/puppymaroc.webmarocagency.com\/?product=royal-canin-sterilised-400-gr#breadcrumb\",\"itemListElement\":[{\"@type\":\"ListItem\",\"position\":1,\"name\":\"Accueil\",\"item\":\"https:\/\/puppymaroc.webmarocagency.com\/\"},{\"@type\":\"ListItem\",\"position\":2,\"name\":\"Produit\",\"item\":\"https:\/\/puppymaroc.webmarocagency.com\/?page_id=1561\"},{\"@type\":\"ListItem\",\"position\":3,\"name\":\"Royal Canin Sterilised 400 gr\"}]},{\"@type\":\"WebSite\",\"@id\":\"https:\/\/puppymaroc.webmarocagency.com\/#website\",\"url\":\"https:\/\/puppymaroc.webmarocagency.com\/\",\"name\":\"puppymaroc.com\",\"description\":\"puppymaroc\",\"publisher\":{\"@id\":\"https:\/\/puppymaroc.webmarocagency.com\/#organization\"},\"potentialAction\":[{\"@type\":\"SearchAction\",\"target\":{\"@type\":\"EntryPoint\",\"urlTemplate\":\"https:\/\/puppymaroc.webmarocagency.com\/?s={search_term_string}\"},\"query-input\":{\"@type\":\"PropertyValueSpecification\",\"valueRequired\":true,\"valueName\":\"search_term_string\"}}],\"inLanguage\":\"fr-FR\"},{\"@type\":\"Organization\",\"@id\":\"https:\/\/puppymaroc.webmarocagency.com\/#organization\",\"name\":\"puppymaroc.com\",\"url\":\"https:\/\/puppymaroc.webmarocagency.com\/\",\"logo\":{\"@type\":\"ImageObject\",\"inLanguage\":\"fr-FR\",\"@id\":\"https:\/\/puppymaroc.webmarocagency.com\/#\/schema\/logo\/image\/\",\"url\":\"https:\/\/puppymaroc.webmarocagency.com\/wp-content\/uploads\/2024\/02\/cropped-cropped-puppy-maroc-logo-rmv-2.png\",\"contentUrl\":\"https:\/\/puppymaroc.webmarocagency.com\/wp-content\/uploads\/2024\/02\/cropped-cropped-puppy-maroc-logo-rmv-2.png\",\"width\":958,\"height\":920,\"caption\":\"puppymaroc.com\"},\"image\":{\"@id\":\"https:\/\/puppymaroc.webmarocagency.com\/#\/schema\/logo\/image\/\"},\"sameAs\":[\"https:\/\/www.facebook.com\/PuppyMaroc?mibextid=ZbWKwL\"]}]}<\/script>\n<!-- \/ Yoast SEO plugin. -->","yoast_head_json":{"title":"Royal Canin Sterilised 400 gr - puppymaroc.com","description":"Aliment complet et \u00e9quilibr\u00e9 pour chats st\u00e9rilis\u00e9s (de 1 \u00e0 7 ans). Apr\u00e8s la st\u00e9rilisation de votre chat, il peut \u00eatre n\u00e9cessaire d\u2019adapter son alimentation afin de s\u2019assurer qu\u2019il re\u00e7oit les nutriments qui correspondent \u00e0 ses besoins \u00e9nerg\u00e9tiques quelque peu modifi\u00e9s. ROYAL CANIN\u00ae Sterilised 37 contient une quantit\u00e9 mod\u00e9r\u00e9e de mati\u00e8res grasses : correctement rationn\u00e9 au quotidien, il aide votre chat \u00e0 conserver un poids id\u00e9al apr\u00e8s sa st\u00e9rilisation. De plus, ROYAL CANIN\u00ae Sterilised 37 contient un m\u00e9lange de min\u00e9raux soigneusement choisi pour favoriser la sant\u00e9 du syst\u00e8me urinaire de votre chat et une teneur accrue en prot\u00e9ines pour renforcer sa masse musculaire. Pour r\u00e9pondre aux pr\u00e9f\u00e9rences individuelles de chaque chat, ROYAL CANIN\u00ae Sterilised 37 est \u00e9galement disponible sous forme d\u2019\u00e9minc\u00e9 en sauce, en gel\u00e9e ou en mousse. Si vous envisagez une alimentation mixte, il vous suffit de suivre nos instructions pour vous assurer que votre chat re\u00e7oit la quantit\u00e9 de nourriture s\u00e8che et humide n\u00e9cessaire pour un b\u00e9n\u00e9fice optimal.","robots":{"index":"index","follow":"follow","max-snippet":"max-snippet:-1","max-image-preview":"max-image-preview:large","max-video-preview":"max-video-preview:-1"},"canonical":"https:\/\/puppymaroc.webmarocagency.com\/?product=royal-canin-sterilised-400-gr","og_locale":"fr_FR","og_type":"article","og_title":"Royal Canin Sterilised 400 gr - puppymaroc.com","og_description":"Aliment complet et \u00e9quilibr\u00e9 pour chats st\u00e9rilis\u00e9s (de 1 \u00e0 7 ans). Apr\u00e8s la st\u00e9rilisation de votre chat, il peut \u00eatre n\u00e9cessaire d\u2019adapter son alimentation afin de s\u2019assurer qu\u2019il re\u00e7oit les nutriments qui correspondent \u00e0 ses besoins \u00e9nerg\u00e9tiques quelque peu modifi\u00e9s. ROYAL CANIN\u00ae Sterilised 37 contient une quantit\u00e9 mod\u00e9r\u00e9e de mati\u00e8res grasses : correctement rationn\u00e9 au quotidien, il aide votre chat \u00e0 conserver un poids id\u00e9al apr\u00e8s sa st\u00e9rilisation. De plus, ROYAL CANIN\u00ae Sterilised 37 contient un m\u00e9lange de min\u00e9raux soigneusement choisi pour favoriser la sant\u00e9 du syst\u00e8me urinaire de votre chat et une teneur accrue en prot\u00e9ines pour renforcer sa masse musculaire. Pour r\u00e9pondre aux pr\u00e9f\u00e9rences individuelles de chaque chat, ROYAL CANIN\u00ae Sterilised 37 est \u00e9galement disponible sous forme d\u2019\u00e9minc\u00e9 en sauce, en gel\u00e9e ou en mousse. Si vous envisagez une alimentation mixte, il vous suffit de suivre nos instructions pour vous assurer que votre chat re\u00e7oit la quantit\u00e9 de nourriture s\u00e8che et humide n\u00e9cessaire pour un b\u00e9n\u00e9fice optimal.","og_url":"https:\/\/puppymaroc.webmarocagency.com\/?product=royal-canin-sterilised-400-gr","og_site_name":"puppymaroc.com","article_publisher":"https:\/\/www.facebook.com\/PuppyMaroc?mibextid=ZbWKwL","article_modified_time":"2024-09-20T18:32:08+00:00","og_image":[{"width":1080,"height":1080,"url":"https:\/\/puppymaroc.webmarocagency.com\/wp-content\/uploads\/2024\/09\/background-puppy-maroc-11.png","type":"image\/png"}],"twitter_card":"summary_large_image","twitter_misc":{"Dur\u00e9e de lecture estim\u00e9e":"2 minutes"},"schema":{"@context":"https:\/\/schema.org","@graph":[{"@type":"WebPage","@id":"https:\/\/puppymaroc.webmarocagency.com\/?product=royal-canin-sterilised-400-gr","url":"https:\/\/puppymaroc.webmarocagency.com\/?product=royal-canin-sterilised-400-gr","name":"Royal Canin Sterilised 400 gr - puppymaroc.com","isPartOf":{"@id":"https:\/\/puppymaroc.webmarocagency.com\/#website"},"primaryImageOfPage":{"@id":"https:\/\/puppymaroc.webmarocagency.com\/?product=royal-canin-sterilised-400-gr#primaryimage"},"image":{"@id":"https:\/\/puppymaroc.webmarocagency.com\/?product=royal-canin-sterilised-400-gr#primaryimage"},"thumbnailUrl":"https:\/\/puppymaroc.webmarocagency.com\/wp-content\/uploads\/2024\/09\/background-puppy-maroc-11.png","datePublished":"2024-09-20T18:28:45+00:00","dateModified":"2024-09-20T18:32:08+00:00","description":"Aliment complet et \u00e9quilibr\u00e9 pour chats st\u00e9rilis\u00e9s (de 1 \u00e0 7 ans). Apr\u00e8s la st\u00e9rilisation de votre chat, il peut \u00eatre n\u00e9cessaire d\u2019adapter son alimentation afin de s\u2019assurer qu\u2019il re\u00e7oit les nutriments qui correspondent \u00e0 ses besoins \u00e9nerg\u00e9tiques quelque peu modifi\u00e9s. ROYAL CANIN\u00ae Sterilised 37 contient une quantit\u00e9 mod\u00e9r\u00e9e de mati\u00e8res grasses : correctement rationn\u00e9 au quotidien, il aide votre chat \u00e0 conserver un poids id\u00e9al apr\u00e8s sa st\u00e9rilisation. De plus, ROYAL CANIN\u00ae Sterilised 37 contient un m\u00e9lange de min\u00e9raux soigneusement choisi pour favoriser la sant\u00e9 du syst\u00e8me urinaire de votre chat et une teneur accrue en prot\u00e9ines pour renforcer sa masse musculaire. Pour r\u00e9pondre aux pr\u00e9f\u00e9rences individuelles de chaque chat, ROYAL CANIN\u00ae Sterilised 37 est \u00e9galement disponible sous forme d\u2019\u00e9minc\u00e9 en sauce, en gel\u00e9e ou en mousse. Si vous envisagez une alimentation mixte, il vous suffit de suivre nos instructions pour vous assurer que votre chat re\u00e7oit la quantit\u00e9 de nourriture s\u00e8che et humide n\u00e9cessaire pour un b\u00e9n\u00e9fice optimal.","breadcrumb":{"@id":"https:\/\/puppymaroc.webmarocagency.com\/?product=royal-canin-sterilised-400-gr#breadcrumb"},"inLanguage":"fr-FR","potentialAction":[{"@type":"ReadAction","target":["https:\/\/puppymaroc.webmarocagency.com\/?product=royal-canin-sterilised-400-gr"]}]},{"@type":"ImageObject","inLanguage":"fr-FR","@id":"https:\/\/puppymaroc.webmarocagency.com\/?product=royal-canin-sterilised-400-gr#primaryimage","url":"https:\/\/puppymaroc.webmarocagency.com\/wp-content\/uploads\/2024\/09\/background-puppy-maroc-11.png","contentUrl":"https:\/\/puppymaroc.webmarocagency.com\/wp-content\/uploads\/2024\/09\/background-puppy-maroc-11.png","width":1080,"height":1080},{"@type":"BreadcrumbList","@id":"https:\/\/puppymaroc.webmarocagency.com\/?product=royal-canin-sterilised-400-gr#breadcrumb","itemListElement":[{"@type":"ListItem","position":1,"name":"Accueil","item":"https:\/\/puppymaroc.webmarocagency.com\/"},{"@type":"ListItem","position":2,"name":"Produit","item":"https:\/\/puppymaroc.webmarocagency.com\/?page_id=1561"},{"@type":"ListItem","position":3,"name":"Royal Canin Sterilised 400 gr"}]},{"@type":"WebSite","@id":"https:\/\/puppymaroc.webmarocagency.com\/#website","url":"https:\/\/puppymaroc.webmarocagency.com\/","name":"puppymaroc.com","description":"puppymaroc","publisher":{"@id":"https:\/\/puppymaroc.webmarocagency.com\/#organization"},"potentialAction":[{"@type":"SearchAction","target":{"@type":"EntryPoint","urlTemplate":"https:\/\/puppymaroc.webmarocagency.com\/?s={search_term_string}"},"query-input":{"@type":"PropertyValueSpecification","valueRequired":true,"valueName":"search_term_string"}}],"inLanguage":"fr-FR"},{"@type":"Organization","@id":"https:\/\/puppymaroc.webmarocagency.com\/#organization","name":"puppymaroc.com","url":"https:\/\/puppymaroc.webmarocagency.com\/","logo":{"@type":"ImageObject","inLanguage":"fr-FR","@id":"https:\/\/puppymaroc.webmarocagency.com\/#\/schema\/logo\/image\/","url":"https:\/\/puppymaroc.webmarocagency.com\/wp-content\/uploads\/2024\/02\/cropped-cropped-puppy-maroc-logo-rmv-2.png","contentUrl":"https:\/\/puppymaroc.webmarocagency.com\/wp-content\/uploads\/2024\/02\/cropped-cropped-puppy-maroc-logo-rmv-2.png","width":958,"height":920,"caption":"puppymaroc.com"},"image":{"@id":"https:\/\/puppymaroc.webmarocagency.com\/#\/schema\/logo\/image\/"},"sameAs":["https:\/\/www.facebook.com\/PuppyMaroc?mibextid=ZbWKwL"]}]}},"_links":{"self":[{"href":"https:\/\/puppymaroc.webmarocagency.com\/index.php?rest_route=\/wp\/v2\/product\/2136","targetHints":{"allow":["GET"]}}],"collection":[{"href":"https:\/\/puppymaroc.webmarocagency.com\/index.php?rest_route=\/wp\/v2\/product"}],"about":[{"href":"https:\/\/puppymaroc.webmarocagency.com\/index.php?rest_route=\/wp\/v2\/types\/product"}],"replies":[{"embeddable":true,"href":"https:\/\/puppymaroc.webmarocagency.com\/index.php?rest_route=%2Fwp%2Fv2%2Fcomments&post=2136"}],"wp:featuredmedia":[{"embeddable":true,"href":"https:\/\/puppymaroc.webmarocagency.com\/index.php?rest_route=\/wp\/v2\/media\/2137"}],"wp:attachment":[{"href":"https:\/\/puppymaroc.webmarocagency.com\/index.php?rest_route=%2Fwp%2Fv2%2Fmedia&parent=2136"}],"wp:term":[{"taxonomy":"product_brand","embeddable":true,"href":"https:\/\/puppymaroc.webmarocagency.com\/index.php?rest_route=%2Fwp%2Fv2%2Fproduct_brand&post=2136"},{"taxonomy":"product_cat","embeddable":true,"href":"https:\/\/puppymaroc.webmarocagency.com\/index.php?rest_route=%2Fwp%2Fv2%2Fproduct_cat&post=2136"},{"taxonomy":"product_tag","embeddable":true,"href":"https:\/\/puppymaroc.webmarocagency.com\/index.php?rest_route=%2Fwp%2Fv2%2Fproduct_tag&post=2136"}],"curies":[{"name":"wp","href":"https:\/\/api.w.org\/{rel}","templated":true}]}}