{"id":2140,"date":"2024-09-20T21:06:27","date_gmt":"2024-09-20T20:06:27","guid":{"rendered":"https:\/\/puppymaroc.com\/?post_type=product&#038;p=2140"},"modified":"2024-09-20T21:26:19","modified_gmt":"2024-09-20T20:26:19","slug":"pro-planrenal-plus-sterilised-adult-dinde-1-5-kg","status":"publish","type":"product","link":"https:\/\/puppymaroc.webmarocagency.com\/?product=pro-planrenal-plus-sterilised-adult-dinde-1-5-kg","title":{"rendered":"PRO PLAN\u00aeRENAL PLUS Sterilised Adult &#8211; Dinde 1.5 Kg"},"content":{"rendered":"<div class=\"field__item\">\n<p><strong>Caract\u00e9ristiques<\/strong><\/p>\n<ul>\n<li>Con\u00e7u sp\u00e9cifiquement pour maintenir des reins en bonne sant\u00e9 gr\u00e2ce \u00e0 une am\u00e9lioration des param\u00e8tres oxydatifs observ\u00e9e apr\u00e8s 6 semaines.<\/li>\n<li>Sp\u00e9cifiquement formul\u00e9 pour les chats st\u00e9rilis\u00e9s afin de maintenir une bonne sant\u00e9 urinaire et un poids id\u00e9al.<\/li>\n<li>Aide \u00e0 prot\u00e9ger les dents contre la plaque dentaire et l\u2018accumulation du tartre.<\/li>\n<li>Contient de la dinde de haute qualit\u00e9 comme ingr\u00e9dient N\u00b01.<\/li>\n<li>Sans colorants ni ar\u00f4mes artificels ajout\u00e9s.<\/li>\n<\/ul>\n<\/div>\n<div class=\"field__item\">\n<p>Aliment complet pour chat adulte st\u00e9rilis\u00e9, riche en dinde.<\/p>\n<div class=\"field__item\">\n<p><strong>Ingr\u00e9dients<\/strong><\/p>\n<p>Dinde de haute qualit\u00e9 (20%) (dont dos et coffre)<br \/>\nProt\u00e9ines de volaille d\u00e9shydrat\u00e9es<br \/>\nRiz<br \/>\nFarine de prot\u00e9ines de ma\u00efs<br \/>\nMa\u00efs<br \/>\nGluten de bl\u00e9<br \/>\nFarine basse de bl\u00e9<br \/>\nFibres v\u00e9g\u00e9tales s\u00e9ch\u00e9es<br \/>\n\u0152ufs d\u00e9shydrat\u00e9s<br \/>\nSubstances min\u00e9rales<br \/>\nHuile de poisson<br \/>\nGraisses animales<br \/>\nHydrolysat<br \/>\nLevures<\/p>\n<\/div>\n<div class=\"field__item\">\n<p><strong>Nutrition et constituants analytiques<\/strong><\/p>\n<p>Prot\u00e9ine : 41,0 %<br \/>\nTeneur en mati\u00e8res grasses : 12,0 %<br \/>\nCendres brutes : 7,5 %<br \/>\nCellulose brute : 4,0 %<\/p>\n<p><strong>Additifs nutritionnels<\/strong><\/p>\n<p>UI\/kg :<br \/>\nVit A : 32 000 ;<br \/>\nVit D3 : 1 000 ;<br \/>\nVit. E : 670.<\/p>\n<p>mg\/kg :<br \/>\nVit. C : 140 ;<br \/>\nSulfate ferreux monohydrat\u00e9 : 120 ;<br \/>\nIodate de calcium anhydre : 1,9 ;<br \/>\nSulfate cuivrique pentahydrat\u00e9 : 13 ;<br \/>\nSulfate manganeux monohydrat\u00e9 : 45 ;<br \/>\nSulphate de zinc monohydrat\u00e9 : 110 ;<br \/>\nS\u00e9l\u00e9nite de sodium : 0,13 ;<br \/>\nAntioxyg\u00e8nes.<\/p>\n<p><strong>Guide d&rsquo;alimentation<\/strong><\/p>\n<p>Les rations journali\u00e8res n\u00e9cessaires pour maintenir une masse corporelle id\u00e9ale varient en fonction de l\u2019\u00e2ge, de l\u2019activit\u00e9 et de l\u2019environnement de votre chat. Surveillez le poids de votre chat et adaptez en cons\u00e9quence la quantit\u00e9 de nourriture. De l\u2019eau propre et fra\u00eeche doit toujours \u00eatre disponible. Pour la sant\u00e9 de votre chat, consultez r\u00e9guli\u00e8rement votre v\u00e9t\u00e9rinaire.<\/p>\n<div class=\"table-wrapper\">\n<table>\n<tbody>\n<tr>\n<td><strong>Poids (kg)<\/strong><\/td>\n<td><strong>Quantit\u00e9 &#8211; croquettes (g \/jour)<\/strong><\/td>\n<td><strong>Quantit\u00e9 &#8211; croquettes (g\/jour) + sachet<\/strong><\/td>\n<\/tr>\n<tr>\n<td>2<\/td>\n<td>25<\/td>\n<td>5 + 1 sachet<\/td>\n<\/tr>\n<tr>\n<td>3<\/td>\n<td>40<\/td>\n<td>20 + 1 sachet<\/td>\n<\/tr>\n<tr>\n<td>4<\/td>\n<td>55<\/td>\n<td>30 + 1 sachet<\/td>\n<\/tr>\n<tr>\n<td>5<\/td>\n<td>65<\/td>\n<td>45\u00a0+ 1 sachet<\/td>\n<\/tr>\n<tr>\n<td>6<\/td>\n<td>80<\/td>\n<td>60 + 1 sachet<\/td>\n<\/tr>\n<tr>\n<td>&gt;6<\/td>\n<td>+15 g\/kg<\/td>\n<td>+15 g\/kg + 1 sachet<\/td>\n<\/tr>\n<\/tbody>\n<\/table>\n<\/div>\n<\/div>\n<\/div>\n","protected":false},"excerpt":{"rendered":"<ul>\n<li>Con\u00e7u sp\u00e9cifiquement pour maintenir des reins en bonne sant\u00e9 gr\u00e2ce \u00e0 une am\u00e9lioration des param\u00e8tres oxydatifs observ\u00e9e apr\u00e8s 6 semaines.<\/li>\n<li>Sp\u00e9cifiquement formul\u00e9 pour les chats st\u00e9rilis\u00e9s afin de maintenir une bonne sant\u00e9 urinaire et un poids id\u00e9al.<\/li>\n<li>Aide \u00e0 prot\u00e9ger les dents contre la plaque dentaire et l\u2018accumulation du tartre.<\/li>\n<\/ul>\n","protected":false},"featured_media":2145,"comment_status":"open","ping_status":"closed","template":"","meta":[],"product_brand":[],"product_cat":[74],"product_tag":[],"class_list":{"0":"post-2140","1":"product","2":"type-product","3":"status-publish","4":"has-post-thumbnail","6":"product_cat-alimentation-2","8":"first","9":"instock","10":"sale","11":"shipping-taxable","12":"purchasable","13":"product-type-simple"},"yoast_head":"<!-- This site is optimized with the Yoast SEO plugin v25.8 - https:\/\/yoast.com\/wordpress\/plugins\/seo\/ -->\n<title>PRO PLAN\u00aeRENAL PLUS Sterilised Adult - Dinde 1.5 Kg - puppymaroc.com<\/title>\n<meta name=\"description\" content=\"Con\u00e7u sp\u00e9cifiquement pour maintenir des reins en bonne sant\u00e9 gr\u00e2ce \u00e0 une am\u00e9lioration des param\u00e8tres oxydatifs observ\u00e9e apr\u00e8s 6 semaines.Sp\u00e9cifiquement formul\u00e9 pour les chats st\u00e9rilis\u00e9s afin de maintenir une bonne sant\u00e9 urinaire et un poids id\u00e9al.Aide \u00e0 prot\u00e9ger les dents contre la plaque dentaire et l\u2018accumulation du tartre.\" \/>\n<meta name=\"robots\" content=\"index, follow, max-snippet:-1, max-image-preview:large, max-video-preview:-1\" \/>\n<link rel=\"canonical\" href=\"https:\/\/puppymaroc.webmarocagency.com\/?product=pro-planrenal-plus-sterilised-adult-dinde-1-5-kg\" \/>\n<meta property=\"og:locale\" content=\"fr_FR\" \/>\n<meta property=\"og:type\" content=\"article\" \/>\n<meta property=\"og:title\" content=\"PRO PLAN\u00aeRENAL PLUS Sterilised Adult - Dinde 1.5 Kg - puppymaroc.com\" \/>\n<meta property=\"og:description\" content=\"Con\u00e7u sp\u00e9cifiquement pour maintenir des reins en bonne sant\u00e9 gr\u00e2ce \u00e0 une am\u00e9lioration des param\u00e8tres oxydatifs observ\u00e9e apr\u00e8s 6 semaines.Sp\u00e9cifiquement formul\u00e9 pour les chats st\u00e9rilis\u00e9s afin de maintenir une bonne sant\u00e9 urinaire et un poids id\u00e9al.Aide \u00e0 prot\u00e9ger les dents contre la plaque dentaire et l\u2018accumulation du tartre.\" \/>\n<meta property=\"og:url\" content=\"https:\/\/puppymaroc.webmarocagency.com\/?product=pro-planrenal-plus-sterilised-adult-dinde-1-5-kg\" \/>\n<meta property=\"og:site_name\" content=\"puppymaroc.com\" \/>\n<meta property=\"article:publisher\" content=\"https:\/\/www.facebook.com\/PuppyMaroc?mibextid=ZbWKwL\" \/>\n<meta property=\"article:modified_time\" content=\"2024-09-20T20:26:19+00:00\" \/>\n<meta property=\"og:image\" content=\"https:\/\/puppymaroc.webmarocagency.com\/wp-content\/uploads\/2024\/09\/background-puppy-maroc-15.png\" \/>\n\t<meta property=\"og:image:width\" content=\"1080\" \/>\n\t<meta property=\"og:image:height\" content=\"1080\" \/>\n\t<meta property=\"og:image:type\" content=\"image\/png\" \/>\n<meta name=\"twitter:card\" content=\"summary_large_image\" \/>\n<meta name=\"twitter:label1\" content=\"Dur\u00e9e de lecture estim\u00e9e\" \/>\n\t<meta name=\"twitter:data1\" content=\"2 minutes\" \/>\n<script type=\"application\/ld+json\" class=\"yoast-schema-graph\">{\"@context\":\"https:\/\/schema.org\",\"@graph\":[{\"@type\":\"WebPage\",\"@id\":\"https:\/\/puppymaroc.webmarocagency.com\/?product=pro-planrenal-plus-sterilised-adult-dinde-1-5-kg\",\"url\":\"https:\/\/puppymaroc.webmarocagency.com\/?product=pro-planrenal-plus-sterilised-adult-dinde-1-5-kg\",\"name\":\"PRO PLAN\u00aeRENAL PLUS Sterilised Adult - Dinde 1.5 Kg - puppymaroc.com\",\"isPartOf\":{\"@id\":\"https:\/\/puppymaroc.webmarocagency.com\/#website\"},\"primaryImageOfPage\":{\"@id\":\"https:\/\/puppymaroc.webmarocagency.com\/?product=pro-planrenal-plus-sterilised-adult-dinde-1-5-kg#primaryimage\"},\"image\":{\"@id\":\"https:\/\/puppymaroc.webmarocagency.com\/?product=pro-planrenal-plus-sterilised-adult-dinde-1-5-kg#primaryimage\"},\"thumbnailUrl\":\"https:\/\/puppymaroc.webmarocagency.com\/wp-content\/uploads\/2024\/09\/background-puppy-maroc-15.png\",\"datePublished\":\"2024-09-20T20:06:27+00:00\",\"dateModified\":\"2024-09-20T20:26:19+00:00\",\"description\":\"Con\u00e7u sp\u00e9cifiquement pour maintenir des reins en bonne sant\u00e9 gr\u00e2ce \u00e0 une am\u00e9lioration des param\u00e8tres oxydatifs observ\u00e9e apr\u00e8s 6 semaines.Sp\u00e9cifiquement formul\u00e9 pour les chats st\u00e9rilis\u00e9s afin de maintenir une bonne sant\u00e9 urinaire et un poids id\u00e9al.Aide \u00e0 prot\u00e9ger les dents contre la plaque dentaire et l\u2018accumulation du tartre.\",\"breadcrumb\":{\"@id\":\"https:\/\/puppymaroc.webmarocagency.com\/?product=pro-planrenal-plus-sterilised-adult-dinde-1-5-kg#breadcrumb\"},\"inLanguage\":\"fr-FR\",\"potentialAction\":[{\"@type\":\"ReadAction\",\"target\":[\"https:\/\/puppymaroc.webmarocagency.com\/?product=pro-planrenal-plus-sterilised-adult-dinde-1-5-kg\"]}]},{\"@type\":\"ImageObject\",\"inLanguage\":\"fr-FR\",\"@id\":\"https:\/\/puppymaroc.webmarocagency.com\/?product=pro-planrenal-plus-sterilised-adult-dinde-1-5-kg#primaryimage\",\"url\":\"https:\/\/puppymaroc.webmarocagency.com\/wp-content\/uploads\/2024\/09\/background-puppy-maroc-15.png\",\"contentUrl\":\"https:\/\/puppymaroc.webmarocagency.com\/wp-content\/uploads\/2024\/09\/background-puppy-maroc-15.png\",\"width\":1080,\"height\":1080},{\"@type\":\"BreadcrumbList\",\"@id\":\"https:\/\/puppymaroc.webmarocagency.com\/?product=pro-planrenal-plus-sterilised-adult-dinde-1-5-kg#breadcrumb\",\"itemListElement\":[{\"@type\":\"ListItem\",\"position\":1,\"name\":\"Accueil\",\"item\":\"https:\/\/puppymaroc.webmarocagency.com\/\"},{\"@type\":\"ListItem\",\"position\":2,\"name\":\"Produit\",\"item\":\"https:\/\/puppymaroc.webmarocagency.com\/?page_id=1561\"},{\"@type\":\"ListItem\",\"position\":3,\"name\":\"PRO PLAN\u00aeRENAL PLUS Sterilised Adult &#8211; Dinde 1.5 Kg\"}]},{\"@type\":\"WebSite\",\"@id\":\"https:\/\/puppymaroc.webmarocagency.com\/#website\",\"url\":\"https:\/\/puppymaroc.webmarocagency.com\/\",\"name\":\"puppymaroc.com\",\"description\":\"puppymaroc\",\"publisher\":{\"@id\":\"https:\/\/puppymaroc.webmarocagency.com\/#organization\"},\"potentialAction\":[{\"@type\":\"SearchAction\",\"target\":{\"@type\":\"EntryPoint\",\"urlTemplate\":\"https:\/\/puppymaroc.webmarocagency.com\/?s={search_term_string}\"},\"query-input\":{\"@type\":\"PropertyValueSpecification\",\"valueRequired\":true,\"valueName\":\"search_term_string\"}}],\"inLanguage\":\"fr-FR\"},{\"@type\":\"Organization\",\"@id\":\"https:\/\/puppymaroc.webmarocagency.com\/#organization\",\"name\":\"puppymaroc.com\",\"url\":\"https:\/\/puppymaroc.webmarocagency.com\/\",\"logo\":{\"@type\":\"ImageObject\",\"inLanguage\":\"fr-FR\",\"@id\":\"https:\/\/puppymaroc.webmarocagency.com\/#\/schema\/logo\/image\/\",\"url\":\"https:\/\/puppymaroc.webmarocagency.com\/wp-content\/uploads\/2024\/02\/cropped-cropped-puppy-maroc-logo-rmv-2.png\",\"contentUrl\":\"https:\/\/puppymaroc.webmarocagency.com\/wp-content\/uploads\/2024\/02\/cropped-cropped-puppy-maroc-logo-rmv-2.png\",\"width\":958,\"height\":920,\"caption\":\"puppymaroc.com\"},\"image\":{\"@id\":\"https:\/\/puppymaroc.webmarocagency.com\/#\/schema\/logo\/image\/\"},\"sameAs\":[\"https:\/\/www.facebook.com\/PuppyMaroc?mibextid=ZbWKwL\"]}]}<\/script>\n<!-- \/ Yoast SEO plugin. -->","yoast_head_json":{"title":"PRO PLAN\u00aeRENAL PLUS Sterilised Adult - Dinde 1.5 Kg - puppymaroc.com","description":"Con\u00e7u sp\u00e9cifiquement pour maintenir des reins en bonne sant\u00e9 gr\u00e2ce \u00e0 une am\u00e9lioration des param\u00e8tres oxydatifs observ\u00e9e apr\u00e8s 6 semaines.Sp\u00e9cifiquement formul\u00e9 pour les chats st\u00e9rilis\u00e9s afin de maintenir une bonne sant\u00e9 urinaire et un poids id\u00e9al.Aide \u00e0 prot\u00e9ger les dents contre la plaque dentaire et l\u2018accumulation du tartre.","robots":{"index":"index","follow":"follow","max-snippet":"max-snippet:-1","max-image-preview":"max-image-preview:large","max-video-preview":"max-video-preview:-1"},"canonical":"https:\/\/puppymaroc.webmarocagency.com\/?product=pro-planrenal-plus-sterilised-adult-dinde-1-5-kg","og_locale":"fr_FR","og_type":"article","og_title":"PRO PLAN\u00aeRENAL PLUS Sterilised Adult - Dinde 1.5 Kg - puppymaroc.com","og_description":"Con\u00e7u sp\u00e9cifiquement pour maintenir des reins en bonne sant\u00e9 gr\u00e2ce \u00e0 une am\u00e9lioration des param\u00e8tres oxydatifs observ\u00e9e apr\u00e8s 6 semaines.Sp\u00e9cifiquement formul\u00e9 pour les chats st\u00e9rilis\u00e9s afin de maintenir une bonne sant\u00e9 urinaire et un poids id\u00e9al.Aide \u00e0 prot\u00e9ger les dents contre la plaque dentaire et l\u2018accumulation du tartre.","og_url":"https:\/\/puppymaroc.webmarocagency.com\/?product=pro-planrenal-plus-sterilised-adult-dinde-1-5-kg","og_site_name":"puppymaroc.com","article_publisher":"https:\/\/www.facebook.com\/PuppyMaroc?mibextid=ZbWKwL","article_modified_time":"2024-09-20T20:26:19+00:00","og_image":[{"width":1080,"height":1080,"url":"https:\/\/puppymaroc.webmarocagency.com\/wp-content\/uploads\/2024\/09\/background-puppy-maroc-15.png","type":"image\/png"}],"twitter_card":"summary_large_image","twitter_misc":{"Dur\u00e9e de lecture estim\u00e9e":"2 minutes"},"schema":{"@context":"https:\/\/schema.org","@graph":[{"@type":"WebPage","@id":"https:\/\/puppymaroc.webmarocagency.com\/?product=pro-planrenal-plus-sterilised-adult-dinde-1-5-kg","url":"https:\/\/puppymaroc.webmarocagency.com\/?product=pro-planrenal-plus-sterilised-adult-dinde-1-5-kg","name":"PRO PLAN\u00aeRENAL PLUS Sterilised Adult - Dinde 1.5 Kg - puppymaroc.com","isPartOf":{"@id":"https:\/\/puppymaroc.webmarocagency.com\/#website"},"primaryImageOfPage":{"@id":"https:\/\/puppymaroc.webmarocagency.com\/?product=pro-planrenal-plus-sterilised-adult-dinde-1-5-kg#primaryimage"},"image":{"@id":"https:\/\/puppymaroc.webmarocagency.com\/?product=pro-planrenal-plus-sterilised-adult-dinde-1-5-kg#primaryimage"},"thumbnailUrl":"https:\/\/puppymaroc.webmarocagency.com\/wp-content\/uploads\/2024\/09\/background-puppy-maroc-15.png","datePublished":"2024-09-20T20:06:27+00:00","dateModified":"2024-09-20T20:26:19+00:00","description":"Con\u00e7u sp\u00e9cifiquement pour maintenir des reins en bonne sant\u00e9 gr\u00e2ce \u00e0 une am\u00e9lioration des param\u00e8tres oxydatifs observ\u00e9e apr\u00e8s 6 semaines.Sp\u00e9cifiquement formul\u00e9 pour les chats st\u00e9rilis\u00e9s afin de maintenir une bonne sant\u00e9 urinaire et un poids id\u00e9al.Aide \u00e0 prot\u00e9ger les dents contre la plaque dentaire et l\u2018accumulation du tartre.","breadcrumb":{"@id":"https:\/\/puppymaroc.webmarocagency.com\/?product=pro-planrenal-plus-sterilised-adult-dinde-1-5-kg#breadcrumb"},"inLanguage":"fr-FR","potentialAction":[{"@type":"ReadAction","target":["https:\/\/puppymaroc.webmarocagency.com\/?product=pro-planrenal-plus-sterilised-adult-dinde-1-5-kg"]}]},{"@type":"ImageObject","inLanguage":"fr-FR","@id":"https:\/\/puppymaroc.webmarocagency.com\/?product=pro-planrenal-plus-sterilised-adult-dinde-1-5-kg#primaryimage","url":"https:\/\/puppymaroc.webmarocagency.com\/wp-content\/uploads\/2024\/09\/background-puppy-maroc-15.png","contentUrl":"https:\/\/puppymaroc.webmarocagency.com\/wp-content\/uploads\/2024\/09\/background-puppy-maroc-15.png","width":1080,"height":1080},{"@type":"BreadcrumbList","@id":"https:\/\/puppymaroc.webmarocagency.com\/?product=pro-planrenal-plus-sterilised-adult-dinde-1-5-kg#breadcrumb","itemListElement":[{"@type":"ListItem","position":1,"name":"Accueil","item":"https:\/\/puppymaroc.webmarocagency.com\/"},{"@type":"ListItem","position":2,"name":"Produit","item":"https:\/\/puppymaroc.webmarocagency.com\/?page_id=1561"},{"@type":"ListItem","position":3,"name":"PRO PLAN\u00aeRENAL PLUS Sterilised Adult &#8211; Dinde 1.5 Kg"}]},{"@type":"WebSite","@id":"https:\/\/puppymaroc.webmarocagency.com\/#website","url":"https:\/\/puppymaroc.webmarocagency.com\/","name":"puppymaroc.com","description":"puppymaroc","publisher":{"@id":"https:\/\/puppymaroc.webmarocagency.com\/#organization"},"potentialAction":[{"@type":"SearchAction","target":{"@type":"EntryPoint","urlTemplate":"https:\/\/puppymaroc.webmarocagency.com\/?s={search_term_string}"},"query-input":{"@type":"PropertyValueSpecification","valueRequired":true,"valueName":"search_term_string"}}],"inLanguage":"fr-FR"},{"@type":"Organization","@id":"https:\/\/puppymaroc.webmarocagency.com\/#organization","name":"puppymaroc.com","url":"https:\/\/puppymaroc.webmarocagency.com\/","logo":{"@type":"ImageObject","inLanguage":"fr-FR","@id":"https:\/\/puppymaroc.webmarocagency.com\/#\/schema\/logo\/image\/","url":"https:\/\/puppymaroc.webmarocagency.com\/wp-content\/uploads\/2024\/02\/cropped-cropped-puppy-maroc-logo-rmv-2.png","contentUrl":"https:\/\/puppymaroc.webmarocagency.com\/wp-content\/uploads\/2024\/02\/cropped-cropped-puppy-maroc-logo-rmv-2.png","width":958,"height":920,"caption":"puppymaroc.com"},"image":{"@id":"https:\/\/puppymaroc.webmarocagency.com\/#\/schema\/logo\/image\/"},"sameAs":["https:\/\/www.facebook.com\/PuppyMaroc?mibextid=ZbWKwL"]}]}},"_links":{"self":[{"href":"https:\/\/puppymaroc.webmarocagency.com\/index.php?rest_route=\/wp\/v2\/product\/2140","targetHints":{"allow":["GET"]}}],"collection":[{"href":"https:\/\/puppymaroc.webmarocagency.com\/index.php?rest_route=\/wp\/v2\/product"}],"about":[{"href":"https:\/\/puppymaroc.webmarocagency.com\/index.php?rest_route=\/wp\/v2\/types\/product"}],"replies":[{"embeddable":true,"href":"https:\/\/puppymaroc.webmarocagency.com\/index.php?rest_route=%2Fwp%2Fv2%2Fcomments&post=2140"}],"wp:featuredmedia":[{"embeddable":true,"href":"https:\/\/puppymaroc.webmarocagency.com\/index.php?rest_route=\/wp\/v2\/media\/2145"}],"wp:attachment":[{"href":"https:\/\/puppymaroc.webmarocagency.com\/index.php?rest_route=%2Fwp%2Fv2%2Fmedia&parent=2140"}],"wp:term":[{"taxonomy":"product_brand","embeddable":true,"href":"https:\/\/puppymaroc.webmarocagency.com\/index.php?rest_route=%2Fwp%2Fv2%2Fproduct_brand&post=2140"},{"taxonomy":"product_cat","embeddable":true,"href":"https:\/\/puppymaroc.webmarocagency.com\/index.php?rest_route=%2Fwp%2Fv2%2Fproduct_cat&post=2140"},{"taxonomy":"product_tag","embeddable":true,"href":"https:\/\/puppymaroc.webmarocagency.com\/index.php?rest_route=%2Fwp%2Fv2%2Fproduct_tag&post=2140"}],"curies":[{"name":"wp","href":"https:\/\/api.w.org\/{rel}","templated":true}]}}