{"id":2142,"date":"2024-09-20T21:12:03","date_gmt":"2024-09-20T20:12:03","guid":{"rendered":"https:\/\/puppymaroc.com\/?post_type=product&#038;p=2142"},"modified":"2024-09-20T21:15:55","modified_gmt":"2024-09-20T20:15:55","slug":"purina-pro-plan-kitten-healthy-start-poulet-1-5-kg","status":"publish","type":"product","link":"https:\/\/puppymaroc.webmarocagency.com\/?product=purina-pro-plan-kitten-healthy-start-poulet-1-5-kg","title":{"rendered":"PURINA\u00ae PRO PLAN\u00ae Kitten HEALTHY START &#8211; Poulet 1.5 Kg"},"content":{"rendered":"<div class=\"field__item\">\n<p><strong>Caract\u00e9ristiques<\/strong><\/p>\n<ul>\n<li>Il est prouv\u00e9 que la technologie HEALTHY START renforce la r\u00e9ponse immunitaire des chatons<\/li>\n<li>Formul\u00e9 avec du colostrum pour renforcer la r\u00e9ponse immunitaire du chaton jusqu&rsquo;\u00e0 +50%<\/li>\n<li>Contient du DHA (acide docosahexa\u00e9no\u00efque) pour aider \u00e0 un d\u00e9veloppement sain de la vue et du cerveau<\/li>\n<li>Contribue \u00e0 une croissance saine des os et des muscles gr\u00e2ce \u00e0 des niveaux \u00e9lev\u00e9s de prot\u00e9ines et \u00e0 une teneur \u00e9quilibr\u00e9e en min\u00e9raux<\/li>\n<li>\u200bSans colorants ajout\u00e9s. Sans ar\u00f4mes ajout\u00e9s<\/li>\n<\/ul>\n<\/div>\n<div class=\"field__item\">\n<p>Aliment complet adapt\u00e9 aux chatons sans besoins sp\u00e9cifiques. Convient aux chattes en gestation \/ lactation.<\/p>\n<p>Les croquettes pour chat PURINA\u00ae PRO PLAN\u00ae sont scientifiquement formul\u00e9es pour r\u00e9pondre aux besoins sp\u00e9cifiques des chatons. La technologie HEALTHY START contient du colostrum pour renforcer la r\u00e9ponse immunitaire du chaton jusqu&rsquo;\u00e0 +50%*. De plus, cette recette aide \u00e0 un d\u00e9veloppement sain de la vue et du cerveau ainsi qu&rsquo;\u00e0 une croissance saine des os et des muscles.<\/p>\n<p>PRO PLAN\u00ae HEALTHY START est formul\u00e9 avec du Poulet de haute qualit\u00e9 en 1er ingr\u00e9dient. \u00a0Sans colorants ajout\u00e9s. Sans ar\u00f4mes ajout\u00e9s.<\/p>\n<p>*Donn\u00e9es de recherches internes Purina, 2010. Effets du colostrum sur la r\u00e9ponse immunitaire de 24 chatons pendant 44 semaines.<\/p>\n<div class=\"field__item\">\n<p><strong>Ingr\u00e9dients<\/strong><\/p>\n<p>Poulet de haute qualit\u00e9 (20%) (dont dos et coffre)<br \/>\nProt\u00e9ines de volaille d\u00e9shydrat\u00e9es<br \/>\nRiz<br \/>\nGluten de bl\u00e9<br \/>\nGraisses animales<br \/>\nMa\u00efs<br \/>\nFarine de prot\u00e9ines de ma\u00efs<br \/>\nProt\u00e9ines de pois<br \/>\nAmidon de ma\u00efs<br \/>\nOEufs d\u00e9shydrat\u00e9s<br \/>\nSubstances min\u00e9rales<br \/>\nHydrolysat<br \/>\nLevures<br \/>\nHuile de poisson<br \/>\nColostrum (0,10%)<\/p>\n<\/div>\n<div class=\"field__item\">\n<p><strong>Nutrition et constituants analytiques<\/strong><\/p>\n<p>Humidit\u00e9 6,0 %<br \/>\nProt\u00e9ine 40,0 %<br \/>\nMati\u00e8res grasses 20,0 %<br \/>\nGlucides 25,5 %<br \/>\nCellulose brute 1,0 %<br \/>\nCendres brutes 7,5 %<br \/>\nTaurine 1779 mg\/kg<\/p>\n<p><strong>Additifs nutritionnels<\/strong><\/p>\n<p>MIN\u00c9RAUX :<br \/>\nCalcium : 1,35 %<br \/>\nPhosphore : 1,13 %<br \/>\nRapport Ca\/P : 1,20<br \/>\nSodium : 0,39 %<br \/>\nChlore : 0,64 %<br \/>\nPotassium : 0,69 %<br \/>\nMagn\u00e9sium : 0,10 %<br \/>\nFer : 317 mg\/kg<br \/>\nZinc : 197 mg\/kg<br \/>\nCuivre : 24 mg\/kg<br \/>\nMangan\u00e8se : 70 mg\/kg<br \/>\nIode : 3,28 mg\/kg<br \/>\nS\u00e9l\u00e9nium : 0,48 mg\/kg<\/p>\n<p>VITAMINES :<br \/>\nVit A : 26639 UI\/kg<br \/>\nVit D3 : 1223 UI\/kg<br \/>\nVit E : 578 UI\/kg<br \/>\nVit C : 70 mg\/kg<br \/>\nVit K : 0,20 mg\/kg<br \/>\nVit B1 : 34 mg\/kg<br \/>\nVit B2 : 18 mg\/kg<br \/>\nVit B3 : 208 mg\/kg<br \/>\nVit B5 : 57 mg\/kg<br \/>\nVit B6 : 23 mg\/kg<br \/>\nVit B8 : 0,34 mg\/kg<br \/>\nVit B9 : 5,88 mg\/kg<br \/>\nVit B12 : 0,33 mg\/kg<\/p>\n<p>ACIDES GRAS ESSENTIELS :<br \/>\nOm\u00e9ga-6 : 2,43 %<br \/>\ndont Acide linol\u00e9ique : 2,23%<br \/>\ndont Acide arachidonique : 0,20 %<br \/>\nOm\u00e9ga-3 : 0,30 %<br \/>\nEPA+DHA : 0,10%<\/p>\n<p>\u00c9NERGIE :<br \/>\n\u00c9nergie m\u00e9tabolisable (calcul\u00e9e) : 4,29Kcal\/kg<br \/>\nRapport Protido-calorique : 93<\/p>\n<p><strong>Guide d&rsquo;alimentation<\/strong><\/p>\n<p>Les rations journali\u00e8res n\u00e9cessaires pour maintenir une masse corporelle id\u00e9ale varient en fonction de l\u2019\u00e2ge, de l\u2019activit\u00e9 et de l\u2019environnement de votre chat. Surveillez le poids de votre chat et adaptez en cons\u00e9quence la quantit\u00e9 de nourriture. De l\u2019eau propre et fra\u00eeche doit toujours \u00eatre disponible. Pour la sant\u00e9 de votre chat, consultez r\u00e9guli\u00e8rement votre v\u00e9t\u00e9rinaire.<\/p>\n<p>Quel est l&rsquo;\u00e2ge de votre chat ?<\/p>\n<div class=\"table-wrapper\">\n<table>\n<tbody>\n<tr>\n<td><strong>Poids du chat<\/strong><strong>\u00a0(kg)<\/strong><\/td>\n<td><strong>g \/ jour<\/strong><\/td>\n<\/tr>\n<tr>\n<td>1<\/td>\n<td>40<\/td>\n<\/tr>\n<tr>\n<td>2<\/td>\n<td>55<\/td>\n<\/tr>\n<tr>\n<td>3<\/td>\n<td>60<\/td>\n<td><\/td>\n<\/tr>\n<tr>\n<td>4<\/td>\n<td>65<\/td>\n<\/tr>\n<tr>\n<td>6-12<\/td>\n<td>+ 15 g\/kg<\/td>\n<\/tr>\n<\/tbody>\n<\/table>\n<\/div>\n<\/div>\n<\/div>\n","protected":false},"excerpt":{"rendered":"<ul>\n<li>Croquettes pour Chat Adulte sans besoins sp\u00e9cifiques<\/li>\n<li>Il est prouv\u00e9 que la technologie HEALTHY START renforce la r\u00e9ponse immunitaire des chatons<\/li>\n<li>Formul\u00e9 avec du colostrum pour renforcer la r\u00e9ponse immunitaire du chaton jusqu&rsquo;\u00e0 +50%<\/li>\n<li>Contient du DHA (acide docosahexa\u00e9no\u00efque) pour aider \u00e0 un d\u00e9veloppement sain de la vue et du cerveau<\/li>\n<li>Contribue \u00e0 une croissance saine des os et des muscles gr\u00e2ce \u00e0 des niveaux \u00e9lev\u00e9s de prot\u00e9ines et \u00e0 une teneur \u00e9quilibr\u00e9e en min\u00e9raux<\/li>\n<li>\u200bSans colorants ajout\u00e9s. Sans ar\u00f4mes ajout\u00e9s.<\/li>\n<\/ul>\n","protected":false},"featured_media":2143,"comment_status":"open","ping_status":"closed","template":"","meta":[],"product_brand":[],"product_cat":[74],"product_tag":[],"class_list":{"0":"post-2142","1":"product","2":"type-product","3":"status-publish","4":"has-post-thumbnail","6":"product_cat-alimentation-2","8":"first","9":"instock","10":"sale","11":"shipping-taxable","12":"purchasable","13":"product-type-simple"},"yoast_head":"<!-- This site is optimized with the Yoast SEO plugin v25.8 - https:\/\/yoast.com\/wordpress\/plugins\/seo\/ -->\n<title>PURINA\u00ae PRO PLAN\u00ae Kitten HEALTHY START - Poulet 1.5 Kg - puppymaroc.com<\/title>\n<meta name=\"description\" content=\"Croquettes pour Chat Adulte sans besoins sp\u00e9cifiquesIl est prouv\u00e9 que la technologie HEALTHY START renforce la r\u00e9ponse immunitaire des chatonsFormul\u00e9 avec du colostrum pour renforcer la r\u00e9ponse immunitaire du chaton jusqu&#039;\u00e0 +50%Contient du DHA (acide docosahexa\u00e9no\u00efque) pour aider \u00e0 un d\u00e9veloppement sain de la vue et du cerveauContribue \u00e0 une croissance saine des os et des muscles gr\u00e2ce \u00e0 des niveaux \u00e9lev\u00e9s de prot\u00e9ines et \u00e0 une teneur \u00e9quilibr\u00e9e en min\u00e9raux\u200bSans colorants ajout\u00e9s. Sans ar\u00f4mes ajout\u00e9s.\" \/>\n<meta name=\"robots\" content=\"index, follow, max-snippet:-1, max-image-preview:large, max-video-preview:-1\" \/>\n<link rel=\"canonical\" href=\"https:\/\/puppymaroc.webmarocagency.com\/?product=purina-pro-plan-kitten-healthy-start-poulet-1-5-kg\" \/>\n<meta property=\"og:locale\" content=\"fr_FR\" \/>\n<meta property=\"og:type\" content=\"article\" \/>\n<meta property=\"og:title\" content=\"PURINA\u00ae PRO PLAN\u00ae Kitten HEALTHY START - Poulet 1.5 Kg - puppymaroc.com\" \/>\n<meta property=\"og:description\" content=\"Croquettes pour Chat Adulte sans besoins sp\u00e9cifiquesIl est prouv\u00e9 que la technologie HEALTHY START renforce la r\u00e9ponse immunitaire des chatonsFormul\u00e9 avec du colostrum pour renforcer la r\u00e9ponse immunitaire du chaton jusqu&#039;\u00e0 +50%Contient du DHA (acide docosahexa\u00e9no\u00efque) pour aider \u00e0 un d\u00e9veloppement sain de la vue et du cerveauContribue \u00e0 une croissance saine des os et des muscles gr\u00e2ce \u00e0 des niveaux \u00e9lev\u00e9s de prot\u00e9ines et \u00e0 une teneur \u00e9quilibr\u00e9e en min\u00e9raux\u200bSans colorants ajout\u00e9s. Sans ar\u00f4mes ajout\u00e9s.\" \/>\n<meta property=\"og:url\" content=\"https:\/\/puppymaroc.webmarocagency.com\/?product=purina-pro-plan-kitten-healthy-start-poulet-1-5-kg\" \/>\n<meta property=\"og:site_name\" content=\"puppymaroc.com\" \/>\n<meta property=\"article:publisher\" content=\"https:\/\/www.facebook.com\/PuppyMaroc?mibextid=ZbWKwL\" \/>\n<meta property=\"article:modified_time\" content=\"2024-09-20T20:15:55+00:00\" \/>\n<meta property=\"og:image\" content=\"https:\/\/puppymaroc.webmarocagency.com\/wp-content\/uploads\/2024\/09\/background-puppy-maroc-14.png\" \/>\n\t<meta property=\"og:image:width\" content=\"1080\" \/>\n\t<meta property=\"og:image:height\" content=\"1080\" \/>\n\t<meta property=\"og:image:type\" content=\"image\/png\" \/>\n<meta name=\"twitter:card\" content=\"summary_large_image\" \/>\n<meta name=\"twitter:label1\" content=\"Dur\u00e9e de lecture estim\u00e9e\" \/>\n\t<meta name=\"twitter:data1\" content=\"3 minutes\" \/>\n<script type=\"application\/ld+json\" class=\"yoast-schema-graph\">{\"@context\":\"https:\/\/schema.org\",\"@graph\":[{\"@type\":\"WebPage\",\"@id\":\"https:\/\/puppymaroc.webmarocagency.com\/?product=purina-pro-plan-kitten-healthy-start-poulet-1-5-kg\",\"url\":\"https:\/\/puppymaroc.webmarocagency.com\/?product=purina-pro-plan-kitten-healthy-start-poulet-1-5-kg\",\"name\":\"PURINA\u00ae PRO PLAN\u00ae Kitten HEALTHY START - Poulet 1.5 Kg - puppymaroc.com\",\"isPartOf\":{\"@id\":\"https:\/\/puppymaroc.webmarocagency.com\/#website\"},\"primaryImageOfPage\":{\"@id\":\"https:\/\/puppymaroc.webmarocagency.com\/?product=purina-pro-plan-kitten-healthy-start-poulet-1-5-kg#primaryimage\"},\"image\":{\"@id\":\"https:\/\/puppymaroc.webmarocagency.com\/?product=purina-pro-plan-kitten-healthy-start-poulet-1-5-kg#primaryimage\"},\"thumbnailUrl\":\"https:\/\/puppymaroc.webmarocagency.com\/wp-content\/uploads\/2024\/09\/background-puppy-maroc-14.png\",\"datePublished\":\"2024-09-20T20:12:03+00:00\",\"dateModified\":\"2024-09-20T20:15:55+00:00\",\"description\":\"Croquettes pour Chat Adulte sans besoins sp\u00e9cifiquesIl est prouv\u00e9 que la technologie HEALTHY START renforce la r\u00e9ponse immunitaire des chatonsFormul\u00e9 avec du colostrum pour renforcer la r\u00e9ponse immunitaire du chaton jusqu'\u00e0 +50%Contient du DHA (acide docosahexa\u00e9no\u00efque) pour aider \u00e0 un d\u00e9veloppement sain de la vue et du cerveauContribue \u00e0 une croissance saine des os et des muscles gr\u00e2ce \u00e0 des niveaux \u00e9lev\u00e9s de prot\u00e9ines et \u00e0 une teneur \u00e9quilibr\u00e9e en min\u00e9raux\u200bSans colorants ajout\u00e9s. Sans ar\u00f4mes ajout\u00e9s.\",\"breadcrumb\":{\"@id\":\"https:\/\/puppymaroc.webmarocagency.com\/?product=purina-pro-plan-kitten-healthy-start-poulet-1-5-kg#breadcrumb\"},\"inLanguage\":\"fr-FR\",\"potentialAction\":[{\"@type\":\"ReadAction\",\"target\":[\"https:\/\/puppymaroc.webmarocagency.com\/?product=purina-pro-plan-kitten-healthy-start-poulet-1-5-kg\"]}]},{\"@type\":\"ImageObject\",\"inLanguage\":\"fr-FR\",\"@id\":\"https:\/\/puppymaroc.webmarocagency.com\/?product=purina-pro-plan-kitten-healthy-start-poulet-1-5-kg#primaryimage\",\"url\":\"https:\/\/puppymaroc.webmarocagency.com\/wp-content\/uploads\/2024\/09\/background-puppy-maroc-14.png\",\"contentUrl\":\"https:\/\/puppymaroc.webmarocagency.com\/wp-content\/uploads\/2024\/09\/background-puppy-maroc-14.png\",\"width\":1080,\"height\":1080},{\"@type\":\"BreadcrumbList\",\"@id\":\"https:\/\/puppymaroc.webmarocagency.com\/?product=purina-pro-plan-kitten-healthy-start-poulet-1-5-kg#breadcrumb\",\"itemListElement\":[{\"@type\":\"ListItem\",\"position\":1,\"name\":\"Accueil\",\"item\":\"https:\/\/puppymaroc.webmarocagency.com\/\"},{\"@type\":\"ListItem\",\"position\":2,\"name\":\"Produit\",\"item\":\"https:\/\/puppymaroc.webmarocagency.com\/?page_id=1561\"},{\"@type\":\"ListItem\",\"position\":3,\"name\":\"PURINA\u00ae PRO PLAN\u00ae Kitten HEALTHY START &#8211; Poulet 1.5 Kg\"}]},{\"@type\":\"WebSite\",\"@id\":\"https:\/\/puppymaroc.webmarocagency.com\/#website\",\"url\":\"https:\/\/puppymaroc.webmarocagency.com\/\",\"name\":\"puppymaroc.com\",\"description\":\"puppymaroc\",\"publisher\":{\"@id\":\"https:\/\/puppymaroc.webmarocagency.com\/#organization\"},\"potentialAction\":[{\"@type\":\"SearchAction\",\"target\":{\"@type\":\"EntryPoint\",\"urlTemplate\":\"https:\/\/puppymaroc.webmarocagency.com\/?s={search_term_string}\"},\"query-input\":{\"@type\":\"PropertyValueSpecification\",\"valueRequired\":true,\"valueName\":\"search_term_string\"}}],\"inLanguage\":\"fr-FR\"},{\"@type\":\"Organization\",\"@id\":\"https:\/\/puppymaroc.webmarocagency.com\/#organization\",\"name\":\"puppymaroc.com\",\"url\":\"https:\/\/puppymaroc.webmarocagency.com\/\",\"logo\":{\"@type\":\"ImageObject\",\"inLanguage\":\"fr-FR\",\"@id\":\"https:\/\/puppymaroc.webmarocagency.com\/#\/schema\/logo\/image\/\",\"url\":\"https:\/\/puppymaroc.webmarocagency.com\/wp-content\/uploads\/2024\/02\/cropped-cropped-puppy-maroc-logo-rmv-2.png\",\"contentUrl\":\"https:\/\/puppymaroc.webmarocagency.com\/wp-content\/uploads\/2024\/02\/cropped-cropped-puppy-maroc-logo-rmv-2.png\",\"width\":958,\"height\":920,\"caption\":\"puppymaroc.com\"},\"image\":{\"@id\":\"https:\/\/puppymaroc.webmarocagency.com\/#\/schema\/logo\/image\/\"},\"sameAs\":[\"https:\/\/www.facebook.com\/PuppyMaroc?mibextid=ZbWKwL\"]}]}<\/script>\n<!-- \/ Yoast SEO plugin. -->","yoast_head_json":{"title":"PURINA\u00ae PRO PLAN\u00ae Kitten HEALTHY START - Poulet 1.5 Kg - puppymaroc.com","description":"Croquettes pour Chat Adulte sans besoins sp\u00e9cifiquesIl est prouv\u00e9 que la technologie HEALTHY START renforce la r\u00e9ponse immunitaire des chatonsFormul\u00e9 avec du colostrum pour renforcer la r\u00e9ponse immunitaire du chaton jusqu'\u00e0 +50%Contient du DHA (acide docosahexa\u00e9no\u00efque) pour aider \u00e0 un d\u00e9veloppement sain de la vue et du cerveauContribue \u00e0 une croissance saine des os et des muscles gr\u00e2ce \u00e0 des niveaux \u00e9lev\u00e9s de prot\u00e9ines et \u00e0 une teneur \u00e9quilibr\u00e9e en min\u00e9raux\u200bSans colorants ajout\u00e9s. Sans ar\u00f4mes ajout\u00e9s.","robots":{"index":"index","follow":"follow","max-snippet":"max-snippet:-1","max-image-preview":"max-image-preview:large","max-video-preview":"max-video-preview:-1"},"canonical":"https:\/\/puppymaroc.webmarocagency.com\/?product=purina-pro-plan-kitten-healthy-start-poulet-1-5-kg","og_locale":"fr_FR","og_type":"article","og_title":"PURINA\u00ae PRO PLAN\u00ae Kitten HEALTHY START - Poulet 1.5 Kg - puppymaroc.com","og_description":"Croquettes pour Chat Adulte sans besoins sp\u00e9cifiquesIl est prouv\u00e9 que la technologie HEALTHY START renforce la r\u00e9ponse immunitaire des chatonsFormul\u00e9 avec du colostrum pour renforcer la r\u00e9ponse immunitaire du chaton jusqu'\u00e0 +50%Contient du DHA (acide docosahexa\u00e9no\u00efque) pour aider \u00e0 un d\u00e9veloppement sain de la vue et du cerveauContribue \u00e0 une croissance saine des os et des muscles gr\u00e2ce \u00e0 des niveaux \u00e9lev\u00e9s de prot\u00e9ines et \u00e0 une teneur \u00e9quilibr\u00e9e en min\u00e9raux\u200bSans colorants ajout\u00e9s. Sans ar\u00f4mes ajout\u00e9s.","og_url":"https:\/\/puppymaroc.webmarocagency.com\/?product=purina-pro-plan-kitten-healthy-start-poulet-1-5-kg","og_site_name":"puppymaroc.com","article_publisher":"https:\/\/www.facebook.com\/PuppyMaroc?mibextid=ZbWKwL","article_modified_time":"2024-09-20T20:15:55+00:00","og_image":[{"width":1080,"height":1080,"url":"https:\/\/puppymaroc.webmarocagency.com\/wp-content\/uploads\/2024\/09\/background-puppy-maroc-14.png","type":"image\/png"}],"twitter_card":"summary_large_image","twitter_misc":{"Dur\u00e9e de lecture estim\u00e9e":"3 minutes"},"schema":{"@context":"https:\/\/schema.org","@graph":[{"@type":"WebPage","@id":"https:\/\/puppymaroc.webmarocagency.com\/?product=purina-pro-plan-kitten-healthy-start-poulet-1-5-kg","url":"https:\/\/puppymaroc.webmarocagency.com\/?product=purina-pro-plan-kitten-healthy-start-poulet-1-5-kg","name":"PURINA\u00ae PRO PLAN\u00ae Kitten HEALTHY START - Poulet 1.5 Kg - puppymaroc.com","isPartOf":{"@id":"https:\/\/puppymaroc.webmarocagency.com\/#website"},"primaryImageOfPage":{"@id":"https:\/\/puppymaroc.webmarocagency.com\/?product=purina-pro-plan-kitten-healthy-start-poulet-1-5-kg#primaryimage"},"image":{"@id":"https:\/\/puppymaroc.webmarocagency.com\/?product=purina-pro-plan-kitten-healthy-start-poulet-1-5-kg#primaryimage"},"thumbnailUrl":"https:\/\/puppymaroc.webmarocagency.com\/wp-content\/uploads\/2024\/09\/background-puppy-maroc-14.png","datePublished":"2024-09-20T20:12:03+00:00","dateModified":"2024-09-20T20:15:55+00:00","description":"Croquettes pour Chat Adulte sans besoins sp\u00e9cifiquesIl est prouv\u00e9 que la technologie HEALTHY START renforce la r\u00e9ponse immunitaire des chatonsFormul\u00e9 avec du colostrum pour renforcer la r\u00e9ponse immunitaire du chaton jusqu'\u00e0 +50%Contient du DHA (acide docosahexa\u00e9no\u00efque) pour aider \u00e0 un d\u00e9veloppement sain de la vue et du cerveauContribue \u00e0 une croissance saine des os et des muscles gr\u00e2ce \u00e0 des niveaux \u00e9lev\u00e9s de prot\u00e9ines et \u00e0 une teneur \u00e9quilibr\u00e9e en min\u00e9raux\u200bSans colorants ajout\u00e9s. Sans ar\u00f4mes ajout\u00e9s.","breadcrumb":{"@id":"https:\/\/puppymaroc.webmarocagency.com\/?product=purina-pro-plan-kitten-healthy-start-poulet-1-5-kg#breadcrumb"},"inLanguage":"fr-FR","potentialAction":[{"@type":"ReadAction","target":["https:\/\/puppymaroc.webmarocagency.com\/?product=purina-pro-plan-kitten-healthy-start-poulet-1-5-kg"]}]},{"@type":"ImageObject","inLanguage":"fr-FR","@id":"https:\/\/puppymaroc.webmarocagency.com\/?product=purina-pro-plan-kitten-healthy-start-poulet-1-5-kg#primaryimage","url":"https:\/\/puppymaroc.webmarocagency.com\/wp-content\/uploads\/2024\/09\/background-puppy-maroc-14.png","contentUrl":"https:\/\/puppymaroc.webmarocagency.com\/wp-content\/uploads\/2024\/09\/background-puppy-maroc-14.png","width":1080,"height":1080},{"@type":"BreadcrumbList","@id":"https:\/\/puppymaroc.webmarocagency.com\/?product=purina-pro-plan-kitten-healthy-start-poulet-1-5-kg#breadcrumb","itemListElement":[{"@type":"ListItem","position":1,"name":"Accueil","item":"https:\/\/puppymaroc.webmarocagency.com\/"},{"@type":"ListItem","position":2,"name":"Produit","item":"https:\/\/puppymaroc.webmarocagency.com\/?page_id=1561"},{"@type":"ListItem","position":3,"name":"PURINA\u00ae PRO PLAN\u00ae Kitten HEALTHY START &#8211; Poulet 1.5 Kg"}]},{"@type":"WebSite","@id":"https:\/\/puppymaroc.webmarocagency.com\/#website","url":"https:\/\/puppymaroc.webmarocagency.com\/","name":"puppymaroc.com","description":"puppymaroc","publisher":{"@id":"https:\/\/puppymaroc.webmarocagency.com\/#organization"},"potentialAction":[{"@type":"SearchAction","target":{"@type":"EntryPoint","urlTemplate":"https:\/\/puppymaroc.webmarocagency.com\/?s={search_term_string}"},"query-input":{"@type":"PropertyValueSpecification","valueRequired":true,"valueName":"search_term_string"}}],"inLanguage":"fr-FR"},{"@type":"Organization","@id":"https:\/\/puppymaroc.webmarocagency.com\/#organization","name":"puppymaroc.com","url":"https:\/\/puppymaroc.webmarocagency.com\/","logo":{"@type":"ImageObject","inLanguage":"fr-FR","@id":"https:\/\/puppymaroc.webmarocagency.com\/#\/schema\/logo\/image\/","url":"https:\/\/puppymaroc.webmarocagency.com\/wp-content\/uploads\/2024\/02\/cropped-cropped-puppy-maroc-logo-rmv-2.png","contentUrl":"https:\/\/puppymaroc.webmarocagency.com\/wp-content\/uploads\/2024\/02\/cropped-cropped-puppy-maroc-logo-rmv-2.png","width":958,"height":920,"caption":"puppymaroc.com"},"image":{"@id":"https:\/\/puppymaroc.webmarocagency.com\/#\/schema\/logo\/image\/"},"sameAs":["https:\/\/www.facebook.com\/PuppyMaroc?mibextid=ZbWKwL"]}]}},"_links":{"self":[{"href":"https:\/\/puppymaroc.webmarocagency.com\/index.php?rest_route=\/wp\/v2\/product\/2142","targetHints":{"allow":["GET"]}}],"collection":[{"href":"https:\/\/puppymaroc.webmarocagency.com\/index.php?rest_route=\/wp\/v2\/product"}],"about":[{"href":"https:\/\/puppymaroc.webmarocagency.com\/index.php?rest_route=\/wp\/v2\/types\/product"}],"replies":[{"embeddable":true,"href":"https:\/\/puppymaroc.webmarocagency.com\/index.php?rest_route=%2Fwp%2Fv2%2Fcomments&post=2142"}],"wp:featuredmedia":[{"embeddable":true,"href":"https:\/\/puppymaroc.webmarocagency.com\/index.php?rest_route=\/wp\/v2\/media\/2143"}],"wp:attachment":[{"href":"https:\/\/puppymaroc.webmarocagency.com\/index.php?rest_route=%2Fwp%2Fv2%2Fmedia&parent=2142"}],"wp:term":[{"taxonomy":"product_brand","embeddable":true,"href":"https:\/\/puppymaroc.webmarocagency.com\/index.php?rest_route=%2Fwp%2Fv2%2Fproduct_brand&post=2142"},{"taxonomy":"product_cat","embeddable":true,"href":"https:\/\/puppymaroc.webmarocagency.com\/index.php?rest_route=%2Fwp%2Fv2%2Fproduct_cat&post=2142"},{"taxonomy":"product_tag","embeddable":true,"href":"https:\/\/puppymaroc.webmarocagency.com\/index.php?rest_route=%2Fwp%2Fv2%2Fproduct_tag&post=2142"}],"curies":[{"name":"wp","href":"https:\/\/api.w.org\/{rel}","templated":true}]}}