{"id":2144,"date":"2024-09-20T21:18:03","date_gmt":"2024-09-20T20:18:03","guid":{"rendered":"https:\/\/puppymaroc.com\/?post_type=product&#038;p=2144"},"modified":"2024-09-20T21:25:13","modified_gmt":"2024-09-20T20:25:13","slug":"pro-plan-delicate-digestion-sterilised-adult-poule-15-kg","status":"publish","type":"product","link":"https:\/\/puppymaroc.webmarocagency.com\/?product=pro-plan-delicate-digestion-sterilised-adult-poule-15-kg","title":{"rendered":"PRO PLAN\u00ae DELICATE DIGESTION Sterilised Adult Poule 1,5 kg"},"content":{"rendered":"<p><strong>Caract\u00e9ristiques<\/strong><\/p>\n<p>Aliment complet pour le maintien en bonne sant\u00e9 des chats adultes (1an et +) castr\u00e9s ou st\u00e9rilis\u00e9s.<br \/>\nLes croquettes pour chat st\u00e9rilis\u00e9 PURINA\u00ae PRO PLAN\u00ae STERILISED sont scientifiquement formul\u00e9es pour r\u00e9pondre aux besoins sp\u00e9cifiques des chats st\u00e9rilis\u00e9s. Avec cette alimentation riche en prot\u00e9ines et \u00e0 teneur mod\u00e9r\u00e9e en mati\u00e8res grasses, PRO PLAN\u00ae aide votre chat st\u00e9rilis\u00e9 \u00e0 conserver un poids id\u00e9al.<br \/>\nDe plus la technologie DELICATE DIGESTION contient une combinaison sp\u00e9cifique d&rsquo;ingr\u00e9dients qui soutient la bonne sant\u00e9 digestive.<\/p>\n<p>PRO PLAN\u00ae STERILISED est formul\u00e9 avec du Poulet de haute qualit\u00e9 en 1er ingr\u00e9dient. \u00a0Sans colorants ajout\u00e9s. Sans ar\u00f4mes ajout\u00e9s.\u00a0\u00bb<\/p>\n<div class=\"field__item\">\n<p><strong>Ingr\u00e9dients<\/strong><\/p>\n<p>Poulet de haute qualit\u00e9* (20%) (dont dos et coffre)<br \/>\nRiz*<br \/>\nFarine de prot\u00e9ines de ma\u00efs*<br \/>\nProt\u00e9ines de dinde<br \/>\nd\u00e9shydrat\u00e9es*<br \/>\nPoudre de prot\u00e9ines de soja*<br \/>\nProt\u00e9ines de\u00a0pois*<br \/>\nMa\u00efs*<br \/>\nAmidon de ma\u00efs<br \/>\nFibres v\u00e9g\u00e9tales s\u00e9ch\u00e9es<br \/>\nGraisses animales<br \/>\nRacine de chicor\u00e9e s\u00e9ch\u00e9e<br \/>\nSubstances\u00a0min\u00e9rales<br \/>\nHuile de poisson<br \/>\n\u0152ufs d\u00e9shydrat\u00e9s*<br \/>\nHydrolysat<br \/>\nLevures*<\/p>\n<p>*Sources de prot\u00e9ines.\u00a0\u00bb<\/p>\n<\/div>\n<div class=\"field__item\">\n<p><strong>Nutrition et constituants analytiques<\/strong><\/p>\n<p>Humidit\u00e9 6,0 %<br \/>\nProt\u00e9ine 40,0 %<br \/>\nMati\u00e8res grasses 12,0 %<br \/>\nGlucides 31,0 %<br \/>\nCellulose brute 3,5 %<br \/>\nCendres brutes 7,5 %<br \/>\nTaurine 1829 mg\/kg<\/p>\n<p><strong>Additifs nutritionnels<\/strong><\/p>\n<p>MIN\u00c9RAUX :<br \/>\nCalcium : 1,46 %<br \/>\nPhosphore : 1,21 %<br \/>\nRapport Ca\/P : 1,21 %<br \/>\nSodium : 0,45 %<br \/>\nChlore : 0,82 %<br \/>\nPotassium : 0,81 %<br \/>\nMagn\u00e9sium : 0,12 %<br \/>\nFer : 268 mg\/kg<br \/>\nZinc : 177 mg\/kg<br \/>\nCuivre : 21 mg\/kg<br \/>\nMangan\u00e8se : 62 mg\/kg<br \/>\nIode : 2,60 mg\/kg<br \/>\nS\u00e9l\u00e9nium : 0,38 mg\/kg<\/p>\n<p>VITAMINES :<br \/>\nVit A : 23963 UI\/kg<br \/>\nVit D3 : 1148 UI\/kg<br \/>\nVit E : 587 UI\/kg<br \/>\nVit C : 70 mg\/kg<br \/>\nVit K : 0,20 mg\/kg<br \/>\nVit B1 : 32 mg\/kg<br \/>\nVit B2 : 14 mg\/kg<br \/>\nVit B3 : 177 mg\/kg<br \/>\nVit B5 : 51 mg\/kg<br \/>\nVit B6 : 18 mg\/kg<br \/>\nVit B8 : 0,17 mg\/kg<br \/>\nVit B9 : 4,95 mg\/kg<br \/>\nVit B12 : 0,26 mg\/kg<\/p>\n<p>ACIDES GRAS ESSENTIELS :<br \/>\nOm\u00e9ga-6 : 1,63 %<br \/>\ndont Acide linol\u00e9ique : 1,55%<br \/>\ndont Acide arachidonique : 0,08 %<br \/>\nOm\u00e9ga-3 : 0,43 %<br \/>\nEPA+DHA : 0,30 %<\/p>\n<p>\u00c9NERGIE :<br \/>\n\u00c9nergie m\u00e9tabolisable (calcul\u00e9e) : 3,73 Kcal\/kg<br \/>\nRapport Protido-calorique : 107<\/p>\n<p>Les rations journali\u00e8res n\u00e9cessaires pour maintenir une masse corporelle id\u00e9ale varient en fonction de l\u2019\u00e2ge, de l\u2019activit\u00e9 et de l\u2019environnement de votre chat. Surveillez le poids de votre chat et adaptez en cons\u00e9quence la quantit\u00e9 de nourriture. De l\u2019eau propre et fra\u00eeche doit toujours \u00eatre disponible. Pour la sant\u00e9 de votre chat, consultez r\u00e9guli\u00e8rement votre v\u00e9t\u00e9rinaire.<\/p>\n<p>Quel est le poids de votre chat ?<\/p>\n<div class=\"table-wrapper\">\n<table>\n<tbody>\n<tr>\n<td><strong>Poids du chat<\/strong><strong>\u00a0(kg)<\/strong><\/td>\n<td><strong>g \/ jour<\/strong><\/td>\n<\/tr>\n<tr>\n<td>2<\/td>\n<td>25<\/td>\n<\/tr>\n<tr>\n<td>3<\/td>\n<td>40<\/td>\n<\/tr>\n<tr>\n<td>4<\/td>\n<td>55<\/td>\n<td><\/td>\n<\/tr>\n<tr>\n<td>5<\/td>\n<td>65<\/td>\n<\/tr>\n<tr>\n<td>6<\/td>\n<td>80<\/td>\n<\/tr>\n<tr>\n<td>&gt;6<\/td>\n<td>+ 15 g\/kg<\/td>\n<\/tr>\n<\/tbody>\n<\/table>\n<\/div>\n<\/div>\n","protected":false},"excerpt":{"rendered":"<ul>\n<li>Croquettes pour Chat Adulte St\u00e9rilis\u00e9<\/li>\n<li>DELICATE DIGESTION est une formulation unique qui soutient la bonne sant\u00e9 digestive<\/li>\n<li>Formul\u00e9 avec des sources de prot\u00e9ines de haute qualit\u00e9 s\u00e9lectionn\u00e9es sans bl\u00e9, pour soutenir la tol\u00e9rance alimentaire<\/li>\n<li>Recette tr\u00e8s savoureuse pouvant satisfaire m\u00eame les chats les plus difficiles<\/li>\n<li>Con\u00e7u pour les chats st\u00e9rilis\u00e9s afin de maintenir une bonne sant\u00e9 urinaire et un poids id\u00e9al<\/li>\n<li>Sans colorants ajout\u00e9s. Sans ar\u00f4mes ajout\u00e9s.<\/li>\n<\/ul>\n","protected":false},"featured_media":2146,"comment_status":"open","ping_status":"closed","template":"","meta":[],"product_brand":[],"product_cat":[74],"product_tag":[],"class_list":{"0":"post-2144","1":"product","2":"type-product","3":"status-publish","4":"has-post-thumbnail","6":"product_cat-alimentation-2","8":"first","9":"instock","10":"sale","11":"shipping-taxable","12":"purchasable","13":"product-type-simple"},"yoast_head":"<!-- This site is optimized with the Yoast SEO plugin v25.8 - https:\/\/yoast.com\/wordpress\/plugins\/seo\/ -->\n<title>PRO PLAN\u00ae DELICATE DIGESTION Sterilised Adult Poule 1,5 kg - puppymaroc.com<\/title>\n<meta name=\"description\" content=\"Croquettes pour Chat Adulte St\u00e9rilis\u00e9DELICATE DIGESTION est une formulation unique qui soutient la bonne sant\u00e9 digestiveFormul\u00e9 avec des sources de prot\u00e9ines de haute qualit\u00e9 s\u00e9lectionn\u00e9es sans bl\u00e9, pour soutenir la tol\u00e9rance alimentaireRecette tr\u00e8s savoureuse pouvant satisfaire m\u00eame les chats les plus difficilesCon\u00e7u pour les chats st\u00e9rilis\u00e9s afin de maintenir une bonne sant\u00e9 urinaire et un poids id\u00e9alSans colorants ajout\u00e9s. Sans ar\u00f4mes ajout\u00e9s.\" \/>\n<meta name=\"robots\" content=\"index, follow, max-snippet:-1, max-image-preview:large, max-video-preview:-1\" \/>\n<link rel=\"canonical\" href=\"https:\/\/puppymaroc.webmarocagency.com\/?product=pro-plan-delicate-digestion-sterilised-adult-poule-15-kg\" \/>\n<meta property=\"og:locale\" content=\"fr_FR\" \/>\n<meta property=\"og:type\" content=\"article\" \/>\n<meta property=\"og:title\" content=\"PRO PLAN\u00ae DELICATE DIGESTION Sterilised Adult Poule 1,5 kg - puppymaroc.com\" \/>\n<meta property=\"og:description\" content=\"Croquettes pour Chat Adulte St\u00e9rilis\u00e9DELICATE DIGESTION est une formulation unique qui soutient la bonne sant\u00e9 digestiveFormul\u00e9 avec des sources de prot\u00e9ines de haute qualit\u00e9 s\u00e9lectionn\u00e9es sans bl\u00e9, pour soutenir la tol\u00e9rance alimentaireRecette tr\u00e8s savoureuse pouvant satisfaire m\u00eame les chats les plus difficilesCon\u00e7u pour les chats st\u00e9rilis\u00e9s afin de maintenir une bonne sant\u00e9 urinaire et un poids id\u00e9alSans colorants ajout\u00e9s. Sans ar\u00f4mes ajout\u00e9s.\" \/>\n<meta property=\"og:url\" content=\"https:\/\/puppymaroc.webmarocagency.com\/?product=pro-plan-delicate-digestion-sterilised-adult-poule-15-kg\" \/>\n<meta property=\"og:site_name\" content=\"puppymaroc.com\" \/>\n<meta property=\"article:publisher\" content=\"https:\/\/www.facebook.com\/PuppyMaroc?mibextid=ZbWKwL\" \/>\n<meta property=\"article:modified_time\" content=\"2024-09-20T20:25:13+00:00\" \/>\n<meta property=\"og:image\" content=\"https:\/\/puppymaroc.webmarocagency.com\/wp-content\/uploads\/2024\/09\/background-puppy-maroc-16.png\" \/>\n\t<meta property=\"og:image:width\" content=\"1080\" \/>\n\t<meta property=\"og:image:height\" content=\"1080\" \/>\n\t<meta property=\"og:image:type\" content=\"image\/png\" \/>\n<meta name=\"twitter:card\" content=\"summary_large_image\" \/>\n<meta name=\"twitter:label1\" content=\"Dur\u00e9e de lecture estim\u00e9e\" \/>\n\t<meta name=\"twitter:data1\" content=\"3 minutes\" \/>\n<script type=\"application\/ld+json\" class=\"yoast-schema-graph\">{\"@context\":\"https:\/\/schema.org\",\"@graph\":[{\"@type\":\"WebPage\",\"@id\":\"https:\/\/puppymaroc.webmarocagency.com\/?product=pro-plan-delicate-digestion-sterilised-adult-poule-15-kg\",\"url\":\"https:\/\/puppymaroc.webmarocagency.com\/?product=pro-plan-delicate-digestion-sterilised-adult-poule-15-kg\",\"name\":\"PRO PLAN\u00ae DELICATE DIGESTION Sterilised Adult Poule 1,5 kg - puppymaroc.com\",\"isPartOf\":{\"@id\":\"https:\/\/puppymaroc.webmarocagency.com\/#website\"},\"primaryImageOfPage\":{\"@id\":\"https:\/\/puppymaroc.webmarocagency.com\/?product=pro-plan-delicate-digestion-sterilised-adult-poule-15-kg#primaryimage\"},\"image\":{\"@id\":\"https:\/\/puppymaroc.webmarocagency.com\/?product=pro-plan-delicate-digestion-sterilised-adult-poule-15-kg#primaryimage\"},\"thumbnailUrl\":\"https:\/\/puppymaroc.webmarocagency.com\/wp-content\/uploads\/2024\/09\/background-puppy-maroc-16.png\",\"datePublished\":\"2024-09-20T20:18:03+00:00\",\"dateModified\":\"2024-09-20T20:25:13+00:00\",\"description\":\"Croquettes pour Chat Adulte St\u00e9rilis\u00e9DELICATE DIGESTION est une formulation unique qui soutient la bonne sant\u00e9 digestiveFormul\u00e9 avec des sources de prot\u00e9ines de haute qualit\u00e9 s\u00e9lectionn\u00e9es sans bl\u00e9, pour soutenir la tol\u00e9rance alimentaireRecette tr\u00e8s savoureuse pouvant satisfaire m\u00eame les chats les plus difficilesCon\u00e7u pour les chats st\u00e9rilis\u00e9s afin de maintenir une bonne sant\u00e9 urinaire et un poids id\u00e9alSans colorants ajout\u00e9s. Sans ar\u00f4mes ajout\u00e9s.\",\"breadcrumb\":{\"@id\":\"https:\/\/puppymaroc.webmarocagency.com\/?product=pro-plan-delicate-digestion-sterilised-adult-poule-15-kg#breadcrumb\"},\"inLanguage\":\"fr-FR\",\"potentialAction\":[{\"@type\":\"ReadAction\",\"target\":[\"https:\/\/puppymaroc.webmarocagency.com\/?product=pro-plan-delicate-digestion-sterilised-adult-poule-15-kg\"]}]},{\"@type\":\"ImageObject\",\"inLanguage\":\"fr-FR\",\"@id\":\"https:\/\/puppymaroc.webmarocagency.com\/?product=pro-plan-delicate-digestion-sterilised-adult-poule-15-kg#primaryimage\",\"url\":\"https:\/\/puppymaroc.webmarocagency.com\/wp-content\/uploads\/2024\/09\/background-puppy-maroc-16.png\",\"contentUrl\":\"https:\/\/puppymaroc.webmarocagency.com\/wp-content\/uploads\/2024\/09\/background-puppy-maroc-16.png\",\"width\":1080,\"height\":1080},{\"@type\":\"BreadcrumbList\",\"@id\":\"https:\/\/puppymaroc.webmarocagency.com\/?product=pro-plan-delicate-digestion-sterilised-adult-poule-15-kg#breadcrumb\",\"itemListElement\":[{\"@type\":\"ListItem\",\"position\":1,\"name\":\"Accueil\",\"item\":\"https:\/\/puppymaroc.webmarocagency.com\/\"},{\"@type\":\"ListItem\",\"position\":2,\"name\":\"Produit\",\"item\":\"https:\/\/puppymaroc.webmarocagency.com\/?page_id=1561\"},{\"@type\":\"ListItem\",\"position\":3,\"name\":\"PRO PLAN\u00ae DELICATE DIGESTION Sterilised Adult Poule 1,5 kg\"}]},{\"@type\":\"WebSite\",\"@id\":\"https:\/\/puppymaroc.webmarocagency.com\/#website\",\"url\":\"https:\/\/puppymaroc.webmarocagency.com\/\",\"name\":\"puppymaroc.com\",\"description\":\"puppymaroc\",\"publisher\":{\"@id\":\"https:\/\/puppymaroc.webmarocagency.com\/#organization\"},\"potentialAction\":[{\"@type\":\"SearchAction\",\"target\":{\"@type\":\"EntryPoint\",\"urlTemplate\":\"https:\/\/puppymaroc.webmarocagency.com\/?s={search_term_string}\"},\"query-input\":{\"@type\":\"PropertyValueSpecification\",\"valueRequired\":true,\"valueName\":\"search_term_string\"}}],\"inLanguage\":\"fr-FR\"},{\"@type\":\"Organization\",\"@id\":\"https:\/\/puppymaroc.webmarocagency.com\/#organization\",\"name\":\"puppymaroc.com\",\"url\":\"https:\/\/puppymaroc.webmarocagency.com\/\",\"logo\":{\"@type\":\"ImageObject\",\"inLanguage\":\"fr-FR\",\"@id\":\"https:\/\/puppymaroc.webmarocagency.com\/#\/schema\/logo\/image\/\",\"url\":\"https:\/\/puppymaroc.webmarocagency.com\/wp-content\/uploads\/2024\/02\/cropped-cropped-puppy-maroc-logo-rmv-2.png\",\"contentUrl\":\"https:\/\/puppymaroc.webmarocagency.com\/wp-content\/uploads\/2024\/02\/cropped-cropped-puppy-maroc-logo-rmv-2.png\",\"width\":958,\"height\":920,\"caption\":\"puppymaroc.com\"},\"image\":{\"@id\":\"https:\/\/puppymaroc.webmarocagency.com\/#\/schema\/logo\/image\/\"},\"sameAs\":[\"https:\/\/www.facebook.com\/PuppyMaroc?mibextid=ZbWKwL\"]}]}<\/script>\n<!-- \/ Yoast SEO plugin. -->","yoast_head_json":{"title":"PRO PLAN\u00ae DELICATE DIGESTION Sterilised Adult Poule 1,5 kg - puppymaroc.com","description":"Croquettes pour Chat Adulte St\u00e9rilis\u00e9DELICATE DIGESTION est une formulation unique qui soutient la bonne sant\u00e9 digestiveFormul\u00e9 avec des sources de prot\u00e9ines de haute qualit\u00e9 s\u00e9lectionn\u00e9es sans bl\u00e9, pour soutenir la tol\u00e9rance alimentaireRecette tr\u00e8s savoureuse pouvant satisfaire m\u00eame les chats les plus difficilesCon\u00e7u pour les chats st\u00e9rilis\u00e9s afin de maintenir une bonne sant\u00e9 urinaire et un poids id\u00e9alSans colorants ajout\u00e9s. Sans ar\u00f4mes ajout\u00e9s.","robots":{"index":"index","follow":"follow","max-snippet":"max-snippet:-1","max-image-preview":"max-image-preview:large","max-video-preview":"max-video-preview:-1"},"canonical":"https:\/\/puppymaroc.webmarocagency.com\/?product=pro-plan-delicate-digestion-sterilised-adult-poule-15-kg","og_locale":"fr_FR","og_type":"article","og_title":"PRO PLAN\u00ae DELICATE DIGESTION Sterilised Adult Poule 1,5 kg - puppymaroc.com","og_description":"Croquettes pour Chat Adulte St\u00e9rilis\u00e9DELICATE DIGESTION est une formulation unique qui soutient la bonne sant\u00e9 digestiveFormul\u00e9 avec des sources de prot\u00e9ines de haute qualit\u00e9 s\u00e9lectionn\u00e9es sans bl\u00e9, pour soutenir la tol\u00e9rance alimentaireRecette tr\u00e8s savoureuse pouvant satisfaire m\u00eame les chats les plus difficilesCon\u00e7u pour les chats st\u00e9rilis\u00e9s afin de maintenir une bonne sant\u00e9 urinaire et un poids id\u00e9alSans colorants ajout\u00e9s. Sans ar\u00f4mes ajout\u00e9s.","og_url":"https:\/\/puppymaroc.webmarocagency.com\/?product=pro-plan-delicate-digestion-sterilised-adult-poule-15-kg","og_site_name":"puppymaroc.com","article_publisher":"https:\/\/www.facebook.com\/PuppyMaroc?mibextid=ZbWKwL","article_modified_time":"2024-09-20T20:25:13+00:00","og_image":[{"width":1080,"height":1080,"url":"https:\/\/puppymaroc.webmarocagency.com\/wp-content\/uploads\/2024\/09\/background-puppy-maroc-16.png","type":"image\/png"}],"twitter_card":"summary_large_image","twitter_misc":{"Dur\u00e9e de lecture estim\u00e9e":"3 minutes"},"schema":{"@context":"https:\/\/schema.org","@graph":[{"@type":"WebPage","@id":"https:\/\/puppymaroc.webmarocagency.com\/?product=pro-plan-delicate-digestion-sterilised-adult-poule-15-kg","url":"https:\/\/puppymaroc.webmarocagency.com\/?product=pro-plan-delicate-digestion-sterilised-adult-poule-15-kg","name":"PRO PLAN\u00ae DELICATE DIGESTION Sterilised Adult Poule 1,5 kg - puppymaroc.com","isPartOf":{"@id":"https:\/\/puppymaroc.webmarocagency.com\/#website"},"primaryImageOfPage":{"@id":"https:\/\/puppymaroc.webmarocagency.com\/?product=pro-plan-delicate-digestion-sterilised-adult-poule-15-kg#primaryimage"},"image":{"@id":"https:\/\/puppymaroc.webmarocagency.com\/?product=pro-plan-delicate-digestion-sterilised-adult-poule-15-kg#primaryimage"},"thumbnailUrl":"https:\/\/puppymaroc.webmarocagency.com\/wp-content\/uploads\/2024\/09\/background-puppy-maroc-16.png","datePublished":"2024-09-20T20:18:03+00:00","dateModified":"2024-09-20T20:25:13+00:00","description":"Croquettes pour Chat Adulte St\u00e9rilis\u00e9DELICATE DIGESTION est une formulation unique qui soutient la bonne sant\u00e9 digestiveFormul\u00e9 avec des sources de prot\u00e9ines de haute qualit\u00e9 s\u00e9lectionn\u00e9es sans bl\u00e9, pour soutenir la tol\u00e9rance alimentaireRecette tr\u00e8s savoureuse pouvant satisfaire m\u00eame les chats les plus difficilesCon\u00e7u pour les chats st\u00e9rilis\u00e9s afin de maintenir une bonne sant\u00e9 urinaire et un poids id\u00e9alSans colorants ajout\u00e9s. Sans ar\u00f4mes ajout\u00e9s.","breadcrumb":{"@id":"https:\/\/puppymaroc.webmarocagency.com\/?product=pro-plan-delicate-digestion-sterilised-adult-poule-15-kg#breadcrumb"},"inLanguage":"fr-FR","potentialAction":[{"@type":"ReadAction","target":["https:\/\/puppymaroc.webmarocagency.com\/?product=pro-plan-delicate-digestion-sterilised-adult-poule-15-kg"]}]},{"@type":"ImageObject","inLanguage":"fr-FR","@id":"https:\/\/puppymaroc.webmarocagency.com\/?product=pro-plan-delicate-digestion-sterilised-adult-poule-15-kg#primaryimage","url":"https:\/\/puppymaroc.webmarocagency.com\/wp-content\/uploads\/2024\/09\/background-puppy-maroc-16.png","contentUrl":"https:\/\/puppymaroc.webmarocagency.com\/wp-content\/uploads\/2024\/09\/background-puppy-maroc-16.png","width":1080,"height":1080},{"@type":"BreadcrumbList","@id":"https:\/\/puppymaroc.webmarocagency.com\/?product=pro-plan-delicate-digestion-sterilised-adult-poule-15-kg#breadcrumb","itemListElement":[{"@type":"ListItem","position":1,"name":"Accueil","item":"https:\/\/puppymaroc.webmarocagency.com\/"},{"@type":"ListItem","position":2,"name":"Produit","item":"https:\/\/puppymaroc.webmarocagency.com\/?page_id=1561"},{"@type":"ListItem","position":3,"name":"PRO PLAN\u00ae DELICATE DIGESTION Sterilised Adult Poule 1,5 kg"}]},{"@type":"WebSite","@id":"https:\/\/puppymaroc.webmarocagency.com\/#website","url":"https:\/\/puppymaroc.webmarocagency.com\/","name":"puppymaroc.com","description":"puppymaroc","publisher":{"@id":"https:\/\/puppymaroc.webmarocagency.com\/#organization"},"potentialAction":[{"@type":"SearchAction","target":{"@type":"EntryPoint","urlTemplate":"https:\/\/puppymaroc.webmarocagency.com\/?s={search_term_string}"},"query-input":{"@type":"PropertyValueSpecification","valueRequired":true,"valueName":"search_term_string"}}],"inLanguage":"fr-FR"},{"@type":"Organization","@id":"https:\/\/puppymaroc.webmarocagency.com\/#organization","name":"puppymaroc.com","url":"https:\/\/puppymaroc.webmarocagency.com\/","logo":{"@type":"ImageObject","inLanguage":"fr-FR","@id":"https:\/\/puppymaroc.webmarocagency.com\/#\/schema\/logo\/image\/","url":"https:\/\/puppymaroc.webmarocagency.com\/wp-content\/uploads\/2024\/02\/cropped-cropped-puppy-maroc-logo-rmv-2.png","contentUrl":"https:\/\/puppymaroc.webmarocagency.com\/wp-content\/uploads\/2024\/02\/cropped-cropped-puppy-maroc-logo-rmv-2.png","width":958,"height":920,"caption":"puppymaroc.com"},"image":{"@id":"https:\/\/puppymaroc.webmarocagency.com\/#\/schema\/logo\/image\/"},"sameAs":["https:\/\/www.facebook.com\/PuppyMaroc?mibextid=ZbWKwL"]}]}},"_links":{"self":[{"href":"https:\/\/puppymaroc.webmarocagency.com\/index.php?rest_route=\/wp\/v2\/product\/2144","targetHints":{"allow":["GET"]}}],"collection":[{"href":"https:\/\/puppymaroc.webmarocagency.com\/index.php?rest_route=\/wp\/v2\/product"}],"about":[{"href":"https:\/\/puppymaroc.webmarocagency.com\/index.php?rest_route=\/wp\/v2\/types\/product"}],"replies":[{"embeddable":true,"href":"https:\/\/puppymaroc.webmarocagency.com\/index.php?rest_route=%2Fwp%2Fv2%2Fcomments&post=2144"}],"wp:featuredmedia":[{"embeddable":true,"href":"https:\/\/puppymaroc.webmarocagency.com\/index.php?rest_route=\/wp\/v2\/media\/2146"}],"wp:attachment":[{"href":"https:\/\/puppymaroc.webmarocagency.com\/index.php?rest_route=%2Fwp%2Fv2%2Fmedia&parent=2144"}],"wp:term":[{"taxonomy":"product_brand","embeddable":true,"href":"https:\/\/puppymaroc.webmarocagency.com\/index.php?rest_route=%2Fwp%2Fv2%2Fproduct_brand&post=2144"},{"taxonomy":"product_cat","embeddable":true,"href":"https:\/\/puppymaroc.webmarocagency.com\/index.php?rest_route=%2Fwp%2Fv2%2Fproduct_cat&post=2144"},{"taxonomy":"product_tag","embeddable":true,"href":"https:\/\/puppymaroc.webmarocagency.com\/index.php?rest_route=%2Fwp%2Fv2%2Fproduct_tag&post=2144"}],"curies":[{"name":"wp","href":"https:\/\/api.w.org\/{rel}","templated":true}]}}