{"id":2148,"date":"2024-09-20T21:29:14","date_gmt":"2024-09-20T20:29:14","guid":{"rendered":"https:\/\/puppymaroc.com\/?post_type=product&#038;p=2148"},"modified":"2024-09-20T21:35:32","modified_gmt":"2024-09-20T20:35:32","slug":"pro-plan-veterinary-diets-feline-gastrointestinal-15-kg","status":"publish","type":"product","link":"https:\/\/puppymaroc.webmarocagency.com\/?product=pro-plan-veterinary-diets-feline-gastrointestinal-15-kg","title":{"rendered":"Pro Plan\u00ae Veterinary Diets Feline Gastrointestinal &#8211; 1,5 Kg"},"content":{"rendered":"<div class=\"field__item\">\n<p><strong>Caract\u00e9ristiques<\/strong><\/p>\n<ul>\n<li>Digestibilit\u00e9 \u00e9lev\u00e9e Ingr\u00e9dients faciles \u00e0 dig\u00e9rer pour assurer une absorption optimale des nutriments et contribuer \u00e0 r\u00e9duire la charge de travail de l&rsquo;intestin.<\/li>\n<li>Nombre limit\u00e9 de sources de prot\u00e9ines Pour aider \u00e0 minimiser les r\u00e9actions intestinales ind\u00e9sirables.<\/li>\n<li>\u200bAjout de pr\u00e9biotiques (inuline) Pour aider \u00e0 am\u00e9liorer l&rsquo;\u00e9quilibre microbien et stimuler la croissance des bact\u00e9ries b\u00e9n\u00e9fiques.<\/li>\n<\/ul>\n<\/div>\n<div class=\"field__item\">\n<p>Aliment di\u00e9t\u00e9tique complet pour les chatons et les chats adultes souffrant de troubles digestifs.<\/p>\n<p>Les troubles digestifs peuvent \u00eatre une source d\u2019irritation de l\u2019estomac et des intestins et une mauvaise digestion risque d\u2019aggraver les sympt\u00f4mes. Un aliment hautement digestible garantit que votre chat recevra les nutriments dont il a besoin pour r\u00e9cup\u00e9rer. En pratique, un cas de diarrh\u00e9e chronique sur 2 ou 3 est susceptible de s\u2019am\u00e9liorer suite \u00e0 un simple changement d\u2019alimentation.<\/p>\n<p>Feline EN ST\/OX GASTROINTESTINAL est tr\u00e8s app\u00e9tent et digeste, pour aider \u00e0 lutter contre les affections gastro-intestinales et h\u00e9patiques chroniques (sans enc\u00e9phalopathie) chez les chats adultes et les chatons.<\/p>\n<p>Les troubles intestinaux sont souvent li\u00e9s \u00e0 une malabsorption et une mauvaise digestion ; Feline EN ST\/OX GASTROINTESTINAL contient des ingr\u00e9dients soigneusement s\u00e9lectionn\u00e9s, tr\u00e8s digestes, qui contribuent \u00e0 limiter la charge de travail de l&rsquo;intestin d\u00e9ficient et \u00e0 minimiser les r\u00e9actions gastro-intestinales ind\u00e9sirables.<\/p>\n<p>Il contient \u00e9galement un nombre limit\u00e9 de sources de prot\u00e9ines afin de minimiser les r\u00e9actions alimentaires.<\/p>\n<p>Feline EN ST\/OX GASTROINTESTINAL contient des pr\u00e9biotiques qui contribuent \u00e0 maintenir l&rsquo;appareil intestinal en bonne sant\u00e9.<\/p>\n<p>Tr\u00e8s app\u00e9tent, il pourra redonner de l&rsquo;app\u00e9tit aux chats souffrant de maladies intestinales.<\/p>\n<div class=\"field__item\">\n<p><strong>Ingr\u00e9dients<\/strong><\/p>\n<p>Prot\u00e9ines de soja en poudre*<br \/>\nProt\u00e9ines de poulet d\u00e9shydrat\u00e9es*<br \/>\nFarine de soja<br \/>\nAmidon de ma\u00efs*<br \/>\nGraisse de porc*<br \/>\nHydrolysat<br \/>\nSubstances min\u00e9rales<br \/>\nInuline de chicor\u00e9e (1,2 %)<br \/>\nHuile de poisson*<\/p>\n<p>*Sources d\u2019ingr\u00e9dients tr\u00e8s digestibles.<\/p>\n<\/div>\n<div class=\"field__item\">\n<p><strong>Nutrition et constituants analytiques<\/strong><\/p>\n<p>Prot\u00e9ine : 40,0 %<br \/>\nTeneur en mati\u00e8res grasses : 20,0 %<br \/>\nCendres brutes : 8,5 %<br \/>\nCellulose brute : 2,0 %<br \/>\nCalcium : 1,5 %<br \/>\nPhosphore : 1,3 %<br \/>\nSodium : 0,54 %<br \/>\nPotassium : 0,71 %<br \/>\nValeur \u00e9nerg\u00e9tique* : 4,15 kcal\/g<\/p>\n<p>*Calcul\u00e9e selon le NRC 2006<\/p>\n<p><strong>Additifs nutritionnels<\/strong><\/p>\n<p>&nbsp;<\/p>\n<p>UI\/kg :<br \/>\nVit A : 44 000 ;<br \/>\nVit D3 : 1 250 ;<br \/>\nVit E : 700.<\/p>\n<p>mg\/kg :<br \/>\nTaurine: 1 100 ;<br \/>\nSulfate de fer (II) monohydrat\u00e9 : (Fe : 120) ;<br \/>\nIodate de calcium anhydre : (I : 1,8) ;<br \/>\nSulfate de cuivre (II) pentahydrat\u00e9 : (Cu : 12) ;<br \/>\nSulfate manganeux monohydrat\u00e9 : (Mn : 44) ;<br \/>\nSulfate de zinc monohydrat\u00e9 : (Zn : 110) ;<br \/>\nS\u00e9l\u00e9nite de sodium : (Se : 0,13) ;<br \/>\nAdditifs technologiques:\u00a0Bentonite : 10 000.<\/p>\n<p>\u00c9nergie :<br \/>\nKcal\/g :<br \/>\n\u00c9nergie m\u00e9tabolisable (EM)* : 4,15.<\/p>\n<p>*Ces valeurs refl\u00e8tent les teneurs moyennes en nutriments dans le produit environ 9 mois apr\u00e8s sa production. Elles correspondent aux nutriments ajout\u00e9s et \u00e0 ceux naturellement pr\u00e9sents dans les ingr\u00e9dients de la formule.<\/p>\n<p><strong>Guide d&rsquo;alimentation<\/strong><\/p>\n<p>Mode d&#8217;emploi :<\/p>\n<p>Le tableau qui suit est donn\u00e9 \u00e0 titre indicatif uniquement. Adaptez-le pour maintenir le poids id\u00e9al de votre chat. Pour favoriser une bonne digestion, fractionnez la ration journali\u00e8re en plusieurs petits repas. Feline EN ST\/OX GASTROINTESTINAL est un aliment complet et \u00e9quilibr\u00e9 qui convient \u00e0 la fois aux chats adultes et aux chatons.<\/p>\n<p>Pour des chatons de 6 \u00e0 12 semaines, il peut \u00eatre n\u00e9cessaire de m\u00e9langer l\u2019aliment \u00e0 de l\u2019eau jusqu\u2019au sevrage d\u00e9finitif puis de diminuer progressivement la quantit\u00e9 de liquide ajout\u00e9. Votre v\u00e9t\u00e9rinaire peut vous conseiller sur la ration journali\u00e8re des chatons. Pensez \u00e0 laisser de l\u2019eau propre et fra\u00eeche disponible en permanence. Cet aliment ne doit \u00eatre utilis\u00e9 qu\u2019apr\u00e8s avis de votre v\u00e9t\u00e9rinaire.<\/p>\n<p>Quel est le poids de votre chat ?<\/p>\n<div class=\"table-wrapper\">\n<table>\n<tbody>\n<tr>\n<td class=\"text-align-center\"><strong>Poids adulte (kg)<\/strong><\/td>\n<td class=\"text-align-center\"><strong>g\/24h (croquettes)\u00a0<\/strong><\/td>\n<td class=\"text-align-center\"><strong>g\/24h (bo\u00eetes + croquettes)<\/strong><\/td>\n<\/tr>\n<tr>\n<td class=\"text-align-center\">+ 2 kg<\/td>\n<td class=\"text-align-center\">25 g<\/td>\n<td class=\"text-align-center\">1\/3 + 20 g<\/td>\n<\/tr>\n<tr>\n<td class=\"text-align-center\">3 kg<\/td>\n<td class=\"text-align-center\">40 g<\/td>\n<td class=\"text-align-center\">\u00bd + 30 g<\/td>\n<\/tr>\n<tr>\n<td class=\"text-align-center\">4 kg<\/td>\n<td class=\"text-align-center\">55 g<\/td>\n<td class=\"text-align-center\">1 + 30 g<\/td>\n<\/tr>\n<tr>\n<td class=\"text-align-center\">5 kg<\/td>\n<td class=\"text-align-center\">65 g<\/td>\n<td class=\"text-align-center\">1 + 45 g<\/td>\n<\/tr>\n<tr>\n<td class=\"text-align-center\">&gt; 5 kg<\/td>\n<td class=\"text-align-center\">+ 15 g par kg<\/td>\n<td class=\"text-align-center\">1 + 15 g par kg<\/td>\n<\/tr>\n<\/tbody>\n<\/table>\n<\/div>\n<\/div>\n<\/div>\n","protected":false},"excerpt":{"rendered":"<ul>\n<li>Digestibilit\u00e9 \u00e9lev\u00e9e Ingr\u00e9dients faciles \u00e0 dig\u00e9rer pour assurer une absorption optimale des nutriments et contribuer \u00e0 r\u00e9duire la charge de travail de l&rsquo;intestin.<\/li>\n<li>Nombre limit\u00e9 de sources de prot\u00e9ines Pour aider \u00e0 minimiser les r\u00e9actions intestinales ind\u00e9sirables.<\/li>\n<li>\u200bAjout de pr\u00e9biotiques (inuline) Pour aider \u00e0 am\u00e9liorer l&rsquo;\u00e9quilibre microbien et stimuler la croissance des bact\u00e9ries b\u00e9n\u00e9fiques.<\/li>\n<\/ul>\n","protected":false},"featured_media":2150,"comment_status":"open","ping_status":"closed","template":"","meta":[],"product_brand":[],"product_cat":[74],"product_tag":[],"class_list":{"0":"post-2148","1":"product","2":"type-product","3":"status-publish","4":"has-post-thumbnail","6":"product_cat-alimentation-2","8":"first","9":"instock","10":"sale","11":"shipping-taxable","12":"purchasable","13":"product-type-simple"},"yoast_head":"<!-- This site is optimized with the Yoast SEO plugin v25.8 - https:\/\/yoast.com\/wordpress\/plugins\/seo\/ -->\n<title>Pro Plan\u00ae Veterinary Diets Feline Gastrointestinal - 1,5 Kg - puppymaroc.com<\/title>\n<meta name=\"description\" content=\"Digestibilit\u00e9 \u00e9lev\u00e9e Ingr\u00e9dients faciles \u00e0 dig\u00e9rer pour assurer une absorption optimale des nutriments et contribuer \u00e0 r\u00e9duire la charge de travail de l&#039;intestin.Nombre limit\u00e9 de sources de prot\u00e9ines Pour aider \u00e0 minimiser les r\u00e9actions intestinales ind\u00e9sirables.\u200bAjout de pr\u00e9biotiques (inuline) Pour aider \u00e0 am\u00e9liorer l&#039;\u00e9quilibre microbien et stimuler la croissance des bact\u00e9ries b\u00e9n\u00e9fiques.\" \/>\n<meta name=\"robots\" content=\"index, follow, max-snippet:-1, max-image-preview:large, max-video-preview:-1\" \/>\n<link rel=\"canonical\" href=\"https:\/\/puppymaroc.webmarocagency.com\/?product=pro-plan-veterinary-diets-feline-gastrointestinal-15-kg\" \/>\n<meta property=\"og:locale\" content=\"fr_FR\" \/>\n<meta property=\"og:type\" content=\"article\" \/>\n<meta property=\"og:title\" content=\"Pro Plan\u00ae Veterinary Diets Feline Gastrointestinal - 1,5 Kg - puppymaroc.com\" \/>\n<meta property=\"og:description\" content=\"Digestibilit\u00e9 \u00e9lev\u00e9e Ingr\u00e9dients faciles \u00e0 dig\u00e9rer pour assurer une absorption optimale des nutriments et contribuer \u00e0 r\u00e9duire la charge de travail de l&#039;intestin.Nombre limit\u00e9 de sources de prot\u00e9ines Pour aider \u00e0 minimiser les r\u00e9actions intestinales ind\u00e9sirables.\u200bAjout de pr\u00e9biotiques (inuline) Pour aider \u00e0 am\u00e9liorer l&#039;\u00e9quilibre microbien et stimuler la croissance des bact\u00e9ries b\u00e9n\u00e9fiques.\" \/>\n<meta property=\"og:url\" content=\"https:\/\/puppymaroc.webmarocagency.com\/?product=pro-plan-veterinary-diets-feline-gastrointestinal-15-kg\" \/>\n<meta property=\"og:site_name\" content=\"puppymaroc.com\" \/>\n<meta property=\"article:publisher\" content=\"https:\/\/www.facebook.com\/PuppyMaroc?mibextid=ZbWKwL\" \/>\n<meta property=\"article:modified_time\" content=\"2024-09-20T20:35:32+00:00\" \/>\n<meta property=\"og:image\" content=\"https:\/\/puppymaroc.webmarocagency.com\/wp-content\/uploads\/2024\/09\/background-puppy-maroc-17.png\" \/>\n\t<meta property=\"og:image:width\" content=\"1080\" \/>\n\t<meta property=\"og:image:height\" content=\"1080\" \/>\n\t<meta property=\"og:image:type\" content=\"image\/png\" \/>\n<meta name=\"twitter:card\" content=\"summary_large_image\" \/>\n<meta name=\"twitter:label1\" content=\"Dur\u00e9e de lecture estim\u00e9e\" \/>\n\t<meta name=\"twitter:data1\" content=\"4 minutes\" \/>\n<script type=\"application\/ld+json\" class=\"yoast-schema-graph\">{\"@context\":\"https:\/\/schema.org\",\"@graph\":[{\"@type\":\"WebPage\",\"@id\":\"https:\/\/puppymaroc.webmarocagency.com\/?product=pro-plan-veterinary-diets-feline-gastrointestinal-15-kg\",\"url\":\"https:\/\/puppymaroc.webmarocagency.com\/?product=pro-plan-veterinary-diets-feline-gastrointestinal-15-kg\",\"name\":\"Pro Plan\u00ae Veterinary Diets Feline Gastrointestinal - 1,5 Kg - puppymaroc.com\",\"isPartOf\":{\"@id\":\"https:\/\/puppymaroc.webmarocagency.com\/#website\"},\"primaryImageOfPage\":{\"@id\":\"https:\/\/puppymaroc.webmarocagency.com\/?product=pro-plan-veterinary-diets-feline-gastrointestinal-15-kg#primaryimage\"},\"image\":{\"@id\":\"https:\/\/puppymaroc.webmarocagency.com\/?product=pro-plan-veterinary-diets-feline-gastrointestinal-15-kg#primaryimage\"},\"thumbnailUrl\":\"https:\/\/puppymaroc.webmarocagency.com\/wp-content\/uploads\/2024\/09\/background-puppy-maroc-17.png\",\"datePublished\":\"2024-09-20T20:29:14+00:00\",\"dateModified\":\"2024-09-20T20:35:32+00:00\",\"description\":\"Digestibilit\u00e9 \u00e9lev\u00e9e Ingr\u00e9dients faciles \u00e0 dig\u00e9rer pour assurer une absorption optimale des nutriments et contribuer \u00e0 r\u00e9duire la charge de travail de l'intestin.Nombre limit\u00e9 de sources de prot\u00e9ines Pour aider \u00e0 minimiser les r\u00e9actions intestinales ind\u00e9sirables.\u200bAjout de pr\u00e9biotiques (inuline) Pour aider \u00e0 am\u00e9liorer l'\u00e9quilibre microbien et stimuler la croissance des bact\u00e9ries b\u00e9n\u00e9fiques.\",\"breadcrumb\":{\"@id\":\"https:\/\/puppymaroc.webmarocagency.com\/?product=pro-plan-veterinary-diets-feline-gastrointestinal-15-kg#breadcrumb\"},\"inLanguage\":\"fr-FR\",\"potentialAction\":[{\"@type\":\"ReadAction\",\"target\":[\"https:\/\/puppymaroc.webmarocagency.com\/?product=pro-plan-veterinary-diets-feline-gastrointestinal-15-kg\"]}]},{\"@type\":\"ImageObject\",\"inLanguage\":\"fr-FR\",\"@id\":\"https:\/\/puppymaroc.webmarocagency.com\/?product=pro-plan-veterinary-diets-feline-gastrointestinal-15-kg#primaryimage\",\"url\":\"https:\/\/puppymaroc.webmarocagency.com\/wp-content\/uploads\/2024\/09\/background-puppy-maroc-17.png\",\"contentUrl\":\"https:\/\/puppymaroc.webmarocagency.com\/wp-content\/uploads\/2024\/09\/background-puppy-maroc-17.png\",\"width\":1080,\"height\":1080},{\"@type\":\"BreadcrumbList\",\"@id\":\"https:\/\/puppymaroc.webmarocagency.com\/?product=pro-plan-veterinary-diets-feline-gastrointestinal-15-kg#breadcrumb\",\"itemListElement\":[{\"@type\":\"ListItem\",\"position\":1,\"name\":\"Accueil\",\"item\":\"https:\/\/puppymaroc.webmarocagency.com\/\"},{\"@type\":\"ListItem\",\"position\":2,\"name\":\"Produit\",\"item\":\"https:\/\/puppymaroc.webmarocagency.com\/?page_id=1561\"},{\"@type\":\"ListItem\",\"position\":3,\"name\":\"Pro Plan\u00ae Veterinary Diets Feline Gastrointestinal &#8211; 1,5 Kg\"}]},{\"@type\":\"WebSite\",\"@id\":\"https:\/\/puppymaroc.webmarocagency.com\/#website\",\"url\":\"https:\/\/puppymaroc.webmarocagency.com\/\",\"name\":\"puppymaroc.com\",\"description\":\"puppymaroc\",\"publisher\":{\"@id\":\"https:\/\/puppymaroc.webmarocagency.com\/#organization\"},\"potentialAction\":[{\"@type\":\"SearchAction\",\"target\":{\"@type\":\"EntryPoint\",\"urlTemplate\":\"https:\/\/puppymaroc.webmarocagency.com\/?s={search_term_string}\"},\"query-input\":{\"@type\":\"PropertyValueSpecification\",\"valueRequired\":true,\"valueName\":\"search_term_string\"}}],\"inLanguage\":\"fr-FR\"},{\"@type\":\"Organization\",\"@id\":\"https:\/\/puppymaroc.webmarocagency.com\/#organization\",\"name\":\"puppymaroc.com\",\"url\":\"https:\/\/puppymaroc.webmarocagency.com\/\",\"logo\":{\"@type\":\"ImageObject\",\"inLanguage\":\"fr-FR\",\"@id\":\"https:\/\/puppymaroc.webmarocagency.com\/#\/schema\/logo\/image\/\",\"url\":\"https:\/\/puppymaroc.webmarocagency.com\/wp-content\/uploads\/2024\/02\/cropped-cropped-puppy-maroc-logo-rmv-2.png\",\"contentUrl\":\"https:\/\/puppymaroc.webmarocagency.com\/wp-content\/uploads\/2024\/02\/cropped-cropped-puppy-maroc-logo-rmv-2.png\",\"width\":958,\"height\":920,\"caption\":\"puppymaroc.com\"},\"image\":{\"@id\":\"https:\/\/puppymaroc.webmarocagency.com\/#\/schema\/logo\/image\/\"},\"sameAs\":[\"https:\/\/www.facebook.com\/PuppyMaroc?mibextid=ZbWKwL\"]}]}<\/script>\n<!-- \/ Yoast SEO plugin. -->","yoast_head_json":{"title":"Pro Plan\u00ae Veterinary Diets Feline Gastrointestinal - 1,5 Kg - puppymaroc.com","description":"Digestibilit\u00e9 \u00e9lev\u00e9e Ingr\u00e9dients faciles \u00e0 dig\u00e9rer pour assurer une absorption optimale des nutriments et contribuer \u00e0 r\u00e9duire la charge de travail de l'intestin.Nombre limit\u00e9 de sources de prot\u00e9ines Pour aider \u00e0 minimiser les r\u00e9actions intestinales ind\u00e9sirables.\u200bAjout de pr\u00e9biotiques (inuline) Pour aider \u00e0 am\u00e9liorer l'\u00e9quilibre microbien et stimuler la croissance des bact\u00e9ries b\u00e9n\u00e9fiques.","robots":{"index":"index","follow":"follow","max-snippet":"max-snippet:-1","max-image-preview":"max-image-preview:large","max-video-preview":"max-video-preview:-1"},"canonical":"https:\/\/puppymaroc.webmarocagency.com\/?product=pro-plan-veterinary-diets-feline-gastrointestinal-15-kg","og_locale":"fr_FR","og_type":"article","og_title":"Pro Plan\u00ae Veterinary Diets Feline Gastrointestinal - 1,5 Kg - puppymaroc.com","og_description":"Digestibilit\u00e9 \u00e9lev\u00e9e Ingr\u00e9dients faciles \u00e0 dig\u00e9rer pour assurer une absorption optimale des nutriments et contribuer \u00e0 r\u00e9duire la charge de travail de l'intestin.Nombre limit\u00e9 de sources de prot\u00e9ines Pour aider \u00e0 minimiser les r\u00e9actions intestinales ind\u00e9sirables.\u200bAjout de pr\u00e9biotiques (inuline) Pour aider \u00e0 am\u00e9liorer l'\u00e9quilibre microbien et stimuler la croissance des bact\u00e9ries b\u00e9n\u00e9fiques.","og_url":"https:\/\/puppymaroc.webmarocagency.com\/?product=pro-plan-veterinary-diets-feline-gastrointestinal-15-kg","og_site_name":"puppymaroc.com","article_publisher":"https:\/\/www.facebook.com\/PuppyMaroc?mibextid=ZbWKwL","article_modified_time":"2024-09-20T20:35:32+00:00","og_image":[{"width":1080,"height":1080,"url":"https:\/\/puppymaroc.webmarocagency.com\/wp-content\/uploads\/2024\/09\/background-puppy-maroc-17.png","type":"image\/png"}],"twitter_card":"summary_large_image","twitter_misc":{"Dur\u00e9e de lecture estim\u00e9e":"4 minutes"},"schema":{"@context":"https:\/\/schema.org","@graph":[{"@type":"WebPage","@id":"https:\/\/puppymaroc.webmarocagency.com\/?product=pro-plan-veterinary-diets-feline-gastrointestinal-15-kg","url":"https:\/\/puppymaroc.webmarocagency.com\/?product=pro-plan-veterinary-diets-feline-gastrointestinal-15-kg","name":"Pro Plan\u00ae Veterinary Diets Feline Gastrointestinal - 1,5 Kg - puppymaroc.com","isPartOf":{"@id":"https:\/\/puppymaroc.webmarocagency.com\/#website"},"primaryImageOfPage":{"@id":"https:\/\/puppymaroc.webmarocagency.com\/?product=pro-plan-veterinary-diets-feline-gastrointestinal-15-kg#primaryimage"},"image":{"@id":"https:\/\/puppymaroc.webmarocagency.com\/?product=pro-plan-veterinary-diets-feline-gastrointestinal-15-kg#primaryimage"},"thumbnailUrl":"https:\/\/puppymaroc.webmarocagency.com\/wp-content\/uploads\/2024\/09\/background-puppy-maroc-17.png","datePublished":"2024-09-20T20:29:14+00:00","dateModified":"2024-09-20T20:35:32+00:00","description":"Digestibilit\u00e9 \u00e9lev\u00e9e Ingr\u00e9dients faciles \u00e0 dig\u00e9rer pour assurer une absorption optimale des nutriments et contribuer \u00e0 r\u00e9duire la charge de travail de l'intestin.Nombre limit\u00e9 de sources de prot\u00e9ines Pour aider \u00e0 minimiser les r\u00e9actions intestinales ind\u00e9sirables.\u200bAjout de pr\u00e9biotiques (inuline) Pour aider \u00e0 am\u00e9liorer l'\u00e9quilibre microbien et stimuler la croissance des bact\u00e9ries b\u00e9n\u00e9fiques.","breadcrumb":{"@id":"https:\/\/puppymaroc.webmarocagency.com\/?product=pro-plan-veterinary-diets-feline-gastrointestinal-15-kg#breadcrumb"},"inLanguage":"fr-FR","potentialAction":[{"@type":"ReadAction","target":["https:\/\/puppymaroc.webmarocagency.com\/?product=pro-plan-veterinary-diets-feline-gastrointestinal-15-kg"]}]},{"@type":"ImageObject","inLanguage":"fr-FR","@id":"https:\/\/puppymaroc.webmarocagency.com\/?product=pro-plan-veterinary-diets-feline-gastrointestinal-15-kg#primaryimage","url":"https:\/\/puppymaroc.webmarocagency.com\/wp-content\/uploads\/2024\/09\/background-puppy-maroc-17.png","contentUrl":"https:\/\/puppymaroc.webmarocagency.com\/wp-content\/uploads\/2024\/09\/background-puppy-maroc-17.png","width":1080,"height":1080},{"@type":"BreadcrumbList","@id":"https:\/\/puppymaroc.webmarocagency.com\/?product=pro-plan-veterinary-diets-feline-gastrointestinal-15-kg#breadcrumb","itemListElement":[{"@type":"ListItem","position":1,"name":"Accueil","item":"https:\/\/puppymaroc.webmarocagency.com\/"},{"@type":"ListItem","position":2,"name":"Produit","item":"https:\/\/puppymaroc.webmarocagency.com\/?page_id=1561"},{"@type":"ListItem","position":3,"name":"Pro Plan\u00ae Veterinary Diets Feline Gastrointestinal &#8211; 1,5 Kg"}]},{"@type":"WebSite","@id":"https:\/\/puppymaroc.webmarocagency.com\/#website","url":"https:\/\/puppymaroc.webmarocagency.com\/","name":"puppymaroc.com","description":"puppymaroc","publisher":{"@id":"https:\/\/puppymaroc.webmarocagency.com\/#organization"},"potentialAction":[{"@type":"SearchAction","target":{"@type":"EntryPoint","urlTemplate":"https:\/\/puppymaroc.webmarocagency.com\/?s={search_term_string}"},"query-input":{"@type":"PropertyValueSpecification","valueRequired":true,"valueName":"search_term_string"}}],"inLanguage":"fr-FR"},{"@type":"Organization","@id":"https:\/\/puppymaroc.webmarocagency.com\/#organization","name":"puppymaroc.com","url":"https:\/\/puppymaroc.webmarocagency.com\/","logo":{"@type":"ImageObject","inLanguage":"fr-FR","@id":"https:\/\/puppymaroc.webmarocagency.com\/#\/schema\/logo\/image\/","url":"https:\/\/puppymaroc.webmarocagency.com\/wp-content\/uploads\/2024\/02\/cropped-cropped-puppy-maroc-logo-rmv-2.png","contentUrl":"https:\/\/puppymaroc.webmarocagency.com\/wp-content\/uploads\/2024\/02\/cropped-cropped-puppy-maroc-logo-rmv-2.png","width":958,"height":920,"caption":"puppymaroc.com"},"image":{"@id":"https:\/\/puppymaroc.webmarocagency.com\/#\/schema\/logo\/image\/"},"sameAs":["https:\/\/www.facebook.com\/PuppyMaroc?mibextid=ZbWKwL"]}]}},"_links":{"self":[{"href":"https:\/\/puppymaroc.webmarocagency.com\/index.php?rest_route=\/wp\/v2\/product\/2148","targetHints":{"allow":["GET"]}}],"collection":[{"href":"https:\/\/puppymaroc.webmarocagency.com\/index.php?rest_route=\/wp\/v2\/product"}],"about":[{"href":"https:\/\/puppymaroc.webmarocagency.com\/index.php?rest_route=\/wp\/v2\/types\/product"}],"replies":[{"embeddable":true,"href":"https:\/\/puppymaroc.webmarocagency.com\/index.php?rest_route=%2Fwp%2Fv2%2Fcomments&post=2148"}],"wp:featuredmedia":[{"embeddable":true,"href":"https:\/\/puppymaroc.webmarocagency.com\/index.php?rest_route=\/wp\/v2\/media\/2150"}],"wp:attachment":[{"href":"https:\/\/puppymaroc.webmarocagency.com\/index.php?rest_route=%2Fwp%2Fv2%2Fmedia&parent=2148"}],"wp:term":[{"taxonomy":"product_brand","embeddable":true,"href":"https:\/\/puppymaroc.webmarocagency.com\/index.php?rest_route=%2Fwp%2Fv2%2Fproduct_brand&post=2148"},{"taxonomy":"product_cat","embeddable":true,"href":"https:\/\/puppymaroc.webmarocagency.com\/index.php?rest_route=%2Fwp%2Fv2%2Fproduct_cat&post=2148"},{"taxonomy":"product_tag","embeddable":true,"href":"https:\/\/puppymaroc.webmarocagency.com\/index.php?rest_route=%2Fwp%2Fv2%2Fproduct_tag&post=2148"}],"curies":[{"name":"wp","href":"https:\/\/api.w.org\/{rel}","templated":true}]}}