{"id":2151,"date":"2024-09-20T21:36:56","date_gmt":"2024-09-20T20:36:56","guid":{"rendered":"https:\/\/puppymaroc.com\/?post_type=product&#038;p=2151"},"modified":"2024-09-20T21:39:43","modified_gmt":"2024-09-20T20:39:43","slug":"pro-plan-veterinary-diets-feline-urinary-poulet-15-kg","status":"publish","type":"product","link":"https:\/\/puppymaroc.webmarocagency.com\/?product=pro-plan-veterinary-diets-feline-urinary-poulet-15-kg","title":{"rendered":"Pro Plan\u00ae Veterinary Diets Feline Urinary Poulet 1,5 Kg"},"content":{"rendered":"<div class=\"field__item\">\n<p><strong>Caract\u00e9ristiques<\/strong><\/p>\n<ul>\n<li>Favorise la production d\u2019une urine sous-satur\u00e9e, limite le risque de formation de cristaux de struvite et d\u2019oxalate de calcium.<\/li>\n<li>Favorise une composition urinaire optimale pour aider \u00e0 dissoudre les calculs de struvite.<\/li>\n<li>\u200bNiveau mod\u00e9r\u00e9 de mati\u00e8res grasses et de calories pour aider \u00e0 maintenir un poids id\u00e9al (l\u2019ob\u00e9sit\u00e9 \u00e9tant un facteur de risque de MBAU).<\/li>\n<li>R\u00e9gime sec formul\u00e9 pour augmenter la consommation d&rsquo;eau et ainsi favoriser la dilution efficace de l&rsquo;urine, en r\u00e9duisant la concentration des min\u00e9raux et des agents irritants dans l&rsquo;urine.<\/li>\n<\/ul>\n<\/div>\n<div class=\"field__item\">\n<p>Aliment di\u00e9t\u00e9tique complet au poulet, destin\u00e9 aux chats souffrant d&rsquo;une Maladie du Bas Appareil Urinaire F\u00e9lin (MBAUF).<\/p>\n<p>Les Maladies du Bas Appareil Urinaire (MBAU) peuvent \u00eatre li\u00e9es \u00e0 la pr\u00e9sence de cristaux ou de calculs (souvent de struvite ou d&rsquo;oxalate de calcium) qui se forment dans l&rsquo;urine du chat, ou \u00e0 une inflammation de la vessie appel\u00e9e Cystite Idiopathique F\u00e9line (CIF). Quel qu&rsquo;en soit la cause, le chat concern\u00e9 peut pr\u00e9senter des difficult\u00e9s \u00e0 uriner, du sang dans les urines et\/ou un changement de comportement.<\/p>\n<p>Selon le type de calculs urinaires, ces derniers peuvent \u00eatre dissouts gr\u00e2ce \u00e0 un aliment sp\u00e9cialement formul\u00e9 pour aider \u00e0 dissoudre les calculs de struvite existants (tel que PURINA PRO PLAN VETERINARY DIETS Feline UR ST\/OX URINARY) ou doivent \u00eatre extraits chirurgicalement.<\/p>\n<p>Les MBAU sont souvent r\u00e9currentes et votre v\u00e9t\u00e9rinaire pourra vous donner des conseils afin de limiter les risques de r\u00e9cidive.<\/p>\n<p>PURINA\u00ae PRO PLAN\u00ae VETERINARY DIETS Feline UR ST\/OX URINARY a \u00e9t\u00e9 formul\u00e9 scientifiquement pour :<br \/>\n\u2022 Aider \u00e0 la dissolution des cristaux et des calculs de struvite<br \/>\n\u2022 Contribuer \u00e0 pr\u00e9venir la formation\/r\u00e9cidive de calculs de struvite<br \/>\n\u2022 Contribuer \u00e0 r\u00e9duire la r\u00e9cidive de calculs d&rsquo;oxalate<br \/>\n\u2022 Faciliter la prise en charge nutritionnelle de la cystite idiopathique f\u00e9line en augmentant la consommation d&rsquo;eau du chat et en augmentant le volume d&rsquo;urine produite.<\/p>\n<p>Feline UR ST\/OX URINARY contient des nutriments, tels que des acides gras om\u00e9ga 3 et une source naturelle de glycosaminoglycanes qui contribuent au bon fonctionnement de l&rsquo;appareil urinaire.<\/p>\n<p>Gr\u00e2ce \u00e0 sa teneur mod\u00e9r\u00e9e en mati\u00e8res grasses et en calories, il contribue au maintien d&rsquo;un poids id\u00e9al, l&rsquo;ob\u00e9sit\u00e9 \u00e9tant un facteur de risque des MBAUF.<\/p>\n<p>Feline UR ST\/OX URINARY est un aliment di\u00e9t\u00e9tique disponible en plusieurs saveurs et hautement app\u00e9tent afin de favoriser l&rsquo;acceptance sur le long terme.<\/p>\n<div class=\"field__item\">\n<p><strong>Ingr\u00e9dients<\/strong><\/p>\n<p>Riz<br \/>\nFarine de bl\u00e9<br \/>\nProt\u00e9ines de volaille d\u00e9shydrat\u00e9es (16 %, dont poulet 50 %)<br \/>\nFarine de prot\u00e9ines de ma\u00efs<br \/>\nProt\u00e9ines de pois<br \/>\n\u0152ufs d\u00e9shydrat\u00e9s<br \/>\nSubstances min\u00e9rales<br \/>\nPulpe de betterave d\u00e9shydrat\u00e9e<br \/>\nGraisse de porc<br \/>\nHydrolysat<br \/>\nMa\u00efs<br \/>\nHuile de poisson<br \/>\nSubstance acidifiant l&rsquo;urine: acide phosphorique<\/p>\n<\/div>\n<div class=\"field__item\">\n<p><strong>Nutrition et constituants analytiques<\/strong><\/p>\n<p>Humidit\u00e9 : 6,5 %<br \/>\nProt\u00e9ine : 35 %<br \/>\nTeneur en mati\u00e8res grasses : 12 %<br \/>\nCellulose brute : 1,5 %<br \/>\nCendres brutes : 8 %<br \/>\nCalcium : 0,9 %<br \/>\nPhosphore : 0,9 %<br \/>\nSodium : 1,2 %<br \/>\nPotassium : 0.7 %<br \/>\nMagn\u00e9sium : 0,08 %<br \/>\nChlorures : 2,4 %<br \/>\nSoufre : 0,3 %<br \/>\nTaurine : 1500 mg\/kg<\/p>\n<p>\u00c9nergie m\u00e9tabolisable* : 3,8 kcal\/g Valeur RSS struvite &lt; 1 Valeur RSS oxalate &lt; 10 pH urinaire 6 \u2013 6,3.<\/p>\n<p>*Calcul\u00e9e selon le NRC 2006.<br \/>\n*Moyenne pour les deux vari\u00e9t\u00e9s.<br \/>\n*Ces valeurs refl\u00e8tent les teneurs moyennes en nutriments dans le produit environ 9 mois apr\u00e8s sa production. Elles correspondent aux nutriments ajout\u00e9s et \u00e0 ceux naturellement pr\u00e9sents dans les ingr\u00e9dients de la formule.<\/p>\n<p><strong>Additifs nutritionnels<\/strong><\/p>\n<p>UI\/kg :<br \/>\nVit A : 33 000 ;<br \/>\nVit D3 : 1 050 ;<br \/>\nVit E : 700.<\/p>\n<p>mg\/kg :<br \/>\nSulfate de fer (II) monohydrat\u00e9 (Fe) : 110 ;<br \/>\nIodate de calcium anhydre (I) : 1,7 ;<br \/>\nSulfate de cuivre (II) pentahydrat\u00e9 (Cu) : 11 ;<br \/>\nSulfate manganeux monohydrat\u00e9 (Mn) : 41 ;<br \/>\nSulfate de zinc monohydrat\u00e9 (Zn) : 100 ;<br \/>\nS\u00e9l\u00e9nite de sodium (Se) : 0,12.<\/p>\n<p><strong>Guide d&rsquo;alimentation<\/strong><\/p>\n<p>Le tableau qui suit est donn\u00e9 \u00e0 titre indicatif seulement. Adaptez-le pour maintenir le poids id\u00e9al de votre chat. Pensez \u00e0 laisser de l\u2019eau propre et fra\u00eeche disponible en permanence. Avant utilisation ou avant prolongation de la dur\u00e9e d\u2019utilisation, il est recommand\u00e9 de demander l\u2019avis d\u2019un v\u00e9t\u00e9rinaire.<\/p>\n<p>Toutes les indications de PURINA\u00ae PRO PLAN\u00ae VETERINARY DIETS mentionn\u00e9es sont pour la prise en charge nutritionnelle des chats selon les troubles \u00e9num\u00e9r\u00e9s et ne font pas obstacle \u00e0 la gestion m\u00e9dicamenteuse du cas.<\/p>\n<p>Quel est le poids de votre chat ?<\/p>\n<div class=\"table-wrapper\">\n<table>\n<tbody>\n<tr>\n<td class=\"text-align-center\"><strong>Poids adulte (kg)<\/strong><\/td>\n<td class=\"text-align-center\"><strong>g\/24h (croquettes)<\/strong><\/td>\n<td class=\"text-align-center\"><strong>g\/24h (bo\u00eetes + croquettes)<\/strong><\/td>\n<\/tr>\n<tr>\n<td class=\"text-align-center\">2 kg<\/td>\n<td class=\"text-align-center\">30 g<\/td>\n<td class=\"text-align-center\">1\/3 + 25\u00a0g<\/td>\n<\/tr>\n<tr>\n<td class=\"text-align-center\">3 kg<\/td>\n<td class=\"text-align-center\">45 g<\/td>\n<td class=\"text-align-center\">1\/2 + 35\u00a0g<\/td>\n<\/tr>\n<tr>\n<td class=\"text-align-center\">4 kg<\/td>\n<td class=\"text-align-center\">60 g<\/td>\n<td class=\"text-align-center\">1 + 40 g<\/td>\n<\/tr>\n<tr>\n<td class=\"text-align-center\">5 kg<\/td>\n<td class=\"text-align-center\">75 g<\/td>\n<td class=\"text-align-center\">1 + 55\u00a0g<\/td>\n<\/tr>\n<tr>\n<td class=\"text-align-center\">&gt; 5 kg<\/td>\n<td class=\"text-align-center\">\u00a0+ 15 g par kg<\/td>\n<td class=\"text-align-center\">1 + 15 g par kg<\/td>\n<\/tr>\n<\/tbody>\n<\/table>\n<\/div>\n<\/div>\n<\/div>\n","protected":false},"excerpt":{"rendered":"<ul>\n<li>Favorise la production d\u2019une urine sous-satur\u00e9e, limite le risque de formation de cristaux de struvite et d\u2019oxalate de calcium.<\/li>\n<li>Favorise une composition urinaire optimale pour aider \u00e0 dissoudre les calculs de struvite.<\/li>\n<li>\u200bNiveau mod\u00e9r\u00e9 de mati\u00e8res grasses et de calories pour aider \u00e0 maintenir un poids id\u00e9al (l\u2019ob\u00e9sit\u00e9 \u00e9tant un facteur de risque de MBAU).<\/li>\n<li>R\u00e9gime sec formul\u00e9 pour augmenter la consommation d&rsquo;eau et ainsi favoriser la dilution efficace de l&rsquo;urine, en r\u00e9duisant la concentration des min\u00e9raux et des agents irritants dans l&rsquo;urine.<\/li>\n<\/ul>\n","protected":false},"featured_media":2154,"comment_status":"open","ping_status":"closed","template":"","meta":[],"product_brand":[],"product_cat":[74],"product_tag":[],"class_list":{"0":"post-2151","1":"product","2":"type-product","3":"status-publish","4":"has-post-thumbnail","6":"product_cat-alimentation-2","8":"first","9":"instock","10":"sale","11":"shipping-taxable","12":"purchasable","13":"product-type-simple"},"yoast_head":"<!-- This site is optimized with the Yoast SEO plugin v25.8 - https:\/\/yoast.com\/wordpress\/plugins\/seo\/ -->\n<title>Pro Plan\u00ae Veterinary Diets Feline Urinary Poulet 1,5 Kg - puppymaroc.com<\/title>\n<meta name=\"description\" content=\"Favorise la production d\u2019une urine sous-satur\u00e9e, limite le risque de formation de cristaux de struvite et d\u2019oxalate de calcium.Favorise une composition urinaire optimale pour aider \u00e0 dissoudre les calculs de struvite.\u200bNiveau mod\u00e9r\u00e9 de mati\u00e8res grasses et de calories pour aider \u00e0 maintenir un poids id\u00e9al (l\u2019ob\u00e9sit\u00e9 \u00e9tant un facteur de risque de MBAU).R\u00e9gime sec formul\u00e9 pour augmenter la consommation d&#039;eau et ainsi favoriser la dilution efficace de l&#039;urine, en r\u00e9duisant la concentration des min\u00e9raux et des agents irritants dans l&#039;urine.\" \/>\n<meta name=\"robots\" content=\"index, follow, max-snippet:-1, max-image-preview:large, max-video-preview:-1\" \/>\n<link rel=\"canonical\" href=\"https:\/\/puppymaroc.webmarocagency.com\/?product=pro-plan-veterinary-diets-feline-urinary-poulet-15-kg\" \/>\n<meta property=\"og:locale\" content=\"fr_FR\" \/>\n<meta property=\"og:type\" content=\"article\" \/>\n<meta property=\"og:title\" content=\"Pro Plan\u00ae Veterinary Diets Feline Urinary Poulet 1,5 Kg - puppymaroc.com\" \/>\n<meta property=\"og:description\" content=\"Favorise la production d\u2019une urine sous-satur\u00e9e, limite le risque de formation de cristaux de struvite et d\u2019oxalate de calcium.Favorise une composition urinaire optimale pour aider \u00e0 dissoudre les calculs de struvite.\u200bNiveau mod\u00e9r\u00e9 de mati\u00e8res grasses et de calories pour aider \u00e0 maintenir un poids id\u00e9al (l\u2019ob\u00e9sit\u00e9 \u00e9tant un facteur de risque de MBAU).R\u00e9gime sec formul\u00e9 pour augmenter la consommation d&#039;eau et ainsi favoriser la dilution efficace de l&#039;urine, en r\u00e9duisant la concentration des min\u00e9raux et des agents irritants dans l&#039;urine.\" \/>\n<meta property=\"og:url\" content=\"https:\/\/puppymaroc.webmarocagency.com\/?product=pro-plan-veterinary-diets-feline-urinary-poulet-15-kg\" \/>\n<meta property=\"og:site_name\" content=\"puppymaroc.com\" \/>\n<meta property=\"article:publisher\" content=\"https:\/\/www.facebook.com\/PuppyMaroc?mibextid=ZbWKwL\" \/>\n<meta property=\"article:modified_time\" content=\"2024-09-20T20:39:43+00:00\" \/>\n<meta property=\"og:image\" content=\"https:\/\/puppymaroc.webmarocagency.com\/wp-content\/uploads\/2024\/09\/background-puppy-maroc-18.png\" \/>\n\t<meta property=\"og:image:width\" content=\"1080\" \/>\n\t<meta property=\"og:image:height\" content=\"1080\" \/>\n\t<meta property=\"og:image:type\" content=\"image\/png\" \/>\n<meta name=\"twitter:card\" content=\"summary_large_image\" \/>\n<meta name=\"twitter:label1\" content=\"Dur\u00e9e de lecture estim\u00e9e\" \/>\n\t<meta name=\"twitter:data1\" content=\"4 minutes\" \/>\n<script type=\"application\/ld+json\" class=\"yoast-schema-graph\">{\"@context\":\"https:\/\/schema.org\",\"@graph\":[{\"@type\":\"WebPage\",\"@id\":\"https:\/\/puppymaroc.webmarocagency.com\/?product=pro-plan-veterinary-diets-feline-urinary-poulet-15-kg\",\"url\":\"https:\/\/puppymaroc.webmarocagency.com\/?product=pro-plan-veterinary-diets-feline-urinary-poulet-15-kg\",\"name\":\"Pro Plan\u00ae Veterinary Diets Feline Urinary Poulet 1,5 Kg - puppymaroc.com\",\"isPartOf\":{\"@id\":\"https:\/\/puppymaroc.webmarocagency.com\/#website\"},\"primaryImageOfPage\":{\"@id\":\"https:\/\/puppymaroc.webmarocagency.com\/?product=pro-plan-veterinary-diets-feline-urinary-poulet-15-kg#primaryimage\"},\"image\":{\"@id\":\"https:\/\/puppymaroc.webmarocagency.com\/?product=pro-plan-veterinary-diets-feline-urinary-poulet-15-kg#primaryimage\"},\"thumbnailUrl\":\"https:\/\/puppymaroc.webmarocagency.com\/wp-content\/uploads\/2024\/09\/background-puppy-maroc-18.png\",\"datePublished\":\"2024-09-20T20:36:56+00:00\",\"dateModified\":\"2024-09-20T20:39:43+00:00\",\"description\":\"Favorise la production d\u2019une urine sous-satur\u00e9e, limite le risque de formation de cristaux de struvite et d\u2019oxalate de calcium.Favorise une composition urinaire optimale pour aider \u00e0 dissoudre les calculs de struvite.\u200bNiveau mod\u00e9r\u00e9 de mati\u00e8res grasses et de calories pour aider \u00e0 maintenir un poids id\u00e9al (l\u2019ob\u00e9sit\u00e9 \u00e9tant un facteur de risque de MBAU).R\u00e9gime sec formul\u00e9 pour augmenter la consommation d'eau et ainsi favoriser la dilution efficace de l'urine, en r\u00e9duisant la concentration des min\u00e9raux et des agents irritants dans l'urine.\",\"breadcrumb\":{\"@id\":\"https:\/\/puppymaroc.webmarocagency.com\/?product=pro-plan-veterinary-diets-feline-urinary-poulet-15-kg#breadcrumb\"},\"inLanguage\":\"fr-FR\",\"potentialAction\":[{\"@type\":\"ReadAction\",\"target\":[\"https:\/\/puppymaroc.webmarocagency.com\/?product=pro-plan-veterinary-diets-feline-urinary-poulet-15-kg\"]}]},{\"@type\":\"ImageObject\",\"inLanguage\":\"fr-FR\",\"@id\":\"https:\/\/puppymaroc.webmarocagency.com\/?product=pro-plan-veterinary-diets-feline-urinary-poulet-15-kg#primaryimage\",\"url\":\"https:\/\/puppymaroc.webmarocagency.com\/wp-content\/uploads\/2024\/09\/background-puppy-maroc-18.png\",\"contentUrl\":\"https:\/\/puppymaroc.webmarocagency.com\/wp-content\/uploads\/2024\/09\/background-puppy-maroc-18.png\",\"width\":1080,\"height\":1080},{\"@type\":\"BreadcrumbList\",\"@id\":\"https:\/\/puppymaroc.webmarocagency.com\/?product=pro-plan-veterinary-diets-feline-urinary-poulet-15-kg#breadcrumb\",\"itemListElement\":[{\"@type\":\"ListItem\",\"position\":1,\"name\":\"Accueil\",\"item\":\"https:\/\/puppymaroc.webmarocagency.com\/\"},{\"@type\":\"ListItem\",\"position\":2,\"name\":\"Produit\",\"item\":\"https:\/\/puppymaroc.webmarocagency.com\/?page_id=1561\"},{\"@type\":\"ListItem\",\"position\":3,\"name\":\"Pro Plan\u00ae Veterinary Diets Feline Urinary Poulet 1,5 Kg\"}]},{\"@type\":\"WebSite\",\"@id\":\"https:\/\/puppymaroc.webmarocagency.com\/#website\",\"url\":\"https:\/\/puppymaroc.webmarocagency.com\/\",\"name\":\"puppymaroc.com\",\"description\":\"puppymaroc\",\"publisher\":{\"@id\":\"https:\/\/puppymaroc.webmarocagency.com\/#organization\"},\"potentialAction\":[{\"@type\":\"SearchAction\",\"target\":{\"@type\":\"EntryPoint\",\"urlTemplate\":\"https:\/\/puppymaroc.webmarocagency.com\/?s={search_term_string}\"},\"query-input\":{\"@type\":\"PropertyValueSpecification\",\"valueRequired\":true,\"valueName\":\"search_term_string\"}}],\"inLanguage\":\"fr-FR\"},{\"@type\":\"Organization\",\"@id\":\"https:\/\/puppymaroc.webmarocagency.com\/#organization\",\"name\":\"puppymaroc.com\",\"url\":\"https:\/\/puppymaroc.webmarocagency.com\/\",\"logo\":{\"@type\":\"ImageObject\",\"inLanguage\":\"fr-FR\",\"@id\":\"https:\/\/puppymaroc.webmarocagency.com\/#\/schema\/logo\/image\/\",\"url\":\"https:\/\/puppymaroc.webmarocagency.com\/wp-content\/uploads\/2024\/02\/cropped-cropped-puppy-maroc-logo-rmv-2.png\",\"contentUrl\":\"https:\/\/puppymaroc.webmarocagency.com\/wp-content\/uploads\/2024\/02\/cropped-cropped-puppy-maroc-logo-rmv-2.png\",\"width\":958,\"height\":920,\"caption\":\"puppymaroc.com\"},\"image\":{\"@id\":\"https:\/\/puppymaroc.webmarocagency.com\/#\/schema\/logo\/image\/\"},\"sameAs\":[\"https:\/\/www.facebook.com\/PuppyMaroc?mibextid=ZbWKwL\"]}]}<\/script>\n<!-- \/ Yoast SEO plugin. -->","yoast_head_json":{"title":"Pro Plan\u00ae Veterinary Diets Feline Urinary Poulet 1,5 Kg - puppymaroc.com","description":"Favorise la production d\u2019une urine sous-satur\u00e9e, limite le risque de formation de cristaux de struvite et d\u2019oxalate de calcium.Favorise une composition urinaire optimale pour aider \u00e0 dissoudre les calculs de struvite.\u200bNiveau mod\u00e9r\u00e9 de mati\u00e8res grasses et de calories pour aider \u00e0 maintenir un poids id\u00e9al (l\u2019ob\u00e9sit\u00e9 \u00e9tant un facteur de risque de MBAU).R\u00e9gime sec formul\u00e9 pour augmenter la consommation d'eau et ainsi favoriser la dilution efficace de l'urine, en r\u00e9duisant la concentration des min\u00e9raux et des agents irritants dans l'urine.","robots":{"index":"index","follow":"follow","max-snippet":"max-snippet:-1","max-image-preview":"max-image-preview:large","max-video-preview":"max-video-preview:-1"},"canonical":"https:\/\/puppymaroc.webmarocagency.com\/?product=pro-plan-veterinary-diets-feline-urinary-poulet-15-kg","og_locale":"fr_FR","og_type":"article","og_title":"Pro Plan\u00ae Veterinary Diets Feline Urinary Poulet 1,5 Kg - puppymaroc.com","og_description":"Favorise la production d\u2019une urine sous-satur\u00e9e, limite le risque de formation de cristaux de struvite et d\u2019oxalate de calcium.Favorise une composition urinaire optimale pour aider \u00e0 dissoudre les calculs de struvite.\u200bNiveau mod\u00e9r\u00e9 de mati\u00e8res grasses et de calories pour aider \u00e0 maintenir un poids id\u00e9al (l\u2019ob\u00e9sit\u00e9 \u00e9tant un facteur de risque de MBAU).R\u00e9gime sec formul\u00e9 pour augmenter la consommation d'eau et ainsi favoriser la dilution efficace de l'urine, en r\u00e9duisant la concentration des min\u00e9raux et des agents irritants dans l'urine.","og_url":"https:\/\/puppymaroc.webmarocagency.com\/?product=pro-plan-veterinary-diets-feline-urinary-poulet-15-kg","og_site_name":"puppymaroc.com","article_publisher":"https:\/\/www.facebook.com\/PuppyMaroc?mibextid=ZbWKwL","article_modified_time":"2024-09-20T20:39:43+00:00","og_image":[{"width":1080,"height":1080,"url":"https:\/\/puppymaroc.webmarocagency.com\/wp-content\/uploads\/2024\/09\/background-puppy-maroc-18.png","type":"image\/png"}],"twitter_card":"summary_large_image","twitter_misc":{"Dur\u00e9e de lecture estim\u00e9e":"4 minutes"},"schema":{"@context":"https:\/\/schema.org","@graph":[{"@type":"WebPage","@id":"https:\/\/puppymaroc.webmarocagency.com\/?product=pro-plan-veterinary-diets-feline-urinary-poulet-15-kg","url":"https:\/\/puppymaroc.webmarocagency.com\/?product=pro-plan-veterinary-diets-feline-urinary-poulet-15-kg","name":"Pro Plan\u00ae Veterinary Diets Feline Urinary Poulet 1,5 Kg - puppymaroc.com","isPartOf":{"@id":"https:\/\/puppymaroc.webmarocagency.com\/#website"},"primaryImageOfPage":{"@id":"https:\/\/puppymaroc.webmarocagency.com\/?product=pro-plan-veterinary-diets-feline-urinary-poulet-15-kg#primaryimage"},"image":{"@id":"https:\/\/puppymaroc.webmarocagency.com\/?product=pro-plan-veterinary-diets-feline-urinary-poulet-15-kg#primaryimage"},"thumbnailUrl":"https:\/\/puppymaroc.webmarocagency.com\/wp-content\/uploads\/2024\/09\/background-puppy-maroc-18.png","datePublished":"2024-09-20T20:36:56+00:00","dateModified":"2024-09-20T20:39:43+00:00","description":"Favorise la production d\u2019une urine sous-satur\u00e9e, limite le risque de formation de cristaux de struvite et d\u2019oxalate de calcium.Favorise une composition urinaire optimale pour aider \u00e0 dissoudre les calculs de struvite.\u200bNiveau mod\u00e9r\u00e9 de mati\u00e8res grasses et de calories pour aider \u00e0 maintenir un poids id\u00e9al (l\u2019ob\u00e9sit\u00e9 \u00e9tant un facteur de risque de MBAU).R\u00e9gime sec formul\u00e9 pour augmenter la consommation d'eau et ainsi favoriser la dilution efficace de l'urine, en r\u00e9duisant la concentration des min\u00e9raux et des agents irritants dans l'urine.","breadcrumb":{"@id":"https:\/\/puppymaroc.webmarocagency.com\/?product=pro-plan-veterinary-diets-feline-urinary-poulet-15-kg#breadcrumb"},"inLanguage":"fr-FR","potentialAction":[{"@type":"ReadAction","target":["https:\/\/puppymaroc.webmarocagency.com\/?product=pro-plan-veterinary-diets-feline-urinary-poulet-15-kg"]}]},{"@type":"ImageObject","inLanguage":"fr-FR","@id":"https:\/\/puppymaroc.webmarocagency.com\/?product=pro-plan-veterinary-diets-feline-urinary-poulet-15-kg#primaryimage","url":"https:\/\/puppymaroc.webmarocagency.com\/wp-content\/uploads\/2024\/09\/background-puppy-maroc-18.png","contentUrl":"https:\/\/puppymaroc.webmarocagency.com\/wp-content\/uploads\/2024\/09\/background-puppy-maroc-18.png","width":1080,"height":1080},{"@type":"BreadcrumbList","@id":"https:\/\/puppymaroc.webmarocagency.com\/?product=pro-plan-veterinary-diets-feline-urinary-poulet-15-kg#breadcrumb","itemListElement":[{"@type":"ListItem","position":1,"name":"Accueil","item":"https:\/\/puppymaroc.webmarocagency.com\/"},{"@type":"ListItem","position":2,"name":"Produit","item":"https:\/\/puppymaroc.webmarocagency.com\/?page_id=1561"},{"@type":"ListItem","position":3,"name":"Pro Plan\u00ae Veterinary Diets Feline Urinary Poulet 1,5 Kg"}]},{"@type":"WebSite","@id":"https:\/\/puppymaroc.webmarocagency.com\/#website","url":"https:\/\/puppymaroc.webmarocagency.com\/","name":"puppymaroc.com","description":"puppymaroc","publisher":{"@id":"https:\/\/puppymaroc.webmarocagency.com\/#organization"},"potentialAction":[{"@type":"SearchAction","target":{"@type":"EntryPoint","urlTemplate":"https:\/\/puppymaroc.webmarocagency.com\/?s={search_term_string}"},"query-input":{"@type":"PropertyValueSpecification","valueRequired":true,"valueName":"search_term_string"}}],"inLanguage":"fr-FR"},{"@type":"Organization","@id":"https:\/\/puppymaroc.webmarocagency.com\/#organization","name":"puppymaroc.com","url":"https:\/\/puppymaroc.webmarocagency.com\/","logo":{"@type":"ImageObject","inLanguage":"fr-FR","@id":"https:\/\/puppymaroc.webmarocagency.com\/#\/schema\/logo\/image\/","url":"https:\/\/puppymaroc.webmarocagency.com\/wp-content\/uploads\/2024\/02\/cropped-cropped-puppy-maroc-logo-rmv-2.png","contentUrl":"https:\/\/puppymaroc.webmarocagency.com\/wp-content\/uploads\/2024\/02\/cropped-cropped-puppy-maroc-logo-rmv-2.png","width":958,"height":920,"caption":"puppymaroc.com"},"image":{"@id":"https:\/\/puppymaroc.webmarocagency.com\/#\/schema\/logo\/image\/"},"sameAs":["https:\/\/www.facebook.com\/PuppyMaroc?mibextid=ZbWKwL"]}]}},"_links":{"self":[{"href":"https:\/\/puppymaroc.webmarocagency.com\/index.php?rest_route=\/wp\/v2\/product\/2151","targetHints":{"allow":["GET"]}}],"collection":[{"href":"https:\/\/puppymaroc.webmarocagency.com\/index.php?rest_route=\/wp\/v2\/product"}],"about":[{"href":"https:\/\/puppymaroc.webmarocagency.com\/index.php?rest_route=\/wp\/v2\/types\/product"}],"replies":[{"embeddable":true,"href":"https:\/\/puppymaroc.webmarocagency.com\/index.php?rest_route=%2Fwp%2Fv2%2Fcomments&post=2151"}],"wp:featuredmedia":[{"embeddable":true,"href":"https:\/\/puppymaroc.webmarocagency.com\/index.php?rest_route=\/wp\/v2\/media\/2154"}],"wp:attachment":[{"href":"https:\/\/puppymaroc.webmarocagency.com\/index.php?rest_route=%2Fwp%2Fv2%2Fmedia&parent=2151"}],"wp:term":[{"taxonomy":"product_brand","embeddable":true,"href":"https:\/\/puppymaroc.webmarocagency.com\/index.php?rest_route=%2Fwp%2Fv2%2Fproduct_brand&post=2151"},{"taxonomy":"product_cat","embeddable":true,"href":"https:\/\/puppymaroc.webmarocagency.com\/index.php?rest_route=%2Fwp%2Fv2%2Fproduct_cat&post=2151"},{"taxonomy":"product_tag","embeddable":true,"href":"https:\/\/puppymaroc.webmarocagency.com\/index.php?rest_route=%2Fwp%2Fv2%2Fproduct_tag&post=2151"}],"curies":[{"name":"wp","href":"https:\/\/api.w.org\/{rel}","templated":true}]}}