{"id":2161,"date":"2024-09-20T22:04:53","date_gmt":"2024-09-20T21:04:53","guid":{"rendered":"https:\/\/puppymaroc.com\/?post_type=product&#038;p=2161"},"modified":"2024-09-20T22:14:05","modified_gmt":"2024-09-20T21:14:05","slug":"pro-plan-medium-puppy-poulet-12-kg","status":"publish","type":"product","link":"https:\/\/puppymaroc.webmarocagency.com\/?product=pro-plan-medium-puppy-poulet-12-kg","title":{"rendered":"PRO PLAN\u00ae MEDIUM PUPPY &#8211; POULET 12 kg"},"content":{"rendered":"<div class=\"field__item\">\n<p><strong>Caract\u00e9ristiques<\/strong><\/p>\n<ul>\n<li>Enrichi en colostrum pour aider \u00e0 renforcer la r\u00e9ponse immunitaire des chiots jusqu&rsquo;\u00e0 50\u00a0% de plus.<\/li>\n<li>Une combinaison adapt\u00e9e des teneurs en prot\u00e9ines et en Mati\u00e8res grasses : pour favoriser une croissance saine et une bonne sant\u00e9 \u00e0 long terme.<\/li>\n<li>Une combinaison de nutriments essentiels pour aider \u00e0 soutenir la bonne sant\u00e9 des articulations de votre chiot.<\/li>\n<li>Energie adapt\u00e9e au m\u00e9tabolisme plus actif de votre chiot.<\/li>\n<li>Poulet de haute qualit\u00e9 en ingr\u00e9dient N\u00b01.<\/li>\n<\/ul>\n<\/div>\n<div class=\"field__item\">\n<p>Aliment complet pour chiots de taille moyenne.<br \/>\nEnrichi en Colostrum, pour aider \u00e0 renforcer les d\u00e9fenses naturelles du chiot pour mieux relever les d\u00e9fis du quotidien. Convient \u00e9galement aux chiennes en gestation ou en lactation.<\/p>\n<div class=\"field__item\">\n<p><strong>Ingr\u00e9dients<\/strong><\/p>\n<p>Poulet de haute qualit\u00e9 (20 %) (dont dos et coffre)<br \/>\nBl\u00e9<br \/>\nProt\u00e9ines de volaille d\u00e9shydrat\u00e9es<br \/>\nGraisses animales<br \/>\nRiz (8 %)<br \/>\nFarine de soja<br \/>\nFarine de prot\u00e9ines de ma\u00efs<br \/>\nMa\u00efs<br \/>\nHydrolysat<br \/>\nPulpe de betterave d\u00e9shydrat\u00e9e<br \/>\nHuile de poisson<br \/>\n\u0152ufs d\u00e9shydrat\u00e9s<br \/>\nSubstances min\u00e9rales<br \/>\nColostrum d\u00e9shydrat\u00e9 (0,1 %).<\/p>\n<\/div>\n<div class=\"field__item\">\n<p><strong>Nutrition et constituants analytiques<\/strong><\/p>\n<p>Humidit\u00e9 : 8,0%<br \/>\nProt\u00e9ine : 30,0%<br \/>\nMati\u00e8res grasses : 19,0%<br \/>\nGlucides : 33,5%<br \/>\nCellulose Brute : 2,0%<br \/>\nCendres brutes : 7,5%<\/p>\n<p><strong>Additifs nutritionnels<\/strong><\/p>\n<p>Calcium : 1,50 %<br \/>\nPhosphore : 1,02 %<br \/>\nSodium : 0,39 %<br \/>\nChlore : 0,56 %<br \/>\nPotassium : 0,69 %<br \/>\nMagn\u00e9sium : 0,13 %<br \/>\nAcide linol\u00e9ique : 2,8 %<br \/>\nOm\u00e9ga 3 0,3 %<br \/>\nOm\u00e9ga 3 2,3 %<br \/>\nDHA : 0,07 %<br \/>\nEPA+DHA : 0,17 %<\/p>\n<p>mg\/100g<br \/>\nFer 25,7 ;<br \/>\nZinc : 17,2 ;<br \/>\nCuivre : 2,1 ;<br \/>\nMangan\u00e8se : 6,2 ;<br \/>\nIode : 0,256 ;<br \/>\nS\u00e9l\u00e9nium : 0,041.<\/p>\n<p>IU\/kg<br \/>\nVit. A : 18129 ;<br \/>\nVit. D3 : 1037 ;<br \/>\nVit. E : 207.<\/p>\n<p>mg\/kg<br \/>\nVit. K : 0,15 ;<br \/>\nVit. C : 60 ;<br \/>\nVit. B1 : 27 ;<br \/>\nVit. B2 : 14 ;<br \/>\nVit. B3 : 162 ;<br \/>\nVit. B5 : 45 ;<br \/>\nVit. B6 : 16 ;<br \/>\nVit. B8 : 0,22 ;<br \/>\nVit. B9 : 4,56 ;<br \/>\nVit. B12 : 0,25 ;<br \/>\nCholine : 2016 ;<br \/>\nTaurine : 913.<\/p>\n<p>Energie m\u00e9tabolisable (calcul\u00e9e) 4050 kcal\/kg.<\/p>\n<p><strong>Guide d&rsquo;alimentation<\/strong><\/p>\n<p>Voir le tableau des rations journali\u00e8res recommand\u00e9es. Ces rations sont donn\u00e9es \u00e0 titre indicatif. Pour aider votre chiot ou chienne \u00e0 maintenir une condition corporelle id\u00e9ale, les rations journali\u00e8res doivent \u00eatre adapt\u00e9es \u00e0 leur niveau d\u2019activit\u00e9, leur condition physique et leurs besoins individuels. Pendant le sevrage, introduisez progressivement les aliments solides. De l\u2019eau fra\u00eeche et propre doit toujours \u00eatre \u00e0 la disposition de votre chien. Pour surveiller la sant\u00e9 de votre chien, consultez r\u00e9guli\u00e8rement votre v\u00e9t\u00e9rinaire.<\/p>\n<div class=\"table-wrapper\">\n<table>\n<tbody>\n<tr>\n<td><strong>Poids de m\u00e8re (kg)<\/strong><\/td>\n<td><strong>Gestation 6-9 semaines<\/strong><\/td>\n<td><strong>Lactation<\/strong><\/td>\n<\/tr>\n<tr>\n<td>1<\/td>\n<td>40-50g<\/td>\n<td rowspan=\"10\">\u00c0 volont\u00e9<\/td>\n<\/tr>\n<tr>\n<td>5<\/td>\n<td>110-140g<\/td>\n<\/tr>\n<tr>\n<td>10<\/td>\n<td>175-225g<\/td>\n<\/tr>\n<tr>\n<td>15<\/td>\n<td>230-295g<\/td>\n<\/tr>\n<tr>\n<td>20<\/td>\n<td>280-360g<\/td>\n<\/tr>\n<tr>\n<td>25<\/td>\n<td>325-415g<\/td>\n<\/tr>\n<tr>\n<td>35<\/td>\n<td>410-520g<\/td>\n<\/tr>\n<tr>\n<td>45<\/td>\n<td>485-615g<\/td>\n<\/tr>\n<tr>\n<td>60<\/td>\n<td>585-745g<\/td>\n<\/tr>\n<tr>\n<td>70<\/td>\n<td>650-830g<\/td>\n<\/tr>\n<\/tbody>\n<\/table>\n<\/div>\n<p>&nbsp;<\/p>\n<div class=\"table-wrapper\">\n<table>\n<tbody>\n<tr>\n<td rowspan=\"3\"><strong>Poids attendu du chiot \u00e0 l&rsquo;\u00e2ge adulte (kg)<\/strong><\/td>\n<td colspan=\"6\"><strong>Quantit\u00e9 quotidienne (en grammes)<\/strong><\/td>\n<\/tr>\n<tr>\n<td colspan=\"6\"><strong>\u00c2ge du chiot (mois)<\/strong><\/td>\n<\/tr>\n<tr>\n<td>1 mois<\/td>\n<td>1.5-3 mois<\/td>\n<td>4-5 mois<\/td>\n<td>6-8 mois<\/td>\n<td>9-11 mois<\/td>\n<td>12-24 mois<\/td>\n<\/tr>\n<tr>\n<td>1<\/td>\n<td>2g + lait<\/td>\n<td>30-45g<\/td>\n<td>50-45g<\/td>\n<td>45-40g<\/td>\n<td>40g<\/td>\n<td>40-Adulte<\/td>\n<\/tr>\n<tr>\n<td>5<\/td>\n<td>2g + lait<\/td>\n<td>80-125g<\/td>\n<td>130-135g<\/td>\n<td>135-115g<\/td>\n<td>115-110g<\/td>\n<td>110-Adulte<\/td>\n<\/tr>\n<tr>\n<td>10<\/td>\n<td>5g + lait<\/td>\n<td>110-175g<\/td>\n<td>195-205g<\/td>\n<td>205-180g<\/td>\n<td>180-175g<\/td>\n<td>175-Adulte<\/td>\n<\/tr>\n<tr>\n<td>15<\/td>\n<td>5g + lait<\/td>\n<td>130-230g<\/td>\n<td>265-285g<\/td>\n<td>290-275g<\/td>\n<td>260-245g<\/td>\n<td>225-Adulte<\/td>\n<\/tr>\n<tr>\n<td>20<\/td>\n<td>10g + lait<\/td>\n<td>145-295g<\/td>\n<td>325-380g<\/td>\n<td>315-385g<\/td>\n<td>375-355g<\/td>\n<td>325-Adulte<\/td>\n<\/tr>\n<tr>\n<td>25<\/td>\n<td>10g + lait<\/td>\n<td>145-295g<\/td>\n<td>325-380g<\/td>\n<td>315-385g<\/td>\n<td>375-355g<\/td>\n<td>325-Adulte<\/td>\n<\/tr>\n<tr>\n<td>35<\/td>\n<td>10g + lait<\/td>\n<td>180-305g<\/td>\n<td>380-410g<\/td>\n<td>440-485g<\/td>\n<td>510-475g<\/td>\n<td>415-405g<\/td>\n<\/tr>\n<tr>\n<td>45<\/td>\n<td>15g + lait<\/td>\n<td>195-300g<\/td>\n<td>400-430g<\/td>\n<td>450-495g<\/td>\n<td>530-510g<\/td>\n<td>465-455g<\/td>\n<\/tr>\n<tr>\n<td>60<\/td>\n<td>15g + lait<\/td>\n<td>250-395g<\/td>\n<td>475-535g<\/td>\n<td>575-650g<\/td>\n<td>690-650g<\/td>\n<td>575-570g<\/td>\n<\/tr>\n<tr>\n<td>70<\/td>\n<td>15g + lait<\/td>\n<td>275-440g<\/td>\n<td>525-590g<\/td>\n<td>640-720g<\/td>\n<td>765-722g<\/td>\n<td>635-630g<\/td>\n<\/tr>\n<\/tbody>\n<\/table>\n<\/div>\n<\/div>\n<\/div>\n","protected":false},"excerpt":{"rendered":"<ul>\n<li>Enrichi en colostrum pour aider \u00e0 renforcer la r\u00e9ponse immunitaire des chiots jusqu&rsquo;\u00e0 50 % de plus.<\/li>\n<li>Une combinaison adapt\u00e9e des teneurs en prot\u00e9ines et en Mati\u00e8res grasses : pour favoriser une croissance saine et une bonne sant\u00e9 \u00e0 long terme.<\/li>\n<li>Une combinaison de nutriments essentiels pour aider \u00e0 soutenir la bonne sant\u00e9 des articulations de votre chiot.<\/li>\n<li>Energie adapt\u00e9e au m\u00e9tabolisme plus actif de votre chiot.<\/li>\n<\/ul>\n","protected":false},"featured_media":2162,"comment_status":"open","ping_status":"closed","template":"","meta":[],"product_brand":[],"product_cat":[60],"product_tag":[],"class_list":{"0":"post-2161","1":"product","2":"type-product","3":"status-publish","4":"has-post-thumbnail","6":"product_cat-alimentation-chien","8":"first","9":"instock","10":"sale","11":"shipping-taxable","12":"purchasable","13":"product-type-simple"},"yoast_head":"<!-- This site is optimized with the Yoast SEO plugin v25.8 - https:\/\/yoast.com\/wordpress\/plugins\/seo\/ -->\n<title>PRO PLAN\u00ae MEDIUM PUPPY - POULET 12 kg - puppymaroc.com<\/title>\n<meta name=\"description\" content=\"Enrichi en colostrum pour aider \u00e0 renforcer la r\u00e9ponse immunitaire des chiots jusqu&#039;\u00e0 50 % de plus.Une combinaison adapt\u00e9e des teneurs en prot\u00e9ines et en Mati\u00e8res grasses : pour favoriser une croissance saine et une bonne sant\u00e9 \u00e0 long terme.Une combinaison de nutriments essentiels pour aider \u00e0 soutenir la bonne sant\u00e9 des articulations de votre chiot.Energie adapt\u00e9e au m\u00e9tabolisme plus actif de votre chiot.\" \/>\n<meta name=\"robots\" content=\"index, follow, max-snippet:-1, max-image-preview:large, max-video-preview:-1\" \/>\n<link rel=\"canonical\" href=\"https:\/\/puppymaroc.webmarocagency.com\/?product=pro-plan-medium-puppy-poulet-12-kg\" \/>\n<meta property=\"og:locale\" content=\"fr_FR\" \/>\n<meta property=\"og:type\" content=\"article\" \/>\n<meta property=\"og:title\" content=\"PRO PLAN\u00ae MEDIUM PUPPY - POULET 12 kg - puppymaroc.com\" \/>\n<meta property=\"og:description\" content=\"Enrichi en colostrum pour aider \u00e0 renforcer la r\u00e9ponse immunitaire des chiots jusqu&#039;\u00e0 50 % de plus.Une combinaison adapt\u00e9e des teneurs en prot\u00e9ines et en Mati\u00e8res grasses : pour favoriser une croissance saine et une bonne sant\u00e9 \u00e0 long terme.Une combinaison de nutriments essentiels pour aider \u00e0 soutenir la bonne sant\u00e9 des articulations de votre chiot.Energie adapt\u00e9e au m\u00e9tabolisme plus actif de votre chiot.\" \/>\n<meta property=\"og:url\" content=\"https:\/\/puppymaroc.webmarocagency.com\/?product=pro-plan-medium-puppy-poulet-12-kg\" \/>\n<meta property=\"og:site_name\" content=\"puppymaroc.com\" \/>\n<meta property=\"article:publisher\" content=\"https:\/\/www.facebook.com\/PuppyMaroc?mibextid=ZbWKwL\" \/>\n<meta property=\"article:modified_time\" content=\"2024-09-20T21:14:05+00:00\" \/>\n<meta property=\"og:image\" content=\"https:\/\/puppymaroc.webmarocagency.com\/wp-content\/uploads\/2024\/09\/background-puppy-maroc-19.png\" \/>\n\t<meta property=\"og:image:width\" content=\"1080\" \/>\n\t<meta property=\"og:image:height\" content=\"1080\" \/>\n\t<meta property=\"og:image:type\" content=\"image\/png\" \/>\n<meta name=\"twitter:card\" content=\"summary_large_image\" \/>\n<meta name=\"twitter:label1\" content=\"Dur\u00e9e de lecture estim\u00e9e\" \/>\n\t<meta name=\"twitter:data1\" content=\"3 minutes\" \/>\n<script type=\"application\/ld+json\" class=\"yoast-schema-graph\">{\"@context\":\"https:\/\/schema.org\",\"@graph\":[{\"@type\":\"WebPage\",\"@id\":\"https:\/\/puppymaroc.webmarocagency.com\/?product=pro-plan-medium-puppy-poulet-12-kg\",\"url\":\"https:\/\/puppymaroc.webmarocagency.com\/?product=pro-plan-medium-puppy-poulet-12-kg\",\"name\":\"PRO PLAN\u00ae MEDIUM PUPPY - POULET 12 kg - puppymaroc.com\",\"isPartOf\":{\"@id\":\"https:\/\/puppymaroc.webmarocagency.com\/#website\"},\"primaryImageOfPage\":{\"@id\":\"https:\/\/puppymaroc.webmarocagency.com\/?product=pro-plan-medium-puppy-poulet-12-kg#primaryimage\"},\"image\":{\"@id\":\"https:\/\/puppymaroc.webmarocagency.com\/?product=pro-plan-medium-puppy-poulet-12-kg#primaryimage\"},\"thumbnailUrl\":\"https:\/\/puppymaroc.webmarocagency.com\/wp-content\/uploads\/2024\/09\/background-puppy-maroc-19.png\",\"datePublished\":\"2024-09-20T21:04:53+00:00\",\"dateModified\":\"2024-09-20T21:14:05+00:00\",\"description\":\"Enrichi en colostrum pour aider \u00e0 renforcer la r\u00e9ponse immunitaire des chiots jusqu'\u00e0 50 % de plus.Une combinaison adapt\u00e9e des teneurs en prot\u00e9ines et en Mati\u00e8res grasses : pour favoriser une croissance saine et une bonne sant\u00e9 \u00e0 long terme.Une combinaison de nutriments essentiels pour aider \u00e0 soutenir la bonne sant\u00e9 des articulations de votre chiot.Energie adapt\u00e9e au m\u00e9tabolisme plus actif de votre chiot.\",\"breadcrumb\":{\"@id\":\"https:\/\/puppymaroc.webmarocagency.com\/?product=pro-plan-medium-puppy-poulet-12-kg#breadcrumb\"},\"inLanguage\":\"fr-FR\",\"potentialAction\":[{\"@type\":\"ReadAction\",\"target\":[\"https:\/\/puppymaroc.webmarocagency.com\/?product=pro-plan-medium-puppy-poulet-12-kg\"]}]},{\"@type\":\"ImageObject\",\"inLanguage\":\"fr-FR\",\"@id\":\"https:\/\/puppymaroc.webmarocagency.com\/?product=pro-plan-medium-puppy-poulet-12-kg#primaryimage\",\"url\":\"https:\/\/puppymaroc.webmarocagency.com\/wp-content\/uploads\/2024\/09\/background-puppy-maroc-19.png\",\"contentUrl\":\"https:\/\/puppymaroc.webmarocagency.com\/wp-content\/uploads\/2024\/09\/background-puppy-maroc-19.png\",\"width\":1080,\"height\":1080},{\"@type\":\"BreadcrumbList\",\"@id\":\"https:\/\/puppymaroc.webmarocagency.com\/?product=pro-plan-medium-puppy-poulet-12-kg#breadcrumb\",\"itemListElement\":[{\"@type\":\"ListItem\",\"position\":1,\"name\":\"Accueil\",\"item\":\"https:\/\/puppymaroc.webmarocagency.com\/\"},{\"@type\":\"ListItem\",\"position\":2,\"name\":\"Produit\",\"item\":\"https:\/\/puppymaroc.webmarocagency.com\/?page_id=1561\"},{\"@type\":\"ListItem\",\"position\":3,\"name\":\"PRO PLAN\u00ae MEDIUM PUPPY &#8211; POULET 12 kg\"}]},{\"@type\":\"WebSite\",\"@id\":\"https:\/\/puppymaroc.webmarocagency.com\/#website\",\"url\":\"https:\/\/puppymaroc.webmarocagency.com\/\",\"name\":\"puppymaroc.com\",\"description\":\"puppymaroc\",\"publisher\":{\"@id\":\"https:\/\/puppymaroc.webmarocagency.com\/#organization\"},\"potentialAction\":[{\"@type\":\"SearchAction\",\"target\":{\"@type\":\"EntryPoint\",\"urlTemplate\":\"https:\/\/puppymaroc.webmarocagency.com\/?s={search_term_string}\"},\"query-input\":{\"@type\":\"PropertyValueSpecification\",\"valueRequired\":true,\"valueName\":\"search_term_string\"}}],\"inLanguage\":\"fr-FR\"},{\"@type\":\"Organization\",\"@id\":\"https:\/\/puppymaroc.webmarocagency.com\/#organization\",\"name\":\"puppymaroc.com\",\"url\":\"https:\/\/puppymaroc.webmarocagency.com\/\",\"logo\":{\"@type\":\"ImageObject\",\"inLanguage\":\"fr-FR\",\"@id\":\"https:\/\/puppymaroc.webmarocagency.com\/#\/schema\/logo\/image\/\",\"url\":\"https:\/\/puppymaroc.webmarocagency.com\/wp-content\/uploads\/2024\/02\/cropped-cropped-puppy-maroc-logo-rmv-2.png\",\"contentUrl\":\"https:\/\/puppymaroc.webmarocagency.com\/wp-content\/uploads\/2024\/02\/cropped-cropped-puppy-maroc-logo-rmv-2.png\",\"width\":958,\"height\":920,\"caption\":\"puppymaroc.com\"},\"image\":{\"@id\":\"https:\/\/puppymaroc.webmarocagency.com\/#\/schema\/logo\/image\/\"},\"sameAs\":[\"https:\/\/www.facebook.com\/PuppyMaroc?mibextid=ZbWKwL\"]}]}<\/script>\n<!-- \/ Yoast SEO plugin. -->","yoast_head_json":{"title":"PRO PLAN\u00ae MEDIUM PUPPY - POULET 12 kg - puppymaroc.com","description":"Enrichi en colostrum pour aider \u00e0 renforcer la r\u00e9ponse immunitaire des chiots jusqu'\u00e0 50 % de plus.Une combinaison adapt\u00e9e des teneurs en prot\u00e9ines et en Mati\u00e8res grasses : pour favoriser une croissance saine et une bonne sant\u00e9 \u00e0 long terme.Une combinaison de nutriments essentiels pour aider \u00e0 soutenir la bonne sant\u00e9 des articulations de votre chiot.Energie adapt\u00e9e au m\u00e9tabolisme plus actif de votre chiot.","robots":{"index":"index","follow":"follow","max-snippet":"max-snippet:-1","max-image-preview":"max-image-preview:large","max-video-preview":"max-video-preview:-1"},"canonical":"https:\/\/puppymaroc.webmarocagency.com\/?product=pro-plan-medium-puppy-poulet-12-kg","og_locale":"fr_FR","og_type":"article","og_title":"PRO PLAN\u00ae MEDIUM PUPPY - POULET 12 kg - puppymaroc.com","og_description":"Enrichi en colostrum pour aider \u00e0 renforcer la r\u00e9ponse immunitaire des chiots jusqu'\u00e0 50 % de plus.Une combinaison adapt\u00e9e des teneurs en prot\u00e9ines et en Mati\u00e8res grasses : pour favoriser une croissance saine et une bonne sant\u00e9 \u00e0 long terme.Une combinaison de nutriments essentiels pour aider \u00e0 soutenir la bonne sant\u00e9 des articulations de votre chiot.Energie adapt\u00e9e au m\u00e9tabolisme plus actif de votre chiot.","og_url":"https:\/\/puppymaroc.webmarocagency.com\/?product=pro-plan-medium-puppy-poulet-12-kg","og_site_name":"puppymaroc.com","article_publisher":"https:\/\/www.facebook.com\/PuppyMaroc?mibextid=ZbWKwL","article_modified_time":"2024-09-20T21:14:05+00:00","og_image":[{"width":1080,"height":1080,"url":"https:\/\/puppymaroc.webmarocagency.com\/wp-content\/uploads\/2024\/09\/background-puppy-maroc-19.png","type":"image\/png"}],"twitter_card":"summary_large_image","twitter_misc":{"Dur\u00e9e de lecture estim\u00e9e":"3 minutes"},"schema":{"@context":"https:\/\/schema.org","@graph":[{"@type":"WebPage","@id":"https:\/\/puppymaroc.webmarocagency.com\/?product=pro-plan-medium-puppy-poulet-12-kg","url":"https:\/\/puppymaroc.webmarocagency.com\/?product=pro-plan-medium-puppy-poulet-12-kg","name":"PRO PLAN\u00ae MEDIUM PUPPY - POULET 12 kg - puppymaroc.com","isPartOf":{"@id":"https:\/\/puppymaroc.webmarocagency.com\/#website"},"primaryImageOfPage":{"@id":"https:\/\/puppymaroc.webmarocagency.com\/?product=pro-plan-medium-puppy-poulet-12-kg#primaryimage"},"image":{"@id":"https:\/\/puppymaroc.webmarocagency.com\/?product=pro-plan-medium-puppy-poulet-12-kg#primaryimage"},"thumbnailUrl":"https:\/\/puppymaroc.webmarocagency.com\/wp-content\/uploads\/2024\/09\/background-puppy-maroc-19.png","datePublished":"2024-09-20T21:04:53+00:00","dateModified":"2024-09-20T21:14:05+00:00","description":"Enrichi en colostrum pour aider \u00e0 renforcer la r\u00e9ponse immunitaire des chiots jusqu'\u00e0 50 % de plus.Une combinaison adapt\u00e9e des teneurs en prot\u00e9ines et en Mati\u00e8res grasses : pour favoriser une croissance saine et une bonne sant\u00e9 \u00e0 long terme.Une combinaison de nutriments essentiels pour aider \u00e0 soutenir la bonne sant\u00e9 des articulations de votre chiot.Energie adapt\u00e9e au m\u00e9tabolisme plus actif de votre chiot.","breadcrumb":{"@id":"https:\/\/puppymaroc.webmarocagency.com\/?product=pro-plan-medium-puppy-poulet-12-kg#breadcrumb"},"inLanguage":"fr-FR","potentialAction":[{"@type":"ReadAction","target":["https:\/\/puppymaroc.webmarocagency.com\/?product=pro-plan-medium-puppy-poulet-12-kg"]}]},{"@type":"ImageObject","inLanguage":"fr-FR","@id":"https:\/\/puppymaroc.webmarocagency.com\/?product=pro-plan-medium-puppy-poulet-12-kg#primaryimage","url":"https:\/\/puppymaroc.webmarocagency.com\/wp-content\/uploads\/2024\/09\/background-puppy-maroc-19.png","contentUrl":"https:\/\/puppymaroc.webmarocagency.com\/wp-content\/uploads\/2024\/09\/background-puppy-maroc-19.png","width":1080,"height":1080},{"@type":"BreadcrumbList","@id":"https:\/\/puppymaroc.webmarocagency.com\/?product=pro-plan-medium-puppy-poulet-12-kg#breadcrumb","itemListElement":[{"@type":"ListItem","position":1,"name":"Accueil","item":"https:\/\/puppymaroc.webmarocagency.com\/"},{"@type":"ListItem","position":2,"name":"Produit","item":"https:\/\/puppymaroc.webmarocagency.com\/?page_id=1561"},{"@type":"ListItem","position":3,"name":"PRO PLAN\u00ae MEDIUM PUPPY &#8211; POULET 12 kg"}]},{"@type":"WebSite","@id":"https:\/\/puppymaroc.webmarocagency.com\/#website","url":"https:\/\/puppymaroc.webmarocagency.com\/","name":"puppymaroc.com","description":"puppymaroc","publisher":{"@id":"https:\/\/puppymaroc.webmarocagency.com\/#organization"},"potentialAction":[{"@type":"SearchAction","target":{"@type":"EntryPoint","urlTemplate":"https:\/\/puppymaroc.webmarocagency.com\/?s={search_term_string}"},"query-input":{"@type":"PropertyValueSpecification","valueRequired":true,"valueName":"search_term_string"}}],"inLanguage":"fr-FR"},{"@type":"Organization","@id":"https:\/\/puppymaroc.webmarocagency.com\/#organization","name":"puppymaroc.com","url":"https:\/\/puppymaroc.webmarocagency.com\/","logo":{"@type":"ImageObject","inLanguage":"fr-FR","@id":"https:\/\/puppymaroc.webmarocagency.com\/#\/schema\/logo\/image\/","url":"https:\/\/puppymaroc.webmarocagency.com\/wp-content\/uploads\/2024\/02\/cropped-cropped-puppy-maroc-logo-rmv-2.png","contentUrl":"https:\/\/puppymaroc.webmarocagency.com\/wp-content\/uploads\/2024\/02\/cropped-cropped-puppy-maroc-logo-rmv-2.png","width":958,"height":920,"caption":"puppymaroc.com"},"image":{"@id":"https:\/\/puppymaroc.webmarocagency.com\/#\/schema\/logo\/image\/"},"sameAs":["https:\/\/www.facebook.com\/PuppyMaroc?mibextid=ZbWKwL"]}]}},"_links":{"self":[{"href":"https:\/\/puppymaroc.webmarocagency.com\/index.php?rest_route=\/wp\/v2\/product\/2161","targetHints":{"allow":["GET"]}}],"collection":[{"href":"https:\/\/puppymaroc.webmarocagency.com\/index.php?rest_route=\/wp\/v2\/product"}],"about":[{"href":"https:\/\/puppymaroc.webmarocagency.com\/index.php?rest_route=\/wp\/v2\/types\/product"}],"replies":[{"embeddable":true,"href":"https:\/\/puppymaroc.webmarocagency.com\/index.php?rest_route=%2Fwp%2Fv2%2Fcomments&post=2161"}],"wp:featuredmedia":[{"embeddable":true,"href":"https:\/\/puppymaroc.webmarocagency.com\/index.php?rest_route=\/wp\/v2\/media\/2162"}],"wp:attachment":[{"href":"https:\/\/puppymaroc.webmarocagency.com\/index.php?rest_route=%2Fwp%2Fv2%2Fmedia&parent=2161"}],"wp:term":[{"taxonomy":"product_brand","embeddable":true,"href":"https:\/\/puppymaroc.webmarocagency.com\/index.php?rest_route=%2Fwp%2Fv2%2Fproduct_brand&post=2161"},{"taxonomy":"product_cat","embeddable":true,"href":"https:\/\/puppymaroc.webmarocagency.com\/index.php?rest_route=%2Fwp%2Fv2%2Fproduct_cat&post=2161"},{"taxonomy":"product_tag","embeddable":true,"href":"https:\/\/puppymaroc.webmarocagency.com\/index.php?rest_route=%2Fwp%2Fv2%2Fproduct_tag&post=2161"}],"curies":[{"name":"wp","href":"https:\/\/api.w.org\/{rel}","templated":true}]}}