{"id":2172,"date":"2024-09-20T22:46:45","date_gmt":"2024-09-20T21:46:45","guid":{"rendered":"https:\/\/puppymaroc.com\/?post_type=product&#038;p=2172"},"modified":"2024-09-20T22:48:16","modified_gmt":"2024-09-20T21:48:16","slug":"harnais-pour-chien-easy-walker-noir-flamingo","status":"publish","type":"product","link":"https:\/\/puppymaroc.webmarocagency.com\/?product=harnais-pour-chien-easy-walker-noir-flamingo","title":{"rendered":"HARNAIS POUR CHIEN EASY WALKER NOIR &#8211; FLAMINGO"},"content":{"rendered":"","protected":false},"excerpt":{"rendered":"<p>Avec le\u00a0<strong>harnais<\/strong>\u00a0<strong>Easy<\/strong>\u00a0<strong>Walker\u00a0<\/strong>pour\u00a0<strong>chien<\/strong>, vous n&rsquo;aurez plus jamais \u00e0 lutter contre un chien qui tire sur la laisse. Les sangles sous les aisselles offrent une correction confortable mais efficace. Fabriqu\u00e9 en nylon durable et disponible en diff\u00e9rentes tailles. Am\u00e9liorez votre promenade avec votre chien d\u00e8s aujourd&rsquo;hui!<\/p>\n<ul>\n<li>Mat\u00e9riau : nylon<\/li>\n<li>R\u00e9glable en continu<\/li>\n<li>Avec une boucle \u00e0 clic et 2 sangles aux aisselles avec mousquetons 2 anneaux de d\u00e9charge de traction pour r\u00e9duire pression sur le verrou<\/li>\n<li>Les mousqueton et anneaux en m\u00e9tal ont une finition brillante noire<\/li>\n<\/ul>\n","protected":false},"featured_media":2174,"comment_status":"open","ping_status":"closed","template":"","meta":[],"product_brand":[],"product_cat":[59],"product_tag":[],"class_list":{"0":"post-2172","1":"product","2":"type-product","3":"status-publish","4":"has-post-thumbnail","6":"product_cat-accessories-chien","8":"first","9":"instock","10":"sale","11":"shipping-taxable","12":"purchasable","13":"product-type-simple"},"yoast_head":"<!-- This site is optimized with the Yoast SEO plugin v25.8 - https:\/\/yoast.com\/wordpress\/plugins\/seo\/ -->\n<title>HARNAIS POUR CHIEN EASY WALKER NOIR - FLAMINGO - puppymaroc.com<\/title>\n<meta name=\"description\" content=\"Avec le harnais Easy Walker pour chien, vous n&#039;aurez plus jamais \u00e0 lutter contre un chien qui tire sur la laisse. Les sangles sous les aisselles offrent une correction confortable mais efficace. Fabriqu\u00e9 en nylon durable et disponible en diff\u00e9rentes tailles. Am\u00e9liorez votre promenade avec votre chien d\u00e8s aujourd&#039;hui!Mat\u00e9riau : nylonR\u00e9glable en continuAvec une boucle \u00e0 clic et 2 sangles aux aisselles avec mousquetons 2 anneaux de d\u00e9charge de traction pour r\u00e9duire pression sur le verrouLes mousqueton et anneaux en m\u00e9tal ont une finition brillante noire\" \/>\n<meta name=\"robots\" content=\"index, follow, max-snippet:-1, max-image-preview:large, max-video-preview:-1\" \/>\n<link rel=\"canonical\" href=\"https:\/\/puppymaroc.webmarocagency.com\/?product=harnais-pour-chien-easy-walker-noir-flamingo\" \/>\n<meta property=\"og:locale\" content=\"fr_FR\" \/>\n<meta property=\"og:type\" content=\"article\" \/>\n<meta property=\"og:title\" content=\"HARNAIS POUR CHIEN EASY WALKER NOIR - FLAMINGO - puppymaroc.com\" \/>\n<meta property=\"og:description\" content=\"Avec le harnais Easy Walker pour chien, vous n&#039;aurez plus jamais \u00e0 lutter contre un chien qui tire sur la laisse. Les sangles sous les aisselles offrent une correction confortable mais efficace. Fabriqu\u00e9 en nylon durable et disponible en diff\u00e9rentes tailles. Am\u00e9liorez votre promenade avec votre chien d\u00e8s aujourd&#039;hui!Mat\u00e9riau : nylonR\u00e9glable en continuAvec une boucle \u00e0 clic et 2 sangles aux aisselles avec mousquetons 2 anneaux de d\u00e9charge de traction pour r\u00e9duire pression sur le verrouLes mousqueton et anneaux en m\u00e9tal ont une finition brillante noire\" \/>\n<meta property=\"og:url\" content=\"https:\/\/puppymaroc.webmarocagency.com\/?product=harnais-pour-chien-easy-walker-noir-flamingo\" \/>\n<meta property=\"og:site_name\" content=\"puppymaroc.com\" \/>\n<meta property=\"article:publisher\" content=\"https:\/\/www.facebook.com\/PuppyMaroc?mibextid=ZbWKwL\" \/>\n<meta property=\"article:modified_time\" content=\"2024-09-20T21:48:16+00:00\" \/>\n<meta property=\"og:image\" content=\"https:\/\/puppymaroc.webmarocagency.com\/wp-content\/uploads\/2024\/09\/background-puppy-maroc-24.png\" \/>\n\t<meta property=\"og:image:width\" content=\"1080\" \/>\n\t<meta property=\"og:image:height\" content=\"1080\" \/>\n\t<meta property=\"og:image:type\" content=\"image\/png\" \/>\n<meta name=\"twitter:card\" content=\"summary_large_image\" \/>\n<meta name=\"twitter:label1\" content=\"Dur\u00e9e de lecture estim\u00e9e\" \/>\n\t<meta name=\"twitter:data1\" content=\"1 minute\" \/>\n<script type=\"application\/ld+json\" class=\"yoast-schema-graph\">{\"@context\":\"https:\/\/schema.org\",\"@graph\":[{\"@type\":\"WebPage\",\"@id\":\"https:\/\/puppymaroc.webmarocagency.com\/?product=harnais-pour-chien-easy-walker-noir-flamingo\",\"url\":\"https:\/\/puppymaroc.webmarocagency.com\/?product=harnais-pour-chien-easy-walker-noir-flamingo\",\"name\":\"HARNAIS POUR CHIEN EASY WALKER NOIR - FLAMINGO - puppymaroc.com\",\"isPartOf\":{\"@id\":\"https:\/\/puppymaroc.webmarocagency.com\/#website\"},\"primaryImageOfPage\":{\"@id\":\"https:\/\/puppymaroc.webmarocagency.com\/?product=harnais-pour-chien-easy-walker-noir-flamingo#primaryimage\"},\"image\":{\"@id\":\"https:\/\/puppymaroc.webmarocagency.com\/?product=harnais-pour-chien-easy-walker-noir-flamingo#primaryimage\"},\"thumbnailUrl\":\"https:\/\/puppymaroc.webmarocagency.com\/wp-content\/uploads\/2024\/09\/background-puppy-maroc-24.png\",\"datePublished\":\"2024-09-20T21:46:45+00:00\",\"dateModified\":\"2024-09-20T21:48:16+00:00\",\"description\":\"Avec le harnais Easy Walker pour chien, vous n'aurez plus jamais \u00e0 lutter contre un chien qui tire sur la laisse. Les sangles sous les aisselles offrent une correction confortable mais efficace. Fabriqu\u00e9 en nylon durable et disponible en diff\u00e9rentes tailles. Am\u00e9liorez votre promenade avec votre chien d\u00e8s aujourd'hui!Mat\u00e9riau : nylonR\u00e9glable en continuAvec une boucle \u00e0 clic et 2 sangles aux aisselles avec mousquetons 2 anneaux de d\u00e9charge de traction pour r\u00e9duire pression sur le verrouLes mousqueton et anneaux en m\u00e9tal ont une finition brillante noire\",\"breadcrumb\":{\"@id\":\"https:\/\/puppymaroc.webmarocagency.com\/?product=harnais-pour-chien-easy-walker-noir-flamingo#breadcrumb\"},\"inLanguage\":\"fr-FR\",\"potentialAction\":[{\"@type\":\"ReadAction\",\"target\":[\"https:\/\/puppymaroc.webmarocagency.com\/?product=harnais-pour-chien-easy-walker-noir-flamingo\"]}]},{\"@type\":\"ImageObject\",\"inLanguage\":\"fr-FR\",\"@id\":\"https:\/\/puppymaroc.webmarocagency.com\/?product=harnais-pour-chien-easy-walker-noir-flamingo#primaryimage\",\"url\":\"https:\/\/puppymaroc.webmarocagency.com\/wp-content\/uploads\/2024\/09\/background-puppy-maroc-24.png\",\"contentUrl\":\"https:\/\/puppymaroc.webmarocagency.com\/wp-content\/uploads\/2024\/09\/background-puppy-maroc-24.png\",\"width\":1080,\"height\":1080},{\"@type\":\"BreadcrumbList\",\"@id\":\"https:\/\/puppymaroc.webmarocagency.com\/?product=harnais-pour-chien-easy-walker-noir-flamingo#breadcrumb\",\"itemListElement\":[{\"@type\":\"ListItem\",\"position\":1,\"name\":\"Accueil\",\"item\":\"https:\/\/puppymaroc.webmarocagency.com\/\"},{\"@type\":\"ListItem\",\"position\":2,\"name\":\"Produit\",\"item\":\"https:\/\/puppymaroc.webmarocagency.com\/?page_id=1561\"},{\"@type\":\"ListItem\",\"position\":3,\"name\":\"HARNAIS POUR CHIEN EASY WALKER NOIR &#8211; FLAMINGO\"}]},{\"@type\":\"WebSite\",\"@id\":\"https:\/\/puppymaroc.webmarocagency.com\/#website\",\"url\":\"https:\/\/puppymaroc.webmarocagency.com\/\",\"name\":\"puppymaroc.com\",\"description\":\"puppymaroc\",\"publisher\":{\"@id\":\"https:\/\/puppymaroc.webmarocagency.com\/#organization\"},\"potentialAction\":[{\"@type\":\"SearchAction\",\"target\":{\"@type\":\"EntryPoint\",\"urlTemplate\":\"https:\/\/puppymaroc.webmarocagency.com\/?s={search_term_string}\"},\"query-input\":{\"@type\":\"PropertyValueSpecification\",\"valueRequired\":true,\"valueName\":\"search_term_string\"}}],\"inLanguage\":\"fr-FR\"},{\"@type\":\"Organization\",\"@id\":\"https:\/\/puppymaroc.webmarocagency.com\/#organization\",\"name\":\"puppymaroc.com\",\"url\":\"https:\/\/puppymaroc.webmarocagency.com\/\",\"logo\":{\"@type\":\"ImageObject\",\"inLanguage\":\"fr-FR\",\"@id\":\"https:\/\/puppymaroc.webmarocagency.com\/#\/schema\/logo\/image\/\",\"url\":\"https:\/\/puppymaroc.webmarocagency.com\/wp-content\/uploads\/2024\/02\/cropped-cropped-puppy-maroc-logo-rmv-2.png\",\"contentUrl\":\"https:\/\/puppymaroc.webmarocagency.com\/wp-content\/uploads\/2024\/02\/cropped-cropped-puppy-maroc-logo-rmv-2.png\",\"width\":958,\"height\":920,\"caption\":\"puppymaroc.com\"},\"image\":{\"@id\":\"https:\/\/puppymaroc.webmarocagency.com\/#\/schema\/logo\/image\/\"},\"sameAs\":[\"https:\/\/www.facebook.com\/PuppyMaroc?mibextid=ZbWKwL\"]}]}<\/script>\n<!-- \/ Yoast SEO plugin. -->","yoast_head_json":{"title":"HARNAIS POUR CHIEN EASY WALKER NOIR - FLAMINGO - puppymaroc.com","description":"Avec le harnais Easy Walker pour chien, vous n'aurez plus jamais \u00e0 lutter contre un chien qui tire sur la laisse. Les sangles sous les aisselles offrent une correction confortable mais efficace. Fabriqu\u00e9 en nylon durable et disponible en diff\u00e9rentes tailles. Am\u00e9liorez votre promenade avec votre chien d\u00e8s aujourd'hui!Mat\u00e9riau : nylonR\u00e9glable en continuAvec une boucle \u00e0 clic et 2 sangles aux aisselles avec mousquetons 2 anneaux de d\u00e9charge de traction pour r\u00e9duire pression sur le verrouLes mousqueton et anneaux en m\u00e9tal ont une finition brillante noire","robots":{"index":"index","follow":"follow","max-snippet":"max-snippet:-1","max-image-preview":"max-image-preview:large","max-video-preview":"max-video-preview:-1"},"canonical":"https:\/\/puppymaroc.webmarocagency.com\/?product=harnais-pour-chien-easy-walker-noir-flamingo","og_locale":"fr_FR","og_type":"article","og_title":"HARNAIS POUR CHIEN EASY WALKER NOIR - FLAMINGO - puppymaroc.com","og_description":"Avec le harnais Easy Walker pour chien, vous n'aurez plus jamais \u00e0 lutter contre un chien qui tire sur la laisse. Les sangles sous les aisselles offrent une correction confortable mais efficace. Fabriqu\u00e9 en nylon durable et disponible en diff\u00e9rentes tailles. Am\u00e9liorez votre promenade avec votre chien d\u00e8s aujourd'hui!Mat\u00e9riau : nylonR\u00e9glable en continuAvec une boucle \u00e0 clic et 2 sangles aux aisselles avec mousquetons 2 anneaux de d\u00e9charge de traction pour r\u00e9duire pression sur le verrouLes mousqueton et anneaux en m\u00e9tal ont une finition brillante noire","og_url":"https:\/\/puppymaroc.webmarocagency.com\/?product=harnais-pour-chien-easy-walker-noir-flamingo","og_site_name":"puppymaroc.com","article_publisher":"https:\/\/www.facebook.com\/PuppyMaroc?mibextid=ZbWKwL","article_modified_time":"2024-09-20T21:48:16+00:00","og_image":[{"width":1080,"height":1080,"url":"https:\/\/puppymaroc.webmarocagency.com\/wp-content\/uploads\/2024\/09\/background-puppy-maroc-24.png","type":"image\/png"}],"twitter_card":"summary_large_image","twitter_misc":{"Dur\u00e9e de lecture estim\u00e9e":"1 minute"},"schema":{"@context":"https:\/\/schema.org","@graph":[{"@type":"WebPage","@id":"https:\/\/puppymaroc.webmarocagency.com\/?product=harnais-pour-chien-easy-walker-noir-flamingo","url":"https:\/\/puppymaroc.webmarocagency.com\/?product=harnais-pour-chien-easy-walker-noir-flamingo","name":"HARNAIS POUR CHIEN EASY WALKER NOIR - FLAMINGO - puppymaroc.com","isPartOf":{"@id":"https:\/\/puppymaroc.webmarocagency.com\/#website"},"primaryImageOfPage":{"@id":"https:\/\/puppymaroc.webmarocagency.com\/?product=harnais-pour-chien-easy-walker-noir-flamingo#primaryimage"},"image":{"@id":"https:\/\/puppymaroc.webmarocagency.com\/?product=harnais-pour-chien-easy-walker-noir-flamingo#primaryimage"},"thumbnailUrl":"https:\/\/puppymaroc.webmarocagency.com\/wp-content\/uploads\/2024\/09\/background-puppy-maroc-24.png","datePublished":"2024-09-20T21:46:45+00:00","dateModified":"2024-09-20T21:48:16+00:00","description":"Avec le harnais Easy Walker pour chien, vous n'aurez plus jamais \u00e0 lutter contre un chien qui tire sur la laisse. Les sangles sous les aisselles offrent une correction confortable mais efficace. Fabriqu\u00e9 en nylon durable et disponible en diff\u00e9rentes tailles. Am\u00e9liorez votre promenade avec votre chien d\u00e8s aujourd'hui!Mat\u00e9riau : nylonR\u00e9glable en continuAvec une boucle \u00e0 clic et 2 sangles aux aisselles avec mousquetons 2 anneaux de d\u00e9charge de traction pour r\u00e9duire pression sur le verrouLes mousqueton et anneaux en m\u00e9tal ont une finition brillante noire","breadcrumb":{"@id":"https:\/\/puppymaroc.webmarocagency.com\/?product=harnais-pour-chien-easy-walker-noir-flamingo#breadcrumb"},"inLanguage":"fr-FR","potentialAction":[{"@type":"ReadAction","target":["https:\/\/puppymaroc.webmarocagency.com\/?product=harnais-pour-chien-easy-walker-noir-flamingo"]}]},{"@type":"ImageObject","inLanguage":"fr-FR","@id":"https:\/\/puppymaroc.webmarocagency.com\/?product=harnais-pour-chien-easy-walker-noir-flamingo#primaryimage","url":"https:\/\/puppymaroc.webmarocagency.com\/wp-content\/uploads\/2024\/09\/background-puppy-maroc-24.png","contentUrl":"https:\/\/puppymaroc.webmarocagency.com\/wp-content\/uploads\/2024\/09\/background-puppy-maroc-24.png","width":1080,"height":1080},{"@type":"BreadcrumbList","@id":"https:\/\/puppymaroc.webmarocagency.com\/?product=harnais-pour-chien-easy-walker-noir-flamingo#breadcrumb","itemListElement":[{"@type":"ListItem","position":1,"name":"Accueil","item":"https:\/\/puppymaroc.webmarocagency.com\/"},{"@type":"ListItem","position":2,"name":"Produit","item":"https:\/\/puppymaroc.webmarocagency.com\/?page_id=1561"},{"@type":"ListItem","position":3,"name":"HARNAIS POUR CHIEN EASY WALKER NOIR &#8211; FLAMINGO"}]},{"@type":"WebSite","@id":"https:\/\/puppymaroc.webmarocagency.com\/#website","url":"https:\/\/puppymaroc.webmarocagency.com\/","name":"puppymaroc.com","description":"puppymaroc","publisher":{"@id":"https:\/\/puppymaroc.webmarocagency.com\/#organization"},"potentialAction":[{"@type":"SearchAction","target":{"@type":"EntryPoint","urlTemplate":"https:\/\/puppymaroc.webmarocagency.com\/?s={search_term_string}"},"query-input":{"@type":"PropertyValueSpecification","valueRequired":true,"valueName":"search_term_string"}}],"inLanguage":"fr-FR"},{"@type":"Organization","@id":"https:\/\/puppymaroc.webmarocagency.com\/#organization","name":"puppymaroc.com","url":"https:\/\/puppymaroc.webmarocagency.com\/","logo":{"@type":"ImageObject","inLanguage":"fr-FR","@id":"https:\/\/puppymaroc.webmarocagency.com\/#\/schema\/logo\/image\/","url":"https:\/\/puppymaroc.webmarocagency.com\/wp-content\/uploads\/2024\/02\/cropped-cropped-puppy-maroc-logo-rmv-2.png","contentUrl":"https:\/\/puppymaroc.webmarocagency.com\/wp-content\/uploads\/2024\/02\/cropped-cropped-puppy-maroc-logo-rmv-2.png","width":958,"height":920,"caption":"puppymaroc.com"},"image":{"@id":"https:\/\/puppymaroc.webmarocagency.com\/#\/schema\/logo\/image\/"},"sameAs":["https:\/\/www.facebook.com\/PuppyMaroc?mibextid=ZbWKwL"]}]}},"_links":{"self":[{"href":"https:\/\/puppymaroc.webmarocagency.com\/index.php?rest_route=\/wp\/v2\/product\/2172","targetHints":{"allow":["GET"]}}],"collection":[{"href":"https:\/\/puppymaroc.webmarocagency.com\/index.php?rest_route=\/wp\/v2\/product"}],"about":[{"href":"https:\/\/puppymaroc.webmarocagency.com\/index.php?rest_route=\/wp\/v2\/types\/product"}],"replies":[{"embeddable":true,"href":"https:\/\/puppymaroc.webmarocagency.com\/index.php?rest_route=%2Fwp%2Fv2%2Fcomments&post=2172"}],"wp:featuredmedia":[{"embeddable":true,"href":"https:\/\/puppymaroc.webmarocagency.com\/index.php?rest_route=\/wp\/v2\/media\/2174"}],"wp:attachment":[{"href":"https:\/\/puppymaroc.webmarocagency.com\/index.php?rest_route=%2Fwp%2Fv2%2Fmedia&parent=2172"}],"wp:term":[{"taxonomy":"product_brand","embeddable":true,"href":"https:\/\/puppymaroc.webmarocagency.com\/index.php?rest_route=%2Fwp%2Fv2%2Fproduct_brand&post=2172"},{"taxonomy":"product_cat","embeddable":true,"href":"https:\/\/puppymaroc.webmarocagency.com\/index.php?rest_route=%2Fwp%2Fv2%2Fproduct_cat&post=2172"},{"taxonomy":"product_tag","embeddable":true,"href":"https:\/\/puppymaroc.webmarocagency.com\/index.php?rest_route=%2Fwp%2Fv2%2Fproduct_tag&post=2172"}],"curies":[{"name":"wp","href":"https:\/\/api.w.org\/{rel}","templated":true}]}}