{"id":2177,"date":"2024-09-20T23:01:34","date_gmt":"2024-09-20T22:01:34","guid":{"rendered":"https:\/\/puppymaroc.com\/?post_type=product&#038;p=2177"},"modified":"2024-09-20T23:15:15","modified_gmt":"2024-09-20T22:15:15","slug":"royal-canin-baby-dog-milk-400-g","status":"publish","type":"product","link":"https:\/\/puppymaroc.webmarocagency.com\/?product=royal-canin-baby-dog-milk-400-g","title":{"rendered":"Royal Canin Baby Dog Milk 400 G"},"content":{"rendered":"","protected":false},"excerpt":{"rendered":"<h3>Le lait Babydog Milk est formul\u00e9 pour les chiots, de la naissance au sevrage (0 \u00e0 4 mois).<\/h3>\n<h3>Les avantages :<\/h3>\n<div>\n<div>\n<p>Pour assurer une croissance continue et harmonieuse, la composition du lait Babydog Milk ressemble autant que possible au lait maternel, avec une teneur \u00e9lev\u00e9e en \u00e9nergie et en prot\u00e9ines.<\/p>\n<\/div>\n<\/div>\n<div>\n<div>\n<p>Le lait Babydog Milk contient des prot\u00e9ines hautement digestibles s\u00e9lectionn\u00e9es avec soin et une teneur en lactose tr\u00e8s similaire \u00e0 celle du lait maternel. Comme il ne contient pas d\u2019amidon, ce lait convient particuli\u00e8rement bien au syst\u00e8me digestif du chiot (le chiot ne s\u00e9cr\u00e8te pas assez d\u2019amylase pour dig\u00e9rer l\u2019amidon). L\u2019ajout de fructooligosaccharides (FOS) aide \u00e0 maintenir un \u00e9quilibre sain de la flore digestive.<\/p>\n<\/div>\n<\/div>\n<div>\n<div>\n<p>Pour assurer une croissance continue et harmonieuse, la composition du lait Babydog Milk ressemble autant que possible au lait maternel, avec une teneur \u00e9lev\u00e9e en \u00e9nergie et en prot\u00e9ines.<\/p>\n<\/div>\n<\/div>\n<div>\n<div>\n<p>Le syst\u00e8me nerveux du chiot continue de se d\u00e9velopper apr\u00e8s la naissance. L\u2019ADH naturellement pr\u00e9sent dans le lait maternel aide au d\u00e9veloppement des fonctions cognitives. Le lait Babydog Milk est enrichi d\u2019ADH.<\/p>\n<\/div>\n<\/div>\n<div>\n<div>\n<p>Apport nutritionnel complet et \u00e9quilibr\u00e9 \u00e0 100 %.<\/p>\n<p>&nbsp;<\/p>\n<\/div>\n<\/div>\n","protected":false},"featured_media":2178,"comment_status":"open","ping_status":"closed","template":"","meta":[],"product_brand":[],"product_cat":[60],"product_tag":[],"class_list":{"0":"post-2177","1":"product","2":"type-product","3":"status-publish","4":"has-post-thumbnail","6":"product_cat-alimentation-chien","8":"first","9":"instock","10":"sale","11":"shipping-taxable","12":"purchasable","13":"product-type-simple"},"yoast_head":"<!-- This site is optimized with the Yoast SEO plugin v25.8 - https:\/\/yoast.com\/wordpress\/plugins\/seo\/ -->\n<title>Royal Canin Baby Dog Milk 400 G - puppymaroc.com<\/title>\n<meta name=\"description\" content=\"Le lait Babydog Milk est formul\u00e9 pour les chiots, de la naissance au sevrage (0 \u00e0 4 mois).Les avantages :Pour assurer une croissance continue et harmonieuse, la composition du lait Babydog Milk ressemble autant que possible au lait maternel, avec une teneur \u00e9lev\u00e9e en \u00e9nergie et en prot\u00e9ines.Le lait Babydog Milk contient des prot\u00e9ines hautement digestibles s\u00e9lectionn\u00e9es avec soin et une teneur en lactose tr\u00e8s similaire \u00e0 celle du lait maternel. Comme il ne contient pas d\u2019amidon, ce lait convient particuli\u00e8rement bien au syst\u00e8me digestif du chiot (le chiot ne s\u00e9cr\u00e8te pas assez d\u2019amylase pour dig\u00e9rer l\u2019amidon). L\u2019ajout de fructooligosaccharides (FOS) aide \u00e0 maintenir un \u00e9quilibre sain de la flore digestive.Pour assurer une croissance continue et harmonieuse, la composition du lait Babydog Milk ressemble autant que possible au lait maternel, avec une teneur \u00e9lev\u00e9e en \u00e9nergie et en prot\u00e9ines.Le syst\u00e8me nerveux du chiot continue de se d\u00e9velopper apr\u00e8s la naissance. L\u2019ADH naturellement pr\u00e9sent dans le lait maternel aide au d\u00e9veloppement des fonctions cognitives. Le lait Babydog Milk est enrichi d\u2019ADH.Apport nutritionnel complet et \u00e9quilibr\u00e9 \u00e0 100 %.\" \/>\n<meta name=\"robots\" content=\"index, follow, max-snippet:-1, max-image-preview:large, max-video-preview:-1\" \/>\n<link rel=\"canonical\" href=\"https:\/\/puppymaroc.webmarocagency.com\/?product=royal-canin-baby-dog-milk-400-g\" \/>\n<meta property=\"og:locale\" content=\"fr_FR\" \/>\n<meta property=\"og:type\" content=\"article\" \/>\n<meta property=\"og:title\" content=\"Royal Canin Baby Dog Milk 400 G - puppymaroc.com\" \/>\n<meta property=\"og:description\" content=\"Le lait Babydog Milk est formul\u00e9 pour les chiots, de la naissance au sevrage (0 \u00e0 4 mois).Les avantages :Pour assurer une croissance continue et harmonieuse, la composition du lait Babydog Milk ressemble autant que possible au lait maternel, avec une teneur \u00e9lev\u00e9e en \u00e9nergie et en prot\u00e9ines.Le lait Babydog Milk contient des prot\u00e9ines hautement digestibles s\u00e9lectionn\u00e9es avec soin et une teneur en lactose tr\u00e8s similaire \u00e0 celle du lait maternel. Comme il ne contient pas d\u2019amidon, ce lait convient particuli\u00e8rement bien au syst\u00e8me digestif du chiot (le chiot ne s\u00e9cr\u00e8te pas assez d\u2019amylase pour dig\u00e9rer l\u2019amidon). L\u2019ajout de fructooligosaccharides (FOS) aide \u00e0 maintenir un \u00e9quilibre sain de la flore digestive.Pour assurer une croissance continue et harmonieuse, la composition du lait Babydog Milk ressemble autant que possible au lait maternel, avec une teneur \u00e9lev\u00e9e en \u00e9nergie et en prot\u00e9ines.Le syst\u00e8me nerveux du chiot continue de se d\u00e9velopper apr\u00e8s la naissance. L\u2019ADH naturellement pr\u00e9sent dans le lait maternel aide au d\u00e9veloppement des fonctions cognitives. Le lait Babydog Milk est enrichi d\u2019ADH.Apport nutritionnel complet et \u00e9quilibr\u00e9 \u00e0 100 %.\" \/>\n<meta property=\"og:url\" content=\"https:\/\/puppymaroc.webmarocagency.com\/?product=royal-canin-baby-dog-milk-400-g\" \/>\n<meta property=\"og:site_name\" content=\"puppymaroc.com\" \/>\n<meta property=\"article:publisher\" content=\"https:\/\/www.facebook.com\/PuppyMaroc?mibextid=ZbWKwL\" \/>\n<meta property=\"article:modified_time\" content=\"2024-09-20T22:15:15+00:00\" \/>\n<meta property=\"og:image\" content=\"https:\/\/puppymaroc.webmarocagency.com\/wp-content\/uploads\/2024\/09\/background-puppy-maroc-26.png\" \/>\n\t<meta property=\"og:image:width\" content=\"1080\" \/>\n\t<meta property=\"og:image:height\" content=\"1080\" \/>\n\t<meta property=\"og:image:type\" content=\"image\/png\" \/>\n<meta name=\"twitter:card\" content=\"summary_large_image\" \/>\n<meta name=\"twitter:label1\" content=\"Dur\u00e9e de lecture estim\u00e9e\" \/>\n\t<meta name=\"twitter:data1\" content=\"2 minutes\" \/>\n<script type=\"application\/ld+json\" class=\"yoast-schema-graph\">{\"@context\":\"https:\/\/schema.org\",\"@graph\":[{\"@type\":\"WebPage\",\"@id\":\"https:\/\/puppymaroc.webmarocagency.com\/?product=royal-canin-baby-dog-milk-400-g\",\"url\":\"https:\/\/puppymaroc.webmarocagency.com\/?product=royal-canin-baby-dog-milk-400-g\",\"name\":\"Royal Canin Baby Dog Milk 400 G - puppymaroc.com\",\"isPartOf\":{\"@id\":\"https:\/\/puppymaroc.webmarocagency.com\/#website\"},\"primaryImageOfPage\":{\"@id\":\"https:\/\/puppymaroc.webmarocagency.com\/?product=royal-canin-baby-dog-milk-400-g#primaryimage\"},\"image\":{\"@id\":\"https:\/\/puppymaroc.webmarocagency.com\/?product=royal-canin-baby-dog-milk-400-g#primaryimage\"},\"thumbnailUrl\":\"https:\/\/puppymaroc.webmarocagency.com\/wp-content\/uploads\/2024\/09\/background-puppy-maroc-26.png\",\"datePublished\":\"2024-09-20T22:01:34+00:00\",\"dateModified\":\"2024-09-20T22:15:15+00:00\",\"description\":\"Le lait Babydog Milk est formul\u00e9 pour les chiots, de la naissance au sevrage (0 \u00e0 4 mois).Les avantages :Pour assurer une croissance continue et harmonieuse, la composition du lait Babydog Milk ressemble autant que possible au lait maternel, avec une teneur \u00e9lev\u00e9e en \u00e9nergie et en prot\u00e9ines.Le lait Babydog Milk contient des prot\u00e9ines hautement digestibles s\u00e9lectionn\u00e9es avec soin et une teneur en lactose tr\u00e8s similaire \u00e0 celle du lait maternel. Comme il ne contient pas d\u2019amidon, ce lait convient particuli\u00e8rement bien au syst\u00e8me digestif du chiot (le chiot ne s\u00e9cr\u00e8te pas assez d\u2019amylase pour dig\u00e9rer l\u2019amidon). L\u2019ajout de fructooligosaccharides (FOS) aide \u00e0 maintenir un \u00e9quilibre sain de la flore digestive.Pour assurer une croissance continue et harmonieuse, la composition du lait Babydog Milk ressemble autant que possible au lait maternel, avec une teneur \u00e9lev\u00e9e en \u00e9nergie et en prot\u00e9ines.Le syst\u00e8me nerveux du chiot continue de se d\u00e9velopper apr\u00e8s la naissance. L\u2019ADH naturellement pr\u00e9sent dans le lait maternel aide au d\u00e9veloppement des fonctions cognitives. Le lait Babydog Milk est enrichi d\u2019ADH.Apport nutritionnel complet et \u00e9quilibr\u00e9 \u00e0 100 %.\",\"breadcrumb\":{\"@id\":\"https:\/\/puppymaroc.webmarocagency.com\/?product=royal-canin-baby-dog-milk-400-g#breadcrumb\"},\"inLanguage\":\"fr-FR\",\"potentialAction\":[{\"@type\":\"ReadAction\",\"target\":[\"https:\/\/puppymaroc.webmarocagency.com\/?product=royal-canin-baby-dog-milk-400-g\"]}]},{\"@type\":\"ImageObject\",\"inLanguage\":\"fr-FR\",\"@id\":\"https:\/\/puppymaroc.webmarocagency.com\/?product=royal-canin-baby-dog-milk-400-g#primaryimage\",\"url\":\"https:\/\/puppymaroc.webmarocagency.com\/wp-content\/uploads\/2024\/09\/background-puppy-maroc-26.png\",\"contentUrl\":\"https:\/\/puppymaroc.webmarocagency.com\/wp-content\/uploads\/2024\/09\/background-puppy-maroc-26.png\",\"width\":1080,\"height\":1080},{\"@type\":\"BreadcrumbList\",\"@id\":\"https:\/\/puppymaroc.webmarocagency.com\/?product=royal-canin-baby-dog-milk-400-g#breadcrumb\",\"itemListElement\":[{\"@type\":\"ListItem\",\"position\":1,\"name\":\"Accueil\",\"item\":\"https:\/\/puppymaroc.webmarocagency.com\/\"},{\"@type\":\"ListItem\",\"position\":2,\"name\":\"Produit\",\"item\":\"https:\/\/puppymaroc.webmarocagency.com\/?page_id=1561\"},{\"@type\":\"ListItem\",\"position\":3,\"name\":\"Royal Canin Baby Dog Milk 400 G\"}]},{\"@type\":\"WebSite\",\"@id\":\"https:\/\/puppymaroc.webmarocagency.com\/#website\",\"url\":\"https:\/\/puppymaroc.webmarocagency.com\/\",\"name\":\"puppymaroc.com\",\"description\":\"puppymaroc\",\"publisher\":{\"@id\":\"https:\/\/puppymaroc.webmarocagency.com\/#organization\"},\"potentialAction\":[{\"@type\":\"SearchAction\",\"target\":{\"@type\":\"EntryPoint\",\"urlTemplate\":\"https:\/\/puppymaroc.webmarocagency.com\/?s={search_term_string}\"},\"query-input\":{\"@type\":\"PropertyValueSpecification\",\"valueRequired\":true,\"valueName\":\"search_term_string\"}}],\"inLanguage\":\"fr-FR\"},{\"@type\":\"Organization\",\"@id\":\"https:\/\/puppymaroc.webmarocagency.com\/#organization\",\"name\":\"puppymaroc.com\",\"url\":\"https:\/\/puppymaroc.webmarocagency.com\/\",\"logo\":{\"@type\":\"ImageObject\",\"inLanguage\":\"fr-FR\",\"@id\":\"https:\/\/puppymaroc.webmarocagency.com\/#\/schema\/logo\/image\/\",\"url\":\"https:\/\/puppymaroc.webmarocagency.com\/wp-content\/uploads\/2024\/02\/cropped-cropped-puppy-maroc-logo-rmv-2.png\",\"contentUrl\":\"https:\/\/puppymaroc.webmarocagency.com\/wp-content\/uploads\/2024\/02\/cropped-cropped-puppy-maroc-logo-rmv-2.png\",\"width\":958,\"height\":920,\"caption\":\"puppymaroc.com\"},\"image\":{\"@id\":\"https:\/\/puppymaroc.webmarocagency.com\/#\/schema\/logo\/image\/\"},\"sameAs\":[\"https:\/\/www.facebook.com\/PuppyMaroc?mibextid=ZbWKwL\"]}]}<\/script>\n<!-- \/ Yoast SEO plugin. -->","yoast_head_json":{"title":"Royal Canin Baby Dog Milk 400 G - puppymaroc.com","description":"Le lait Babydog Milk est formul\u00e9 pour les chiots, de la naissance au sevrage (0 \u00e0 4 mois).Les avantages :Pour assurer une croissance continue et harmonieuse, la composition du lait Babydog Milk ressemble autant que possible au lait maternel, avec une teneur \u00e9lev\u00e9e en \u00e9nergie et en prot\u00e9ines.Le lait Babydog Milk contient des prot\u00e9ines hautement digestibles s\u00e9lectionn\u00e9es avec soin et une teneur en lactose tr\u00e8s similaire \u00e0 celle du lait maternel. Comme il ne contient pas d\u2019amidon, ce lait convient particuli\u00e8rement bien au syst\u00e8me digestif du chiot (le chiot ne s\u00e9cr\u00e8te pas assez d\u2019amylase pour dig\u00e9rer l\u2019amidon). L\u2019ajout de fructooligosaccharides (FOS) aide \u00e0 maintenir un \u00e9quilibre sain de la flore digestive.Pour assurer une croissance continue et harmonieuse, la composition du lait Babydog Milk ressemble autant que possible au lait maternel, avec une teneur \u00e9lev\u00e9e en \u00e9nergie et en prot\u00e9ines.Le syst\u00e8me nerveux du chiot continue de se d\u00e9velopper apr\u00e8s la naissance. L\u2019ADH naturellement pr\u00e9sent dans le lait maternel aide au d\u00e9veloppement des fonctions cognitives. Le lait Babydog Milk est enrichi d\u2019ADH.Apport nutritionnel complet et \u00e9quilibr\u00e9 \u00e0 100 %.","robots":{"index":"index","follow":"follow","max-snippet":"max-snippet:-1","max-image-preview":"max-image-preview:large","max-video-preview":"max-video-preview:-1"},"canonical":"https:\/\/puppymaroc.webmarocagency.com\/?product=royal-canin-baby-dog-milk-400-g","og_locale":"fr_FR","og_type":"article","og_title":"Royal Canin Baby Dog Milk 400 G - puppymaroc.com","og_description":"Le lait Babydog Milk est formul\u00e9 pour les chiots, de la naissance au sevrage (0 \u00e0 4 mois).Les avantages :Pour assurer une croissance continue et harmonieuse, la composition du lait Babydog Milk ressemble autant que possible au lait maternel, avec une teneur \u00e9lev\u00e9e en \u00e9nergie et en prot\u00e9ines.Le lait Babydog Milk contient des prot\u00e9ines hautement digestibles s\u00e9lectionn\u00e9es avec soin et une teneur en lactose tr\u00e8s similaire \u00e0 celle du lait maternel. Comme il ne contient pas d\u2019amidon, ce lait convient particuli\u00e8rement bien au syst\u00e8me digestif du chiot (le chiot ne s\u00e9cr\u00e8te pas assez d\u2019amylase pour dig\u00e9rer l\u2019amidon). L\u2019ajout de fructooligosaccharides (FOS) aide \u00e0 maintenir un \u00e9quilibre sain de la flore digestive.Pour assurer une croissance continue et harmonieuse, la composition du lait Babydog Milk ressemble autant que possible au lait maternel, avec une teneur \u00e9lev\u00e9e en \u00e9nergie et en prot\u00e9ines.Le syst\u00e8me nerveux du chiot continue de se d\u00e9velopper apr\u00e8s la naissance. L\u2019ADH naturellement pr\u00e9sent dans le lait maternel aide au d\u00e9veloppement des fonctions cognitives. Le lait Babydog Milk est enrichi d\u2019ADH.Apport nutritionnel complet et \u00e9quilibr\u00e9 \u00e0 100 %.","og_url":"https:\/\/puppymaroc.webmarocagency.com\/?product=royal-canin-baby-dog-milk-400-g","og_site_name":"puppymaroc.com","article_publisher":"https:\/\/www.facebook.com\/PuppyMaroc?mibextid=ZbWKwL","article_modified_time":"2024-09-20T22:15:15+00:00","og_image":[{"width":1080,"height":1080,"url":"https:\/\/puppymaroc.webmarocagency.com\/wp-content\/uploads\/2024\/09\/background-puppy-maroc-26.png","type":"image\/png"}],"twitter_card":"summary_large_image","twitter_misc":{"Dur\u00e9e de lecture estim\u00e9e":"2 minutes"},"schema":{"@context":"https:\/\/schema.org","@graph":[{"@type":"WebPage","@id":"https:\/\/puppymaroc.webmarocagency.com\/?product=royal-canin-baby-dog-milk-400-g","url":"https:\/\/puppymaroc.webmarocagency.com\/?product=royal-canin-baby-dog-milk-400-g","name":"Royal Canin Baby Dog Milk 400 G - puppymaroc.com","isPartOf":{"@id":"https:\/\/puppymaroc.webmarocagency.com\/#website"},"primaryImageOfPage":{"@id":"https:\/\/puppymaroc.webmarocagency.com\/?product=royal-canin-baby-dog-milk-400-g#primaryimage"},"image":{"@id":"https:\/\/puppymaroc.webmarocagency.com\/?product=royal-canin-baby-dog-milk-400-g#primaryimage"},"thumbnailUrl":"https:\/\/puppymaroc.webmarocagency.com\/wp-content\/uploads\/2024\/09\/background-puppy-maroc-26.png","datePublished":"2024-09-20T22:01:34+00:00","dateModified":"2024-09-20T22:15:15+00:00","description":"Le lait Babydog Milk est formul\u00e9 pour les chiots, de la naissance au sevrage (0 \u00e0 4 mois).Les avantages :Pour assurer une croissance continue et harmonieuse, la composition du lait Babydog Milk ressemble autant que possible au lait maternel, avec une teneur \u00e9lev\u00e9e en \u00e9nergie et en prot\u00e9ines.Le lait Babydog Milk contient des prot\u00e9ines hautement digestibles s\u00e9lectionn\u00e9es avec soin et une teneur en lactose tr\u00e8s similaire \u00e0 celle du lait maternel. Comme il ne contient pas d\u2019amidon, ce lait convient particuli\u00e8rement bien au syst\u00e8me digestif du chiot (le chiot ne s\u00e9cr\u00e8te pas assez d\u2019amylase pour dig\u00e9rer l\u2019amidon). L\u2019ajout de fructooligosaccharides (FOS) aide \u00e0 maintenir un \u00e9quilibre sain de la flore digestive.Pour assurer une croissance continue et harmonieuse, la composition du lait Babydog Milk ressemble autant que possible au lait maternel, avec une teneur \u00e9lev\u00e9e en \u00e9nergie et en prot\u00e9ines.Le syst\u00e8me nerveux du chiot continue de se d\u00e9velopper apr\u00e8s la naissance. L\u2019ADH naturellement pr\u00e9sent dans le lait maternel aide au d\u00e9veloppement des fonctions cognitives. Le lait Babydog Milk est enrichi d\u2019ADH.Apport nutritionnel complet et \u00e9quilibr\u00e9 \u00e0 100 %.","breadcrumb":{"@id":"https:\/\/puppymaroc.webmarocagency.com\/?product=royal-canin-baby-dog-milk-400-g#breadcrumb"},"inLanguage":"fr-FR","potentialAction":[{"@type":"ReadAction","target":["https:\/\/puppymaroc.webmarocagency.com\/?product=royal-canin-baby-dog-milk-400-g"]}]},{"@type":"ImageObject","inLanguage":"fr-FR","@id":"https:\/\/puppymaroc.webmarocagency.com\/?product=royal-canin-baby-dog-milk-400-g#primaryimage","url":"https:\/\/puppymaroc.webmarocagency.com\/wp-content\/uploads\/2024\/09\/background-puppy-maroc-26.png","contentUrl":"https:\/\/puppymaroc.webmarocagency.com\/wp-content\/uploads\/2024\/09\/background-puppy-maroc-26.png","width":1080,"height":1080},{"@type":"BreadcrumbList","@id":"https:\/\/puppymaroc.webmarocagency.com\/?product=royal-canin-baby-dog-milk-400-g#breadcrumb","itemListElement":[{"@type":"ListItem","position":1,"name":"Accueil","item":"https:\/\/puppymaroc.webmarocagency.com\/"},{"@type":"ListItem","position":2,"name":"Produit","item":"https:\/\/puppymaroc.webmarocagency.com\/?page_id=1561"},{"@type":"ListItem","position":3,"name":"Royal Canin Baby Dog Milk 400 G"}]},{"@type":"WebSite","@id":"https:\/\/puppymaroc.webmarocagency.com\/#website","url":"https:\/\/puppymaroc.webmarocagency.com\/","name":"puppymaroc.com","description":"puppymaroc","publisher":{"@id":"https:\/\/puppymaroc.webmarocagency.com\/#organization"},"potentialAction":[{"@type":"SearchAction","target":{"@type":"EntryPoint","urlTemplate":"https:\/\/puppymaroc.webmarocagency.com\/?s={search_term_string}"},"query-input":{"@type":"PropertyValueSpecification","valueRequired":true,"valueName":"search_term_string"}}],"inLanguage":"fr-FR"},{"@type":"Organization","@id":"https:\/\/puppymaroc.webmarocagency.com\/#organization","name":"puppymaroc.com","url":"https:\/\/puppymaroc.webmarocagency.com\/","logo":{"@type":"ImageObject","inLanguage":"fr-FR","@id":"https:\/\/puppymaroc.webmarocagency.com\/#\/schema\/logo\/image\/","url":"https:\/\/puppymaroc.webmarocagency.com\/wp-content\/uploads\/2024\/02\/cropped-cropped-puppy-maroc-logo-rmv-2.png","contentUrl":"https:\/\/puppymaroc.webmarocagency.com\/wp-content\/uploads\/2024\/02\/cropped-cropped-puppy-maroc-logo-rmv-2.png","width":958,"height":920,"caption":"puppymaroc.com"},"image":{"@id":"https:\/\/puppymaroc.webmarocagency.com\/#\/schema\/logo\/image\/"},"sameAs":["https:\/\/www.facebook.com\/PuppyMaroc?mibextid=ZbWKwL"]}]}},"_links":{"self":[{"href":"https:\/\/puppymaroc.webmarocagency.com\/index.php?rest_route=\/wp\/v2\/product\/2177","targetHints":{"allow":["GET"]}}],"collection":[{"href":"https:\/\/puppymaroc.webmarocagency.com\/index.php?rest_route=\/wp\/v2\/product"}],"about":[{"href":"https:\/\/puppymaroc.webmarocagency.com\/index.php?rest_route=\/wp\/v2\/types\/product"}],"replies":[{"embeddable":true,"href":"https:\/\/puppymaroc.webmarocagency.com\/index.php?rest_route=%2Fwp%2Fv2%2Fcomments&post=2177"}],"wp:featuredmedia":[{"embeddable":true,"href":"https:\/\/puppymaroc.webmarocagency.com\/index.php?rest_route=\/wp\/v2\/media\/2178"}],"wp:attachment":[{"href":"https:\/\/puppymaroc.webmarocagency.com\/index.php?rest_route=%2Fwp%2Fv2%2Fmedia&parent=2177"}],"wp:term":[{"taxonomy":"product_brand","embeddable":true,"href":"https:\/\/puppymaroc.webmarocagency.com\/index.php?rest_route=%2Fwp%2Fv2%2Fproduct_brand&post=2177"},{"taxonomy":"product_cat","embeddable":true,"href":"https:\/\/puppymaroc.webmarocagency.com\/index.php?rest_route=%2Fwp%2Fv2%2Fproduct_cat&post=2177"},{"taxonomy":"product_tag","embeddable":true,"href":"https:\/\/puppymaroc.webmarocagency.com\/index.php?rest_route=%2Fwp%2Fv2%2Fproduct_tag&post=2177"}],"curies":[{"name":"wp","href":"https:\/\/api.w.org\/{rel}","templated":true}]}}