{"id":2179,"date":"2024-09-20T23:06:49","date_gmt":"2024-09-20T22:06:49","guid":{"rendered":"https:\/\/puppymaroc.com\/?post_type=product&#038;p=2179"},"modified":"2024-09-20T23:13:37","modified_gmt":"2024-09-20T22:13:37","slug":"babycat-milk-royal-canin-300-g","status":"publish","type":"product","link":"https:\/\/puppymaroc.webmarocagency.com\/?product=babycat-milk-royal-canin-300-g","title":{"rendered":"Babycat milk Royal Canin 300 G"},"content":{"rendered":"<h3>Informations Nutritionnelles :<\/h3>\n<div class=\"content\">Additifs (au kg)\u00a0: Additifs nutritionnels\u00a0: Vitamine A\u00a0: 25000\u00a0UI, Vitamine D3\u00a0: 1500\u00a0UI, 3b103 (Fer)\u00a0: 100\u00a0mg, 3b201 (Iode)\u00a0: 4\u00a0mg, 3b405 (Cuivre)\u00a0: 15\u00a0mg, 3b503 (Mangan\u00e8se)\u00a0: 80\u00a0mg, 3b605 (Zinc)\u00a0: 190\u00a0mg, 3b810 (S\u00e9l\u00e9nium)\u00a0: 0,43\u00a0mg, Taurine\u00a0: 2,2\u00a0g &#8211; Antioxyg\u00e8nes.<\/div>\n<div class=\"content\">Constituants analytiques : Prot\u00e9ine\u00a0: 33\u00a0% &#8211; Teneur en mati\u00e8res grasses\u00a0: 39\u00a0% &#8211; Cellulose brute : 6% &#8211; Cendres brutes\u00a0: 19,5\u00a0%<\/div>\n<div class=\"content\">Composition : R\u00e9tentat de lait, mati\u00e8res grasses laiti\u00e8res, huile de palme raffin\u00e9e (issue de sources durables), prot\u00e9ine de lactos\u00e9rum, huile de soja raffin\u00e9e, huile de coco raffin\u00e9e, min\u00e9raux, fructo-oligo-saccharides (0,5 %), huile de poisson (source de DHA), huile de champignons (source d\u2019acide arachidonique).<\/div>\n<div class=\"content\">Mode d\u2019emploi\u00a0: D\u00e9layer 10 ml de poudre de lait dans 20 ml d\u2019eau en bouteille faiblement min\u00e9ralis\u00e9e \u00e0 environ 70\u00b0C et servir ti\u00e8de suivant les indications de la fiche technique contenue \u00e0 l\u2019int\u00e9rieur de la bo\u00eete. Num\u00e9ro de lot et d\u2019identifiant usine, \u00e0 utiliser de pr\u00e9f\u00e9rence avant : voir sur l\u2019emballage. \u00c0 conserver dans un endroit sec et frais. Les sachets ne peuvent \u00eatre vendus s\u00e9par\u00e9ment.<\/div>\n<div class=\"content\"><\/div>\n<h3 class=\"content\">\u00a0B\u00e9n\u00e9fices :<\/h3>\n<div class=\"content\">\n<div id=\"j-details-description-tabs\">\n<div id=\"GoodsDetailTabs\" data-gtm-vis-has-fired-40760133_751=\"1\" data-gtm-vis-has-fired-40760133_515=\"1\" data-gtm-vis-has-fired-40760133_511=\"1\" data-gtm-vis-has-fired-40760133_376=\"1\" data-gtm-vis-has-fired-40760133_752=\"1\" data-gtm-vis-has-fired-40760133_379=\"1\" data-gtm-vis-total-visible-time-40760133_515=\"500\" data-gtm-vis-first-on-screen-40760133_515=\"4453\" data-gtm-vis-total-visible-time-40760133_511=\"500\" data-gtm-vis-first-on-screen-40760133_511=\"4453\" data-gtm-vis-total-visible-time-40760133_376=\"500\" data-gtm-vis-first-on-screen-40760133_376=\"4453\" data-gtm-vis-total-visible-time-40760133_751=\"1500\" data-gtm-vis-first-on-screen-40760133_751=\"4453\" data-gtm-vis-total-visible-time-40760133_752=\"500\" data-gtm-vis-first-on-screen-40760133_752=\"4452\" data-gtm-vis-total-visible-time-40760133_379=\"500\" data-gtm-vis-first-on-screen-40760133_379=\"4452\" data-tms=\"Product description\">\n<div class=\"rc-match-heights rc-content-h-middle rc-reverse-layout\">\n<div>\n<div class=\"rc-tabs tabs-detail\">\n<div id=\"tab__panel-2\" class=\"rc-tabs__content__single clearfix benefits ingredients rc-showhide\" aria-expanded=\"true\">\n<div class=\"block Benefits rc-max-width--xl rc-padding-x--sm\">\n<ul class=\"ui-star-list rc_proudct_html_tab2 list-paddingleft-2\">\n<li>\n<div class=\"list_title\">Croissance harmonieuse<\/div>\n<div class=\"list_item\">Pour une croissance r\u00e9guli\u00e8re et harmonieuse, la composition du lait ROYAL CANIN\u00ae Babycat Milk pour chatons est aussi proche que possible du lait maternel.<\/div>\n<\/li>\n<li>\n<div class=\"list_title\">Sant\u00e9 digestive<\/div>\n<div class=\"list_item\">Le lait ROYAL CANIN\u00ae Babycat Milk pour chatons contient des prot\u00e9ines ultra digestibles soigneusement s\u00e9lectionn\u00e9es et une teneur en lactose tr\u00e8s proche de celle du lait maternel. Il est particuli\u00e8rement adapt\u00e9 au syst\u00e8me digestif du chaton car il ne contient pas d\u2019amidon (les chatons ne s\u00e9cr\u00e9tent pas assez d&rsquo;enzymes pour le dig\u00e9rer). La flore intestinale du chaton se d\u00e9veloppe progressivement sur plusieurs semaines. L\u2019ajout de probiotiques (FOS) aide au maintien de l&rsquo;\u00e9quilibre de la flore intestinale.<\/div>\n<\/li>\n<li>\n<div class=\"list_title\">Lait instantan\u00e9<\/div>\n<div class=\"list_item\">Gr\u00e2ce \u00e0 sa formule exclusive, le lait ROYAL CANIN\u00ae Babycat Milk pour chatons se dissout instantan\u00e9ment et compl\u00e8tement, sans grumaux, produisant une formule totalement homog\u00e8ne (voir le guide d\u2019utilisation).<\/div>\n<\/li>\n<\/ul>\n<p>&nbsp;<\/p>\n<h3>\u00a0Rations :<\/h3>\n<div id=\"j-details-description-tabs\">\n<div id=\"GoodsDetailTabs\" data-gtm-vis-has-fired-40760133_751=\"1\" data-gtm-vis-has-fired-40760133_515=\"1\" data-gtm-vis-has-fired-40760133_511=\"1\" data-gtm-vis-has-fired-40760133_376=\"1\" data-gtm-vis-has-fired-40760133_752=\"1\" data-gtm-vis-has-fired-40760133_379=\"1\" data-gtm-vis-total-visible-time-40760133_515=\"500\" data-gtm-vis-first-on-screen-40760133_515=\"4453\" data-gtm-vis-total-visible-time-40760133_511=\"500\" data-gtm-vis-first-on-screen-40760133_511=\"4453\" data-gtm-vis-total-visible-time-40760133_376=\"500\" data-gtm-vis-first-on-screen-40760133_376=\"4453\" data-gtm-vis-total-visible-time-40760133_751=\"1500\" data-gtm-vis-first-on-screen-40760133_751=\"4453\" data-gtm-vis-total-visible-time-40760133_752=\"500\" data-gtm-vis-first-on-screen-40760133_752=\"4452\" data-gtm-vis-total-visible-time-40760133_379=\"500\" data-gtm-vis-first-on-screen-40760133_379=\"4452\" data-tms=\"Product description\">\n<div class=\"rc-match-heights rc-content-h-middle rc-reverse-layout\">\n<div>\n<div class=\"rc-tabs tabs-detail\">\n<div id=\"tab__panel-3\" class=\"rc-tabs__content__single clearfix benefits ingredients rc-showhide\" aria-expanded=\"true\">\n<div class=\"block Guide rc-max-width--xl rc-padding-x--sm\">\n<table>\n<thead>\n<tr>\n<th>\u00c2ge (semaine)<\/th>\n<th>Nombre de repas du chaton par jour<\/th>\n<th>Ml de lait reconstitu\u00e9 par repas par chaton<\/th>\n<th>Ml de lait reconstitu\u00e9 par repas par chaton<\/th>\n<th>Lait en poudre (en cuill\u00e8re-mesure)<\/th>\n<th>Lait en poudre (en cuill\u00e8re-mesure)<\/th>\n<\/tr>\n<\/thead>\n<tbody>\n<tr>\n<td>&#8211;<\/td>\n<td>&#8211;<\/td>\n<td>Min<\/td>\n<td>Max<\/td>\n<td>Min<\/td>\n<td>Max<\/td>\n<\/tr>\n<tr>\n<td>1 semaine<\/td>\n<td>7<\/td>\n<td>2 ml<\/td>\n<td>4 ml<\/td>\n<td>1\/10<\/td>\n<td>2\/10<\/td>\n<\/tr>\n<tr>\n<td>2 semaines<\/td>\n<td>6<\/td>\n<td>5 ml<\/td>\n<td>10 ml<\/td>\n<td>3\/10<\/td>\n<td>5\/10<\/td>\n<\/tr>\n<tr>\n<td>3 semaines<\/td>\n<td>5<\/td>\n<td>10 ml<\/td>\n<td>15 ml<\/td>\n<td>5\/10<\/td>\n<td>8\/10<\/td>\n<\/tr>\n<tr>\n<td>4 semaines<\/td>\n<td>5<\/td>\n<td>10 ml<\/td>\n<td>15 ml<\/td>\n<td>5\/10<\/td>\n<td>8\/10<\/td>\n<\/tr>\n<\/tbody>\n<\/table>\n<\/div>\n<\/div>\n<\/div>\n<\/div>\n<\/div>\n<\/div>\n<\/div>\n<\/div>\n<\/div>\n<\/div>\n<\/div>\n<\/div>\n<\/div>\n<\/div>\n<\/div>\n","protected":false},"excerpt":{"rendered":"<h2 class=\"text-break mb-1 mt-2\">Aliment complet pour chats &#8211; Lait 1er \u00e2ge pour chatons.<\/h2>\n<p>ROYAL CANIN\u00ae Babycat Milk est con\u00e7u pour r\u00e9pondre aux besoins nutritionnels de votre chaton. Cet aliment convient aux chatons premier \u00e2ge de la naissance jusqu\u2019au sevrage. Pour une croissance r\u00e9guli\u00e8re et harmonieuse apr\u00e8s la naissance, la composition du lait ROYAL CANIN\u00ae Babycat Milk est aussi proche que possible du lait maternel. ROYAL CANIN\u00ae Babycat Milk contient \u00e9galement des prot\u00e9ines ultra-digestibles, il est donc particuli\u00e8rement adapt\u00e9 au syst\u00e8me digestif du chaton et aide au maintien de l\u2019\u00e9quilibre de la flore intestinale gr\u00e2ce \u00e0 l\u2019ajout de probiotiques (FOS). Enfin, gr\u00e2ce \u00e0 sa formule exclusive, ROYAL CANIN\u00ae Babycat Milk se dissout instantan\u00e9ment et compl\u00e9tement, produisant alors une formule totalement homog\u00e8ne pour correspondre au profil nutritionnel des chatons.<\/p>\n","protected":false},"featured_media":2181,"comment_status":"open","ping_status":"closed","template":"","meta":[],"product_brand":[],"product_cat":[74],"product_tag":[],"class_list":{"0":"post-2179","1":"product","2":"type-product","3":"status-publish","4":"has-post-thumbnail","6":"product_cat-alimentation-2","8":"first","9":"instock","10":"sale","11":"shipping-taxable","12":"purchasable","13":"product-type-simple"},"yoast_head":"<!-- This site is optimized with the Yoast SEO plugin v25.8 - https:\/\/yoast.com\/wordpress\/plugins\/seo\/ -->\n<title>Babycat milk Royal Canin 300 G - puppymaroc.com<\/title>\n<meta name=\"description\" content=\"Aliment complet pour chats - Lait 1er \u00e2ge pour chatons.ROYAL CANIN\u00ae Babycat Milk est con\u00e7u pour r\u00e9pondre aux besoins nutritionnels de votre chaton. Cet aliment convient aux chatons premier \u00e2ge de la naissance jusqu\u2019au sevrage. Pour une croissance r\u00e9guli\u00e8re et harmonieuse apr\u00e8s la naissance, la composition du lait ROYAL CANIN\u00ae Babycat Milk est aussi proche que possible du lait maternel. ROYAL CANIN\u00ae Babycat Milk contient \u00e9galement des prot\u00e9ines ultra-digestibles, il est donc particuli\u00e8rement adapt\u00e9 au syst\u00e8me digestif du chaton et aide au maintien de l\u2019\u00e9quilibre de la flore intestinale gr\u00e2ce \u00e0 l\u2019ajout de probiotiques (FOS). Enfin, gr\u00e2ce \u00e0 sa formule exclusive, ROYAL CANIN\u00ae Babycat Milk se dissout instantan\u00e9ment et compl\u00e9tement, produisant alors une formule totalement homog\u00e8ne pour correspondre au profil nutritionnel des chatons.\" \/>\n<meta name=\"robots\" content=\"index, follow, max-snippet:-1, max-image-preview:large, max-video-preview:-1\" \/>\n<link rel=\"canonical\" href=\"https:\/\/puppymaroc.webmarocagency.com\/?product=babycat-milk-royal-canin-300-g\" \/>\n<meta property=\"og:locale\" content=\"fr_FR\" \/>\n<meta property=\"og:type\" content=\"article\" \/>\n<meta property=\"og:title\" content=\"Babycat milk Royal Canin 300 G - puppymaroc.com\" \/>\n<meta property=\"og:description\" content=\"Aliment complet pour chats - Lait 1er \u00e2ge pour chatons.ROYAL CANIN\u00ae Babycat Milk est con\u00e7u pour r\u00e9pondre aux besoins nutritionnels de votre chaton. Cet aliment convient aux chatons premier \u00e2ge de la naissance jusqu\u2019au sevrage. Pour une croissance r\u00e9guli\u00e8re et harmonieuse apr\u00e8s la naissance, la composition du lait ROYAL CANIN\u00ae Babycat Milk est aussi proche que possible du lait maternel. ROYAL CANIN\u00ae Babycat Milk contient \u00e9galement des prot\u00e9ines ultra-digestibles, il est donc particuli\u00e8rement adapt\u00e9 au syst\u00e8me digestif du chaton et aide au maintien de l\u2019\u00e9quilibre de la flore intestinale gr\u00e2ce \u00e0 l\u2019ajout de probiotiques (FOS). Enfin, gr\u00e2ce \u00e0 sa formule exclusive, ROYAL CANIN\u00ae Babycat Milk se dissout instantan\u00e9ment et compl\u00e9tement, produisant alors une formule totalement homog\u00e8ne pour correspondre au profil nutritionnel des chatons.\" \/>\n<meta property=\"og:url\" content=\"https:\/\/puppymaroc.webmarocagency.com\/?product=babycat-milk-royal-canin-300-g\" \/>\n<meta property=\"og:site_name\" content=\"puppymaroc.com\" \/>\n<meta property=\"article:publisher\" content=\"https:\/\/www.facebook.com\/PuppyMaroc?mibextid=ZbWKwL\" \/>\n<meta property=\"article:modified_time\" content=\"2024-09-20T22:13:37+00:00\" \/>\n<meta property=\"og:image\" content=\"https:\/\/puppymaroc.webmarocagency.com\/wp-content\/uploads\/2024\/09\/background-puppy-maroc-27.png\" \/>\n\t<meta property=\"og:image:width\" content=\"1080\" \/>\n\t<meta property=\"og:image:height\" content=\"1080\" \/>\n\t<meta property=\"og:image:type\" content=\"image\/png\" \/>\n<meta name=\"twitter:card\" content=\"summary_large_image\" \/>\n<meta name=\"twitter:label1\" content=\"Dur\u00e9e de lecture estim\u00e9e\" \/>\n\t<meta name=\"twitter:data1\" content=\"2 minutes\" \/>\n<script type=\"application\/ld+json\" class=\"yoast-schema-graph\">{\"@context\":\"https:\/\/schema.org\",\"@graph\":[{\"@type\":\"WebPage\",\"@id\":\"https:\/\/puppymaroc.webmarocagency.com\/?product=babycat-milk-royal-canin-300-g\",\"url\":\"https:\/\/puppymaroc.webmarocagency.com\/?product=babycat-milk-royal-canin-300-g\",\"name\":\"Babycat milk Royal Canin 300 G - puppymaroc.com\",\"isPartOf\":{\"@id\":\"https:\/\/puppymaroc.webmarocagency.com\/#website\"},\"primaryImageOfPage\":{\"@id\":\"https:\/\/puppymaroc.webmarocagency.com\/?product=babycat-milk-royal-canin-300-g#primaryimage\"},\"image\":{\"@id\":\"https:\/\/puppymaroc.webmarocagency.com\/?product=babycat-milk-royal-canin-300-g#primaryimage\"},\"thumbnailUrl\":\"https:\/\/puppymaroc.webmarocagency.com\/wp-content\/uploads\/2024\/09\/background-puppy-maroc-27.png\",\"datePublished\":\"2024-09-20T22:06:49+00:00\",\"dateModified\":\"2024-09-20T22:13:37+00:00\",\"description\":\"Aliment complet pour chats - Lait 1er \u00e2ge pour chatons.ROYAL CANIN\u00ae Babycat Milk est con\u00e7u pour r\u00e9pondre aux besoins nutritionnels de votre chaton. Cet aliment convient aux chatons premier \u00e2ge de la naissance jusqu\u2019au sevrage. Pour une croissance r\u00e9guli\u00e8re et harmonieuse apr\u00e8s la naissance, la composition du lait ROYAL CANIN\u00ae Babycat Milk est aussi proche que possible du lait maternel. ROYAL CANIN\u00ae Babycat Milk contient \u00e9galement des prot\u00e9ines ultra-digestibles, il est donc particuli\u00e8rement adapt\u00e9 au syst\u00e8me digestif du chaton et aide au maintien de l\u2019\u00e9quilibre de la flore intestinale gr\u00e2ce \u00e0 l\u2019ajout de probiotiques (FOS). Enfin, gr\u00e2ce \u00e0 sa formule exclusive, ROYAL CANIN\u00ae Babycat Milk se dissout instantan\u00e9ment et compl\u00e9tement, produisant alors une formule totalement homog\u00e8ne pour correspondre au profil nutritionnel des chatons.\",\"breadcrumb\":{\"@id\":\"https:\/\/puppymaroc.webmarocagency.com\/?product=babycat-milk-royal-canin-300-g#breadcrumb\"},\"inLanguage\":\"fr-FR\",\"potentialAction\":[{\"@type\":\"ReadAction\",\"target\":[\"https:\/\/puppymaroc.webmarocagency.com\/?product=babycat-milk-royal-canin-300-g\"]}]},{\"@type\":\"ImageObject\",\"inLanguage\":\"fr-FR\",\"@id\":\"https:\/\/puppymaroc.webmarocagency.com\/?product=babycat-milk-royal-canin-300-g#primaryimage\",\"url\":\"https:\/\/puppymaroc.webmarocagency.com\/wp-content\/uploads\/2024\/09\/background-puppy-maroc-27.png\",\"contentUrl\":\"https:\/\/puppymaroc.webmarocagency.com\/wp-content\/uploads\/2024\/09\/background-puppy-maroc-27.png\",\"width\":1080,\"height\":1080},{\"@type\":\"BreadcrumbList\",\"@id\":\"https:\/\/puppymaroc.webmarocagency.com\/?product=babycat-milk-royal-canin-300-g#breadcrumb\",\"itemListElement\":[{\"@type\":\"ListItem\",\"position\":1,\"name\":\"Accueil\",\"item\":\"https:\/\/puppymaroc.webmarocagency.com\/\"},{\"@type\":\"ListItem\",\"position\":2,\"name\":\"Produit\",\"item\":\"https:\/\/puppymaroc.webmarocagency.com\/?page_id=1561\"},{\"@type\":\"ListItem\",\"position\":3,\"name\":\"Babycat milk Royal Canin 300 G\"}]},{\"@type\":\"WebSite\",\"@id\":\"https:\/\/puppymaroc.webmarocagency.com\/#website\",\"url\":\"https:\/\/puppymaroc.webmarocagency.com\/\",\"name\":\"puppymaroc.com\",\"description\":\"puppymaroc\",\"publisher\":{\"@id\":\"https:\/\/puppymaroc.webmarocagency.com\/#organization\"},\"potentialAction\":[{\"@type\":\"SearchAction\",\"target\":{\"@type\":\"EntryPoint\",\"urlTemplate\":\"https:\/\/puppymaroc.webmarocagency.com\/?s={search_term_string}\"},\"query-input\":{\"@type\":\"PropertyValueSpecification\",\"valueRequired\":true,\"valueName\":\"search_term_string\"}}],\"inLanguage\":\"fr-FR\"},{\"@type\":\"Organization\",\"@id\":\"https:\/\/puppymaroc.webmarocagency.com\/#organization\",\"name\":\"puppymaroc.com\",\"url\":\"https:\/\/puppymaroc.webmarocagency.com\/\",\"logo\":{\"@type\":\"ImageObject\",\"inLanguage\":\"fr-FR\",\"@id\":\"https:\/\/puppymaroc.webmarocagency.com\/#\/schema\/logo\/image\/\",\"url\":\"https:\/\/puppymaroc.webmarocagency.com\/wp-content\/uploads\/2024\/02\/cropped-cropped-puppy-maroc-logo-rmv-2.png\",\"contentUrl\":\"https:\/\/puppymaroc.webmarocagency.com\/wp-content\/uploads\/2024\/02\/cropped-cropped-puppy-maroc-logo-rmv-2.png\",\"width\":958,\"height\":920,\"caption\":\"puppymaroc.com\"},\"image\":{\"@id\":\"https:\/\/puppymaroc.webmarocagency.com\/#\/schema\/logo\/image\/\"},\"sameAs\":[\"https:\/\/www.facebook.com\/PuppyMaroc?mibextid=ZbWKwL\"]}]}<\/script>\n<!-- \/ Yoast SEO plugin. -->","yoast_head_json":{"title":"Babycat milk Royal Canin 300 G - puppymaroc.com","description":"Aliment complet pour chats - Lait 1er \u00e2ge pour chatons.ROYAL CANIN\u00ae Babycat Milk est con\u00e7u pour r\u00e9pondre aux besoins nutritionnels de votre chaton. Cet aliment convient aux chatons premier \u00e2ge de la naissance jusqu\u2019au sevrage. Pour une croissance r\u00e9guli\u00e8re et harmonieuse apr\u00e8s la naissance, la composition du lait ROYAL CANIN\u00ae Babycat Milk est aussi proche que possible du lait maternel. ROYAL CANIN\u00ae Babycat Milk contient \u00e9galement des prot\u00e9ines ultra-digestibles, il est donc particuli\u00e8rement adapt\u00e9 au syst\u00e8me digestif du chaton et aide au maintien de l\u2019\u00e9quilibre de la flore intestinale gr\u00e2ce \u00e0 l\u2019ajout de probiotiques (FOS). Enfin, gr\u00e2ce \u00e0 sa formule exclusive, ROYAL CANIN\u00ae Babycat Milk se dissout instantan\u00e9ment et compl\u00e9tement, produisant alors une formule totalement homog\u00e8ne pour correspondre au profil nutritionnel des chatons.","robots":{"index":"index","follow":"follow","max-snippet":"max-snippet:-1","max-image-preview":"max-image-preview:large","max-video-preview":"max-video-preview:-1"},"canonical":"https:\/\/puppymaroc.webmarocagency.com\/?product=babycat-milk-royal-canin-300-g","og_locale":"fr_FR","og_type":"article","og_title":"Babycat milk Royal Canin 300 G - puppymaroc.com","og_description":"Aliment complet pour chats - Lait 1er \u00e2ge pour chatons.ROYAL CANIN\u00ae Babycat Milk est con\u00e7u pour r\u00e9pondre aux besoins nutritionnels de votre chaton. Cet aliment convient aux chatons premier \u00e2ge de la naissance jusqu\u2019au sevrage. Pour une croissance r\u00e9guli\u00e8re et harmonieuse apr\u00e8s la naissance, la composition du lait ROYAL CANIN\u00ae Babycat Milk est aussi proche que possible du lait maternel. ROYAL CANIN\u00ae Babycat Milk contient \u00e9galement des prot\u00e9ines ultra-digestibles, il est donc particuli\u00e8rement adapt\u00e9 au syst\u00e8me digestif du chaton et aide au maintien de l\u2019\u00e9quilibre de la flore intestinale gr\u00e2ce \u00e0 l\u2019ajout de probiotiques (FOS). Enfin, gr\u00e2ce \u00e0 sa formule exclusive, ROYAL CANIN\u00ae Babycat Milk se dissout instantan\u00e9ment et compl\u00e9tement, produisant alors une formule totalement homog\u00e8ne pour correspondre au profil nutritionnel des chatons.","og_url":"https:\/\/puppymaroc.webmarocagency.com\/?product=babycat-milk-royal-canin-300-g","og_site_name":"puppymaroc.com","article_publisher":"https:\/\/www.facebook.com\/PuppyMaroc?mibextid=ZbWKwL","article_modified_time":"2024-09-20T22:13:37+00:00","og_image":[{"width":1080,"height":1080,"url":"https:\/\/puppymaroc.webmarocagency.com\/wp-content\/uploads\/2024\/09\/background-puppy-maroc-27.png","type":"image\/png"}],"twitter_card":"summary_large_image","twitter_misc":{"Dur\u00e9e de lecture estim\u00e9e":"2 minutes"},"schema":{"@context":"https:\/\/schema.org","@graph":[{"@type":"WebPage","@id":"https:\/\/puppymaroc.webmarocagency.com\/?product=babycat-milk-royal-canin-300-g","url":"https:\/\/puppymaroc.webmarocagency.com\/?product=babycat-milk-royal-canin-300-g","name":"Babycat milk Royal Canin 300 G - puppymaroc.com","isPartOf":{"@id":"https:\/\/puppymaroc.webmarocagency.com\/#website"},"primaryImageOfPage":{"@id":"https:\/\/puppymaroc.webmarocagency.com\/?product=babycat-milk-royal-canin-300-g#primaryimage"},"image":{"@id":"https:\/\/puppymaroc.webmarocagency.com\/?product=babycat-milk-royal-canin-300-g#primaryimage"},"thumbnailUrl":"https:\/\/puppymaroc.webmarocagency.com\/wp-content\/uploads\/2024\/09\/background-puppy-maroc-27.png","datePublished":"2024-09-20T22:06:49+00:00","dateModified":"2024-09-20T22:13:37+00:00","description":"Aliment complet pour chats - Lait 1er \u00e2ge pour chatons.ROYAL CANIN\u00ae Babycat Milk est con\u00e7u pour r\u00e9pondre aux besoins nutritionnels de votre chaton. Cet aliment convient aux chatons premier \u00e2ge de la naissance jusqu\u2019au sevrage. Pour une croissance r\u00e9guli\u00e8re et harmonieuse apr\u00e8s la naissance, la composition du lait ROYAL CANIN\u00ae Babycat Milk est aussi proche que possible du lait maternel. ROYAL CANIN\u00ae Babycat Milk contient \u00e9galement des prot\u00e9ines ultra-digestibles, il est donc particuli\u00e8rement adapt\u00e9 au syst\u00e8me digestif du chaton et aide au maintien de l\u2019\u00e9quilibre de la flore intestinale gr\u00e2ce \u00e0 l\u2019ajout de probiotiques (FOS). Enfin, gr\u00e2ce \u00e0 sa formule exclusive, ROYAL CANIN\u00ae Babycat Milk se dissout instantan\u00e9ment et compl\u00e9tement, produisant alors une formule totalement homog\u00e8ne pour correspondre au profil nutritionnel des chatons.","breadcrumb":{"@id":"https:\/\/puppymaroc.webmarocagency.com\/?product=babycat-milk-royal-canin-300-g#breadcrumb"},"inLanguage":"fr-FR","potentialAction":[{"@type":"ReadAction","target":["https:\/\/puppymaroc.webmarocagency.com\/?product=babycat-milk-royal-canin-300-g"]}]},{"@type":"ImageObject","inLanguage":"fr-FR","@id":"https:\/\/puppymaroc.webmarocagency.com\/?product=babycat-milk-royal-canin-300-g#primaryimage","url":"https:\/\/puppymaroc.webmarocagency.com\/wp-content\/uploads\/2024\/09\/background-puppy-maroc-27.png","contentUrl":"https:\/\/puppymaroc.webmarocagency.com\/wp-content\/uploads\/2024\/09\/background-puppy-maroc-27.png","width":1080,"height":1080},{"@type":"BreadcrumbList","@id":"https:\/\/puppymaroc.webmarocagency.com\/?product=babycat-milk-royal-canin-300-g#breadcrumb","itemListElement":[{"@type":"ListItem","position":1,"name":"Accueil","item":"https:\/\/puppymaroc.webmarocagency.com\/"},{"@type":"ListItem","position":2,"name":"Produit","item":"https:\/\/puppymaroc.webmarocagency.com\/?page_id=1561"},{"@type":"ListItem","position":3,"name":"Babycat milk Royal Canin 300 G"}]},{"@type":"WebSite","@id":"https:\/\/puppymaroc.webmarocagency.com\/#website","url":"https:\/\/puppymaroc.webmarocagency.com\/","name":"puppymaroc.com","description":"puppymaroc","publisher":{"@id":"https:\/\/puppymaroc.webmarocagency.com\/#organization"},"potentialAction":[{"@type":"SearchAction","target":{"@type":"EntryPoint","urlTemplate":"https:\/\/puppymaroc.webmarocagency.com\/?s={search_term_string}"},"query-input":{"@type":"PropertyValueSpecification","valueRequired":true,"valueName":"search_term_string"}}],"inLanguage":"fr-FR"},{"@type":"Organization","@id":"https:\/\/puppymaroc.webmarocagency.com\/#organization","name":"puppymaroc.com","url":"https:\/\/puppymaroc.webmarocagency.com\/","logo":{"@type":"ImageObject","inLanguage":"fr-FR","@id":"https:\/\/puppymaroc.webmarocagency.com\/#\/schema\/logo\/image\/","url":"https:\/\/puppymaroc.webmarocagency.com\/wp-content\/uploads\/2024\/02\/cropped-cropped-puppy-maroc-logo-rmv-2.png","contentUrl":"https:\/\/puppymaroc.webmarocagency.com\/wp-content\/uploads\/2024\/02\/cropped-cropped-puppy-maroc-logo-rmv-2.png","width":958,"height":920,"caption":"puppymaroc.com"},"image":{"@id":"https:\/\/puppymaroc.webmarocagency.com\/#\/schema\/logo\/image\/"},"sameAs":["https:\/\/www.facebook.com\/PuppyMaroc?mibextid=ZbWKwL"]}]}},"_links":{"self":[{"href":"https:\/\/puppymaroc.webmarocagency.com\/index.php?rest_route=\/wp\/v2\/product\/2179","targetHints":{"allow":["GET"]}}],"collection":[{"href":"https:\/\/puppymaroc.webmarocagency.com\/index.php?rest_route=\/wp\/v2\/product"}],"about":[{"href":"https:\/\/puppymaroc.webmarocagency.com\/index.php?rest_route=\/wp\/v2\/types\/product"}],"replies":[{"embeddable":true,"href":"https:\/\/puppymaroc.webmarocagency.com\/index.php?rest_route=%2Fwp%2Fv2%2Fcomments&post=2179"}],"wp:featuredmedia":[{"embeddable":true,"href":"https:\/\/puppymaroc.webmarocagency.com\/index.php?rest_route=\/wp\/v2\/media\/2181"}],"wp:attachment":[{"href":"https:\/\/puppymaroc.webmarocagency.com\/index.php?rest_route=%2Fwp%2Fv2%2Fmedia&parent=2179"}],"wp:term":[{"taxonomy":"product_brand","embeddable":true,"href":"https:\/\/puppymaroc.webmarocagency.com\/index.php?rest_route=%2Fwp%2Fv2%2Fproduct_brand&post=2179"},{"taxonomy":"product_cat","embeddable":true,"href":"https:\/\/puppymaroc.webmarocagency.com\/index.php?rest_route=%2Fwp%2Fv2%2Fproduct_cat&post=2179"},{"taxonomy":"product_tag","embeddable":true,"href":"https:\/\/puppymaroc.webmarocagency.com\/index.php?rest_route=%2Fwp%2Fv2%2Fproduct_tag&post=2179"}],"curies":[{"name":"wp","href":"https:\/\/api.w.org\/{rel}","templated":true}]}}