{"id":2182,"date":"2024-09-20T23:20:26","date_gmt":"2024-09-20T22:20:26","guid":{"rendered":"https:\/\/puppymaroc.com\/?post_type=product&#038;p=2182"},"modified":"2024-09-20T23:23:20","modified_gmt":"2024-09-20T22:23:20","slug":"bubimix-tapis-educateur-pour-chiots-50x30-10-unites","status":"publish","type":"product","link":"https:\/\/puppymaroc.webmarocagency.com\/?product=bubimix-tapis-educateur-pour-chiots-50x30-10-unites","title":{"rendered":"BUBIMIX &#8211; TAPIS \u00c9DUCATEUR POUR CHIOTS 50X30, 10 UNIT\u00c9S"},"content":{"rendered":"<ul>\n<li>Tapis \u00e9ducateurs pour chiot Bubimex,<\/li>\n<li>Livr\u00e9s par 10 unit\u00e9s : Economiques et pratiques<\/li>\n<li>Solution parfaite pour faciliter l&rsquo;entra\u00eenement de votre petit compagnon,<\/li>\n<li>Absorption rapide des liquides, maintenant la propret\u00e9 et minimisant les odeurs,<\/li>\n<li>Ces tapis peuvent \u00eatre utilis\u00e9s lors de la convalescence des chiens ou chats qui ne peuvent pas se d\u00e9placer ou pour des probl\u00e8mes d&rsquo;incontinence des animaux s\u00e9niors,<\/li>\n<li>Ce tapis \u00e9ducateur convient aussi pour les mises bas des chiennes ou chattes,<\/li>\n<li>Le tapis \u00e9ducateur est id\u00e9al en fond de cage<\/li>\n<\/ul>\n<p>1) Placez le tapis \u00e0 l&rsquo;endroit le plus adapt\u00e9 pour votre chiot, loin de l\u2019endroit o\u00f9 il dort, de sa nourriture et de son eau.<br \/>\n2) Humidifiez le tapis avec le spray \u00e9ducateur pour chiots.<br \/>\n3) Placez le chiot sur le tapis apr\u00e8s qu\u2019il ait bu ou mang\u00e9 jusqu\u2019\u00e0 ce qu\u2019il ait fait ses besoins. Placez le aussi sur le tapis lorsque vous le trouvez agit\u00e9, si vous pensez qu\u2019il a envie de faire ses besoins. Encouragez votre chiot et f\u00e9licitez-le lorsqu\u2019il fait ses besoins sur le tapis.<br \/>\n4) Si votre chiot a fait ses besoins ailleurs que sur le tapis, montrez lui votre m\u00e9contentement et nettoyez aussit\u00f4t l\u2019endroit sali.<br \/>\n5) Quand votre chiot aura bien int\u00e9gr\u00e9 l\u2019utilisation du tapis \u00e9ducateur, cela peut prendre quelques semaines, d\u00e9placez le tapis progressivement vers la porte d\u2019entr\u00e9e, pour finir par le mettre \u00e0 l\u2019ext\u00e9rieur puis le retirer d\u00e9finitivement.<\/p>\n<p>Poly\u00e9thyl\u00e8ne + SPA\u00a0: Polym\u00e8re super absorbant + tissu<\/p>\n","protected":false},"excerpt":{"rendered":"<p>Les tapis \u00e9ducateurs pour chiot Bubimix sont la solution parfaite pour faciliter l&rsquo;apprentissage de la propret\u00e9.<br \/>\nLivr\u00e9 par 10, sa surface s\u00e8che en 30 secondes en absorbant l&rsquo;humidit\u00e9 et les odeurs d\u00e9sagr\u00e9ables.<br \/>\ndimensions disponibles : 50 x 30 cm<\/p>\n","protected":false},"featured_media":2183,"comment_status":"open","ping_status":"closed","template":"","meta":[],"product_brand":[],"product_cat":[59],"product_tag":[],"class_list":{"0":"post-2182","1":"product","2":"type-product","3":"status-publish","4":"has-post-thumbnail","6":"product_cat-accessories-chien","8":"first","9":"instock","10":"sale","11":"shipping-taxable","12":"purchasable","13":"product-type-simple"},"yoast_head":"<!-- This site is optimized with the Yoast SEO plugin v25.8 - https:\/\/yoast.com\/wordpress\/plugins\/seo\/ -->\n<title>BUBIMIX - TAPIS \u00c9DUCATEUR POUR CHIOTS 50X30, 10 UNIT\u00c9S - puppymaroc.com<\/title>\n<meta name=\"description\" content=\"Les tapis \u00e9ducateurs pour chiot Bubimix sont la solution parfaite pour faciliter l&#039;apprentissage de la propret\u00e9.Livr\u00e9 par 10, sa surface s\u00e8che en 30 secondes en absorbant l&#039;humidit\u00e9 et les odeurs d\u00e9sagr\u00e9ables.dimensions disponibles : 50 x 30 cm\u00a0\" \/>\n<meta name=\"robots\" content=\"index, follow, max-snippet:-1, max-image-preview:large, max-video-preview:-1\" \/>\n<link rel=\"canonical\" href=\"https:\/\/puppymaroc.webmarocagency.com\/?product=bubimix-tapis-educateur-pour-chiots-50x30-10-unites\" \/>\n<meta property=\"og:locale\" content=\"fr_FR\" \/>\n<meta property=\"og:type\" content=\"article\" \/>\n<meta property=\"og:title\" content=\"BUBIMIX - TAPIS \u00c9DUCATEUR POUR CHIOTS 50X30, 10 UNIT\u00c9S - puppymaroc.com\" \/>\n<meta property=\"og:description\" content=\"Les tapis \u00e9ducateurs pour chiot Bubimix sont la solution parfaite pour faciliter l&#039;apprentissage de la propret\u00e9.Livr\u00e9 par 10, sa surface s\u00e8che en 30 secondes en absorbant l&#039;humidit\u00e9 et les odeurs d\u00e9sagr\u00e9ables.dimensions disponibles : 50 x 30 cm\u00a0\" \/>\n<meta property=\"og:url\" content=\"https:\/\/puppymaroc.webmarocagency.com\/?product=bubimix-tapis-educateur-pour-chiots-50x30-10-unites\" \/>\n<meta property=\"og:site_name\" content=\"puppymaroc.com\" \/>\n<meta property=\"article:publisher\" content=\"https:\/\/www.facebook.com\/PuppyMaroc?mibextid=ZbWKwL\" \/>\n<meta property=\"article:modified_time\" content=\"2024-09-20T22:23:20+00:00\" \/>\n<meta property=\"og:image\" content=\"https:\/\/puppymaroc.webmarocagency.com\/wp-content\/uploads\/2024\/09\/background-puppy-maroc-28.png\" \/>\n\t<meta property=\"og:image:width\" content=\"1080\" \/>\n\t<meta property=\"og:image:height\" content=\"1080\" \/>\n\t<meta property=\"og:image:type\" content=\"image\/png\" \/>\n<meta name=\"twitter:card\" content=\"summary_large_image\" \/>\n<meta name=\"twitter:label1\" content=\"Dur\u00e9e de lecture estim\u00e9e\" \/>\n\t<meta name=\"twitter:data1\" content=\"2 minutes\" \/>\n<script type=\"application\/ld+json\" class=\"yoast-schema-graph\">{\"@context\":\"https:\/\/schema.org\",\"@graph\":[{\"@type\":\"WebPage\",\"@id\":\"https:\/\/puppymaroc.webmarocagency.com\/?product=bubimix-tapis-educateur-pour-chiots-50x30-10-unites\",\"url\":\"https:\/\/puppymaroc.webmarocagency.com\/?product=bubimix-tapis-educateur-pour-chiots-50x30-10-unites\",\"name\":\"BUBIMIX - TAPIS \u00c9DUCATEUR POUR CHIOTS 50X30, 10 UNIT\u00c9S - puppymaroc.com\",\"isPartOf\":{\"@id\":\"https:\/\/puppymaroc.webmarocagency.com\/#website\"},\"primaryImageOfPage\":{\"@id\":\"https:\/\/puppymaroc.webmarocagency.com\/?product=bubimix-tapis-educateur-pour-chiots-50x30-10-unites#primaryimage\"},\"image\":{\"@id\":\"https:\/\/puppymaroc.webmarocagency.com\/?product=bubimix-tapis-educateur-pour-chiots-50x30-10-unites#primaryimage\"},\"thumbnailUrl\":\"https:\/\/puppymaroc.webmarocagency.com\/wp-content\/uploads\/2024\/09\/background-puppy-maroc-28.png\",\"datePublished\":\"2024-09-20T22:20:26+00:00\",\"dateModified\":\"2024-09-20T22:23:20+00:00\",\"description\":\"Les tapis \u00e9ducateurs pour chiot Bubimix sont la solution parfaite pour faciliter l'apprentissage de la propret\u00e9.Livr\u00e9 par 10, sa surface s\u00e8che en 30 secondes en absorbant l'humidit\u00e9 et les odeurs d\u00e9sagr\u00e9ables.dimensions disponibles : 50 x 30 cm\u00a0\",\"breadcrumb\":{\"@id\":\"https:\/\/puppymaroc.webmarocagency.com\/?product=bubimix-tapis-educateur-pour-chiots-50x30-10-unites#breadcrumb\"},\"inLanguage\":\"fr-FR\",\"potentialAction\":[{\"@type\":\"ReadAction\",\"target\":[\"https:\/\/puppymaroc.webmarocagency.com\/?product=bubimix-tapis-educateur-pour-chiots-50x30-10-unites\"]}]},{\"@type\":\"ImageObject\",\"inLanguage\":\"fr-FR\",\"@id\":\"https:\/\/puppymaroc.webmarocagency.com\/?product=bubimix-tapis-educateur-pour-chiots-50x30-10-unites#primaryimage\",\"url\":\"https:\/\/puppymaroc.webmarocagency.com\/wp-content\/uploads\/2024\/09\/background-puppy-maroc-28.png\",\"contentUrl\":\"https:\/\/puppymaroc.webmarocagency.com\/wp-content\/uploads\/2024\/09\/background-puppy-maroc-28.png\",\"width\":1080,\"height\":1080},{\"@type\":\"BreadcrumbList\",\"@id\":\"https:\/\/puppymaroc.webmarocagency.com\/?product=bubimix-tapis-educateur-pour-chiots-50x30-10-unites#breadcrumb\",\"itemListElement\":[{\"@type\":\"ListItem\",\"position\":1,\"name\":\"Accueil\",\"item\":\"https:\/\/puppymaroc.webmarocagency.com\/\"},{\"@type\":\"ListItem\",\"position\":2,\"name\":\"Produit\",\"item\":\"https:\/\/puppymaroc.webmarocagency.com\/?page_id=1561\"},{\"@type\":\"ListItem\",\"position\":3,\"name\":\"BUBIMIX &#8211; TAPIS \u00c9DUCATEUR POUR CHIOTS 50X30, 10 UNIT\u00c9S\"}]},{\"@type\":\"WebSite\",\"@id\":\"https:\/\/puppymaroc.webmarocagency.com\/#website\",\"url\":\"https:\/\/puppymaroc.webmarocagency.com\/\",\"name\":\"puppymaroc.com\",\"description\":\"puppymaroc\",\"publisher\":{\"@id\":\"https:\/\/puppymaroc.webmarocagency.com\/#organization\"},\"potentialAction\":[{\"@type\":\"SearchAction\",\"target\":{\"@type\":\"EntryPoint\",\"urlTemplate\":\"https:\/\/puppymaroc.webmarocagency.com\/?s={search_term_string}\"},\"query-input\":{\"@type\":\"PropertyValueSpecification\",\"valueRequired\":true,\"valueName\":\"search_term_string\"}}],\"inLanguage\":\"fr-FR\"},{\"@type\":\"Organization\",\"@id\":\"https:\/\/puppymaroc.webmarocagency.com\/#organization\",\"name\":\"puppymaroc.com\",\"url\":\"https:\/\/puppymaroc.webmarocagency.com\/\",\"logo\":{\"@type\":\"ImageObject\",\"inLanguage\":\"fr-FR\",\"@id\":\"https:\/\/puppymaroc.webmarocagency.com\/#\/schema\/logo\/image\/\",\"url\":\"https:\/\/puppymaroc.webmarocagency.com\/wp-content\/uploads\/2024\/02\/cropped-cropped-puppy-maroc-logo-rmv-2.png\",\"contentUrl\":\"https:\/\/puppymaroc.webmarocagency.com\/wp-content\/uploads\/2024\/02\/cropped-cropped-puppy-maroc-logo-rmv-2.png\",\"width\":958,\"height\":920,\"caption\":\"puppymaroc.com\"},\"image\":{\"@id\":\"https:\/\/puppymaroc.webmarocagency.com\/#\/schema\/logo\/image\/\"},\"sameAs\":[\"https:\/\/www.facebook.com\/PuppyMaroc?mibextid=ZbWKwL\"]}]}<\/script>\n<!-- \/ Yoast SEO plugin. -->","yoast_head_json":{"title":"BUBIMIX - TAPIS \u00c9DUCATEUR POUR CHIOTS 50X30, 10 UNIT\u00c9S - puppymaroc.com","description":"Les tapis \u00e9ducateurs pour chiot Bubimix sont la solution parfaite pour faciliter l'apprentissage de la propret\u00e9.Livr\u00e9 par 10, sa surface s\u00e8che en 30 secondes en absorbant l'humidit\u00e9 et les odeurs d\u00e9sagr\u00e9ables.dimensions disponibles : 50 x 30 cm\u00a0","robots":{"index":"index","follow":"follow","max-snippet":"max-snippet:-1","max-image-preview":"max-image-preview:large","max-video-preview":"max-video-preview:-1"},"canonical":"https:\/\/puppymaroc.webmarocagency.com\/?product=bubimix-tapis-educateur-pour-chiots-50x30-10-unites","og_locale":"fr_FR","og_type":"article","og_title":"BUBIMIX - TAPIS \u00c9DUCATEUR POUR CHIOTS 50X30, 10 UNIT\u00c9S - puppymaroc.com","og_description":"Les tapis \u00e9ducateurs pour chiot Bubimix sont la solution parfaite pour faciliter l'apprentissage de la propret\u00e9.Livr\u00e9 par 10, sa surface s\u00e8che en 30 secondes en absorbant l'humidit\u00e9 et les odeurs d\u00e9sagr\u00e9ables.dimensions disponibles : 50 x 30 cm\u00a0","og_url":"https:\/\/puppymaroc.webmarocagency.com\/?product=bubimix-tapis-educateur-pour-chiots-50x30-10-unites","og_site_name":"puppymaroc.com","article_publisher":"https:\/\/www.facebook.com\/PuppyMaroc?mibextid=ZbWKwL","article_modified_time":"2024-09-20T22:23:20+00:00","og_image":[{"width":1080,"height":1080,"url":"https:\/\/puppymaroc.webmarocagency.com\/wp-content\/uploads\/2024\/09\/background-puppy-maroc-28.png","type":"image\/png"}],"twitter_card":"summary_large_image","twitter_misc":{"Dur\u00e9e de lecture estim\u00e9e":"2 minutes"},"schema":{"@context":"https:\/\/schema.org","@graph":[{"@type":"WebPage","@id":"https:\/\/puppymaroc.webmarocagency.com\/?product=bubimix-tapis-educateur-pour-chiots-50x30-10-unites","url":"https:\/\/puppymaroc.webmarocagency.com\/?product=bubimix-tapis-educateur-pour-chiots-50x30-10-unites","name":"BUBIMIX - TAPIS \u00c9DUCATEUR POUR CHIOTS 50X30, 10 UNIT\u00c9S - puppymaroc.com","isPartOf":{"@id":"https:\/\/puppymaroc.webmarocagency.com\/#website"},"primaryImageOfPage":{"@id":"https:\/\/puppymaroc.webmarocagency.com\/?product=bubimix-tapis-educateur-pour-chiots-50x30-10-unites#primaryimage"},"image":{"@id":"https:\/\/puppymaroc.webmarocagency.com\/?product=bubimix-tapis-educateur-pour-chiots-50x30-10-unites#primaryimage"},"thumbnailUrl":"https:\/\/puppymaroc.webmarocagency.com\/wp-content\/uploads\/2024\/09\/background-puppy-maroc-28.png","datePublished":"2024-09-20T22:20:26+00:00","dateModified":"2024-09-20T22:23:20+00:00","description":"Les tapis \u00e9ducateurs pour chiot Bubimix sont la solution parfaite pour faciliter l'apprentissage de la propret\u00e9.Livr\u00e9 par 10, sa surface s\u00e8che en 30 secondes en absorbant l'humidit\u00e9 et les odeurs d\u00e9sagr\u00e9ables.dimensions disponibles : 50 x 30 cm\u00a0","breadcrumb":{"@id":"https:\/\/puppymaroc.webmarocagency.com\/?product=bubimix-tapis-educateur-pour-chiots-50x30-10-unites#breadcrumb"},"inLanguage":"fr-FR","potentialAction":[{"@type":"ReadAction","target":["https:\/\/puppymaroc.webmarocagency.com\/?product=bubimix-tapis-educateur-pour-chiots-50x30-10-unites"]}]},{"@type":"ImageObject","inLanguage":"fr-FR","@id":"https:\/\/puppymaroc.webmarocagency.com\/?product=bubimix-tapis-educateur-pour-chiots-50x30-10-unites#primaryimage","url":"https:\/\/puppymaroc.webmarocagency.com\/wp-content\/uploads\/2024\/09\/background-puppy-maroc-28.png","contentUrl":"https:\/\/puppymaroc.webmarocagency.com\/wp-content\/uploads\/2024\/09\/background-puppy-maroc-28.png","width":1080,"height":1080},{"@type":"BreadcrumbList","@id":"https:\/\/puppymaroc.webmarocagency.com\/?product=bubimix-tapis-educateur-pour-chiots-50x30-10-unites#breadcrumb","itemListElement":[{"@type":"ListItem","position":1,"name":"Accueil","item":"https:\/\/puppymaroc.webmarocagency.com\/"},{"@type":"ListItem","position":2,"name":"Produit","item":"https:\/\/puppymaroc.webmarocagency.com\/?page_id=1561"},{"@type":"ListItem","position":3,"name":"BUBIMIX &#8211; TAPIS \u00c9DUCATEUR POUR CHIOTS 50X30, 10 UNIT\u00c9S"}]},{"@type":"WebSite","@id":"https:\/\/puppymaroc.webmarocagency.com\/#website","url":"https:\/\/puppymaroc.webmarocagency.com\/","name":"puppymaroc.com","description":"puppymaroc","publisher":{"@id":"https:\/\/puppymaroc.webmarocagency.com\/#organization"},"potentialAction":[{"@type":"SearchAction","target":{"@type":"EntryPoint","urlTemplate":"https:\/\/puppymaroc.webmarocagency.com\/?s={search_term_string}"},"query-input":{"@type":"PropertyValueSpecification","valueRequired":true,"valueName":"search_term_string"}}],"inLanguage":"fr-FR"},{"@type":"Organization","@id":"https:\/\/puppymaroc.webmarocagency.com\/#organization","name":"puppymaroc.com","url":"https:\/\/puppymaroc.webmarocagency.com\/","logo":{"@type":"ImageObject","inLanguage":"fr-FR","@id":"https:\/\/puppymaroc.webmarocagency.com\/#\/schema\/logo\/image\/","url":"https:\/\/puppymaroc.webmarocagency.com\/wp-content\/uploads\/2024\/02\/cropped-cropped-puppy-maroc-logo-rmv-2.png","contentUrl":"https:\/\/puppymaroc.webmarocagency.com\/wp-content\/uploads\/2024\/02\/cropped-cropped-puppy-maroc-logo-rmv-2.png","width":958,"height":920,"caption":"puppymaroc.com"},"image":{"@id":"https:\/\/puppymaroc.webmarocagency.com\/#\/schema\/logo\/image\/"},"sameAs":["https:\/\/www.facebook.com\/PuppyMaroc?mibextid=ZbWKwL"]}]}},"_links":{"self":[{"href":"https:\/\/puppymaroc.webmarocagency.com\/index.php?rest_route=\/wp\/v2\/product\/2182","targetHints":{"allow":["GET"]}}],"collection":[{"href":"https:\/\/puppymaroc.webmarocagency.com\/index.php?rest_route=\/wp\/v2\/product"}],"about":[{"href":"https:\/\/puppymaroc.webmarocagency.com\/index.php?rest_route=\/wp\/v2\/types\/product"}],"replies":[{"embeddable":true,"href":"https:\/\/puppymaroc.webmarocagency.com\/index.php?rest_route=%2Fwp%2Fv2%2Fcomments&post=2182"}],"wp:featuredmedia":[{"embeddable":true,"href":"https:\/\/puppymaroc.webmarocagency.com\/index.php?rest_route=\/wp\/v2\/media\/2183"}],"wp:attachment":[{"href":"https:\/\/puppymaroc.webmarocagency.com\/index.php?rest_route=%2Fwp%2Fv2%2Fmedia&parent=2182"}],"wp:term":[{"taxonomy":"product_brand","embeddable":true,"href":"https:\/\/puppymaroc.webmarocagency.com\/index.php?rest_route=%2Fwp%2Fv2%2Fproduct_brand&post=2182"},{"taxonomy":"product_cat","embeddable":true,"href":"https:\/\/puppymaroc.webmarocagency.com\/index.php?rest_route=%2Fwp%2Fv2%2Fproduct_cat&post=2182"},{"taxonomy":"product_tag","embeddable":true,"href":"https:\/\/puppymaroc.webmarocagency.com\/index.php?rest_route=%2Fwp%2Fv2%2Fproduct_tag&post=2182"}],"curies":[{"name":"wp","href":"https:\/\/api.w.org\/{rel}","templated":true}]}}