{"id":2195,"date":"2024-09-21T11:56:07","date_gmt":"2024-09-21T10:56:07","guid":{"rendered":"https:\/\/puppymaroc.com\/?post_type=product&#038;p=2195"},"modified":"2024-09-21T12:01:25","modified_gmt":"2024-09-21T11:01:25","slug":"brosse-epilatoire-pour-chat","status":"publish","type":"product","link":"https:\/\/puppymaroc.webmarocagency.com\/?product=brosse-epilatoire-pour-chat","title":{"rendered":"Brosse \u00e9pilatoire pour chat"},"content":{"rendered":"","protected":false},"excerpt":{"rendered":"<h2 id=\"product_description\" class=\"slot__title mt-0\" data-test=\"title\">Description du produit<\/h2>\n<div class=\"js_show-more-description show-more active\">\n<div class=\"js_show-more-holder show-more-holder show-more--l product-tracklists-show-more--animate\">\n<div class=\"js_description_content js_show-more-content\">\n<div class=\"product-description\" data-test=\"description\">\n<p><strong>Une brosse qui ressemble \u00e0 un massage pour votre chat ou votre chien ? Ne cherchez pas plus loin ! Avec cette brosse est un plaisir pour votre animal de compagnie bien-aim\u00e9. Geen les peignes douloureux !<\/strong><\/p>\n<h4><strong>Pourquoi de plus en plus de gens optent pour cette brosse<\/p>\n<p><\/strong><\/h4>\n<ul>\n<li>\u00a0<strong>Con\u00e7u pour les manteaux les plus \u00e9pais<\/strong>\u00a0&#8211; Arm\u00e9 de<strong>256 poils en acier inoxydable de haute qualit\u00e9<\/strong>\u00a0, tu traverses chaque clitoris<strong>sans plier les cheveux<\/strong>\u00a0\u2020 Donc, une brosse o\u00f9 vous pouvez<strong>peut aller de l&rsquo;avant dans les ann\u00e9es \u00e0 venir<\/strong>\u00a0\u2020<\/li>\n<li>\u00a0<strong>Confortable et compl\u00e8tement indolore &#8211;<\/strong>\u00a0Chaque poil a une pointe<strong>en silicone souple<\/strong>\u00a0\u2020\u00a0<strong>Geen de pointes ni d&rsquo;ar\u00eates vives<\/strong>\u00a0afin d&rsquo;endommager la peau de votre animal de compagnie, mais<strong>seulement une douce sensation de caresse<\/strong>\u00a0\u2020<\/li>\n<li>\u00a0<strong>Top qualit\u00e9 et design \u2013<\/strong>\u00a0Van<strong>poils en acier inoxydable<\/strong>\u00a0qui ne se d\u00e9formera pas, jusqu&rsquo;\u00e0 ce que<strong>\u00a0poign\u00e9es \u00e9cologiques<\/strong>\u00a0et<strong>tapis antid\u00e9rapants en caoutchouc<\/strong>\u00a0\u2020 Tout a \u00e9t\u00e9 pens\u00e9 avec cette brosse pour chat et chien ! Il a aussi \u00e7a<strong>une conception de structure ergonomique<\/strong>\u00a0, ce qui signifie peigner les poils de votre animal<strong>le moins d&rsquo;effort possible<\/strong>\u00a0frais.<\/li>\n<\/ul>\n<\/div>\n<\/div>\n<\/div>\n<\/div>\n","protected":false},"featured_media":2196,"comment_status":"open","ping_status":"closed","template":"","meta":[],"product_brand":[],"product_cat":[15],"product_tag":[],"class_list":{"0":"post-2195","1":"product","2":"type-product","3":"status-publish","4":"has-post-thumbnail","6":"product_cat-accesoires","8":"first","9":"instock","10":"sale","11":"shipping-taxable","12":"purchasable","13":"product-type-simple"},"yoast_head":"<!-- This site is optimized with the Yoast SEO plugin v25.8 - https:\/\/yoast.com\/wordpress\/plugins\/seo\/ -->\n<title>Brosse \u00e9pilatoire pour chat - puppymaroc.com<\/title>\n<meta name=\"description\" content=\"Description du produitUne brosse qui ressemble \u00e0 un massage pour votre chat ou votre chien ? Ne cherchez pas plus loin ! Avec cette brosse est un plaisir pour votre animal de compagnie bien-aim\u00e9. Geen les peignes douloureux !Pourquoi de plus en plus de gens optent pour cette brosse de Con\u00e7u pour les manteaux les plus \u00e9pais - Arm\u00e9 de256 poils en acier inoxydable de haute qualit\u00e9 , tu traverses chaque clitorissans plier les cheveux \u2020 Donc, une brosse o\u00f9 vous pouvezpeut aller de l&#039;avant dans les ann\u00e9es \u00e0 venir \u2020 Confortable et compl\u00e8tement indolore - Chaque poil a une pointeen silicone souple \u2020 Geen de pointes ni d&#039;ar\u00eates vives afin d&#039;endommager la peau de votre animal de compagnie, maisseulement une douce sensation de caresse \u2020 Top qualit\u00e9 et design \u2013 Vanpoils en acier inoxydable qui ne se d\u00e9formera pas, jusqu&#039;\u00e0 ce que poign\u00e9es \u00e9cologiques ettapis antid\u00e9rapants en caoutchouc \u2020 Tout a \u00e9t\u00e9 pens\u00e9 avec cette brosse pour chat et chien ! Il a aussi \u00e7aune conception de structure ergonomique , ce qui signifie peigner les poils de votre animalle moins d&#039;effort possible frais.\" \/>\n<meta name=\"robots\" content=\"index, follow, max-snippet:-1, max-image-preview:large, max-video-preview:-1\" \/>\n<link rel=\"canonical\" href=\"https:\/\/puppymaroc.webmarocagency.com\/?product=brosse-epilatoire-pour-chat\" \/>\n<meta property=\"og:locale\" content=\"fr_FR\" \/>\n<meta property=\"og:type\" content=\"article\" \/>\n<meta property=\"og:title\" content=\"Brosse \u00e9pilatoire pour chat - puppymaroc.com\" \/>\n<meta property=\"og:description\" content=\"Description du produitUne brosse qui ressemble \u00e0 un massage pour votre chat ou votre chien ? Ne cherchez pas plus loin ! Avec cette brosse est un plaisir pour votre animal de compagnie bien-aim\u00e9. Geen les peignes douloureux !Pourquoi de plus en plus de gens optent pour cette brosse de Con\u00e7u pour les manteaux les plus \u00e9pais - Arm\u00e9 de256 poils en acier inoxydable de haute qualit\u00e9 , tu traverses chaque clitorissans plier les cheveux \u2020 Donc, une brosse o\u00f9 vous pouvezpeut aller de l&#039;avant dans les ann\u00e9es \u00e0 venir \u2020 Confortable et compl\u00e8tement indolore - Chaque poil a une pointeen silicone souple \u2020 Geen de pointes ni d&#039;ar\u00eates vives afin d&#039;endommager la peau de votre animal de compagnie, maisseulement une douce sensation de caresse \u2020 Top qualit\u00e9 et design \u2013 Vanpoils en acier inoxydable qui ne se d\u00e9formera pas, jusqu&#039;\u00e0 ce que poign\u00e9es \u00e9cologiques ettapis antid\u00e9rapants en caoutchouc \u2020 Tout a \u00e9t\u00e9 pens\u00e9 avec cette brosse pour chat et chien ! Il a aussi \u00e7aune conception de structure ergonomique , ce qui signifie peigner les poils de votre animalle moins d&#039;effort possible frais.\" \/>\n<meta property=\"og:url\" content=\"https:\/\/puppymaroc.webmarocagency.com\/?product=brosse-epilatoire-pour-chat\" \/>\n<meta property=\"og:site_name\" content=\"puppymaroc.com\" \/>\n<meta property=\"article:publisher\" content=\"https:\/\/www.facebook.com\/PuppyMaroc?mibextid=ZbWKwL\" \/>\n<meta property=\"article:modified_time\" content=\"2024-09-21T11:01:25+00:00\" \/>\n<meta property=\"og:image\" content=\"https:\/\/puppymaroc.webmarocagency.com\/wp-content\/uploads\/2024\/09\/background-puppy-maroc-33.png\" \/>\n\t<meta property=\"og:image:width\" content=\"1080\" \/>\n\t<meta property=\"og:image:height\" content=\"1080\" \/>\n\t<meta property=\"og:image:type\" content=\"image\/png\" \/>\n<meta name=\"twitter:card\" content=\"summary_large_image\" \/>\n<meta name=\"twitter:label1\" content=\"Dur\u00e9e de lecture estim\u00e9e\" \/>\n\t<meta name=\"twitter:data1\" content=\"1 minute\" \/>\n<script type=\"application\/ld+json\" class=\"yoast-schema-graph\">{\"@context\":\"https:\/\/schema.org\",\"@graph\":[{\"@type\":\"WebPage\",\"@id\":\"https:\/\/puppymaroc.webmarocagency.com\/?product=brosse-epilatoire-pour-chat\",\"url\":\"https:\/\/puppymaroc.webmarocagency.com\/?product=brosse-epilatoire-pour-chat\",\"name\":\"Brosse \u00e9pilatoire pour chat - puppymaroc.com\",\"isPartOf\":{\"@id\":\"https:\/\/puppymaroc.webmarocagency.com\/#website\"},\"primaryImageOfPage\":{\"@id\":\"https:\/\/puppymaroc.webmarocagency.com\/?product=brosse-epilatoire-pour-chat#primaryimage\"},\"image\":{\"@id\":\"https:\/\/puppymaroc.webmarocagency.com\/?product=brosse-epilatoire-pour-chat#primaryimage\"},\"thumbnailUrl\":\"https:\/\/puppymaroc.webmarocagency.com\/wp-content\/uploads\/2024\/09\/background-puppy-maroc-33.png\",\"datePublished\":\"2024-09-21T10:56:07+00:00\",\"dateModified\":\"2024-09-21T11:01:25+00:00\",\"description\":\"Description du produitUne brosse qui ressemble \u00e0 un massage pour votre chat ou votre chien ? Ne cherchez pas plus loin ! Avec cette brosse est un plaisir pour votre animal de compagnie bien-aim\u00e9. Geen les peignes douloureux !Pourquoi de plus en plus de gens optent pour cette brosse de Con\u00e7u pour les manteaux les plus \u00e9pais - Arm\u00e9 de256 poils en acier inoxydable de haute qualit\u00e9 , tu traverses chaque clitorissans plier les cheveux \u2020 Donc, une brosse o\u00f9 vous pouvezpeut aller de l'avant dans les ann\u00e9es \u00e0 venir \u2020 Confortable et compl\u00e8tement indolore - Chaque poil a une pointeen silicone souple \u2020 Geen de pointes ni d'ar\u00eates vives afin d'endommager la peau de votre animal de compagnie, maisseulement une douce sensation de caresse \u2020 Top qualit\u00e9 et design \u2013 Vanpoils en acier inoxydable qui ne se d\u00e9formera pas, jusqu'\u00e0 ce que poign\u00e9es \u00e9cologiques ettapis antid\u00e9rapants en caoutchouc \u2020 Tout a \u00e9t\u00e9 pens\u00e9 avec cette brosse pour chat et chien ! Il a aussi \u00e7aune conception de structure ergonomique , ce qui signifie peigner les poils de votre animalle moins d'effort possible frais.\",\"breadcrumb\":{\"@id\":\"https:\/\/puppymaroc.webmarocagency.com\/?product=brosse-epilatoire-pour-chat#breadcrumb\"},\"inLanguage\":\"fr-FR\",\"potentialAction\":[{\"@type\":\"ReadAction\",\"target\":[\"https:\/\/puppymaroc.webmarocagency.com\/?product=brosse-epilatoire-pour-chat\"]}]},{\"@type\":\"ImageObject\",\"inLanguage\":\"fr-FR\",\"@id\":\"https:\/\/puppymaroc.webmarocagency.com\/?product=brosse-epilatoire-pour-chat#primaryimage\",\"url\":\"https:\/\/puppymaroc.webmarocagency.com\/wp-content\/uploads\/2024\/09\/background-puppy-maroc-33.png\",\"contentUrl\":\"https:\/\/puppymaroc.webmarocagency.com\/wp-content\/uploads\/2024\/09\/background-puppy-maroc-33.png\",\"width\":1080,\"height\":1080},{\"@type\":\"BreadcrumbList\",\"@id\":\"https:\/\/puppymaroc.webmarocagency.com\/?product=brosse-epilatoire-pour-chat#breadcrumb\",\"itemListElement\":[{\"@type\":\"ListItem\",\"position\":1,\"name\":\"Accueil\",\"item\":\"https:\/\/puppymaroc.webmarocagency.com\/\"},{\"@type\":\"ListItem\",\"position\":2,\"name\":\"Produit\",\"item\":\"https:\/\/puppymaroc.webmarocagency.com\/?page_id=1561\"},{\"@type\":\"ListItem\",\"position\":3,\"name\":\"Brosse \u00e9pilatoire pour chat\"}]},{\"@type\":\"WebSite\",\"@id\":\"https:\/\/puppymaroc.webmarocagency.com\/#website\",\"url\":\"https:\/\/puppymaroc.webmarocagency.com\/\",\"name\":\"puppymaroc.com\",\"description\":\"puppymaroc\",\"publisher\":{\"@id\":\"https:\/\/puppymaroc.webmarocagency.com\/#organization\"},\"potentialAction\":[{\"@type\":\"SearchAction\",\"target\":{\"@type\":\"EntryPoint\",\"urlTemplate\":\"https:\/\/puppymaroc.webmarocagency.com\/?s={search_term_string}\"},\"query-input\":{\"@type\":\"PropertyValueSpecification\",\"valueRequired\":true,\"valueName\":\"search_term_string\"}}],\"inLanguage\":\"fr-FR\"},{\"@type\":\"Organization\",\"@id\":\"https:\/\/puppymaroc.webmarocagency.com\/#organization\",\"name\":\"puppymaroc.com\",\"url\":\"https:\/\/puppymaroc.webmarocagency.com\/\",\"logo\":{\"@type\":\"ImageObject\",\"inLanguage\":\"fr-FR\",\"@id\":\"https:\/\/puppymaroc.webmarocagency.com\/#\/schema\/logo\/image\/\",\"url\":\"https:\/\/puppymaroc.webmarocagency.com\/wp-content\/uploads\/2024\/02\/cropped-cropped-puppy-maroc-logo-rmv-2.png\",\"contentUrl\":\"https:\/\/puppymaroc.webmarocagency.com\/wp-content\/uploads\/2024\/02\/cropped-cropped-puppy-maroc-logo-rmv-2.png\",\"width\":958,\"height\":920,\"caption\":\"puppymaroc.com\"},\"image\":{\"@id\":\"https:\/\/puppymaroc.webmarocagency.com\/#\/schema\/logo\/image\/\"},\"sameAs\":[\"https:\/\/www.facebook.com\/PuppyMaroc?mibextid=ZbWKwL\"]}]}<\/script>\n<!-- \/ Yoast SEO plugin. -->","yoast_head_json":{"title":"Brosse \u00e9pilatoire pour chat - puppymaroc.com","description":"Description du produitUne brosse qui ressemble \u00e0 un massage pour votre chat ou votre chien ? Ne cherchez pas plus loin ! Avec cette brosse est un plaisir pour votre animal de compagnie bien-aim\u00e9. Geen les peignes douloureux !Pourquoi de plus en plus de gens optent pour cette brosse de Con\u00e7u pour les manteaux les plus \u00e9pais - Arm\u00e9 de256 poils en acier inoxydable de haute qualit\u00e9 , tu traverses chaque clitorissans plier les cheveux \u2020 Donc, une brosse o\u00f9 vous pouvezpeut aller de l'avant dans les ann\u00e9es \u00e0 venir \u2020 Confortable et compl\u00e8tement indolore - Chaque poil a une pointeen silicone souple \u2020 Geen de pointes ni d'ar\u00eates vives afin d'endommager la peau de votre animal de compagnie, maisseulement une douce sensation de caresse \u2020 Top qualit\u00e9 et design \u2013 Vanpoils en acier inoxydable qui ne se d\u00e9formera pas, jusqu'\u00e0 ce que poign\u00e9es \u00e9cologiques ettapis antid\u00e9rapants en caoutchouc \u2020 Tout a \u00e9t\u00e9 pens\u00e9 avec cette brosse pour chat et chien ! Il a aussi \u00e7aune conception de structure ergonomique , ce qui signifie peigner les poils de votre animalle moins d'effort possible frais.","robots":{"index":"index","follow":"follow","max-snippet":"max-snippet:-1","max-image-preview":"max-image-preview:large","max-video-preview":"max-video-preview:-1"},"canonical":"https:\/\/puppymaroc.webmarocagency.com\/?product=brosse-epilatoire-pour-chat","og_locale":"fr_FR","og_type":"article","og_title":"Brosse \u00e9pilatoire pour chat - puppymaroc.com","og_description":"Description du produitUne brosse qui ressemble \u00e0 un massage pour votre chat ou votre chien ? Ne cherchez pas plus loin ! Avec cette brosse est un plaisir pour votre animal de compagnie bien-aim\u00e9. Geen les peignes douloureux !Pourquoi de plus en plus de gens optent pour cette brosse de Con\u00e7u pour les manteaux les plus \u00e9pais - Arm\u00e9 de256 poils en acier inoxydable de haute qualit\u00e9 , tu traverses chaque clitorissans plier les cheveux \u2020 Donc, une brosse o\u00f9 vous pouvezpeut aller de l'avant dans les ann\u00e9es \u00e0 venir \u2020 Confortable et compl\u00e8tement indolore - Chaque poil a une pointeen silicone souple \u2020 Geen de pointes ni d'ar\u00eates vives afin d'endommager la peau de votre animal de compagnie, maisseulement une douce sensation de caresse \u2020 Top qualit\u00e9 et design \u2013 Vanpoils en acier inoxydable qui ne se d\u00e9formera pas, jusqu'\u00e0 ce que poign\u00e9es \u00e9cologiques ettapis antid\u00e9rapants en caoutchouc \u2020 Tout a \u00e9t\u00e9 pens\u00e9 avec cette brosse pour chat et chien ! Il a aussi \u00e7aune conception de structure ergonomique , ce qui signifie peigner les poils de votre animalle moins d'effort possible frais.","og_url":"https:\/\/puppymaroc.webmarocagency.com\/?product=brosse-epilatoire-pour-chat","og_site_name":"puppymaroc.com","article_publisher":"https:\/\/www.facebook.com\/PuppyMaroc?mibextid=ZbWKwL","article_modified_time":"2024-09-21T11:01:25+00:00","og_image":[{"width":1080,"height":1080,"url":"https:\/\/puppymaroc.webmarocagency.com\/wp-content\/uploads\/2024\/09\/background-puppy-maroc-33.png","type":"image\/png"}],"twitter_card":"summary_large_image","twitter_misc":{"Dur\u00e9e de lecture estim\u00e9e":"1 minute"},"schema":{"@context":"https:\/\/schema.org","@graph":[{"@type":"WebPage","@id":"https:\/\/puppymaroc.webmarocagency.com\/?product=brosse-epilatoire-pour-chat","url":"https:\/\/puppymaroc.webmarocagency.com\/?product=brosse-epilatoire-pour-chat","name":"Brosse \u00e9pilatoire pour chat - puppymaroc.com","isPartOf":{"@id":"https:\/\/puppymaroc.webmarocagency.com\/#website"},"primaryImageOfPage":{"@id":"https:\/\/puppymaroc.webmarocagency.com\/?product=brosse-epilatoire-pour-chat#primaryimage"},"image":{"@id":"https:\/\/puppymaroc.webmarocagency.com\/?product=brosse-epilatoire-pour-chat#primaryimage"},"thumbnailUrl":"https:\/\/puppymaroc.webmarocagency.com\/wp-content\/uploads\/2024\/09\/background-puppy-maroc-33.png","datePublished":"2024-09-21T10:56:07+00:00","dateModified":"2024-09-21T11:01:25+00:00","description":"Description du produitUne brosse qui ressemble \u00e0 un massage pour votre chat ou votre chien ? Ne cherchez pas plus loin ! Avec cette brosse est un plaisir pour votre animal de compagnie bien-aim\u00e9. Geen les peignes douloureux !Pourquoi de plus en plus de gens optent pour cette brosse de Con\u00e7u pour les manteaux les plus \u00e9pais - Arm\u00e9 de256 poils en acier inoxydable de haute qualit\u00e9 , tu traverses chaque clitorissans plier les cheveux \u2020 Donc, une brosse o\u00f9 vous pouvezpeut aller de l'avant dans les ann\u00e9es \u00e0 venir \u2020 Confortable et compl\u00e8tement indolore - Chaque poil a une pointeen silicone souple \u2020 Geen de pointes ni d'ar\u00eates vives afin d'endommager la peau de votre animal de compagnie, maisseulement une douce sensation de caresse \u2020 Top qualit\u00e9 et design \u2013 Vanpoils en acier inoxydable qui ne se d\u00e9formera pas, jusqu'\u00e0 ce que poign\u00e9es \u00e9cologiques ettapis antid\u00e9rapants en caoutchouc \u2020 Tout a \u00e9t\u00e9 pens\u00e9 avec cette brosse pour chat et chien ! Il a aussi \u00e7aune conception de structure ergonomique , ce qui signifie peigner les poils de votre animalle moins d'effort possible frais.","breadcrumb":{"@id":"https:\/\/puppymaroc.webmarocagency.com\/?product=brosse-epilatoire-pour-chat#breadcrumb"},"inLanguage":"fr-FR","potentialAction":[{"@type":"ReadAction","target":["https:\/\/puppymaroc.webmarocagency.com\/?product=brosse-epilatoire-pour-chat"]}]},{"@type":"ImageObject","inLanguage":"fr-FR","@id":"https:\/\/puppymaroc.webmarocagency.com\/?product=brosse-epilatoire-pour-chat#primaryimage","url":"https:\/\/puppymaroc.webmarocagency.com\/wp-content\/uploads\/2024\/09\/background-puppy-maroc-33.png","contentUrl":"https:\/\/puppymaroc.webmarocagency.com\/wp-content\/uploads\/2024\/09\/background-puppy-maroc-33.png","width":1080,"height":1080},{"@type":"BreadcrumbList","@id":"https:\/\/puppymaroc.webmarocagency.com\/?product=brosse-epilatoire-pour-chat#breadcrumb","itemListElement":[{"@type":"ListItem","position":1,"name":"Accueil","item":"https:\/\/puppymaroc.webmarocagency.com\/"},{"@type":"ListItem","position":2,"name":"Produit","item":"https:\/\/puppymaroc.webmarocagency.com\/?page_id=1561"},{"@type":"ListItem","position":3,"name":"Brosse \u00e9pilatoire pour chat"}]},{"@type":"WebSite","@id":"https:\/\/puppymaroc.webmarocagency.com\/#website","url":"https:\/\/puppymaroc.webmarocagency.com\/","name":"puppymaroc.com","description":"puppymaroc","publisher":{"@id":"https:\/\/puppymaroc.webmarocagency.com\/#organization"},"potentialAction":[{"@type":"SearchAction","target":{"@type":"EntryPoint","urlTemplate":"https:\/\/puppymaroc.webmarocagency.com\/?s={search_term_string}"},"query-input":{"@type":"PropertyValueSpecification","valueRequired":true,"valueName":"search_term_string"}}],"inLanguage":"fr-FR"},{"@type":"Organization","@id":"https:\/\/puppymaroc.webmarocagency.com\/#organization","name":"puppymaroc.com","url":"https:\/\/puppymaroc.webmarocagency.com\/","logo":{"@type":"ImageObject","inLanguage":"fr-FR","@id":"https:\/\/puppymaroc.webmarocagency.com\/#\/schema\/logo\/image\/","url":"https:\/\/puppymaroc.webmarocagency.com\/wp-content\/uploads\/2024\/02\/cropped-cropped-puppy-maroc-logo-rmv-2.png","contentUrl":"https:\/\/puppymaroc.webmarocagency.com\/wp-content\/uploads\/2024\/02\/cropped-cropped-puppy-maroc-logo-rmv-2.png","width":958,"height":920,"caption":"puppymaroc.com"},"image":{"@id":"https:\/\/puppymaroc.webmarocagency.com\/#\/schema\/logo\/image\/"},"sameAs":["https:\/\/www.facebook.com\/PuppyMaroc?mibextid=ZbWKwL"]}]}},"_links":{"self":[{"href":"https:\/\/puppymaroc.webmarocagency.com\/index.php?rest_route=\/wp\/v2\/product\/2195","targetHints":{"allow":["GET"]}}],"collection":[{"href":"https:\/\/puppymaroc.webmarocagency.com\/index.php?rest_route=\/wp\/v2\/product"}],"about":[{"href":"https:\/\/puppymaroc.webmarocagency.com\/index.php?rest_route=\/wp\/v2\/types\/product"}],"replies":[{"embeddable":true,"href":"https:\/\/puppymaroc.webmarocagency.com\/index.php?rest_route=%2Fwp%2Fv2%2Fcomments&post=2195"}],"wp:featuredmedia":[{"embeddable":true,"href":"https:\/\/puppymaroc.webmarocagency.com\/index.php?rest_route=\/wp\/v2\/media\/2196"}],"wp:attachment":[{"href":"https:\/\/puppymaroc.webmarocagency.com\/index.php?rest_route=%2Fwp%2Fv2%2Fmedia&parent=2195"}],"wp:term":[{"taxonomy":"product_brand","embeddable":true,"href":"https:\/\/puppymaroc.webmarocagency.com\/index.php?rest_route=%2Fwp%2Fv2%2Fproduct_brand&post=2195"},{"taxonomy":"product_cat","embeddable":true,"href":"https:\/\/puppymaroc.webmarocagency.com\/index.php?rest_route=%2Fwp%2Fv2%2Fproduct_cat&post=2195"},{"taxonomy":"product_tag","embeddable":true,"href":"https:\/\/puppymaroc.webmarocagency.com\/index.php?rest_route=%2Fwp%2Fv2%2Fproduct_tag&post=2195"}],"curies":[{"name":"wp","href":"https:\/\/api.w.org\/{rel}","templated":true}]}}