{"id":2201,"date":"2024-09-21T12:16:45","date_gmt":"2024-09-21T11:16:45","guid":{"rendered":"https:\/\/puppymaroc.com\/?post_type=product&#038;p=2201"},"modified":"2024-09-21T12:20:07","modified_gmt":"2024-09-21T11:20:07","slug":"reflex-plus-sterilise-adult-cat-poulet-15-kg","status":"publish","type":"product","link":"https:\/\/puppymaroc.webmarocagency.com\/?product=reflex-plus-sterilise-adult-cat-poulet-15-kg","title":{"rendered":"Reflex Plus Sterilis\u00e9 Adult Cat Poulet 1,5 kg"},"content":{"rendered":"<div class=\"container pt-30\">\n<div class=\"row\">\n<div class=\"col-2\">\n<div class=\"container pt-30\">\n<div class=\"row\">\n<div class=\"col-2\"><img decoding=\"async\" class=\"w-100 entered litespeed-loaded\" src=\"https:\/\/www.reflexmama.com\/assets\/img\/prod-features\/prebiotik.png\" alt=\"\" data-lazyloaded=\"1\" data-src=\"https:\/\/www.reflexmama.com\/assets\/img\/prod-features\/prebiotik.png\" data-ll-status=\"loaded\" \/><\/div>\n<div class=\"col-10\">\n<p>&nbsp;<\/p>\n<p>Les xylo-oligosaccharides (XOS) sont des super pr\u00e9biotiques obtenus par hydrolyse d\u2019\u00e9pis de ma\u00efs.\u00a0XOS aide \u00e0 r\u00e9duire les probl\u00e8mes tels que les graisses ind\u00e9sirables et la glyc\u00e9mie chez les chats avec une valeur calorique approximativement nulle.<\/p>\n<p>XOS p\u00e9n\u00e8tre dans le gros intestin sans modification et est principalement utilis\u00e9 par les bact\u00e9ries digestives Bifidobacteria et Lactobacilli.\u00a0Cela r\u00e9duit les fermentations n\u00e9gatives qui entra\u00eenent une perte d\u2019\u00e9nergie, comme les ballonnements et autres troubles digestifs.<\/p>\n<p><strong>Bienfaits possibles pour la sant\u00e9 :<\/strong><br \/>\n\u2022 Il renforce le syst\u00e8me immunitaire.<br \/>\n\u2022 Il augmente la digestion et le m\u00e9tabolisme des nutriments en am\u00e9liorant la flore intestinale.<br \/>\n\u2022 Il a un effet antioxydant naturel.<\/p>\n<\/div>\n<\/div>\n<\/div>\n<div class=\"container\">\n<div id=\"myTabContent\" class=\"tab-content\">\n<div id=\"home\" class=\"tab-pane fade show active\" role=\"tabpanel\" aria-labelledby=\"home-tab\">\n<div class=\"row py-20\">\n<div class=\"col-12 col-lg-12\">\n<div class=\"food-content-sec\">\n<p><strong>Ingr\u00e9dients :\u00a0<\/strong>\u00a0Prot\u00e9ine de poulet hydrolys\u00e9e , Ma\u00efs , Riz , Graisse de poulet , Fibre d\u2019enveloppes de psyllium , Fibre de canne \u00e0 sucre , Fibre de canne \u00e0 sucre , Ar\u00f4me de foie , Vitamines et min\u00e9raux , DL-m\u00e9thionine , Levure de bi\u00e8re , Graines de lin , Xylo-oligosaccharides , Sel , L-carnitine , Yucca schidigera , Conservateurs \u2013 antioxydants (E320 &amp; E321).<\/p>\n<p><strong>Min\u00e9raux :<\/strong>\u00a0Fer (3B103) Iode (3B202) Cuivre (3B405) Mangan\u00e8se (3B502) Zinc (3B603) S\u00e9l\u00e9nium (3B802)<\/p>\n<p><strong>Vitamines :<\/strong>\u00a0Vitamine A (3A672A) 18 000 UI\/kgVitamine D3 (3a671) 1 500 UI\/kgVitamine E (3a700) 200 mg\/kgVitamine C (3a300) 200 mg\/kgVitamine B1 (3a821) Vitamine B2 B3 (Niacine-3a315) B7 (Biotine -3a880) B9 (acide folique-3a316) Vitamine B12 Vitamine K3 (3a710) Choline (3a890) Pantoth\u00e9nate de calcium Taurine (3A370) 1 500 mg\/kg<\/p>\n<\/div>\n<div class=\"bg-light-blue p-3 d-flex align-items-center w-75\">\n<table class=\"table table-striped\">\n<tbody>\n<tr>\n<td>90% de la teneur en prot\u00e9ines est obtenue \u00e0 partir d\u2019ingr\u00e9dients d\u2019origine animale.<\/td>\n<\/tr>\n<\/tbody>\n<\/table>\n<p><strong>Composants nutritifs<\/strong><\/p>\n<\/div>\n<div class=\"row\">\n<div class=\"col-md-6\">\n<div class=\"food-content-sec mb-5\">\n<table class=\"table table-striped\">\n<tbody>\n<tr>\n<td>Prot\u00e9ine brute<\/td>\n<td>34%<\/td>\n<\/tr>\n<tr>\n<td>Gras \u00e9prude<\/td>\n<td>12%<\/td>\n<\/tr>\n<tr>\n<td>Cendres brutes<\/td>\n<td>7%<\/td>\n<\/tr>\n<tr>\n<td>Cellulose brute (fibre)<\/td>\n<td>4%<\/td>\n<\/tr>\n<\/tbody>\n<\/table>\n<\/div>\n<\/div>\n<\/div>\n<\/div>\n<\/div>\n<\/div>\n<\/div>\n<\/div>\n<\/div>\n<\/div>\n<\/div>\n<div class=\"gtx-trans-icon\"><\/div>\n<div><\/div>\n<div class=\"container pt-30\">\n<div class=\"row\">\n<div class=\"col-2\">\n<div class=\"container\">\n<div id=\"myTabContent\" class=\"tab-content\">\n<div id=\"home\" class=\"tab-pane fade show active\" role=\"tabpanel\" aria-labelledby=\"home-tab\">\n<div class=\"row py-20\">\n<div class=\"col-12 col-lg-12\">\n<div class=\"row\">\n<div class=\"col-md-6\">\n<div class=\"food-content-sec\">\n<p class=\"food-content-title font-bold\"><strong>Compl\u00e9ments alimentaires<\/strong><\/p>\n<table class=\"table table-striped\">\n<tbody>\n<tr>\n<td>Vitamine A (3A672A)<\/td>\n<td>18 000 UI\/kg<\/td>\n<\/tr>\n<tr>\n<td>Vitamine D3 (3A671)<\/td>\n<td>1 500 UI\/kg<\/td>\n<\/tr>\n<tr>\n<td>Vitamine E (3A700)<\/td>\n<td>200mg\/kg<\/td>\n<\/tr>\n<tr>\n<td>Vitamine C (3A300)<\/td>\n<td>200mg\/kg<\/td>\n<\/tr>\n<tr>\n<td>Taurin (3A370)<\/td>\n<td>1 500 mg\/kg<\/td>\n<\/tr>\n<\/tbody>\n<\/table>\n<\/div>\n<\/div>\n<\/div>\n<\/div>\n<\/div>\n<\/div>\n<\/div>\n<\/div>\n<\/div>\n<\/div>\n<\/div>\n","protected":false},"excerpt":{"rendered":"<table class=\"woocommerce-product-attributes shop_attributes\">\n<tbody>\n<tr class=\"woocommerce-product-attributes-item woocommerce-product-attributes-item--attribute_pa_age-du-chat\">\n<th class=\"woocommerce-product-attributes-item__label\">Age du chat<\/th>\n<td class=\"woocommerce-product-attributes-item__value\">2- Adulte, 3- Mature<\/td>\n<\/tr>\n<tr class=\"woocommerce-product-attributes-item woocommerce-product-attributes-item--attribute_pa_marque\">\n<th class=\"woocommerce-product-attributes-item__label\">Marque<\/th>\n<td class=\"woocommerce-product-attributes-item__value\">Reflex<\/td>\n<\/tr>\n<tr class=\"woocommerce-product-attributes-item woocommerce-product-attributes-item--attribute_pa_race-du-chat\">\n<th class=\"woocommerce-product-attributes-item__label\">Race du chat<\/th>\n<td class=\"woocommerce-product-attributes-item__value\">Autre, Bengal, British, Main Coon, Persan, Siamois<\/td>\n<\/tr>\n<tr class=\"woocommerce-product-attributes-item woocommerce-product-attributes-item--attribute_sac\">\n<th class=\"woocommerce-product-attributes-item__label\">Sac<\/th>\n<td class=\"woocommerce-product-attributes-item__value\">1.5kg<\/td>\n<\/tr>\n<\/tbody>\n<\/table>\n","protected":false},"featured_media":2202,"comment_status":"open","ping_status":"closed","template":"","meta":[],"product_brand":[],"product_cat":[74],"product_tag":[],"class_list":{"0":"post-2201","1":"product","2":"type-product","3":"status-publish","4":"has-post-thumbnail","6":"product_cat-alimentation-2","8":"first","9":"instock","10":"sale","11":"shipping-taxable","12":"purchasable","13":"product-type-simple"},"yoast_head":"<!-- This site is optimized with the Yoast SEO plugin v25.8 - https:\/\/yoast.com\/wordpress\/plugins\/seo\/ -->\n<title>Reflex Plus Sterilis\u00e9 Adult Cat Poulet 1,5 kg - puppymaroc.com<\/title>\n<meta name=\"description\" content=\"Age du chat 2- Adulte, 3- MatureMarque ReflexRace du chat Autre, Bengal, British, Main Coon, Persan, SiamoisSac 1.5kg\" \/>\n<meta name=\"robots\" content=\"index, follow, max-snippet:-1, max-image-preview:large, max-video-preview:-1\" \/>\n<link rel=\"canonical\" href=\"https:\/\/puppymaroc.webmarocagency.com\/?product=reflex-plus-sterilise-adult-cat-poulet-15-kg\" \/>\n<meta property=\"og:locale\" content=\"fr_FR\" \/>\n<meta property=\"og:type\" content=\"article\" \/>\n<meta property=\"og:title\" content=\"Reflex Plus Sterilis\u00e9 Adult Cat Poulet 1,5 kg - puppymaroc.com\" \/>\n<meta property=\"og:description\" content=\"Age du chat 2- Adulte, 3- MatureMarque ReflexRace du chat Autre, Bengal, British, Main Coon, Persan, SiamoisSac 1.5kg\" \/>\n<meta property=\"og:url\" content=\"https:\/\/puppymaroc.webmarocagency.com\/?product=reflex-plus-sterilise-adult-cat-poulet-15-kg\" \/>\n<meta property=\"og:site_name\" content=\"puppymaroc.com\" \/>\n<meta property=\"article:publisher\" content=\"https:\/\/www.facebook.com\/PuppyMaroc?mibextid=ZbWKwL\" \/>\n<meta property=\"article:modified_time\" content=\"2024-09-21T11:20:07+00:00\" \/>\n<meta property=\"og:image\" content=\"https:\/\/puppymaroc.webmarocagency.com\/wp-content\/uploads\/2024\/09\/background-puppy-maroc-36.png\" \/>\n\t<meta property=\"og:image:width\" content=\"1080\" \/>\n\t<meta property=\"og:image:height\" content=\"1080\" \/>\n\t<meta property=\"og:image:type\" content=\"image\/png\" \/>\n<meta name=\"twitter:card\" content=\"summary_large_image\" \/>\n<meta name=\"twitter:label1\" content=\"Dur\u00e9e de lecture estim\u00e9e\" \/>\n\t<meta name=\"twitter:data1\" content=\"2 minutes\" \/>\n<script type=\"application\/ld+json\" class=\"yoast-schema-graph\">{\"@context\":\"https:\/\/schema.org\",\"@graph\":[{\"@type\":\"WebPage\",\"@id\":\"https:\/\/puppymaroc.webmarocagency.com\/?product=reflex-plus-sterilise-adult-cat-poulet-15-kg\",\"url\":\"https:\/\/puppymaroc.webmarocagency.com\/?product=reflex-plus-sterilise-adult-cat-poulet-15-kg\",\"name\":\"Reflex Plus Sterilis\u00e9 Adult Cat Poulet 1,5 kg - puppymaroc.com\",\"isPartOf\":{\"@id\":\"https:\/\/puppymaroc.webmarocagency.com\/#website\"},\"primaryImageOfPage\":{\"@id\":\"https:\/\/puppymaroc.webmarocagency.com\/?product=reflex-plus-sterilise-adult-cat-poulet-15-kg#primaryimage\"},\"image\":{\"@id\":\"https:\/\/puppymaroc.webmarocagency.com\/?product=reflex-plus-sterilise-adult-cat-poulet-15-kg#primaryimage\"},\"thumbnailUrl\":\"https:\/\/puppymaroc.webmarocagency.com\/wp-content\/uploads\/2024\/09\/background-puppy-maroc-36.png\",\"datePublished\":\"2024-09-21T11:16:45+00:00\",\"dateModified\":\"2024-09-21T11:20:07+00:00\",\"description\":\"Age du chat 2- Adulte, 3- MatureMarque ReflexRace du chat Autre, Bengal, British, Main Coon, Persan, SiamoisSac 1.5kg\",\"breadcrumb\":{\"@id\":\"https:\/\/puppymaroc.webmarocagency.com\/?product=reflex-plus-sterilise-adult-cat-poulet-15-kg#breadcrumb\"},\"inLanguage\":\"fr-FR\",\"potentialAction\":[{\"@type\":\"ReadAction\",\"target\":[\"https:\/\/puppymaroc.webmarocagency.com\/?product=reflex-plus-sterilise-adult-cat-poulet-15-kg\"]}]},{\"@type\":\"ImageObject\",\"inLanguage\":\"fr-FR\",\"@id\":\"https:\/\/puppymaroc.webmarocagency.com\/?product=reflex-plus-sterilise-adult-cat-poulet-15-kg#primaryimage\",\"url\":\"https:\/\/puppymaroc.webmarocagency.com\/wp-content\/uploads\/2024\/09\/background-puppy-maroc-36.png\",\"contentUrl\":\"https:\/\/puppymaroc.webmarocagency.com\/wp-content\/uploads\/2024\/09\/background-puppy-maroc-36.png\",\"width\":1080,\"height\":1080},{\"@type\":\"BreadcrumbList\",\"@id\":\"https:\/\/puppymaroc.webmarocagency.com\/?product=reflex-plus-sterilise-adult-cat-poulet-15-kg#breadcrumb\",\"itemListElement\":[{\"@type\":\"ListItem\",\"position\":1,\"name\":\"Accueil\",\"item\":\"https:\/\/puppymaroc.webmarocagency.com\/\"},{\"@type\":\"ListItem\",\"position\":2,\"name\":\"Produit\",\"item\":\"https:\/\/puppymaroc.webmarocagency.com\/?page_id=1561\"},{\"@type\":\"ListItem\",\"position\":3,\"name\":\"Reflex Plus Sterilis\u00e9 Adult Cat Poulet 1,5 kg\"}]},{\"@type\":\"WebSite\",\"@id\":\"https:\/\/puppymaroc.webmarocagency.com\/#website\",\"url\":\"https:\/\/puppymaroc.webmarocagency.com\/\",\"name\":\"puppymaroc.com\",\"description\":\"puppymaroc\",\"publisher\":{\"@id\":\"https:\/\/puppymaroc.webmarocagency.com\/#organization\"},\"potentialAction\":[{\"@type\":\"SearchAction\",\"target\":{\"@type\":\"EntryPoint\",\"urlTemplate\":\"https:\/\/puppymaroc.webmarocagency.com\/?s={search_term_string}\"},\"query-input\":{\"@type\":\"PropertyValueSpecification\",\"valueRequired\":true,\"valueName\":\"search_term_string\"}}],\"inLanguage\":\"fr-FR\"},{\"@type\":\"Organization\",\"@id\":\"https:\/\/puppymaroc.webmarocagency.com\/#organization\",\"name\":\"puppymaroc.com\",\"url\":\"https:\/\/puppymaroc.webmarocagency.com\/\",\"logo\":{\"@type\":\"ImageObject\",\"inLanguage\":\"fr-FR\",\"@id\":\"https:\/\/puppymaroc.webmarocagency.com\/#\/schema\/logo\/image\/\",\"url\":\"https:\/\/puppymaroc.webmarocagency.com\/wp-content\/uploads\/2024\/02\/cropped-cropped-puppy-maroc-logo-rmv-2.png\",\"contentUrl\":\"https:\/\/puppymaroc.webmarocagency.com\/wp-content\/uploads\/2024\/02\/cropped-cropped-puppy-maroc-logo-rmv-2.png\",\"width\":958,\"height\":920,\"caption\":\"puppymaroc.com\"},\"image\":{\"@id\":\"https:\/\/puppymaroc.webmarocagency.com\/#\/schema\/logo\/image\/\"},\"sameAs\":[\"https:\/\/www.facebook.com\/PuppyMaroc?mibextid=ZbWKwL\"]}]}<\/script>\n<!-- \/ Yoast SEO plugin. -->","yoast_head_json":{"title":"Reflex Plus Sterilis\u00e9 Adult Cat Poulet 1,5 kg - puppymaroc.com","description":"Age du chat 2- Adulte, 3- MatureMarque ReflexRace du chat Autre, Bengal, British, Main Coon, Persan, SiamoisSac 1.5kg","robots":{"index":"index","follow":"follow","max-snippet":"max-snippet:-1","max-image-preview":"max-image-preview:large","max-video-preview":"max-video-preview:-1"},"canonical":"https:\/\/puppymaroc.webmarocagency.com\/?product=reflex-plus-sterilise-adult-cat-poulet-15-kg","og_locale":"fr_FR","og_type":"article","og_title":"Reflex Plus Sterilis\u00e9 Adult Cat Poulet 1,5 kg - puppymaroc.com","og_description":"Age du chat 2- Adulte, 3- MatureMarque ReflexRace du chat Autre, Bengal, British, Main Coon, Persan, SiamoisSac 1.5kg","og_url":"https:\/\/puppymaroc.webmarocagency.com\/?product=reflex-plus-sterilise-adult-cat-poulet-15-kg","og_site_name":"puppymaroc.com","article_publisher":"https:\/\/www.facebook.com\/PuppyMaroc?mibextid=ZbWKwL","article_modified_time":"2024-09-21T11:20:07+00:00","og_image":[{"width":1080,"height":1080,"url":"https:\/\/puppymaroc.webmarocagency.com\/wp-content\/uploads\/2024\/09\/background-puppy-maroc-36.png","type":"image\/png"}],"twitter_card":"summary_large_image","twitter_misc":{"Dur\u00e9e de lecture estim\u00e9e":"2 minutes"},"schema":{"@context":"https:\/\/schema.org","@graph":[{"@type":"WebPage","@id":"https:\/\/puppymaroc.webmarocagency.com\/?product=reflex-plus-sterilise-adult-cat-poulet-15-kg","url":"https:\/\/puppymaroc.webmarocagency.com\/?product=reflex-plus-sterilise-adult-cat-poulet-15-kg","name":"Reflex Plus Sterilis\u00e9 Adult Cat Poulet 1,5 kg - puppymaroc.com","isPartOf":{"@id":"https:\/\/puppymaroc.webmarocagency.com\/#website"},"primaryImageOfPage":{"@id":"https:\/\/puppymaroc.webmarocagency.com\/?product=reflex-plus-sterilise-adult-cat-poulet-15-kg#primaryimage"},"image":{"@id":"https:\/\/puppymaroc.webmarocagency.com\/?product=reflex-plus-sterilise-adult-cat-poulet-15-kg#primaryimage"},"thumbnailUrl":"https:\/\/puppymaroc.webmarocagency.com\/wp-content\/uploads\/2024\/09\/background-puppy-maroc-36.png","datePublished":"2024-09-21T11:16:45+00:00","dateModified":"2024-09-21T11:20:07+00:00","description":"Age du chat 2- Adulte, 3- MatureMarque ReflexRace du chat Autre, Bengal, British, Main Coon, Persan, SiamoisSac 1.5kg","breadcrumb":{"@id":"https:\/\/puppymaroc.webmarocagency.com\/?product=reflex-plus-sterilise-adult-cat-poulet-15-kg#breadcrumb"},"inLanguage":"fr-FR","potentialAction":[{"@type":"ReadAction","target":["https:\/\/puppymaroc.webmarocagency.com\/?product=reflex-plus-sterilise-adult-cat-poulet-15-kg"]}]},{"@type":"ImageObject","inLanguage":"fr-FR","@id":"https:\/\/puppymaroc.webmarocagency.com\/?product=reflex-plus-sterilise-adult-cat-poulet-15-kg#primaryimage","url":"https:\/\/puppymaroc.webmarocagency.com\/wp-content\/uploads\/2024\/09\/background-puppy-maroc-36.png","contentUrl":"https:\/\/puppymaroc.webmarocagency.com\/wp-content\/uploads\/2024\/09\/background-puppy-maroc-36.png","width":1080,"height":1080},{"@type":"BreadcrumbList","@id":"https:\/\/puppymaroc.webmarocagency.com\/?product=reflex-plus-sterilise-adult-cat-poulet-15-kg#breadcrumb","itemListElement":[{"@type":"ListItem","position":1,"name":"Accueil","item":"https:\/\/puppymaroc.webmarocagency.com\/"},{"@type":"ListItem","position":2,"name":"Produit","item":"https:\/\/puppymaroc.webmarocagency.com\/?page_id=1561"},{"@type":"ListItem","position":3,"name":"Reflex Plus Sterilis\u00e9 Adult Cat Poulet 1,5 kg"}]},{"@type":"WebSite","@id":"https:\/\/puppymaroc.webmarocagency.com\/#website","url":"https:\/\/puppymaroc.webmarocagency.com\/","name":"puppymaroc.com","description":"puppymaroc","publisher":{"@id":"https:\/\/puppymaroc.webmarocagency.com\/#organization"},"potentialAction":[{"@type":"SearchAction","target":{"@type":"EntryPoint","urlTemplate":"https:\/\/puppymaroc.webmarocagency.com\/?s={search_term_string}"},"query-input":{"@type":"PropertyValueSpecification","valueRequired":true,"valueName":"search_term_string"}}],"inLanguage":"fr-FR"},{"@type":"Organization","@id":"https:\/\/puppymaroc.webmarocagency.com\/#organization","name":"puppymaroc.com","url":"https:\/\/puppymaroc.webmarocagency.com\/","logo":{"@type":"ImageObject","inLanguage":"fr-FR","@id":"https:\/\/puppymaroc.webmarocagency.com\/#\/schema\/logo\/image\/","url":"https:\/\/puppymaroc.webmarocagency.com\/wp-content\/uploads\/2024\/02\/cropped-cropped-puppy-maroc-logo-rmv-2.png","contentUrl":"https:\/\/puppymaroc.webmarocagency.com\/wp-content\/uploads\/2024\/02\/cropped-cropped-puppy-maroc-logo-rmv-2.png","width":958,"height":920,"caption":"puppymaroc.com"},"image":{"@id":"https:\/\/puppymaroc.webmarocagency.com\/#\/schema\/logo\/image\/"},"sameAs":["https:\/\/www.facebook.com\/PuppyMaroc?mibextid=ZbWKwL"]}]}},"_links":{"self":[{"href":"https:\/\/puppymaroc.webmarocagency.com\/index.php?rest_route=\/wp\/v2\/product\/2201","targetHints":{"allow":["GET"]}}],"collection":[{"href":"https:\/\/puppymaroc.webmarocagency.com\/index.php?rest_route=\/wp\/v2\/product"}],"about":[{"href":"https:\/\/puppymaroc.webmarocagency.com\/index.php?rest_route=\/wp\/v2\/types\/product"}],"replies":[{"embeddable":true,"href":"https:\/\/puppymaroc.webmarocagency.com\/index.php?rest_route=%2Fwp%2Fv2%2Fcomments&post=2201"}],"wp:featuredmedia":[{"embeddable":true,"href":"https:\/\/puppymaroc.webmarocagency.com\/index.php?rest_route=\/wp\/v2\/media\/2202"}],"wp:attachment":[{"href":"https:\/\/puppymaroc.webmarocagency.com\/index.php?rest_route=%2Fwp%2Fv2%2Fmedia&parent=2201"}],"wp:term":[{"taxonomy":"product_brand","embeddable":true,"href":"https:\/\/puppymaroc.webmarocagency.com\/index.php?rest_route=%2Fwp%2Fv2%2Fproduct_brand&post=2201"},{"taxonomy":"product_cat","embeddable":true,"href":"https:\/\/puppymaroc.webmarocagency.com\/index.php?rest_route=%2Fwp%2Fv2%2Fproduct_cat&post=2201"},{"taxonomy":"product_tag","embeddable":true,"href":"https:\/\/puppymaroc.webmarocagency.com\/index.php?rest_route=%2Fwp%2Fv2%2Fproduct_tag&post=2201"}],"curies":[{"name":"wp","href":"https:\/\/api.w.org\/{rel}","templated":true}]}}