{"id":2205,"date":"2024-09-21T12:26:01","date_gmt":"2024-09-21T11:26:01","guid":{"rendered":"https:\/\/puppymaroc.com\/?post_type=product&#038;p=2205"},"modified":"2024-09-21T12:27:35","modified_gmt":"2024-09-21T11:27:35","slug":"reflex-sterilise-cat-adult-saumon-15kg","status":"publish","type":"product","link":"https:\/\/puppymaroc.webmarocagency.com\/?product=reflex-sterilise-cat-adult-saumon-15kg","title":{"rendered":"Reflex St\u00e9rilis\u00e9 Cat Adult Saumon 15kg"},"content":{"rendered":"<div class=\"container pt-30\">\n<div class=\"row\"><\/div>\n<\/div>\n<div class=\"container\">\n<p><strong>Ingr\u00e9dients :<\/strong>\u00a0Prot\u00e9ines animales d\u00e9shydrat\u00e9es , C\u00e9r\u00e9ales (riz, ma\u00efs) , Graisse de poulet , Prot\u00e9ines de saumon d\u00e9shydrat\u00e9es , Prot\u00e9ines d\u2019anchois d\u00e9shydrat\u00e9es , Gluten de ma\u00efs , Pulpe de betterave d\u00e9shydrat\u00e9e , Son de bl\u00e9 , Prot\u00e9ines de poisson hydrolys\u00e9es , Huile de saumon , Huile d\u2019anchois , Vitamines et min\u00e9raux , Graines de lin , Sel, MOS (mannan oligosaccharides) , Yucca schidigera ,Taurine (3A370) Conservateurs \u2013 antioxydants (E320 &amp; E321).<\/p>\n<div id=\"myTabContent\" class=\"tab-content\">\n<div id=\"home\" class=\"tab-pane fade show active\" role=\"tabpanel\" aria-labelledby=\"home-tab\">\n<div class=\"row py-20\">\n<div class=\"col-12 col-lg-12\">\n<div class=\"food-content-sec\">\n<p><strong>Min\u00e9raux :\u00a0<\/strong>\u00a0Fer 200 mg\/kg Iode 1,5 mg\/kg Cuivre 13 mg\/kg Mangan\u00e8se 50 mg\/kg Zinc 140 mg\/kg S\u00e9l\u00e9nium 0,3 mg\/kg<\/p>\n<p><strong>Vitamines :\u00a0<\/strong>\u00a0Vitamine A 18000 UI\/kg Vitamine D3 1500 UI\/kg Vitamine E 200 mg\/kg Vitamine C400 mg\/kg Vitamine B1 Vitamine B2 Vitamine B12 B9 (Acide folique) B7 (Biotine) B3 (Niacine) Vitamine K3 Taurine 1500 mg\/ kg<\/p>\n<\/div>\n<div class=\"row\">\n<div class=\"col-md-6\">\n<div class=\"food-content-sec mb-5\">\n<p class=\"food-content-title font-bold\"><strong>Composants nutritifs<\/strong><\/p>\n<table class=\"table table-striped\">\n<tbody>\n<tr>\n<td>Prot\u00e9ine brute<\/td>\n<td>33%<\/td>\n<\/tr>\n<tr>\n<td>Gras \u00e9prude<\/td>\n<td>12%<\/td>\n<\/tr>\n<tr>\n<td>Cendres brutes<\/td>\n<td>8%<\/td>\n<\/tr>\n<tr>\n<td>Cellulose brute (fibre)<\/td>\n<td>5%<\/td>\n<\/tr>\n<\/tbody>\n<\/table>\n<p>&nbsp;<\/p>\n<\/div>\n<\/div>\n<div class=\"col-md-6\">\n<div class=\"food-content-sec\">\n<p class=\"food-content-title font-bold\"><strong>Compl\u00e9ments alimentaires<\/strong><\/p>\n<table class=\"table table-striped\" width=\"440\">\n<tbody>\n<tr>\n<td>Vitamine A (3A672A)<\/td>\n<td>18000 UI\/kg<\/td>\n<\/tr>\n<tr>\n<td>Vitamine D3 (3A671)<\/td>\n<td>1 500 UI\/kg<\/td>\n<\/tr>\n<tr>\n<td>Vitamine E (3A700)<\/td>\n<td>200mg\/kg<\/td>\n<\/tr>\n<tr>\n<td>Vitamine C (3A300)<\/td>\n<td>400mg\/kg<\/td>\n<\/tr>\n<tr>\n<td>Taurine (3A370)<\/td>\n<td>1 500 mg\/kg<\/td>\n<\/tr>\n<\/tbody>\n<\/table>\n<\/div>\n<\/div>\n<\/div>\n<\/div>\n<\/div>\n<\/div>\n<\/div>\n<\/div>\n","protected":false},"excerpt":{"rendered":"<table class=\"table table-striped\">\n<tbody>\n<tr>\n<td>L\u2019\u00e9quilibre des om\u00e9ga 3 et 6 est assur\u00e9 par l\u2019utilisation de graines de lin miracles naturelles.<\/td>\n<\/tr>\n<tr>\n<td>La plante de yucca dans son contenu permet de contr\u00f4ler les odeurs et l\u2019ammoniac, augmente l\u2019absorption des nutriments;\u00a0renforce le syst\u00e8me immunitaire et am\u00e9liore la croissance et les performances des animaux.<\/td>\n<\/tr>\n<tr>\n<td>La sant\u00e9 et la performance intestinales sont soutenues par un oligosaccharide de mannane liant les agents pathog\u00e8nes, des b\u00eata-glucanes qui soutiennent le syst\u00e8me immunitaire et CitriStim, une riche source de levure favorable au syst\u00e8me immunitaire.<\/td>\n<\/tr>\n<tr>\n<td>La levure de bi\u00e8re est utilis\u00e9e dans son contenu pour une peau saine et des cheveux brillants.<\/td>\n<\/tr>\n<tr>\n<td>Le syst\u00e8me immunitaire est renforc\u00e9 en utilisant de la poudre de lactos\u00e9rum ;\u00a0les muscles, les organes et les cellules nerveuses sont soutenus.<\/td>\n<\/tr>\n<tr>\n<td>Il est enrichi en vitamines et min\u00e9raux<\/td>\n<\/tr>\n<\/tbody>\n<\/table>\n","protected":false},"featured_media":2206,"comment_status":"open","ping_status":"closed","template":"","meta":[],"product_brand":[],"product_cat":[74],"product_tag":[],"class_list":{"0":"post-2205","1":"product","2":"type-product","3":"status-publish","4":"has-post-thumbnail","6":"product_cat-alimentation-2","8":"first","9":"instock","10":"sale","11":"shipping-taxable","12":"purchasable","13":"product-type-simple"},"yoast_head":"<!-- This site is optimized with the Yoast SEO plugin v25.8 - https:\/\/yoast.com\/wordpress\/plugins\/seo\/ -->\n<title>Reflex St\u00e9rilis\u00e9 Cat Adult Saumon 15kg - puppymaroc.com<\/title>\n<meta name=\"description\" content=\"L\u2019\u00e9quilibre des om\u00e9ga 3 et 6 est assur\u00e9 par l\u2019utilisation de graines de lin miracles naturelles.La plante de yucca dans son contenu permet de contr\u00f4ler les odeurs et l\u2019ammoniac, augmente l\u2019absorption des nutriments; renforce le syst\u00e8me immunitaire et am\u00e9liore la croissance et les performances des animaux.La sant\u00e9 et la performance intestinales sont soutenues par un oligosaccharide de mannane liant les agents pathog\u00e8nes, des b\u00eata-glucanes qui soutiennent le syst\u00e8me immunitaire et CitriStim, une riche source de levure favorable au syst\u00e8me immunitaire.La levure de bi\u00e8re est utilis\u00e9e dans son contenu pour une peau saine et des cheveux brillants.Le syst\u00e8me immunitaire est renforc\u00e9 en utilisant de la poudre de lactos\u00e9rum ; les muscles, les organes et les cellules nerveuses sont soutenus.Il est enrichi en vitamines et min\u00e9raux\" \/>\n<meta name=\"robots\" content=\"index, follow, max-snippet:-1, max-image-preview:large, max-video-preview:-1\" \/>\n<link rel=\"canonical\" href=\"https:\/\/puppymaroc.webmarocagency.com\/?product=reflex-sterilise-cat-adult-saumon-15kg\" \/>\n<meta property=\"og:locale\" content=\"fr_FR\" \/>\n<meta property=\"og:type\" content=\"article\" \/>\n<meta property=\"og:title\" content=\"Reflex St\u00e9rilis\u00e9 Cat Adult Saumon 15kg - puppymaroc.com\" \/>\n<meta property=\"og:description\" content=\"L\u2019\u00e9quilibre des om\u00e9ga 3 et 6 est assur\u00e9 par l\u2019utilisation de graines de lin miracles naturelles.La plante de yucca dans son contenu permet de contr\u00f4ler les odeurs et l\u2019ammoniac, augmente l\u2019absorption des nutriments; renforce le syst\u00e8me immunitaire et am\u00e9liore la croissance et les performances des animaux.La sant\u00e9 et la performance intestinales sont soutenues par un oligosaccharide de mannane liant les agents pathog\u00e8nes, des b\u00eata-glucanes qui soutiennent le syst\u00e8me immunitaire et CitriStim, une riche source de levure favorable au syst\u00e8me immunitaire.La levure de bi\u00e8re est utilis\u00e9e dans son contenu pour une peau saine et des cheveux brillants.Le syst\u00e8me immunitaire est renforc\u00e9 en utilisant de la poudre de lactos\u00e9rum ; les muscles, les organes et les cellules nerveuses sont soutenus.Il est enrichi en vitamines et min\u00e9raux\" \/>\n<meta property=\"og:url\" content=\"https:\/\/puppymaroc.webmarocagency.com\/?product=reflex-sterilise-cat-adult-saumon-15kg\" \/>\n<meta property=\"og:site_name\" content=\"puppymaroc.com\" \/>\n<meta property=\"article:publisher\" content=\"https:\/\/www.facebook.com\/PuppyMaroc?mibextid=ZbWKwL\" \/>\n<meta property=\"article:modified_time\" content=\"2024-09-21T11:27:35+00:00\" \/>\n<meta property=\"og:image\" content=\"https:\/\/puppymaroc.webmarocagency.com\/wp-content\/uploads\/2024\/09\/background-puppy-maroc-38.png\" \/>\n\t<meta property=\"og:image:width\" content=\"1080\" \/>\n\t<meta property=\"og:image:height\" content=\"1080\" \/>\n\t<meta property=\"og:image:type\" content=\"image\/png\" \/>\n<meta name=\"twitter:card\" content=\"summary_large_image\" \/>\n<meta name=\"twitter:label1\" content=\"Dur\u00e9e de lecture estim\u00e9e\" \/>\n\t<meta name=\"twitter:data1\" content=\"1 minute\" \/>\n<script type=\"application\/ld+json\" class=\"yoast-schema-graph\">{\"@context\":\"https:\/\/schema.org\",\"@graph\":[{\"@type\":\"WebPage\",\"@id\":\"https:\/\/puppymaroc.webmarocagency.com\/?product=reflex-sterilise-cat-adult-saumon-15kg\",\"url\":\"https:\/\/puppymaroc.webmarocagency.com\/?product=reflex-sterilise-cat-adult-saumon-15kg\",\"name\":\"Reflex St\u00e9rilis\u00e9 Cat Adult Saumon 15kg - puppymaroc.com\",\"isPartOf\":{\"@id\":\"https:\/\/puppymaroc.webmarocagency.com\/#website\"},\"primaryImageOfPage\":{\"@id\":\"https:\/\/puppymaroc.webmarocagency.com\/?product=reflex-sterilise-cat-adult-saumon-15kg#primaryimage\"},\"image\":{\"@id\":\"https:\/\/puppymaroc.webmarocagency.com\/?product=reflex-sterilise-cat-adult-saumon-15kg#primaryimage\"},\"thumbnailUrl\":\"https:\/\/puppymaroc.webmarocagency.com\/wp-content\/uploads\/2024\/09\/background-puppy-maroc-38.png\",\"datePublished\":\"2024-09-21T11:26:01+00:00\",\"dateModified\":\"2024-09-21T11:27:35+00:00\",\"description\":\"L\u2019\u00e9quilibre des om\u00e9ga 3 et 6 est assur\u00e9 par l\u2019utilisation de graines de lin miracles naturelles.La plante de yucca dans son contenu permet de contr\u00f4ler les odeurs et l\u2019ammoniac, augmente l\u2019absorption des nutriments; renforce le syst\u00e8me immunitaire et am\u00e9liore la croissance et les performances des animaux.La sant\u00e9 et la performance intestinales sont soutenues par un oligosaccharide de mannane liant les agents pathog\u00e8nes, des b\u00eata-glucanes qui soutiennent le syst\u00e8me immunitaire et CitriStim, une riche source de levure favorable au syst\u00e8me immunitaire.La levure de bi\u00e8re est utilis\u00e9e dans son contenu pour une peau saine et des cheveux brillants.Le syst\u00e8me immunitaire est renforc\u00e9 en utilisant de la poudre de lactos\u00e9rum ; les muscles, les organes et les cellules nerveuses sont soutenus.Il est enrichi en vitamines et min\u00e9raux\",\"breadcrumb\":{\"@id\":\"https:\/\/puppymaroc.webmarocagency.com\/?product=reflex-sterilise-cat-adult-saumon-15kg#breadcrumb\"},\"inLanguage\":\"fr-FR\",\"potentialAction\":[{\"@type\":\"ReadAction\",\"target\":[\"https:\/\/puppymaroc.webmarocagency.com\/?product=reflex-sterilise-cat-adult-saumon-15kg\"]}]},{\"@type\":\"ImageObject\",\"inLanguage\":\"fr-FR\",\"@id\":\"https:\/\/puppymaroc.webmarocagency.com\/?product=reflex-sterilise-cat-adult-saumon-15kg#primaryimage\",\"url\":\"https:\/\/puppymaroc.webmarocagency.com\/wp-content\/uploads\/2024\/09\/background-puppy-maroc-38.png\",\"contentUrl\":\"https:\/\/puppymaroc.webmarocagency.com\/wp-content\/uploads\/2024\/09\/background-puppy-maroc-38.png\",\"width\":1080,\"height\":1080},{\"@type\":\"BreadcrumbList\",\"@id\":\"https:\/\/puppymaroc.webmarocagency.com\/?product=reflex-sterilise-cat-adult-saumon-15kg#breadcrumb\",\"itemListElement\":[{\"@type\":\"ListItem\",\"position\":1,\"name\":\"Accueil\",\"item\":\"https:\/\/puppymaroc.webmarocagency.com\/\"},{\"@type\":\"ListItem\",\"position\":2,\"name\":\"Produit\",\"item\":\"https:\/\/puppymaroc.webmarocagency.com\/?page_id=1561\"},{\"@type\":\"ListItem\",\"position\":3,\"name\":\"Reflex St\u00e9rilis\u00e9 Cat Adult Saumon 15kg\"}]},{\"@type\":\"WebSite\",\"@id\":\"https:\/\/puppymaroc.webmarocagency.com\/#website\",\"url\":\"https:\/\/puppymaroc.webmarocagency.com\/\",\"name\":\"puppymaroc.com\",\"description\":\"puppymaroc\",\"publisher\":{\"@id\":\"https:\/\/puppymaroc.webmarocagency.com\/#organization\"},\"potentialAction\":[{\"@type\":\"SearchAction\",\"target\":{\"@type\":\"EntryPoint\",\"urlTemplate\":\"https:\/\/puppymaroc.webmarocagency.com\/?s={search_term_string}\"},\"query-input\":{\"@type\":\"PropertyValueSpecification\",\"valueRequired\":true,\"valueName\":\"search_term_string\"}}],\"inLanguage\":\"fr-FR\"},{\"@type\":\"Organization\",\"@id\":\"https:\/\/puppymaroc.webmarocagency.com\/#organization\",\"name\":\"puppymaroc.com\",\"url\":\"https:\/\/puppymaroc.webmarocagency.com\/\",\"logo\":{\"@type\":\"ImageObject\",\"inLanguage\":\"fr-FR\",\"@id\":\"https:\/\/puppymaroc.webmarocagency.com\/#\/schema\/logo\/image\/\",\"url\":\"https:\/\/puppymaroc.webmarocagency.com\/wp-content\/uploads\/2024\/02\/cropped-cropped-puppy-maroc-logo-rmv-2.png\",\"contentUrl\":\"https:\/\/puppymaroc.webmarocagency.com\/wp-content\/uploads\/2024\/02\/cropped-cropped-puppy-maroc-logo-rmv-2.png\",\"width\":958,\"height\":920,\"caption\":\"puppymaroc.com\"},\"image\":{\"@id\":\"https:\/\/puppymaroc.webmarocagency.com\/#\/schema\/logo\/image\/\"},\"sameAs\":[\"https:\/\/www.facebook.com\/PuppyMaroc?mibextid=ZbWKwL\"]}]}<\/script>\n<!-- \/ Yoast SEO plugin. -->","yoast_head_json":{"title":"Reflex St\u00e9rilis\u00e9 Cat Adult Saumon 15kg - puppymaroc.com","description":"L\u2019\u00e9quilibre des om\u00e9ga 3 et 6 est assur\u00e9 par l\u2019utilisation de graines de lin miracles naturelles.La plante de yucca dans son contenu permet de contr\u00f4ler les odeurs et l\u2019ammoniac, augmente l\u2019absorption des nutriments; renforce le syst\u00e8me immunitaire et am\u00e9liore la croissance et les performances des animaux.La sant\u00e9 et la performance intestinales sont soutenues par un oligosaccharide de mannane liant les agents pathog\u00e8nes, des b\u00eata-glucanes qui soutiennent le syst\u00e8me immunitaire et CitriStim, une riche source de levure favorable au syst\u00e8me immunitaire.La levure de bi\u00e8re est utilis\u00e9e dans son contenu pour une peau saine et des cheveux brillants.Le syst\u00e8me immunitaire est renforc\u00e9 en utilisant de la poudre de lactos\u00e9rum ; les muscles, les organes et les cellules nerveuses sont soutenus.Il est enrichi en vitamines et min\u00e9raux","robots":{"index":"index","follow":"follow","max-snippet":"max-snippet:-1","max-image-preview":"max-image-preview:large","max-video-preview":"max-video-preview:-1"},"canonical":"https:\/\/puppymaroc.webmarocagency.com\/?product=reflex-sterilise-cat-adult-saumon-15kg","og_locale":"fr_FR","og_type":"article","og_title":"Reflex St\u00e9rilis\u00e9 Cat Adult Saumon 15kg - puppymaroc.com","og_description":"L\u2019\u00e9quilibre des om\u00e9ga 3 et 6 est assur\u00e9 par l\u2019utilisation de graines de lin miracles naturelles.La plante de yucca dans son contenu permet de contr\u00f4ler les odeurs et l\u2019ammoniac, augmente l\u2019absorption des nutriments; renforce le syst\u00e8me immunitaire et am\u00e9liore la croissance et les performances des animaux.La sant\u00e9 et la performance intestinales sont soutenues par un oligosaccharide de mannane liant les agents pathog\u00e8nes, des b\u00eata-glucanes qui soutiennent le syst\u00e8me immunitaire et CitriStim, une riche source de levure favorable au syst\u00e8me immunitaire.La levure de bi\u00e8re est utilis\u00e9e dans son contenu pour une peau saine et des cheveux brillants.Le syst\u00e8me immunitaire est renforc\u00e9 en utilisant de la poudre de lactos\u00e9rum ; les muscles, les organes et les cellules nerveuses sont soutenus.Il est enrichi en vitamines et min\u00e9raux","og_url":"https:\/\/puppymaroc.webmarocagency.com\/?product=reflex-sterilise-cat-adult-saumon-15kg","og_site_name":"puppymaroc.com","article_publisher":"https:\/\/www.facebook.com\/PuppyMaroc?mibextid=ZbWKwL","article_modified_time":"2024-09-21T11:27:35+00:00","og_image":[{"width":1080,"height":1080,"url":"https:\/\/puppymaroc.webmarocagency.com\/wp-content\/uploads\/2024\/09\/background-puppy-maroc-38.png","type":"image\/png"}],"twitter_card":"summary_large_image","twitter_misc":{"Dur\u00e9e de lecture estim\u00e9e":"1 minute"},"schema":{"@context":"https:\/\/schema.org","@graph":[{"@type":"WebPage","@id":"https:\/\/puppymaroc.webmarocagency.com\/?product=reflex-sterilise-cat-adult-saumon-15kg","url":"https:\/\/puppymaroc.webmarocagency.com\/?product=reflex-sterilise-cat-adult-saumon-15kg","name":"Reflex St\u00e9rilis\u00e9 Cat Adult Saumon 15kg - puppymaroc.com","isPartOf":{"@id":"https:\/\/puppymaroc.webmarocagency.com\/#website"},"primaryImageOfPage":{"@id":"https:\/\/puppymaroc.webmarocagency.com\/?product=reflex-sterilise-cat-adult-saumon-15kg#primaryimage"},"image":{"@id":"https:\/\/puppymaroc.webmarocagency.com\/?product=reflex-sterilise-cat-adult-saumon-15kg#primaryimage"},"thumbnailUrl":"https:\/\/puppymaroc.webmarocagency.com\/wp-content\/uploads\/2024\/09\/background-puppy-maroc-38.png","datePublished":"2024-09-21T11:26:01+00:00","dateModified":"2024-09-21T11:27:35+00:00","description":"L\u2019\u00e9quilibre des om\u00e9ga 3 et 6 est assur\u00e9 par l\u2019utilisation de graines de lin miracles naturelles.La plante de yucca dans son contenu permet de contr\u00f4ler les odeurs et l\u2019ammoniac, augmente l\u2019absorption des nutriments; renforce le syst\u00e8me immunitaire et am\u00e9liore la croissance et les performances des animaux.La sant\u00e9 et la performance intestinales sont soutenues par un oligosaccharide de mannane liant les agents pathog\u00e8nes, des b\u00eata-glucanes qui soutiennent le syst\u00e8me immunitaire et CitriStim, une riche source de levure favorable au syst\u00e8me immunitaire.La levure de bi\u00e8re est utilis\u00e9e dans son contenu pour une peau saine et des cheveux brillants.Le syst\u00e8me immunitaire est renforc\u00e9 en utilisant de la poudre de lactos\u00e9rum ; les muscles, les organes et les cellules nerveuses sont soutenus.Il est enrichi en vitamines et min\u00e9raux","breadcrumb":{"@id":"https:\/\/puppymaroc.webmarocagency.com\/?product=reflex-sterilise-cat-adult-saumon-15kg#breadcrumb"},"inLanguage":"fr-FR","potentialAction":[{"@type":"ReadAction","target":["https:\/\/puppymaroc.webmarocagency.com\/?product=reflex-sterilise-cat-adult-saumon-15kg"]}]},{"@type":"ImageObject","inLanguage":"fr-FR","@id":"https:\/\/puppymaroc.webmarocagency.com\/?product=reflex-sterilise-cat-adult-saumon-15kg#primaryimage","url":"https:\/\/puppymaroc.webmarocagency.com\/wp-content\/uploads\/2024\/09\/background-puppy-maroc-38.png","contentUrl":"https:\/\/puppymaroc.webmarocagency.com\/wp-content\/uploads\/2024\/09\/background-puppy-maroc-38.png","width":1080,"height":1080},{"@type":"BreadcrumbList","@id":"https:\/\/puppymaroc.webmarocagency.com\/?product=reflex-sterilise-cat-adult-saumon-15kg#breadcrumb","itemListElement":[{"@type":"ListItem","position":1,"name":"Accueil","item":"https:\/\/puppymaroc.webmarocagency.com\/"},{"@type":"ListItem","position":2,"name":"Produit","item":"https:\/\/puppymaroc.webmarocagency.com\/?page_id=1561"},{"@type":"ListItem","position":3,"name":"Reflex St\u00e9rilis\u00e9 Cat Adult Saumon 15kg"}]},{"@type":"WebSite","@id":"https:\/\/puppymaroc.webmarocagency.com\/#website","url":"https:\/\/puppymaroc.webmarocagency.com\/","name":"puppymaroc.com","description":"puppymaroc","publisher":{"@id":"https:\/\/puppymaroc.webmarocagency.com\/#organization"},"potentialAction":[{"@type":"SearchAction","target":{"@type":"EntryPoint","urlTemplate":"https:\/\/puppymaroc.webmarocagency.com\/?s={search_term_string}"},"query-input":{"@type":"PropertyValueSpecification","valueRequired":true,"valueName":"search_term_string"}}],"inLanguage":"fr-FR"},{"@type":"Organization","@id":"https:\/\/puppymaroc.webmarocagency.com\/#organization","name":"puppymaroc.com","url":"https:\/\/puppymaroc.webmarocagency.com\/","logo":{"@type":"ImageObject","inLanguage":"fr-FR","@id":"https:\/\/puppymaroc.webmarocagency.com\/#\/schema\/logo\/image\/","url":"https:\/\/puppymaroc.webmarocagency.com\/wp-content\/uploads\/2024\/02\/cropped-cropped-puppy-maroc-logo-rmv-2.png","contentUrl":"https:\/\/puppymaroc.webmarocagency.com\/wp-content\/uploads\/2024\/02\/cropped-cropped-puppy-maroc-logo-rmv-2.png","width":958,"height":920,"caption":"puppymaroc.com"},"image":{"@id":"https:\/\/puppymaroc.webmarocagency.com\/#\/schema\/logo\/image\/"},"sameAs":["https:\/\/www.facebook.com\/PuppyMaroc?mibextid=ZbWKwL"]}]}},"_links":{"self":[{"href":"https:\/\/puppymaroc.webmarocagency.com\/index.php?rest_route=\/wp\/v2\/product\/2205","targetHints":{"allow":["GET"]}}],"collection":[{"href":"https:\/\/puppymaroc.webmarocagency.com\/index.php?rest_route=\/wp\/v2\/product"}],"about":[{"href":"https:\/\/puppymaroc.webmarocagency.com\/index.php?rest_route=\/wp\/v2\/types\/product"}],"replies":[{"embeddable":true,"href":"https:\/\/puppymaroc.webmarocagency.com\/index.php?rest_route=%2Fwp%2Fv2%2Fcomments&post=2205"}],"wp:featuredmedia":[{"embeddable":true,"href":"https:\/\/puppymaroc.webmarocagency.com\/index.php?rest_route=\/wp\/v2\/media\/2206"}],"wp:attachment":[{"href":"https:\/\/puppymaroc.webmarocagency.com\/index.php?rest_route=%2Fwp%2Fv2%2Fmedia&parent=2205"}],"wp:term":[{"taxonomy":"product_brand","embeddable":true,"href":"https:\/\/puppymaroc.webmarocagency.com\/index.php?rest_route=%2Fwp%2Fv2%2Fproduct_brand&post=2205"},{"taxonomy":"product_cat","embeddable":true,"href":"https:\/\/puppymaroc.webmarocagency.com\/index.php?rest_route=%2Fwp%2Fv2%2Fproduct_cat&post=2205"},{"taxonomy":"product_tag","embeddable":true,"href":"https:\/\/puppymaroc.webmarocagency.com\/index.php?rest_route=%2Fwp%2Fv2%2Fproduct_tag&post=2205"}],"curies":[{"name":"wp","href":"https:\/\/api.w.org\/{rel}","templated":true}]}}