{"id":2209,"date":"2024-09-21T12:37:12","date_gmt":"2024-09-21T11:37:12","guid":{"rendered":"https:\/\/puppymaroc.com\/?post_type=product&#038;p=2209"},"modified":"2024-09-21T12:39:53","modified_gmt":"2024-09-21T11:39:53","slug":"brosse-de-massage-brosse-de-nettoyage-hilda","status":"publish","type":"product","link":"https:\/\/puppymaroc.webmarocagency.com\/?product=brosse-de-massage-brosse-de-nettoyage-hilda","title":{"rendered":"Brosse de massage &#038; Brosse de nettoyage Hilda"},"content":{"rendered":"","protected":false},"excerpt":{"rendered":"<div class=\"mb-2\">Faites du bain de votre chien un moment de plaisir avec cette brosse pratique ! Remplissez-la de shampooing et massez votre compagnon \u00e0 quatre pattes pour le nettoyer. Les embouts de massage en caoutchouc offrent une relaxation suppl\u00e9mentaire. Parfait pour les aventures boueuses et un pelage propre en une seule fois.<\/div>\n<div class=\"cms-element-text\">\n<ul>\n<li>Mat\u00e9riau : caoutchouc thermoplastique\/TPR doux<\/li>\n<li>2 en 1: les dents rondes nettoient tout type de pelage<\/li>\n<li>Les dents rondes massent la peau et am\u00e9liorent la circulation sanguine<\/li>\n<li>Poign\u00e9e antid\u00e9rapante synth\u00e9tique<\/li>\n<li>Facile \u00e0 remplir gr\u00e2ce au capuchon verrouillable situ\u00e9 sur le dessus<\/li>\n<li>Avec bouton de dosage facile \u00e0 utiliser<\/li>\n<\/ul>\n<\/div>\n","protected":false},"featured_media":2210,"comment_status":"open","ping_status":"closed","template":"","meta":[],"product_brand":[],"product_cat":[59,15],"product_tag":[],"class_list":{"0":"post-2209","1":"product","2":"type-product","3":"status-publish","4":"has-post-thumbnail","6":"product_cat-accessories-chien","7":"product_cat-accesoires","9":"first","10":"instock","11":"sale","12":"shipping-taxable","13":"purchasable","14":"product-type-simple"},"yoast_head":"<!-- This site is optimized with the Yoast SEO plugin v25.8 - https:\/\/yoast.com\/wordpress\/plugins\/seo\/ -->\n<title>Brosse de massage &amp; Brosse de nettoyage Hilda - puppymaroc.com<\/title>\n<meta name=\"description\" content=\"Faites du bain de votre chien un moment de plaisir avec cette brosse pratique ! Remplissez-la de shampooing et massez votre compagnon \u00e0 quatre pattes pour le nettoyer. Les embouts de massage en caoutchouc offrent une relaxation suppl\u00e9mentaire. Parfait pour les aventures boueuses et un pelage propre en une seule fois.Mat\u00e9riau : caoutchouc thermoplastique\/TPR doux2 en 1: les dents rondes nettoient tout type de pelageLes dents rondes massent la peau et am\u00e9liorent la circulation sanguinePoign\u00e9e antid\u00e9rapante synth\u00e9tiqueFacile \u00e0 remplir gr\u00e2ce au capuchon verrouillable situ\u00e9 sur le dessusAvec bouton de dosage facile \u00e0 utiliser\" \/>\n<meta name=\"robots\" content=\"index, follow, max-snippet:-1, max-image-preview:large, max-video-preview:-1\" \/>\n<link rel=\"canonical\" href=\"https:\/\/puppymaroc.webmarocagency.com\/?product=brosse-de-massage-brosse-de-nettoyage-hilda\" \/>\n<meta property=\"og:locale\" content=\"fr_FR\" \/>\n<meta property=\"og:type\" content=\"article\" \/>\n<meta property=\"og:title\" content=\"Brosse de massage &amp; Brosse de nettoyage Hilda - puppymaroc.com\" \/>\n<meta property=\"og:description\" content=\"Faites du bain de votre chien un moment de plaisir avec cette brosse pratique ! Remplissez-la de shampooing et massez votre compagnon \u00e0 quatre pattes pour le nettoyer. Les embouts de massage en caoutchouc offrent une relaxation suppl\u00e9mentaire. Parfait pour les aventures boueuses et un pelage propre en une seule fois.Mat\u00e9riau : caoutchouc thermoplastique\/TPR doux2 en 1: les dents rondes nettoient tout type de pelageLes dents rondes massent la peau et am\u00e9liorent la circulation sanguinePoign\u00e9e antid\u00e9rapante synth\u00e9tiqueFacile \u00e0 remplir gr\u00e2ce au capuchon verrouillable situ\u00e9 sur le dessusAvec bouton de dosage facile \u00e0 utiliser\" \/>\n<meta property=\"og:url\" content=\"https:\/\/puppymaroc.webmarocagency.com\/?product=brosse-de-massage-brosse-de-nettoyage-hilda\" \/>\n<meta property=\"og:site_name\" content=\"puppymaroc.com\" \/>\n<meta property=\"article:publisher\" content=\"https:\/\/www.facebook.com\/PuppyMaroc?mibextid=ZbWKwL\" \/>\n<meta property=\"article:modified_time\" content=\"2024-09-21T11:39:53+00:00\" \/>\n<meta property=\"og:image\" content=\"https:\/\/puppymaroc.webmarocagency.com\/wp-content\/uploads\/2024\/09\/background-puppy-maroc-40.png\" \/>\n\t<meta property=\"og:image:width\" content=\"1080\" \/>\n\t<meta property=\"og:image:height\" content=\"1080\" \/>\n\t<meta property=\"og:image:type\" content=\"image\/png\" \/>\n<meta name=\"twitter:card\" content=\"summary_large_image\" \/>\n<script type=\"application\/ld+json\" class=\"yoast-schema-graph\">{\"@context\":\"https:\/\/schema.org\",\"@graph\":[{\"@type\":\"WebPage\",\"@id\":\"https:\/\/puppymaroc.webmarocagency.com\/?product=brosse-de-massage-brosse-de-nettoyage-hilda\",\"url\":\"https:\/\/puppymaroc.webmarocagency.com\/?product=brosse-de-massage-brosse-de-nettoyage-hilda\",\"name\":\"Brosse de massage & Brosse de nettoyage Hilda - puppymaroc.com\",\"isPartOf\":{\"@id\":\"https:\/\/puppymaroc.webmarocagency.com\/#website\"},\"primaryImageOfPage\":{\"@id\":\"https:\/\/puppymaroc.webmarocagency.com\/?product=brosse-de-massage-brosse-de-nettoyage-hilda#primaryimage\"},\"image\":{\"@id\":\"https:\/\/puppymaroc.webmarocagency.com\/?product=brosse-de-massage-brosse-de-nettoyage-hilda#primaryimage\"},\"thumbnailUrl\":\"https:\/\/puppymaroc.webmarocagency.com\/wp-content\/uploads\/2024\/09\/background-puppy-maroc-40.png\",\"datePublished\":\"2024-09-21T11:37:12+00:00\",\"dateModified\":\"2024-09-21T11:39:53+00:00\",\"description\":\"Faites du bain de votre chien un moment de plaisir avec cette brosse pratique ! Remplissez-la de shampooing et massez votre compagnon \u00e0 quatre pattes pour le nettoyer. Les embouts de massage en caoutchouc offrent une relaxation suppl\u00e9mentaire. Parfait pour les aventures boueuses et un pelage propre en une seule fois.Mat\u00e9riau : caoutchouc thermoplastique\/TPR doux2 en 1: les dents rondes nettoient tout type de pelageLes dents rondes massent la peau et am\u00e9liorent la circulation sanguinePoign\u00e9e antid\u00e9rapante synth\u00e9tiqueFacile \u00e0 remplir gr\u00e2ce au capuchon verrouillable situ\u00e9 sur le dessusAvec bouton de dosage facile \u00e0 utiliser\",\"breadcrumb\":{\"@id\":\"https:\/\/puppymaroc.webmarocagency.com\/?product=brosse-de-massage-brosse-de-nettoyage-hilda#breadcrumb\"},\"inLanguage\":\"fr-FR\",\"potentialAction\":[{\"@type\":\"ReadAction\",\"target\":[\"https:\/\/puppymaroc.webmarocagency.com\/?product=brosse-de-massage-brosse-de-nettoyage-hilda\"]}]},{\"@type\":\"ImageObject\",\"inLanguage\":\"fr-FR\",\"@id\":\"https:\/\/puppymaroc.webmarocagency.com\/?product=brosse-de-massage-brosse-de-nettoyage-hilda#primaryimage\",\"url\":\"https:\/\/puppymaroc.webmarocagency.com\/wp-content\/uploads\/2024\/09\/background-puppy-maroc-40.png\",\"contentUrl\":\"https:\/\/puppymaroc.webmarocagency.com\/wp-content\/uploads\/2024\/09\/background-puppy-maroc-40.png\",\"width\":1080,\"height\":1080},{\"@type\":\"BreadcrumbList\",\"@id\":\"https:\/\/puppymaroc.webmarocagency.com\/?product=brosse-de-massage-brosse-de-nettoyage-hilda#breadcrumb\",\"itemListElement\":[{\"@type\":\"ListItem\",\"position\":1,\"name\":\"Accueil\",\"item\":\"https:\/\/puppymaroc.webmarocagency.com\/\"},{\"@type\":\"ListItem\",\"position\":2,\"name\":\"Produit\",\"item\":\"https:\/\/puppymaroc.webmarocagency.com\/?page_id=1561\"},{\"@type\":\"ListItem\",\"position\":3,\"name\":\"Brosse de massage &#038; Brosse de nettoyage Hilda\"}]},{\"@type\":\"WebSite\",\"@id\":\"https:\/\/puppymaroc.webmarocagency.com\/#website\",\"url\":\"https:\/\/puppymaroc.webmarocagency.com\/\",\"name\":\"puppymaroc.com\",\"description\":\"puppymaroc\",\"publisher\":{\"@id\":\"https:\/\/puppymaroc.webmarocagency.com\/#organization\"},\"potentialAction\":[{\"@type\":\"SearchAction\",\"target\":{\"@type\":\"EntryPoint\",\"urlTemplate\":\"https:\/\/puppymaroc.webmarocagency.com\/?s={search_term_string}\"},\"query-input\":{\"@type\":\"PropertyValueSpecification\",\"valueRequired\":true,\"valueName\":\"search_term_string\"}}],\"inLanguage\":\"fr-FR\"},{\"@type\":\"Organization\",\"@id\":\"https:\/\/puppymaroc.webmarocagency.com\/#organization\",\"name\":\"puppymaroc.com\",\"url\":\"https:\/\/puppymaroc.webmarocagency.com\/\",\"logo\":{\"@type\":\"ImageObject\",\"inLanguage\":\"fr-FR\",\"@id\":\"https:\/\/puppymaroc.webmarocagency.com\/#\/schema\/logo\/image\/\",\"url\":\"https:\/\/puppymaroc.webmarocagency.com\/wp-content\/uploads\/2024\/02\/cropped-cropped-puppy-maroc-logo-rmv-2.png\",\"contentUrl\":\"https:\/\/puppymaroc.webmarocagency.com\/wp-content\/uploads\/2024\/02\/cropped-cropped-puppy-maroc-logo-rmv-2.png\",\"width\":958,\"height\":920,\"caption\":\"puppymaroc.com\"},\"image\":{\"@id\":\"https:\/\/puppymaroc.webmarocagency.com\/#\/schema\/logo\/image\/\"},\"sameAs\":[\"https:\/\/www.facebook.com\/PuppyMaroc?mibextid=ZbWKwL\"]}]}<\/script>\n<!-- \/ Yoast SEO plugin. -->","yoast_head_json":{"title":"Brosse de massage & Brosse de nettoyage Hilda - puppymaroc.com","description":"Faites du bain de votre chien un moment de plaisir avec cette brosse pratique ! Remplissez-la de shampooing et massez votre compagnon \u00e0 quatre pattes pour le nettoyer. Les embouts de massage en caoutchouc offrent une relaxation suppl\u00e9mentaire. Parfait pour les aventures boueuses et un pelage propre en une seule fois.Mat\u00e9riau : caoutchouc thermoplastique\/TPR doux2 en 1: les dents rondes nettoient tout type de pelageLes dents rondes massent la peau et am\u00e9liorent la circulation sanguinePoign\u00e9e antid\u00e9rapante synth\u00e9tiqueFacile \u00e0 remplir gr\u00e2ce au capuchon verrouillable situ\u00e9 sur le dessusAvec bouton de dosage facile \u00e0 utiliser","robots":{"index":"index","follow":"follow","max-snippet":"max-snippet:-1","max-image-preview":"max-image-preview:large","max-video-preview":"max-video-preview:-1"},"canonical":"https:\/\/puppymaroc.webmarocagency.com\/?product=brosse-de-massage-brosse-de-nettoyage-hilda","og_locale":"fr_FR","og_type":"article","og_title":"Brosse de massage & Brosse de nettoyage Hilda - puppymaroc.com","og_description":"Faites du bain de votre chien un moment de plaisir avec cette brosse pratique ! Remplissez-la de shampooing et massez votre compagnon \u00e0 quatre pattes pour le nettoyer. Les embouts de massage en caoutchouc offrent une relaxation suppl\u00e9mentaire. Parfait pour les aventures boueuses et un pelage propre en une seule fois.Mat\u00e9riau : caoutchouc thermoplastique\/TPR doux2 en 1: les dents rondes nettoient tout type de pelageLes dents rondes massent la peau et am\u00e9liorent la circulation sanguinePoign\u00e9e antid\u00e9rapante synth\u00e9tiqueFacile \u00e0 remplir gr\u00e2ce au capuchon verrouillable situ\u00e9 sur le dessusAvec bouton de dosage facile \u00e0 utiliser","og_url":"https:\/\/puppymaroc.webmarocagency.com\/?product=brosse-de-massage-brosse-de-nettoyage-hilda","og_site_name":"puppymaroc.com","article_publisher":"https:\/\/www.facebook.com\/PuppyMaroc?mibextid=ZbWKwL","article_modified_time":"2024-09-21T11:39:53+00:00","og_image":[{"width":1080,"height":1080,"url":"https:\/\/puppymaroc.webmarocagency.com\/wp-content\/uploads\/2024\/09\/background-puppy-maroc-40.png","type":"image\/png"}],"twitter_card":"summary_large_image","schema":{"@context":"https:\/\/schema.org","@graph":[{"@type":"WebPage","@id":"https:\/\/puppymaroc.webmarocagency.com\/?product=brosse-de-massage-brosse-de-nettoyage-hilda","url":"https:\/\/puppymaroc.webmarocagency.com\/?product=brosse-de-massage-brosse-de-nettoyage-hilda","name":"Brosse de massage & Brosse de nettoyage Hilda - puppymaroc.com","isPartOf":{"@id":"https:\/\/puppymaroc.webmarocagency.com\/#website"},"primaryImageOfPage":{"@id":"https:\/\/puppymaroc.webmarocagency.com\/?product=brosse-de-massage-brosse-de-nettoyage-hilda#primaryimage"},"image":{"@id":"https:\/\/puppymaroc.webmarocagency.com\/?product=brosse-de-massage-brosse-de-nettoyage-hilda#primaryimage"},"thumbnailUrl":"https:\/\/puppymaroc.webmarocagency.com\/wp-content\/uploads\/2024\/09\/background-puppy-maroc-40.png","datePublished":"2024-09-21T11:37:12+00:00","dateModified":"2024-09-21T11:39:53+00:00","description":"Faites du bain de votre chien un moment de plaisir avec cette brosse pratique ! Remplissez-la de shampooing et massez votre compagnon \u00e0 quatre pattes pour le nettoyer. Les embouts de massage en caoutchouc offrent une relaxation suppl\u00e9mentaire. Parfait pour les aventures boueuses et un pelage propre en une seule fois.Mat\u00e9riau : caoutchouc thermoplastique\/TPR doux2 en 1: les dents rondes nettoient tout type de pelageLes dents rondes massent la peau et am\u00e9liorent la circulation sanguinePoign\u00e9e antid\u00e9rapante synth\u00e9tiqueFacile \u00e0 remplir gr\u00e2ce au capuchon verrouillable situ\u00e9 sur le dessusAvec bouton de dosage facile \u00e0 utiliser","breadcrumb":{"@id":"https:\/\/puppymaroc.webmarocagency.com\/?product=brosse-de-massage-brosse-de-nettoyage-hilda#breadcrumb"},"inLanguage":"fr-FR","potentialAction":[{"@type":"ReadAction","target":["https:\/\/puppymaroc.webmarocagency.com\/?product=brosse-de-massage-brosse-de-nettoyage-hilda"]}]},{"@type":"ImageObject","inLanguage":"fr-FR","@id":"https:\/\/puppymaroc.webmarocagency.com\/?product=brosse-de-massage-brosse-de-nettoyage-hilda#primaryimage","url":"https:\/\/puppymaroc.webmarocagency.com\/wp-content\/uploads\/2024\/09\/background-puppy-maroc-40.png","contentUrl":"https:\/\/puppymaroc.webmarocagency.com\/wp-content\/uploads\/2024\/09\/background-puppy-maroc-40.png","width":1080,"height":1080},{"@type":"BreadcrumbList","@id":"https:\/\/puppymaroc.webmarocagency.com\/?product=brosse-de-massage-brosse-de-nettoyage-hilda#breadcrumb","itemListElement":[{"@type":"ListItem","position":1,"name":"Accueil","item":"https:\/\/puppymaroc.webmarocagency.com\/"},{"@type":"ListItem","position":2,"name":"Produit","item":"https:\/\/puppymaroc.webmarocagency.com\/?page_id=1561"},{"@type":"ListItem","position":3,"name":"Brosse de massage &#038; Brosse de nettoyage Hilda"}]},{"@type":"WebSite","@id":"https:\/\/puppymaroc.webmarocagency.com\/#website","url":"https:\/\/puppymaroc.webmarocagency.com\/","name":"puppymaroc.com","description":"puppymaroc","publisher":{"@id":"https:\/\/puppymaroc.webmarocagency.com\/#organization"},"potentialAction":[{"@type":"SearchAction","target":{"@type":"EntryPoint","urlTemplate":"https:\/\/puppymaroc.webmarocagency.com\/?s={search_term_string}"},"query-input":{"@type":"PropertyValueSpecification","valueRequired":true,"valueName":"search_term_string"}}],"inLanguage":"fr-FR"},{"@type":"Organization","@id":"https:\/\/puppymaroc.webmarocagency.com\/#organization","name":"puppymaroc.com","url":"https:\/\/puppymaroc.webmarocagency.com\/","logo":{"@type":"ImageObject","inLanguage":"fr-FR","@id":"https:\/\/puppymaroc.webmarocagency.com\/#\/schema\/logo\/image\/","url":"https:\/\/puppymaroc.webmarocagency.com\/wp-content\/uploads\/2024\/02\/cropped-cropped-puppy-maroc-logo-rmv-2.png","contentUrl":"https:\/\/puppymaroc.webmarocagency.com\/wp-content\/uploads\/2024\/02\/cropped-cropped-puppy-maroc-logo-rmv-2.png","width":958,"height":920,"caption":"puppymaroc.com"},"image":{"@id":"https:\/\/puppymaroc.webmarocagency.com\/#\/schema\/logo\/image\/"},"sameAs":["https:\/\/www.facebook.com\/PuppyMaroc?mibextid=ZbWKwL"]}]}},"_links":{"self":[{"href":"https:\/\/puppymaroc.webmarocagency.com\/index.php?rest_route=\/wp\/v2\/product\/2209","targetHints":{"allow":["GET"]}}],"collection":[{"href":"https:\/\/puppymaroc.webmarocagency.com\/index.php?rest_route=\/wp\/v2\/product"}],"about":[{"href":"https:\/\/puppymaroc.webmarocagency.com\/index.php?rest_route=\/wp\/v2\/types\/product"}],"replies":[{"embeddable":true,"href":"https:\/\/puppymaroc.webmarocagency.com\/index.php?rest_route=%2Fwp%2Fv2%2Fcomments&post=2209"}],"wp:featuredmedia":[{"embeddable":true,"href":"https:\/\/puppymaroc.webmarocagency.com\/index.php?rest_route=\/wp\/v2\/media\/2210"}],"wp:attachment":[{"href":"https:\/\/puppymaroc.webmarocagency.com\/index.php?rest_route=%2Fwp%2Fv2%2Fmedia&parent=2209"}],"wp:term":[{"taxonomy":"product_brand","embeddable":true,"href":"https:\/\/puppymaroc.webmarocagency.com\/index.php?rest_route=%2Fwp%2Fv2%2Fproduct_brand&post=2209"},{"taxonomy":"product_cat","embeddable":true,"href":"https:\/\/puppymaroc.webmarocagency.com\/index.php?rest_route=%2Fwp%2Fv2%2Fproduct_cat&post=2209"},{"taxonomy":"product_tag","embeddable":true,"href":"https:\/\/puppymaroc.webmarocagency.com\/index.php?rest_route=%2Fwp%2Fv2%2Fproduct_tag&post=2209"}],"curies":[{"name":"wp","href":"https:\/\/api.w.org\/{rel}","templated":true}]}}