{"id":2213,"date":"2024-09-21T14:53:16","date_gmt":"2024-09-21T13:53:16","guid":{"rendered":"https:\/\/puppymaroc.com\/?post_type=product&#038;p=2213"},"modified":"2024-09-21T14:56:55","modified_gmt":"2024-09-21T13:56:55","slug":"2213","status":"publish","type":"product","link":"https:\/\/puppymaroc.webmarocagency.com\/?product=2213","title":{"rendered":"bps buenapet shop drinking devise for dog"},"content":{"rendered":"","protected":false},"excerpt":{"rendered":"<p><strong>Fontaine automatique pour chiens et chats<\/strong><br \/>\nCet abreuvoir pour chiens et chats est con\u00e7u avec un syst\u00e8me de bec verseur et une conception de fontaine avec une pente pour la chute de l&rsquo;eau. De plus, gr\u00e2ce au filtre dont il dispose pour contr\u00f4ler la taille du d\u00e9bit d&rsquo;eau, vous pouvez \u00e9viter les \u00e9claboussures. Par contre, parce que son syst\u00e8me de circulation est simple et s\u00e9curitaire, il ne fait pas de bruit. De plus, le distributeur d&rsquo;eau est tr\u00e8s efficace puisqu&rsquo;il fonctionne uniquement en 12 V. Enfin, pour \u00e9liminer les mol\u00e9cules qui donnent une couleur, un go\u00fbt ou une odeur d\u00e9sagr\u00e9able \u00e0 l&rsquo;eau, il dispose d&rsquo;un filtre de haute qualit\u00e9.<\/p>\n<p><strong>Mode d&#8217;emploi :<\/strong><br \/>\nTenez compte des instructions lors de la pose.<br \/>\nVersez de l&rsquo;eau selon la ligne d&rsquo;eau.<br \/>\nInstallez le couvercle pour aligner le port de la pompe \u00e0 eau.<br \/>\nUne fois allum\u00e9, vous pouvez l&rsquo;utiliser.<br \/>\n<strong>Mesures:<\/strong><br \/>\n20x20x12cm<\/p>\n<p>Capacit\u00e9:<br \/>\n1,5 litres<\/p>\n","protected":false},"featured_media":2214,"comment_status":"open","ping_status":"closed","template":"","meta":[],"product_brand":[],"product_cat":[59],"product_tag":[],"class_list":{"0":"post-2213","1":"product","2":"type-product","3":"status-publish","4":"has-post-thumbnail","6":"product_cat-accessories-chien","8":"first","9":"instock","10":"sale","11":"shipping-taxable","12":"purchasable","13":"product-type-simple"},"yoast_head":"<!-- This site is optimized with the Yoast SEO plugin v25.8 - https:\/\/yoast.com\/wordpress\/plugins\/seo\/ -->\n<title>bps buenapet shop drinking devise for dog - puppymaroc.com<\/title>\n<meta name=\"description\" content=\"Fontaine automatique pour chiens et chatsCet abreuvoir pour chiens et chats est con\u00e7u avec un syst\u00e8me de bec verseur et une conception de fontaine avec une pente pour la chute de l&#039;eau. De plus, gr\u00e2ce au filtre dont il dispose pour contr\u00f4ler la taille du d\u00e9bit d&#039;eau, vous pouvez \u00e9viter les \u00e9claboussures. Par contre, parce que son syst\u00e8me de circulation est simple et s\u00e9curitaire, il ne fait pas de bruit. De plus, le distributeur d&#039;eau est tr\u00e8s efficace puisqu&#039;il fonctionne uniquement en 12 V. Enfin, pour \u00e9liminer les mol\u00e9cules qui donnent une couleur, un go\u00fbt ou une odeur d\u00e9sagr\u00e9able \u00e0 l&#039;eau, il dispose d&#039;un filtre de haute qualit\u00e9.Mode d&#039;emploi :Tenez compte des instructions lors de la pose.Versez de l&#039;eau selon la ligne d&#039;eau.Installez le couvercle pour aligner le port de la pompe \u00e0 eau.Une fois allum\u00e9, vous pouvez l&#039;utiliser.Mesures:20x20x12cmCapacit\u00e9:1,5 litres\" \/>\n<meta name=\"robots\" content=\"index, follow, max-snippet:-1, max-image-preview:large, max-video-preview:-1\" \/>\n<link rel=\"canonical\" href=\"https:\/\/puppymaroc.webmarocagency.com\/?product=2213\" \/>\n<meta property=\"og:locale\" content=\"fr_FR\" \/>\n<meta property=\"og:type\" content=\"article\" \/>\n<meta property=\"og:title\" content=\"bps buenapet shop drinking devise for dog - puppymaroc.com\" \/>\n<meta property=\"og:description\" content=\"Fontaine automatique pour chiens et chatsCet abreuvoir pour chiens et chats est con\u00e7u avec un syst\u00e8me de bec verseur et une conception de fontaine avec une pente pour la chute de l&#039;eau. De plus, gr\u00e2ce au filtre dont il dispose pour contr\u00f4ler la taille du d\u00e9bit d&#039;eau, vous pouvez \u00e9viter les \u00e9claboussures. Par contre, parce que son syst\u00e8me de circulation est simple et s\u00e9curitaire, il ne fait pas de bruit. De plus, le distributeur d&#039;eau est tr\u00e8s efficace puisqu&#039;il fonctionne uniquement en 12 V. Enfin, pour \u00e9liminer les mol\u00e9cules qui donnent une couleur, un go\u00fbt ou une odeur d\u00e9sagr\u00e9able \u00e0 l&#039;eau, il dispose d&#039;un filtre de haute qualit\u00e9.Mode d&#039;emploi :Tenez compte des instructions lors de la pose.Versez de l&#039;eau selon la ligne d&#039;eau.Installez le couvercle pour aligner le port de la pompe \u00e0 eau.Une fois allum\u00e9, vous pouvez l&#039;utiliser.Mesures:20x20x12cmCapacit\u00e9:1,5 litres\" \/>\n<meta property=\"og:url\" content=\"https:\/\/puppymaroc.webmarocagency.com\/?product=2213\" \/>\n<meta property=\"og:site_name\" content=\"puppymaroc.com\" \/>\n<meta property=\"article:publisher\" content=\"https:\/\/www.facebook.com\/PuppyMaroc?mibextid=ZbWKwL\" \/>\n<meta property=\"article:modified_time\" content=\"2024-09-21T13:56:55+00:00\" \/>\n<meta property=\"og:image\" content=\"https:\/\/puppymaroc.webmarocagency.com\/wp-content\/uploads\/2024\/09\/background-puppy-maroc-42.png\" \/>\n\t<meta property=\"og:image:width\" content=\"1080\" \/>\n\t<meta property=\"og:image:height\" content=\"1080\" \/>\n\t<meta property=\"og:image:type\" content=\"image\/png\" \/>\n<meta name=\"twitter:card\" content=\"summary_large_image\" \/>\n<meta name=\"twitter:label1\" content=\"Dur\u00e9e de lecture estim\u00e9e\" \/>\n\t<meta name=\"twitter:data1\" content=\"1 minute\" \/>\n<script type=\"application\/ld+json\" class=\"yoast-schema-graph\">{\"@context\":\"https:\/\/schema.org\",\"@graph\":[{\"@type\":\"WebPage\",\"@id\":\"https:\/\/puppymaroc.webmarocagency.com\/?product=2213\",\"url\":\"https:\/\/puppymaroc.webmarocagency.com\/?product=2213\",\"name\":\"bps buenapet shop drinking devise for dog - puppymaroc.com\",\"isPartOf\":{\"@id\":\"https:\/\/puppymaroc.webmarocagency.com\/#website\"},\"primaryImageOfPage\":{\"@id\":\"https:\/\/puppymaroc.webmarocagency.com\/?product=2213#primaryimage\"},\"image\":{\"@id\":\"https:\/\/puppymaroc.webmarocagency.com\/?product=2213#primaryimage\"},\"thumbnailUrl\":\"https:\/\/puppymaroc.webmarocagency.com\/wp-content\/uploads\/2024\/09\/background-puppy-maroc-42.png\",\"datePublished\":\"2024-09-21T13:53:16+00:00\",\"dateModified\":\"2024-09-21T13:56:55+00:00\",\"description\":\"Fontaine automatique pour chiens et chatsCet abreuvoir pour chiens et chats est con\u00e7u avec un syst\u00e8me de bec verseur et une conception de fontaine avec une pente pour la chute de l'eau. De plus, gr\u00e2ce au filtre dont il dispose pour contr\u00f4ler la taille du d\u00e9bit d'eau, vous pouvez \u00e9viter les \u00e9claboussures. Par contre, parce que son syst\u00e8me de circulation est simple et s\u00e9curitaire, il ne fait pas de bruit. De plus, le distributeur d'eau est tr\u00e8s efficace puisqu'il fonctionne uniquement en 12 V. Enfin, pour \u00e9liminer les mol\u00e9cules qui donnent une couleur, un go\u00fbt ou une odeur d\u00e9sagr\u00e9able \u00e0 l'eau, il dispose d'un filtre de haute qualit\u00e9.Mode d'emploi :Tenez compte des instructions lors de la pose.Versez de l'eau selon la ligne d'eau.Installez le couvercle pour aligner le port de la pompe \u00e0 eau.Une fois allum\u00e9, vous pouvez l'utiliser.Mesures:20x20x12cmCapacit\u00e9:1,5 litres\",\"breadcrumb\":{\"@id\":\"https:\/\/puppymaroc.webmarocagency.com\/?product=2213#breadcrumb\"},\"inLanguage\":\"fr-FR\",\"potentialAction\":[{\"@type\":\"ReadAction\",\"target\":[\"https:\/\/puppymaroc.webmarocagency.com\/?product=2213\"]}]},{\"@type\":\"ImageObject\",\"inLanguage\":\"fr-FR\",\"@id\":\"https:\/\/puppymaroc.webmarocagency.com\/?product=2213#primaryimage\",\"url\":\"https:\/\/puppymaroc.webmarocagency.com\/wp-content\/uploads\/2024\/09\/background-puppy-maroc-42.png\",\"contentUrl\":\"https:\/\/puppymaroc.webmarocagency.com\/wp-content\/uploads\/2024\/09\/background-puppy-maroc-42.png\",\"width\":1080,\"height\":1080},{\"@type\":\"BreadcrumbList\",\"@id\":\"https:\/\/puppymaroc.webmarocagency.com\/?product=2213#breadcrumb\",\"itemListElement\":[{\"@type\":\"ListItem\",\"position\":1,\"name\":\"Accueil\",\"item\":\"https:\/\/puppymaroc.webmarocagency.com\/\"},{\"@type\":\"ListItem\",\"position\":2,\"name\":\"Produit\",\"item\":\"https:\/\/puppymaroc.webmarocagency.com\/?page_id=1561\"},{\"@type\":\"ListItem\",\"position\":3,\"name\":\"bps buenapet shop drinking devise for dog\"}]},{\"@type\":\"WebSite\",\"@id\":\"https:\/\/puppymaroc.webmarocagency.com\/#website\",\"url\":\"https:\/\/puppymaroc.webmarocagency.com\/\",\"name\":\"puppymaroc.com\",\"description\":\"puppymaroc\",\"publisher\":{\"@id\":\"https:\/\/puppymaroc.webmarocagency.com\/#organization\"},\"potentialAction\":[{\"@type\":\"SearchAction\",\"target\":{\"@type\":\"EntryPoint\",\"urlTemplate\":\"https:\/\/puppymaroc.webmarocagency.com\/?s={search_term_string}\"},\"query-input\":{\"@type\":\"PropertyValueSpecification\",\"valueRequired\":true,\"valueName\":\"search_term_string\"}}],\"inLanguage\":\"fr-FR\"},{\"@type\":\"Organization\",\"@id\":\"https:\/\/puppymaroc.webmarocagency.com\/#organization\",\"name\":\"puppymaroc.com\",\"url\":\"https:\/\/puppymaroc.webmarocagency.com\/\",\"logo\":{\"@type\":\"ImageObject\",\"inLanguage\":\"fr-FR\",\"@id\":\"https:\/\/puppymaroc.webmarocagency.com\/#\/schema\/logo\/image\/\",\"url\":\"https:\/\/puppymaroc.webmarocagency.com\/wp-content\/uploads\/2024\/02\/cropped-cropped-puppy-maroc-logo-rmv-2.png\",\"contentUrl\":\"https:\/\/puppymaroc.webmarocagency.com\/wp-content\/uploads\/2024\/02\/cropped-cropped-puppy-maroc-logo-rmv-2.png\",\"width\":958,\"height\":920,\"caption\":\"puppymaroc.com\"},\"image\":{\"@id\":\"https:\/\/puppymaroc.webmarocagency.com\/#\/schema\/logo\/image\/\"},\"sameAs\":[\"https:\/\/www.facebook.com\/PuppyMaroc?mibextid=ZbWKwL\"]}]}<\/script>\n<!-- \/ Yoast SEO plugin. -->","yoast_head_json":{"title":"bps buenapet shop drinking devise for dog - puppymaroc.com","description":"Fontaine automatique pour chiens et chatsCet abreuvoir pour chiens et chats est con\u00e7u avec un syst\u00e8me de bec verseur et une conception de fontaine avec une pente pour la chute de l'eau. De plus, gr\u00e2ce au filtre dont il dispose pour contr\u00f4ler la taille du d\u00e9bit d'eau, vous pouvez \u00e9viter les \u00e9claboussures. Par contre, parce que son syst\u00e8me de circulation est simple et s\u00e9curitaire, il ne fait pas de bruit. De plus, le distributeur d'eau est tr\u00e8s efficace puisqu'il fonctionne uniquement en 12 V. Enfin, pour \u00e9liminer les mol\u00e9cules qui donnent une couleur, un go\u00fbt ou une odeur d\u00e9sagr\u00e9able \u00e0 l'eau, il dispose d'un filtre de haute qualit\u00e9.Mode d'emploi :Tenez compte des instructions lors de la pose.Versez de l'eau selon la ligne d'eau.Installez le couvercle pour aligner le port de la pompe \u00e0 eau.Une fois allum\u00e9, vous pouvez l'utiliser.Mesures:20x20x12cmCapacit\u00e9:1,5 litres","robots":{"index":"index","follow":"follow","max-snippet":"max-snippet:-1","max-image-preview":"max-image-preview:large","max-video-preview":"max-video-preview:-1"},"canonical":"https:\/\/puppymaroc.webmarocagency.com\/?product=2213","og_locale":"fr_FR","og_type":"article","og_title":"bps buenapet shop drinking devise for dog - puppymaroc.com","og_description":"Fontaine automatique pour chiens et chatsCet abreuvoir pour chiens et chats est con\u00e7u avec un syst\u00e8me de bec verseur et une conception de fontaine avec une pente pour la chute de l'eau. De plus, gr\u00e2ce au filtre dont il dispose pour contr\u00f4ler la taille du d\u00e9bit d'eau, vous pouvez \u00e9viter les \u00e9claboussures. Par contre, parce que son syst\u00e8me de circulation est simple et s\u00e9curitaire, il ne fait pas de bruit. De plus, le distributeur d'eau est tr\u00e8s efficace puisqu'il fonctionne uniquement en 12 V. Enfin, pour \u00e9liminer les mol\u00e9cules qui donnent une couleur, un go\u00fbt ou une odeur d\u00e9sagr\u00e9able \u00e0 l'eau, il dispose d'un filtre de haute qualit\u00e9.Mode d'emploi :Tenez compte des instructions lors de la pose.Versez de l'eau selon la ligne d'eau.Installez le couvercle pour aligner le port de la pompe \u00e0 eau.Une fois allum\u00e9, vous pouvez l'utiliser.Mesures:20x20x12cmCapacit\u00e9:1,5 litres","og_url":"https:\/\/puppymaroc.webmarocagency.com\/?product=2213","og_site_name":"puppymaroc.com","article_publisher":"https:\/\/www.facebook.com\/PuppyMaroc?mibextid=ZbWKwL","article_modified_time":"2024-09-21T13:56:55+00:00","og_image":[{"width":1080,"height":1080,"url":"https:\/\/puppymaroc.webmarocagency.com\/wp-content\/uploads\/2024\/09\/background-puppy-maroc-42.png","type":"image\/png"}],"twitter_card":"summary_large_image","twitter_misc":{"Dur\u00e9e de lecture estim\u00e9e":"1 minute"},"schema":{"@context":"https:\/\/schema.org","@graph":[{"@type":"WebPage","@id":"https:\/\/puppymaroc.webmarocagency.com\/?product=2213","url":"https:\/\/puppymaroc.webmarocagency.com\/?product=2213","name":"bps buenapet shop drinking devise for dog - puppymaroc.com","isPartOf":{"@id":"https:\/\/puppymaroc.webmarocagency.com\/#website"},"primaryImageOfPage":{"@id":"https:\/\/puppymaroc.webmarocagency.com\/?product=2213#primaryimage"},"image":{"@id":"https:\/\/puppymaroc.webmarocagency.com\/?product=2213#primaryimage"},"thumbnailUrl":"https:\/\/puppymaroc.webmarocagency.com\/wp-content\/uploads\/2024\/09\/background-puppy-maroc-42.png","datePublished":"2024-09-21T13:53:16+00:00","dateModified":"2024-09-21T13:56:55+00:00","description":"Fontaine automatique pour chiens et chatsCet abreuvoir pour chiens et chats est con\u00e7u avec un syst\u00e8me de bec verseur et une conception de fontaine avec une pente pour la chute de l'eau. De plus, gr\u00e2ce au filtre dont il dispose pour contr\u00f4ler la taille du d\u00e9bit d'eau, vous pouvez \u00e9viter les \u00e9claboussures. Par contre, parce que son syst\u00e8me de circulation est simple et s\u00e9curitaire, il ne fait pas de bruit. De plus, le distributeur d'eau est tr\u00e8s efficace puisqu'il fonctionne uniquement en 12 V. Enfin, pour \u00e9liminer les mol\u00e9cules qui donnent une couleur, un go\u00fbt ou une odeur d\u00e9sagr\u00e9able \u00e0 l'eau, il dispose d'un filtre de haute qualit\u00e9.Mode d'emploi :Tenez compte des instructions lors de la pose.Versez de l'eau selon la ligne d'eau.Installez le couvercle pour aligner le port de la pompe \u00e0 eau.Une fois allum\u00e9, vous pouvez l'utiliser.Mesures:20x20x12cmCapacit\u00e9:1,5 litres","breadcrumb":{"@id":"https:\/\/puppymaroc.webmarocagency.com\/?product=2213#breadcrumb"},"inLanguage":"fr-FR","potentialAction":[{"@type":"ReadAction","target":["https:\/\/puppymaroc.webmarocagency.com\/?product=2213"]}]},{"@type":"ImageObject","inLanguage":"fr-FR","@id":"https:\/\/puppymaroc.webmarocagency.com\/?product=2213#primaryimage","url":"https:\/\/puppymaroc.webmarocagency.com\/wp-content\/uploads\/2024\/09\/background-puppy-maroc-42.png","contentUrl":"https:\/\/puppymaroc.webmarocagency.com\/wp-content\/uploads\/2024\/09\/background-puppy-maroc-42.png","width":1080,"height":1080},{"@type":"BreadcrumbList","@id":"https:\/\/puppymaroc.webmarocagency.com\/?product=2213#breadcrumb","itemListElement":[{"@type":"ListItem","position":1,"name":"Accueil","item":"https:\/\/puppymaroc.webmarocagency.com\/"},{"@type":"ListItem","position":2,"name":"Produit","item":"https:\/\/puppymaroc.webmarocagency.com\/?page_id=1561"},{"@type":"ListItem","position":3,"name":"bps buenapet shop drinking devise for dog"}]},{"@type":"WebSite","@id":"https:\/\/puppymaroc.webmarocagency.com\/#website","url":"https:\/\/puppymaroc.webmarocagency.com\/","name":"puppymaroc.com","description":"puppymaroc","publisher":{"@id":"https:\/\/puppymaroc.webmarocagency.com\/#organization"},"potentialAction":[{"@type":"SearchAction","target":{"@type":"EntryPoint","urlTemplate":"https:\/\/puppymaroc.webmarocagency.com\/?s={search_term_string}"},"query-input":{"@type":"PropertyValueSpecification","valueRequired":true,"valueName":"search_term_string"}}],"inLanguage":"fr-FR"},{"@type":"Organization","@id":"https:\/\/puppymaroc.webmarocagency.com\/#organization","name":"puppymaroc.com","url":"https:\/\/puppymaroc.webmarocagency.com\/","logo":{"@type":"ImageObject","inLanguage":"fr-FR","@id":"https:\/\/puppymaroc.webmarocagency.com\/#\/schema\/logo\/image\/","url":"https:\/\/puppymaroc.webmarocagency.com\/wp-content\/uploads\/2024\/02\/cropped-cropped-puppy-maroc-logo-rmv-2.png","contentUrl":"https:\/\/puppymaroc.webmarocagency.com\/wp-content\/uploads\/2024\/02\/cropped-cropped-puppy-maroc-logo-rmv-2.png","width":958,"height":920,"caption":"puppymaroc.com"},"image":{"@id":"https:\/\/puppymaroc.webmarocagency.com\/#\/schema\/logo\/image\/"},"sameAs":["https:\/\/www.facebook.com\/PuppyMaroc?mibextid=ZbWKwL"]}]}},"_links":{"self":[{"href":"https:\/\/puppymaroc.webmarocagency.com\/index.php?rest_route=\/wp\/v2\/product\/2213","targetHints":{"allow":["GET"]}}],"collection":[{"href":"https:\/\/puppymaroc.webmarocagency.com\/index.php?rest_route=\/wp\/v2\/product"}],"about":[{"href":"https:\/\/puppymaroc.webmarocagency.com\/index.php?rest_route=\/wp\/v2\/types\/product"}],"replies":[{"embeddable":true,"href":"https:\/\/puppymaroc.webmarocagency.com\/index.php?rest_route=%2Fwp%2Fv2%2Fcomments&post=2213"}],"wp:featuredmedia":[{"embeddable":true,"href":"https:\/\/puppymaroc.webmarocagency.com\/index.php?rest_route=\/wp\/v2\/media\/2214"}],"wp:attachment":[{"href":"https:\/\/puppymaroc.webmarocagency.com\/index.php?rest_route=%2Fwp%2Fv2%2Fmedia&parent=2213"}],"wp:term":[{"taxonomy":"product_brand","embeddable":true,"href":"https:\/\/puppymaroc.webmarocagency.com\/index.php?rest_route=%2Fwp%2Fv2%2Fproduct_brand&post=2213"},{"taxonomy":"product_cat","embeddable":true,"href":"https:\/\/puppymaroc.webmarocagency.com\/index.php?rest_route=%2Fwp%2Fv2%2Fproduct_cat&post=2213"},{"taxonomy":"product_tag","embeddable":true,"href":"https:\/\/puppymaroc.webmarocagency.com\/index.php?rest_route=%2Fwp%2Fv2%2Fproduct_tag&post=2213"}],"curies":[{"name":"wp","href":"https:\/\/api.w.org\/{rel}","templated":true}]}}