{"id":2239,"date":"2024-09-21T23:34:35","date_gmt":"2024-09-21T22:34:35","guid":{"rendered":"https:\/\/puppymaroc.com\/?post_type=product&#038;p=2239"},"modified":"2024-09-21T23:43:33","modified_gmt":"2024-09-21T22:43:33","slug":"proline-litiere-pour-chat-agglomerante-proline-parfumee-baby-powder-20l","status":"publish","type":"product","link":"https:\/\/puppymaroc.webmarocagency.com\/?product=proline-litiere-pour-chat-agglomerante-proline-parfumee-baby-powder-20l","title":{"rendered":"Proline Liti\u00e8re pour chat agglom\u00e9rante &#8211; Proline parfum\u00e9e baby Powder 20L"},"content":{"rendered":"<header class=\"-pvs -bb\">\n<header class=\"-pvs -bb\">\n<h4 class=\"-fs20 -m -phm -pvxs\">Fiche technique<\/h4>\n<\/header>\n<div class=\"row -pas\">\n<article class=\"col8 -pvs\">\n<div class=\"card-b -fh\">\n<h4 class=\"hdr -upp -fs14 -m -pam\">Principales caract\u00e9ristiques<\/h4>\n<div class=\"markup -pam\">\n<ul>\n<li>Naturel\u00a0Forme de grain mince<\/li>\n<li>minimiser la formation de poussi\u00e8re dans la zone o\u00f9 elle est utilis\u00e9e.<\/li>\n<li>Fonction d&rsquo;odeur, parfum\u00e9e<\/li>\n<\/ul>\n<\/div>\n<\/div>\n<\/article>\n<article class=\"col8 -pvs\">\n<div class=\"card-b -fh\">\n<h4 class=\"hdr -upp -fs14 -m -pam\">Vendu avec le produit<\/h4>\n<div class=\"markup -pam\">la litiere<\/div>\n<\/div>\n<\/article>\n<article class=\"col8 -pvs\">\n<div class=\"card-b -fh\">\n<h4 class=\"hdr -upp -fs14 -m -pam\">Descriptif technique<\/h4>\n<ul class=\"-pvs -mvxs -phm -lsn\">\n<li class=\"-pvxs\"><span class=\"-b\">Gamme de produits<\/span>: produit pour tous les chats<\/li>\n<li class=\"-pvxs\"><span class=\"-b\">Mod\u00e8le<\/span>: 2024<\/li>\n<li class=\"-pvxs\"><span class=\"-b\">Pays de production<\/span>: Turkey<\/li>\n<li class=\"-pvxs\"><span class=\"-b\">Taille (Longueur x Largeur x Hauteur cm)<\/span>: 33*179*10<\/li>\n<li class=\"-pvxs\"><span class=\"-b\">Poids (kg)<\/span>: 18<\/li>\n<li class=\"-pvxs\"><span class=\"-b\">Couleur<\/span>: rose<\/li>\n<li class=\"-pvxs\"><span class=\"-b\">Mati\u00e8re principale<\/span>: litieres<\/li>\n<\/ul>\n<\/div>\n<\/article>\n<\/div>\n<\/header>\n","protected":false},"excerpt":{"rendered":"<header class=\"-pvs -bb\">\n<header class=\"-pvs -bb\">\n<h2 class=\"-fs20 -m -phm -pvxs\">D\u00e9tails<\/h2>\n<\/header>\n<div class=\"markup -mhm -pvl -oxa -sc\">La liti\u00e8re pour chat Proline comprend des mati\u00e8res premi\u00e8res naturelles qui ne contiennent aucun produit chimique nocif pour votre sant\u00e9 ou celle de votre chat.<br \/>\nPOUSSI\u00c8RE MINIMUM La liti\u00e8re pour chat Proline est trait\u00e9e sp\u00e9cialement pendant la production pour pouvoir minimiser la formation de poussi\u00e8re dans la zone o\u00f9 elle est utilis\u00e9e.<br \/>\nCARACT\u00c9RISTIQUE Absorbante\u00a0 La liti\u00e8re pour chat Proline absorbe le liquide rapidement et forme des agglom\u00e9rats avec une fonction d&rsquo;agglutination parfaite. Il pr\u00e9vient toute sorte de contamination bact\u00e9rienne qui peut \u00eatre nocive pour vous ou votre chat<br \/>\nBLOCAGE DES ODEURS Tout en bloquant les mauvaises odeurs qui se d\u00e9gagent dans l&rsquo;environnement, la liti\u00e8re pour chat Proline donne \u00e9galement une odeur fra\u00eeche lorsqu&rsquo;elle est en contact avec un liquide.<\/div>\n<\/header>\n","protected":false},"featured_media":2240,"comment_status":"open","ping_status":"closed","template":"","meta":[],"product_brand":[],"product_cat":[74],"product_tag":[],"class_list":{"0":"post-2239","1":"product","2":"type-product","3":"status-publish","4":"has-post-thumbnail","6":"product_cat-alimentation-2","8":"first","9":"instock","10":"sale","11":"shipping-taxable","12":"purchasable","13":"product-type-simple"},"yoast_head":"<!-- This site is optimized with the Yoast SEO plugin v25.8 - https:\/\/yoast.com\/wordpress\/plugins\/seo\/ -->\n<title>Proline Liti\u00e8re pour chat agglom\u00e9rante - Proline parfum\u00e9e baby Powder 20L - puppymaroc.com<\/title>\n<meta name=\"description\" content=\"La liti\u00e8re pour chat Proline comprend des mati\u00e8res premi\u00e8res naturelles qui ne contiennent aucun produit chimique nocif pour votre sant\u00e9 ou celle de votre chat.POUSSI\u00c8RE MINIMUM La liti\u00e8re pour chat Proline est trait\u00e9e sp\u00e9cialement pendant la production pour pouvoir minimiser la formation de poussi\u00e8re dans la zone o\u00f9 elle est utilis\u00e9e.CARACT\u00c9RISTIQUE Absorbante La liti\u00e8re pour chat Proline absorbe le liquide rapidement et forme des agglom\u00e9rats avec une fonction d&#039;agglutination parfaite. Il pr\u00e9vient toute sorte de contamination bact\u00e9rienne qui peut \u00eatre nocive pour vous ou votre chatBLOCAGE DES ODEURS Tout en bloquant les mauvaises odeurs qui se d\u00e9gagent dans l&#039;environnement, la liti\u00e8re pour chat Proline donne \u00e9galement une odeur fra\u00eeche lorsqu&#039;elle est en contact avec un liquide\" \/>\n<meta name=\"robots\" content=\"index, follow, max-snippet:-1, max-image-preview:large, max-video-preview:-1\" \/>\n<link rel=\"canonical\" href=\"https:\/\/puppymaroc.webmarocagency.com\/?product=proline-litiere-pour-chat-agglomerante-proline-parfumee-baby-powder-20l\" \/>\n<meta property=\"og:locale\" content=\"fr_FR\" \/>\n<meta property=\"og:type\" content=\"article\" \/>\n<meta property=\"og:title\" content=\"Proline Liti\u00e8re pour chat agglom\u00e9rante - Proline parfum\u00e9e baby Powder 20L - puppymaroc.com\" \/>\n<meta property=\"og:description\" content=\"La liti\u00e8re pour chat Proline comprend des mati\u00e8res premi\u00e8res naturelles qui ne contiennent aucun produit chimique nocif pour votre sant\u00e9 ou celle de votre chat.POUSSI\u00c8RE MINIMUM La liti\u00e8re pour chat Proline est trait\u00e9e sp\u00e9cialement pendant la production pour pouvoir minimiser la formation de poussi\u00e8re dans la zone o\u00f9 elle est utilis\u00e9e.CARACT\u00c9RISTIQUE Absorbante La liti\u00e8re pour chat Proline absorbe le liquide rapidement et forme des agglom\u00e9rats avec une fonction d&#039;agglutination parfaite. Il pr\u00e9vient toute sorte de contamination bact\u00e9rienne qui peut \u00eatre nocive pour vous ou votre chatBLOCAGE DES ODEURS Tout en bloquant les mauvaises odeurs qui se d\u00e9gagent dans l&#039;environnement, la liti\u00e8re pour chat Proline donne \u00e9galement une odeur fra\u00eeche lorsqu&#039;elle est en contact avec un liquide\" \/>\n<meta property=\"og:url\" content=\"https:\/\/puppymaroc.webmarocagency.com\/?product=proline-litiere-pour-chat-agglomerante-proline-parfumee-baby-powder-20l\" \/>\n<meta property=\"og:site_name\" content=\"puppymaroc.com\" \/>\n<meta property=\"article:publisher\" content=\"https:\/\/www.facebook.com\/PuppyMaroc?mibextid=ZbWKwL\" \/>\n<meta property=\"article:modified_time\" content=\"2024-09-21T22:43:33+00:00\" \/>\n<meta property=\"og:image\" content=\"https:\/\/puppymaroc.webmarocagency.com\/wp-content\/uploads\/2024\/09\/background-puppy-maroc-50.png\" \/>\n\t<meta property=\"og:image:width\" content=\"1080\" \/>\n\t<meta property=\"og:image:height\" content=\"1080\" \/>\n\t<meta property=\"og:image:type\" content=\"image\/png\" \/>\n<meta name=\"twitter:card\" content=\"summary_large_image\" \/>\n<meta name=\"twitter:label1\" content=\"Dur\u00e9e de lecture estim\u00e9e\" \/>\n\t<meta name=\"twitter:data1\" content=\"1 minute\" \/>\n<script type=\"application\/ld+json\" class=\"yoast-schema-graph\">{\"@context\":\"https:\/\/schema.org\",\"@graph\":[{\"@type\":\"WebPage\",\"@id\":\"https:\/\/puppymaroc.webmarocagency.com\/?product=proline-litiere-pour-chat-agglomerante-proline-parfumee-baby-powder-20l\",\"url\":\"https:\/\/puppymaroc.webmarocagency.com\/?product=proline-litiere-pour-chat-agglomerante-proline-parfumee-baby-powder-20l\",\"name\":\"Proline Liti\u00e8re pour chat agglom\u00e9rante - Proline parfum\u00e9e baby Powder 20L - puppymaroc.com\",\"isPartOf\":{\"@id\":\"https:\/\/puppymaroc.webmarocagency.com\/#website\"},\"primaryImageOfPage\":{\"@id\":\"https:\/\/puppymaroc.webmarocagency.com\/?product=proline-litiere-pour-chat-agglomerante-proline-parfumee-baby-powder-20l#primaryimage\"},\"image\":{\"@id\":\"https:\/\/puppymaroc.webmarocagency.com\/?product=proline-litiere-pour-chat-agglomerante-proline-parfumee-baby-powder-20l#primaryimage\"},\"thumbnailUrl\":\"https:\/\/puppymaroc.webmarocagency.com\/wp-content\/uploads\/2024\/09\/background-puppy-maroc-50.png\",\"datePublished\":\"2024-09-21T22:34:35+00:00\",\"dateModified\":\"2024-09-21T22:43:33+00:00\",\"description\":\"La liti\u00e8re pour chat Proline comprend des mati\u00e8res premi\u00e8res naturelles qui ne contiennent aucun produit chimique nocif pour votre sant\u00e9 ou celle de votre chat.POUSSI\u00c8RE MINIMUM La liti\u00e8re pour chat Proline est trait\u00e9e sp\u00e9cialement pendant la production pour pouvoir minimiser la formation de poussi\u00e8re dans la zone o\u00f9 elle est utilis\u00e9e.CARACT\u00c9RISTIQUE Absorbante La liti\u00e8re pour chat Proline absorbe le liquide rapidement et forme des agglom\u00e9rats avec une fonction d'agglutination parfaite. Il pr\u00e9vient toute sorte de contamination bact\u00e9rienne qui peut \u00eatre nocive pour vous ou votre chatBLOCAGE DES ODEURS Tout en bloquant les mauvaises odeurs qui se d\u00e9gagent dans l'environnement, la liti\u00e8re pour chat Proline donne \u00e9galement une odeur fra\u00eeche lorsqu'elle est en contact avec un liquide\",\"breadcrumb\":{\"@id\":\"https:\/\/puppymaroc.webmarocagency.com\/?product=proline-litiere-pour-chat-agglomerante-proline-parfumee-baby-powder-20l#breadcrumb\"},\"inLanguage\":\"fr-FR\",\"potentialAction\":[{\"@type\":\"ReadAction\",\"target\":[\"https:\/\/puppymaroc.webmarocagency.com\/?product=proline-litiere-pour-chat-agglomerante-proline-parfumee-baby-powder-20l\"]}]},{\"@type\":\"ImageObject\",\"inLanguage\":\"fr-FR\",\"@id\":\"https:\/\/puppymaroc.webmarocagency.com\/?product=proline-litiere-pour-chat-agglomerante-proline-parfumee-baby-powder-20l#primaryimage\",\"url\":\"https:\/\/puppymaroc.webmarocagency.com\/wp-content\/uploads\/2024\/09\/background-puppy-maroc-50.png\",\"contentUrl\":\"https:\/\/puppymaroc.webmarocagency.com\/wp-content\/uploads\/2024\/09\/background-puppy-maroc-50.png\",\"width\":1080,\"height\":1080},{\"@type\":\"BreadcrumbList\",\"@id\":\"https:\/\/puppymaroc.webmarocagency.com\/?product=proline-litiere-pour-chat-agglomerante-proline-parfumee-baby-powder-20l#breadcrumb\",\"itemListElement\":[{\"@type\":\"ListItem\",\"position\":1,\"name\":\"Accueil\",\"item\":\"https:\/\/puppymaroc.webmarocagency.com\/\"},{\"@type\":\"ListItem\",\"position\":2,\"name\":\"Produit\",\"item\":\"https:\/\/puppymaroc.webmarocagency.com\/?page_id=1561\"},{\"@type\":\"ListItem\",\"position\":3,\"name\":\"Proline Liti\u00e8re pour chat agglom\u00e9rante &#8211; Proline parfum\u00e9e baby Powder 20L\"}]},{\"@type\":\"WebSite\",\"@id\":\"https:\/\/puppymaroc.webmarocagency.com\/#website\",\"url\":\"https:\/\/puppymaroc.webmarocagency.com\/\",\"name\":\"puppymaroc.com\",\"description\":\"puppymaroc\",\"publisher\":{\"@id\":\"https:\/\/puppymaroc.webmarocagency.com\/#organization\"},\"potentialAction\":[{\"@type\":\"SearchAction\",\"target\":{\"@type\":\"EntryPoint\",\"urlTemplate\":\"https:\/\/puppymaroc.webmarocagency.com\/?s={search_term_string}\"},\"query-input\":{\"@type\":\"PropertyValueSpecification\",\"valueRequired\":true,\"valueName\":\"search_term_string\"}}],\"inLanguage\":\"fr-FR\"},{\"@type\":\"Organization\",\"@id\":\"https:\/\/puppymaroc.webmarocagency.com\/#organization\",\"name\":\"puppymaroc.com\",\"url\":\"https:\/\/puppymaroc.webmarocagency.com\/\",\"logo\":{\"@type\":\"ImageObject\",\"inLanguage\":\"fr-FR\",\"@id\":\"https:\/\/puppymaroc.webmarocagency.com\/#\/schema\/logo\/image\/\",\"url\":\"https:\/\/puppymaroc.webmarocagency.com\/wp-content\/uploads\/2024\/02\/cropped-cropped-puppy-maroc-logo-rmv-2.png\",\"contentUrl\":\"https:\/\/puppymaroc.webmarocagency.com\/wp-content\/uploads\/2024\/02\/cropped-cropped-puppy-maroc-logo-rmv-2.png\",\"width\":958,\"height\":920,\"caption\":\"puppymaroc.com\"},\"image\":{\"@id\":\"https:\/\/puppymaroc.webmarocagency.com\/#\/schema\/logo\/image\/\"},\"sameAs\":[\"https:\/\/www.facebook.com\/PuppyMaroc?mibextid=ZbWKwL\"]}]}<\/script>\n<!-- \/ Yoast SEO plugin. -->","yoast_head_json":{"title":"Proline Liti\u00e8re pour chat agglom\u00e9rante - Proline parfum\u00e9e baby Powder 20L - puppymaroc.com","description":"La liti\u00e8re pour chat Proline comprend des mati\u00e8res premi\u00e8res naturelles qui ne contiennent aucun produit chimique nocif pour votre sant\u00e9 ou celle de votre chat.POUSSI\u00c8RE MINIMUM La liti\u00e8re pour chat Proline est trait\u00e9e sp\u00e9cialement pendant la production pour pouvoir minimiser la formation de poussi\u00e8re dans la zone o\u00f9 elle est utilis\u00e9e.CARACT\u00c9RISTIQUE Absorbante La liti\u00e8re pour chat Proline absorbe le liquide rapidement et forme des agglom\u00e9rats avec une fonction d'agglutination parfaite. Il pr\u00e9vient toute sorte de contamination bact\u00e9rienne qui peut \u00eatre nocive pour vous ou votre chatBLOCAGE DES ODEURS Tout en bloquant les mauvaises odeurs qui se d\u00e9gagent dans l'environnement, la liti\u00e8re pour chat Proline donne \u00e9galement une odeur fra\u00eeche lorsqu'elle est en contact avec un liquide","robots":{"index":"index","follow":"follow","max-snippet":"max-snippet:-1","max-image-preview":"max-image-preview:large","max-video-preview":"max-video-preview:-1"},"canonical":"https:\/\/puppymaroc.webmarocagency.com\/?product=proline-litiere-pour-chat-agglomerante-proline-parfumee-baby-powder-20l","og_locale":"fr_FR","og_type":"article","og_title":"Proline Liti\u00e8re pour chat agglom\u00e9rante - Proline parfum\u00e9e baby Powder 20L - puppymaroc.com","og_description":"La liti\u00e8re pour chat Proline comprend des mati\u00e8res premi\u00e8res naturelles qui ne contiennent aucun produit chimique nocif pour votre sant\u00e9 ou celle de votre chat.POUSSI\u00c8RE MINIMUM La liti\u00e8re pour chat Proline est trait\u00e9e sp\u00e9cialement pendant la production pour pouvoir minimiser la formation de poussi\u00e8re dans la zone o\u00f9 elle est utilis\u00e9e.CARACT\u00c9RISTIQUE Absorbante La liti\u00e8re pour chat Proline absorbe le liquide rapidement et forme des agglom\u00e9rats avec une fonction d'agglutination parfaite. Il pr\u00e9vient toute sorte de contamination bact\u00e9rienne qui peut \u00eatre nocive pour vous ou votre chatBLOCAGE DES ODEURS Tout en bloquant les mauvaises odeurs qui se d\u00e9gagent dans l'environnement, la liti\u00e8re pour chat Proline donne \u00e9galement une odeur fra\u00eeche lorsqu'elle est en contact avec un liquide","og_url":"https:\/\/puppymaroc.webmarocagency.com\/?product=proline-litiere-pour-chat-agglomerante-proline-parfumee-baby-powder-20l","og_site_name":"puppymaroc.com","article_publisher":"https:\/\/www.facebook.com\/PuppyMaroc?mibextid=ZbWKwL","article_modified_time":"2024-09-21T22:43:33+00:00","og_image":[{"width":1080,"height":1080,"url":"https:\/\/puppymaroc.webmarocagency.com\/wp-content\/uploads\/2024\/09\/background-puppy-maroc-50.png","type":"image\/png"}],"twitter_card":"summary_large_image","twitter_misc":{"Dur\u00e9e de lecture estim\u00e9e":"1 minute"},"schema":{"@context":"https:\/\/schema.org","@graph":[{"@type":"WebPage","@id":"https:\/\/puppymaroc.webmarocagency.com\/?product=proline-litiere-pour-chat-agglomerante-proline-parfumee-baby-powder-20l","url":"https:\/\/puppymaroc.webmarocagency.com\/?product=proline-litiere-pour-chat-agglomerante-proline-parfumee-baby-powder-20l","name":"Proline Liti\u00e8re pour chat agglom\u00e9rante - Proline parfum\u00e9e baby Powder 20L - puppymaroc.com","isPartOf":{"@id":"https:\/\/puppymaroc.webmarocagency.com\/#website"},"primaryImageOfPage":{"@id":"https:\/\/puppymaroc.webmarocagency.com\/?product=proline-litiere-pour-chat-agglomerante-proline-parfumee-baby-powder-20l#primaryimage"},"image":{"@id":"https:\/\/puppymaroc.webmarocagency.com\/?product=proline-litiere-pour-chat-agglomerante-proline-parfumee-baby-powder-20l#primaryimage"},"thumbnailUrl":"https:\/\/puppymaroc.webmarocagency.com\/wp-content\/uploads\/2024\/09\/background-puppy-maroc-50.png","datePublished":"2024-09-21T22:34:35+00:00","dateModified":"2024-09-21T22:43:33+00:00","description":"La liti\u00e8re pour chat Proline comprend des mati\u00e8res premi\u00e8res naturelles qui ne contiennent aucun produit chimique nocif pour votre sant\u00e9 ou celle de votre chat.POUSSI\u00c8RE MINIMUM La liti\u00e8re pour chat Proline est trait\u00e9e sp\u00e9cialement pendant la production pour pouvoir minimiser la formation de poussi\u00e8re dans la zone o\u00f9 elle est utilis\u00e9e.CARACT\u00c9RISTIQUE Absorbante La liti\u00e8re pour chat Proline absorbe le liquide rapidement et forme des agglom\u00e9rats avec une fonction d'agglutination parfaite. Il pr\u00e9vient toute sorte de contamination bact\u00e9rienne qui peut \u00eatre nocive pour vous ou votre chatBLOCAGE DES ODEURS Tout en bloquant les mauvaises odeurs qui se d\u00e9gagent dans l'environnement, la liti\u00e8re pour chat Proline donne \u00e9galement une odeur fra\u00eeche lorsqu'elle est en contact avec un liquide","breadcrumb":{"@id":"https:\/\/puppymaroc.webmarocagency.com\/?product=proline-litiere-pour-chat-agglomerante-proline-parfumee-baby-powder-20l#breadcrumb"},"inLanguage":"fr-FR","potentialAction":[{"@type":"ReadAction","target":["https:\/\/puppymaroc.webmarocagency.com\/?product=proline-litiere-pour-chat-agglomerante-proline-parfumee-baby-powder-20l"]}]},{"@type":"ImageObject","inLanguage":"fr-FR","@id":"https:\/\/puppymaroc.webmarocagency.com\/?product=proline-litiere-pour-chat-agglomerante-proline-parfumee-baby-powder-20l#primaryimage","url":"https:\/\/puppymaroc.webmarocagency.com\/wp-content\/uploads\/2024\/09\/background-puppy-maroc-50.png","contentUrl":"https:\/\/puppymaroc.webmarocagency.com\/wp-content\/uploads\/2024\/09\/background-puppy-maroc-50.png","width":1080,"height":1080},{"@type":"BreadcrumbList","@id":"https:\/\/puppymaroc.webmarocagency.com\/?product=proline-litiere-pour-chat-agglomerante-proline-parfumee-baby-powder-20l#breadcrumb","itemListElement":[{"@type":"ListItem","position":1,"name":"Accueil","item":"https:\/\/puppymaroc.webmarocagency.com\/"},{"@type":"ListItem","position":2,"name":"Produit","item":"https:\/\/puppymaroc.webmarocagency.com\/?page_id=1561"},{"@type":"ListItem","position":3,"name":"Proline Liti\u00e8re pour chat agglom\u00e9rante &#8211; Proline parfum\u00e9e baby Powder 20L"}]},{"@type":"WebSite","@id":"https:\/\/puppymaroc.webmarocagency.com\/#website","url":"https:\/\/puppymaroc.webmarocagency.com\/","name":"puppymaroc.com","description":"puppymaroc","publisher":{"@id":"https:\/\/puppymaroc.webmarocagency.com\/#organization"},"potentialAction":[{"@type":"SearchAction","target":{"@type":"EntryPoint","urlTemplate":"https:\/\/puppymaroc.webmarocagency.com\/?s={search_term_string}"},"query-input":{"@type":"PropertyValueSpecification","valueRequired":true,"valueName":"search_term_string"}}],"inLanguage":"fr-FR"},{"@type":"Organization","@id":"https:\/\/puppymaroc.webmarocagency.com\/#organization","name":"puppymaroc.com","url":"https:\/\/puppymaroc.webmarocagency.com\/","logo":{"@type":"ImageObject","inLanguage":"fr-FR","@id":"https:\/\/puppymaroc.webmarocagency.com\/#\/schema\/logo\/image\/","url":"https:\/\/puppymaroc.webmarocagency.com\/wp-content\/uploads\/2024\/02\/cropped-cropped-puppy-maroc-logo-rmv-2.png","contentUrl":"https:\/\/puppymaroc.webmarocagency.com\/wp-content\/uploads\/2024\/02\/cropped-cropped-puppy-maroc-logo-rmv-2.png","width":958,"height":920,"caption":"puppymaroc.com"},"image":{"@id":"https:\/\/puppymaroc.webmarocagency.com\/#\/schema\/logo\/image\/"},"sameAs":["https:\/\/www.facebook.com\/PuppyMaroc?mibextid=ZbWKwL"]}]}},"_links":{"self":[{"href":"https:\/\/puppymaroc.webmarocagency.com\/index.php?rest_route=\/wp\/v2\/product\/2239","targetHints":{"allow":["GET"]}}],"collection":[{"href":"https:\/\/puppymaroc.webmarocagency.com\/index.php?rest_route=\/wp\/v2\/product"}],"about":[{"href":"https:\/\/puppymaroc.webmarocagency.com\/index.php?rest_route=\/wp\/v2\/types\/product"}],"replies":[{"embeddable":true,"href":"https:\/\/puppymaroc.webmarocagency.com\/index.php?rest_route=%2Fwp%2Fv2%2Fcomments&post=2239"}],"wp:featuredmedia":[{"embeddable":true,"href":"https:\/\/puppymaroc.webmarocagency.com\/index.php?rest_route=\/wp\/v2\/media\/2240"}],"wp:attachment":[{"href":"https:\/\/puppymaroc.webmarocagency.com\/index.php?rest_route=%2Fwp%2Fv2%2Fmedia&parent=2239"}],"wp:term":[{"taxonomy":"product_brand","embeddable":true,"href":"https:\/\/puppymaroc.webmarocagency.com\/index.php?rest_route=%2Fwp%2Fv2%2Fproduct_brand&post=2239"},{"taxonomy":"product_cat","embeddable":true,"href":"https:\/\/puppymaroc.webmarocagency.com\/index.php?rest_route=%2Fwp%2Fv2%2Fproduct_cat&post=2239"},{"taxonomy":"product_tag","embeddable":true,"href":"https:\/\/puppymaroc.webmarocagency.com\/index.php?rest_route=%2Fwp%2Fv2%2Fproduct_tag&post=2239"}],"curies":[{"name":"wp","href":"https:\/\/api.w.org\/{rel}","templated":true}]}}