{"id":2267,"date":"2024-09-22T10:20:23","date_gmt":"2024-09-22T09:20:23","guid":{"rendered":"https:\/\/puppymaroc.com\/?post_type=product&#038;p=2267"},"modified":"2024-09-22T10:22:20","modified_gmt":"2024-09-22T09:22:20","slug":"huile-de-saumon-energie-vitalite-430-ml-beaphar","status":"publish","type":"product","link":"https:\/\/puppymaroc.webmarocagency.com\/?product=huile-de-saumon-energie-vitalite-430-ml-beaphar","title":{"rendered":"Huile de saumon \u2013 Energie &#038; Vitalit\u00e9 \u2013 430 mL \u2013 BEAPHAR"},"content":{"rendered":"<div class=\"elementor-element elementor-element-ededdb9 elementor-widget elementor-widget-text-editor\" data-id=\"ededdb9\" data-element_type=\"widget\" data-widget_type=\"text-editor.default\">\n<div class=\"elementor-widget-container\">\n<p>Caract\u00e9ristiques produit<\/p>\n<\/div>\n<\/div>\n<div id=\"custom-attribut-style\" class=\"elementor-element elementor-element-415a6975 elementor-widget elementor-widget-woocommerce-product-additional-information\" data-id=\"415a6975\" data-element_type=\"widget\" data-widget_type=\"woocommerce-product-additional-information.default\">\n<div class=\"elementor-widget-container\">\n<table class=\"woocommerce-product-attributes shop_attributes\" aria-label=\"Product Details\">\n<tbody>\n<tr class=\"woocommerce-product-attributes-item woocommerce-product-attributes-item--weight\">\n<th class=\"woocommerce-product-attributes-item__label\" scope=\"row\">Poids<\/th>\n<td class=\"woocommerce-product-attributes-item__value\">600 g<\/td>\n<\/tr>\n<tr class=\"woocommerce-product-attributes-item woocommerce-product-attributes-item--attribute_pa_contenance\">\n<th class=\"woocommerce-product-attributes-item__label\" scope=\"row\">Contenance<\/th>\n<td class=\"woocommerce-product-attributes-item__value\"><a href=\"https:\/\/www.produits-veto.com\/contenance\/430-ml\/\" rel=\"tag\">430 ml<\/a><\/td>\n<\/tr>\n<tr class=\"woocommerce-product-attributes-item woocommerce-product-attributes-item--attribute_pa_marque\">\n<th class=\"woocommerce-product-attributes-item__label\" scope=\"row\">Marque<\/th>\n<td class=\"woocommerce-product-attributes-item__value\">BEAPHAR<\/td>\n<\/tr>\n<\/tbody>\n<\/table>\n<\/div>\n<\/div>\n","protected":false},"excerpt":{"rendered":"<p>\u2019<strong>huile de saumon Beaphar<\/strong>\u00a0apporte\u00a0<strong>\u00e9nergie<\/strong>\u00a0aux\u00a0<strong>chiens<\/strong>\u00a0et\u00a0<strong>chats<\/strong>. Elle provient de p\u00eacheries durables. Cette\u00a0<strong>huile<\/strong>\u00a0contient des\u00a0<strong>acides gras<\/strong>\u00a0<strong>essentiels<\/strong>\u00a0tels que l\u2019EPA et le DHA et c\u2019est une source d\u2019<strong>acides gras<\/strong>\u00a0<strong>Om\u00e9ga 3<\/strong>\u00a0(17,4 %) et\u00a0<strong>Om\u00e9ga 6<\/strong>\u00a0(20 %).<\/p>\n<p>Recommand\u00e9e pour un\u00a0<strong>pelage brillant<\/strong>, elle soutient le fonctionnement du\u00a0<strong>syst\u00e8me cardiovasculaire<\/strong>\u00a0et favorise la\u00a0<strong>mobilit\u00e9 des articulations<\/strong>\u00a0chez les animaux souffrant d\u2019arthrite ou d\u2019arthrose. Elle est aussi utile pour rendre l\u2019<strong>alimentation app\u00e9tente<\/strong>.<\/p>\n<p><strong>En r\u00e9sum\u00e9 :\u00a0<\/strong><\/p>\n<ul>\n<li>Contient des acides gras essentiels : Omega 3 et 6<\/li>\n<li>Effet b\u00e9n\u00e9fique sur le syst\u00e8me cardio-vasculaire<\/li>\n<li>Contribue \u00e0 la souplesse des articulations<\/li>\n<li>Constitue un apport \u00e9nerg\u00e9tique<\/li>\n<\/ul>\n","protected":false},"featured_media":2268,"comment_status":"open","ping_status":"closed","template":"","meta":[],"product_brand":[],"product_cat":[59,15],"product_tag":[],"class_list":{"0":"post-2267","1":"product","2":"type-product","3":"status-publish","4":"has-post-thumbnail","6":"product_cat-accessories-chien","7":"product_cat-accesoires","9":"first","10":"instock","11":"sale","12":"shipping-taxable","13":"purchasable","14":"product-type-simple"},"yoast_head":"<!-- This site is optimized with the Yoast SEO plugin v25.8 - https:\/\/yoast.com\/wordpress\/plugins\/seo\/ -->\n<title>Huile de saumon \u2013 Energie &amp; Vitalit\u00e9 \u2013 430 mL \u2013 BEAPHAR - puppymaroc.com<\/title>\n<meta name=\"robots\" content=\"index, follow, max-snippet:-1, max-image-preview:large, max-video-preview:-1\" \/>\n<link rel=\"canonical\" href=\"https:\/\/puppymaroc.webmarocagency.com\/?product=huile-de-saumon-energie-vitalite-430-ml-beaphar\" \/>\n<meta property=\"og:locale\" content=\"fr_FR\" \/>\n<meta property=\"og:type\" content=\"article\" \/>\n<meta property=\"og:title\" content=\"Huile de saumon \u2013 Energie &amp; Vitalit\u00e9 \u2013 430 mL \u2013 BEAPHAR - puppymaroc.com\" \/>\n<meta property=\"og:description\" content=\"\u2019huile de saumon Beaphar\u00a0apporte\u00a0\u00e9nergie\u00a0aux\u00a0chiens\u00a0et\u00a0chats. Elle provient de p\u00eacheries durables. Cette\u00a0huile\u00a0contient des\u00a0acides gras\u00a0essentiels\u00a0tels que l\u2019EPA et le DHA et c\u2019est une source d\u2019acides gras\u00a0Om\u00e9ga 3\u00a0(17,4 %) et\u00a0Om\u00e9ga 6\u00a0(20 %).  Recommand\u00e9e pour un\u00a0pelage brillant, elle soutient le fonctionnement du\u00a0syst\u00e8me cardiovasculaire\u00a0et favorise la\u00a0mobilit\u00e9 des articulations\u00a0chez les animaux souffrant d\u2019arthrite ou d\u2019arthrose. Elle est aussi utile pour rendre l\u2019alimentation app\u00e9tente.  En r\u00e9sum\u00e9 :\u00a0   Contient des acides gras essentiels : Omega 3 et 6  Effet b\u00e9n\u00e9fique sur le syst\u00e8me cardio-vasculaire  Contribue \u00e0 la souplesse des articulations  Constitue un apport \u00e9nerg\u00e9tique\" \/>\n<meta property=\"og:url\" content=\"https:\/\/puppymaroc.webmarocagency.com\/?product=huile-de-saumon-energie-vitalite-430-ml-beaphar\" \/>\n<meta property=\"og:site_name\" content=\"puppymaroc.com\" \/>\n<meta property=\"article:publisher\" content=\"https:\/\/www.facebook.com\/PuppyMaroc?mibextid=ZbWKwL\" \/>\n<meta property=\"article:modified_time\" content=\"2024-09-22T09:22:20+00:00\" \/>\n<meta property=\"og:image\" content=\"https:\/\/puppymaroc.webmarocagency.com\/wp-content\/uploads\/2024\/09\/background-puppy-maroc-51.png\" \/>\n\t<meta property=\"og:image:width\" content=\"1080\" \/>\n\t<meta property=\"og:image:height\" content=\"1080\" \/>\n\t<meta property=\"og:image:type\" content=\"image\/png\" \/>\n<meta name=\"twitter:card\" content=\"summary_large_image\" \/>\n<script type=\"application\/ld+json\" class=\"yoast-schema-graph\">{\"@context\":\"https:\/\/schema.org\",\"@graph\":[{\"@type\":\"WebPage\",\"@id\":\"https:\/\/puppymaroc.webmarocagency.com\/?product=huile-de-saumon-energie-vitalite-430-ml-beaphar\",\"url\":\"https:\/\/puppymaroc.webmarocagency.com\/?product=huile-de-saumon-energie-vitalite-430-ml-beaphar\",\"name\":\"Huile de saumon \u2013 Energie & Vitalit\u00e9 \u2013 430 mL \u2013 BEAPHAR - puppymaroc.com\",\"isPartOf\":{\"@id\":\"https:\/\/puppymaroc.webmarocagency.com\/#website\"},\"primaryImageOfPage\":{\"@id\":\"https:\/\/puppymaroc.webmarocagency.com\/?product=huile-de-saumon-energie-vitalite-430-ml-beaphar#primaryimage\"},\"image\":{\"@id\":\"https:\/\/puppymaroc.webmarocagency.com\/?product=huile-de-saumon-energie-vitalite-430-ml-beaphar#primaryimage\"},\"thumbnailUrl\":\"https:\/\/puppymaroc.webmarocagency.com\/wp-content\/uploads\/2024\/09\/background-puppy-maroc-51.png\",\"datePublished\":\"2024-09-22T09:20:23+00:00\",\"dateModified\":\"2024-09-22T09:22:20+00:00\",\"breadcrumb\":{\"@id\":\"https:\/\/puppymaroc.webmarocagency.com\/?product=huile-de-saumon-energie-vitalite-430-ml-beaphar#breadcrumb\"},\"inLanguage\":\"fr-FR\",\"potentialAction\":[{\"@type\":\"ReadAction\",\"target\":[\"https:\/\/puppymaroc.webmarocagency.com\/?product=huile-de-saumon-energie-vitalite-430-ml-beaphar\"]}]},{\"@type\":\"ImageObject\",\"inLanguage\":\"fr-FR\",\"@id\":\"https:\/\/puppymaroc.webmarocagency.com\/?product=huile-de-saumon-energie-vitalite-430-ml-beaphar#primaryimage\",\"url\":\"https:\/\/puppymaroc.webmarocagency.com\/wp-content\/uploads\/2024\/09\/background-puppy-maroc-51.png\",\"contentUrl\":\"https:\/\/puppymaroc.webmarocagency.com\/wp-content\/uploads\/2024\/09\/background-puppy-maroc-51.png\",\"width\":1080,\"height\":1080},{\"@type\":\"BreadcrumbList\",\"@id\":\"https:\/\/puppymaroc.webmarocagency.com\/?product=huile-de-saumon-energie-vitalite-430-ml-beaphar#breadcrumb\",\"itemListElement\":[{\"@type\":\"ListItem\",\"position\":1,\"name\":\"Accueil\",\"item\":\"https:\/\/puppymaroc.webmarocagency.com\/\"},{\"@type\":\"ListItem\",\"position\":2,\"name\":\"Produit\",\"item\":\"https:\/\/puppymaroc.webmarocagency.com\/?page_id=1561\"},{\"@type\":\"ListItem\",\"position\":3,\"name\":\"Huile de saumon \u2013 Energie &#038; Vitalit\u00e9 \u2013 430 mL \u2013 BEAPHAR\"}]},{\"@type\":\"WebSite\",\"@id\":\"https:\/\/puppymaroc.webmarocagency.com\/#website\",\"url\":\"https:\/\/puppymaroc.webmarocagency.com\/\",\"name\":\"puppymaroc.com\",\"description\":\"puppymaroc\",\"publisher\":{\"@id\":\"https:\/\/puppymaroc.webmarocagency.com\/#organization\"},\"potentialAction\":[{\"@type\":\"SearchAction\",\"target\":{\"@type\":\"EntryPoint\",\"urlTemplate\":\"https:\/\/puppymaroc.webmarocagency.com\/?s={search_term_string}\"},\"query-input\":{\"@type\":\"PropertyValueSpecification\",\"valueRequired\":true,\"valueName\":\"search_term_string\"}}],\"inLanguage\":\"fr-FR\"},{\"@type\":\"Organization\",\"@id\":\"https:\/\/puppymaroc.webmarocagency.com\/#organization\",\"name\":\"puppymaroc.com\",\"url\":\"https:\/\/puppymaroc.webmarocagency.com\/\",\"logo\":{\"@type\":\"ImageObject\",\"inLanguage\":\"fr-FR\",\"@id\":\"https:\/\/puppymaroc.webmarocagency.com\/#\/schema\/logo\/image\/\",\"url\":\"https:\/\/puppymaroc.webmarocagency.com\/wp-content\/uploads\/2024\/02\/cropped-cropped-puppy-maroc-logo-rmv-2.png\",\"contentUrl\":\"https:\/\/puppymaroc.webmarocagency.com\/wp-content\/uploads\/2024\/02\/cropped-cropped-puppy-maroc-logo-rmv-2.png\",\"width\":958,\"height\":920,\"caption\":\"puppymaroc.com\"},\"image\":{\"@id\":\"https:\/\/puppymaroc.webmarocagency.com\/#\/schema\/logo\/image\/\"},\"sameAs\":[\"https:\/\/www.facebook.com\/PuppyMaroc?mibextid=ZbWKwL\"]}]}<\/script>\n<!-- \/ Yoast SEO plugin. -->","yoast_head_json":{"title":"Huile de saumon \u2013 Energie & Vitalit\u00e9 \u2013 430 mL \u2013 BEAPHAR - puppymaroc.com","robots":{"index":"index","follow":"follow","max-snippet":"max-snippet:-1","max-image-preview":"max-image-preview:large","max-video-preview":"max-video-preview:-1"},"canonical":"https:\/\/puppymaroc.webmarocagency.com\/?product=huile-de-saumon-energie-vitalite-430-ml-beaphar","og_locale":"fr_FR","og_type":"article","og_title":"Huile de saumon \u2013 Energie & Vitalit\u00e9 \u2013 430 mL \u2013 BEAPHAR - puppymaroc.com","og_description":"\u2019huile de saumon Beaphar\u00a0apporte\u00a0\u00e9nergie\u00a0aux\u00a0chiens\u00a0et\u00a0chats. Elle provient de p\u00eacheries durables. Cette\u00a0huile\u00a0contient des\u00a0acides gras\u00a0essentiels\u00a0tels que l\u2019EPA et le DHA et c\u2019est une source d\u2019acides gras\u00a0Om\u00e9ga 3\u00a0(17,4 %) et\u00a0Om\u00e9ga 6\u00a0(20 %).  Recommand\u00e9e pour un\u00a0pelage brillant, elle soutient le fonctionnement du\u00a0syst\u00e8me cardiovasculaire\u00a0et favorise la\u00a0mobilit\u00e9 des articulations\u00a0chez les animaux souffrant d\u2019arthrite ou d\u2019arthrose. Elle est aussi utile pour rendre l\u2019alimentation app\u00e9tente.  En r\u00e9sum\u00e9 :\u00a0   Contient des acides gras essentiels : Omega 3 et 6  Effet b\u00e9n\u00e9fique sur le syst\u00e8me cardio-vasculaire  Contribue \u00e0 la souplesse des articulations  Constitue un apport \u00e9nerg\u00e9tique","og_url":"https:\/\/puppymaroc.webmarocagency.com\/?product=huile-de-saumon-energie-vitalite-430-ml-beaphar","og_site_name":"puppymaroc.com","article_publisher":"https:\/\/www.facebook.com\/PuppyMaroc?mibextid=ZbWKwL","article_modified_time":"2024-09-22T09:22:20+00:00","og_image":[{"width":1080,"height":1080,"url":"https:\/\/puppymaroc.webmarocagency.com\/wp-content\/uploads\/2024\/09\/background-puppy-maroc-51.png","type":"image\/png"}],"twitter_card":"summary_large_image","schema":{"@context":"https:\/\/schema.org","@graph":[{"@type":"WebPage","@id":"https:\/\/puppymaroc.webmarocagency.com\/?product=huile-de-saumon-energie-vitalite-430-ml-beaphar","url":"https:\/\/puppymaroc.webmarocagency.com\/?product=huile-de-saumon-energie-vitalite-430-ml-beaphar","name":"Huile de saumon \u2013 Energie & Vitalit\u00e9 \u2013 430 mL \u2013 BEAPHAR - puppymaroc.com","isPartOf":{"@id":"https:\/\/puppymaroc.webmarocagency.com\/#website"},"primaryImageOfPage":{"@id":"https:\/\/puppymaroc.webmarocagency.com\/?product=huile-de-saumon-energie-vitalite-430-ml-beaphar#primaryimage"},"image":{"@id":"https:\/\/puppymaroc.webmarocagency.com\/?product=huile-de-saumon-energie-vitalite-430-ml-beaphar#primaryimage"},"thumbnailUrl":"https:\/\/puppymaroc.webmarocagency.com\/wp-content\/uploads\/2024\/09\/background-puppy-maroc-51.png","datePublished":"2024-09-22T09:20:23+00:00","dateModified":"2024-09-22T09:22:20+00:00","breadcrumb":{"@id":"https:\/\/puppymaroc.webmarocagency.com\/?product=huile-de-saumon-energie-vitalite-430-ml-beaphar#breadcrumb"},"inLanguage":"fr-FR","potentialAction":[{"@type":"ReadAction","target":["https:\/\/puppymaroc.webmarocagency.com\/?product=huile-de-saumon-energie-vitalite-430-ml-beaphar"]}]},{"@type":"ImageObject","inLanguage":"fr-FR","@id":"https:\/\/puppymaroc.webmarocagency.com\/?product=huile-de-saumon-energie-vitalite-430-ml-beaphar#primaryimage","url":"https:\/\/puppymaroc.webmarocagency.com\/wp-content\/uploads\/2024\/09\/background-puppy-maroc-51.png","contentUrl":"https:\/\/puppymaroc.webmarocagency.com\/wp-content\/uploads\/2024\/09\/background-puppy-maroc-51.png","width":1080,"height":1080},{"@type":"BreadcrumbList","@id":"https:\/\/puppymaroc.webmarocagency.com\/?product=huile-de-saumon-energie-vitalite-430-ml-beaphar#breadcrumb","itemListElement":[{"@type":"ListItem","position":1,"name":"Accueil","item":"https:\/\/puppymaroc.webmarocagency.com\/"},{"@type":"ListItem","position":2,"name":"Produit","item":"https:\/\/puppymaroc.webmarocagency.com\/?page_id=1561"},{"@type":"ListItem","position":3,"name":"Huile de saumon \u2013 Energie &#038; Vitalit\u00e9 \u2013 430 mL \u2013 BEAPHAR"}]},{"@type":"WebSite","@id":"https:\/\/puppymaroc.webmarocagency.com\/#website","url":"https:\/\/puppymaroc.webmarocagency.com\/","name":"puppymaroc.com","description":"puppymaroc","publisher":{"@id":"https:\/\/puppymaroc.webmarocagency.com\/#organization"},"potentialAction":[{"@type":"SearchAction","target":{"@type":"EntryPoint","urlTemplate":"https:\/\/puppymaroc.webmarocagency.com\/?s={search_term_string}"},"query-input":{"@type":"PropertyValueSpecification","valueRequired":true,"valueName":"search_term_string"}}],"inLanguage":"fr-FR"},{"@type":"Organization","@id":"https:\/\/puppymaroc.webmarocagency.com\/#organization","name":"puppymaroc.com","url":"https:\/\/puppymaroc.webmarocagency.com\/","logo":{"@type":"ImageObject","inLanguage":"fr-FR","@id":"https:\/\/puppymaroc.webmarocagency.com\/#\/schema\/logo\/image\/","url":"https:\/\/puppymaroc.webmarocagency.com\/wp-content\/uploads\/2024\/02\/cropped-cropped-puppy-maroc-logo-rmv-2.png","contentUrl":"https:\/\/puppymaroc.webmarocagency.com\/wp-content\/uploads\/2024\/02\/cropped-cropped-puppy-maroc-logo-rmv-2.png","width":958,"height":920,"caption":"puppymaroc.com"},"image":{"@id":"https:\/\/puppymaroc.webmarocagency.com\/#\/schema\/logo\/image\/"},"sameAs":["https:\/\/www.facebook.com\/PuppyMaroc?mibextid=ZbWKwL"]}]}},"_links":{"self":[{"href":"https:\/\/puppymaroc.webmarocagency.com\/index.php?rest_route=\/wp\/v2\/product\/2267","targetHints":{"allow":["GET"]}}],"collection":[{"href":"https:\/\/puppymaroc.webmarocagency.com\/index.php?rest_route=\/wp\/v2\/product"}],"about":[{"href":"https:\/\/puppymaroc.webmarocagency.com\/index.php?rest_route=\/wp\/v2\/types\/product"}],"replies":[{"embeddable":true,"href":"https:\/\/puppymaroc.webmarocagency.com\/index.php?rest_route=%2Fwp%2Fv2%2Fcomments&post=2267"}],"wp:featuredmedia":[{"embeddable":true,"href":"https:\/\/puppymaroc.webmarocagency.com\/index.php?rest_route=\/wp\/v2\/media\/2268"}],"wp:attachment":[{"href":"https:\/\/puppymaroc.webmarocagency.com\/index.php?rest_route=%2Fwp%2Fv2%2Fmedia&parent=2267"}],"wp:term":[{"taxonomy":"product_brand","embeddable":true,"href":"https:\/\/puppymaroc.webmarocagency.com\/index.php?rest_route=%2Fwp%2Fv2%2Fproduct_brand&post=2267"},{"taxonomy":"product_cat","embeddable":true,"href":"https:\/\/puppymaroc.webmarocagency.com\/index.php?rest_route=%2Fwp%2Fv2%2Fproduct_cat&post=2267"},{"taxonomy":"product_tag","embeddable":true,"href":"https:\/\/puppymaroc.webmarocagency.com\/index.php?rest_route=%2Fwp%2Fv2%2Fproduct_tag&post=2267"}],"curies":[{"name":"wp","href":"https:\/\/api.w.org\/{rel}","templated":true}]}}