{"id":2269,"date":"2024-09-22T10:25:09","date_gmt":"2024-09-22T09:25:09","guid":{"rendered":"https:\/\/puppymaroc.com\/?post_type=product&#038;p=2269"},"modified":"2024-09-22T10:26:26","modified_gmt":"2024-09-22T09:26:26","slug":"collier-pour-chien-etrangleur-en-metal-groci","status":"publish","type":"product","link":"https:\/\/puppymaroc.webmarocagency.com\/?product=collier-pour-chien-etrangleur-en-metal-groci","title":{"rendered":"Collier Pour Chien \u00e9trangleur En M\u00e9tal &#8211; GROCI"},"content":{"rendered":"","protected":false},"excerpt":{"rendered":"<table class=\"table table--fpDescTb\" role=\"table\" aria-label=\"Caract\u00e9ristiques du produit\">\n<caption class=\"u-visually-hidden\">Tableau de caract\u00e9ristiques du produit<\/caption>\n<thead class=\"table__header u-visually-hidden\" role=\"rowgroup\">\n<tr class=\"table__row\" role=\"row\">\n<th class=\"table__cell\" role=\"columnheader\" scope=\"col\" aria-sort=\"none\" aria-rowindex=\"1\">Caract\u00e9ristique<\/th>\n<th class=\"table__cell\" role=\"columnheader\" scope=\"col\" aria-sort=\"none\" aria-rowindex=\"1\">Description<\/th>\n<\/tr>\n<\/thead>\n<tbody class=\"table__body\" role=\"rowgroup\">\n<tr class=\"table__row\" role=\"row\">\n<th class=\"table__head\" role=\"cell\" colspan=\"2\" scope=\"col\">Informations g\u00e9n\u00e9rales sur le produit<\/th>\n<\/tr>\n<tr class=\"table__row\" role=\"row\">\n<th class=\"table__cell\" role=\"cell\" scope=\"row\">Marque<\/th>\n<td class=\"table__cell\" style=\"text-align: center;\" role=\"cell\">AUCUNE<\/td>\n<\/tr>\n<tr class=\"table__row\" role=\"row\">\n<th class=\"table__cell\" role=\"cell\" scope=\"row\">Nom du produit<\/th>\n<td class=\"table__cell\" role=\"cell\">cha\u00eene pour chien &#8211; collier d&rsquo;entra\u00eenement r\u00e9glable en m\u00e9tal &#8211; type B &#8211; 4.0mm*65cm<\/td>\n<\/tr>\n<tr class=\"table__row\" role=\"row\">\n<th class=\"table__cell\" role=\"cell\" scope=\"row\">Cat\u00e9gorie<\/th>\n<td class=\"table__cell\" role=\"cell\">COLLIER<\/td>\n<\/tr>\n<\/tbody>\n<\/table>\n","protected":false},"featured_media":2270,"comment_status":"open","ping_status":"closed","template":"","meta":[],"product_brand":[],"product_cat":[59],"product_tag":[],"class_list":{"0":"post-2269","1":"product","2":"type-product","3":"status-publish","4":"has-post-thumbnail","6":"product_cat-accessories-chien","8":"first","9":"instock","10":"sale","11":"shipping-taxable","12":"purchasable","13":"product-type-simple"},"yoast_head":"<!-- This site is optimized with the Yoast SEO plugin v25.8 - https:\/\/yoast.com\/wordpress\/plugins\/seo\/ -->\n<title>Collier Pour Chien \u00e9trangleur En M\u00e9tal - GROCI - puppymaroc.com<\/title>\n<meta name=\"robots\" content=\"index, follow, max-snippet:-1, max-image-preview:large, max-video-preview:-1\" \/>\n<link rel=\"canonical\" href=\"https:\/\/puppymaroc.webmarocagency.com\/?product=collier-pour-chien-etrangleur-en-metal-groci\" \/>\n<meta property=\"og:locale\" content=\"fr_FR\" \/>\n<meta property=\"og:type\" content=\"article\" \/>\n<meta property=\"og:title\" content=\"Collier Pour Chien \u00e9trangleur En M\u00e9tal - GROCI - puppymaroc.com\" \/>\n<meta property=\"og:description\" content=\"Tableau de caract\u00e9ristiques du produit   Caract\u00e9ristique Description     Informations g\u00e9n\u00e9rales sur le produit   Marque AUCUNE   Nom du produit cha\u00eene pour chien - collier d&#039;entra\u00eenement r\u00e9glable en m\u00e9tal - type B - 4.0mm*65cm   Cat\u00e9gorie COLLIER\" \/>\n<meta property=\"og:url\" content=\"https:\/\/puppymaroc.webmarocagency.com\/?product=collier-pour-chien-etrangleur-en-metal-groci\" \/>\n<meta property=\"og:site_name\" content=\"puppymaroc.com\" \/>\n<meta property=\"article:publisher\" content=\"https:\/\/www.facebook.com\/PuppyMaroc?mibextid=ZbWKwL\" \/>\n<meta property=\"article:modified_time\" content=\"2024-09-22T09:26:26+00:00\" \/>\n<meta property=\"og:image\" content=\"https:\/\/puppymaroc.webmarocagency.com\/wp-content\/uploads\/2024\/09\/background-puppy-maroc-52.png\" \/>\n\t<meta property=\"og:image:width\" content=\"1080\" \/>\n\t<meta property=\"og:image:height\" content=\"1080\" \/>\n\t<meta property=\"og:image:type\" content=\"image\/png\" \/>\n<meta name=\"twitter:card\" content=\"summary_large_image\" \/>\n<script type=\"application\/ld+json\" class=\"yoast-schema-graph\">{\"@context\":\"https:\/\/schema.org\",\"@graph\":[{\"@type\":\"WebPage\",\"@id\":\"https:\/\/puppymaroc.webmarocagency.com\/?product=collier-pour-chien-etrangleur-en-metal-groci\",\"url\":\"https:\/\/puppymaroc.webmarocagency.com\/?product=collier-pour-chien-etrangleur-en-metal-groci\",\"name\":\"Collier Pour Chien \u00e9trangleur En M\u00e9tal - GROCI - puppymaroc.com\",\"isPartOf\":{\"@id\":\"https:\/\/puppymaroc.webmarocagency.com\/#website\"},\"primaryImageOfPage\":{\"@id\":\"https:\/\/puppymaroc.webmarocagency.com\/?product=collier-pour-chien-etrangleur-en-metal-groci#primaryimage\"},\"image\":{\"@id\":\"https:\/\/puppymaroc.webmarocagency.com\/?product=collier-pour-chien-etrangleur-en-metal-groci#primaryimage\"},\"thumbnailUrl\":\"https:\/\/puppymaroc.webmarocagency.com\/wp-content\/uploads\/2024\/09\/background-puppy-maroc-52.png\",\"datePublished\":\"2024-09-22T09:25:09+00:00\",\"dateModified\":\"2024-09-22T09:26:26+00:00\",\"breadcrumb\":{\"@id\":\"https:\/\/puppymaroc.webmarocagency.com\/?product=collier-pour-chien-etrangleur-en-metal-groci#breadcrumb\"},\"inLanguage\":\"fr-FR\",\"potentialAction\":[{\"@type\":\"ReadAction\",\"target\":[\"https:\/\/puppymaroc.webmarocagency.com\/?product=collier-pour-chien-etrangleur-en-metal-groci\"]}]},{\"@type\":\"ImageObject\",\"inLanguage\":\"fr-FR\",\"@id\":\"https:\/\/puppymaroc.webmarocagency.com\/?product=collier-pour-chien-etrangleur-en-metal-groci#primaryimage\",\"url\":\"https:\/\/puppymaroc.webmarocagency.com\/wp-content\/uploads\/2024\/09\/background-puppy-maroc-52.png\",\"contentUrl\":\"https:\/\/puppymaroc.webmarocagency.com\/wp-content\/uploads\/2024\/09\/background-puppy-maroc-52.png\",\"width\":1080,\"height\":1080},{\"@type\":\"BreadcrumbList\",\"@id\":\"https:\/\/puppymaroc.webmarocagency.com\/?product=collier-pour-chien-etrangleur-en-metal-groci#breadcrumb\",\"itemListElement\":[{\"@type\":\"ListItem\",\"position\":1,\"name\":\"Accueil\",\"item\":\"https:\/\/puppymaroc.webmarocagency.com\/\"},{\"@type\":\"ListItem\",\"position\":2,\"name\":\"Produit\",\"item\":\"https:\/\/puppymaroc.webmarocagency.com\/?page_id=1561\"},{\"@type\":\"ListItem\",\"position\":3,\"name\":\"Collier Pour Chien \u00e9trangleur En M\u00e9tal &#8211; GROCI\"}]},{\"@type\":\"WebSite\",\"@id\":\"https:\/\/puppymaroc.webmarocagency.com\/#website\",\"url\":\"https:\/\/puppymaroc.webmarocagency.com\/\",\"name\":\"puppymaroc.com\",\"description\":\"puppymaroc\",\"publisher\":{\"@id\":\"https:\/\/puppymaroc.webmarocagency.com\/#organization\"},\"potentialAction\":[{\"@type\":\"SearchAction\",\"target\":{\"@type\":\"EntryPoint\",\"urlTemplate\":\"https:\/\/puppymaroc.webmarocagency.com\/?s={search_term_string}\"},\"query-input\":{\"@type\":\"PropertyValueSpecification\",\"valueRequired\":true,\"valueName\":\"search_term_string\"}}],\"inLanguage\":\"fr-FR\"},{\"@type\":\"Organization\",\"@id\":\"https:\/\/puppymaroc.webmarocagency.com\/#organization\",\"name\":\"puppymaroc.com\",\"url\":\"https:\/\/puppymaroc.webmarocagency.com\/\",\"logo\":{\"@type\":\"ImageObject\",\"inLanguage\":\"fr-FR\",\"@id\":\"https:\/\/puppymaroc.webmarocagency.com\/#\/schema\/logo\/image\/\",\"url\":\"https:\/\/puppymaroc.webmarocagency.com\/wp-content\/uploads\/2024\/02\/cropped-cropped-puppy-maroc-logo-rmv-2.png\",\"contentUrl\":\"https:\/\/puppymaroc.webmarocagency.com\/wp-content\/uploads\/2024\/02\/cropped-cropped-puppy-maroc-logo-rmv-2.png\",\"width\":958,\"height\":920,\"caption\":\"puppymaroc.com\"},\"image\":{\"@id\":\"https:\/\/puppymaroc.webmarocagency.com\/#\/schema\/logo\/image\/\"},\"sameAs\":[\"https:\/\/www.facebook.com\/PuppyMaroc?mibextid=ZbWKwL\"]}]}<\/script>\n<!-- \/ Yoast SEO plugin. -->","yoast_head_json":{"title":"Collier Pour Chien \u00e9trangleur En M\u00e9tal - GROCI - puppymaroc.com","robots":{"index":"index","follow":"follow","max-snippet":"max-snippet:-1","max-image-preview":"max-image-preview:large","max-video-preview":"max-video-preview:-1"},"canonical":"https:\/\/puppymaroc.webmarocagency.com\/?product=collier-pour-chien-etrangleur-en-metal-groci","og_locale":"fr_FR","og_type":"article","og_title":"Collier Pour Chien \u00e9trangleur En M\u00e9tal - GROCI - puppymaroc.com","og_description":"Tableau de caract\u00e9ristiques du produit   Caract\u00e9ristique Description     Informations g\u00e9n\u00e9rales sur le produit   Marque AUCUNE   Nom du produit cha\u00eene pour chien - collier d'entra\u00eenement r\u00e9glable en m\u00e9tal - type B - 4.0mm*65cm   Cat\u00e9gorie COLLIER","og_url":"https:\/\/puppymaroc.webmarocagency.com\/?product=collier-pour-chien-etrangleur-en-metal-groci","og_site_name":"puppymaroc.com","article_publisher":"https:\/\/www.facebook.com\/PuppyMaroc?mibextid=ZbWKwL","article_modified_time":"2024-09-22T09:26:26+00:00","og_image":[{"width":1080,"height":1080,"url":"https:\/\/puppymaroc.webmarocagency.com\/wp-content\/uploads\/2024\/09\/background-puppy-maroc-52.png","type":"image\/png"}],"twitter_card":"summary_large_image","schema":{"@context":"https:\/\/schema.org","@graph":[{"@type":"WebPage","@id":"https:\/\/puppymaroc.webmarocagency.com\/?product=collier-pour-chien-etrangleur-en-metal-groci","url":"https:\/\/puppymaroc.webmarocagency.com\/?product=collier-pour-chien-etrangleur-en-metal-groci","name":"Collier Pour Chien \u00e9trangleur En M\u00e9tal - GROCI - puppymaroc.com","isPartOf":{"@id":"https:\/\/puppymaroc.webmarocagency.com\/#website"},"primaryImageOfPage":{"@id":"https:\/\/puppymaroc.webmarocagency.com\/?product=collier-pour-chien-etrangleur-en-metal-groci#primaryimage"},"image":{"@id":"https:\/\/puppymaroc.webmarocagency.com\/?product=collier-pour-chien-etrangleur-en-metal-groci#primaryimage"},"thumbnailUrl":"https:\/\/puppymaroc.webmarocagency.com\/wp-content\/uploads\/2024\/09\/background-puppy-maroc-52.png","datePublished":"2024-09-22T09:25:09+00:00","dateModified":"2024-09-22T09:26:26+00:00","breadcrumb":{"@id":"https:\/\/puppymaroc.webmarocagency.com\/?product=collier-pour-chien-etrangleur-en-metal-groci#breadcrumb"},"inLanguage":"fr-FR","potentialAction":[{"@type":"ReadAction","target":["https:\/\/puppymaroc.webmarocagency.com\/?product=collier-pour-chien-etrangleur-en-metal-groci"]}]},{"@type":"ImageObject","inLanguage":"fr-FR","@id":"https:\/\/puppymaroc.webmarocagency.com\/?product=collier-pour-chien-etrangleur-en-metal-groci#primaryimage","url":"https:\/\/puppymaroc.webmarocagency.com\/wp-content\/uploads\/2024\/09\/background-puppy-maroc-52.png","contentUrl":"https:\/\/puppymaroc.webmarocagency.com\/wp-content\/uploads\/2024\/09\/background-puppy-maroc-52.png","width":1080,"height":1080},{"@type":"BreadcrumbList","@id":"https:\/\/puppymaroc.webmarocagency.com\/?product=collier-pour-chien-etrangleur-en-metal-groci#breadcrumb","itemListElement":[{"@type":"ListItem","position":1,"name":"Accueil","item":"https:\/\/puppymaroc.webmarocagency.com\/"},{"@type":"ListItem","position":2,"name":"Produit","item":"https:\/\/puppymaroc.webmarocagency.com\/?page_id=1561"},{"@type":"ListItem","position":3,"name":"Collier Pour Chien \u00e9trangleur En M\u00e9tal &#8211; GROCI"}]},{"@type":"WebSite","@id":"https:\/\/puppymaroc.webmarocagency.com\/#website","url":"https:\/\/puppymaroc.webmarocagency.com\/","name":"puppymaroc.com","description":"puppymaroc","publisher":{"@id":"https:\/\/puppymaroc.webmarocagency.com\/#organization"},"potentialAction":[{"@type":"SearchAction","target":{"@type":"EntryPoint","urlTemplate":"https:\/\/puppymaroc.webmarocagency.com\/?s={search_term_string}"},"query-input":{"@type":"PropertyValueSpecification","valueRequired":true,"valueName":"search_term_string"}}],"inLanguage":"fr-FR"},{"@type":"Organization","@id":"https:\/\/puppymaroc.webmarocagency.com\/#organization","name":"puppymaroc.com","url":"https:\/\/puppymaroc.webmarocagency.com\/","logo":{"@type":"ImageObject","inLanguage":"fr-FR","@id":"https:\/\/puppymaroc.webmarocagency.com\/#\/schema\/logo\/image\/","url":"https:\/\/puppymaroc.webmarocagency.com\/wp-content\/uploads\/2024\/02\/cropped-cropped-puppy-maroc-logo-rmv-2.png","contentUrl":"https:\/\/puppymaroc.webmarocagency.com\/wp-content\/uploads\/2024\/02\/cropped-cropped-puppy-maroc-logo-rmv-2.png","width":958,"height":920,"caption":"puppymaroc.com"},"image":{"@id":"https:\/\/puppymaroc.webmarocagency.com\/#\/schema\/logo\/image\/"},"sameAs":["https:\/\/www.facebook.com\/PuppyMaroc?mibextid=ZbWKwL"]}]}},"_links":{"self":[{"href":"https:\/\/puppymaroc.webmarocagency.com\/index.php?rest_route=\/wp\/v2\/product\/2269","targetHints":{"allow":["GET"]}}],"collection":[{"href":"https:\/\/puppymaroc.webmarocagency.com\/index.php?rest_route=\/wp\/v2\/product"}],"about":[{"href":"https:\/\/puppymaroc.webmarocagency.com\/index.php?rest_route=\/wp\/v2\/types\/product"}],"replies":[{"embeddable":true,"href":"https:\/\/puppymaroc.webmarocagency.com\/index.php?rest_route=%2Fwp%2Fv2%2Fcomments&post=2269"}],"wp:featuredmedia":[{"embeddable":true,"href":"https:\/\/puppymaroc.webmarocagency.com\/index.php?rest_route=\/wp\/v2\/media\/2270"}],"wp:attachment":[{"href":"https:\/\/puppymaroc.webmarocagency.com\/index.php?rest_route=%2Fwp%2Fv2%2Fmedia&parent=2269"}],"wp:term":[{"taxonomy":"product_brand","embeddable":true,"href":"https:\/\/puppymaroc.webmarocagency.com\/index.php?rest_route=%2Fwp%2Fv2%2Fproduct_brand&post=2269"},{"taxonomy":"product_cat","embeddable":true,"href":"https:\/\/puppymaroc.webmarocagency.com\/index.php?rest_route=%2Fwp%2Fv2%2Fproduct_cat&post=2269"},{"taxonomy":"product_tag","embeddable":true,"href":"https:\/\/puppymaroc.webmarocagency.com\/index.php?rest_route=%2Fwp%2Fv2%2Fproduct_tag&post=2269"}],"curies":[{"name":"wp","href":"https:\/\/api.w.org\/{rel}","templated":true}]}}