{"id":2271,"date":"2024-09-22T10:28:00","date_gmt":"2024-09-22T09:28:00","guid":{"rendered":"https:\/\/puppymaroc.com\/?post_type=product&#038;p=2271"},"modified":"2024-09-28T03:00:19","modified_gmt":"2024-09-28T02:00:19","slug":"inodorina-a-refresh-lingettes-humides-40-pcs-myrrhe-orientale","status":"publish","type":"product","link":"https:\/\/puppymaroc.webmarocagency.com\/?product=inodorina-a-refresh-lingettes-humides-40-pcs-myrrhe-orientale","title":{"rendered":"INODORINA A-REFRESH LINGETTES HUMIDES &#8211; 40 PCS MYRRHE ORIENTALE"},"content":{"rendered":"","protected":false},"excerpt":{"rendered":"<ul class=\"a-unordered-list a-vertical a-spacing-mini\">\n<li class=\"a-spacing-mini\"><span class=\"a-list-item\">Lingettes nettoyantes : fabriqu\u00e9es en tissu r\u00e9sistant, les lingettes Refresh sont humidifi\u00e9es avec un agent hydratant, apaisant et protecteur capable de d\u00e9sodoriser et de polir le pelage des chats, chiens et chiots<\/span><\/li>\n<li class=\"a-spacing-mini\"><span class=\"a-list-item\">Respectent le pH naturel : la pr\u00e9sence de l&rsquo;agent hydratant et protecteur et l&rsquo;absence d&rsquo;alcool et de paraben font des lingettes Refresh le produit id\u00e9al pour prendre au quotidien soin de votre animal, tout en respectant pleinement son pH naturel<\/span><\/li>\n<li class=\"a-spacing-mini\"><span class=\"a-list-item\">Poils secs et parfum\u00e9s : Inodorina Refresh est particuli\u00e8rement indiqu\u00e9e au moment de la rentr\u00e9e \u00e0 la maison les jours de pluie car il neutralise les mol\u00e9cules de mauvaise odeur sur le pelage humide, laissant le poil propre et parfum\u00e9.<\/span><\/li>\n<li class=\"a-spacing-mini\"><span class=\"a-list-item\">Pour usage quotidien : les lingettes Refresh sont tr\u00e8s utiles pour les moments de vie quotidienne avec votre animal : avant un voyage en voiture et \u00e0 la fin de la promenade ou d&rsquo;une excursion en plein air<\/span><\/li>\n<li class=\"a-spacing-mini\"><span class=\"a-list-item\">Facile \u00e0 utiliser : il vous suffit de retirer la lingette de l&#8217;emballage pratique, de l&rsquo;ouvrir et de la passer doucement sur le pelage de l&rsquo;animal, sans rincer<\/span><\/li>\n<\/ul>\n","protected":false},"featured_media":2272,"comment_status":"open","ping_status":"closed","template":"","meta":[],"product_brand":[],"product_cat":[59,15],"product_tag":[],"class_list":{"0":"post-2271","1":"product","2":"type-product","3":"status-publish","4":"has-post-thumbnail","6":"product_cat-accessories-chien","7":"product_cat-accesoires","9":"first","10":"instock","11":"sale","12":"shipping-taxable","13":"purchasable","14":"product-type-simple"},"yoast_head":"<!-- This site is optimized with the Yoast SEO plugin v25.8 - https:\/\/yoast.com\/wordpress\/plugins\/seo\/ -->\n<title>INODORINA A-REFRESH LINGETTES HUMIDES - 40 PCS MYRRHE ORIENTALE - puppymaroc.com<\/title>\n<meta name=\"robots\" content=\"index, follow, max-snippet:-1, max-image-preview:large, max-video-preview:-1\" \/>\n<link rel=\"canonical\" href=\"https:\/\/puppymaroc.webmarocagency.com\/?product=inodorina-a-refresh-lingettes-humides-40-pcs-myrrhe-orientale\" \/>\n<meta property=\"og:locale\" content=\"fr_FR\" \/>\n<meta property=\"og:type\" content=\"article\" \/>\n<meta property=\"og:title\" content=\"INODORINA A-REFRESH LINGETTES HUMIDES - 40 PCS MYRRHE ORIENTALE - puppymaroc.com\" \/>\n<meta property=\"og:description\" content=\"Lingettes nettoyantes : fabriqu\u00e9es en tissu r\u00e9sistant, les lingettes Refresh sont humidifi\u00e9es avec un agent hydratant, apaisant et protecteur capable de d\u00e9sodoriser et de polir le pelage des chats, chiens et chiots  Respectent le pH naturel : la pr\u00e9sence de l&#039;agent hydratant et protecteur et l&#039;absence d&#039;alcool et de paraben font des lingettes Refresh le produit id\u00e9al pour prendre au quotidien soin de votre animal, tout en respectant pleinement son pH naturel  Poils secs et parfum\u00e9s : Inodorina Refresh est particuli\u00e8rement indiqu\u00e9e au moment de la rentr\u00e9e \u00e0 la maison les jours de pluie car il neutralise les mol\u00e9cules de mauvaise odeur sur le pelage humide, laissant le poil propre et parfum\u00e9.  Pour usage quotidien : les lingettes Refresh sont tr\u00e8s utiles pour les moments de vie quotidienne avec votre animal : avant un voyage en voiture et \u00e0 la fin de la promenade ou d&#039;une excursion en plein air  Facile \u00e0 utiliser : il vous suffit de retirer la lingette de l&#039;emballage pratique, de l&#039;ouvrir et de la passer doucement sur le pelage de l&#039;animal, sans rincer\" \/>\n<meta property=\"og:url\" content=\"https:\/\/puppymaroc.webmarocagency.com\/?product=inodorina-a-refresh-lingettes-humides-40-pcs-myrrhe-orientale\" \/>\n<meta property=\"og:site_name\" content=\"puppymaroc.com\" \/>\n<meta property=\"article:publisher\" content=\"https:\/\/www.facebook.com\/PuppyMaroc?mibextid=ZbWKwL\" \/>\n<meta property=\"article:modified_time\" content=\"2024-09-28T02:00:19+00:00\" \/>\n<meta property=\"og:image\" content=\"https:\/\/puppymaroc.webmarocagency.com\/wp-content\/uploads\/2024\/09\/background-puppy-maroc-53.png\" \/>\n\t<meta property=\"og:image:width\" content=\"1080\" \/>\n\t<meta property=\"og:image:height\" content=\"1080\" \/>\n\t<meta property=\"og:image:type\" content=\"image\/png\" \/>\n<meta name=\"twitter:card\" content=\"summary_large_image\" \/>\n<script type=\"application\/ld+json\" class=\"yoast-schema-graph\">{\"@context\":\"https:\/\/schema.org\",\"@graph\":[{\"@type\":\"WebPage\",\"@id\":\"https:\/\/puppymaroc.webmarocagency.com\/?product=inodorina-a-refresh-lingettes-humides-40-pcs-myrrhe-orientale\",\"url\":\"https:\/\/puppymaroc.webmarocagency.com\/?product=inodorina-a-refresh-lingettes-humides-40-pcs-myrrhe-orientale\",\"name\":\"INODORINA A-REFRESH LINGETTES HUMIDES - 40 PCS MYRRHE ORIENTALE - puppymaroc.com\",\"isPartOf\":{\"@id\":\"https:\/\/puppymaroc.webmarocagency.com\/#website\"},\"primaryImageOfPage\":{\"@id\":\"https:\/\/puppymaroc.webmarocagency.com\/?product=inodorina-a-refresh-lingettes-humides-40-pcs-myrrhe-orientale#primaryimage\"},\"image\":{\"@id\":\"https:\/\/puppymaroc.webmarocagency.com\/?product=inodorina-a-refresh-lingettes-humides-40-pcs-myrrhe-orientale#primaryimage\"},\"thumbnailUrl\":\"https:\/\/puppymaroc.webmarocagency.com\/wp-content\/uploads\/2024\/09\/background-puppy-maroc-53.png\",\"datePublished\":\"2024-09-22T09:28:00+00:00\",\"dateModified\":\"2024-09-28T02:00:19+00:00\",\"breadcrumb\":{\"@id\":\"https:\/\/puppymaroc.webmarocagency.com\/?product=inodorina-a-refresh-lingettes-humides-40-pcs-myrrhe-orientale#breadcrumb\"},\"inLanguage\":\"fr-FR\",\"potentialAction\":[{\"@type\":\"ReadAction\",\"target\":[\"https:\/\/puppymaroc.webmarocagency.com\/?product=inodorina-a-refresh-lingettes-humides-40-pcs-myrrhe-orientale\"]}]},{\"@type\":\"ImageObject\",\"inLanguage\":\"fr-FR\",\"@id\":\"https:\/\/puppymaroc.webmarocagency.com\/?product=inodorina-a-refresh-lingettes-humides-40-pcs-myrrhe-orientale#primaryimage\",\"url\":\"https:\/\/puppymaroc.webmarocagency.com\/wp-content\/uploads\/2024\/09\/background-puppy-maroc-53.png\",\"contentUrl\":\"https:\/\/puppymaroc.webmarocagency.com\/wp-content\/uploads\/2024\/09\/background-puppy-maroc-53.png\",\"width\":1080,\"height\":1080},{\"@type\":\"BreadcrumbList\",\"@id\":\"https:\/\/puppymaroc.webmarocagency.com\/?product=inodorina-a-refresh-lingettes-humides-40-pcs-myrrhe-orientale#breadcrumb\",\"itemListElement\":[{\"@type\":\"ListItem\",\"position\":1,\"name\":\"Accueil\",\"item\":\"https:\/\/puppymaroc.webmarocagency.com\/\"},{\"@type\":\"ListItem\",\"position\":2,\"name\":\"Produit\",\"item\":\"https:\/\/puppymaroc.webmarocagency.com\/?page_id=1561\"},{\"@type\":\"ListItem\",\"position\":3,\"name\":\"INODORINA A-REFRESH LINGETTES HUMIDES &#8211; 40 PCS MYRRHE ORIENTALE\"}]},{\"@type\":\"WebSite\",\"@id\":\"https:\/\/puppymaroc.webmarocagency.com\/#website\",\"url\":\"https:\/\/puppymaroc.webmarocagency.com\/\",\"name\":\"puppymaroc.com\",\"description\":\"puppymaroc\",\"publisher\":{\"@id\":\"https:\/\/puppymaroc.webmarocagency.com\/#organization\"},\"potentialAction\":[{\"@type\":\"SearchAction\",\"target\":{\"@type\":\"EntryPoint\",\"urlTemplate\":\"https:\/\/puppymaroc.webmarocagency.com\/?s={search_term_string}\"},\"query-input\":{\"@type\":\"PropertyValueSpecification\",\"valueRequired\":true,\"valueName\":\"search_term_string\"}}],\"inLanguage\":\"fr-FR\"},{\"@type\":\"Organization\",\"@id\":\"https:\/\/puppymaroc.webmarocagency.com\/#organization\",\"name\":\"puppymaroc.com\",\"url\":\"https:\/\/puppymaroc.webmarocagency.com\/\",\"logo\":{\"@type\":\"ImageObject\",\"inLanguage\":\"fr-FR\",\"@id\":\"https:\/\/puppymaroc.webmarocagency.com\/#\/schema\/logo\/image\/\",\"url\":\"https:\/\/puppymaroc.webmarocagency.com\/wp-content\/uploads\/2024\/02\/cropped-cropped-puppy-maroc-logo-rmv-2.png\",\"contentUrl\":\"https:\/\/puppymaroc.webmarocagency.com\/wp-content\/uploads\/2024\/02\/cropped-cropped-puppy-maroc-logo-rmv-2.png\",\"width\":958,\"height\":920,\"caption\":\"puppymaroc.com\"},\"image\":{\"@id\":\"https:\/\/puppymaroc.webmarocagency.com\/#\/schema\/logo\/image\/\"},\"sameAs\":[\"https:\/\/www.facebook.com\/PuppyMaroc?mibextid=ZbWKwL\"]}]}<\/script>\n<!-- \/ Yoast SEO plugin. -->","yoast_head_json":{"title":"INODORINA A-REFRESH LINGETTES HUMIDES - 40 PCS MYRRHE ORIENTALE - puppymaroc.com","robots":{"index":"index","follow":"follow","max-snippet":"max-snippet:-1","max-image-preview":"max-image-preview:large","max-video-preview":"max-video-preview:-1"},"canonical":"https:\/\/puppymaroc.webmarocagency.com\/?product=inodorina-a-refresh-lingettes-humides-40-pcs-myrrhe-orientale","og_locale":"fr_FR","og_type":"article","og_title":"INODORINA A-REFRESH LINGETTES HUMIDES - 40 PCS MYRRHE ORIENTALE - puppymaroc.com","og_description":"Lingettes nettoyantes : fabriqu\u00e9es en tissu r\u00e9sistant, les lingettes Refresh sont humidifi\u00e9es avec un agent hydratant, apaisant et protecteur capable de d\u00e9sodoriser et de polir le pelage des chats, chiens et chiots  Respectent le pH naturel : la pr\u00e9sence de l'agent hydratant et protecteur et l'absence d'alcool et de paraben font des lingettes Refresh le produit id\u00e9al pour prendre au quotidien soin de votre animal, tout en respectant pleinement son pH naturel  Poils secs et parfum\u00e9s : Inodorina Refresh est particuli\u00e8rement indiqu\u00e9e au moment de la rentr\u00e9e \u00e0 la maison les jours de pluie car il neutralise les mol\u00e9cules de mauvaise odeur sur le pelage humide, laissant le poil propre et parfum\u00e9.  Pour usage quotidien : les lingettes Refresh sont tr\u00e8s utiles pour les moments de vie quotidienne avec votre animal : avant un voyage en voiture et \u00e0 la fin de la promenade ou d'une excursion en plein air  Facile \u00e0 utiliser : il vous suffit de retirer la lingette de l'emballage pratique, de l'ouvrir et de la passer doucement sur le pelage de l'animal, sans rincer","og_url":"https:\/\/puppymaroc.webmarocagency.com\/?product=inodorina-a-refresh-lingettes-humides-40-pcs-myrrhe-orientale","og_site_name":"puppymaroc.com","article_publisher":"https:\/\/www.facebook.com\/PuppyMaroc?mibextid=ZbWKwL","article_modified_time":"2024-09-28T02:00:19+00:00","og_image":[{"width":1080,"height":1080,"url":"https:\/\/puppymaroc.webmarocagency.com\/wp-content\/uploads\/2024\/09\/background-puppy-maroc-53.png","type":"image\/png"}],"twitter_card":"summary_large_image","schema":{"@context":"https:\/\/schema.org","@graph":[{"@type":"WebPage","@id":"https:\/\/puppymaroc.webmarocagency.com\/?product=inodorina-a-refresh-lingettes-humides-40-pcs-myrrhe-orientale","url":"https:\/\/puppymaroc.webmarocagency.com\/?product=inodorina-a-refresh-lingettes-humides-40-pcs-myrrhe-orientale","name":"INODORINA A-REFRESH LINGETTES HUMIDES - 40 PCS MYRRHE ORIENTALE - puppymaroc.com","isPartOf":{"@id":"https:\/\/puppymaroc.webmarocagency.com\/#website"},"primaryImageOfPage":{"@id":"https:\/\/puppymaroc.webmarocagency.com\/?product=inodorina-a-refresh-lingettes-humides-40-pcs-myrrhe-orientale#primaryimage"},"image":{"@id":"https:\/\/puppymaroc.webmarocagency.com\/?product=inodorina-a-refresh-lingettes-humides-40-pcs-myrrhe-orientale#primaryimage"},"thumbnailUrl":"https:\/\/puppymaroc.webmarocagency.com\/wp-content\/uploads\/2024\/09\/background-puppy-maroc-53.png","datePublished":"2024-09-22T09:28:00+00:00","dateModified":"2024-09-28T02:00:19+00:00","breadcrumb":{"@id":"https:\/\/puppymaroc.webmarocagency.com\/?product=inodorina-a-refresh-lingettes-humides-40-pcs-myrrhe-orientale#breadcrumb"},"inLanguage":"fr-FR","potentialAction":[{"@type":"ReadAction","target":["https:\/\/puppymaroc.webmarocagency.com\/?product=inodorina-a-refresh-lingettes-humides-40-pcs-myrrhe-orientale"]}]},{"@type":"ImageObject","inLanguage":"fr-FR","@id":"https:\/\/puppymaroc.webmarocagency.com\/?product=inodorina-a-refresh-lingettes-humides-40-pcs-myrrhe-orientale#primaryimage","url":"https:\/\/puppymaroc.webmarocagency.com\/wp-content\/uploads\/2024\/09\/background-puppy-maroc-53.png","contentUrl":"https:\/\/puppymaroc.webmarocagency.com\/wp-content\/uploads\/2024\/09\/background-puppy-maroc-53.png","width":1080,"height":1080},{"@type":"BreadcrumbList","@id":"https:\/\/puppymaroc.webmarocagency.com\/?product=inodorina-a-refresh-lingettes-humides-40-pcs-myrrhe-orientale#breadcrumb","itemListElement":[{"@type":"ListItem","position":1,"name":"Accueil","item":"https:\/\/puppymaroc.webmarocagency.com\/"},{"@type":"ListItem","position":2,"name":"Produit","item":"https:\/\/puppymaroc.webmarocagency.com\/?page_id=1561"},{"@type":"ListItem","position":3,"name":"INODORINA A-REFRESH LINGETTES HUMIDES &#8211; 40 PCS MYRRHE ORIENTALE"}]},{"@type":"WebSite","@id":"https:\/\/puppymaroc.webmarocagency.com\/#website","url":"https:\/\/puppymaroc.webmarocagency.com\/","name":"puppymaroc.com","description":"puppymaroc","publisher":{"@id":"https:\/\/puppymaroc.webmarocagency.com\/#organization"},"potentialAction":[{"@type":"SearchAction","target":{"@type":"EntryPoint","urlTemplate":"https:\/\/puppymaroc.webmarocagency.com\/?s={search_term_string}"},"query-input":{"@type":"PropertyValueSpecification","valueRequired":true,"valueName":"search_term_string"}}],"inLanguage":"fr-FR"},{"@type":"Organization","@id":"https:\/\/puppymaroc.webmarocagency.com\/#organization","name":"puppymaroc.com","url":"https:\/\/puppymaroc.webmarocagency.com\/","logo":{"@type":"ImageObject","inLanguage":"fr-FR","@id":"https:\/\/puppymaroc.webmarocagency.com\/#\/schema\/logo\/image\/","url":"https:\/\/puppymaroc.webmarocagency.com\/wp-content\/uploads\/2024\/02\/cropped-cropped-puppy-maroc-logo-rmv-2.png","contentUrl":"https:\/\/puppymaroc.webmarocagency.com\/wp-content\/uploads\/2024\/02\/cropped-cropped-puppy-maroc-logo-rmv-2.png","width":958,"height":920,"caption":"puppymaroc.com"},"image":{"@id":"https:\/\/puppymaroc.webmarocagency.com\/#\/schema\/logo\/image\/"},"sameAs":["https:\/\/www.facebook.com\/PuppyMaroc?mibextid=ZbWKwL"]}]}},"_links":{"self":[{"href":"https:\/\/puppymaroc.webmarocagency.com\/index.php?rest_route=\/wp\/v2\/product\/2271","targetHints":{"allow":["GET"]}}],"collection":[{"href":"https:\/\/puppymaroc.webmarocagency.com\/index.php?rest_route=\/wp\/v2\/product"}],"about":[{"href":"https:\/\/puppymaroc.webmarocagency.com\/index.php?rest_route=\/wp\/v2\/types\/product"}],"replies":[{"embeddable":true,"href":"https:\/\/puppymaroc.webmarocagency.com\/index.php?rest_route=%2Fwp%2Fv2%2Fcomments&post=2271"}],"wp:featuredmedia":[{"embeddable":true,"href":"https:\/\/puppymaroc.webmarocagency.com\/index.php?rest_route=\/wp\/v2\/media\/2272"}],"wp:attachment":[{"href":"https:\/\/puppymaroc.webmarocagency.com\/index.php?rest_route=%2Fwp%2Fv2%2Fmedia&parent=2271"}],"wp:term":[{"taxonomy":"product_brand","embeddable":true,"href":"https:\/\/puppymaroc.webmarocagency.com\/index.php?rest_route=%2Fwp%2Fv2%2Fproduct_brand&post=2271"},{"taxonomy":"product_cat","embeddable":true,"href":"https:\/\/puppymaroc.webmarocagency.com\/index.php?rest_route=%2Fwp%2Fv2%2Fproduct_cat&post=2271"},{"taxonomy":"product_tag","embeddable":true,"href":"https:\/\/puppymaroc.webmarocagency.com\/index.php?rest_route=%2Fwp%2Fv2%2Fproduct_tag&post=2271"}],"curies":[{"name":"wp","href":"https:\/\/api.w.org\/{rel}","templated":true}]}}