{"id":2291,"date":"2024-09-22T11:19:13","date_gmt":"2024-09-22T10:19:13","guid":{"rendered":"https:\/\/puppymaroc.com\/?post_type=product&#038;p=2291"},"modified":"2024-09-22T11:23:23","modified_gmt":"2024-09-22T10:23:23","slug":"collier-pour-chat-anti-parasitaire-puces-tiques-acariens","status":"publish","type":"product","link":"https:\/\/puppymaroc.webmarocagency.com\/?product=collier-pour-chat-anti-parasitaire-puces-tiques-acariens","title":{"rendered":"Collier pour chat anti-parasitaire puces tiques acariens"},"content":{"rendered":"","protected":false},"excerpt":{"rendered":"<h4>Principales caract\u00e9ristiques\u00a0:<\/h4>\n<p>Protection efficace contre les puces, tiques et autres parasites externes.<br \/>\nConvient aux chats de toutes races et tailles.<br \/>\nS\u00fbr et non toxique, formul\u00e9 avec des ingr\u00e9dients naturels qui ne nuisent pas \u00e0 la sant\u00e9 de votre chat.<br \/>\nR\u00e9sistant \u00e0 l&rsquo;eau, permettant \u00e0 votre chat de profiter des activit\u00e9s de plein air sans compromettre sa protection.<br \/>\nLongue dur\u00e9e, offrant une protection continue pendant plusieurs mois.<br \/>\nAjustable et confortable, avec un design qui s&rsquo;adapte au contour du cou de votre chat et disponible en deux tailles<br \/>\nLe collier antiparasitaire pour chat est une solution efficace et s\u00fbre pour prot\u00e9ger votre chat des parasites externes. Sa conception r\u00e9glable et \u00e9tanche garantit confort et efficacit\u00e9 de protection \u00e0 tout moment. Cliquez sur le bouton d&rsquo;achat et prot\u00e9gez votre chat de l&rsquo;inconfort caus\u00e9 par les puces et les tiques !<\/p>\n","protected":false},"featured_media":2292,"comment_status":"open","ping_status":"closed","template":"","meta":[],"product_brand":[],"product_cat":[15],"product_tag":[],"class_list":{"0":"post-2291","1":"product","2":"type-product","3":"status-publish","4":"has-post-thumbnail","6":"product_cat-accesoires","8":"first","9":"instock","10":"sale","11":"shipping-taxable","12":"purchasable","13":"product-type-simple"},"yoast_head":"<!-- This site is optimized with the Yoast SEO plugin v25.8 - https:\/\/yoast.com\/wordpress\/plugins\/seo\/ -->\n<title>Collier pour chat anti-parasitaire puces tiques acariens - puppymaroc.com<\/title>\n<meta name=\"robots\" content=\"index, follow, max-snippet:-1, max-image-preview:large, max-video-preview:-1\" \/>\n<link rel=\"canonical\" href=\"https:\/\/puppymaroc.webmarocagency.com\/?product=collier-pour-chat-anti-parasitaire-puces-tiques-acariens\" \/>\n<meta property=\"og:locale\" content=\"fr_FR\" \/>\n<meta property=\"og:type\" content=\"article\" \/>\n<meta property=\"og:title\" content=\"Collier pour chat anti-parasitaire puces tiques acariens - puppymaroc.com\" \/>\n<meta property=\"og:description\" content=\"Principales caract\u00e9ristiques\u00a0: Protection efficace contre les puces, tiques et autres parasites externes. Convient aux chats de toutes races et tailles. S\u00fbr et non toxique, formul\u00e9 avec des ingr\u00e9dients naturels qui ne nuisent pas \u00e0 la sant\u00e9 de votre chat. R\u00e9sistant \u00e0 l&#039;eau, permettant \u00e0 votre chat de profiter des activit\u00e9s de plein air sans compromettre sa protection. Longue dur\u00e9e, offrant une protection continue pendant plusieurs mois. Ajustable et confortable, avec un design qui s&#039;adapte au contour du cou de votre chat et disponible en deux tailles Le collier antiparasitaire pour chat est une solution efficace et s\u00fbre pour prot\u00e9ger votre chat des parasites externes. Sa conception r\u00e9glable et \u00e9tanche garantit confort et efficacit\u00e9 de protection \u00e0 tout moment. Cliquez sur le bouton d&#039;achat et prot\u00e9gez votre chat de l&#039;inconfort caus\u00e9 par les puces et les tiques !\" \/>\n<meta property=\"og:url\" content=\"https:\/\/puppymaroc.webmarocagency.com\/?product=collier-pour-chat-anti-parasitaire-puces-tiques-acariens\" \/>\n<meta property=\"og:site_name\" content=\"puppymaroc.com\" \/>\n<meta property=\"article:publisher\" content=\"https:\/\/www.facebook.com\/PuppyMaroc?mibextid=ZbWKwL\" \/>\n<meta property=\"article:modified_time\" content=\"2024-09-22T10:23:23+00:00\" \/>\n<meta property=\"og:image\" content=\"https:\/\/puppymaroc.webmarocagency.com\/wp-content\/uploads\/2024\/09\/background-puppy-maroc-62.png\" \/>\n\t<meta property=\"og:image:width\" content=\"1080\" \/>\n\t<meta property=\"og:image:height\" content=\"1080\" \/>\n\t<meta property=\"og:image:type\" content=\"image\/png\" \/>\n<meta name=\"twitter:card\" content=\"summary_large_image\" \/>\n<script type=\"application\/ld+json\" class=\"yoast-schema-graph\">{\"@context\":\"https:\/\/schema.org\",\"@graph\":[{\"@type\":\"WebPage\",\"@id\":\"https:\/\/puppymaroc.webmarocagency.com\/?product=collier-pour-chat-anti-parasitaire-puces-tiques-acariens\",\"url\":\"https:\/\/puppymaroc.webmarocagency.com\/?product=collier-pour-chat-anti-parasitaire-puces-tiques-acariens\",\"name\":\"Collier pour chat anti-parasitaire puces tiques acariens - puppymaroc.com\",\"isPartOf\":{\"@id\":\"https:\/\/puppymaroc.webmarocagency.com\/#website\"},\"primaryImageOfPage\":{\"@id\":\"https:\/\/puppymaroc.webmarocagency.com\/?product=collier-pour-chat-anti-parasitaire-puces-tiques-acariens#primaryimage\"},\"image\":{\"@id\":\"https:\/\/puppymaroc.webmarocagency.com\/?product=collier-pour-chat-anti-parasitaire-puces-tiques-acariens#primaryimage\"},\"thumbnailUrl\":\"https:\/\/puppymaroc.webmarocagency.com\/wp-content\/uploads\/2024\/09\/background-puppy-maroc-62.png\",\"datePublished\":\"2024-09-22T10:19:13+00:00\",\"dateModified\":\"2024-09-22T10:23:23+00:00\",\"breadcrumb\":{\"@id\":\"https:\/\/puppymaroc.webmarocagency.com\/?product=collier-pour-chat-anti-parasitaire-puces-tiques-acariens#breadcrumb\"},\"inLanguage\":\"fr-FR\",\"potentialAction\":[{\"@type\":\"ReadAction\",\"target\":[\"https:\/\/puppymaroc.webmarocagency.com\/?product=collier-pour-chat-anti-parasitaire-puces-tiques-acariens\"]}]},{\"@type\":\"ImageObject\",\"inLanguage\":\"fr-FR\",\"@id\":\"https:\/\/puppymaroc.webmarocagency.com\/?product=collier-pour-chat-anti-parasitaire-puces-tiques-acariens#primaryimage\",\"url\":\"https:\/\/puppymaroc.webmarocagency.com\/wp-content\/uploads\/2024\/09\/background-puppy-maroc-62.png\",\"contentUrl\":\"https:\/\/puppymaroc.webmarocagency.com\/wp-content\/uploads\/2024\/09\/background-puppy-maroc-62.png\",\"width\":1080,\"height\":1080},{\"@type\":\"BreadcrumbList\",\"@id\":\"https:\/\/puppymaroc.webmarocagency.com\/?product=collier-pour-chat-anti-parasitaire-puces-tiques-acariens#breadcrumb\",\"itemListElement\":[{\"@type\":\"ListItem\",\"position\":1,\"name\":\"Accueil\",\"item\":\"https:\/\/puppymaroc.webmarocagency.com\/\"},{\"@type\":\"ListItem\",\"position\":2,\"name\":\"Produit\",\"item\":\"https:\/\/puppymaroc.webmarocagency.com\/?page_id=1561\"},{\"@type\":\"ListItem\",\"position\":3,\"name\":\"Collier pour chat anti-parasitaire puces tiques acariens\"}]},{\"@type\":\"WebSite\",\"@id\":\"https:\/\/puppymaroc.webmarocagency.com\/#website\",\"url\":\"https:\/\/puppymaroc.webmarocagency.com\/\",\"name\":\"puppymaroc.com\",\"description\":\"puppymaroc\",\"publisher\":{\"@id\":\"https:\/\/puppymaroc.webmarocagency.com\/#organization\"},\"potentialAction\":[{\"@type\":\"SearchAction\",\"target\":{\"@type\":\"EntryPoint\",\"urlTemplate\":\"https:\/\/puppymaroc.webmarocagency.com\/?s={search_term_string}\"},\"query-input\":{\"@type\":\"PropertyValueSpecification\",\"valueRequired\":true,\"valueName\":\"search_term_string\"}}],\"inLanguage\":\"fr-FR\"},{\"@type\":\"Organization\",\"@id\":\"https:\/\/puppymaroc.webmarocagency.com\/#organization\",\"name\":\"puppymaroc.com\",\"url\":\"https:\/\/puppymaroc.webmarocagency.com\/\",\"logo\":{\"@type\":\"ImageObject\",\"inLanguage\":\"fr-FR\",\"@id\":\"https:\/\/puppymaroc.webmarocagency.com\/#\/schema\/logo\/image\/\",\"url\":\"https:\/\/puppymaroc.webmarocagency.com\/wp-content\/uploads\/2024\/02\/cropped-cropped-puppy-maroc-logo-rmv-2.png\",\"contentUrl\":\"https:\/\/puppymaroc.webmarocagency.com\/wp-content\/uploads\/2024\/02\/cropped-cropped-puppy-maroc-logo-rmv-2.png\",\"width\":958,\"height\":920,\"caption\":\"puppymaroc.com\"},\"image\":{\"@id\":\"https:\/\/puppymaroc.webmarocagency.com\/#\/schema\/logo\/image\/\"},\"sameAs\":[\"https:\/\/www.facebook.com\/PuppyMaroc?mibextid=ZbWKwL\"]}]}<\/script>\n<!-- \/ Yoast SEO plugin. -->","yoast_head_json":{"title":"Collier pour chat anti-parasitaire puces tiques acariens - puppymaroc.com","robots":{"index":"index","follow":"follow","max-snippet":"max-snippet:-1","max-image-preview":"max-image-preview:large","max-video-preview":"max-video-preview:-1"},"canonical":"https:\/\/puppymaroc.webmarocagency.com\/?product=collier-pour-chat-anti-parasitaire-puces-tiques-acariens","og_locale":"fr_FR","og_type":"article","og_title":"Collier pour chat anti-parasitaire puces tiques acariens - puppymaroc.com","og_description":"Principales caract\u00e9ristiques\u00a0: Protection efficace contre les puces, tiques et autres parasites externes. Convient aux chats de toutes races et tailles. S\u00fbr et non toxique, formul\u00e9 avec des ingr\u00e9dients naturels qui ne nuisent pas \u00e0 la sant\u00e9 de votre chat. R\u00e9sistant \u00e0 l'eau, permettant \u00e0 votre chat de profiter des activit\u00e9s de plein air sans compromettre sa protection. Longue dur\u00e9e, offrant une protection continue pendant plusieurs mois. Ajustable et confortable, avec un design qui s'adapte au contour du cou de votre chat et disponible en deux tailles Le collier antiparasitaire pour chat est une solution efficace et s\u00fbre pour prot\u00e9ger votre chat des parasites externes. Sa conception r\u00e9glable et \u00e9tanche garantit confort et efficacit\u00e9 de protection \u00e0 tout moment. Cliquez sur le bouton d'achat et prot\u00e9gez votre chat de l'inconfort caus\u00e9 par les puces et les tiques !","og_url":"https:\/\/puppymaroc.webmarocagency.com\/?product=collier-pour-chat-anti-parasitaire-puces-tiques-acariens","og_site_name":"puppymaroc.com","article_publisher":"https:\/\/www.facebook.com\/PuppyMaroc?mibextid=ZbWKwL","article_modified_time":"2024-09-22T10:23:23+00:00","og_image":[{"width":1080,"height":1080,"url":"https:\/\/puppymaroc.webmarocagency.com\/wp-content\/uploads\/2024\/09\/background-puppy-maroc-62.png","type":"image\/png"}],"twitter_card":"summary_large_image","schema":{"@context":"https:\/\/schema.org","@graph":[{"@type":"WebPage","@id":"https:\/\/puppymaroc.webmarocagency.com\/?product=collier-pour-chat-anti-parasitaire-puces-tiques-acariens","url":"https:\/\/puppymaroc.webmarocagency.com\/?product=collier-pour-chat-anti-parasitaire-puces-tiques-acariens","name":"Collier pour chat anti-parasitaire puces tiques acariens - puppymaroc.com","isPartOf":{"@id":"https:\/\/puppymaroc.webmarocagency.com\/#website"},"primaryImageOfPage":{"@id":"https:\/\/puppymaroc.webmarocagency.com\/?product=collier-pour-chat-anti-parasitaire-puces-tiques-acariens#primaryimage"},"image":{"@id":"https:\/\/puppymaroc.webmarocagency.com\/?product=collier-pour-chat-anti-parasitaire-puces-tiques-acariens#primaryimage"},"thumbnailUrl":"https:\/\/puppymaroc.webmarocagency.com\/wp-content\/uploads\/2024\/09\/background-puppy-maroc-62.png","datePublished":"2024-09-22T10:19:13+00:00","dateModified":"2024-09-22T10:23:23+00:00","breadcrumb":{"@id":"https:\/\/puppymaroc.webmarocagency.com\/?product=collier-pour-chat-anti-parasitaire-puces-tiques-acariens#breadcrumb"},"inLanguage":"fr-FR","potentialAction":[{"@type":"ReadAction","target":["https:\/\/puppymaroc.webmarocagency.com\/?product=collier-pour-chat-anti-parasitaire-puces-tiques-acariens"]}]},{"@type":"ImageObject","inLanguage":"fr-FR","@id":"https:\/\/puppymaroc.webmarocagency.com\/?product=collier-pour-chat-anti-parasitaire-puces-tiques-acariens#primaryimage","url":"https:\/\/puppymaroc.webmarocagency.com\/wp-content\/uploads\/2024\/09\/background-puppy-maroc-62.png","contentUrl":"https:\/\/puppymaroc.webmarocagency.com\/wp-content\/uploads\/2024\/09\/background-puppy-maroc-62.png","width":1080,"height":1080},{"@type":"BreadcrumbList","@id":"https:\/\/puppymaroc.webmarocagency.com\/?product=collier-pour-chat-anti-parasitaire-puces-tiques-acariens#breadcrumb","itemListElement":[{"@type":"ListItem","position":1,"name":"Accueil","item":"https:\/\/puppymaroc.webmarocagency.com\/"},{"@type":"ListItem","position":2,"name":"Produit","item":"https:\/\/puppymaroc.webmarocagency.com\/?page_id=1561"},{"@type":"ListItem","position":3,"name":"Collier pour chat anti-parasitaire puces tiques acariens"}]},{"@type":"WebSite","@id":"https:\/\/puppymaroc.webmarocagency.com\/#website","url":"https:\/\/puppymaroc.webmarocagency.com\/","name":"puppymaroc.com","description":"puppymaroc","publisher":{"@id":"https:\/\/puppymaroc.webmarocagency.com\/#organization"},"potentialAction":[{"@type":"SearchAction","target":{"@type":"EntryPoint","urlTemplate":"https:\/\/puppymaroc.webmarocagency.com\/?s={search_term_string}"},"query-input":{"@type":"PropertyValueSpecification","valueRequired":true,"valueName":"search_term_string"}}],"inLanguage":"fr-FR"},{"@type":"Organization","@id":"https:\/\/puppymaroc.webmarocagency.com\/#organization","name":"puppymaroc.com","url":"https:\/\/puppymaroc.webmarocagency.com\/","logo":{"@type":"ImageObject","inLanguage":"fr-FR","@id":"https:\/\/puppymaroc.webmarocagency.com\/#\/schema\/logo\/image\/","url":"https:\/\/puppymaroc.webmarocagency.com\/wp-content\/uploads\/2024\/02\/cropped-cropped-puppy-maroc-logo-rmv-2.png","contentUrl":"https:\/\/puppymaroc.webmarocagency.com\/wp-content\/uploads\/2024\/02\/cropped-cropped-puppy-maroc-logo-rmv-2.png","width":958,"height":920,"caption":"puppymaroc.com"},"image":{"@id":"https:\/\/puppymaroc.webmarocagency.com\/#\/schema\/logo\/image\/"},"sameAs":["https:\/\/www.facebook.com\/PuppyMaroc?mibextid=ZbWKwL"]}]}},"_links":{"self":[{"href":"https:\/\/puppymaroc.webmarocagency.com\/index.php?rest_route=\/wp\/v2\/product\/2291","targetHints":{"allow":["GET"]}}],"collection":[{"href":"https:\/\/puppymaroc.webmarocagency.com\/index.php?rest_route=\/wp\/v2\/product"}],"about":[{"href":"https:\/\/puppymaroc.webmarocagency.com\/index.php?rest_route=\/wp\/v2\/types\/product"}],"replies":[{"embeddable":true,"href":"https:\/\/puppymaroc.webmarocagency.com\/index.php?rest_route=%2Fwp%2Fv2%2Fcomments&post=2291"}],"wp:featuredmedia":[{"embeddable":true,"href":"https:\/\/puppymaroc.webmarocagency.com\/index.php?rest_route=\/wp\/v2\/media\/2292"}],"wp:attachment":[{"href":"https:\/\/puppymaroc.webmarocagency.com\/index.php?rest_route=%2Fwp%2Fv2%2Fmedia&parent=2291"}],"wp:term":[{"taxonomy":"product_brand","embeddable":true,"href":"https:\/\/puppymaroc.webmarocagency.com\/index.php?rest_route=%2Fwp%2Fv2%2Fproduct_brand&post=2291"},{"taxonomy":"product_cat","embeddable":true,"href":"https:\/\/puppymaroc.webmarocagency.com\/index.php?rest_route=%2Fwp%2Fv2%2Fproduct_cat&post=2291"},{"taxonomy":"product_tag","embeddable":true,"href":"https:\/\/puppymaroc.webmarocagency.com\/index.php?rest_route=%2Fwp%2Fv2%2Fproduct_tag&post=2291"}],"curies":[{"name":"wp","href":"https:\/\/api.w.org\/{rel}","templated":true}]}}