{"id":2295,"date":"2024-09-22T11:29:07","date_gmt":"2024-09-22T10:29:07","guid":{"rendered":"https:\/\/puppymaroc.com\/?post_type=product&#038;p=2295"},"modified":"2024-09-22T11:30:05","modified_gmt":"2024-09-22T10:30:05","slug":"front-line-spray-pour-chien-chat-100ml","status":"publish","type":"product","link":"https:\/\/puppymaroc.webmarocagency.com\/?product=front-line-spray-pour-chien-chat-100ml","title":{"rendered":"Front Line Spray pour Chien &#038; Chat 100ml"},"content":{"rendered":"<header class=\"-pvs -bb\">\n<h3 class=\"-fs20 -m -phm -pvxs\">Fiche technique<\/h3>\n<\/header>\n<div class=\"row -pas\">\n<article class=\"col8 -pvs\">\n<div class=\"card-b -fh\">\n<h4 class=\"hdr -upp -fs14 -m -pam\">Principales caract\u00e9ristiques<\/h4>\n<div class=\"markup -pam\">\n<ul>\n<li>Nettoyant<\/li>\n<li>Sanitaire<\/li>\n<li>Qualit\u00e9<\/li>\n<li>chien,chiot,dog,puppy,Museli\u00e8res chien,cage,croquettes,aliment,animaux, animalerie<\/li>\n<\/ul>\n<\/div>\n<\/div>\n<\/article>\n<article class=\"col8 -pvs\">\n<div class=\"card-b -fh\">\n<h4 class=\"hdr -upp -fs14 -m -pam\">Descriptif technique<\/h4>\n<ul class=\"-pvs -mvxs -phm -lsn\">\n<li class=\"-pvxs\"><span class=\"-b\">SKU<\/span>: FR135LS1E09WUNAFAMZ<\/li>\n<li class=\"-pvxs\"><span class=\"-b\">Gamme de produits<\/span>: premium<\/li>\n<li class=\"-pvxs\"><span class=\"-b\">Mod\u00e8le<\/span>: gold<\/li>\n<li class=\"-pvxs\"><span class=\"-b\">Poids (kg)<\/span>: 1<\/li>\n<li class=\"-pvxs\"><span class=\"-b\">Couleur<\/span>: blanc<\/li>\n<li class=\"-pvxs\"><span class=\"-b\">Mati\u00e8re principale<\/span>: PLASTIQUE<\/li>\n<\/ul>\n<\/div>\n<\/article>\n<\/div>\n","protected":false},"excerpt":{"rendered":"<header class=\"-pvs -bb\">\n<h4 class=\"-fs20 -m -phm -pvxs\">D\u00e9tails<\/h4>\n<\/header>\n<div class=\"markup -mhm -pvl -oxa -sc\">\n<p><span style=\"font-size: medium;\">Elabor\u00e9 sous contr\u00f4le v\u00e9t\u00e9rinaire,\u00a0le Spray FRL un spray aux actifs naturels, est formul\u00e9 sans paraben ni colorant. Il est id\u00e9al pour l&rsquo;hygi\u00e8ne et soin des chiots et chatons. Gr\u00e2ce \u00e0 sa formule insectifuge, il agit imm\u00e9diatement sur\u00a0 externes en les emp\u00eachant de s\u2019installer sur l\u2019animal gr\u00e2ce \u00e0 l\u2019action combin\u00e9e des substances actives d\u2019inspiration v\u00e9g\u00e9tale reconnues pour leur action r\u00e9pulsive, il aide \u00e0 repousser les puces.<\/span><\/p>\n<\/div>\n","protected":false},"featured_media":2296,"comment_status":"open","ping_status":"closed","template":"","meta":[],"product_brand":[],"product_cat":[59],"product_tag":[],"class_list":{"0":"post-2295","1":"product","2":"type-product","3":"status-publish","4":"has-post-thumbnail","6":"product_cat-accessories-chien","8":"first","9":"instock","10":"sale","11":"shipping-taxable","12":"purchasable","13":"product-type-simple"},"yoast_head":"<!-- This site is optimized with the Yoast SEO plugin v25.8 - https:\/\/yoast.com\/wordpress\/plugins\/seo\/ -->\n<title>Front Line Spray pour Chien &amp; Chat 100ml - puppymaroc.com<\/title>\n<meta name=\"robots\" content=\"index, follow, max-snippet:-1, max-image-preview:large, max-video-preview:-1\" \/>\n<link rel=\"canonical\" href=\"https:\/\/puppymaroc.webmarocagency.com\/?product=front-line-spray-pour-chien-chat-100ml\" \/>\n<meta property=\"og:locale\" content=\"fr_FR\" \/>\n<meta property=\"og:type\" content=\"article\" \/>\n<meta property=\"og:title\" content=\"Front Line Spray pour Chien &amp; Chat 100ml - puppymaroc.com\" \/>\n<meta property=\"og:description\" content=\"D\u00e9tails    Elabor\u00e9 sous contr\u00f4le v\u00e9t\u00e9rinaire,\u00a0le Spray FRL un spray aux actifs naturels, est formul\u00e9 sans paraben ni colorant. Il est id\u00e9al pour l&#039;hygi\u00e8ne et soin des chiots et chatons. Gr\u00e2ce \u00e0 sa formule insectifuge, il agit imm\u00e9diatement sur\u00a0 externes en les emp\u00eachant de s\u2019installer sur l\u2019animal gr\u00e2ce \u00e0 l\u2019action combin\u00e9e des substances actives d\u2019inspiration v\u00e9g\u00e9tale reconnues pour leur action r\u00e9pulsive, il aide \u00e0 repousser les puces.\" \/>\n<meta property=\"og:url\" content=\"https:\/\/puppymaroc.webmarocagency.com\/?product=front-line-spray-pour-chien-chat-100ml\" \/>\n<meta property=\"og:site_name\" content=\"puppymaroc.com\" \/>\n<meta property=\"article:publisher\" content=\"https:\/\/www.facebook.com\/PuppyMaroc?mibextid=ZbWKwL\" \/>\n<meta property=\"article:modified_time\" content=\"2024-09-22T10:30:05+00:00\" \/>\n<meta property=\"og:image\" content=\"https:\/\/puppymaroc.webmarocagency.com\/wp-content\/uploads\/2024\/09\/background-puppy-maroc-64.png\" \/>\n\t<meta property=\"og:image:width\" content=\"1080\" \/>\n\t<meta property=\"og:image:height\" content=\"1080\" \/>\n\t<meta property=\"og:image:type\" content=\"image\/png\" \/>\n<meta name=\"twitter:card\" content=\"summary_large_image\" \/>\n<script type=\"application\/ld+json\" class=\"yoast-schema-graph\">{\"@context\":\"https:\/\/schema.org\",\"@graph\":[{\"@type\":\"WebPage\",\"@id\":\"https:\/\/puppymaroc.webmarocagency.com\/?product=front-line-spray-pour-chien-chat-100ml\",\"url\":\"https:\/\/puppymaroc.webmarocagency.com\/?product=front-line-spray-pour-chien-chat-100ml\",\"name\":\"Front Line Spray pour Chien & Chat 100ml - puppymaroc.com\",\"isPartOf\":{\"@id\":\"https:\/\/puppymaroc.webmarocagency.com\/#website\"},\"primaryImageOfPage\":{\"@id\":\"https:\/\/puppymaroc.webmarocagency.com\/?product=front-line-spray-pour-chien-chat-100ml#primaryimage\"},\"image\":{\"@id\":\"https:\/\/puppymaroc.webmarocagency.com\/?product=front-line-spray-pour-chien-chat-100ml#primaryimage\"},\"thumbnailUrl\":\"https:\/\/puppymaroc.webmarocagency.com\/wp-content\/uploads\/2024\/09\/background-puppy-maroc-64.png\",\"datePublished\":\"2024-09-22T10:29:07+00:00\",\"dateModified\":\"2024-09-22T10:30:05+00:00\",\"breadcrumb\":{\"@id\":\"https:\/\/puppymaroc.webmarocagency.com\/?product=front-line-spray-pour-chien-chat-100ml#breadcrumb\"},\"inLanguage\":\"fr-FR\",\"potentialAction\":[{\"@type\":\"ReadAction\",\"target\":[\"https:\/\/puppymaroc.webmarocagency.com\/?product=front-line-spray-pour-chien-chat-100ml\"]}]},{\"@type\":\"ImageObject\",\"inLanguage\":\"fr-FR\",\"@id\":\"https:\/\/puppymaroc.webmarocagency.com\/?product=front-line-spray-pour-chien-chat-100ml#primaryimage\",\"url\":\"https:\/\/puppymaroc.webmarocagency.com\/wp-content\/uploads\/2024\/09\/background-puppy-maroc-64.png\",\"contentUrl\":\"https:\/\/puppymaroc.webmarocagency.com\/wp-content\/uploads\/2024\/09\/background-puppy-maroc-64.png\",\"width\":1080,\"height\":1080},{\"@type\":\"BreadcrumbList\",\"@id\":\"https:\/\/puppymaroc.webmarocagency.com\/?product=front-line-spray-pour-chien-chat-100ml#breadcrumb\",\"itemListElement\":[{\"@type\":\"ListItem\",\"position\":1,\"name\":\"Accueil\",\"item\":\"https:\/\/puppymaroc.webmarocagency.com\/\"},{\"@type\":\"ListItem\",\"position\":2,\"name\":\"Produit\",\"item\":\"https:\/\/puppymaroc.webmarocagency.com\/?page_id=1561\"},{\"@type\":\"ListItem\",\"position\":3,\"name\":\"Front Line Spray pour Chien &#038; Chat 100ml\"}]},{\"@type\":\"WebSite\",\"@id\":\"https:\/\/puppymaroc.webmarocagency.com\/#website\",\"url\":\"https:\/\/puppymaroc.webmarocagency.com\/\",\"name\":\"puppymaroc.com\",\"description\":\"puppymaroc\",\"publisher\":{\"@id\":\"https:\/\/puppymaroc.webmarocagency.com\/#organization\"},\"potentialAction\":[{\"@type\":\"SearchAction\",\"target\":{\"@type\":\"EntryPoint\",\"urlTemplate\":\"https:\/\/puppymaroc.webmarocagency.com\/?s={search_term_string}\"},\"query-input\":{\"@type\":\"PropertyValueSpecification\",\"valueRequired\":true,\"valueName\":\"search_term_string\"}}],\"inLanguage\":\"fr-FR\"},{\"@type\":\"Organization\",\"@id\":\"https:\/\/puppymaroc.webmarocagency.com\/#organization\",\"name\":\"puppymaroc.com\",\"url\":\"https:\/\/puppymaroc.webmarocagency.com\/\",\"logo\":{\"@type\":\"ImageObject\",\"inLanguage\":\"fr-FR\",\"@id\":\"https:\/\/puppymaroc.webmarocagency.com\/#\/schema\/logo\/image\/\",\"url\":\"https:\/\/puppymaroc.webmarocagency.com\/wp-content\/uploads\/2024\/02\/cropped-cropped-puppy-maroc-logo-rmv-2.png\",\"contentUrl\":\"https:\/\/puppymaroc.webmarocagency.com\/wp-content\/uploads\/2024\/02\/cropped-cropped-puppy-maroc-logo-rmv-2.png\",\"width\":958,\"height\":920,\"caption\":\"puppymaroc.com\"},\"image\":{\"@id\":\"https:\/\/puppymaroc.webmarocagency.com\/#\/schema\/logo\/image\/\"},\"sameAs\":[\"https:\/\/www.facebook.com\/PuppyMaroc?mibextid=ZbWKwL\"]}]}<\/script>\n<!-- \/ Yoast SEO plugin. -->","yoast_head_json":{"title":"Front Line Spray pour Chien & Chat 100ml - puppymaroc.com","robots":{"index":"index","follow":"follow","max-snippet":"max-snippet:-1","max-image-preview":"max-image-preview:large","max-video-preview":"max-video-preview:-1"},"canonical":"https:\/\/puppymaroc.webmarocagency.com\/?product=front-line-spray-pour-chien-chat-100ml","og_locale":"fr_FR","og_type":"article","og_title":"Front Line Spray pour Chien & Chat 100ml - puppymaroc.com","og_description":"D\u00e9tails    Elabor\u00e9 sous contr\u00f4le v\u00e9t\u00e9rinaire,\u00a0le Spray FRL un spray aux actifs naturels, est formul\u00e9 sans paraben ni colorant. Il est id\u00e9al pour l'hygi\u00e8ne et soin des chiots et chatons. Gr\u00e2ce \u00e0 sa formule insectifuge, il agit imm\u00e9diatement sur\u00a0 externes en les emp\u00eachant de s\u2019installer sur l\u2019animal gr\u00e2ce \u00e0 l\u2019action combin\u00e9e des substances actives d\u2019inspiration v\u00e9g\u00e9tale reconnues pour leur action r\u00e9pulsive, il aide \u00e0 repousser les puces.","og_url":"https:\/\/puppymaroc.webmarocagency.com\/?product=front-line-spray-pour-chien-chat-100ml","og_site_name":"puppymaroc.com","article_publisher":"https:\/\/www.facebook.com\/PuppyMaroc?mibextid=ZbWKwL","article_modified_time":"2024-09-22T10:30:05+00:00","og_image":[{"width":1080,"height":1080,"url":"https:\/\/puppymaroc.webmarocagency.com\/wp-content\/uploads\/2024\/09\/background-puppy-maroc-64.png","type":"image\/png"}],"twitter_card":"summary_large_image","schema":{"@context":"https:\/\/schema.org","@graph":[{"@type":"WebPage","@id":"https:\/\/puppymaroc.webmarocagency.com\/?product=front-line-spray-pour-chien-chat-100ml","url":"https:\/\/puppymaroc.webmarocagency.com\/?product=front-line-spray-pour-chien-chat-100ml","name":"Front Line Spray pour Chien & Chat 100ml - puppymaroc.com","isPartOf":{"@id":"https:\/\/puppymaroc.webmarocagency.com\/#website"},"primaryImageOfPage":{"@id":"https:\/\/puppymaroc.webmarocagency.com\/?product=front-line-spray-pour-chien-chat-100ml#primaryimage"},"image":{"@id":"https:\/\/puppymaroc.webmarocagency.com\/?product=front-line-spray-pour-chien-chat-100ml#primaryimage"},"thumbnailUrl":"https:\/\/puppymaroc.webmarocagency.com\/wp-content\/uploads\/2024\/09\/background-puppy-maroc-64.png","datePublished":"2024-09-22T10:29:07+00:00","dateModified":"2024-09-22T10:30:05+00:00","breadcrumb":{"@id":"https:\/\/puppymaroc.webmarocagency.com\/?product=front-line-spray-pour-chien-chat-100ml#breadcrumb"},"inLanguage":"fr-FR","potentialAction":[{"@type":"ReadAction","target":["https:\/\/puppymaroc.webmarocagency.com\/?product=front-line-spray-pour-chien-chat-100ml"]}]},{"@type":"ImageObject","inLanguage":"fr-FR","@id":"https:\/\/puppymaroc.webmarocagency.com\/?product=front-line-spray-pour-chien-chat-100ml#primaryimage","url":"https:\/\/puppymaroc.webmarocagency.com\/wp-content\/uploads\/2024\/09\/background-puppy-maroc-64.png","contentUrl":"https:\/\/puppymaroc.webmarocagency.com\/wp-content\/uploads\/2024\/09\/background-puppy-maroc-64.png","width":1080,"height":1080},{"@type":"BreadcrumbList","@id":"https:\/\/puppymaroc.webmarocagency.com\/?product=front-line-spray-pour-chien-chat-100ml#breadcrumb","itemListElement":[{"@type":"ListItem","position":1,"name":"Accueil","item":"https:\/\/puppymaroc.webmarocagency.com\/"},{"@type":"ListItem","position":2,"name":"Produit","item":"https:\/\/puppymaroc.webmarocagency.com\/?page_id=1561"},{"@type":"ListItem","position":3,"name":"Front Line Spray pour Chien &#038; Chat 100ml"}]},{"@type":"WebSite","@id":"https:\/\/puppymaroc.webmarocagency.com\/#website","url":"https:\/\/puppymaroc.webmarocagency.com\/","name":"puppymaroc.com","description":"puppymaroc","publisher":{"@id":"https:\/\/puppymaroc.webmarocagency.com\/#organization"},"potentialAction":[{"@type":"SearchAction","target":{"@type":"EntryPoint","urlTemplate":"https:\/\/puppymaroc.webmarocagency.com\/?s={search_term_string}"},"query-input":{"@type":"PropertyValueSpecification","valueRequired":true,"valueName":"search_term_string"}}],"inLanguage":"fr-FR"},{"@type":"Organization","@id":"https:\/\/puppymaroc.webmarocagency.com\/#organization","name":"puppymaroc.com","url":"https:\/\/puppymaroc.webmarocagency.com\/","logo":{"@type":"ImageObject","inLanguage":"fr-FR","@id":"https:\/\/puppymaroc.webmarocagency.com\/#\/schema\/logo\/image\/","url":"https:\/\/puppymaroc.webmarocagency.com\/wp-content\/uploads\/2024\/02\/cropped-cropped-puppy-maroc-logo-rmv-2.png","contentUrl":"https:\/\/puppymaroc.webmarocagency.com\/wp-content\/uploads\/2024\/02\/cropped-cropped-puppy-maroc-logo-rmv-2.png","width":958,"height":920,"caption":"puppymaroc.com"},"image":{"@id":"https:\/\/puppymaroc.webmarocagency.com\/#\/schema\/logo\/image\/"},"sameAs":["https:\/\/www.facebook.com\/PuppyMaroc?mibextid=ZbWKwL"]}]}},"_links":{"self":[{"href":"https:\/\/puppymaroc.webmarocagency.com\/index.php?rest_route=\/wp\/v2\/product\/2295","targetHints":{"allow":["GET"]}}],"collection":[{"href":"https:\/\/puppymaroc.webmarocagency.com\/index.php?rest_route=\/wp\/v2\/product"}],"about":[{"href":"https:\/\/puppymaroc.webmarocagency.com\/index.php?rest_route=\/wp\/v2\/types\/product"}],"replies":[{"embeddable":true,"href":"https:\/\/puppymaroc.webmarocagency.com\/index.php?rest_route=%2Fwp%2Fv2%2Fcomments&post=2295"}],"wp:featuredmedia":[{"embeddable":true,"href":"https:\/\/puppymaroc.webmarocagency.com\/index.php?rest_route=\/wp\/v2\/media\/2296"}],"wp:attachment":[{"href":"https:\/\/puppymaroc.webmarocagency.com\/index.php?rest_route=%2Fwp%2Fv2%2Fmedia&parent=2295"}],"wp:term":[{"taxonomy":"product_brand","embeddable":true,"href":"https:\/\/puppymaroc.webmarocagency.com\/index.php?rest_route=%2Fwp%2Fv2%2Fproduct_brand&post=2295"},{"taxonomy":"product_cat","embeddable":true,"href":"https:\/\/puppymaroc.webmarocagency.com\/index.php?rest_route=%2Fwp%2Fv2%2Fproduct_cat&post=2295"},{"taxonomy":"product_tag","embeddable":true,"href":"https:\/\/puppymaroc.webmarocagency.com\/index.php?rest_route=%2Fwp%2Fv2%2Fproduct_tag&post=2295"}],"curies":[{"name":"wp","href":"https:\/\/api.w.org\/{rel}","templated":true}]}}