{"id":2297,"date":"2024-09-22T11:32:37","date_gmt":"2024-09-22T10:32:37","guid":{"rendered":"https:\/\/puppymaroc.com\/?post_type=product&#038;p=2297"},"modified":"2024-09-22T17:48:10","modified_gmt":"2024-09-22T16:48:10","slug":"nexgard-spectra-pour-chiens","status":"publish","type":"product","link":"https:\/\/puppymaroc.webmarocagency.com\/?product=nexgard-spectra-pour-chiens","title":{"rendered":"Nexgard spectra pour chiens"},"content":{"rendered":"","protected":false},"excerpt":{"rendered":"<p>Nexgard spectra est un traitement antiparasitaire internes et externes (respectivement contre les vers intestinaux et pulmonaires et contre les puces et les tiques principalement) qui sont n\u00e9cessaires pour vote chien ou chiot.<\/p>\n<p>Le m\u00e9dicament v\u00e9t\u00e9rinaire doit \u00eatre administr\u00e9 \u00e0 la dose de 2,50\u20135,36 mg\/kg d\u2019afoxolaner et de 0,50\u20111,07 mg\/kg de milb\u00e9mycine oxime.<\/p>\n<p>Chien de 2 \u00e0 3,5 kg : 1 comprim\u00e9 \u00e0 croquer NEXGARD SPECTRA\u00ae 9 mg\/2 mg.<\/p>\n<p>Chien de 3,5 \u00e0 7,5 kg : 1 comprim\u00e9 \u00e0 croquer NEXGARD SPECTRA\u00ae 19 mg\/4 mg.<\/p>\n<p>Chien de 7,5 \u00e0 15 kg : 1 comprim\u00e9 \u00e0 croquer NEXGARD SPECTRA\u00ae 38 mg\/8 mg.<\/p>\n<p>Chien de 15 \u00e0 30 kg : 1 comprim\u00e9 \u00e0 croquer NEXGARD SPECTRA\u00ae 75 mg\/15 mg.<\/p>\n<p>Chien de 30 \u00e0 60 kg : 1 comprim\u00e9 \u00e0 croquer NEXGARD SPECTRA\u00ae 150 mg\/30 mg.<\/p>\n<p>Pour les chiens de plus de 60 kg, une combinaison appropri\u00e9e de comprim\u00e9s \u00e0 croquer doit \u00eatre utilis\u00e9e.<\/p>\n","protected":false},"featured_media":2298,"comment_status":"open","ping_status":"closed","template":"","meta":[],"product_brand":[],"product_cat":[59],"product_tag":[],"class_list":{"0":"post-2297","1":"product","2":"type-product","3":"status-publish","4":"has-post-thumbnail","6":"product_cat-accessories-chien","8":"first","9":"instock","10":"sale","11":"shipping-taxable","12":"purchasable","13":"product-type-simple"},"yoast_head":"<!-- This site is optimized with the Yoast SEO plugin v25.8 - https:\/\/yoast.com\/wordpress\/plugins\/seo\/ -->\n<title>Nexgard spectra pour chiens - puppymaroc.com<\/title>\n<meta name=\"robots\" content=\"index, follow, max-snippet:-1, max-image-preview:large, max-video-preview:-1\" \/>\n<link rel=\"canonical\" href=\"https:\/\/puppymaroc.webmarocagency.com\/?product=nexgard-spectra-pour-chiens\" \/>\n<meta property=\"og:locale\" content=\"fr_FR\" \/>\n<meta property=\"og:type\" content=\"article\" \/>\n<meta property=\"og:title\" content=\"Nexgard spectra pour chiens - puppymaroc.com\" \/>\n<meta property=\"og:description\" content=\"Nexgard spectra est un traitement antiparasitaire internes et externes (respectivement contre les vers intestinaux et pulmonaires et contre les puces et les tiques principalement) qui sont n\u00e9cessaires pour vote chien ou chiot.  Le m\u00e9dicament v\u00e9t\u00e9rinaire doit \u00eatre administr\u00e9 \u00e0 la dose de 2,50\u20135,36 mg\/kg d\u2019afoxolaner et de 0,50\u20111,07 mg\/kg de milb\u00e9mycine oxime.  Chien de 2 \u00e0 3,5 kg : 1 comprim\u00e9 \u00e0 croquer NEXGARD SPECTRA\u00ae 9 mg\/2 mg.  Chien de 3,5 \u00e0 7,5 kg : 1 comprim\u00e9 \u00e0 croquer NEXGARD SPECTRA\u00ae 19 mg\/4 mg.  Chien de 7,5 \u00e0 15 kg : 1 comprim\u00e9 \u00e0 croquer NEXGARD SPECTRA\u00ae 38 mg\/8 mg.  Chien de 15 \u00e0 30 kg : 1 comprim\u00e9 \u00e0 croquer NEXGARD SPECTRA\u00ae 75 mg\/15 mg.  Chien de 30 \u00e0 60 kg : 1 comprim\u00e9 \u00e0 croquer NEXGARD SPECTRA\u00ae 150 mg\/30 mg.  Pour les chiens de plus de 60 kg, une combinaison appropri\u00e9e de comprim\u00e9s \u00e0 croquer doit \u00eatre utilis\u00e9e.\" \/>\n<meta property=\"og:url\" content=\"https:\/\/puppymaroc.webmarocagency.com\/?product=nexgard-spectra-pour-chiens\" \/>\n<meta property=\"og:site_name\" content=\"puppymaroc.com\" \/>\n<meta property=\"article:publisher\" content=\"https:\/\/www.facebook.com\/PuppyMaroc?mibextid=ZbWKwL\" \/>\n<meta property=\"article:modified_time\" content=\"2024-09-22T16:48:10+00:00\" \/>\n<meta property=\"og:image\" content=\"https:\/\/puppymaroc.webmarocagency.com\/wp-content\/uploads\/2024\/09\/background-puppy-maroc-65.png\" \/>\n\t<meta property=\"og:image:width\" content=\"1080\" \/>\n\t<meta property=\"og:image:height\" content=\"1080\" \/>\n\t<meta property=\"og:image:type\" content=\"image\/png\" \/>\n<meta name=\"twitter:card\" content=\"summary_large_image\" \/>\n<script type=\"application\/ld+json\" class=\"yoast-schema-graph\">{\"@context\":\"https:\/\/schema.org\",\"@graph\":[{\"@type\":\"WebPage\",\"@id\":\"https:\/\/puppymaroc.webmarocagency.com\/?product=nexgard-spectra-pour-chiens\",\"url\":\"https:\/\/puppymaroc.webmarocagency.com\/?product=nexgard-spectra-pour-chiens\",\"name\":\"Nexgard spectra pour chiens - puppymaroc.com\",\"isPartOf\":{\"@id\":\"https:\/\/puppymaroc.webmarocagency.com\/#website\"},\"primaryImageOfPage\":{\"@id\":\"https:\/\/puppymaroc.webmarocagency.com\/?product=nexgard-spectra-pour-chiens#primaryimage\"},\"image\":{\"@id\":\"https:\/\/puppymaroc.webmarocagency.com\/?product=nexgard-spectra-pour-chiens#primaryimage\"},\"thumbnailUrl\":\"https:\/\/puppymaroc.webmarocagency.com\/wp-content\/uploads\/2024\/09\/background-puppy-maroc-65.png\",\"datePublished\":\"2024-09-22T10:32:37+00:00\",\"dateModified\":\"2024-09-22T16:48:10+00:00\",\"breadcrumb\":{\"@id\":\"https:\/\/puppymaroc.webmarocagency.com\/?product=nexgard-spectra-pour-chiens#breadcrumb\"},\"inLanguage\":\"fr-FR\",\"potentialAction\":[{\"@type\":\"ReadAction\",\"target\":[\"https:\/\/puppymaroc.webmarocagency.com\/?product=nexgard-spectra-pour-chiens\"]}]},{\"@type\":\"ImageObject\",\"inLanguage\":\"fr-FR\",\"@id\":\"https:\/\/puppymaroc.webmarocagency.com\/?product=nexgard-spectra-pour-chiens#primaryimage\",\"url\":\"https:\/\/puppymaroc.webmarocagency.com\/wp-content\/uploads\/2024\/09\/background-puppy-maroc-65.png\",\"contentUrl\":\"https:\/\/puppymaroc.webmarocagency.com\/wp-content\/uploads\/2024\/09\/background-puppy-maroc-65.png\",\"width\":1080,\"height\":1080},{\"@type\":\"BreadcrumbList\",\"@id\":\"https:\/\/puppymaroc.webmarocagency.com\/?product=nexgard-spectra-pour-chiens#breadcrumb\",\"itemListElement\":[{\"@type\":\"ListItem\",\"position\":1,\"name\":\"Accueil\",\"item\":\"https:\/\/puppymaroc.webmarocagency.com\/\"},{\"@type\":\"ListItem\",\"position\":2,\"name\":\"Produit\",\"item\":\"https:\/\/puppymaroc.webmarocagency.com\/?page_id=1561\"},{\"@type\":\"ListItem\",\"position\":3,\"name\":\"Nexgard spectra pour chiens\"}]},{\"@type\":\"WebSite\",\"@id\":\"https:\/\/puppymaroc.webmarocagency.com\/#website\",\"url\":\"https:\/\/puppymaroc.webmarocagency.com\/\",\"name\":\"puppymaroc.com\",\"description\":\"puppymaroc\",\"publisher\":{\"@id\":\"https:\/\/puppymaroc.webmarocagency.com\/#organization\"},\"potentialAction\":[{\"@type\":\"SearchAction\",\"target\":{\"@type\":\"EntryPoint\",\"urlTemplate\":\"https:\/\/puppymaroc.webmarocagency.com\/?s={search_term_string}\"},\"query-input\":{\"@type\":\"PropertyValueSpecification\",\"valueRequired\":true,\"valueName\":\"search_term_string\"}}],\"inLanguage\":\"fr-FR\"},{\"@type\":\"Organization\",\"@id\":\"https:\/\/puppymaroc.webmarocagency.com\/#organization\",\"name\":\"puppymaroc.com\",\"url\":\"https:\/\/puppymaroc.webmarocagency.com\/\",\"logo\":{\"@type\":\"ImageObject\",\"inLanguage\":\"fr-FR\",\"@id\":\"https:\/\/puppymaroc.webmarocagency.com\/#\/schema\/logo\/image\/\",\"url\":\"https:\/\/puppymaroc.webmarocagency.com\/wp-content\/uploads\/2024\/02\/cropped-cropped-puppy-maroc-logo-rmv-2.png\",\"contentUrl\":\"https:\/\/puppymaroc.webmarocagency.com\/wp-content\/uploads\/2024\/02\/cropped-cropped-puppy-maroc-logo-rmv-2.png\",\"width\":958,\"height\":920,\"caption\":\"puppymaroc.com\"},\"image\":{\"@id\":\"https:\/\/puppymaroc.webmarocagency.com\/#\/schema\/logo\/image\/\"},\"sameAs\":[\"https:\/\/www.facebook.com\/PuppyMaroc?mibextid=ZbWKwL\"]}]}<\/script>\n<!-- \/ Yoast SEO plugin. -->","yoast_head_json":{"title":"Nexgard spectra pour chiens - puppymaroc.com","robots":{"index":"index","follow":"follow","max-snippet":"max-snippet:-1","max-image-preview":"max-image-preview:large","max-video-preview":"max-video-preview:-1"},"canonical":"https:\/\/puppymaroc.webmarocagency.com\/?product=nexgard-spectra-pour-chiens","og_locale":"fr_FR","og_type":"article","og_title":"Nexgard spectra pour chiens - puppymaroc.com","og_description":"Nexgard spectra est un traitement antiparasitaire internes et externes (respectivement contre les vers intestinaux et pulmonaires et contre les puces et les tiques principalement) qui sont n\u00e9cessaires pour vote chien ou chiot.  Le m\u00e9dicament v\u00e9t\u00e9rinaire doit \u00eatre administr\u00e9 \u00e0 la dose de 2,50\u20135,36 mg\/kg d\u2019afoxolaner et de 0,50\u20111,07 mg\/kg de milb\u00e9mycine oxime.  Chien de 2 \u00e0 3,5 kg : 1 comprim\u00e9 \u00e0 croquer NEXGARD SPECTRA\u00ae 9 mg\/2 mg.  Chien de 3,5 \u00e0 7,5 kg : 1 comprim\u00e9 \u00e0 croquer NEXGARD SPECTRA\u00ae 19 mg\/4 mg.  Chien de 7,5 \u00e0 15 kg : 1 comprim\u00e9 \u00e0 croquer NEXGARD SPECTRA\u00ae 38 mg\/8 mg.  Chien de 15 \u00e0 30 kg : 1 comprim\u00e9 \u00e0 croquer NEXGARD SPECTRA\u00ae 75 mg\/15 mg.  Chien de 30 \u00e0 60 kg : 1 comprim\u00e9 \u00e0 croquer NEXGARD SPECTRA\u00ae 150 mg\/30 mg.  Pour les chiens de plus de 60 kg, une combinaison appropri\u00e9e de comprim\u00e9s \u00e0 croquer doit \u00eatre utilis\u00e9e.","og_url":"https:\/\/puppymaroc.webmarocagency.com\/?product=nexgard-spectra-pour-chiens","og_site_name":"puppymaroc.com","article_publisher":"https:\/\/www.facebook.com\/PuppyMaroc?mibextid=ZbWKwL","article_modified_time":"2024-09-22T16:48:10+00:00","og_image":[{"width":1080,"height":1080,"url":"https:\/\/puppymaroc.webmarocagency.com\/wp-content\/uploads\/2024\/09\/background-puppy-maroc-65.png","type":"image\/png"}],"twitter_card":"summary_large_image","schema":{"@context":"https:\/\/schema.org","@graph":[{"@type":"WebPage","@id":"https:\/\/puppymaroc.webmarocagency.com\/?product=nexgard-spectra-pour-chiens","url":"https:\/\/puppymaroc.webmarocagency.com\/?product=nexgard-spectra-pour-chiens","name":"Nexgard spectra pour chiens - puppymaroc.com","isPartOf":{"@id":"https:\/\/puppymaroc.webmarocagency.com\/#website"},"primaryImageOfPage":{"@id":"https:\/\/puppymaroc.webmarocagency.com\/?product=nexgard-spectra-pour-chiens#primaryimage"},"image":{"@id":"https:\/\/puppymaroc.webmarocagency.com\/?product=nexgard-spectra-pour-chiens#primaryimage"},"thumbnailUrl":"https:\/\/puppymaroc.webmarocagency.com\/wp-content\/uploads\/2024\/09\/background-puppy-maroc-65.png","datePublished":"2024-09-22T10:32:37+00:00","dateModified":"2024-09-22T16:48:10+00:00","breadcrumb":{"@id":"https:\/\/puppymaroc.webmarocagency.com\/?product=nexgard-spectra-pour-chiens#breadcrumb"},"inLanguage":"fr-FR","potentialAction":[{"@type":"ReadAction","target":["https:\/\/puppymaroc.webmarocagency.com\/?product=nexgard-spectra-pour-chiens"]}]},{"@type":"ImageObject","inLanguage":"fr-FR","@id":"https:\/\/puppymaroc.webmarocagency.com\/?product=nexgard-spectra-pour-chiens#primaryimage","url":"https:\/\/puppymaroc.webmarocagency.com\/wp-content\/uploads\/2024\/09\/background-puppy-maroc-65.png","contentUrl":"https:\/\/puppymaroc.webmarocagency.com\/wp-content\/uploads\/2024\/09\/background-puppy-maroc-65.png","width":1080,"height":1080},{"@type":"BreadcrumbList","@id":"https:\/\/puppymaroc.webmarocagency.com\/?product=nexgard-spectra-pour-chiens#breadcrumb","itemListElement":[{"@type":"ListItem","position":1,"name":"Accueil","item":"https:\/\/puppymaroc.webmarocagency.com\/"},{"@type":"ListItem","position":2,"name":"Produit","item":"https:\/\/puppymaroc.webmarocagency.com\/?page_id=1561"},{"@type":"ListItem","position":3,"name":"Nexgard spectra pour chiens"}]},{"@type":"WebSite","@id":"https:\/\/puppymaroc.webmarocagency.com\/#website","url":"https:\/\/puppymaroc.webmarocagency.com\/","name":"puppymaroc.com","description":"puppymaroc","publisher":{"@id":"https:\/\/puppymaroc.webmarocagency.com\/#organization"},"potentialAction":[{"@type":"SearchAction","target":{"@type":"EntryPoint","urlTemplate":"https:\/\/puppymaroc.webmarocagency.com\/?s={search_term_string}"},"query-input":{"@type":"PropertyValueSpecification","valueRequired":true,"valueName":"search_term_string"}}],"inLanguage":"fr-FR"},{"@type":"Organization","@id":"https:\/\/puppymaroc.webmarocagency.com\/#organization","name":"puppymaroc.com","url":"https:\/\/puppymaroc.webmarocagency.com\/","logo":{"@type":"ImageObject","inLanguage":"fr-FR","@id":"https:\/\/puppymaroc.webmarocagency.com\/#\/schema\/logo\/image\/","url":"https:\/\/puppymaroc.webmarocagency.com\/wp-content\/uploads\/2024\/02\/cropped-cropped-puppy-maroc-logo-rmv-2.png","contentUrl":"https:\/\/puppymaroc.webmarocagency.com\/wp-content\/uploads\/2024\/02\/cropped-cropped-puppy-maroc-logo-rmv-2.png","width":958,"height":920,"caption":"puppymaroc.com"},"image":{"@id":"https:\/\/puppymaroc.webmarocagency.com\/#\/schema\/logo\/image\/"},"sameAs":["https:\/\/www.facebook.com\/PuppyMaroc?mibextid=ZbWKwL"]}]}},"_links":{"self":[{"href":"https:\/\/puppymaroc.webmarocagency.com\/index.php?rest_route=\/wp\/v2\/product\/2297","targetHints":{"allow":["GET"]}}],"collection":[{"href":"https:\/\/puppymaroc.webmarocagency.com\/index.php?rest_route=\/wp\/v2\/product"}],"about":[{"href":"https:\/\/puppymaroc.webmarocagency.com\/index.php?rest_route=\/wp\/v2\/types\/product"}],"replies":[{"embeddable":true,"href":"https:\/\/puppymaroc.webmarocagency.com\/index.php?rest_route=%2Fwp%2Fv2%2Fcomments&post=2297"}],"wp:featuredmedia":[{"embeddable":true,"href":"https:\/\/puppymaroc.webmarocagency.com\/index.php?rest_route=\/wp\/v2\/media\/2298"}],"wp:attachment":[{"href":"https:\/\/puppymaroc.webmarocagency.com\/index.php?rest_route=%2Fwp%2Fv2%2Fmedia&parent=2297"}],"wp:term":[{"taxonomy":"product_brand","embeddable":true,"href":"https:\/\/puppymaroc.webmarocagency.com\/index.php?rest_route=%2Fwp%2Fv2%2Fproduct_brand&post=2297"},{"taxonomy":"product_cat","embeddable":true,"href":"https:\/\/puppymaroc.webmarocagency.com\/index.php?rest_route=%2Fwp%2Fv2%2Fproduct_cat&post=2297"},{"taxonomy":"product_tag","embeddable":true,"href":"https:\/\/puppymaroc.webmarocagency.com\/index.php?rest_route=%2Fwp%2Fv2%2Fproduct_tag&post=2297"}],"curies":[{"name":"wp","href":"https:\/\/api.w.org\/{rel}","templated":true}]}}