{"id":2306,"date":"2024-09-22T12:19:28","date_gmt":"2024-09-22T11:19:28","guid":{"rendered":"https:\/\/puppymaroc.com\/?post_type=product&#038;p=2306"},"modified":"2025-07-22T21:44:35","modified_gmt":"2025-07-22T20:44:35","slug":"flamingo-tira-nos-profissional-12-dentes","status":"publish","type":"product","link":"https:\/\/puppymaroc.webmarocagency.com\/?product=flamingo-tira-nos-profissional-12-dentes","title":{"rendered":"Flamingo Tira Nos Profissional 12 Dentes"},"content":{"rendered":"","protected":false},"excerpt":{"rendered":"<ul>\n<li>Mat\u00e9riau : synth\u00e9tique<\/li>\n<li>Les dents arrondies d\u00e9m\u00ealent les n\u0153uds dans le pelage sans les tirer et coupent les gros n\u0153uds<\/li>\n<li>Convient aux chiens au pelage long<\/li>\n<li>La poign\u00e9e en caoutchouc assure une meilleure prise en main<\/li>\n<li>S | 18CM L X 7.5CM L X 3.5CM H<\/li>\n<\/ul>\n","protected":false},"featured_media":2307,"comment_status":"open","ping_status":"closed","template":"","meta":[],"product_brand":[],"product_cat":[59],"product_tag":[],"class_list":{"0":"post-2306","1":"product","2":"type-product","3":"status-publish","4":"has-post-thumbnail","6":"product_cat-accessories-chien","8":"first","9":"instock","10":"sale","11":"shipping-taxable","12":"purchasable","13":"product-type-simple"},"yoast_head":"<!-- This site is optimized with the Yoast SEO plugin v25.8 - https:\/\/yoast.com\/wordpress\/plugins\/seo\/ -->\n<title>Flamingo Tira Nos Profissional 12 Dentes - puppymaroc.com<\/title>\n<meta name=\"robots\" content=\"index, follow, max-snippet:-1, max-image-preview:large, max-video-preview:-1\" \/>\n<link rel=\"canonical\" href=\"https:\/\/puppymaroc.webmarocagency.com\/?product=flamingo-tira-nos-profissional-12-dentes\" \/>\n<meta property=\"og:locale\" content=\"fr_FR\" \/>\n<meta property=\"og:type\" content=\"article\" \/>\n<meta property=\"og:title\" content=\"Flamingo Tira Nos Profissional 12 Dentes - puppymaroc.com\" \/>\n<meta property=\"og:description\" content=\"Mat\u00e9riau : synth\u00e9tique  Les dents arrondies d\u00e9m\u00ealent les n\u0153uds dans le pelage sans les tirer et coupent les gros n\u0153uds  Convient aux chiens au pelage long  La poign\u00e9e en caoutchouc assure une meilleure prise en main  S | 18CM L X 7.5CM L X 3.5CM H\" \/>\n<meta property=\"og:url\" content=\"https:\/\/puppymaroc.webmarocagency.com\/?product=flamingo-tira-nos-profissional-12-dentes\" \/>\n<meta property=\"og:site_name\" content=\"puppymaroc.com\" \/>\n<meta property=\"article:publisher\" content=\"https:\/\/www.facebook.com\/PuppyMaroc?mibextid=ZbWKwL\" \/>\n<meta property=\"article:modified_time\" content=\"2025-07-22T20:44:35+00:00\" \/>\n<meta property=\"og:image\" content=\"https:\/\/puppymaroc.webmarocagency.com\/wp-content\/uploads\/2024\/09\/background-puppy-maroc-69.png\" \/>\n\t<meta property=\"og:image:width\" content=\"1080\" \/>\n\t<meta property=\"og:image:height\" content=\"1080\" \/>\n\t<meta property=\"og:image:type\" content=\"image\/png\" \/>\n<meta name=\"twitter:card\" content=\"summary_large_image\" \/>\n<script type=\"application\/ld+json\" class=\"yoast-schema-graph\">{\"@context\":\"https:\/\/schema.org\",\"@graph\":[{\"@type\":\"WebPage\",\"@id\":\"https:\/\/puppymaroc.webmarocagency.com\/?product=flamingo-tira-nos-profissional-12-dentes\",\"url\":\"https:\/\/puppymaroc.webmarocagency.com\/?product=flamingo-tira-nos-profissional-12-dentes\",\"name\":\"Flamingo Tira Nos Profissional 12 Dentes - puppymaroc.com\",\"isPartOf\":{\"@id\":\"https:\/\/puppymaroc.webmarocagency.com\/#website\"},\"primaryImageOfPage\":{\"@id\":\"https:\/\/puppymaroc.webmarocagency.com\/?product=flamingo-tira-nos-profissional-12-dentes#primaryimage\"},\"image\":{\"@id\":\"https:\/\/puppymaroc.webmarocagency.com\/?product=flamingo-tira-nos-profissional-12-dentes#primaryimage\"},\"thumbnailUrl\":\"https:\/\/puppymaroc.webmarocagency.com\/wp-content\/uploads\/2024\/09\/background-puppy-maroc-69.png\",\"datePublished\":\"2024-09-22T11:19:28+00:00\",\"dateModified\":\"2025-07-22T20:44:35+00:00\",\"breadcrumb\":{\"@id\":\"https:\/\/puppymaroc.webmarocagency.com\/?product=flamingo-tira-nos-profissional-12-dentes#breadcrumb\"},\"inLanguage\":\"fr-FR\",\"potentialAction\":[{\"@type\":\"ReadAction\",\"target\":[\"https:\/\/puppymaroc.webmarocagency.com\/?product=flamingo-tira-nos-profissional-12-dentes\"]}]},{\"@type\":\"ImageObject\",\"inLanguage\":\"fr-FR\",\"@id\":\"https:\/\/puppymaroc.webmarocagency.com\/?product=flamingo-tira-nos-profissional-12-dentes#primaryimage\",\"url\":\"https:\/\/puppymaroc.webmarocagency.com\/wp-content\/uploads\/2024\/09\/background-puppy-maroc-69.png\",\"contentUrl\":\"https:\/\/puppymaroc.webmarocagency.com\/wp-content\/uploads\/2024\/09\/background-puppy-maroc-69.png\",\"width\":1080,\"height\":1080},{\"@type\":\"BreadcrumbList\",\"@id\":\"https:\/\/puppymaroc.webmarocagency.com\/?product=flamingo-tira-nos-profissional-12-dentes#breadcrumb\",\"itemListElement\":[{\"@type\":\"ListItem\",\"position\":1,\"name\":\"Accueil\",\"item\":\"https:\/\/puppymaroc.webmarocagency.com\/\"},{\"@type\":\"ListItem\",\"position\":2,\"name\":\"Produit\",\"item\":\"https:\/\/puppymaroc.webmarocagency.com\/?page_id=1561\"},{\"@type\":\"ListItem\",\"position\":3,\"name\":\"Flamingo Tira Nos Profissional 12 Dentes\"}]},{\"@type\":\"WebSite\",\"@id\":\"https:\/\/puppymaroc.webmarocagency.com\/#website\",\"url\":\"https:\/\/puppymaroc.webmarocagency.com\/\",\"name\":\"puppymaroc.com\",\"description\":\"puppymaroc\",\"publisher\":{\"@id\":\"https:\/\/puppymaroc.webmarocagency.com\/#organization\"},\"potentialAction\":[{\"@type\":\"SearchAction\",\"target\":{\"@type\":\"EntryPoint\",\"urlTemplate\":\"https:\/\/puppymaroc.webmarocagency.com\/?s={search_term_string}\"},\"query-input\":{\"@type\":\"PropertyValueSpecification\",\"valueRequired\":true,\"valueName\":\"search_term_string\"}}],\"inLanguage\":\"fr-FR\"},{\"@type\":\"Organization\",\"@id\":\"https:\/\/puppymaroc.webmarocagency.com\/#organization\",\"name\":\"puppymaroc.com\",\"url\":\"https:\/\/puppymaroc.webmarocagency.com\/\",\"logo\":{\"@type\":\"ImageObject\",\"inLanguage\":\"fr-FR\",\"@id\":\"https:\/\/puppymaroc.webmarocagency.com\/#\/schema\/logo\/image\/\",\"url\":\"https:\/\/puppymaroc.webmarocagency.com\/wp-content\/uploads\/2024\/02\/cropped-cropped-puppy-maroc-logo-rmv-2.png\",\"contentUrl\":\"https:\/\/puppymaroc.webmarocagency.com\/wp-content\/uploads\/2024\/02\/cropped-cropped-puppy-maroc-logo-rmv-2.png\",\"width\":958,\"height\":920,\"caption\":\"puppymaroc.com\"},\"image\":{\"@id\":\"https:\/\/puppymaroc.webmarocagency.com\/#\/schema\/logo\/image\/\"},\"sameAs\":[\"https:\/\/www.facebook.com\/PuppyMaroc?mibextid=ZbWKwL\"]}]}<\/script>\n<!-- \/ Yoast SEO plugin. -->","yoast_head_json":{"title":"Flamingo Tira Nos Profissional 12 Dentes - puppymaroc.com","robots":{"index":"index","follow":"follow","max-snippet":"max-snippet:-1","max-image-preview":"max-image-preview:large","max-video-preview":"max-video-preview:-1"},"canonical":"https:\/\/puppymaroc.webmarocagency.com\/?product=flamingo-tira-nos-profissional-12-dentes","og_locale":"fr_FR","og_type":"article","og_title":"Flamingo Tira Nos Profissional 12 Dentes - puppymaroc.com","og_description":"Mat\u00e9riau : synth\u00e9tique  Les dents arrondies d\u00e9m\u00ealent les n\u0153uds dans le pelage sans les tirer et coupent les gros n\u0153uds  Convient aux chiens au pelage long  La poign\u00e9e en caoutchouc assure une meilleure prise en main  S | 18CM L X 7.5CM L X 3.5CM H","og_url":"https:\/\/puppymaroc.webmarocagency.com\/?product=flamingo-tira-nos-profissional-12-dentes","og_site_name":"puppymaroc.com","article_publisher":"https:\/\/www.facebook.com\/PuppyMaroc?mibextid=ZbWKwL","article_modified_time":"2025-07-22T20:44:35+00:00","og_image":[{"width":1080,"height":1080,"url":"https:\/\/puppymaroc.webmarocagency.com\/wp-content\/uploads\/2024\/09\/background-puppy-maroc-69.png","type":"image\/png"}],"twitter_card":"summary_large_image","schema":{"@context":"https:\/\/schema.org","@graph":[{"@type":"WebPage","@id":"https:\/\/puppymaroc.webmarocagency.com\/?product=flamingo-tira-nos-profissional-12-dentes","url":"https:\/\/puppymaroc.webmarocagency.com\/?product=flamingo-tira-nos-profissional-12-dentes","name":"Flamingo Tira Nos Profissional 12 Dentes - puppymaroc.com","isPartOf":{"@id":"https:\/\/puppymaroc.webmarocagency.com\/#website"},"primaryImageOfPage":{"@id":"https:\/\/puppymaroc.webmarocagency.com\/?product=flamingo-tira-nos-profissional-12-dentes#primaryimage"},"image":{"@id":"https:\/\/puppymaroc.webmarocagency.com\/?product=flamingo-tira-nos-profissional-12-dentes#primaryimage"},"thumbnailUrl":"https:\/\/puppymaroc.webmarocagency.com\/wp-content\/uploads\/2024\/09\/background-puppy-maroc-69.png","datePublished":"2024-09-22T11:19:28+00:00","dateModified":"2025-07-22T20:44:35+00:00","breadcrumb":{"@id":"https:\/\/puppymaroc.webmarocagency.com\/?product=flamingo-tira-nos-profissional-12-dentes#breadcrumb"},"inLanguage":"fr-FR","potentialAction":[{"@type":"ReadAction","target":["https:\/\/puppymaroc.webmarocagency.com\/?product=flamingo-tira-nos-profissional-12-dentes"]}]},{"@type":"ImageObject","inLanguage":"fr-FR","@id":"https:\/\/puppymaroc.webmarocagency.com\/?product=flamingo-tira-nos-profissional-12-dentes#primaryimage","url":"https:\/\/puppymaroc.webmarocagency.com\/wp-content\/uploads\/2024\/09\/background-puppy-maroc-69.png","contentUrl":"https:\/\/puppymaroc.webmarocagency.com\/wp-content\/uploads\/2024\/09\/background-puppy-maroc-69.png","width":1080,"height":1080},{"@type":"BreadcrumbList","@id":"https:\/\/puppymaroc.webmarocagency.com\/?product=flamingo-tira-nos-profissional-12-dentes#breadcrumb","itemListElement":[{"@type":"ListItem","position":1,"name":"Accueil","item":"https:\/\/puppymaroc.webmarocagency.com\/"},{"@type":"ListItem","position":2,"name":"Produit","item":"https:\/\/puppymaroc.webmarocagency.com\/?page_id=1561"},{"@type":"ListItem","position":3,"name":"Flamingo Tira Nos Profissional 12 Dentes"}]},{"@type":"WebSite","@id":"https:\/\/puppymaroc.webmarocagency.com\/#website","url":"https:\/\/puppymaroc.webmarocagency.com\/","name":"puppymaroc.com","description":"puppymaroc","publisher":{"@id":"https:\/\/puppymaroc.webmarocagency.com\/#organization"},"potentialAction":[{"@type":"SearchAction","target":{"@type":"EntryPoint","urlTemplate":"https:\/\/puppymaroc.webmarocagency.com\/?s={search_term_string}"},"query-input":{"@type":"PropertyValueSpecification","valueRequired":true,"valueName":"search_term_string"}}],"inLanguage":"fr-FR"},{"@type":"Organization","@id":"https:\/\/puppymaroc.webmarocagency.com\/#organization","name":"puppymaroc.com","url":"https:\/\/puppymaroc.webmarocagency.com\/","logo":{"@type":"ImageObject","inLanguage":"fr-FR","@id":"https:\/\/puppymaroc.webmarocagency.com\/#\/schema\/logo\/image\/","url":"https:\/\/puppymaroc.webmarocagency.com\/wp-content\/uploads\/2024\/02\/cropped-cropped-puppy-maroc-logo-rmv-2.png","contentUrl":"https:\/\/puppymaroc.webmarocagency.com\/wp-content\/uploads\/2024\/02\/cropped-cropped-puppy-maroc-logo-rmv-2.png","width":958,"height":920,"caption":"puppymaroc.com"},"image":{"@id":"https:\/\/puppymaroc.webmarocagency.com\/#\/schema\/logo\/image\/"},"sameAs":["https:\/\/www.facebook.com\/PuppyMaroc?mibextid=ZbWKwL"]}]}},"_links":{"self":[{"href":"https:\/\/puppymaroc.webmarocagency.com\/index.php?rest_route=\/wp\/v2\/product\/2306","targetHints":{"allow":["GET"]}}],"collection":[{"href":"https:\/\/puppymaroc.webmarocagency.com\/index.php?rest_route=\/wp\/v2\/product"}],"about":[{"href":"https:\/\/puppymaroc.webmarocagency.com\/index.php?rest_route=\/wp\/v2\/types\/product"}],"replies":[{"embeddable":true,"href":"https:\/\/puppymaroc.webmarocagency.com\/index.php?rest_route=%2Fwp%2Fv2%2Fcomments&post=2306"}],"wp:featuredmedia":[{"embeddable":true,"href":"https:\/\/puppymaroc.webmarocagency.com\/index.php?rest_route=\/wp\/v2\/media\/2307"}],"wp:attachment":[{"href":"https:\/\/puppymaroc.webmarocagency.com\/index.php?rest_route=%2Fwp%2Fv2%2Fmedia&parent=2306"}],"wp:term":[{"taxonomy":"product_brand","embeddable":true,"href":"https:\/\/puppymaroc.webmarocagency.com\/index.php?rest_route=%2Fwp%2Fv2%2Fproduct_brand&post=2306"},{"taxonomy":"product_cat","embeddable":true,"href":"https:\/\/puppymaroc.webmarocagency.com\/index.php?rest_route=%2Fwp%2Fv2%2Fproduct_cat&post=2306"},{"taxonomy":"product_tag","embeddable":true,"href":"https:\/\/puppymaroc.webmarocagency.com\/index.php?rest_route=%2Fwp%2Fv2%2Fproduct_tag&post=2306"}],"curies":[{"name":"wp","href":"https:\/\/api.w.org\/{rel}","templated":true}]}}