{"id":2308,"date":"2024-09-22T12:21:54","date_gmt":"2024-09-22T11:21:54","guid":{"rendered":"https:\/\/puppymaroc.com\/?post_type=product&#038;p=2308"},"modified":"2025-09-01T18:03:56","modified_gmt":"2025-09-01T17:03:56","slug":"bio-petactive-shampoing-aloe-vera-pour-chien-400-ml","status":"publish","type":"product","link":"https:\/\/puppymaroc.webmarocagency.com\/?product=bio-petactive-shampoing-aloe-vera-pour-chien-400-ml","title":{"rendered":"Bio PetActive Shampoing aloe vera pour chien 400 ml"},"content":{"rendered":"<header class=\"-pvs -bb\">\n<h4 class=\"-fs20 -m -phm -pvxs\">Fiche technique<\/h4>\n<\/header>\n<div class=\"row -pas\">\n<article class=\"col8 -pvs\">\n<div class=\"card-b -fh\">\n<h4 class=\"hdr -upp -fs14 -m -pam\">Principales caract\u00e9ristiques<\/h4>\n<div class=\"markup -pam\">\n<ul>\n<li>C\u2019est un shampooing soin nettoyant et hydratant pour votre chat avec des tensioactifs soigneusement s\u00e9lectionn\u00e9s et de l\u2019Aloe Vera.<\/li>\n<\/ul>\n<\/div>\n<\/div>\n<\/article>\n<article class=\"col8 -pvs\">\n<div class=\"card-b -fh\">\n<h4 class=\"hdr -upp -fs14 -m -pam\">Descriptif technique<\/h4>\n<ul class=\"-pvs -mvxs -phm -lsn\">\n<li class=\"-pvxs\"><span class=\"-b\">Pays de production<\/span>: Belgium<\/li>\n<li class=\"-pvxs\"><span class=\"-b\">Poids (kg)<\/span>: 0.4<\/li>\n<li class=\"-pvxs\"><span class=\"-b\">Couleur<\/span>: Blanc<\/li>\n<li class=\"-pvxs\"><span class=\"-b\">Mati\u00e8re principale<\/span>: aloe vera<\/li>\n<\/ul>\n<\/div>\n<\/article>\n<\/div>\n","protected":false},"excerpt":{"rendered":"<header class=\"-pvs -bb\">\n<h4 class=\"-fs20 -m -phm -pvxs\">D\u00e9tails<\/h4>\n<\/header>\n<div class=\"markup -mhm -pvl -oxa -sc\">C\u2019est un shampooing de soin nettoyant et hydratant pour votre chien avec des tensioactifssoigneusement s\u00e9lectionn\u00e9s et de l\u2019Aloe Vera. Il convient aux chiens \u00e0 poils longs et courts.Avec son extrait d\u2019Aloe Vera et ses substances nettoyantes en formule shampooing, il nourrit la peau et le pelage des chiens \u00e0 la peau sensible, leur donnant plus de force et debrillance. Sa formulation au pH \u00e9quilibr\u00e9 et ses propri\u00e9t\u00e9s hydratantes efficaces maintiennent la peau humide et pr\u00e9viennent le dess\u00e8chement.<\/div>\n","protected":false},"featured_media":2309,"comment_status":"open","ping_status":"closed","template":"","meta":[],"product_brand":[],"product_cat":[59],"product_tag":[],"class_list":{"0":"post-2308","1":"product","2":"type-product","3":"status-publish","4":"has-post-thumbnail","6":"product_cat-accessories-chien","8":"first","9":"instock","10":"sale","11":"shipping-taxable","12":"purchasable","13":"product-type-simple"},"yoast_head":"<!-- This site is optimized with the Yoast SEO plugin v25.8 - https:\/\/yoast.com\/wordpress\/plugins\/seo\/ -->\n<title>Bio PetActive Shampoing aloe vera pour chien 400 ml - puppymaroc.com<\/title>\n<meta name=\"robots\" content=\"index, follow, max-snippet:-1, max-image-preview:large, max-video-preview:-1\" \/>\n<link rel=\"canonical\" href=\"https:\/\/puppymaroc.webmarocagency.com\/?product=bio-petactive-shampoing-aloe-vera-pour-chien-400-ml\" \/>\n<meta property=\"og:locale\" content=\"fr_FR\" \/>\n<meta property=\"og:type\" content=\"article\" \/>\n<meta property=\"og:title\" content=\"Bio PetActive Shampoing aloe vera pour chien 400 ml - puppymaroc.com\" \/>\n<meta property=\"og:description\" content=\"D\u00e9tails  C\u2019est un shampooing de soin nettoyant et hydratant pour votre chien avec des tensioactifssoigneusement s\u00e9lectionn\u00e9s et de l\u2019Aloe Vera. Il convient aux chiens \u00e0 poils longs et courts.Avec son extrait d\u2019Aloe Vera et ses substances nettoyantes en formule shampooing, il nourrit la peau et le pelage des chiens \u00e0 la peau sensible, leur donnant plus de force et debrillance. Sa formulation au pH \u00e9quilibr\u00e9 et ses propri\u00e9t\u00e9s hydratantes efficaces maintiennent la peau humide et pr\u00e9viennent le dess\u00e8chement.\" \/>\n<meta property=\"og:url\" content=\"https:\/\/puppymaroc.webmarocagency.com\/?product=bio-petactive-shampoing-aloe-vera-pour-chien-400-ml\" \/>\n<meta property=\"og:site_name\" content=\"puppymaroc.com\" \/>\n<meta property=\"article:publisher\" content=\"https:\/\/www.facebook.com\/PuppyMaroc?mibextid=ZbWKwL\" \/>\n<meta property=\"article:modified_time\" content=\"2025-09-01T17:03:56+00:00\" \/>\n<meta property=\"og:image\" content=\"https:\/\/puppymaroc.webmarocagency.com\/wp-content\/uploads\/2024\/09\/background-puppy-maroc-70.png\" \/>\n\t<meta property=\"og:image:width\" content=\"1080\" \/>\n\t<meta property=\"og:image:height\" content=\"1080\" \/>\n\t<meta property=\"og:image:type\" content=\"image\/png\" \/>\n<meta name=\"twitter:card\" content=\"summary_large_image\" \/>\n<script type=\"application\/ld+json\" class=\"yoast-schema-graph\">{\"@context\":\"https:\/\/schema.org\",\"@graph\":[{\"@type\":\"WebPage\",\"@id\":\"https:\/\/puppymaroc.webmarocagency.com\/?product=bio-petactive-shampoing-aloe-vera-pour-chien-400-ml\",\"url\":\"https:\/\/puppymaroc.webmarocagency.com\/?product=bio-petactive-shampoing-aloe-vera-pour-chien-400-ml\",\"name\":\"Bio PetActive Shampoing aloe vera pour chien 400 ml - puppymaroc.com\",\"isPartOf\":{\"@id\":\"https:\/\/puppymaroc.webmarocagency.com\/#website\"},\"primaryImageOfPage\":{\"@id\":\"https:\/\/puppymaroc.webmarocagency.com\/?product=bio-petactive-shampoing-aloe-vera-pour-chien-400-ml#primaryimage\"},\"image\":{\"@id\":\"https:\/\/puppymaroc.webmarocagency.com\/?product=bio-petactive-shampoing-aloe-vera-pour-chien-400-ml#primaryimage\"},\"thumbnailUrl\":\"https:\/\/puppymaroc.webmarocagency.com\/wp-content\/uploads\/2024\/09\/background-puppy-maroc-70.png\",\"datePublished\":\"2024-09-22T11:21:54+00:00\",\"dateModified\":\"2025-09-01T17:03:56+00:00\",\"breadcrumb\":{\"@id\":\"https:\/\/puppymaroc.webmarocagency.com\/?product=bio-petactive-shampoing-aloe-vera-pour-chien-400-ml#breadcrumb\"},\"inLanguage\":\"fr-FR\",\"potentialAction\":[{\"@type\":\"ReadAction\",\"target\":[\"https:\/\/puppymaroc.webmarocagency.com\/?product=bio-petactive-shampoing-aloe-vera-pour-chien-400-ml\"]}]},{\"@type\":\"ImageObject\",\"inLanguage\":\"fr-FR\",\"@id\":\"https:\/\/puppymaroc.webmarocagency.com\/?product=bio-petactive-shampoing-aloe-vera-pour-chien-400-ml#primaryimage\",\"url\":\"https:\/\/puppymaroc.webmarocagency.com\/wp-content\/uploads\/2024\/09\/background-puppy-maroc-70.png\",\"contentUrl\":\"https:\/\/puppymaroc.webmarocagency.com\/wp-content\/uploads\/2024\/09\/background-puppy-maroc-70.png\",\"width\":1080,\"height\":1080},{\"@type\":\"BreadcrumbList\",\"@id\":\"https:\/\/puppymaroc.webmarocagency.com\/?product=bio-petactive-shampoing-aloe-vera-pour-chien-400-ml#breadcrumb\",\"itemListElement\":[{\"@type\":\"ListItem\",\"position\":1,\"name\":\"Accueil\",\"item\":\"https:\/\/puppymaroc.webmarocagency.com\/\"},{\"@type\":\"ListItem\",\"position\":2,\"name\":\"Produit\",\"item\":\"https:\/\/puppymaroc.webmarocagency.com\/?page_id=1561\"},{\"@type\":\"ListItem\",\"position\":3,\"name\":\"Bio PetActive Shampoing aloe vera pour chien 400 ml\"}]},{\"@type\":\"WebSite\",\"@id\":\"https:\/\/puppymaroc.webmarocagency.com\/#website\",\"url\":\"https:\/\/puppymaroc.webmarocagency.com\/\",\"name\":\"puppymaroc.com\",\"description\":\"puppymaroc\",\"publisher\":{\"@id\":\"https:\/\/puppymaroc.webmarocagency.com\/#organization\"},\"potentialAction\":[{\"@type\":\"SearchAction\",\"target\":{\"@type\":\"EntryPoint\",\"urlTemplate\":\"https:\/\/puppymaroc.webmarocagency.com\/?s={search_term_string}\"},\"query-input\":{\"@type\":\"PropertyValueSpecification\",\"valueRequired\":true,\"valueName\":\"search_term_string\"}}],\"inLanguage\":\"fr-FR\"},{\"@type\":\"Organization\",\"@id\":\"https:\/\/puppymaroc.webmarocagency.com\/#organization\",\"name\":\"puppymaroc.com\",\"url\":\"https:\/\/puppymaroc.webmarocagency.com\/\",\"logo\":{\"@type\":\"ImageObject\",\"inLanguage\":\"fr-FR\",\"@id\":\"https:\/\/puppymaroc.webmarocagency.com\/#\/schema\/logo\/image\/\",\"url\":\"https:\/\/puppymaroc.webmarocagency.com\/wp-content\/uploads\/2024\/02\/cropped-cropped-puppy-maroc-logo-rmv-2.png\",\"contentUrl\":\"https:\/\/puppymaroc.webmarocagency.com\/wp-content\/uploads\/2024\/02\/cropped-cropped-puppy-maroc-logo-rmv-2.png\",\"width\":958,\"height\":920,\"caption\":\"puppymaroc.com\"},\"image\":{\"@id\":\"https:\/\/puppymaroc.webmarocagency.com\/#\/schema\/logo\/image\/\"},\"sameAs\":[\"https:\/\/www.facebook.com\/PuppyMaroc?mibextid=ZbWKwL\"]}]}<\/script>\n<!-- \/ Yoast SEO plugin. -->","yoast_head_json":{"title":"Bio PetActive Shampoing aloe vera pour chien 400 ml - puppymaroc.com","robots":{"index":"index","follow":"follow","max-snippet":"max-snippet:-1","max-image-preview":"max-image-preview:large","max-video-preview":"max-video-preview:-1"},"canonical":"https:\/\/puppymaroc.webmarocagency.com\/?product=bio-petactive-shampoing-aloe-vera-pour-chien-400-ml","og_locale":"fr_FR","og_type":"article","og_title":"Bio PetActive Shampoing aloe vera pour chien 400 ml - puppymaroc.com","og_description":"D\u00e9tails  C\u2019est un shampooing de soin nettoyant et hydratant pour votre chien avec des tensioactifssoigneusement s\u00e9lectionn\u00e9s et de l\u2019Aloe Vera. Il convient aux chiens \u00e0 poils longs et courts.Avec son extrait d\u2019Aloe Vera et ses substances nettoyantes en formule shampooing, il nourrit la peau et le pelage des chiens \u00e0 la peau sensible, leur donnant plus de force et debrillance. Sa formulation au pH \u00e9quilibr\u00e9 et ses propri\u00e9t\u00e9s hydratantes efficaces maintiennent la peau humide et pr\u00e9viennent le dess\u00e8chement.","og_url":"https:\/\/puppymaroc.webmarocagency.com\/?product=bio-petactive-shampoing-aloe-vera-pour-chien-400-ml","og_site_name":"puppymaroc.com","article_publisher":"https:\/\/www.facebook.com\/PuppyMaroc?mibextid=ZbWKwL","article_modified_time":"2025-09-01T17:03:56+00:00","og_image":[{"width":1080,"height":1080,"url":"https:\/\/puppymaroc.webmarocagency.com\/wp-content\/uploads\/2024\/09\/background-puppy-maroc-70.png","type":"image\/png"}],"twitter_card":"summary_large_image","schema":{"@context":"https:\/\/schema.org","@graph":[{"@type":"WebPage","@id":"https:\/\/puppymaroc.webmarocagency.com\/?product=bio-petactive-shampoing-aloe-vera-pour-chien-400-ml","url":"https:\/\/puppymaroc.webmarocagency.com\/?product=bio-petactive-shampoing-aloe-vera-pour-chien-400-ml","name":"Bio PetActive Shampoing aloe vera pour chien 400 ml - puppymaroc.com","isPartOf":{"@id":"https:\/\/puppymaroc.webmarocagency.com\/#website"},"primaryImageOfPage":{"@id":"https:\/\/puppymaroc.webmarocagency.com\/?product=bio-petactive-shampoing-aloe-vera-pour-chien-400-ml#primaryimage"},"image":{"@id":"https:\/\/puppymaroc.webmarocagency.com\/?product=bio-petactive-shampoing-aloe-vera-pour-chien-400-ml#primaryimage"},"thumbnailUrl":"https:\/\/puppymaroc.webmarocagency.com\/wp-content\/uploads\/2024\/09\/background-puppy-maroc-70.png","datePublished":"2024-09-22T11:21:54+00:00","dateModified":"2025-09-01T17:03:56+00:00","breadcrumb":{"@id":"https:\/\/puppymaroc.webmarocagency.com\/?product=bio-petactive-shampoing-aloe-vera-pour-chien-400-ml#breadcrumb"},"inLanguage":"fr-FR","potentialAction":[{"@type":"ReadAction","target":["https:\/\/puppymaroc.webmarocagency.com\/?product=bio-petactive-shampoing-aloe-vera-pour-chien-400-ml"]}]},{"@type":"ImageObject","inLanguage":"fr-FR","@id":"https:\/\/puppymaroc.webmarocagency.com\/?product=bio-petactive-shampoing-aloe-vera-pour-chien-400-ml#primaryimage","url":"https:\/\/puppymaroc.webmarocagency.com\/wp-content\/uploads\/2024\/09\/background-puppy-maroc-70.png","contentUrl":"https:\/\/puppymaroc.webmarocagency.com\/wp-content\/uploads\/2024\/09\/background-puppy-maroc-70.png","width":1080,"height":1080},{"@type":"BreadcrumbList","@id":"https:\/\/puppymaroc.webmarocagency.com\/?product=bio-petactive-shampoing-aloe-vera-pour-chien-400-ml#breadcrumb","itemListElement":[{"@type":"ListItem","position":1,"name":"Accueil","item":"https:\/\/puppymaroc.webmarocagency.com\/"},{"@type":"ListItem","position":2,"name":"Produit","item":"https:\/\/puppymaroc.webmarocagency.com\/?page_id=1561"},{"@type":"ListItem","position":3,"name":"Bio PetActive Shampoing aloe vera pour chien 400 ml"}]},{"@type":"WebSite","@id":"https:\/\/puppymaroc.webmarocagency.com\/#website","url":"https:\/\/puppymaroc.webmarocagency.com\/","name":"puppymaroc.com","description":"puppymaroc","publisher":{"@id":"https:\/\/puppymaroc.webmarocagency.com\/#organization"},"potentialAction":[{"@type":"SearchAction","target":{"@type":"EntryPoint","urlTemplate":"https:\/\/puppymaroc.webmarocagency.com\/?s={search_term_string}"},"query-input":{"@type":"PropertyValueSpecification","valueRequired":true,"valueName":"search_term_string"}}],"inLanguage":"fr-FR"},{"@type":"Organization","@id":"https:\/\/puppymaroc.webmarocagency.com\/#organization","name":"puppymaroc.com","url":"https:\/\/puppymaroc.webmarocagency.com\/","logo":{"@type":"ImageObject","inLanguage":"fr-FR","@id":"https:\/\/puppymaroc.webmarocagency.com\/#\/schema\/logo\/image\/","url":"https:\/\/puppymaroc.webmarocagency.com\/wp-content\/uploads\/2024\/02\/cropped-cropped-puppy-maroc-logo-rmv-2.png","contentUrl":"https:\/\/puppymaroc.webmarocagency.com\/wp-content\/uploads\/2024\/02\/cropped-cropped-puppy-maroc-logo-rmv-2.png","width":958,"height":920,"caption":"puppymaroc.com"},"image":{"@id":"https:\/\/puppymaroc.webmarocagency.com\/#\/schema\/logo\/image\/"},"sameAs":["https:\/\/www.facebook.com\/PuppyMaroc?mibextid=ZbWKwL"]}]}},"_links":{"self":[{"href":"https:\/\/puppymaroc.webmarocagency.com\/index.php?rest_route=\/wp\/v2\/product\/2308","targetHints":{"allow":["GET"]}}],"collection":[{"href":"https:\/\/puppymaroc.webmarocagency.com\/index.php?rest_route=\/wp\/v2\/product"}],"about":[{"href":"https:\/\/puppymaroc.webmarocagency.com\/index.php?rest_route=\/wp\/v2\/types\/product"}],"replies":[{"embeddable":true,"href":"https:\/\/puppymaroc.webmarocagency.com\/index.php?rest_route=%2Fwp%2Fv2%2Fcomments&post=2308"}],"wp:featuredmedia":[{"embeddable":true,"href":"https:\/\/puppymaroc.webmarocagency.com\/index.php?rest_route=\/wp\/v2\/media\/2309"}],"wp:attachment":[{"href":"https:\/\/puppymaroc.webmarocagency.com\/index.php?rest_route=%2Fwp%2Fv2%2Fmedia&parent=2308"}],"wp:term":[{"taxonomy":"product_brand","embeddable":true,"href":"https:\/\/puppymaroc.webmarocagency.com\/index.php?rest_route=%2Fwp%2Fv2%2Fproduct_brand&post=2308"},{"taxonomy":"product_cat","embeddable":true,"href":"https:\/\/puppymaroc.webmarocagency.com\/index.php?rest_route=%2Fwp%2Fv2%2Fproduct_cat&post=2308"},{"taxonomy":"product_tag","embeddable":true,"href":"https:\/\/puppymaroc.webmarocagency.com\/index.php?rest_route=%2Fwp%2Fv2%2Fproduct_tag&post=2308"}],"curies":[{"name":"wp","href":"https:\/\/api.w.org\/{rel}","templated":true}]}}