{"id":2312,"date":"2024-09-22T12:37:48","date_gmt":"2024-09-22T11:37:48","guid":{"rendered":"https:\/\/puppymaroc.com\/?post_type=product&#038;p=2312"},"modified":"2025-08-02T07:31:24","modified_gmt":"2025-08-02T06:31:24","slug":"vetocare-pets-dissuasif-interieur-exterieur-200ml","status":"publish","type":"product","link":"https:\/\/puppymaroc.webmarocagency.com\/?product=vetocare-pets-dissuasif-interieur-exterieur-200ml","title":{"rendered":"VETOCARE PETS DISSUASIF INT\u00c9RIEUR \/EXT\u00c9RIEUR 200ML"},"content":{"rendered":"","protected":false},"excerpt":{"rendered":"<h4><strong>Description<\/strong><\/h4>\n<div class=\"tab-panels\">\n<div id=\"tab-description\" class=\"woocommerce-Tabs-panel woocommerce-Tabs-panel--description panel entry-content active\" role=\"tabpanel\" aria-labelledby=\"tab-title-description\">\n<p>LE SPRAY DISSUASIF VETOCARE PERMETTRA DE REPOUSSER A \u00c9DUQUER VOTRE CHIEN OU CHAT ? IL VOUS AIDERA A STOPPER DE MANI2RE IMM2DIATE ET DURABLE LES COMPORTEMENTS Ind\u00e9sirables DE VOTRE ANIMAL .<\/p>\n<p>LE SPRAY CONTIENT DES AR\u00d4MES QUI INCITENT LA PLUPART DES CHIENS ET CHATS A \u00c9VITER LES ZONES MARQU2ES . CE SPRAY EST TR2S FACILE A UTILISER ? IL SUFFIT DE VAPORISER SUR LA ZONE PENDANT PLUSIEURS JOURS POUR APPRENDRE A VOTRE CHIEN OU CHAT A NE PAS Y ALLER.<\/p>\n<\/div>\n<\/div>\n","protected":false},"featured_media":2313,"comment_status":"open","ping_status":"closed","template":"","meta":[],"product_brand":[],"product_cat":[59],"product_tag":[],"class_list":{"0":"post-2312","1":"product","2":"type-product","3":"status-publish","4":"has-post-thumbnail","6":"product_cat-accessories-chien","8":"first","9":"instock","10":"sale","11":"shipping-taxable","12":"purchasable","13":"product-type-simple"},"yoast_head":"<!-- This site is optimized with the Yoast SEO plugin v25.8 - https:\/\/yoast.com\/wordpress\/plugins\/seo\/ -->\n<title>VETOCARE PETS DISSUASIF INT\u00c9RIEUR \/EXT\u00c9RIEUR 200ML - puppymaroc.com<\/title>\n<meta name=\"robots\" content=\"index, follow, max-snippet:-1, max-image-preview:large, max-video-preview:-1\" \/>\n<link rel=\"canonical\" href=\"https:\/\/puppymaroc.webmarocagency.com\/?product=vetocare-pets-dissuasif-interieur-exterieur-200ml\" \/>\n<meta property=\"og:locale\" content=\"fr_FR\" \/>\n<meta property=\"og:type\" content=\"article\" \/>\n<meta property=\"og:title\" content=\"VETOCARE PETS DISSUASIF INT\u00c9RIEUR \/EXT\u00c9RIEUR 200ML - puppymaroc.com\" \/>\n<meta property=\"og:description\" content=\"Description    LE SPRAY DISSUASIF VETOCARE PERMETTRA DE REPOUSSER A \u00c9DUQUER VOTRE CHIEN OU CHAT ? IL VOUS AIDERA A STOPPER DE MANI2RE IMM2DIATE ET DURABLE LES COMPORTEMENTS Ind\u00e9sirables DE VOTRE ANIMAL .  LE SPRAY CONTIENT DES AR\u00d4MES QUI INCITENT LA PLUPART DES CHIENS ET CHATS A \u00c9VITER LES ZONES MARQU2ES . CE SPRAY EST TR2S FACILE A UTILISER ? IL SUFFIT DE VAPORISER SUR LA ZONE PENDANT PLUSIEURS JOURS POUR APPRENDRE A VOTRE CHIEN OU CHAT A NE PAS Y ALLER.\" \/>\n<meta property=\"og:url\" content=\"https:\/\/puppymaroc.webmarocagency.com\/?product=vetocare-pets-dissuasif-interieur-exterieur-200ml\" \/>\n<meta property=\"og:site_name\" content=\"puppymaroc.com\" \/>\n<meta property=\"article:publisher\" content=\"https:\/\/www.facebook.com\/PuppyMaroc?mibextid=ZbWKwL\" \/>\n<meta property=\"article:modified_time\" content=\"2025-08-02T06:31:24+00:00\" \/>\n<meta property=\"og:image\" content=\"https:\/\/puppymaroc.webmarocagency.com\/wp-content\/uploads\/2024\/09\/background-puppy-maroc-72.png\" \/>\n\t<meta property=\"og:image:width\" content=\"1080\" \/>\n\t<meta property=\"og:image:height\" content=\"1080\" \/>\n\t<meta property=\"og:image:type\" content=\"image\/png\" \/>\n<meta name=\"twitter:card\" content=\"summary_large_image\" \/>\n<script type=\"application\/ld+json\" class=\"yoast-schema-graph\">{\"@context\":\"https:\/\/schema.org\",\"@graph\":[{\"@type\":\"WebPage\",\"@id\":\"https:\/\/puppymaroc.webmarocagency.com\/?product=vetocare-pets-dissuasif-interieur-exterieur-200ml\",\"url\":\"https:\/\/puppymaroc.webmarocagency.com\/?product=vetocare-pets-dissuasif-interieur-exterieur-200ml\",\"name\":\"VETOCARE PETS DISSUASIF INT\u00c9RIEUR \/EXT\u00c9RIEUR 200ML - puppymaroc.com\",\"isPartOf\":{\"@id\":\"https:\/\/puppymaroc.webmarocagency.com\/#website\"},\"primaryImageOfPage\":{\"@id\":\"https:\/\/puppymaroc.webmarocagency.com\/?product=vetocare-pets-dissuasif-interieur-exterieur-200ml#primaryimage\"},\"image\":{\"@id\":\"https:\/\/puppymaroc.webmarocagency.com\/?product=vetocare-pets-dissuasif-interieur-exterieur-200ml#primaryimage\"},\"thumbnailUrl\":\"https:\/\/puppymaroc.webmarocagency.com\/wp-content\/uploads\/2024\/09\/background-puppy-maroc-72.png\",\"datePublished\":\"2024-09-22T11:37:48+00:00\",\"dateModified\":\"2025-08-02T06:31:24+00:00\",\"breadcrumb\":{\"@id\":\"https:\/\/puppymaroc.webmarocagency.com\/?product=vetocare-pets-dissuasif-interieur-exterieur-200ml#breadcrumb\"},\"inLanguage\":\"fr-FR\",\"potentialAction\":[{\"@type\":\"ReadAction\",\"target\":[\"https:\/\/puppymaroc.webmarocagency.com\/?product=vetocare-pets-dissuasif-interieur-exterieur-200ml\"]}]},{\"@type\":\"ImageObject\",\"inLanguage\":\"fr-FR\",\"@id\":\"https:\/\/puppymaroc.webmarocagency.com\/?product=vetocare-pets-dissuasif-interieur-exterieur-200ml#primaryimage\",\"url\":\"https:\/\/puppymaroc.webmarocagency.com\/wp-content\/uploads\/2024\/09\/background-puppy-maroc-72.png\",\"contentUrl\":\"https:\/\/puppymaroc.webmarocagency.com\/wp-content\/uploads\/2024\/09\/background-puppy-maroc-72.png\",\"width\":1080,\"height\":1080},{\"@type\":\"BreadcrumbList\",\"@id\":\"https:\/\/puppymaroc.webmarocagency.com\/?product=vetocare-pets-dissuasif-interieur-exterieur-200ml#breadcrumb\",\"itemListElement\":[{\"@type\":\"ListItem\",\"position\":1,\"name\":\"Accueil\",\"item\":\"https:\/\/puppymaroc.webmarocagency.com\/\"},{\"@type\":\"ListItem\",\"position\":2,\"name\":\"Produit\",\"item\":\"https:\/\/puppymaroc.webmarocagency.com\/?page_id=1561\"},{\"@type\":\"ListItem\",\"position\":3,\"name\":\"VETOCARE PETS DISSUASIF INT\u00c9RIEUR \/EXT\u00c9RIEUR 200ML\"}]},{\"@type\":\"WebSite\",\"@id\":\"https:\/\/puppymaroc.webmarocagency.com\/#website\",\"url\":\"https:\/\/puppymaroc.webmarocagency.com\/\",\"name\":\"puppymaroc.com\",\"description\":\"puppymaroc\",\"publisher\":{\"@id\":\"https:\/\/puppymaroc.webmarocagency.com\/#organization\"},\"potentialAction\":[{\"@type\":\"SearchAction\",\"target\":{\"@type\":\"EntryPoint\",\"urlTemplate\":\"https:\/\/puppymaroc.webmarocagency.com\/?s={search_term_string}\"},\"query-input\":{\"@type\":\"PropertyValueSpecification\",\"valueRequired\":true,\"valueName\":\"search_term_string\"}}],\"inLanguage\":\"fr-FR\"},{\"@type\":\"Organization\",\"@id\":\"https:\/\/puppymaroc.webmarocagency.com\/#organization\",\"name\":\"puppymaroc.com\",\"url\":\"https:\/\/puppymaroc.webmarocagency.com\/\",\"logo\":{\"@type\":\"ImageObject\",\"inLanguage\":\"fr-FR\",\"@id\":\"https:\/\/puppymaroc.webmarocagency.com\/#\/schema\/logo\/image\/\",\"url\":\"https:\/\/puppymaroc.webmarocagency.com\/wp-content\/uploads\/2024\/02\/cropped-cropped-puppy-maroc-logo-rmv-2.png\",\"contentUrl\":\"https:\/\/puppymaroc.webmarocagency.com\/wp-content\/uploads\/2024\/02\/cropped-cropped-puppy-maroc-logo-rmv-2.png\",\"width\":958,\"height\":920,\"caption\":\"puppymaroc.com\"},\"image\":{\"@id\":\"https:\/\/puppymaroc.webmarocagency.com\/#\/schema\/logo\/image\/\"},\"sameAs\":[\"https:\/\/www.facebook.com\/PuppyMaroc?mibextid=ZbWKwL\"]}]}<\/script>\n<!-- \/ Yoast SEO plugin. -->","yoast_head_json":{"title":"VETOCARE PETS DISSUASIF INT\u00c9RIEUR \/EXT\u00c9RIEUR 200ML - puppymaroc.com","robots":{"index":"index","follow":"follow","max-snippet":"max-snippet:-1","max-image-preview":"max-image-preview:large","max-video-preview":"max-video-preview:-1"},"canonical":"https:\/\/puppymaroc.webmarocagency.com\/?product=vetocare-pets-dissuasif-interieur-exterieur-200ml","og_locale":"fr_FR","og_type":"article","og_title":"VETOCARE PETS DISSUASIF INT\u00c9RIEUR \/EXT\u00c9RIEUR 200ML - puppymaroc.com","og_description":"Description    LE SPRAY DISSUASIF VETOCARE PERMETTRA DE REPOUSSER A \u00c9DUQUER VOTRE CHIEN OU CHAT ? IL VOUS AIDERA A STOPPER DE MANI2RE IMM2DIATE ET DURABLE LES COMPORTEMENTS Ind\u00e9sirables DE VOTRE ANIMAL .  LE SPRAY CONTIENT DES AR\u00d4MES QUI INCITENT LA PLUPART DES CHIENS ET CHATS A \u00c9VITER LES ZONES MARQU2ES . CE SPRAY EST TR2S FACILE A UTILISER ? IL SUFFIT DE VAPORISER SUR LA ZONE PENDANT PLUSIEURS JOURS POUR APPRENDRE A VOTRE CHIEN OU CHAT A NE PAS Y ALLER.","og_url":"https:\/\/puppymaroc.webmarocagency.com\/?product=vetocare-pets-dissuasif-interieur-exterieur-200ml","og_site_name":"puppymaroc.com","article_publisher":"https:\/\/www.facebook.com\/PuppyMaroc?mibextid=ZbWKwL","article_modified_time":"2025-08-02T06:31:24+00:00","og_image":[{"width":1080,"height":1080,"url":"https:\/\/puppymaroc.webmarocagency.com\/wp-content\/uploads\/2024\/09\/background-puppy-maroc-72.png","type":"image\/png"}],"twitter_card":"summary_large_image","schema":{"@context":"https:\/\/schema.org","@graph":[{"@type":"WebPage","@id":"https:\/\/puppymaroc.webmarocagency.com\/?product=vetocare-pets-dissuasif-interieur-exterieur-200ml","url":"https:\/\/puppymaroc.webmarocagency.com\/?product=vetocare-pets-dissuasif-interieur-exterieur-200ml","name":"VETOCARE PETS DISSUASIF INT\u00c9RIEUR \/EXT\u00c9RIEUR 200ML - puppymaroc.com","isPartOf":{"@id":"https:\/\/puppymaroc.webmarocagency.com\/#website"},"primaryImageOfPage":{"@id":"https:\/\/puppymaroc.webmarocagency.com\/?product=vetocare-pets-dissuasif-interieur-exterieur-200ml#primaryimage"},"image":{"@id":"https:\/\/puppymaroc.webmarocagency.com\/?product=vetocare-pets-dissuasif-interieur-exterieur-200ml#primaryimage"},"thumbnailUrl":"https:\/\/puppymaroc.webmarocagency.com\/wp-content\/uploads\/2024\/09\/background-puppy-maroc-72.png","datePublished":"2024-09-22T11:37:48+00:00","dateModified":"2025-08-02T06:31:24+00:00","breadcrumb":{"@id":"https:\/\/puppymaroc.webmarocagency.com\/?product=vetocare-pets-dissuasif-interieur-exterieur-200ml#breadcrumb"},"inLanguage":"fr-FR","potentialAction":[{"@type":"ReadAction","target":["https:\/\/puppymaroc.webmarocagency.com\/?product=vetocare-pets-dissuasif-interieur-exterieur-200ml"]}]},{"@type":"ImageObject","inLanguage":"fr-FR","@id":"https:\/\/puppymaroc.webmarocagency.com\/?product=vetocare-pets-dissuasif-interieur-exterieur-200ml#primaryimage","url":"https:\/\/puppymaroc.webmarocagency.com\/wp-content\/uploads\/2024\/09\/background-puppy-maroc-72.png","contentUrl":"https:\/\/puppymaroc.webmarocagency.com\/wp-content\/uploads\/2024\/09\/background-puppy-maroc-72.png","width":1080,"height":1080},{"@type":"BreadcrumbList","@id":"https:\/\/puppymaroc.webmarocagency.com\/?product=vetocare-pets-dissuasif-interieur-exterieur-200ml#breadcrumb","itemListElement":[{"@type":"ListItem","position":1,"name":"Accueil","item":"https:\/\/puppymaroc.webmarocagency.com\/"},{"@type":"ListItem","position":2,"name":"Produit","item":"https:\/\/puppymaroc.webmarocagency.com\/?page_id=1561"},{"@type":"ListItem","position":3,"name":"VETOCARE PETS DISSUASIF INT\u00c9RIEUR \/EXT\u00c9RIEUR 200ML"}]},{"@type":"WebSite","@id":"https:\/\/puppymaroc.webmarocagency.com\/#website","url":"https:\/\/puppymaroc.webmarocagency.com\/","name":"puppymaroc.com","description":"puppymaroc","publisher":{"@id":"https:\/\/puppymaroc.webmarocagency.com\/#organization"},"potentialAction":[{"@type":"SearchAction","target":{"@type":"EntryPoint","urlTemplate":"https:\/\/puppymaroc.webmarocagency.com\/?s={search_term_string}"},"query-input":{"@type":"PropertyValueSpecification","valueRequired":true,"valueName":"search_term_string"}}],"inLanguage":"fr-FR"},{"@type":"Organization","@id":"https:\/\/puppymaroc.webmarocagency.com\/#organization","name":"puppymaroc.com","url":"https:\/\/puppymaroc.webmarocagency.com\/","logo":{"@type":"ImageObject","inLanguage":"fr-FR","@id":"https:\/\/puppymaroc.webmarocagency.com\/#\/schema\/logo\/image\/","url":"https:\/\/puppymaroc.webmarocagency.com\/wp-content\/uploads\/2024\/02\/cropped-cropped-puppy-maroc-logo-rmv-2.png","contentUrl":"https:\/\/puppymaroc.webmarocagency.com\/wp-content\/uploads\/2024\/02\/cropped-cropped-puppy-maroc-logo-rmv-2.png","width":958,"height":920,"caption":"puppymaroc.com"},"image":{"@id":"https:\/\/puppymaroc.webmarocagency.com\/#\/schema\/logo\/image\/"},"sameAs":["https:\/\/www.facebook.com\/PuppyMaroc?mibextid=ZbWKwL"]}]}},"_links":{"self":[{"href":"https:\/\/puppymaroc.webmarocagency.com\/index.php?rest_route=\/wp\/v2\/product\/2312","targetHints":{"allow":["GET"]}}],"collection":[{"href":"https:\/\/puppymaroc.webmarocagency.com\/index.php?rest_route=\/wp\/v2\/product"}],"about":[{"href":"https:\/\/puppymaroc.webmarocagency.com\/index.php?rest_route=\/wp\/v2\/types\/product"}],"replies":[{"embeddable":true,"href":"https:\/\/puppymaroc.webmarocagency.com\/index.php?rest_route=%2Fwp%2Fv2%2Fcomments&post=2312"}],"wp:featuredmedia":[{"embeddable":true,"href":"https:\/\/puppymaroc.webmarocagency.com\/index.php?rest_route=\/wp\/v2\/media\/2313"}],"wp:attachment":[{"href":"https:\/\/puppymaroc.webmarocagency.com\/index.php?rest_route=%2Fwp%2Fv2%2Fmedia&parent=2312"}],"wp:term":[{"taxonomy":"product_brand","embeddable":true,"href":"https:\/\/puppymaroc.webmarocagency.com\/index.php?rest_route=%2Fwp%2Fv2%2Fproduct_brand&post=2312"},{"taxonomy":"product_cat","embeddable":true,"href":"https:\/\/puppymaroc.webmarocagency.com\/index.php?rest_route=%2Fwp%2Fv2%2Fproduct_cat&post=2312"},{"taxonomy":"product_tag","embeddable":true,"href":"https:\/\/puppymaroc.webmarocagency.com\/index.php?rest_route=%2Fwp%2Fv2%2Fproduct_tag&post=2312"}],"curies":[{"name":"wp","href":"https:\/\/api.w.org\/{rel}","templated":true}]}}