{"id":2320,"date":"2024-09-22T12:51:10","date_gmt":"2024-09-22T11:51:10","guid":{"rendered":"https:\/\/puppymaroc.com\/?post_type=product&#038;p=2320"},"modified":"2025-08-05T19:20:59","modified_gmt":"2025-08-05T18:20:59","slug":"fluffy-sensitive-2kg","status":"publish","type":"product","link":"https:\/\/puppymaroc.webmarocagency.com\/?product=fluffy-sensitive-2kg","title":{"rendered":"FLUFFY SENSITIVE 2KG"},"content":{"rendered":"<h3>DOSE QUOTIDIENNE RECOMMAND\u00c9E<\/h3>\n<div class=\"table-wrapper\">\n<table border=\"2\" width=\"101\">\n<tbody>\n<tr>\n<td>LESTER<\/td>\n<td>MOINS ACTIF<\/td>\n<td>PLUS ACTIF<\/td>\n<\/tr>\n<tr>\n<td>2 kg<\/td>\n<td>40g<\/td>\n<td>30g<\/td>\n<\/tr>\n<tr>\n<td>4 kg<\/td>\n<td>60 g<\/td>\n<td>50 grammes<\/td>\n<\/tr>\n<tr>\n<td>6 kg<\/td>\n<td>85 grammes<\/td>\n<td>65g<\/td>\n<\/tr>\n<tr>\n<td>8 kg<\/td>\n<td>100g<\/td>\n<td>75 g<\/td>\n<\/tr>\n<\/tbody>\n<\/table>\n<\/div>\n<h3>COMPOSITION<\/h3>\n<p>Prot\u00e9ines de volaille d\u00e9shydrat\u00e9es (27%), ma\u00efs, riz (10%), graisse de volaille, farine de saumon (7%), bl\u00e9, son de bl\u00e9, gluten de ma\u00efs, pulpe de betterave (2,5%), foie de poulet hydrolys\u00e9, levure de bi\u00e8re, fibres alimentaires (1,8%), huile de poisson (1%), sel, citrate de potassium (3000 mg\/kg), fructo-oligosaccharides (2680 mg\/kg), glucosamine (800 mg\/kg), parois cellulaires de levure (source de manno-oligosaccharides 528 mg\/kg), chitosane, chondro\u00eftine (200 mg\/kg).<\/p>\n<h4>ADDITIFS\/KG<\/h4>\n<p>3a672a VITAMINE A 25 000 UI\u00a0;\u00a03a671 VITAMINE D3 900 UI\u00a0;\u00a03a700 VITAMINE E (alpha-tocoph\u00e9rol) 400 mg ;\u00a03a312 VITAMINE C 100 mg ;\u00a03a370 Taurine 1500 mg ;\u00a03a910 L-carnitine 200 mg ;\u00a03b103 Fer (sulfate de fer (II) monohydrat\u00e9) 100 mg\u00a0;\u00a03b603 Zinc (oxyde de zinc) 80 mg ;\u00a03b6.10 Ch\u00e9late de zinc 40 mg\u00a0;\u00a03b405 Cuivre (sulfate de cuivre(II) pentahydrat\u00e9) 6 mg ;\u00a03b4.10 Ch\u00e9late de cuivre 6 mg\u00a0;\u00a03b502 Mangan\u00e8se (oxyde de mangan\u00e8se) 25 mg\u00a0;\u00a03b5.10 Ch\u00e9late de mangan\u00e8se 10 mg\u00a0;\u00a03b201 Iode (iodure de potassium) 2 mg ;\u00a03b811 S\u00e9l\u00e9nium organique 0,3 mg.<\/p>\n<p>ADDITIFS TECHNOLOGIQUES<\/p>\n<p>Antioxydants (dont 80 mg\/kg d&rsquo;extrait de tocoph\u00e9ryle d&rsquo;huiles v\u00e9g\u00e9tales (1b306(i)) et conservateurs autoris\u00e9s dans l&rsquo;UE.<\/p>\n<p>ADDITIFS ORGANOLETIQUES<\/p>\n<p>Compos\u00e9s aromatisants (dont 60 mg\/kg d&rsquo;extrait de romarin, 500 mg\/kg d&rsquo;artichaut et 125 mg\/kg de Yucca schidigera) autoris\u00e9s dans l&rsquo;UE.<\/p>\n<h4>CONSTITUANTS ANALYTIQUES<\/h4>\n<p>Prot\u00e9ine brute 34\u00a0%\u00a0;\u00a0cellulose brute 3 % ;\u00a0mati\u00e8res grasses brutes 17\u00a0%\u00a0;\u00a0cendres brutes 7,5 % ;\u00a00,7 % d&rsquo;acides gras om\u00e9ga-3 ;\u00a02,0 % d&rsquo;acides gras om\u00e9ga-6 ;\u00a0EPA + DHA 0,45%<\/p>\n","protected":false},"excerpt":{"rendered":"<p><strong>Fluffy Sensitiv<\/strong>e\u00a0\u00a0est un aliment sec complet pour chat adulte, avec des antioxydants et des acides gras, pour prot\u00e9ger la peau et renforcer le syst\u00e8me immunitaire.\u00a0Les fibres alimentaires aident \u00e0 pr\u00e9venir la formation de boules de poils et de pr\u00e9biotiques, le riz et la pulpe de betterave favorisent une digestion s\u00fbre.\u00a0Cet aliment aide \u00e9galement \u00e0 prot\u00e9ger le syst\u00e8me urinaire<\/p>\n<h3>AVANTAGES<\/h3>\n<p>ANTIOXYDANTS NATURELS<\/p>\n<p>CONTR\u00d4LE DES BOULES DE POIL<\/p>\n<p>SANT\u00c9 URIN<\/p>\n<p>SANT\u00c9 DIGESTIVE<\/p>\n","protected":false},"featured_media":2322,"comment_status":"open","ping_status":"closed","template":"","meta":[],"product_brand":[],"product_cat":[74],"product_tag":[],"class_list":{"0":"post-2320","1":"product","2":"type-product","3":"status-publish","4":"has-post-thumbnail","6":"product_cat-alimentation-2","8":"first","9":"instock","10":"sale","11":"shipping-taxable","12":"purchasable","13":"product-type-simple"},"yoast_head":"<!-- This site is optimized with the Yoast SEO plugin v25.8 - https:\/\/yoast.com\/wordpress\/plugins\/seo\/ -->\n<title>FLUFFY SENSITIVE 2KG - puppymaroc.com<\/title>\n<meta name=\"robots\" content=\"index, follow, max-snippet:-1, max-image-preview:large, max-video-preview:-1\" \/>\n<link rel=\"canonical\" href=\"https:\/\/puppymaroc.webmarocagency.com\/?product=fluffy-sensitive-2kg\" \/>\n<meta property=\"og:locale\" content=\"fr_FR\" \/>\n<meta property=\"og:type\" content=\"article\" \/>\n<meta property=\"og:title\" content=\"FLUFFY SENSITIVE 2KG - puppymaroc.com\" \/>\n<meta property=\"og:description\" content=\"Fluffy Sensitive\u00a0\u00a0est un aliment sec complet pour chat adulte, avec des antioxydants et des acides gras, pour prot\u00e9ger la peau et renforcer le syst\u00e8me immunitaire.\u00a0Les fibres alimentaires aident \u00e0 pr\u00e9venir la formation de boules de poils et de pr\u00e9biotiques, le riz et la pulpe de betterave favorisent une digestion s\u00fbre.\u00a0Cet aliment aide \u00e9galement \u00e0 prot\u00e9ger le syst\u00e8me urinaire AVANTAGES ANTIOXYDANTS NATURELS  CONTR\u00d4LE DES BOULES DE POIL  SANT\u00c9 URIN  SANT\u00c9 DIGESTIVE\" \/>\n<meta property=\"og:url\" content=\"https:\/\/puppymaroc.webmarocagency.com\/?product=fluffy-sensitive-2kg\" \/>\n<meta property=\"og:site_name\" content=\"puppymaroc.com\" \/>\n<meta property=\"article:publisher\" content=\"https:\/\/www.facebook.com\/PuppyMaroc?mibextid=ZbWKwL\" \/>\n<meta property=\"article:modified_time\" content=\"2025-08-05T18:20:59+00:00\" \/>\n<meta property=\"og:image\" content=\"https:\/\/puppymaroc.webmarocagency.com\/wp-content\/uploads\/2024\/09\/background-puppy-maroc-75.png\" \/>\n\t<meta property=\"og:image:width\" content=\"1080\" \/>\n\t<meta property=\"og:image:height\" content=\"1080\" \/>\n\t<meta property=\"og:image:type\" content=\"image\/png\" \/>\n<meta name=\"twitter:card\" content=\"summary_large_image\" \/>\n<meta name=\"twitter:label1\" content=\"Dur\u00e9e de lecture estim\u00e9e\" \/>\n\t<meta name=\"twitter:data1\" content=\"1 minute\" \/>\n<script type=\"application\/ld+json\" class=\"yoast-schema-graph\">{\"@context\":\"https:\/\/schema.org\",\"@graph\":[{\"@type\":\"WebPage\",\"@id\":\"https:\/\/puppymaroc.webmarocagency.com\/?product=fluffy-sensitive-2kg\",\"url\":\"https:\/\/puppymaroc.webmarocagency.com\/?product=fluffy-sensitive-2kg\",\"name\":\"FLUFFY SENSITIVE 2KG - puppymaroc.com\",\"isPartOf\":{\"@id\":\"https:\/\/puppymaroc.webmarocagency.com\/#website\"},\"primaryImageOfPage\":{\"@id\":\"https:\/\/puppymaroc.webmarocagency.com\/?product=fluffy-sensitive-2kg#primaryimage\"},\"image\":{\"@id\":\"https:\/\/puppymaroc.webmarocagency.com\/?product=fluffy-sensitive-2kg#primaryimage\"},\"thumbnailUrl\":\"https:\/\/puppymaroc.webmarocagency.com\/wp-content\/uploads\/2024\/09\/background-puppy-maroc-75.png\",\"datePublished\":\"2024-09-22T11:51:10+00:00\",\"dateModified\":\"2025-08-05T18:20:59+00:00\",\"breadcrumb\":{\"@id\":\"https:\/\/puppymaroc.webmarocagency.com\/?product=fluffy-sensitive-2kg#breadcrumb\"},\"inLanguage\":\"fr-FR\",\"potentialAction\":[{\"@type\":\"ReadAction\",\"target\":[\"https:\/\/puppymaroc.webmarocagency.com\/?product=fluffy-sensitive-2kg\"]}]},{\"@type\":\"ImageObject\",\"inLanguage\":\"fr-FR\",\"@id\":\"https:\/\/puppymaroc.webmarocagency.com\/?product=fluffy-sensitive-2kg#primaryimage\",\"url\":\"https:\/\/puppymaroc.webmarocagency.com\/wp-content\/uploads\/2024\/09\/background-puppy-maroc-75.png\",\"contentUrl\":\"https:\/\/puppymaroc.webmarocagency.com\/wp-content\/uploads\/2024\/09\/background-puppy-maroc-75.png\",\"width\":1080,\"height\":1080},{\"@type\":\"BreadcrumbList\",\"@id\":\"https:\/\/puppymaroc.webmarocagency.com\/?product=fluffy-sensitive-2kg#breadcrumb\",\"itemListElement\":[{\"@type\":\"ListItem\",\"position\":1,\"name\":\"Accueil\",\"item\":\"https:\/\/puppymaroc.webmarocagency.com\/\"},{\"@type\":\"ListItem\",\"position\":2,\"name\":\"Produit\",\"item\":\"https:\/\/puppymaroc.webmarocagency.com\/?page_id=1561\"},{\"@type\":\"ListItem\",\"position\":3,\"name\":\"FLUFFY SENSITIVE 2KG\"}]},{\"@type\":\"WebSite\",\"@id\":\"https:\/\/puppymaroc.webmarocagency.com\/#website\",\"url\":\"https:\/\/puppymaroc.webmarocagency.com\/\",\"name\":\"puppymaroc.com\",\"description\":\"puppymaroc\",\"publisher\":{\"@id\":\"https:\/\/puppymaroc.webmarocagency.com\/#organization\"},\"potentialAction\":[{\"@type\":\"SearchAction\",\"target\":{\"@type\":\"EntryPoint\",\"urlTemplate\":\"https:\/\/puppymaroc.webmarocagency.com\/?s={search_term_string}\"},\"query-input\":{\"@type\":\"PropertyValueSpecification\",\"valueRequired\":true,\"valueName\":\"search_term_string\"}}],\"inLanguage\":\"fr-FR\"},{\"@type\":\"Organization\",\"@id\":\"https:\/\/puppymaroc.webmarocagency.com\/#organization\",\"name\":\"puppymaroc.com\",\"url\":\"https:\/\/puppymaroc.webmarocagency.com\/\",\"logo\":{\"@type\":\"ImageObject\",\"inLanguage\":\"fr-FR\",\"@id\":\"https:\/\/puppymaroc.webmarocagency.com\/#\/schema\/logo\/image\/\",\"url\":\"https:\/\/puppymaroc.webmarocagency.com\/wp-content\/uploads\/2024\/02\/cropped-cropped-puppy-maroc-logo-rmv-2.png\",\"contentUrl\":\"https:\/\/puppymaroc.webmarocagency.com\/wp-content\/uploads\/2024\/02\/cropped-cropped-puppy-maroc-logo-rmv-2.png\",\"width\":958,\"height\":920,\"caption\":\"puppymaroc.com\"},\"image\":{\"@id\":\"https:\/\/puppymaroc.webmarocagency.com\/#\/schema\/logo\/image\/\"},\"sameAs\":[\"https:\/\/www.facebook.com\/PuppyMaroc?mibextid=ZbWKwL\"]}]}<\/script>\n<!-- \/ Yoast SEO plugin. -->","yoast_head_json":{"title":"FLUFFY SENSITIVE 2KG - puppymaroc.com","robots":{"index":"index","follow":"follow","max-snippet":"max-snippet:-1","max-image-preview":"max-image-preview:large","max-video-preview":"max-video-preview:-1"},"canonical":"https:\/\/puppymaroc.webmarocagency.com\/?product=fluffy-sensitive-2kg","og_locale":"fr_FR","og_type":"article","og_title":"FLUFFY SENSITIVE 2KG - puppymaroc.com","og_description":"Fluffy Sensitive\u00a0\u00a0est un aliment sec complet pour chat adulte, avec des antioxydants et des acides gras, pour prot\u00e9ger la peau et renforcer le syst\u00e8me immunitaire.\u00a0Les fibres alimentaires aident \u00e0 pr\u00e9venir la formation de boules de poils et de pr\u00e9biotiques, le riz et la pulpe de betterave favorisent une digestion s\u00fbre.\u00a0Cet aliment aide \u00e9galement \u00e0 prot\u00e9ger le syst\u00e8me urinaire AVANTAGES ANTIOXYDANTS NATURELS  CONTR\u00d4LE DES BOULES DE POIL  SANT\u00c9 URIN  SANT\u00c9 DIGESTIVE","og_url":"https:\/\/puppymaroc.webmarocagency.com\/?product=fluffy-sensitive-2kg","og_site_name":"puppymaroc.com","article_publisher":"https:\/\/www.facebook.com\/PuppyMaroc?mibextid=ZbWKwL","article_modified_time":"2025-08-05T18:20:59+00:00","og_image":[{"width":1080,"height":1080,"url":"https:\/\/puppymaroc.webmarocagency.com\/wp-content\/uploads\/2024\/09\/background-puppy-maroc-75.png","type":"image\/png"}],"twitter_card":"summary_large_image","twitter_misc":{"Dur\u00e9e de lecture estim\u00e9e":"1 minute"},"schema":{"@context":"https:\/\/schema.org","@graph":[{"@type":"WebPage","@id":"https:\/\/puppymaroc.webmarocagency.com\/?product=fluffy-sensitive-2kg","url":"https:\/\/puppymaroc.webmarocagency.com\/?product=fluffy-sensitive-2kg","name":"FLUFFY SENSITIVE 2KG - puppymaroc.com","isPartOf":{"@id":"https:\/\/puppymaroc.webmarocagency.com\/#website"},"primaryImageOfPage":{"@id":"https:\/\/puppymaroc.webmarocagency.com\/?product=fluffy-sensitive-2kg#primaryimage"},"image":{"@id":"https:\/\/puppymaroc.webmarocagency.com\/?product=fluffy-sensitive-2kg#primaryimage"},"thumbnailUrl":"https:\/\/puppymaroc.webmarocagency.com\/wp-content\/uploads\/2024\/09\/background-puppy-maroc-75.png","datePublished":"2024-09-22T11:51:10+00:00","dateModified":"2025-08-05T18:20:59+00:00","breadcrumb":{"@id":"https:\/\/puppymaroc.webmarocagency.com\/?product=fluffy-sensitive-2kg#breadcrumb"},"inLanguage":"fr-FR","potentialAction":[{"@type":"ReadAction","target":["https:\/\/puppymaroc.webmarocagency.com\/?product=fluffy-sensitive-2kg"]}]},{"@type":"ImageObject","inLanguage":"fr-FR","@id":"https:\/\/puppymaroc.webmarocagency.com\/?product=fluffy-sensitive-2kg#primaryimage","url":"https:\/\/puppymaroc.webmarocagency.com\/wp-content\/uploads\/2024\/09\/background-puppy-maroc-75.png","contentUrl":"https:\/\/puppymaroc.webmarocagency.com\/wp-content\/uploads\/2024\/09\/background-puppy-maroc-75.png","width":1080,"height":1080},{"@type":"BreadcrumbList","@id":"https:\/\/puppymaroc.webmarocagency.com\/?product=fluffy-sensitive-2kg#breadcrumb","itemListElement":[{"@type":"ListItem","position":1,"name":"Accueil","item":"https:\/\/puppymaroc.webmarocagency.com\/"},{"@type":"ListItem","position":2,"name":"Produit","item":"https:\/\/puppymaroc.webmarocagency.com\/?page_id=1561"},{"@type":"ListItem","position":3,"name":"FLUFFY SENSITIVE 2KG"}]},{"@type":"WebSite","@id":"https:\/\/puppymaroc.webmarocagency.com\/#website","url":"https:\/\/puppymaroc.webmarocagency.com\/","name":"puppymaroc.com","description":"puppymaroc","publisher":{"@id":"https:\/\/puppymaroc.webmarocagency.com\/#organization"},"potentialAction":[{"@type":"SearchAction","target":{"@type":"EntryPoint","urlTemplate":"https:\/\/puppymaroc.webmarocagency.com\/?s={search_term_string}"},"query-input":{"@type":"PropertyValueSpecification","valueRequired":true,"valueName":"search_term_string"}}],"inLanguage":"fr-FR"},{"@type":"Organization","@id":"https:\/\/puppymaroc.webmarocagency.com\/#organization","name":"puppymaroc.com","url":"https:\/\/puppymaroc.webmarocagency.com\/","logo":{"@type":"ImageObject","inLanguage":"fr-FR","@id":"https:\/\/puppymaroc.webmarocagency.com\/#\/schema\/logo\/image\/","url":"https:\/\/puppymaroc.webmarocagency.com\/wp-content\/uploads\/2024\/02\/cropped-cropped-puppy-maroc-logo-rmv-2.png","contentUrl":"https:\/\/puppymaroc.webmarocagency.com\/wp-content\/uploads\/2024\/02\/cropped-cropped-puppy-maroc-logo-rmv-2.png","width":958,"height":920,"caption":"puppymaroc.com"},"image":{"@id":"https:\/\/puppymaroc.webmarocagency.com\/#\/schema\/logo\/image\/"},"sameAs":["https:\/\/www.facebook.com\/PuppyMaroc?mibextid=ZbWKwL"]}]}},"_links":{"self":[{"href":"https:\/\/puppymaroc.webmarocagency.com\/index.php?rest_route=\/wp\/v2\/product\/2320","targetHints":{"allow":["GET"]}}],"collection":[{"href":"https:\/\/puppymaroc.webmarocagency.com\/index.php?rest_route=\/wp\/v2\/product"}],"about":[{"href":"https:\/\/puppymaroc.webmarocagency.com\/index.php?rest_route=\/wp\/v2\/types\/product"}],"replies":[{"embeddable":true,"href":"https:\/\/puppymaroc.webmarocagency.com\/index.php?rest_route=%2Fwp%2Fv2%2Fcomments&post=2320"}],"wp:featuredmedia":[{"embeddable":true,"href":"https:\/\/puppymaroc.webmarocagency.com\/index.php?rest_route=\/wp\/v2\/media\/2322"}],"wp:attachment":[{"href":"https:\/\/puppymaroc.webmarocagency.com\/index.php?rest_route=%2Fwp%2Fv2%2Fmedia&parent=2320"}],"wp:term":[{"taxonomy":"product_brand","embeddable":true,"href":"https:\/\/puppymaroc.webmarocagency.com\/index.php?rest_route=%2Fwp%2Fv2%2Fproduct_brand&post=2320"},{"taxonomy":"product_cat","embeddable":true,"href":"https:\/\/puppymaroc.webmarocagency.com\/index.php?rest_route=%2Fwp%2Fv2%2Fproduct_cat&post=2320"},{"taxonomy":"product_tag","embeddable":true,"href":"https:\/\/puppymaroc.webmarocagency.com\/index.php?rest_route=%2Fwp%2Fv2%2Fproduct_tag&post=2320"}],"curies":[{"name":"wp","href":"https:\/\/api.w.org\/{rel}","templated":true}]}}