{"id":2342,"date":"2024-09-22T17:56:21","date_gmt":"2024-09-22T16:56:21","guid":{"rendered":"https:\/\/puppymaroc.com\/?post_type=product&#038;p=2342"},"modified":"2025-07-17T03:40:54","modified_gmt":"2025-07-17T02:40:54","slug":"flamingo-leckerli-pistole-mimzi-gris-neuf","status":"publish","type":"product","link":"https:\/\/puppymaroc.webmarocagency.com\/?product=flamingo-leckerli-pistole-mimzi-gris-neuf","title":{"rendered":"Flamingo Leckerli-Pistole Mimzi Gris"},"content":{"rendered":"","protected":false},"excerpt":{"rendered":"<div class=\"headline_font\">Description du produit<\/div>\n<div id=\"descct\" class=\"text_font\">\n<ul>\n<li>Pistolet \u00e0 friandises pour chiens<\/li>\n<li>plaisir interactif<\/li>\n<li>convient aux snacks d&rsquo;un diam\u00e8tre maximum de 10 mm<\/li>\n<li>Peut \u00eatre rempli via le couvercle amovible<\/li>\n<li>Tire des collations jusqu&rsquo;\u00e0 3 m\u00e8tres<\/li>\n<li>Mat\u00e9riel: Plastique<\/li>\n<li>Dimensions : 8 x 3,5 x 17 cm<\/li>\n<li>Couleur gris<\/li>\n<\/ul>\n<div><\/div>\n<div><img decoding=\"async\" src=\"https:\/\/dn.meintierdiscount.de\/media\/images\/spacer.gif\" height=\"10\" \/><\/div>\n<p>Vous souhaitez dresser votre chien sans vous salir les doigts ? Le Treat Launcher est la solution. Stockez les collations dans le lanceur et lancez-les en appuyant simplement sur un bouton. Id\u00e9al pour l&rsquo;entra\u00eenement ou les jeux. Facile \u00e0 transporter et parfait pour les d\u00e9placements. R\u00e9compensez votre chien d&rsquo;une mani\u00e8re amusante et propre.<\/p>\n<\/div>\n","protected":false},"featured_media":2343,"comment_status":"open","ping_status":"closed","template":"","meta":[],"product_brand":[],"product_cat":[70],"product_tag":[],"class_list":{"0":"post-2342","1":"product","2":"type-product","3":"status-publish","4":"has-post-thumbnail","6":"product_cat-jouets-chien","8":"first","9":"instock","10":"sale","11":"shipping-taxable","12":"purchasable","13":"product-type-simple"},"yoast_head":"<!-- This site is optimized with the Yoast SEO plugin v25.8 - https:\/\/yoast.com\/wordpress\/plugins\/seo\/ -->\n<title>Flamingo Leckerli-Pistole Mimzi Gris - puppymaroc.com<\/title>\n<meta name=\"robots\" content=\"index, follow, max-snippet:-1, max-image-preview:large, max-video-preview:-1\" \/>\n<link rel=\"canonical\" href=\"https:\/\/puppymaroc.webmarocagency.com\/?product=flamingo-leckerli-pistole-mimzi-gris-neuf\" \/>\n<meta property=\"og:locale\" content=\"fr_FR\" \/>\n<meta property=\"og:type\" content=\"article\" \/>\n<meta property=\"og:title\" content=\"Flamingo Leckerli-Pistole Mimzi Gris - puppymaroc.com\" \/>\n<meta property=\"og:description\" content=\"Description du produit    Pistolet \u00e0 friandises pour chiens  plaisir interactif  convient aux snacks d&#039;un diam\u00e8tre maximum de 10 mm  Peut \u00eatre rempli via le couvercle amovible  Tire des collations jusqu&#039;\u00e0 3 m\u00e8tres  Mat\u00e9riel: Plastique  Dimensions : 8 x 3,5 x 17 cm  Couleur gris    Vous souhaitez dresser votre chien sans vous salir les doigts ? Le Treat Launcher est la solution. Stockez les collations dans le lanceur et lancez-les en appuyant simplement sur un bouton. Id\u00e9al pour l&#039;entra\u00eenement ou les jeux. Facile \u00e0 transporter et parfait pour les d\u00e9placements. R\u00e9compensez votre chien d&#039;une mani\u00e8re amusante et propre.\" \/>\n<meta property=\"og:url\" content=\"https:\/\/puppymaroc.webmarocagency.com\/?product=flamingo-leckerli-pistole-mimzi-gris-neuf\" \/>\n<meta property=\"og:site_name\" content=\"puppymaroc.com\" \/>\n<meta property=\"article:publisher\" content=\"https:\/\/www.facebook.com\/PuppyMaroc?mibextid=ZbWKwL\" \/>\n<meta property=\"article:modified_time\" content=\"2025-07-17T02:40:54+00:00\" \/>\n<meta property=\"og:image\" content=\"https:\/\/puppymaroc.webmarocagency.com\/wp-content\/uploads\/2024\/09\/background-puppy-maroc-76.png\" \/>\n\t<meta property=\"og:image:width\" content=\"1080\" \/>\n\t<meta property=\"og:image:height\" content=\"1080\" \/>\n\t<meta property=\"og:image:type\" content=\"image\/png\" \/>\n<meta name=\"twitter:card\" content=\"summary_large_image\" \/>\n<script type=\"application\/ld+json\" class=\"yoast-schema-graph\">{\"@context\":\"https:\/\/schema.org\",\"@graph\":[{\"@type\":\"WebPage\",\"@id\":\"https:\/\/puppymaroc.webmarocagency.com\/?product=flamingo-leckerli-pistole-mimzi-gris-neuf\",\"url\":\"https:\/\/puppymaroc.webmarocagency.com\/?product=flamingo-leckerli-pistole-mimzi-gris-neuf\",\"name\":\"Flamingo Leckerli-Pistole Mimzi Gris - puppymaroc.com\",\"isPartOf\":{\"@id\":\"https:\/\/puppymaroc.webmarocagency.com\/#website\"},\"primaryImageOfPage\":{\"@id\":\"https:\/\/puppymaroc.webmarocagency.com\/?product=flamingo-leckerli-pistole-mimzi-gris-neuf#primaryimage\"},\"image\":{\"@id\":\"https:\/\/puppymaroc.webmarocagency.com\/?product=flamingo-leckerli-pistole-mimzi-gris-neuf#primaryimage\"},\"thumbnailUrl\":\"https:\/\/puppymaroc.webmarocagency.com\/wp-content\/uploads\/2024\/09\/background-puppy-maroc-76.png\",\"datePublished\":\"2024-09-22T16:56:21+00:00\",\"dateModified\":\"2025-07-17T02:40:54+00:00\",\"breadcrumb\":{\"@id\":\"https:\/\/puppymaroc.webmarocagency.com\/?product=flamingo-leckerli-pistole-mimzi-gris-neuf#breadcrumb\"},\"inLanguage\":\"fr-FR\",\"potentialAction\":[{\"@type\":\"ReadAction\",\"target\":[\"https:\/\/puppymaroc.webmarocagency.com\/?product=flamingo-leckerli-pistole-mimzi-gris-neuf\"]}]},{\"@type\":\"ImageObject\",\"inLanguage\":\"fr-FR\",\"@id\":\"https:\/\/puppymaroc.webmarocagency.com\/?product=flamingo-leckerli-pistole-mimzi-gris-neuf#primaryimage\",\"url\":\"https:\/\/puppymaroc.webmarocagency.com\/wp-content\/uploads\/2024\/09\/background-puppy-maroc-76.png\",\"contentUrl\":\"https:\/\/puppymaroc.webmarocagency.com\/wp-content\/uploads\/2024\/09\/background-puppy-maroc-76.png\",\"width\":1080,\"height\":1080},{\"@type\":\"BreadcrumbList\",\"@id\":\"https:\/\/puppymaroc.webmarocagency.com\/?product=flamingo-leckerli-pistole-mimzi-gris-neuf#breadcrumb\",\"itemListElement\":[{\"@type\":\"ListItem\",\"position\":1,\"name\":\"Accueil\",\"item\":\"https:\/\/puppymaroc.webmarocagency.com\/\"},{\"@type\":\"ListItem\",\"position\":2,\"name\":\"Produit\",\"item\":\"https:\/\/puppymaroc.webmarocagency.com\/?page_id=1561\"},{\"@type\":\"ListItem\",\"position\":3,\"name\":\"Flamingo Leckerli-Pistole Mimzi Gris\"}]},{\"@type\":\"WebSite\",\"@id\":\"https:\/\/puppymaroc.webmarocagency.com\/#website\",\"url\":\"https:\/\/puppymaroc.webmarocagency.com\/\",\"name\":\"puppymaroc.com\",\"description\":\"puppymaroc\",\"publisher\":{\"@id\":\"https:\/\/puppymaroc.webmarocagency.com\/#organization\"},\"potentialAction\":[{\"@type\":\"SearchAction\",\"target\":{\"@type\":\"EntryPoint\",\"urlTemplate\":\"https:\/\/puppymaroc.webmarocagency.com\/?s={search_term_string}\"},\"query-input\":{\"@type\":\"PropertyValueSpecification\",\"valueRequired\":true,\"valueName\":\"search_term_string\"}}],\"inLanguage\":\"fr-FR\"},{\"@type\":\"Organization\",\"@id\":\"https:\/\/puppymaroc.webmarocagency.com\/#organization\",\"name\":\"puppymaroc.com\",\"url\":\"https:\/\/puppymaroc.webmarocagency.com\/\",\"logo\":{\"@type\":\"ImageObject\",\"inLanguage\":\"fr-FR\",\"@id\":\"https:\/\/puppymaroc.webmarocagency.com\/#\/schema\/logo\/image\/\",\"url\":\"https:\/\/puppymaroc.webmarocagency.com\/wp-content\/uploads\/2024\/02\/cropped-cropped-puppy-maroc-logo-rmv-2.png\",\"contentUrl\":\"https:\/\/puppymaroc.webmarocagency.com\/wp-content\/uploads\/2024\/02\/cropped-cropped-puppy-maroc-logo-rmv-2.png\",\"width\":958,\"height\":920,\"caption\":\"puppymaroc.com\"},\"image\":{\"@id\":\"https:\/\/puppymaroc.webmarocagency.com\/#\/schema\/logo\/image\/\"},\"sameAs\":[\"https:\/\/www.facebook.com\/PuppyMaroc?mibextid=ZbWKwL\"]}]}<\/script>\n<!-- \/ Yoast SEO plugin. -->","yoast_head_json":{"title":"Flamingo Leckerli-Pistole Mimzi Gris - puppymaroc.com","robots":{"index":"index","follow":"follow","max-snippet":"max-snippet:-1","max-image-preview":"max-image-preview:large","max-video-preview":"max-video-preview:-1"},"canonical":"https:\/\/puppymaroc.webmarocagency.com\/?product=flamingo-leckerli-pistole-mimzi-gris-neuf","og_locale":"fr_FR","og_type":"article","og_title":"Flamingo Leckerli-Pistole Mimzi Gris - puppymaroc.com","og_description":"Description du produit    Pistolet \u00e0 friandises pour chiens  plaisir interactif  convient aux snacks d'un diam\u00e8tre maximum de 10 mm  Peut \u00eatre rempli via le couvercle amovible  Tire des collations jusqu'\u00e0 3 m\u00e8tres  Mat\u00e9riel: Plastique  Dimensions : 8 x 3,5 x 17 cm  Couleur gris    Vous souhaitez dresser votre chien sans vous salir les doigts ? Le Treat Launcher est la solution. Stockez les collations dans le lanceur et lancez-les en appuyant simplement sur un bouton. Id\u00e9al pour l'entra\u00eenement ou les jeux. Facile \u00e0 transporter et parfait pour les d\u00e9placements. R\u00e9compensez votre chien d'une mani\u00e8re amusante et propre.","og_url":"https:\/\/puppymaroc.webmarocagency.com\/?product=flamingo-leckerli-pistole-mimzi-gris-neuf","og_site_name":"puppymaroc.com","article_publisher":"https:\/\/www.facebook.com\/PuppyMaroc?mibextid=ZbWKwL","article_modified_time":"2025-07-17T02:40:54+00:00","og_image":[{"width":1080,"height":1080,"url":"https:\/\/puppymaroc.webmarocagency.com\/wp-content\/uploads\/2024\/09\/background-puppy-maroc-76.png","type":"image\/png"}],"twitter_card":"summary_large_image","schema":{"@context":"https:\/\/schema.org","@graph":[{"@type":"WebPage","@id":"https:\/\/puppymaroc.webmarocagency.com\/?product=flamingo-leckerli-pistole-mimzi-gris-neuf","url":"https:\/\/puppymaroc.webmarocagency.com\/?product=flamingo-leckerli-pistole-mimzi-gris-neuf","name":"Flamingo Leckerli-Pistole Mimzi Gris - puppymaroc.com","isPartOf":{"@id":"https:\/\/puppymaroc.webmarocagency.com\/#website"},"primaryImageOfPage":{"@id":"https:\/\/puppymaroc.webmarocagency.com\/?product=flamingo-leckerli-pistole-mimzi-gris-neuf#primaryimage"},"image":{"@id":"https:\/\/puppymaroc.webmarocagency.com\/?product=flamingo-leckerli-pistole-mimzi-gris-neuf#primaryimage"},"thumbnailUrl":"https:\/\/puppymaroc.webmarocagency.com\/wp-content\/uploads\/2024\/09\/background-puppy-maroc-76.png","datePublished":"2024-09-22T16:56:21+00:00","dateModified":"2025-07-17T02:40:54+00:00","breadcrumb":{"@id":"https:\/\/puppymaroc.webmarocagency.com\/?product=flamingo-leckerli-pistole-mimzi-gris-neuf#breadcrumb"},"inLanguage":"fr-FR","potentialAction":[{"@type":"ReadAction","target":["https:\/\/puppymaroc.webmarocagency.com\/?product=flamingo-leckerli-pistole-mimzi-gris-neuf"]}]},{"@type":"ImageObject","inLanguage":"fr-FR","@id":"https:\/\/puppymaroc.webmarocagency.com\/?product=flamingo-leckerli-pistole-mimzi-gris-neuf#primaryimage","url":"https:\/\/puppymaroc.webmarocagency.com\/wp-content\/uploads\/2024\/09\/background-puppy-maroc-76.png","contentUrl":"https:\/\/puppymaroc.webmarocagency.com\/wp-content\/uploads\/2024\/09\/background-puppy-maroc-76.png","width":1080,"height":1080},{"@type":"BreadcrumbList","@id":"https:\/\/puppymaroc.webmarocagency.com\/?product=flamingo-leckerli-pistole-mimzi-gris-neuf#breadcrumb","itemListElement":[{"@type":"ListItem","position":1,"name":"Accueil","item":"https:\/\/puppymaroc.webmarocagency.com\/"},{"@type":"ListItem","position":2,"name":"Produit","item":"https:\/\/puppymaroc.webmarocagency.com\/?page_id=1561"},{"@type":"ListItem","position":3,"name":"Flamingo Leckerli-Pistole Mimzi Gris"}]},{"@type":"WebSite","@id":"https:\/\/puppymaroc.webmarocagency.com\/#website","url":"https:\/\/puppymaroc.webmarocagency.com\/","name":"puppymaroc.com","description":"puppymaroc","publisher":{"@id":"https:\/\/puppymaroc.webmarocagency.com\/#organization"},"potentialAction":[{"@type":"SearchAction","target":{"@type":"EntryPoint","urlTemplate":"https:\/\/puppymaroc.webmarocagency.com\/?s={search_term_string}"},"query-input":{"@type":"PropertyValueSpecification","valueRequired":true,"valueName":"search_term_string"}}],"inLanguage":"fr-FR"},{"@type":"Organization","@id":"https:\/\/puppymaroc.webmarocagency.com\/#organization","name":"puppymaroc.com","url":"https:\/\/puppymaroc.webmarocagency.com\/","logo":{"@type":"ImageObject","inLanguage":"fr-FR","@id":"https:\/\/puppymaroc.webmarocagency.com\/#\/schema\/logo\/image\/","url":"https:\/\/puppymaroc.webmarocagency.com\/wp-content\/uploads\/2024\/02\/cropped-cropped-puppy-maroc-logo-rmv-2.png","contentUrl":"https:\/\/puppymaroc.webmarocagency.com\/wp-content\/uploads\/2024\/02\/cropped-cropped-puppy-maroc-logo-rmv-2.png","width":958,"height":920,"caption":"puppymaroc.com"},"image":{"@id":"https:\/\/puppymaroc.webmarocagency.com\/#\/schema\/logo\/image\/"},"sameAs":["https:\/\/www.facebook.com\/PuppyMaroc?mibextid=ZbWKwL"]}]}},"_links":{"self":[{"href":"https:\/\/puppymaroc.webmarocagency.com\/index.php?rest_route=\/wp\/v2\/product\/2342","targetHints":{"allow":["GET"]}}],"collection":[{"href":"https:\/\/puppymaroc.webmarocagency.com\/index.php?rest_route=\/wp\/v2\/product"}],"about":[{"href":"https:\/\/puppymaroc.webmarocagency.com\/index.php?rest_route=\/wp\/v2\/types\/product"}],"replies":[{"embeddable":true,"href":"https:\/\/puppymaroc.webmarocagency.com\/index.php?rest_route=%2Fwp%2Fv2%2Fcomments&post=2342"}],"wp:featuredmedia":[{"embeddable":true,"href":"https:\/\/puppymaroc.webmarocagency.com\/index.php?rest_route=\/wp\/v2\/media\/2343"}],"wp:attachment":[{"href":"https:\/\/puppymaroc.webmarocagency.com\/index.php?rest_route=%2Fwp%2Fv2%2Fmedia&parent=2342"}],"wp:term":[{"taxonomy":"product_brand","embeddable":true,"href":"https:\/\/puppymaroc.webmarocagency.com\/index.php?rest_route=%2Fwp%2Fv2%2Fproduct_brand&post=2342"},{"taxonomy":"product_cat","embeddable":true,"href":"https:\/\/puppymaroc.webmarocagency.com\/index.php?rest_route=%2Fwp%2Fv2%2Fproduct_cat&post=2342"},{"taxonomy":"product_tag","embeddable":true,"href":"https:\/\/puppymaroc.webmarocagency.com\/index.php?rest_route=%2Fwp%2Fv2%2Fproduct_tag&post=2342"}],"curies":[{"name":"wp","href":"https:\/\/api.w.org\/{rel}","templated":true}]}}