{"id":2345,"date":"2024-09-22T18:04:35","date_gmt":"2024-09-22T17:04:35","guid":{"rendered":"https:\/\/puppymaroc.com\/?post_type=product&#038;p=2345"},"modified":"2024-09-22T18:07:47","modified_gmt":"2024-09-22T17:07:47","slug":"jouet-en-caoutchouc-jaune-le-poulet-hurlant-healifty","status":"publish","type":"product","link":"https:\/\/puppymaroc.webmarocagency.com\/?product=jouet-en-caoutchouc-jaune-le-poulet-hurlant-healifty","title":{"rendered":"Jouet en Caoutchouc Jaune Le Poulet Hurlant Healifty"},"content":{"rendered":"<header class=\"-pvs -bb\">\n<h4 class=\"-fs20 -m -phm -pvxs\">Fiche technique<\/h4>\n<\/header>\n<div class=\"row -pas\">\n<article class=\"col8 -pvs\">\n<div class=\"card-b -fh\">\n<h4 class=\"hdr -upp -fs14 -m -pam\">Principales caract\u00e9ristiques<\/h4>\n<div class=\"markup -pam\">\n<ul>\n<li>Mat\u00e9riau : Caoutchouc respectueux de l&rsquo;environnement.<\/li>\n<li>Fonction : \u00c9met un son comique en le pressant.<\/li>\n<li>Couleur : Jaune vif avec un design de poulet.<\/li>\n<li>Utilisations : D\u00e9compression, divertissement, amusement pour adultes et enfants.<\/li>\n<li>longueur du produit : 17CM<\/li>\n<\/ul>\n<\/div>\n<\/div>\n<\/article>\n<article class=\"col8 -pvs\">\n<div class=\"card-b -fh\">\n<h4 class=\"hdr -upp -fs14 -m -pam\">Descriptif technique<\/h4>\n<ul class=\"-pvs -mvxs -phm -lsn\">\n<li class=\"-pvxs\"><span class=\"-b\">Poids (kg)<\/span>: 0.01<\/li>\n<li class=\"-pvxs\"><span class=\"-b\">Couleur<\/span>: jaune<\/li>\n<\/ul>\n<\/div>\n<\/article>\n<\/div>\n","protected":false},"excerpt":{"rendered":"<header class=\"-pvs -bb\">\n<h2 class=\"-fs20 -m -phm -pvxs\">D\u00e9tails<\/h2>\n<\/header>\n<div class=\"markup -mhm -pvl -oxa -sc\">Le Jouet en Caoutchouc Jaune pour D\u00e9compression Healifty est un accessoire amusant et apaisant. Fabriqu\u00e9 \u00e0 partir de caoutchouc respectueux de l&rsquo;environnement, il est \u00e0 la fois facile \u00e0 manipuler et durable, garantissant des heures de divertissement.\u00a0 Ce jouet en forme de poulet vous fera sourire gr\u00e2ce \u00e0 son cri comique, vous permettant de rel\u00e2cher la pression du travail ou des \u00e9tudes. Il suffit de presser ou d&rsquo;appuyer pour d\u00e9clencher un son hilarant.\u00a0 Avec son design de simulation r\u00e9aliste et son aspect brillant, ce jouet convient aussi bien aux adultes qu&rsquo;aux enfants. Il offre une vari\u00e9t\u00e9 d&rsquo;utilisations, que ce soit pour lutter contre l&rsquo;ennui, soulager le stress, divertir les amis ou jouer des tours amusants. Le Poulet Hurlant Healifty est l&rsquo;accessoire parfait pour \u00e9gayer votre journ\u00e9e.<\/div>\n","protected":false},"featured_media":2347,"comment_status":"open","ping_status":"closed","template":"","meta":[],"product_brand":[],"product_cat":[70,64],"product_tag":[],"class_list":{"0":"post-2345","1":"product","2":"type-product","3":"status-publish","4":"has-post-thumbnail","6":"product_cat-jouets-chien","7":"product_cat-jouets-chat","9":"first","10":"instock","11":"sale","12":"shipping-taxable","13":"purchasable","14":"product-type-simple"},"yoast_head":"<!-- This site is optimized with the Yoast SEO plugin v25.8 - https:\/\/yoast.com\/wordpress\/plugins\/seo\/ -->\n<title>Jouet en Caoutchouc Jaune Le Poulet Hurlant Healifty - puppymaroc.com<\/title>\n<meta name=\"robots\" content=\"index, follow, max-snippet:-1, max-image-preview:large, max-video-preview:-1\" \/>\n<link rel=\"canonical\" href=\"https:\/\/puppymaroc.webmarocagency.com\/?product=jouet-en-caoutchouc-jaune-le-poulet-hurlant-healifty\" \/>\n<meta property=\"og:locale\" content=\"fr_FR\" \/>\n<meta property=\"og:type\" content=\"article\" \/>\n<meta property=\"og:title\" content=\"Jouet en Caoutchouc Jaune Le Poulet Hurlant Healifty - puppymaroc.com\" \/>\n<meta property=\"og:description\" content=\"D\u00e9tails  Le Jouet en Caoutchouc Jaune pour D\u00e9compression Healifty est un accessoire amusant et apaisant. Fabriqu\u00e9 \u00e0 partir de caoutchouc respectueux de l&#039;environnement, il est \u00e0 la fois facile \u00e0 manipuler et durable, garantissant des heures de divertissement.\u00a0 Ce jouet en forme de poulet vous fera sourire gr\u00e2ce \u00e0 son cri comique, vous permettant de rel\u00e2cher la pression du travail ou des \u00e9tudes. Il suffit de presser ou d&#039;appuyer pour d\u00e9clencher un son hilarant.\u00a0 Avec son design de simulation r\u00e9aliste et son aspect brillant, ce jouet convient aussi bien aux adultes qu&#039;aux enfants. Il offre une vari\u00e9t\u00e9 d&#039;utilisations, que ce soit pour lutter contre l&#039;ennui, soulager le stress, divertir les amis ou jouer des tours amusants. Le Poulet Hurlant Healifty est l&#039;accessoire parfait pour \u00e9gayer votre journ\u00e9e.\" \/>\n<meta property=\"og:url\" content=\"https:\/\/puppymaroc.webmarocagency.com\/?product=jouet-en-caoutchouc-jaune-le-poulet-hurlant-healifty\" \/>\n<meta property=\"og:site_name\" content=\"puppymaroc.com\" \/>\n<meta property=\"article:publisher\" content=\"https:\/\/www.facebook.com\/PuppyMaroc?mibextid=ZbWKwL\" \/>\n<meta property=\"article:modified_time\" content=\"2024-09-22T17:07:47+00:00\" \/>\n<meta property=\"og:image\" content=\"https:\/\/puppymaroc.webmarocagency.com\/wp-content\/uploads\/2024\/09\/background-puppy-maroc-77.png\" \/>\n\t<meta property=\"og:image:width\" content=\"1080\" \/>\n\t<meta property=\"og:image:height\" content=\"1080\" \/>\n\t<meta property=\"og:image:type\" content=\"image\/png\" \/>\n<meta name=\"twitter:card\" content=\"summary_large_image\" \/>\n<script type=\"application\/ld+json\" class=\"yoast-schema-graph\">{\"@context\":\"https:\/\/schema.org\",\"@graph\":[{\"@type\":\"WebPage\",\"@id\":\"https:\/\/puppymaroc.webmarocagency.com\/?product=jouet-en-caoutchouc-jaune-le-poulet-hurlant-healifty\",\"url\":\"https:\/\/puppymaroc.webmarocagency.com\/?product=jouet-en-caoutchouc-jaune-le-poulet-hurlant-healifty\",\"name\":\"Jouet en Caoutchouc Jaune Le Poulet Hurlant Healifty - puppymaroc.com\",\"isPartOf\":{\"@id\":\"https:\/\/puppymaroc.webmarocagency.com\/#website\"},\"primaryImageOfPage\":{\"@id\":\"https:\/\/puppymaroc.webmarocagency.com\/?product=jouet-en-caoutchouc-jaune-le-poulet-hurlant-healifty#primaryimage\"},\"image\":{\"@id\":\"https:\/\/puppymaroc.webmarocagency.com\/?product=jouet-en-caoutchouc-jaune-le-poulet-hurlant-healifty#primaryimage\"},\"thumbnailUrl\":\"https:\/\/puppymaroc.webmarocagency.com\/wp-content\/uploads\/2024\/09\/background-puppy-maroc-77.png\",\"datePublished\":\"2024-09-22T17:04:35+00:00\",\"dateModified\":\"2024-09-22T17:07:47+00:00\",\"breadcrumb\":{\"@id\":\"https:\/\/puppymaroc.webmarocagency.com\/?product=jouet-en-caoutchouc-jaune-le-poulet-hurlant-healifty#breadcrumb\"},\"inLanguage\":\"fr-FR\",\"potentialAction\":[{\"@type\":\"ReadAction\",\"target\":[\"https:\/\/puppymaroc.webmarocagency.com\/?product=jouet-en-caoutchouc-jaune-le-poulet-hurlant-healifty\"]}]},{\"@type\":\"ImageObject\",\"inLanguage\":\"fr-FR\",\"@id\":\"https:\/\/puppymaroc.webmarocagency.com\/?product=jouet-en-caoutchouc-jaune-le-poulet-hurlant-healifty#primaryimage\",\"url\":\"https:\/\/puppymaroc.webmarocagency.com\/wp-content\/uploads\/2024\/09\/background-puppy-maroc-77.png\",\"contentUrl\":\"https:\/\/puppymaroc.webmarocagency.com\/wp-content\/uploads\/2024\/09\/background-puppy-maroc-77.png\",\"width\":1080,\"height\":1080},{\"@type\":\"BreadcrumbList\",\"@id\":\"https:\/\/puppymaroc.webmarocagency.com\/?product=jouet-en-caoutchouc-jaune-le-poulet-hurlant-healifty#breadcrumb\",\"itemListElement\":[{\"@type\":\"ListItem\",\"position\":1,\"name\":\"Accueil\",\"item\":\"https:\/\/puppymaroc.webmarocagency.com\/\"},{\"@type\":\"ListItem\",\"position\":2,\"name\":\"Produit\",\"item\":\"https:\/\/puppymaroc.webmarocagency.com\/?page_id=1561\"},{\"@type\":\"ListItem\",\"position\":3,\"name\":\"Jouet en Caoutchouc Jaune Le Poulet Hurlant Healifty\"}]},{\"@type\":\"WebSite\",\"@id\":\"https:\/\/puppymaroc.webmarocagency.com\/#website\",\"url\":\"https:\/\/puppymaroc.webmarocagency.com\/\",\"name\":\"puppymaroc.com\",\"description\":\"puppymaroc\",\"publisher\":{\"@id\":\"https:\/\/puppymaroc.webmarocagency.com\/#organization\"},\"potentialAction\":[{\"@type\":\"SearchAction\",\"target\":{\"@type\":\"EntryPoint\",\"urlTemplate\":\"https:\/\/puppymaroc.webmarocagency.com\/?s={search_term_string}\"},\"query-input\":{\"@type\":\"PropertyValueSpecification\",\"valueRequired\":true,\"valueName\":\"search_term_string\"}}],\"inLanguage\":\"fr-FR\"},{\"@type\":\"Organization\",\"@id\":\"https:\/\/puppymaroc.webmarocagency.com\/#organization\",\"name\":\"puppymaroc.com\",\"url\":\"https:\/\/puppymaroc.webmarocagency.com\/\",\"logo\":{\"@type\":\"ImageObject\",\"inLanguage\":\"fr-FR\",\"@id\":\"https:\/\/puppymaroc.webmarocagency.com\/#\/schema\/logo\/image\/\",\"url\":\"https:\/\/puppymaroc.webmarocagency.com\/wp-content\/uploads\/2024\/02\/cropped-cropped-puppy-maroc-logo-rmv-2.png\",\"contentUrl\":\"https:\/\/puppymaroc.webmarocagency.com\/wp-content\/uploads\/2024\/02\/cropped-cropped-puppy-maroc-logo-rmv-2.png\",\"width\":958,\"height\":920,\"caption\":\"puppymaroc.com\"},\"image\":{\"@id\":\"https:\/\/puppymaroc.webmarocagency.com\/#\/schema\/logo\/image\/\"},\"sameAs\":[\"https:\/\/www.facebook.com\/PuppyMaroc?mibextid=ZbWKwL\"]}]}<\/script>\n<!-- \/ Yoast SEO plugin. -->","yoast_head_json":{"title":"Jouet en Caoutchouc Jaune Le Poulet Hurlant Healifty - puppymaroc.com","robots":{"index":"index","follow":"follow","max-snippet":"max-snippet:-1","max-image-preview":"max-image-preview:large","max-video-preview":"max-video-preview:-1"},"canonical":"https:\/\/puppymaroc.webmarocagency.com\/?product=jouet-en-caoutchouc-jaune-le-poulet-hurlant-healifty","og_locale":"fr_FR","og_type":"article","og_title":"Jouet en Caoutchouc Jaune Le Poulet Hurlant Healifty - puppymaroc.com","og_description":"D\u00e9tails  Le Jouet en Caoutchouc Jaune pour D\u00e9compression Healifty est un accessoire amusant et apaisant. Fabriqu\u00e9 \u00e0 partir de caoutchouc respectueux de l'environnement, il est \u00e0 la fois facile \u00e0 manipuler et durable, garantissant des heures de divertissement.\u00a0 Ce jouet en forme de poulet vous fera sourire gr\u00e2ce \u00e0 son cri comique, vous permettant de rel\u00e2cher la pression du travail ou des \u00e9tudes. Il suffit de presser ou d'appuyer pour d\u00e9clencher un son hilarant.\u00a0 Avec son design de simulation r\u00e9aliste et son aspect brillant, ce jouet convient aussi bien aux adultes qu'aux enfants. Il offre une vari\u00e9t\u00e9 d'utilisations, que ce soit pour lutter contre l'ennui, soulager le stress, divertir les amis ou jouer des tours amusants. Le Poulet Hurlant Healifty est l'accessoire parfait pour \u00e9gayer votre journ\u00e9e.","og_url":"https:\/\/puppymaroc.webmarocagency.com\/?product=jouet-en-caoutchouc-jaune-le-poulet-hurlant-healifty","og_site_name":"puppymaroc.com","article_publisher":"https:\/\/www.facebook.com\/PuppyMaroc?mibextid=ZbWKwL","article_modified_time":"2024-09-22T17:07:47+00:00","og_image":[{"width":1080,"height":1080,"url":"https:\/\/puppymaroc.webmarocagency.com\/wp-content\/uploads\/2024\/09\/background-puppy-maroc-77.png","type":"image\/png"}],"twitter_card":"summary_large_image","schema":{"@context":"https:\/\/schema.org","@graph":[{"@type":"WebPage","@id":"https:\/\/puppymaroc.webmarocagency.com\/?product=jouet-en-caoutchouc-jaune-le-poulet-hurlant-healifty","url":"https:\/\/puppymaroc.webmarocagency.com\/?product=jouet-en-caoutchouc-jaune-le-poulet-hurlant-healifty","name":"Jouet en Caoutchouc Jaune Le Poulet Hurlant Healifty - puppymaroc.com","isPartOf":{"@id":"https:\/\/puppymaroc.webmarocagency.com\/#website"},"primaryImageOfPage":{"@id":"https:\/\/puppymaroc.webmarocagency.com\/?product=jouet-en-caoutchouc-jaune-le-poulet-hurlant-healifty#primaryimage"},"image":{"@id":"https:\/\/puppymaroc.webmarocagency.com\/?product=jouet-en-caoutchouc-jaune-le-poulet-hurlant-healifty#primaryimage"},"thumbnailUrl":"https:\/\/puppymaroc.webmarocagency.com\/wp-content\/uploads\/2024\/09\/background-puppy-maroc-77.png","datePublished":"2024-09-22T17:04:35+00:00","dateModified":"2024-09-22T17:07:47+00:00","breadcrumb":{"@id":"https:\/\/puppymaroc.webmarocagency.com\/?product=jouet-en-caoutchouc-jaune-le-poulet-hurlant-healifty#breadcrumb"},"inLanguage":"fr-FR","potentialAction":[{"@type":"ReadAction","target":["https:\/\/puppymaroc.webmarocagency.com\/?product=jouet-en-caoutchouc-jaune-le-poulet-hurlant-healifty"]}]},{"@type":"ImageObject","inLanguage":"fr-FR","@id":"https:\/\/puppymaroc.webmarocagency.com\/?product=jouet-en-caoutchouc-jaune-le-poulet-hurlant-healifty#primaryimage","url":"https:\/\/puppymaroc.webmarocagency.com\/wp-content\/uploads\/2024\/09\/background-puppy-maroc-77.png","contentUrl":"https:\/\/puppymaroc.webmarocagency.com\/wp-content\/uploads\/2024\/09\/background-puppy-maroc-77.png","width":1080,"height":1080},{"@type":"BreadcrumbList","@id":"https:\/\/puppymaroc.webmarocagency.com\/?product=jouet-en-caoutchouc-jaune-le-poulet-hurlant-healifty#breadcrumb","itemListElement":[{"@type":"ListItem","position":1,"name":"Accueil","item":"https:\/\/puppymaroc.webmarocagency.com\/"},{"@type":"ListItem","position":2,"name":"Produit","item":"https:\/\/puppymaroc.webmarocagency.com\/?page_id=1561"},{"@type":"ListItem","position":3,"name":"Jouet en Caoutchouc Jaune Le Poulet Hurlant Healifty"}]},{"@type":"WebSite","@id":"https:\/\/puppymaroc.webmarocagency.com\/#website","url":"https:\/\/puppymaroc.webmarocagency.com\/","name":"puppymaroc.com","description":"puppymaroc","publisher":{"@id":"https:\/\/puppymaroc.webmarocagency.com\/#organization"},"potentialAction":[{"@type":"SearchAction","target":{"@type":"EntryPoint","urlTemplate":"https:\/\/puppymaroc.webmarocagency.com\/?s={search_term_string}"},"query-input":{"@type":"PropertyValueSpecification","valueRequired":true,"valueName":"search_term_string"}}],"inLanguage":"fr-FR"},{"@type":"Organization","@id":"https:\/\/puppymaroc.webmarocagency.com\/#organization","name":"puppymaroc.com","url":"https:\/\/puppymaroc.webmarocagency.com\/","logo":{"@type":"ImageObject","inLanguage":"fr-FR","@id":"https:\/\/puppymaroc.webmarocagency.com\/#\/schema\/logo\/image\/","url":"https:\/\/puppymaroc.webmarocagency.com\/wp-content\/uploads\/2024\/02\/cropped-cropped-puppy-maroc-logo-rmv-2.png","contentUrl":"https:\/\/puppymaroc.webmarocagency.com\/wp-content\/uploads\/2024\/02\/cropped-cropped-puppy-maroc-logo-rmv-2.png","width":958,"height":920,"caption":"puppymaroc.com"},"image":{"@id":"https:\/\/puppymaroc.webmarocagency.com\/#\/schema\/logo\/image\/"},"sameAs":["https:\/\/www.facebook.com\/PuppyMaroc?mibextid=ZbWKwL"]}]}},"_links":{"self":[{"href":"https:\/\/puppymaroc.webmarocagency.com\/index.php?rest_route=\/wp\/v2\/product\/2345","targetHints":{"allow":["GET"]}}],"collection":[{"href":"https:\/\/puppymaroc.webmarocagency.com\/index.php?rest_route=\/wp\/v2\/product"}],"about":[{"href":"https:\/\/puppymaroc.webmarocagency.com\/index.php?rest_route=\/wp\/v2\/types\/product"}],"replies":[{"embeddable":true,"href":"https:\/\/puppymaroc.webmarocagency.com\/index.php?rest_route=%2Fwp%2Fv2%2Fcomments&post=2345"}],"wp:featuredmedia":[{"embeddable":true,"href":"https:\/\/puppymaroc.webmarocagency.com\/index.php?rest_route=\/wp\/v2\/media\/2347"}],"wp:attachment":[{"href":"https:\/\/puppymaroc.webmarocagency.com\/index.php?rest_route=%2Fwp%2Fv2%2Fmedia&parent=2345"}],"wp:term":[{"taxonomy":"product_brand","embeddable":true,"href":"https:\/\/puppymaroc.webmarocagency.com\/index.php?rest_route=%2Fwp%2Fv2%2Fproduct_brand&post=2345"},{"taxonomy":"product_cat","embeddable":true,"href":"https:\/\/puppymaroc.webmarocagency.com\/index.php?rest_route=%2Fwp%2Fv2%2Fproduct_cat&post=2345"},{"taxonomy":"product_tag","embeddable":true,"href":"https:\/\/puppymaroc.webmarocagency.com\/index.php?rest_route=%2Fwp%2Fv2%2Fproduct_tag&post=2345"}],"curies":[{"name":"wp","href":"https:\/\/api.w.org\/{rel}","templated":true}]}}