{"id":2348,"date":"2024-09-22T22:31:41","date_gmt":"2024-09-22T21:31:41","guid":{"rendered":"https:\/\/puppymaroc.com\/?post_type=product&#038;p=2348"},"modified":"2025-09-01T18:05:01","modified_gmt":"2025-09-01T17:05:01","slug":"jouet-laser-interactif-pour-chat-dancing-dot","status":"publish","type":"product","link":"https:\/\/puppymaroc.webmarocagency.com\/?product=jouet-laser-interactif-pour-chat-dancing-dot","title":{"rendered":"Jouet Laser Interactif pour Chat Dancing Dot"},"content":{"rendered":"<div class=\"o-text\">\n<p>ANS DANGER POUR LES ANIMAUX: Dancing Dot comprend un laser certifi\u00e9 de ClasseI totalement sans danger pour votre animal et n\u00e9cessite 3pilesAAA (non fournies)DEUXMODES DE JEU: les options Jouer une seule fois et Jeu en continu stimulent votre animal, m\u00eame en votre absenceJEU EN HAUTEUR: positionnez le jouet en hauteur sur une surface plane ou pendez-le \u00e0 une poign\u00e9e de porte pour un mouvement plus large et rapideMODE<\/p>\n<\/div>\n<table class=\"table table--fpDescTb\" role=\"table\" aria-label=\"Caract\u00e9ristiques du produit\">\n<caption class=\"u-visually-hidden\">Tableau de caract\u00e9ristiques du produit<\/caption>\n<thead class=\"table__header u-visually-hidden\" role=\"rowgroup\">\n<tr class=\"table__row\" role=\"row\">\n<th class=\"table__cell\" role=\"columnheader\" scope=\"col\" aria-sort=\"none\" aria-rowindex=\"1\">Caract\u00e9ristique<\/th>\n<th class=\"table__cell\" role=\"columnheader\" scope=\"col\" aria-sort=\"none\" aria-rowindex=\"1\">Description<\/th>\n<\/tr>\n<\/thead>\n<tbody class=\"table__body\" role=\"rowgroup\">\n<tr class=\"table__row\" role=\"row\">\n<th class=\"table__head\" role=\"cell\" colspan=\"2\" scope=\"col\">Informations g\u00e9n\u00e9rales sur le produit<\/th>\n<\/tr>\n<tr class=\"table__row\" role=\"row\">\n<th class=\"table__cell\" role=\"cell\" scope=\"row\">Marque<\/th>\n<td class=\"table__cell\" role=\"cell\">AUCUNE<\/td>\n<\/tr>\n<tr class=\"table__row\" role=\"row\">\n<th class=\"table__cell\" role=\"cell\" scope=\"row\">Nom du produit<\/th>\n<td class=\"table__cell\" role=\"cell\">Jouet Laser Interactif pour Chat Dancing Dot avec 2 Modes de Jeu, 2 Positionnements. S\u00fbr pour votre chat, facile \u00e0 util r, \u00e0 p[155]<\/td>\n<\/tr>\n<tr class=\"table__row\" role=\"row\">\n<th class=\"table__cell\" role=\"cell\" scope=\"row\">Cat\u00e9gorie<\/th>\n<td class=\"table__cell\" role=\"cell\">JOUET<\/td>\n<\/tr>\n<tr class=\"table__row\" role=\"row\">\n<th class=\"table__head\" role=\"cell\" colspan=\"2\" scope=\"col\">G\u00e9n\u00e9ral<\/th>\n<\/tr>\n<tr class=\"table__row\" role=\"row\">\n<th class=\"table__cell\" role=\"cell\" scope=\"row\">Animal<\/th>\n<td class=\"table__cell\" role=\"cell\">Chat<\/td>\n<\/tr>\n<\/tbody>\n<\/table>\n","protected":false},"excerpt":{"rendered":"<ul id=\"ProductSheetAccordion\" class=\"c-accordion-v2 js-accordion\" data-animation=\"on\" data-multi-items=\"on\" data-version=\"v2\">\n<li class=\"c-accordion-v2__item js-accordion__item c-accordion-v2__item--is-open\">\n<h4>Pr\u00e9sentation du produit<\/h4>\n<div id=\"ProductSheetAccordion-content-0\" class=\"c-accordion-v2__panel u-p-lg js-accordion__panel\" aria-labelledby=\"ProductSheetAccordion-header-0\">\n<div id=\"ourOpinion\">SANS DANGER POUR LES ANIMAUX: Dancing Dot comprend un laser certifi\u00e9 de ClasseI totalement sans danger pour votre animal et n\u00e9cessite 3pilesAAA (non fournies)<br \/>\nDEUXMODES DE JEU: les options Jouer une seule fois et Jeu en continu stimulent votre animal, m\u00eame en votre absence<br \/>\nJEU EN HAUTEUR: positionnez le jouet en hauteur sur une surface plane ou pendez-le \u00e0 une poign\u00e9e de porte pour un mouvement plus large et rapide<br \/>\nMODE REPOS: avec le mode Jeu en continu, les sessions de jeu durent 15minutes et sont entrecoup\u00e9es de pauses pour que votre chat ne soit pas trop stimul\u00e9 et que le jeu reste palpitant<br \/>\nMODE DE VIE SAIN: les faisceaux et les mouvements du laser stimulent et amusent votre chat en r\u00e9veillant ses instincts qui l&rsquo;incitent \u00e0 courir, chasser et bondir<br \/>\nRemarque : Veuillez vous r\u00e9f\u00e9rer au manuel pour la position des piles et util r des piles de bonne qualit<\/div>\n<\/div>\n<\/li>\n<\/ul>\n","protected":false},"featured_media":2349,"comment_status":"open","ping_status":"closed","template":"","meta":[],"product_brand":[],"product_cat":[64],"product_tag":[],"class_list":{"0":"post-2348","1":"product","2":"type-product","3":"status-publish","4":"has-post-thumbnail","6":"product_cat-jouets-chat","8":"first","9":"instock","10":"sale","11":"shipping-taxable","12":"purchasable","13":"product-type-simple"},"yoast_head":"<!-- This site is optimized with the Yoast SEO plugin v25.8 - https:\/\/yoast.com\/wordpress\/plugins\/seo\/ -->\n<title>Jouet Laser Interactif pour Chat Dancing Dot - puppymaroc.com<\/title>\n<meta name=\"robots\" content=\"index, follow, max-snippet:-1, max-image-preview:large, max-video-preview:-1\" \/>\n<link rel=\"canonical\" href=\"https:\/\/puppymaroc.webmarocagency.com\/?product=jouet-laser-interactif-pour-chat-dancing-dot\" \/>\n<meta property=\"og:locale\" content=\"fr_FR\" \/>\n<meta property=\"og:type\" content=\"article\" \/>\n<meta property=\"og:title\" content=\"Jouet Laser Interactif pour Chat Dancing Dot - puppymaroc.com\" \/>\n<meta property=\"og:description\" content=\"Pr\u00e9sentation du produit  SANS DANGER POUR LES ANIMAUX: Dancing Dot comprend un laser certifi\u00e9 de ClasseI totalement sans danger pour votre animal et n\u00e9cessite 3pilesAAA (non fournies) DEUXMODES DE JEU: les options Jouer une seule fois et Jeu en continu stimulent votre animal, m\u00eame en votre absence JEU EN HAUTEUR: positionnez le jouet en hauteur sur une surface plane ou pendez-le \u00e0 une poign\u00e9e de porte pour un mouvement plus large et rapide MODE REPOS: avec le mode Jeu en continu, les sessions de jeu durent 15minutes et sont entrecoup\u00e9es de pauses pour que votre chat ne soit pas trop stimul\u00e9 et que le jeu reste palpitant MODE DE VIE SAIN: les faisceaux et les mouvements du laser stimulent et amusent votre chat en r\u00e9veillant ses instincts qui l&#039;incitent \u00e0 courir, chasser et bondir Remarque : Veuillez vous r\u00e9f\u00e9rer au manuel pour la position des piles et util r des piles de bonne qualit\" \/>\n<meta property=\"og:url\" content=\"https:\/\/puppymaroc.webmarocagency.com\/?product=jouet-laser-interactif-pour-chat-dancing-dot\" \/>\n<meta property=\"og:site_name\" content=\"puppymaroc.com\" \/>\n<meta property=\"article:publisher\" content=\"https:\/\/www.facebook.com\/PuppyMaroc?mibextid=ZbWKwL\" \/>\n<meta property=\"article:modified_time\" content=\"2025-09-01T17:05:01+00:00\" \/>\n<meta property=\"og:image\" content=\"https:\/\/puppymaroc.webmarocagency.com\/wp-content\/uploads\/2024\/09\/background-puppy-maroc-78.png\" \/>\n\t<meta property=\"og:image:width\" content=\"1080\" \/>\n\t<meta property=\"og:image:height\" content=\"1080\" \/>\n\t<meta property=\"og:image:type\" content=\"image\/png\" \/>\n<meta name=\"twitter:card\" content=\"summary_large_image\" \/>\n<meta name=\"twitter:label1\" content=\"Dur\u00e9e de lecture estim\u00e9e\" \/>\n\t<meta name=\"twitter:data1\" content=\"1 minute\" \/>\n<script type=\"application\/ld+json\" class=\"yoast-schema-graph\">{\"@context\":\"https:\/\/schema.org\",\"@graph\":[{\"@type\":\"WebPage\",\"@id\":\"https:\/\/puppymaroc.webmarocagency.com\/?product=jouet-laser-interactif-pour-chat-dancing-dot\",\"url\":\"https:\/\/puppymaroc.webmarocagency.com\/?product=jouet-laser-interactif-pour-chat-dancing-dot\",\"name\":\"Jouet Laser Interactif pour Chat Dancing Dot - puppymaroc.com\",\"isPartOf\":{\"@id\":\"https:\/\/puppymaroc.webmarocagency.com\/#website\"},\"primaryImageOfPage\":{\"@id\":\"https:\/\/puppymaroc.webmarocagency.com\/?product=jouet-laser-interactif-pour-chat-dancing-dot#primaryimage\"},\"image\":{\"@id\":\"https:\/\/puppymaroc.webmarocagency.com\/?product=jouet-laser-interactif-pour-chat-dancing-dot#primaryimage\"},\"thumbnailUrl\":\"https:\/\/puppymaroc.webmarocagency.com\/wp-content\/uploads\/2024\/09\/background-puppy-maroc-78.png\",\"datePublished\":\"2024-09-22T21:31:41+00:00\",\"dateModified\":\"2025-09-01T17:05:01+00:00\",\"breadcrumb\":{\"@id\":\"https:\/\/puppymaroc.webmarocagency.com\/?product=jouet-laser-interactif-pour-chat-dancing-dot#breadcrumb\"},\"inLanguage\":\"fr-FR\",\"potentialAction\":[{\"@type\":\"ReadAction\",\"target\":[\"https:\/\/puppymaroc.webmarocagency.com\/?product=jouet-laser-interactif-pour-chat-dancing-dot\"]}]},{\"@type\":\"ImageObject\",\"inLanguage\":\"fr-FR\",\"@id\":\"https:\/\/puppymaroc.webmarocagency.com\/?product=jouet-laser-interactif-pour-chat-dancing-dot#primaryimage\",\"url\":\"https:\/\/puppymaroc.webmarocagency.com\/wp-content\/uploads\/2024\/09\/background-puppy-maroc-78.png\",\"contentUrl\":\"https:\/\/puppymaroc.webmarocagency.com\/wp-content\/uploads\/2024\/09\/background-puppy-maroc-78.png\",\"width\":1080,\"height\":1080},{\"@type\":\"BreadcrumbList\",\"@id\":\"https:\/\/puppymaroc.webmarocagency.com\/?product=jouet-laser-interactif-pour-chat-dancing-dot#breadcrumb\",\"itemListElement\":[{\"@type\":\"ListItem\",\"position\":1,\"name\":\"Accueil\",\"item\":\"https:\/\/puppymaroc.webmarocagency.com\/\"},{\"@type\":\"ListItem\",\"position\":2,\"name\":\"Produit\",\"item\":\"https:\/\/puppymaroc.webmarocagency.com\/?page_id=1561\"},{\"@type\":\"ListItem\",\"position\":3,\"name\":\"Jouet Laser Interactif pour Chat Dancing Dot\"}]},{\"@type\":\"WebSite\",\"@id\":\"https:\/\/puppymaroc.webmarocagency.com\/#website\",\"url\":\"https:\/\/puppymaroc.webmarocagency.com\/\",\"name\":\"puppymaroc.com\",\"description\":\"puppymaroc\",\"publisher\":{\"@id\":\"https:\/\/puppymaroc.webmarocagency.com\/#organization\"},\"potentialAction\":[{\"@type\":\"SearchAction\",\"target\":{\"@type\":\"EntryPoint\",\"urlTemplate\":\"https:\/\/puppymaroc.webmarocagency.com\/?s={search_term_string}\"},\"query-input\":{\"@type\":\"PropertyValueSpecification\",\"valueRequired\":true,\"valueName\":\"search_term_string\"}}],\"inLanguage\":\"fr-FR\"},{\"@type\":\"Organization\",\"@id\":\"https:\/\/puppymaroc.webmarocagency.com\/#organization\",\"name\":\"puppymaroc.com\",\"url\":\"https:\/\/puppymaroc.webmarocagency.com\/\",\"logo\":{\"@type\":\"ImageObject\",\"inLanguage\":\"fr-FR\",\"@id\":\"https:\/\/puppymaroc.webmarocagency.com\/#\/schema\/logo\/image\/\",\"url\":\"https:\/\/puppymaroc.webmarocagency.com\/wp-content\/uploads\/2024\/02\/cropped-cropped-puppy-maroc-logo-rmv-2.png\",\"contentUrl\":\"https:\/\/puppymaroc.webmarocagency.com\/wp-content\/uploads\/2024\/02\/cropped-cropped-puppy-maroc-logo-rmv-2.png\",\"width\":958,\"height\":920,\"caption\":\"puppymaroc.com\"},\"image\":{\"@id\":\"https:\/\/puppymaroc.webmarocagency.com\/#\/schema\/logo\/image\/\"},\"sameAs\":[\"https:\/\/www.facebook.com\/PuppyMaroc?mibextid=ZbWKwL\"]}]}<\/script>\n<!-- \/ Yoast SEO plugin. -->","yoast_head_json":{"title":"Jouet Laser Interactif pour Chat Dancing Dot - puppymaroc.com","robots":{"index":"index","follow":"follow","max-snippet":"max-snippet:-1","max-image-preview":"max-image-preview:large","max-video-preview":"max-video-preview:-1"},"canonical":"https:\/\/puppymaroc.webmarocagency.com\/?product=jouet-laser-interactif-pour-chat-dancing-dot","og_locale":"fr_FR","og_type":"article","og_title":"Jouet Laser Interactif pour Chat Dancing Dot - puppymaroc.com","og_description":"Pr\u00e9sentation du produit  SANS DANGER POUR LES ANIMAUX: Dancing Dot comprend un laser certifi\u00e9 de ClasseI totalement sans danger pour votre animal et n\u00e9cessite 3pilesAAA (non fournies) DEUXMODES DE JEU: les options Jouer une seule fois et Jeu en continu stimulent votre animal, m\u00eame en votre absence JEU EN HAUTEUR: positionnez le jouet en hauteur sur une surface plane ou pendez-le \u00e0 une poign\u00e9e de porte pour un mouvement plus large et rapide MODE REPOS: avec le mode Jeu en continu, les sessions de jeu durent 15minutes et sont entrecoup\u00e9es de pauses pour que votre chat ne soit pas trop stimul\u00e9 et que le jeu reste palpitant MODE DE VIE SAIN: les faisceaux et les mouvements du laser stimulent et amusent votre chat en r\u00e9veillant ses instincts qui l'incitent \u00e0 courir, chasser et bondir Remarque : Veuillez vous r\u00e9f\u00e9rer au manuel pour la position des piles et util r des piles de bonne qualit","og_url":"https:\/\/puppymaroc.webmarocagency.com\/?product=jouet-laser-interactif-pour-chat-dancing-dot","og_site_name":"puppymaroc.com","article_publisher":"https:\/\/www.facebook.com\/PuppyMaroc?mibextid=ZbWKwL","article_modified_time":"2025-09-01T17:05:01+00:00","og_image":[{"width":1080,"height":1080,"url":"https:\/\/puppymaroc.webmarocagency.com\/wp-content\/uploads\/2024\/09\/background-puppy-maroc-78.png","type":"image\/png"}],"twitter_card":"summary_large_image","twitter_misc":{"Dur\u00e9e de lecture estim\u00e9e":"1 minute"},"schema":{"@context":"https:\/\/schema.org","@graph":[{"@type":"WebPage","@id":"https:\/\/puppymaroc.webmarocagency.com\/?product=jouet-laser-interactif-pour-chat-dancing-dot","url":"https:\/\/puppymaroc.webmarocagency.com\/?product=jouet-laser-interactif-pour-chat-dancing-dot","name":"Jouet Laser Interactif pour Chat Dancing Dot - puppymaroc.com","isPartOf":{"@id":"https:\/\/puppymaroc.webmarocagency.com\/#website"},"primaryImageOfPage":{"@id":"https:\/\/puppymaroc.webmarocagency.com\/?product=jouet-laser-interactif-pour-chat-dancing-dot#primaryimage"},"image":{"@id":"https:\/\/puppymaroc.webmarocagency.com\/?product=jouet-laser-interactif-pour-chat-dancing-dot#primaryimage"},"thumbnailUrl":"https:\/\/puppymaroc.webmarocagency.com\/wp-content\/uploads\/2024\/09\/background-puppy-maroc-78.png","datePublished":"2024-09-22T21:31:41+00:00","dateModified":"2025-09-01T17:05:01+00:00","breadcrumb":{"@id":"https:\/\/puppymaroc.webmarocagency.com\/?product=jouet-laser-interactif-pour-chat-dancing-dot#breadcrumb"},"inLanguage":"fr-FR","potentialAction":[{"@type":"ReadAction","target":["https:\/\/puppymaroc.webmarocagency.com\/?product=jouet-laser-interactif-pour-chat-dancing-dot"]}]},{"@type":"ImageObject","inLanguage":"fr-FR","@id":"https:\/\/puppymaroc.webmarocagency.com\/?product=jouet-laser-interactif-pour-chat-dancing-dot#primaryimage","url":"https:\/\/puppymaroc.webmarocagency.com\/wp-content\/uploads\/2024\/09\/background-puppy-maroc-78.png","contentUrl":"https:\/\/puppymaroc.webmarocagency.com\/wp-content\/uploads\/2024\/09\/background-puppy-maroc-78.png","width":1080,"height":1080},{"@type":"BreadcrumbList","@id":"https:\/\/puppymaroc.webmarocagency.com\/?product=jouet-laser-interactif-pour-chat-dancing-dot#breadcrumb","itemListElement":[{"@type":"ListItem","position":1,"name":"Accueil","item":"https:\/\/puppymaroc.webmarocagency.com\/"},{"@type":"ListItem","position":2,"name":"Produit","item":"https:\/\/puppymaroc.webmarocagency.com\/?page_id=1561"},{"@type":"ListItem","position":3,"name":"Jouet Laser Interactif pour Chat Dancing Dot"}]},{"@type":"WebSite","@id":"https:\/\/puppymaroc.webmarocagency.com\/#website","url":"https:\/\/puppymaroc.webmarocagency.com\/","name":"puppymaroc.com","description":"puppymaroc","publisher":{"@id":"https:\/\/puppymaroc.webmarocagency.com\/#organization"},"potentialAction":[{"@type":"SearchAction","target":{"@type":"EntryPoint","urlTemplate":"https:\/\/puppymaroc.webmarocagency.com\/?s={search_term_string}"},"query-input":{"@type":"PropertyValueSpecification","valueRequired":true,"valueName":"search_term_string"}}],"inLanguage":"fr-FR"},{"@type":"Organization","@id":"https:\/\/puppymaroc.webmarocagency.com\/#organization","name":"puppymaroc.com","url":"https:\/\/puppymaroc.webmarocagency.com\/","logo":{"@type":"ImageObject","inLanguage":"fr-FR","@id":"https:\/\/puppymaroc.webmarocagency.com\/#\/schema\/logo\/image\/","url":"https:\/\/puppymaroc.webmarocagency.com\/wp-content\/uploads\/2024\/02\/cropped-cropped-puppy-maroc-logo-rmv-2.png","contentUrl":"https:\/\/puppymaroc.webmarocagency.com\/wp-content\/uploads\/2024\/02\/cropped-cropped-puppy-maroc-logo-rmv-2.png","width":958,"height":920,"caption":"puppymaroc.com"},"image":{"@id":"https:\/\/puppymaroc.webmarocagency.com\/#\/schema\/logo\/image\/"},"sameAs":["https:\/\/www.facebook.com\/PuppyMaroc?mibextid=ZbWKwL"]}]}},"_links":{"self":[{"href":"https:\/\/puppymaroc.webmarocagency.com\/index.php?rest_route=\/wp\/v2\/product\/2348","targetHints":{"allow":["GET"]}}],"collection":[{"href":"https:\/\/puppymaroc.webmarocagency.com\/index.php?rest_route=\/wp\/v2\/product"}],"about":[{"href":"https:\/\/puppymaroc.webmarocagency.com\/index.php?rest_route=\/wp\/v2\/types\/product"}],"replies":[{"embeddable":true,"href":"https:\/\/puppymaroc.webmarocagency.com\/index.php?rest_route=%2Fwp%2Fv2%2Fcomments&post=2348"}],"wp:featuredmedia":[{"embeddable":true,"href":"https:\/\/puppymaroc.webmarocagency.com\/index.php?rest_route=\/wp\/v2\/media\/2349"}],"wp:attachment":[{"href":"https:\/\/puppymaroc.webmarocagency.com\/index.php?rest_route=%2Fwp%2Fv2%2Fmedia&parent=2348"}],"wp:term":[{"taxonomy":"product_brand","embeddable":true,"href":"https:\/\/puppymaroc.webmarocagency.com\/index.php?rest_route=%2Fwp%2Fv2%2Fproduct_brand&post=2348"},{"taxonomy":"product_cat","embeddable":true,"href":"https:\/\/puppymaroc.webmarocagency.com\/index.php?rest_route=%2Fwp%2Fv2%2Fproduct_cat&post=2348"},{"taxonomy":"product_tag","embeddable":true,"href":"https:\/\/puppymaroc.webmarocagency.com\/index.php?rest_route=%2Fwp%2Fv2%2Fproduct_tag&post=2348"}],"curies":[{"name":"wp","href":"https:\/\/api.w.org\/{rel}","templated":true}]}}