{"id":2581,"date":"2024-10-01T22:28:52","date_gmt":"2024-10-01T21:28:52","guid":{"rendered":"https:\/\/puppymaroc.com\/?post_type=product&#038;p=2581"},"modified":"2025-04-12T03:46:43","modified_gmt":"2025-04-12T02:46:43","slug":"cable-dattache-pour-chien-resistant-aux-morsures","status":"publish","type":"product","link":"https:\/\/puppymaroc.webmarocagency.com\/?product=cable-dattache-pour-chien-resistant-aux-morsures","title":{"rendered":"C\u00e2ble d&rsquo;attache pour Chien, Fil d&rsquo;acier, Double T\u00eate, R\u00e9sistant aux Morsures"},"content":{"rendered":"<div class=\"a-row\">\n<div class=\"a-column a-span6\">\n<h4 class=\"a-size-medium a-spacing-small\">Descriptif technique<\/h4>\n<\/div>\n<\/div>\n<div class=\"a-expander-content a-expander-extend-content\" data-expanded=\"true\">\n<div class=\"a-row a-expander-container a-expander-inline-container\">\n<div class=\"a-expander-content a-expander-section-content a-section-expander-inner\" data-expanded=\"true\">\n<table id=\"productDetails_techSpec_section_1\" class=\"a-keyvalue prodDetTable\" role=\"presentation\">\n<tbody>\n<tr>\n<th class=\"a-color-secondary a-size-base prodDetSectionEntry\">Dimensions du colis<\/th>\n<td class=\"a-size-base prodDetAttrValue\">\u200e20 x 15 x 3 cm; 287 grammes<\/td>\n<\/tr>\n<tr>\n<th class=\"a-color-secondary a-size-base prodDetSectionEntry\">Num\u00e9ro du mod\u00e8le de l&rsquo;article<\/th>\n<td class=\"a-size-base prodDetAttrValue\">\u200eKENANLANf5s46x19ae-14<\/td>\n<\/tr>\n<tr>\n<th class=\"a-color-secondary a-size-base prodDetSectionEntry\">Couleur<\/th>\n<td class=\"a-size-base prodDetAttrValue\">\u200eRouge<\/td>\n<\/tr>\n<tr>\n<th class=\"a-color-secondary a-size-base prodDetSectionEntry\">Taille<\/th>\n<td class=\"a-size-base prodDetAttrValue\">\u200e6 mm x 3 m\u00e8tres \/ 0,24 pouces x 9,8 pieds<\/td>\n<\/tr>\n<\/tbody>\n<\/table>\n<\/div>\n<\/div>\n<\/div>\n","protected":false},"excerpt":{"rendered":"<h4 class=\"a-size-base-plus a-text-bold\">\u00c0 propos de cet article<\/h4>\n<ul class=\"a-unordered-list a-vertical a-spacing-mini\">\n<li class=\"a-spacing-mini\"><span class=\"a-list-item\">S\u00fbr et large gamme : con\u00e7ue pour les activit\u00e9s de plein air, cette laisse pour chien offre suffisamment de longueur pour donner \u00e0 votre chien une large amplitude de mouvement.<\/span><\/li>\n<li class=\"a-spacing-mini\"><span class=\"a-list-item\">APPLICATION: La laisse pour chien peut \u00eatre utilis\u00e9e en camping ou sur une terrasse ext\u00e9rieure, peut \u00eatre utilis\u00e9e avec un piquet ou un poteau, adapt\u00e9e aux chiens de petite, moyenne et grande taille.<\/span><\/li>\n<li class=\"a-spacing-mini\"><span class=\"a-list-item\">DOUBLE T\u00caTE: La laisse pour chien pr\u00e9sente une conception \u00e0 double t\u00eate, facile \u00e0 connecter au piquet d&rsquo;attache et au collier pour animaux de compagnie, une boucle \u00e0 crochet \u00e9paisse, solide et durable.<\/span><\/li>\n<\/ul>\n","protected":false},"featured_media":2582,"comment_status":"open","ping_status":"closed","template":"","meta":[],"product_brand":[],"product_cat":[59],"product_tag":[],"class_list":{"0":"post-2581","1":"product","2":"type-product","3":"status-publish","4":"has-post-thumbnail","6":"product_cat-accessories-chien","8":"first","9":"instock","10":"sale","11":"shipping-taxable","12":"purchasable","13":"product-type-simple"},"yoast_head":"<!-- This site is optimized with the Yoast SEO plugin v25.8 - https:\/\/yoast.com\/wordpress\/plugins\/seo\/ -->\n<title>C\u00e2ble d&#039;attache pour Chien, Fil d&#039;acier, Double T\u00eate, R\u00e9sistant aux Morsures - puppymaroc.com<\/title>\n<meta name=\"description\" content=\"S\u00fbr et large gamme : con\u00e7ue pour les activit\u00e9s de plein air, cette laisse pour chien offre suffisamment de longueur\" \/>\n<meta name=\"robots\" content=\"index, follow, max-snippet:-1, max-image-preview:large, max-video-preview:-1\" \/>\n<link rel=\"canonical\" href=\"https:\/\/puppymaroc.webmarocagency.com\/?product=cable-dattache-pour-chien-resistant-aux-morsures\" \/>\n<meta property=\"og:locale\" content=\"fr_FR\" \/>\n<meta property=\"og:type\" content=\"article\" \/>\n<meta property=\"og:title\" content=\"C\u00e2ble d&#039;attache pour Chien, Fil d&#039;acier, Double T\u00eate, R\u00e9sistant aux Morsures - puppymaroc.com\" \/>\n<meta property=\"og:description\" content=\"S\u00fbr et large gamme : con\u00e7ue pour les activit\u00e9s de plein air, cette laisse pour chien offre suffisamment de longueur\" \/>\n<meta property=\"og:url\" content=\"https:\/\/puppymaroc.webmarocagency.com\/?product=cable-dattache-pour-chien-resistant-aux-morsures\" \/>\n<meta property=\"og:site_name\" content=\"puppymaroc.com\" \/>\n<meta property=\"article:publisher\" content=\"https:\/\/www.facebook.com\/PuppyMaroc?mibextid=ZbWKwL\" \/>\n<meta property=\"article:modified_time\" content=\"2025-04-12T02:46:43+00:00\" \/>\n<meta property=\"og:image\" content=\"https:\/\/puppymaroc.webmarocagency.com\/wp-content\/uploads\/2024\/10\/1_11zon.jpg\" \/>\n\t<meta property=\"og:image:width\" content=\"1080\" \/>\n\t<meta property=\"og:image:height\" content=\"1080\" \/>\n\t<meta property=\"og:image:type\" content=\"image\/jpeg\" \/>\n<meta name=\"twitter:card\" content=\"summary_large_image\" \/>\n<meta name=\"twitter:label1\" content=\"Dur\u00e9e de lecture estim\u00e9e\" \/>\n\t<meta name=\"twitter:data1\" content=\"1 minute\" \/>\n<script type=\"application\/ld+json\" class=\"yoast-schema-graph\">{\"@context\":\"https:\/\/schema.org\",\"@graph\":[{\"@type\":\"WebPage\",\"@id\":\"https:\/\/puppymaroc.webmarocagency.com\/?product=cable-dattache-pour-chien-resistant-aux-morsures\",\"url\":\"https:\/\/puppymaroc.webmarocagency.com\/?product=cable-dattache-pour-chien-resistant-aux-morsures\",\"name\":\"C\u00e2ble d'attache pour Chien, Fil d'acier, Double T\u00eate, R\u00e9sistant aux Morsures - puppymaroc.com\",\"isPartOf\":{\"@id\":\"https:\/\/puppymaroc.webmarocagency.com\/#website\"},\"primaryImageOfPage\":{\"@id\":\"https:\/\/puppymaroc.webmarocagency.com\/?product=cable-dattache-pour-chien-resistant-aux-morsures#primaryimage\"},\"image\":{\"@id\":\"https:\/\/puppymaroc.webmarocagency.com\/?product=cable-dattache-pour-chien-resistant-aux-morsures#primaryimage\"},\"thumbnailUrl\":\"https:\/\/puppymaroc.webmarocagency.com\/wp-content\/uploads\/2024\/10\/1_11zon.jpg\",\"datePublished\":\"2024-10-01T21:28:52+00:00\",\"dateModified\":\"2025-04-12T02:46:43+00:00\",\"description\":\"S\u00fbr et large gamme : con\u00e7ue pour les activit\u00e9s de plein air, cette laisse pour chien offre suffisamment de longueur\",\"breadcrumb\":{\"@id\":\"https:\/\/puppymaroc.webmarocagency.com\/?product=cable-dattache-pour-chien-resistant-aux-morsures#breadcrumb\"},\"inLanguage\":\"fr-FR\",\"potentialAction\":[{\"@type\":\"ReadAction\",\"target\":[\"https:\/\/puppymaroc.webmarocagency.com\/?product=cable-dattache-pour-chien-resistant-aux-morsures\"]}]},{\"@type\":\"ImageObject\",\"inLanguage\":\"fr-FR\",\"@id\":\"https:\/\/puppymaroc.webmarocagency.com\/?product=cable-dattache-pour-chien-resistant-aux-morsures#primaryimage\",\"url\":\"https:\/\/puppymaroc.webmarocagency.com\/wp-content\/uploads\/2024\/10\/1_11zon.jpg\",\"contentUrl\":\"https:\/\/puppymaroc.webmarocagency.com\/wp-content\/uploads\/2024\/10\/1_11zon.jpg\",\"width\":1080,\"height\":1080},{\"@type\":\"BreadcrumbList\",\"@id\":\"https:\/\/puppymaroc.webmarocagency.com\/?product=cable-dattache-pour-chien-resistant-aux-morsures#breadcrumb\",\"itemListElement\":[{\"@type\":\"ListItem\",\"position\":1,\"name\":\"Accueil\",\"item\":\"https:\/\/puppymaroc.webmarocagency.com\/\"},{\"@type\":\"ListItem\",\"position\":2,\"name\":\"Produit\",\"item\":\"https:\/\/puppymaroc.webmarocagency.com\/?page_id=1561\"},{\"@type\":\"ListItem\",\"position\":3,\"name\":\"C\u00e2ble d&rsquo;attache pour Chien, Fil d&rsquo;acier, Double T\u00eate, R\u00e9sistant aux Morsures\"}]},{\"@type\":\"WebSite\",\"@id\":\"https:\/\/puppymaroc.webmarocagency.com\/#website\",\"url\":\"https:\/\/puppymaroc.webmarocagency.com\/\",\"name\":\"puppymaroc.com\",\"description\":\"puppymaroc\",\"publisher\":{\"@id\":\"https:\/\/puppymaroc.webmarocagency.com\/#organization\"},\"potentialAction\":[{\"@type\":\"SearchAction\",\"target\":{\"@type\":\"EntryPoint\",\"urlTemplate\":\"https:\/\/puppymaroc.webmarocagency.com\/?s={search_term_string}\"},\"query-input\":{\"@type\":\"PropertyValueSpecification\",\"valueRequired\":true,\"valueName\":\"search_term_string\"}}],\"inLanguage\":\"fr-FR\"},{\"@type\":\"Organization\",\"@id\":\"https:\/\/puppymaroc.webmarocagency.com\/#organization\",\"name\":\"puppymaroc.com\",\"url\":\"https:\/\/puppymaroc.webmarocagency.com\/\",\"logo\":{\"@type\":\"ImageObject\",\"inLanguage\":\"fr-FR\",\"@id\":\"https:\/\/puppymaroc.webmarocagency.com\/#\/schema\/logo\/image\/\",\"url\":\"https:\/\/puppymaroc.webmarocagency.com\/wp-content\/uploads\/2024\/02\/cropped-cropped-puppy-maroc-logo-rmv-2.png\",\"contentUrl\":\"https:\/\/puppymaroc.webmarocagency.com\/wp-content\/uploads\/2024\/02\/cropped-cropped-puppy-maroc-logo-rmv-2.png\",\"width\":958,\"height\":920,\"caption\":\"puppymaroc.com\"},\"image\":{\"@id\":\"https:\/\/puppymaroc.webmarocagency.com\/#\/schema\/logo\/image\/\"},\"sameAs\":[\"https:\/\/www.facebook.com\/PuppyMaroc?mibextid=ZbWKwL\"]}]}<\/script>\n<!-- \/ Yoast SEO plugin. -->","yoast_head_json":{"title":"C\u00e2ble d'attache pour Chien, Fil d'acier, Double T\u00eate, R\u00e9sistant aux Morsures - puppymaroc.com","description":"S\u00fbr et large gamme : con\u00e7ue pour les activit\u00e9s de plein air, cette laisse pour chien offre suffisamment de longueur","robots":{"index":"index","follow":"follow","max-snippet":"max-snippet:-1","max-image-preview":"max-image-preview:large","max-video-preview":"max-video-preview:-1"},"canonical":"https:\/\/puppymaroc.webmarocagency.com\/?product=cable-dattache-pour-chien-resistant-aux-morsures","og_locale":"fr_FR","og_type":"article","og_title":"C\u00e2ble d'attache pour Chien, Fil d'acier, Double T\u00eate, R\u00e9sistant aux Morsures - puppymaroc.com","og_description":"S\u00fbr et large gamme : con\u00e7ue pour les activit\u00e9s de plein air, cette laisse pour chien offre suffisamment de longueur","og_url":"https:\/\/puppymaroc.webmarocagency.com\/?product=cable-dattache-pour-chien-resistant-aux-morsures","og_site_name":"puppymaroc.com","article_publisher":"https:\/\/www.facebook.com\/PuppyMaroc?mibextid=ZbWKwL","article_modified_time":"2025-04-12T02:46:43+00:00","og_image":[{"width":1080,"height":1080,"url":"https:\/\/puppymaroc.webmarocagency.com\/wp-content\/uploads\/2024\/10\/1_11zon.jpg","type":"image\/jpeg"}],"twitter_card":"summary_large_image","twitter_misc":{"Dur\u00e9e de lecture estim\u00e9e":"1 minute"},"schema":{"@context":"https:\/\/schema.org","@graph":[{"@type":"WebPage","@id":"https:\/\/puppymaroc.webmarocagency.com\/?product=cable-dattache-pour-chien-resistant-aux-morsures","url":"https:\/\/puppymaroc.webmarocagency.com\/?product=cable-dattache-pour-chien-resistant-aux-morsures","name":"C\u00e2ble d'attache pour Chien, Fil d'acier, Double T\u00eate, R\u00e9sistant aux Morsures - puppymaroc.com","isPartOf":{"@id":"https:\/\/puppymaroc.webmarocagency.com\/#website"},"primaryImageOfPage":{"@id":"https:\/\/puppymaroc.webmarocagency.com\/?product=cable-dattache-pour-chien-resistant-aux-morsures#primaryimage"},"image":{"@id":"https:\/\/puppymaroc.webmarocagency.com\/?product=cable-dattache-pour-chien-resistant-aux-morsures#primaryimage"},"thumbnailUrl":"https:\/\/puppymaroc.webmarocagency.com\/wp-content\/uploads\/2024\/10\/1_11zon.jpg","datePublished":"2024-10-01T21:28:52+00:00","dateModified":"2025-04-12T02:46:43+00:00","description":"S\u00fbr et large gamme : con\u00e7ue pour les activit\u00e9s de plein air, cette laisse pour chien offre suffisamment de longueur","breadcrumb":{"@id":"https:\/\/puppymaroc.webmarocagency.com\/?product=cable-dattache-pour-chien-resistant-aux-morsures#breadcrumb"},"inLanguage":"fr-FR","potentialAction":[{"@type":"ReadAction","target":["https:\/\/puppymaroc.webmarocagency.com\/?product=cable-dattache-pour-chien-resistant-aux-morsures"]}]},{"@type":"ImageObject","inLanguage":"fr-FR","@id":"https:\/\/puppymaroc.webmarocagency.com\/?product=cable-dattache-pour-chien-resistant-aux-morsures#primaryimage","url":"https:\/\/puppymaroc.webmarocagency.com\/wp-content\/uploads\/2024\/10\/1_11zon.jpg","contentUrl":"https:\/\/puppymaroc.webmarocagency.com\/wp-content\/uploads\/2024\/10\/1_11zon.jpg","width":1080,"height":1080},{"@type":"BreadcrumbList","@id":"https:\/\/puppymaroc.webmarocagency.com\/?product=cable-dattache-pour-chien-resistant-aux-morsures#breadcrumb","itemListElement":[{"@type":"ListItem","position":1,"name":"Accueil","item":"https:\/\/puppymaroc.webmarocagency.com\/"},{"@type":"ListItem","position":2,"name":"Produit","item":"https:\/\/puppymaroc.webmarocagency.com\/?page_id=1561"},{"@type":"ListItem","position":3,"name":"C\u00e2ble d&rsquo;attache pour Chien, Fil d&rsquo;acier, Double T\u00eate, R\u00e9sistant aux Morsures"}]},{"@type":"WebSite","@id":"https:\/\/puppymaroc.webmarocagency.com\/#website","url":"https:\/\/puppymaroc.webmarocagency.com\/","name":"puppymaroc.com","description":"puppymaroc","publisher":{"@id":"https:\/\/puppymaroc.webmarocagency.com\/#organization"},"potentialAction":[{"@type":"SearchAction","target":{"@type":"EntryPoint","urlTemplate":"https:\/\/puppymaroc.webmarocagency.com\/?s={search_term_string}"},"query-input":{"@type":"PropertyValueSpecification","valueRequired":true,"valueName":"search_term_string"}}],"inLanguage":"fr-FR"},{"@type":"Organization","@id":"https:\/\/puppymaroc.webmarocagency.com\/#organization","name":"puppymaroc.com","url":"https:\/\/puppymaroc.webmarocagency.com\/","logo":{"@type":"ImageObject","inLanguage":"fr-FR","@id":"https:\/\/puppymaroc.webmarocagency.com\/#\/schema\/logo\/image\/","url":"https:\/\/puppymaroc.webmarocagency.com\/wp-content\/uploads\/2024\/02\/cropped-cropped-puppy-maroc-logo-rmv-2.png","contentUrl":"https:\/\/puppymaroc.webmarocagency.com\/wp-content\/uploads\/2024\/02\/cropped-cropped-puppy-maroc-logo-rmv-2.png","width":958,"height":920,"caption":"puppymaroc.com"},"image":{"@id":"https:\/\/puppymaroc.webmarocagency.com\/#\/schema\/logo\/image\/"},"sameAs":["https:\/\/www.facebook.com\/PuppyMaroc?mibextid=ZbWKwL"]}]}},"_links":{"self":[{"href":"https:\/\/puppymaroc.webmarocagency.com\/index.php?rest_route=\/wp\/v2\/product\/2581","targetHints":{"allow":["GET"]}}],"collection":[{"href":"https:\/\/puppymaroc.webmarocagency.com\/index.php?rest_route=\/wp\/v2\/product"}],"about":[{"href":"https:\/\/puppymaroc.webmarocagency.com\/index.php?rest_route=\/wp\/v2\/types\/product"}],"replies":[{"embeddable":true,"href":"https:\/\/puppymaroc.webmarocagency.com\/index.php?rest_route=%2Fwp%2Fv2%2Fcomments&post=2581"}],"wp:featuredmedia":[{"embeddable":true,"href":"https:\/\/puppymaroc.webmarocagency.com\/index.php?rest_route=\/wp\/v2\/media\/2582"}],"wp:attachment":[{"href":"https:\/\/puppymaroc.webmarocagency.com\/index.php?rest_route=%2Fwp%2Fv2%2Fmedia&parent=2581"}],"wp:term":[{"taxonomy":"product_brand","embeddable":true,"href":"https:\/\/puppymaroc.webmarocagency.com\/index.php?rest_route=%2Fwp%2Fv2%2Fproduct_brand&post=2581"},{"taxonomy":"product_cat","embeddable":true,"href":"https:\/\/puppymaroc.webmarocagency.com\/index.php?rest_route=%2Fwp%2Fv2%2Fproduct_cat&post=2581"},{"taxonomy":"product_tag","embeddable":true,"href":"https:\/\/puppymaroc.webmarocagency.com\/index.php?rest_route=%2Fwp%2Fv2%2Fproduct_tag&post=2581"}],"curies":[{"name":"wp","href":"https:\/\/api.w.org\/{rel}","templated":true}]}}