{"id":2586,"date":"2024-10-01T22:39:55","date_gmt":"2024-10-01T21:39:55","guid":{"rendered":"https:\/\/puppymaroc.com\/?post_type=product&#038;p=2586"},"modified":"2024-10-01T22:41:12","modified_gmt":"2024-10-01T21:41:12","slug":"litiere-pour-chat-benty-sandy-savon-de-marseille-10l","status":"publish","type":"product","link":"https:\/\/puppymaroc.webmarocagency.com\/?product=litiere-pour-chat-benty-sandy-savon-de-marseille-10l","title":{"rendered":"Liti\u00e8re pour chat &#8211; Benty Sandy Savon de marseille 10L"},"content":{"rendered":"<table id=\"product-attribute-specs-table\" class=\"data table additional-attributes\">\n<caption class=\"table-caption\">Plus d\u2019information<\/caption>\n<tbody>\n<tr>\n<th class=\"col label\" scope=\"row\">Pays d exp\u00e9dition<\/th>\n<td class=\"col data\" data-th=\"Pays d exp\u00e9dition\">Maroc<\/td>\n<\/tr>\n<tr>\n<th class=\"col label\" scope=\"row\">Brand<\/th>\n<td class=\"col data\" data-th=\"Brand\">BENTY SANDY<\/td>\n<\/tr>\n<tr>\n<th class=\"col label\" scope=\"row\">Plus produit<\/th>\n<td class=\"col data\" data-th=\"Plus produit\">C&rsquo;est une liti\u00e8re pour chat tr\u00e8s propre adapt\u00e9e \u00e0 une utilisation \u00e0 long terme. Avec l&rsquo;odeur de Baby Powder, elle contr\u00f4le naturellement les odeurs ind\u00e9sirables et apporte un parfum agr\u00e9able et propre \u00e0 votre maison. Elle montre des performances sup\u00e9rieures avec sa propri\u00e9t\u00e9 d&rsquo;agglutination \u00e9lev\u00e9e.<\/td>\n<\/tr>\n<\/tbody>\n<\/table>\n","protected":false},"excerpt":{"rendered":"<h4 class=\"product attribute presentation-title\"><strong>\u00c0 propos de cet article :<\/strong><\/h4>\n<div class=\"value presentation-value\">\n<div>Elle se distingue par son odeur de poudre pour b\u00e9b\u00e9 et poss\u00e8de une fonction ultra agglom\u00e9rant. Elle ne colle pas aux pattes et est exempt de poussi\u00e8re \u00e0 99 %. Gr\u00e2ce \u00e0 la combinaison d&rsquo;un min\u00e9ral de bentonite de calcium blanc 100% naturel et d&rsquo;un parfum de poudre pour b\u00e9b\u00e9,<\/div>\n<\/div>\n","protected":false},"featured_media":2587,"comment_status":"open","ping_status":"closed","template":"","meta":[],"product_brand":[],"product_cat":[15],"product_tag":[],"class_list":{"0":"post-2586","1":"product","2":"type-product","3":"status-publish","4":"has-post-thumbnail","6":"product_cat-accesoires","8":"first","9":"instock","10":"shipping-taxable","11":"purchasable","12":"product-type-simple"},"yoast_head":"<!-- This site is optimized with the Yoast SEO plugin v25.8 - https:\/\/yoast.com\/wordpress\/plugins\/seo\/ -->\n<title>Liti\u00e8re pour chat - Benty Sandy Savon de marseille 10L - puppymaroc.com<\/title>\n<meta name=\"description\" content=\"Elle se distingue par son odeur de poudre pour b\u00e9b\u00e9 et poss\u00e8de une fonction ultra agglom\u00e9rant. Elle ne colle pas aux pattes et est exempt de poussi\u00e8re \u00e0 99 %.\" \/>\n<meta name=\"robots\" content=\"index, follow, max-snippet:-1, max-image-preview:large, max-video-preview:-1\" \/>\n<link rel=\"canonical\" href=\"https:\/\/puppymaroc.webmarocagency.com\/?product=litiere-pour-chat-benty-sandy-savon-de-marseille-10l\" \/>\n<meta property=\"og:locale\" content=\"fr_FR\" \/>\n<meta property=\"og:type\" content=\"article\" \/>\n<meta property=\"og:title\" content=\"Liti\u00e8re pour chat - Benty Sandy Savon de marseille 10L - puppymaroc.com\" \/>\n<meta property=\"og:description\" content=\"Elle se distingue par son odeur de poudre pour b\u00e9b\u00e9 et poss\u00e8de une fonction ultra agglom\u00e9rant. Elle ne colle pas aux pattes et est exempt de poussi\u00e8re \u00e0 99 %.\" \/>\n<meta property=\"og:url\" content=\"https:\/\/puppymaroc.webmarocagency.com\/?product=litiere-pour-chat-benty-sandy-savon-de-marseille-10l\" \/>\n<meta property=\"og:site_name\" content=\"puppymaroc.com\" \/>\n<meta property=\"article:publisher\" content=\"https:\/\/www.facebook.com\/PuppyMaroc?mibextid=ZbWKwL\" \/>\n<meta property=\"article:modified_time\" content=\"2024-10-01T21:41:12+00:00\" \/>\n<meta property=\"og:image\" content=\"https:\/\/puppymaroc.webmarocagency.com\/wp-content\/uploads\/2024\/10\/1_11zon-2.jpg\" \/>\n\t<meta property=\"og:image:width\" content=\"1080\" \/>\n\t<meta property=\"og:image:height\" content=\"1080\" \/>\n\t<meta property=\"og:image:type\" content=\"image\/jpeg\" \/>\n<meta name=\"twitter:card\" content=\"summary_large_image\" \/>\n<meta name=\"twitter:label1\" content=\"Dur\u00e9e de lecture estim\u00e9e\" \/>\n\t<meta name=\"twitter:data1\" content=\"1 minute\" \/>\n<script type=\"application\/ld+json\" class=\"yoast-schema-graph\">{\"@context\":\"https:\/\/schema.org\",\"@graph\":[{\"@type\":\"WebPage\",\"@id\":\"https:\/\/puppymaroc.webmarocagency.com\/?product=litiere-pour-chat-benty-sandy-savon-de-marseille-10l\",\"url\":\"https:\/\/puppymaroc.webmarocagency.com\/?product=litiere-pour-chat-benty-sandy-savon-de-marseille-10l\",\"name\":\"Liti\u00e8re pour chat - Benty Sandy Savon de marseille 10L - puppymaroc.com\",\"isPartOf\":{\"@id\":\"https:\/\/puppymaroc.webmarocagency.com\/#website\"},\"primaryImageOfPage\":{\"@id\":\"https:\/\/puppymaroc.webmarocagency.com\/?product=litiere-pour-chat-benty-sandy-savon-de-marseille-10l#primaryimage\"},\"image\":{\"@id\":\"https:\/\/puppymaroc.webmarocagency.com\/?product=litiere-pour-chat-benty-sandy-savon-de-marseille-10l#primaryimage\"},\"thumbnailUrl\":\"https:\/\/puppymaroc.webmarocagency.com\/wp-content\/uploads\/2024\/10\/1_11zon-2.jpg\",\"datePublished\":\"2024-10-01T21:39:55+00:00\",\"dateModified\":\"2024-10-01T21:41:12+00:00\",\"description\":\"Elle se distingue par son odeur de poudre pour b\u00e9b\u00e9 et poss\u00e8de une fonction ultra agglom\u00e9rant. Elle ne colle pas aux pattes et est exempt de poussi\u00e8re \u00e0 99 %.\",\"breadcrumb\":{\"@id\":\"https:\/\/puppymaroc.webmarocagency.com\/?product=litiere-pour-chat-benty-sandy-savon-de-marseille-10l#breadcrumb\"},\"inLanguage\":\"fr-FR\",\"potentialAction\":[{\"@type\":\"ReadAction\",\"target\":[\"https:\/\/puppymaroc.webmarocagency.com\/?product=litiere-pour-chat-benty-sandy-savon-de-marseille-10l\"]}]},{\"@type\":\"ImageObject\",\"inLanguage\":\"fr-FR\",\"@id\":\"https:\/\/puppymaroc.webmarocagency.com\/?product=litiere-pour-chat-benty-sandy-savon-de-marseille-10l#primaryimage\",\"url\":\"https:\/\/puppymaroc.webmarocagency.com\/wp-content\/uploads\/2024\/10\/1_11zon-2.jpg\",\"contentUrl\":\"https:\/\/puppymaroc.webmarocagency.com\/wp-content\/uploads\/2024\/10\/1_11zon-2.jpg\",\"width\":1080,\"height\":1080},{\"@type\":\"BreadcrumbList\",\"@id\":\"https:\/\/puppymaroc.webmarocagency.com\/?product=litiere-pour-chat-benty-sandy-savon-de-marseille-10l#breadcrumb\",\"itemListElement\":[{\"@type\":\"ListItem\",\"position\":1,\"name\":\"Accueil\",\"item\":\"https:\/\/puppymaroc.webmarocagency.com\/\"},{\"@type\":\"ListItem\",\"position\":2,\"name\":\"Produit\",\"item\":\"https:\/\/puppymaroc.webmarocagency.com\/?page_id=1561\"},{\"@type\":\"ListItem\",\"position\":3,\"name\":\"Liti\u00e8re pour chat &#8211; Benty Sandy Savon de marseille 10L\"}]},{\"@type\":\"WebSite\",\"@id\":\"https:\/\/puppymaroc.webmarocagency.com\/#website\",\"url\":\"https:\/\/puppymaroc.webmarocagency.com\/\",\"name\":\"puppymaroc.com\",\"description\":\"puppymaroc\",\"publisher\":{\"@id\":\"https:\/\/puppymaroc.webmarocagency.com\/#organization\"},\"potentialAction\":[{\"@type\":\"SearchAction\",\"target\":{\"@type\":\"EntryPoint\",\"urlTemplate\":\"https:\/\/puppymaroc.webmarocagency.com\/?s={search_term_string}\"},\"query-input\":{\"@type\":\"PropertyValueSpecification\",\"valueRequired\":true,\"valueName\":\"search_term_string\"}}],\"inLanguage\":\"fr-FR\"},{\"@type\":\"Organization\",\"@id\":\"https:\/\/puppymaroc.webmarocagency.com\/#organization\",\"name\":\"puppymaroc.com\",\"url\":\"https:\/\/puppymaroc.webmarocagency.com\/\",\"logo\":{\"@type\":\"ImageObject\",\"inLanguage\":\"fr-FR\",\"@id\":\"https:\/\/puppymaroc.webmarocagency.com\/#\/schema\/logo\/image\/\",\"url\":\"https:\/\/puppymaroc.webmarocagency.com\/wp-content\/uploads\/2024\/02\/cropped-cropped-puppy-maroc-logo-rmv-2.png\",\"contentUrl\":\"https:\/\/puppymaroc.webmarocagency.com\/wp-content\/uploads\/2024\/02\/cropped-cropped-puppy-maroc-logo-rmv-2.png\",\"width\":958,\"height\":920,\"caption\":\"puppymaroc.com\"},\"image\":{\"@id\":\"https:\/\/puppymaroc.webmarocagency.com\/#\/schema\/logo\/image\/\"},\"sameAs\":[\"https:\/\/www.facebook.com\/PuppyMaroc?mibextid=ZbWKwL\"]}]}<\/script>\n<!-- \/ Yoast SEO plugin. -->","yoast_head_json":{"title":"Liti\u00e8re pour chat - Benty Sandy Savon de marseille 10L - puppymaroc.com","description":"Elle se distingue par son odeur de poudre pour b\u00e9b\u00e9 et poss\u00e8de une fonction ultra agglom\u00e9rant. Elle ne colle pas aux pattes et est exempt de poussi\u00e8re \u00e0 99 %.","robots":{"index":"index","follow":"follow","max-snippet":"max-snippet:-1","max-image-preview":"max-image-preview:large","max-video-preview":"max-video-preview:-1"},"canonical":"https:\/\/puppymaroc.webmarocagency.com\/?product=litiere-pour-chat-benty-sandy-savon-de-marseille-10l","og_locale":"fr_FR","og_type":"article","og_title":"Liti\u00e8re pour chat - Benty Sandy Savon de marseille 10L - puppymaroc.com","og_description":"Elle se distingue par son odeur de poudre pour b\u00e9b\u00e9 et poss\u00e8de une fonction ultra agglom\u00e9rant. Elle ne colle pas aux pattes et est exempt de poussi\u00e8re \u00e0 99 %.","og_url":"https:\/\/puppymaroc.webmarocagency.com\/?product=litiere-pour-chat-benty-sandy-savon-de-marseille-10l","og_site_name":"puppymaroc.com","article_publisher":"https:\/\/www.facebook.com\/PuppyMaroc?mibextid=ZbWKwL","article_modified_time":"2024-10-01T21:41:12+00:00","og_image":[{"width":1080,"height":1080,"url":"https:\/\/puppymaroc.webmarocagency.com\/wp-content\/uploads\/2024\/10\/1_11zon-2.jpg","type":"image\/jpeg"}],"twitter_card":"summary_large_image","twitter_misc":{"Dur\u00e9e de lecture estim\u00e9e":"1 minute"},"schema":{"@context":"https:\/\/schema.org","@graph":[{"@type":"WebPage","@id":"https:\/\/puppymaroc.webmarocagency.com\/?product=litiere-pour-chat-benty-sandy-savon-de-marseille-10l","url":"https:\/\/puppymaroc.webmarocagency.com\/?product=litiere-pour-chat-benty-sandy-savon-de-marseille-10l","name":"Liti\u00e8re pour chat - Benty Sandy Savon de marseille 10L - puppymaroc.com","isPartOf":{"@id":"https:\/\/puppymaroc.webmarocagency.com\/#website"},"primaryImageOfPage":{"@id":"https:\/\/puppymaroc.webmarocagency.com\/?product=litiere-pour-chat-benty-sandy-savon-de-marseille-10l#primaryimage"},"image":{"@id":"https:\/\/puppymaroc.webmarocagency.com\/?product=litiere-pour-chat-benty-sandy-savon-de-marseille-10l#primaryimage"},"thumbnailUrl":"https:\/\/puppymaroc.webmarocagency.com\/wp-content\/uploads\/2024\/10\/1_11zon-2.jpg","datePublished":"2024-10-01T21:39:55+00:00","dateModified":"2024-10-01T21:41:12+00:00","description":"Elle se distingue par son odeur de poudre pour b\u00e9b\u00e9 et poss\u00e8de une fonction ultra agglom\u00e9rant. Elle ne colle pas aux pattes et est exempt de poussi\u00e8re \u00e0 99 %.","breadcrumb":{"@id":"https:\/\/puppymaroc.webmarocagency.com\/?product=litiere-pour-chat-benty-sandy-savon-de-marseille-10l#breadcrumb"},"inLanguage":"fr-FR","potentialAction":[{"@type":"ReadAction","target":["https:\/\/puppymaroc.webmarocagency.com\/?product=litiere-pour-chat-benty-sandy-savon-de-marseille-10l"]}]},{"@type":"ImageObject","inLanguage":"fr-FR","@id":"https:\/\/puppymaroc.webmarocagency.com\/?product=litiere-pour-chat-benty-sandy-savon-de-marseille-10l#primaryimage","url":"https:\/\/puppymaroc.webmarocagency.com\/wp-content\/uploads\/2024\/10\/1_11zon-2.jpg","contentUrl":"https:\/\/puppymaroc.webmarocagency.com\/wp-content\/uploads\/2024\/10\/1_11zon-2.jpg","width":1080,"height":1080},{"@type":"BreadcrumbList","@id":"https:\/\/puppymaroc.webmarocagency.com\/?product=litiere-pour-chat-benty-sandy-savon-de-marseille-10l#breadcrumb","itemListElement":[{"@type":"ListItem","position":1,"name":"Accueil","item":"https:\/\/puppymaroc.webmarocagency.com\/"},{"@type":"ListItem","position":2,"name":"Produit","item":"https:\/\/puppymaroc.webmarocagency.com\/?page_id=1561"},{"@type":"ListItem","position":3,"name":"Liti\u00e8re pour chat &#8211; Benty Sandy Savon de marseille 10L"}]},{"@type":"WebSite","@id":"https:\/\/puppymaroc.webmarocagency.com\/#website","url":"https:\/\/puppymaroc.webmarocagency.com\/","name":"puppymaroc.com","description":"puppymaroc","publisher":{"@id":"https:\/\/puppymaroc.webmarocagency.com\/#organization"},"potentialAction":[{"@type":"SearchAction","target":{"@type":"EntryPoint","urlTemplate":"https:\/\/puppymaroc.webmarocagency.com\/?s={search_term_string}"},"query-input":{"@type":"PropertyValueSpecification","valueRequired":true,"valueName":"search_term_string"}}],"inLanguage":"fr-FR"},{"@type":"Organization","@id":"https:\/\/puppymaroc.webmarocagency.com\/#organization","name":"puppymaroc.com","url":"https:\/\/puppymaroc.webmarocagency.com\/","logo":{"@type":"ImageObject","inLanguage":"fr-FR","@id":"https:\/\/puppymaroc.webmarocagency.com\/#\/schema\/logo\/image\/","url":"https:\/\/puppymaroc.webmarocagency.com\/wp-content\/uploads\/2024\/02\/cropped-cropped-puppy-maroc-logo-rmv-2.png","contentUrl":"https:\/\/puppymaroc.webmarocagency.com\/wp-content\/uploads\/2024\/02\/cropped-cropped-puppy-maroc-logo-rmv-2.png","width":958,"height":920,"caption":"puppymaroc.com"},"image":{"@id":"https:\/\/puppymaroc.webmarocagency.com\/#\/schema\/logo\/image\/"},"sameAs":["https:\/\/www.facebook.com\/PuppyMaroc?mibextid=ZbWKwL"]}]}},"_links":{"self":[{"href":"https:\/\/puppymaroc.webmarocagency.com\/index.php?rest_route=\/wp\/v2\/product\/2586","targetHints":{"allow":["GET"]}}],"collection":[{"href":"https:\/\/puppymaroc.webmarocagency.com\/index.php?rest_route=\/wp\/v2\/product"}],"about":[{"href":"https:\/\/puppymaroc.webmarocagency.com\/index.php?rest_route=\/wp\/v2\/types\/product"}],"replies":[{"embeddable":true,"href":"https:\/\/puppymaroc.webmarocagency.com\/index.php?rest_route=%2Fwp%2Fv2%2Fcomments&post=2586"}],"wp:featuredmedia":[{"embeddable":true,"href":"https:\/\/puppymaroc.webmarocagency.com\/index.php?rest_route=\/wp\/v2\/media\/2587"}],"wp:attachment":[{"href":"https:\/\/puppymaroc.webmarocagency.com\/index.php?rest_route=%2Fwp%2Fv2%2Fmedia&parent=2586"}],"wp:term":[{"taxonomy":"product_brand","embeddable":true,"href":"https:\/\/puppymaroc.webmarocagency.com\/index.php?rest_route=%2Fwp%2Fv2%2Fproduct_brand&post=2586"},{"taxonomy":"product_cat","embeddable":true,"href":"https:\/\/puppymaroc.webmarocagency.com\/index.php?rest_route=%2Fwp%2Fv2%2Fproduct_cat&post=2586"},{"taxonomy":"product_tag","embeddable":true,"href":"https:\/\/puppymaroc.webmarocagency.com\/index.php?rest_route=%2Fwp%2Fv2%2Fproduct_tag&post=2586"}],"curies":[{"name":"wp","href":"https:\/\/api.w.org\/{rel}","templated":true}]}}