{"id":2591,"date":"2024-10-01T22:52:09","date_gmt":"2024-10-01T21:52:09","guid":{"rendered":"https:\/\/puppymaroc.com\/?post_type=product&#038;p=2591"},"modified":"2025-09-02T06:07:19","modified_gmt":"2025-09-02T05:07:19","slug":"avenal-croquettes-complet-pour-chiens-adultes-de-toutes-races-20kg","status":"publish","type":"product","link":"https:\/\/puppymaroc.webmarocagency.com\/?product=avenal-croquettes-complet-pour-chiens-adultes-de-toutes-races-20kg","title":{"rendered":"Avenal Croquettes complet pour chiens adultes de toutes races. 20kg"},"content":{"rendered":"<header class=\"-pvs -bb\">\n<h4 class=\"-fs20 -m -phm -pvxs\">Fiche technique<\/h4>\n<\/header>\n<div class=\"row -pas\">\n<article class=\"col8 -pvs\">\n<div class=\"card-b -fh\">\n<h4 class=\"hdr -upp -fs14 -m -pam\">Principales caract\u00e9ristiques<\/h4>\n<div class=\"markup -pam\">\n<ul>\n<li>Nutrition compl\u00e8te et \u00e9quilibr\u00e9e<\/li>\n<li>\u00a0faciles \u00e0 stocker et \u00e0 servir<\/li>\n<li>\u00a0maintenir la sant\u00e9 dentaire des chats en r\u00e9duisant l&rsquo;accumulation de plaque<\/li>\n<\/ul>\n<\/div>\n<\/div>\n<\/article>\n<article class=\"col8 -pvs\">\n<div class=\"card-b -fh\">\n<h4 class=\"hdr -upp -fs14 -m -pam\">Descriptif technique<\/h4>\n<ul class=\"-pvs -mvxs -phm -lsn\">\n<li class=\"-pvxs\"><span class=\"-b\">Gamme de produits<\/span>: aliment gastronomique pour votre chien<\/li>\n<li class=\"-pvxs\"><span class=\"-b\">Mod\u00e8le<\/span>: nourriture pour chien<\/li>\n<li class=\"-pvxs\"><span class=\"-b\">Pays de production<\/span>: Portugal<\/li>\n<li class=\"-pvxs\"><span class=\"-b\">Poids (kg)<\/span>: 20<\/li>\n<li class=\"-pvxs\"><span class=\"-b\">Couleur<\/span>: orange<\/li>\n<li class=\"-pvxs\"><span class=\"-b\">Mati\u00e8re principale<\/span>: plusieurs mat\u00e9riels<\/li>\n<\/ul>\n<\/div>\n<\/article>\n<\/div>\n","protected":false},"excerpt":{"rendered":"<header class=\"-pvs -bb\">\n<h4 class=\"-fs20 -m -phm -pvxs\">D\u00e9tails<\/h4>\n<\/header>\n<div class=\"markup -mhm -pvl -oxa -sc\">Avenal Dog Basic est un aliment complet recommand\u00e9 pour les chiens adultes de toutes races.<br \/>\nIl pr\u00e9sente les avantages suivants :<br \/>\nProduit sous contr\u00f4le v\u00e9t\u00e9rinaire : d\u00e9velopp\u00e9 par des experts en nutrition animaleAliment complet : aliment complet pour une condition corporelle optimaleVitamines et min\u00e9raux : avec tous les ingr\u00e9dients n\u00e9cessaires \u00e0 l&rsquo;entretien de votre animalAvec de la viande et des c\u00e9r\u00e9ales<br \/>\n\u00c9nergie m\u00e9tabolisable (EM) : 3 160 Kcal\/kg<\/div>\n","protected":false},"featured_media":2595,"comment_status":"open","ping_status":"closed","template":"","meta":[],"product_brand":[],"product_cat":[60],"product_tag":[],"class_list":{"0":"post-2591","1":"product","2":"type-product","3":"status-publish","4":"has-post-thumbnail","6":"product_cat-alimentation-chien","8":"first","9":"instock","10":"shipping-taxable","11":"purchasable","12":"product-type-simple"},"yoast_head":"<!-- This site is optimized with the Yoast SEO plugin v25.8 - https:\/\/yoast.com\/wordpress\/plugins\/seo\/ -->\n<title>Avenal Croquettes complet pour chiens adultes de toutes races. 20kg - puppymaroc.com<\/title>\n<meta name=\"description\" content=\"Avenal Dog Basic est un aliment complet recommand\u00e9 pour les chiens adultes de toutes races.Il pr\u00e9sente les avantages suivants\" \/>\n<meta name=\"robots\" content=\"index, follow, max-snippet:-1, max-image-preview:large, max-video-preview:-1\" \/>\n<link rel=\"canonical\" href=\"https:\/\/puppymaroc.webmarocagency.com\/?product=avenal-croquettes-complet-pour-chiens-adultes-de-toutes-races-20kg\" \/>\n<meta property=\"og:locale\" content=\"fr_FR\" \/>\n<meta property=\"og:type\" content=\"article\" \/>\n<meta property=\"og:title\" content=\"Avenal Croquettes complet pour chiens adultes de toutes races. 20kg - puppymaroc.com\" \/>\n<meta property=\"og:description\" content=\"Avenal Dog Basic est un aliment complet recommand\u00e9 pour les chiens adultes de toutes races.Il pr\u00e9sente les avantages suivants\" \/>\n<meta property=\"og:url\" content=\"https:\/\/puppymaroc.webmarocagency.com\/?product=avenal-croquettes-complet-pour-chiens-adultes-de-toutes-races-20kg\" \/>\n<meta property=\"og:site_name\" content=\"puppymaroc.com\" \/>\n<meta property=\"article:publisher\" content=\"https:\/\/www.facebook.com\/PuppyMaroc?mibextid=ZbWKwL\" \/>\n<meta property=\"article:modified_time\" content=\"2025-09-02T05:07:19+00:00\" \/>\n<meta property=\"og:image\" content=\"https:\/\/puppymaroc.webmarocagency.com\/wp-content\/uploads\/2024\/10\/1_11zon-3.jpg\" \/>\n\t<meta property=\"og:image:width\" content=\"1080\" \/>\n\t<meta property=\"og:image:height\" content=\"1080\" \/>\n\t<meta property=\"og:image:type\" content=\"image\/jpeg\" \/>\n<meta name=\"twitter:card\" content=\"summary_large_image\" \/>\n<meta name=\"twitter:label1\" content=\"Dur\u00e9e de lecture estim\u00e9e\" \/>\n\t<meta name=\"twitter:data1\" content=\"1 minute\" \/>\n<script type=\"application\/ld+json\" class=\"yoast-schema-graph\">{\"@context\":\"https:\/\/schema.org\",\"@graph\":[{\"@type\":\"WebPage\",\"@id\":\"https:\/\/puppymaroc.webmarocagency.com\/?product=avenal-croquettes-complet-pour-chiens-adultes-de-toutes-races-20kg\",\"url\":\"https:\/\/puppymaroc.webmarocagency.com\/?product=avenal-croquettes-complet-pour-chiens-adultes-de-toutes-races-20kg\",\"name\":\"Avenal Croquettes complet pour chiens adultes de toutes races. 20kg - puppymaroc.com\",\"isPartOf\":{\"@id\":\"https:\/\/puppymaroc.webmarocagency.com\/#website\"},\"primaryImageOfPage\":{\"@id\":\"https:\/\/puppymaroc.webmarocagency.com\/?product=avenal-croquettes-complet-pour-chiens-adultes-de-toutes-races-20kg#primaryimage\"},\"image\":{\"@id\":\"https:\/\/puppymaroc.webmarocagency.com\/?product=avenal-croquettes-complet-pour-chiens-adultes-de-toutes-races-20kg#primaryimage\"},\"thumbnailUrl\":\"https:\/\/puppymaroc.webmarocagency.com\/wp-content\/uploads\/2024\/10\/1_11zon-3.jpg\",\"datePublished\":\"2024-10-01T21:52:09+00:00\",\"dateModified\":\"2025-09-02T05:07:19+00:00\",\"description\":\"Avenal Dog Basic est un aliment complet recommand\u00e9 pour les chiens adultes de toutes races.Il pr\u00e9sente les avantages suivants\",\"breadcrumb\":{\"@id\":\"https:\/\/puppymaroc.webmarocagency.com\/?product=avenal-croquettes-complet-pour-chiens-adultes-de-toutes-races-20kg#breadcrumb\"},\"inLanguage\":\"fr-FR\",\"potentialAction\":[{\"@type\":\"ReadAction\",\"target\":[\"https:\/\/puppymaroc.webmarocagency.com\/?product=avenal-croquettes-complet-pour-chiens-adultes-de-toutes-races-20kg\"]}]},{\"@type\":\"ImageObject\",\"inLanguage\":\"fr-FR\",\"@id\":\"https:\/\/puppymaroc.webmarocagency.com\/?product=avenal-croquettes-complet-pour-chiens-adultes-de-toutes-races-20kg#primaryimage\",\"url\":\"https:\/\/puppymaroc.webmarocagency.com\/wp-content\/uploads\/2024\/10\/1_11zon-3.jpg\",\"contentUrl\":\"https:\/\/puppymaroc.webmarocagency.com\/wp-content\/uploads\/2024\/10\/1_11zon-3.jpg\",\"width\":1080,\"height\":1080},{\"@type\":\"BreadcrumbList\",\"@id\":\"https:\/\/puppymaroc.webmarocagency.com\/?product=avenal-croquettes-complet-pour-chiens-adultes-de-toutes-races-20kg#breadcrumb\",\"itemListElement\":[{\"@type\":\"ListItem\",\"position\":1,\"name\":\"Accueil\",\"item\":\"https:\/\/puppymaroc.webmarocagency.com\/\"},{\"@type\":\"ListItem\",\"position\":2,\"name\":\"Produit\",\"item\":\"https:\/\/puppymaroc.webmarocagency.com\/?page_id=1561\"},{\"@type\":\"ListItem\",\"position\":3,\"name\":\"Avenal Croquettes complet pour chiens adultes de toutes races. 20kg\"}]},{\"@type\":\"WebSite\",\"@id\":\"https:\/\/puppymaroc.webmarocagency.com\/#website\",\"url\":\"https:\/\/puppymaroc.webmarocagency.com\/\",\"name\":\"puppymaroc.com\",\"description\":\"puppymaroc\",\"publisher\":{\"@id\":\"https:\/\/puppymaroc.webmarocagency.com\/#organization\"},\"potentialAction\":[{\"@type\":\"SearchAction\",\"target\":{\"@type\":\"EntryPoint\",\"urlTemplate\":\"https:\/\/puppymaroc.webmarocagency.com\/?s={search_term_string}\"},\"query-input\":{\"@type\":\"PropertyValueSpecification\",\"valueRequired\":true,\"valueName\":\"search_term_string\"}}],\"inLanguage\":\"fr-FR\"},{\"@type\":\"Organization\",\"@id\":\"https:\/\/puppymaroc.webmarocagency.com\/#organization\",\"name\":\"puppymaroc.com\",\"url\":\"https:\/\/puppymaroc.webmarocagency.com\/\",\"logo\":{\"@type\":\"ImageObject\",\"inLanguage\":\"fr-FR\",\"@id\":\"https:\/\/puppymaroc.webmarocagency.com\/#\/schema\/logo\/image\/\",\"url\":\"https:\/\/puppymaroc.webmarocagency.com\/wp-content\/uploads\/2024\/02\/cropped-cropped-puppy-maroc-logo-rmv-2.png\",\"contentUrl\":\"https:\/\/puppymaroc.webmarocagency.com\/wp-content\/uploads\/2024\/02\/cropped-cropped-puppy-maroc-logo-rmv-2.png\",\"width\":958,\"height\":920,\"caption\":\"puppymaroc.com\"},\"image\":{\"@id\":\"https:\/\/puppymaroc.webmarocagency.com\/#\/schema\/logo\/image\/\"},\"sameAs\":[\"https:\/\/www.facebook.com\/PuppyMaroc?mibextid=ZbWKwL\"]}]}<\/script>\n<!-- \/ Yoast SEO plugin. -->","yoast_head_json":{"title":"Avenal Croquettes complet pour chiens adultes de toutes races. 20kg - puppymaroc.com","description":"Avenal Dog Basic est un aliment complet recommand\u00e9 pour les chiens adultes de toutes races.Il pr\u00e9sente les avantages suivants","robots":{"index":"index","follow":"follow","max-snippet":"max-snippet:-1","max-image-preview":"max-image-preview:large","max-video-preview":"max-video-preview:-1"},"canonical":"https:\/\/puppymaroc.webmarocagency.com\/?product=avenal-croquettes-complet-pour-chiens-adultes-de-toutes-races-20kg","og_locale":"fr_FR","og_type":"article","og_title":"Avenal Croquettes complet pour chiens adultes de toutes races. 20kg - puppymaroc.com","og_description":"Avenal Dog Basic est un aliment complet recommand\u00e9 pour les chiens adultes de toutes races.Il pr\u00e9sente les avantages suivants","og_url":"https:\/\/puppymaroc.webmarocagency.com\/?product=avenal-croquettes-complet-pour-chiens-adultes-de-toutes-races-20kg","og_site_name":"puppymaroc.com","article_publisher":"https:\/\/www.facebook.com\/PuppyMaroc?mibextid=ZbWKwL","article_modified_time":"2025-09-02T05:07:19+00:00","og_image":[{"width":1080,"height":1080,"url":"https:\/\/puppymaroc.webmarocagency.com\/wp-content\/uploads\/2024\/10\/1_11zon-3.jpg","type":"image\/jpeg"}],"twitter_card":"summary_large_image","twitter_misc":{"Dur\u00e9e de lecture estim\u00e9e":"1 minute"},"schema":{"@context":"https:\/\/schema.org","@graph":[{"@type":"WebPage","@id":"https:\/\/puppymaroc.webmarocagency.com\/?product=avenal-croquettes-complet-pour-chiens-adultes-de-toutes-races-20kg","url":"https:\/\/puppymaroc.webmarocagency.com\/?product=avenal-croquettes-complet-pour-chiens-adultes-de-toutes-races-20kg","name":"Avenal Croquettes complet pour chiens adultes de toutes races. 20kg - puppymaroc.com","isPartOf":{"@id":"https:\/\/puppymaroc.webmarocagency.com\/#website"},"primaryImageOfPage":{"@id":"https:\/\/puppymaroc.webmarocagency.com\/?product=avenal-croquettes-complet-pour-chiens-adultes-de-toutes-races-20kg#primaryimage"},"image":{"@id":"https:\/\/puppymaroc.webmarocagency.com\/?product=avenal-croquettes-complet-pour-chiens-adultes-de-toutes-races-20kg#primaryimage"},"thumbnailUrl":"https:\/\/puppymaroc.webmarocagency.com\/wp-content\/uploads\/2024\/10\/1_11zon-3.jpg","datePublished":"2024-10-01T21:52:09+00:00","dateModified":"2025-09-02T05:07:19+00:00","description":"Avenal Dog Basic est un aliment complet recommand\u00e9 pour les chiens adultes de toutes races.Il pr\u00e9sente les avantages suivants","breadcrumb":{"@id":"https:\/\/puppymaroc.webmarocagency.com\/?product=avenal-croquettes-complet-pour-chiens-adultes-de-toutes-races-20kg#breadcrumb"},"inLanguage":"fr-FR","potentialAction":[{"@type":"ReadAction","target":["https:\/\/puppymaroc.webmarocagency.com\/?product=avenal-croquettes-complet-pour-chiens-adultes-de-toutes-races-20kg"]}]},{"@type":"ImageObject","inLanguage":"fr-FR","@id":"https:\/\/puppymaroc.webmarocagency.com\/?product=avenal-croquettes-complet-pour-chiens-adultes-de-toutes-races-20kg#primaryimage","url":"https:\/\/puppymaroc.webmarocagency.com\/wp-content\/uploads\/2024\/10\/1_11zon-3.jpg","contentUrl":"https:\/\/puppymaroc.webmarocagency.com\/wp-content\/uploads\/2024\/10\/1_11zon-3.jpg","width":1080,"height":1080},{"@type":"BreadcrumbList","@id":"https:\/\/puppymaroc.webmarocagency.com\/?product=avenal-croquettes-complet-pour-chiens-adultes-de-toutes-races-20kg#breadcrumb","itemListElement":[{"@type":"ListItem","position":1,"name":"Accueil","item":"https:\/\/puppymaroc.webmarocagency.com\/"},{"@type":"ListItem","position":2,"name":"Produit","item":"https:\/\/puppymaroc.webmarocagency.com\/?page_id=1561"},{"@type":"ListItem","position":3,"name":"Avenal Croquettes complet pour chiens adultes de toutes races. 20kg"}]},{"@type":"WebSite","@id":"https:\/\/puppymaroc.webmarocagency.com\/#website","url":"https:\/\/puppymaroc.webmarocagency.com\/","name":"puppymaroc.com","description":"puppymaroc","publisher":{"@id":"https:\/\/puppymaroc.webmarocagency.com\/#organization"},"potentialAction":[{"@type":"SearchAction","target":{"@type":"EntryPoint","urlTemplate":"https:\/\/puppymaroc.webmarocagency.com\/?s={search_term_string}"},"query-input":{"@type":"PropertyValueSpecification","valueRequired":true,"valueName":"search_term_string"}}],"inLanguage":"fr-FR"},{"@type":"Organization","@id":"https:\/\/puppymaroc.webmarocagency.com\/#organization","name":"puppymaroc.com","url":"https:\/\/puppymaroc.webmarocagency.com\/","logo":{"@type":"ImageObject","inLanguage":"fr-FR","@id":"https:\/\/puppymaroc.webmarocagency.com\/#\/schema\/logo\/image\/","url":"https:\/\/puppymaroc.webmarocagency.com\/wp-content\/uploads\/2024\/02\/cropped-cropped-puppy-maroc-logo-rmv-2.png","contentUrl":"https:\/\/puppymaroc.webmarocagency.com\/wp-content\/uploads\/2024\/02\/cropped-cropped-puppy-maroc-logo-rmv-2.png","width":958,"height":920,"caption":"puppymaroc.com"},"image":{"@id":"https:\/\/puppymaroc.webmarocagency.com\/#\/schema\/logo\/image\/"},"sameAs":["https:\/\/www.facebook.com\/PuppyMaroc?mibextid=ZbWKwL"]}]}},"_links":{"self":[{"href":"https:\/\/puppymaroc.webmarocagency.com\/index.php?rest_route=\/wp\/v2\/product\/2591","targetHints":{"allow":["GET"]}}],"collection":[{"href":"https:\/\/puppymaroc.webmarocagency.com\/index.php?rest_route=\/wp\/v2\/product"}],"about":[{"href":"https:\/\/puppymaroc.webmarocagency.com\/index.php?rest_route=\/wp\/v2\/types\/product"}],"replies":[{"embeddable":true,"href":"https:\/\/puppymaroc.webmarocagency.com\/index.php?rest_route=%2Fwp%2Fv2%2Fcomments&post=2591"}],"wp:featuredmedia":[{"embeddable":true,"href":"https:\/\/puppymaroc.webmarocagency.com\/index.php?rest_route=\/wp\/v2\/media\/2595"}],"wp:attachment":[{"href":"https:\/\/puppymaroc.webmarocagency.com\/index.php?rest_route=%2Fwp%2Fv2%2Fmedia&parent=2591"}],"wp:term":[{"taxonomy":"product_brand","embeddable":true,"href":"https:\/\/puppymaroc.webmarocagency.com\/index.php?rest_route=%2Fwp%2Fv2%2Fproduct_brand&post=2591"},{"taxonomy":"product_cat","embeddable":true,"href":"https:\/\/puppymaroc.webmarocagency.com\/index.php?rest_route=%2Fwp%2Fv2%2Fproduct_cat&post=2591"},{"taxonomy":"product_tag","embeddable":true,"href":"https:\/\/puppymaroc.webmarocagency.com\/index.php?rest_route=%2Fwp%2Fv2%2Fproduct_tag&post=2591"}],"curies":[{"name":"wp","href":"https:\/\/api.w.org\/{rel}","templated":true}]}}