{"id":2596,"date":"2024-10-01T22:59:06","date_gmt":"2024-10-01T21:59:06","guid":{"rendered":"https:\/\/puppymaroc.com\/?post_type=product&#038;p=2596"},"modified":"2025-07-22T21:44:51","modified_gmt":"2025-07-22T20:44:51","slug":"litiere-absorbante-pour-chat-parfum-lavender-8kg","status":"publish","type":"product","link":"https:\/\/puppymaroc.webmarocagency.com\/?product=litiere-absorbante-pour-chat-parfum-lavender-8kg","title":{"rendered":"LITIERE ABSORBANTE POUR CHAT PARFUM LAVENDER 8KG"},"content":{"rendered":"","protected":false},"excerpt":{"rendered":"<div class=\"product-short-description\">\n<p>Une liti\u00e8re avec une bonne agglom\u00e9ration et des blocs faciles \u00e0 ramasser pour garder le bac propre. Des grains plus \u00e9pais pour r\u00e9duire au maximum les traces autour du bac.<\/p>\n<p>Parfum LAVENDER pour une fra\u00eecheur continue.<\/p>\n<\/div>\n<form class=\"cart\" action=\"https:\/\/wo.usg.co.ma\/produit\/sanicat-white-active-10l-savon-de-marseille-agglomerante\/\" enctype=\"multipart\/form-data\" method=\"post\">\n<div class=\"quantity buttons_added form-minimal\">\n<ul>\n<li>Liti\u00e8re agglom\u00e9rante en bentonite parfum\u00e9e<\/li>\n<li>Utilise le pouvoir de l\u2019oxyg\u00e8ne pour neutraliser les mauvaises odeurs<\/li>\n<li>Parfum agr\u00e9able\u00a0de lavender<\/li>\n<li>Liti\u00e8re agglom\u00e9rante :\u00a0absorbe les liquides et forme des agglom\u00e9rats compacts<\/li>\n<li>Liti\u00e8re \u00e0 gros grains : ne colle\u00a0pas aux pattes et laisse\u00a0votre maison propre<\/li>\n<li>Peu poussi\u00e9reuse :\u00a0ne laisse pas de traces<\/li>\n<li>Douce pour les pattes<\/li>\n<\/ul>\n<\/div>\n<\/form>\n","protected":false},"featured_media":2597,"comment_status":"open","ping_status":"closed","template":"","meta":[],"product_brand":[],"product_cat":[74],"product_tag":[],"class_list":{"0":"post-2596","1":"product","2":"type-product","3":"status-publish","4":"has-post-thumbnail","6":"product_cat-alimentation-2","8":"first","9":"instock","10":"shipping-taxable","11":"purchasable","12":"product-type-simple"},"yoast_head":"<!-- This site is optimized with the Yoast SEO plugin v25.8 - https:\/\/yoast.com\/wordpress\/plugins\/seo\/ -->\n<title>LITIERE ABSORBANTE POUR CHAT PARFUM LAVENDER 8KG - puppymaroc.com<\/title>\n<meta name=\"description\" content=\"Une liti\u00e8re avec une bonne agglom\u00e9ration et des blocs faciles \u00e0 ramasser pour garder le bac propre. Des grains plus \u00e9pais pour r\u00e9duire au maximum les traces autour du bac.\" \/>\n<meta name=\"robots\" content=\"index, follow, max-snippet:-1, max-image-preview:large, max-video-preview:-1\" \/>\n<link rel=\"canonical\" href=\"https:\/\/puppymaroc.webmarocagency.com\/?product=litiere-absorbante-pour-chat-parfum-lavender-8kg\" \/>\n<meta property=\"og:locale\" content=\"fr_FR\" \/>\n<meta property=\"og:type\" content=\"article\" \/>\n<meta property=\"og:title\" content=\"LITIERE ABSORBANTE POUR CHAT PARFUM LAVENDER 8KG - puppymaroc.com\" \/>\n<meta property=\"og:description\" content=\"Une liti\u00e8re avec une bonne agglom\u00e9ration et des blocs faciles \u00e0 ramasser pour garder le bac propre. Des grains plus \u00e9pais pour r\u00e9duire au maximum les traces autour du bac.\" \/>\n<meta property=\"og:url\" content=\"https:\/\/puppymaroc.webmarocagency.com\/?product=litiere-absorbante-pour-chat-parfum-lavender-8kg\" \/>\n<meta property=\"og:site_name\" content=\"puppymaroc.com\" \/>\n<meta property=\"article:publisher\" content=\"https:\/\/www.facebook.com\/PuppyMaroc?mibextid=ZbWKwL\" \/>\n<meta property=\"article:modified_time\" content=\"2025-07-22T20:44:51+00:00\" \/>\n<meta property=\"og:image\" content=\"https:\/\/puppymaroc.webmarocagency.com\/wp-content\/uploads\/2024\/10\/1_11zon-4.jpg\" \/>\n\t<meta property=\"og:image:width\" content=\"1080\" \/>\n\t<meta property=\"og:image:height\" content=\"1080\" \/>\n\t<meta property=\"og:image:type\" content=\"image\/jpeg\" \/>\n<meta name=\"twitter:card\" content=\"summary_large_image\" \/>\n<meta name=\"twitter:label1\" content=\"Dur\u00e9e de lecture estim\u00e9e\" \/>\n\t<meta name=\"twitter:data1\" content=\"1 minute\" \/>\n<script type=\"application\/ld+json\" class=\"yoast-schema-graph\">{\"@context\":\"https:\/\/schema.org\",\"@graph\":[{\"@type\":\"WebPage\",\"@id\":\"https:\/\/puppymaroc.webmarocagency.com\/?product=litiere-absorbante-pour-chat-parfum-lavender-8kg\",\"url\":\"https:\/\/puppymaroc.webmarocagency.com\/?product=litiere-absorbante-pour-chat-parfum-lavender-8kg\",\"name\":\"LITIERE ABSORBANTE POUR CHAT PARFUM LAVENDER 8KG - puppymaroc.com\",\"isPartOf\":{\"@id\":\"https:\/\/puppymaroc.webmarocagency.com\/#website\"},\"primaryImageOfPage\":{\"@id\":\"https:\/\/puppymaroc.webmarocagency.com\/?product=litiere-absorbante-pour-chat-parfum-lavender-8kg#primaryimage\"},\"image\":{\"@id\":\"https:\/\/puppymaroc.webmarocagency.com\/?product=litiere-absorbante-pour-chat-parfum-lavender-8kg#primaryimage\"},\"thumbnailUrl\":\"https:\/\/puppymaroc.webmarocagency.com\/wp-content\/uploads\/2024\/10\/1_11zon-4.jpg\",\"datePublished\":\"2024-10-01T21:59:06+00:00\",\"dateModified\":\"2025-07-22T20:44:51+00:00\",\"description\":\"Une liti\u00e8re avec une bonne agglom\u00e9ration et des blocs faciles \u00e0 ramasser pour garder le bac propre. Des grains plus \u00e9pais pour r\u00e9duire au maximum les traces autour du bac.\",\"breadcrumb\":{\"@id\":\"https:\/\/puppymaroc.webmarocagency.com\/?product=litiere-absorbante-pour-chat-parfum-lavender-8kg#breadcrumb\"},\"inLanguage\":\"fr-FR\",\"potentialAction\":[{\"@type\":\"ReadAction\",\"target\":[\"https:\/\/puppymaroc.webmarocagency.com\/?product=litiere-absorbante-pour-chat-parfum-lavender-8kg\"]}]},{\"@type\":\"ImageObject\",\"inLanguage\":\"fr-FR\",\"@id\":\"https:\/\/puppymaroc.webmarocagency.com\/?product=litiere-absorbante-pour-chat-parfum-lavender-8kg#primaryimage\",\"url\":\"https:\/\/puppymaroc.webmarocagency.com\/wp-content\/uploads\/2024\/10\/1_11zon-4.jpg\",\"contentUrl\":\"https:\/\/puppymaroc.webmarocagency.com\/wp-content\/uploads\/2024\/10\/1_11zon-4.jpg\",\"width\":1080,\"height\":1080},{\"@type\":\"BreadcrumbList\",\"@id\":\"https:\/\/puppymaroc.webmarocagency.com\/?product=litiere-absorbante-pour-chat-parfum-lavender-8kg#breadcrumb\",\"itemListElement\":[{\"@type\":\"ListItem\",\"position\":1,\"name\":\"Accueil\",\"item\":\"https:\/\/puppymaroc.webmarocagency.com\/\"},{\"@type\":\"ListItem\",\"position\":2,\"name\":\"Produit\",\"item\":\"https:\/\/puppymaroc.webmarocagency.com\/?page_id=1561\"},{\"@type\":\"ListItem\",\"position\":3,\"name\":\"LITIERE ABSORBANTE POUR CHAT PARFUM LAVENDER 8KG\"}]},{\"@type\":\"WebSite\",\"@id\":\"https:\/\/puppymaroc.webmarocagency.com\/#website\",\"url\":\"https:\/\/puppymaroc.webmarocagency.com\/\",\"name\":\"puppymaroc.com\",\"description\":\"puppymaroc\",\"publisher\":{\"@id\":\"https:\/\/puppymaroc.webmarocagency.com\/#organization\"},\"potentialAction\":[{\"@type\":\"SearchAction\",\"target\":{\"@type\":\"EntryPoint\",\"urlTemplate\":\"https:\/\/puppymaroc.webmarocagency.com\/?s={search_term_string}\"},\"query-input\":{\"@type\":\"PropertyValueSpecification\",\"valueRequired\":true,\"valueName\":\"search_term_string\"}}],\"inLanguage\":\"fr-FR\"},{\"@type\":\"Organization\",\"@id\":\"https:\/\/puppymaroc.webmarocagency.com\/#organization\",\"name\":\"puppymaroc.com\",\"url\":\"https:\/\/puppymaroc.webmarocagency.com\/\",\"logo\":{\"@type\":\"ImageObject\",\"inLanguage\":\"fr-FR\",\"@id\":\"https:\/\/puppymaroc.webmarocagency.com\/#\/schema\/logo\/image\/\",\"url\":\"https:\/\/puppymaroc.webmarocagency.com\/wp-content\/uploads\/2024\/02\/cropped-cropped-puppy-maroc-logo-rmv-2.png\",\"contentUrl\":\"https:\/\/puppymaroc.webmarocagency.com\/wp-content\/uploads\/2024\/02\/cropped-cropped-puppy-maroc-logo-rmv-2.png\",\"width\":958,\"height\":920,\"caption\":\"puppymaroc.com\"},\"image\":{\"@id\":\"https:\/\/puppymaroc.webmarocagency.com\/#\/schema\/logo\/image\/\"},\"sameAs\":[\"https:\/\/www.facebook.com\/PuppyMaroc?mibextid=ZbWKwL\"]}]}<\/script>\n<!-- \/ Yoast SEO plugin. -->","yoast_head_json":{"title":"LITIERE ABSORBANTE POUR CHAT PARFUM LAVENDER 8KG - puppymaroc.com","description":"Une liti\u00e8re avec une bonne agglom\u00e9ration et des blocs faciles \u00e0 ramasser pour garder le bac propre. Des grains plus \u00e9pais pour r\u00e9duire au maximum les traces autour du bac.","robots":{"index":"index","follow":"follow","max-snippet":"max-snippet:-1","max-image-preview":"max-image-preview:large","max-video-preview":"max-video-preview:-1"},"canonical":"https:\/\/puppymaroc.webmarocagency.com\/?product=litiere-absorbante-pour-chat-parfum-lavender-8kg","og_locale":"fr_FR","og_type":"article","og_title":"LITIERE ABSORBANTE POUR CHAT PARFUM LAVENDER 8KG - puppymaroc.com","og_description":"Une liti\u00e8re avec une bonne agglom\u00e9ration et des blocs faciles \u00e0 ramasser pour garder le bac propre. Des grains plus \u00e9pais pour r\u00e9duire au maximum les traces autour du bac.","og_url":"https:\/\/puppymaroc.webmarocagency.com\/?product=litiere-absorbante-pour-chat-parfum-lavender-8kg","og_site_name":"puppymaroc.com","article_publisher":"https:\/\/www.facebook.com\/PuppyMaroc?mibextid=ZbWKwL","article_modified_time":"2025-07-22T20:44:51+00:00","og_image":[{"width":1080,"height":1080,"url":"https:\/\/puppymaroc.webmarocagency.com\/wp-content\/uploads\/2024\/10\/1_11zon-4.jpg","type":"image\/jpeg"}],"twitter_card":"summary_large_image","twitter_misc":{"Dur\u00e9e de lecture estim\u00e9e":"1 minute"},"schema":{"@context":"https:\/\/schema.org","@graph":[{"@type":"WebPage","@id":"https:\/\/puppymaroc.webmarocagency.com\/?product=litiere-absorbante-pour-chat-parfum-lavender-8kg","url":"https:\/\/puppymaroc.webmarocagency.com\/?product=litiere-absorbante-pour-chat-parfum-lavender-8kg","name":"LITIERE ABSORBANTE POUR CHAT PARFUM LAVENDER 8KG - puppymaroc.com","isPartOf":{"@id":"https:\/\/puppymaroc.webmarocagency.com\/#website"},"primaryImageOfPage":{"@id":"https:\/\/puppymaroc.webmarocagency.com\/?product=litiere-absorbante-pour-chat-parfum-lavender-8kg#primaryimage"},"image":{"@id":"https:\/\/puppymaroc.webmarocagency.com\/?product=litiere-absorbante-pour-chat-parfum-lavender-8kg#primaryimage"},"thumbnailUrl":"https:\/\/puppymaroc.webmarocagency.com\/wp-content\/uploads\/2024\/10\/1_11zon-4.jpg","datePublished":"2024-10-01T21:59:06+00:00","dateModified":"2025-07-22T20:44:51+00:00","description":"Une liti\u00e8re avec une bonne agglom\u00e9ration et des blocs faciles \u00e0 ramasser pour garder le bac propre. Des grains plus \u00e9pais pour r\u00e9duire au maximum les traces autour du bac.","breadcrumb":{"@id":"https:\/\/puppymaroc.webmarocagency.com\/?product=litiere-absorbante-pour-chat-parfum-lavender-8kg#breadcrumb"},"inLanguage":"fr-FR","potentialAction":[{"@type":"ReadAction","target":["https:\/\/puppymaroc.webmarocagency.com\/?product=litiere-absorbante-pour-chat-parfum-lavender-8kg"]}]},{"@type":"ImageObject","inLanguage":"fr-FR","@id":"https:\/\/puppymaroc.webmarocagency.com\/?product=litiere-absorbante-pour-chat-parfum-lavender-8kg#primaryimage","url":"https:\/\/puppymaroc.webmarocagency.com\/wp-content\/uploads\/2024\/10\/1_11zon-4.jpg","contentUrl":"https:\/\/puppymaroc.webmarocagency.com\/wp-content\/uploads\/2024\/10\/1_11zon-4.jpg","width":1080,"height":1080},{"@type":"BreadcrumbList","@id":"https:\/\/puppymaroc.webmarocagency.com\/?product=litiere-absorbante-pour-chat-parfum-lavender-8kg#breadcrumb","itemListElement":[{"@type":"ListItem","position":1,"name":"Accueil","item":"https:\/\/puppymaroc.webmarocagency.com\/"},{"@type":"ListItem","position":2,"name":"Produit","item":"https:\/\/puppymaroc.webmarocagency.com\/?page_id=1561"},{"@type":"ListItem","position":3,"name":"LITIERE ABSORBANTE POUR CHAT PARFUM LAVENDER 8KG"}]},{"@type":"WebSite","@id":"https:\/\/puppymaroc.webmarocagency.com\/#website","url":"https:\/\/puppymaroc.webmarocagency.com\/","name":"puppymaroc.com","description":"puppymaroc","publisher":{"@id":"https:\/\/puppymaroc.webmarocagency.com\/#organization"},"potentialAction":[{"@type":"SearchAction","target":{"@type":"EntryPoint","urlTemplate":"https:\/\/puppymaroc.webmarocagency.com\/?s={search_term_string}"},"query-input":{"@type":"PropertyValueSpecification","valueRequired":true,"valueName":"search_term_string"}}],"inLanguage":"fr-FR"},{"@type":"Organization","@id":"https:\/\/puppymaroc.webmarocagency.com\/#organization","name":"puppymaroc.com","url":"https:\/\/puppymaroc.webmarocagency.com\/","logo":{"@type":"ImageObject","inLanguage":"fr-FR","@id":"https:\/\/puppymaroc.webmarocagency.com\/#\/schema\/logo\/image\/","url":"https:\/\/puppymaroc.webmarocagency.com\/wp-content\/uploads\/2024\/02\/cropped-cropped-puppy-maroc-logo-rmv-2.png","contentUrl":"https:\/\/puppymaroc.webmarocagency.com\/wp-content\/uploads\/2024\/02\/cropped-cropped-puppy-maroc-logo-rmv-2.png","width":958,"height":920,"caption":"puppymaroc.com"},"image":{"@id":"https:\/\/puppymaroc.webmarocagency.com\/#\/schema\/logo\/image\/"},"sameAs":["https:\/\/www.facebook.com\/PuppyMaroc?mibextid=ZbWKwL"]}]}},"_links":{"self":[{"href":"https:\/\/puppymaroc.webmarocagency.com\/index.php?rest_route=\/wp\/v2\/product\/2596","targetHints":{"allow":["GET"]}}],"collection":[{"href":"https:\/\/puppymaroc.webmarocagency.com\/index.php?rest_route=\/wp\/v2\/product"}],"about":[{"href":"https:\/\/puppymaroc.webmarocagency.com\/index.php?rest_route=\/wp\/v2\/types\/product"}],"replies":[{"embeddable":true,"href":"https:\/\/puppymaroc.webmarocagency.com\/index.php?rest_route=%2Fwp%2Fv2%2Fcomments&post=2596"}],"wp:featuredmedia":[{"embeddable":true,"href":"https:\/\/puppymaroc.webmarocagency.com\/index.php?rest_route=\/wp\/v2\/media\/2597"}],"wp:attachment":[{"href":"https:\/\/puppymaroc.webmarocagency.com\/index.php?rest_route=%2Fwp%2Fv2%2Fmedia&parent=2596"}],"wp:term":[{"taxonomy":"product_brand","embeddable":true,"href":"https:\/\/puppymaroc.webmarocagency.com\/index.php?rest_route=%2Fwp%2Fv2%2Fproduct_brand&post=2596"},{"taxonomy":"product_cat","embeddable":true,"href":"https:\/\/puppymaroc.webmarocagency.com\/index.php?rest_route=%2Fwp%2Fv2%2Fproduct_cat&post=2596"},{"taxonomy":"product_tag","embeddable":true,"href":"https:\/\/puppymaroc.webmarocagency.com\/index.php?rest_route=%2Fwp%2Fv2%2Fproduct_tag&post=2596"}],"curies":[{"name":"wp","href":"https:\/\/api.w.org\/{rel}","templated":true}]}}