{"id":2598,"date":"2024-10-01T23:03:50","date_gmt":"2024-10-01T22:03:50","guid":{"rendered":"https:\/\/puppymaroc.com\/?post_type=product&#038;p=2598"},"modified":"2025-07-16T00:31:43","modified_gmt":"2025-07-15T23:31:43","slug":"litiere-double-action-lavande-compact-5l-lindocat","status":"publish","type":"product","link":"https:\/\/puppymaroc.webmarocagency.com\/?product=litiere-double-action-lavande-compact-5l-lindocat","title":{"rendered":"LITIERE DOUBLE ACTION (LAVANDE) COMPACT 5L &#8211; LINDOCAT"},"content":{"rendered":"","protected":false},"excerpt":{"rendered":"<div class=\"tabs\">\n<h4>D\u00e9tails du produit<\/h4>\n<div id=\"tab-content\" class=\"tab-content\">\n<div id=\"description\" class=\"tab-pane fade in active\" role=\"tabpanel\">\n<div class=\"product-description\">\n<p>Lindocat Double Action, est une liti\u00e8re hygi\u00e9nique agglom\u00e9rante au top des performances. Elle est compos\u00e9e au 100% de bentonite d\u2019une couleur blanche pr\u00e9cieuse et unique, embellie de granules violets; elle est caract\u00e9ris\u00e9e par un excellent pouvoir de retention de liquides et odeurs. L\u2019agr\u00e9able parfum \u00e0 la lavande, uni aux propri\u00e9t\u00e9s b\u00e9n\u00e9fiques de l\u2019huile d\u2019Argan, rend Lindocat Double Action la liti\u00e8re id\u00e9ale pour les chats aux cheveux longs.<\/p>\n<\/div>\n<\/div>\n<\/div>\n<\/div>\n","protected":false},"featured_media":2600,"comment_status":"open","ping_status":"closed","template":"","meta":[],"product_brand":[],"product_cat":[74],"product_tag":[],"class_list":{"0":"post-2598","1":"product","2":"type-product","3":"status-publish","4":"has-post-thumbnail","6":"product_cat-alimentation-2","8":"first","9":"instock","10":"shipping-taxable","11":"purchasable","12":"product-type-simple"},"yoast_head":"<!-- This site is optimized with the Yoast SEO plugin v25.8 - https:\/\/yoast.com\/wordpress\/plugins\/seo\/ -->\n<title>LITIERE DOUBLE ACTION (LAVANDE) COMPACT 5L - LINDOCAT - puppymaroc.com<\/title>\n<meta name=\"description\" content=\"Lindocat Double Action, est une liti\u00e8re hygi\u00e9nique agglom\u00e9rante au top des performances. Elle est compos\u00e9e au 100% de bentonite\" \/>\n<meta name=\"robots\" content=\"index, follow, max-snippet:-1, max-image-preview:large, max-video-preview:-1\" \/>\n<link rel=\"canonical\" href=\"https:\/\/puppymaroc.webmarocagency.com\/?product=litiere-double-action-lavande-compact-5l-lindocat\" \/>\n<meta property=\"og:locale\" content=\"fr_FR\" \/>\n<meta property=\"og:type\" content=\"article\" \/>\n<meta property=\"og:title\" content=\"LITIERE DOUBLE ACTION (LAVANDE) COMPACT 5L - LINDOCAT - puppymaroc.com\" \/>\n<meta property=\"og:description\" content=\"Lindocat Double Action, est une liti\u00e8re hygi\u00e9nique agglom\u00e9rante au top des performances. Elle est compos\u00e9e au 100% de bentonite\" \/>\n<meta property=\"og:url\" content=\"https:\/\/puppymaroc.webmarocagency.com\/?product=litiere-double-action-lavande-compact-5l-lindocat\" \/>\n<meta property=\"og:site_name\" content=\"puppymaroc.com\" \/>\n<meta property=\"article:publisher\" content=\"https:\/\/www.facebook.com\/PuppyMaroc?mibextid=ZbWKwL\" \/>\n<meta property=\"article:modified_time\" content=\"2025-07-15T23:31:43+00:00\" \/>\n<meta property=\"og:image\" content=\"https:\/\/puppymaroc.webmarocagency.com\/wp-content\/uploads\/2024\/10\/1-1_11zon.jpg\" \/>\n\t<meta property=\"og:image:width\" content=\"1080\" \/>\n\t<meta property=\"og:image:height\" content=\"1080\" \/>\n\t<meta property=\"og:image:type\" content=\"image\/jpeg\" \/>\n<meta name=\"twitter:card\" content=\"summary_large_image\" \/>\n<meta name=\"twitter:label1\" content=\"Dur\u00e9e de lecture estim\u00e9e\" \/>\n\t<meta name=\"twitter:data1\" content=\"1 minute\" \/>\n<script type=\"application\/ld+json\" class=\"yoast-schema-graph\">{\"@context\":\"https:\/\/schema.org\",\"@graph\":[{\"@type\":\"WebPage\",\"@id\":\"https:\/\/puppymaroc.webmarocagency.com\/?product=litiere-double-action-lavande-compact-5l-lindocat\",\"url\":\"https:\/\/puppymaroc.webmarocagency.com\/?product=litiere-double-action-lavande-compact-5l-lindocat\",\"name\":\"LITIERE DOUBLE ACTION (LAVANDE) COMPACT 5L - LINDOCAT - puppymaroc.com\",\"isPartOf\":{\"@id\":\"https:\/\/puppymaroc.webmarocagency.com\/#website\"},\"primaryImageOfPage\":{\"@id\":\"https:\/\/puppymaroc.webmarocagency.com\/?product=litiere-double-action-lavande-compact-5l-lindocat#primaryimage\"},\"image\":{\"@id\":\"https:\/\/puppymaroc.webmarocagency.com\/?product=litiere-double-action-lavande-compact-5l-lindocat#primaryimage\"},\"thumbnailUrl\":\"https:\/\/puppymaroc.webmarocagency.com\/wp-content\/uploads\/2024\/10\/1-1_11zon.jpg\",\"datePublished\":\"2024-10-01T22:03:50+00:00\",\"dateModified\":\"2025-07-15T23:31:43+00:00\",\"description\":\"Lindocat Double Action, est une liti\u00e8re hygi\u00e9nique agglom\u00e9rante au top des performances. Elle est compos\u00e9e au 100% de bentonite\",\"breadcrumb\":{\"@id\":\"https:\/\/puppymaroc.webmarocagency.com\/?product=litiere-double-action-lavande-compact-5l-lindocat#breadcrumb\"},\"inLanguage\":\"fr-FR\",\"potentialAction\":[{\"@type\":\"ReadAction\",\"target\":[\"https:\/\/puppymaroc.webmarocagency.com\/?product=litiere-double-action-lavande-compact-5l-lindocat\"]}]},{\"@type\":\"ImageObject\",\"inLanguage\":\"fr-FR\",\"@id\":\"https:\/\/puppymaroc.webmarocagency.com\/?product=litiere-double-action-lavande-compact-5l-lindocat#primaryimage\",\"url\":\"https:\/\/puppymaroc.webmarocagency.com\/wp-content\/uploads\/2024\/10\/1-1_11zon.jpg\",\"contentUrl\":\"https:\/\/puppymaroc.webmarocagency.com\/wp-content\/uploads\/2024\/10\/1-1_11zon.jpg\",\"width\":1080,\"height\":1080},{\"@type\":\"BreadcrumbList\",\"@id\":\"https:\/\/puppymaroc.webmarocagency.com\/?product=litiere-double-action-lavande-compact-5l-lindocat#breadcrumb\",\"itemListElement\":[{\"@type\":\"ListItem\",\"position\":1,\"name\":\"Accueil\",\"item\":\"https:\/\/puppymaroc.webmarocagency.com\/\"},{\"@type\":\"ListItem\",\"position\":2,\"name\":\"Produit\",\"item\":\"https:\/\/puppymaroc.webmarocagency.com\/?page_id=1561\"},{\"@type\":\"ListItem\",\"position\":3,\"name\":\"LITIERE DOUBLE ACTION (LAVANDE) COMPACT 5L &#8211; LINDOCAT\"}]},{\"@type\":\"WebSite\",\"@id\":\"https:\/\/puppymaroc.webmarocagency.com\/#website\",\"url\":\"https:\/\/puppymaroc.webmarocagency.com\/\",\"name\":\"puppymaroc.com\",\"description\":\"puppymaroc\",\"publisher\":{\"@id\":\"https:\/\/puppymaroc.webmarocagency.com\/#organization\"},\"potentialAction\":[{\"@type\":\"SearchAction\",\"target\":{\"@type\":\"EntryPoint\",\"urlTemplate\":\"https:\/\/puppymaroc.webmarocagency.com\/?s={search_term_string}\"},\"query-input\":{\"@type\":\"PropertyValueSpecification\",\"valueRequired\":true,\"valueName\":\"search_term_string\"}}],\"inLanguage\":\"fr-FR\"},{\"@type\":\"Organization\",\"@id\":\"https:\/\/puppymaroc.webmarocagency.com\/#organization\",\"name\":\"puppymaroc.com\",\"url\":\"https:\/\/puppymaroc.webmarocagency.com\/\",\"logo\":{\"@type\":\"ImageObject\",\"inLanguage\":\"fr-FR\",\"@id\":\"https:\/\/puppymaroc.webmarocagency.com\/#\/schema\/logo\/image\/\",\"url\":\"https:\/\/puppymaroc.webmarocagency.com\/wp-content\/uploads\/2024\/02\/cropped-cropped-puppy-maroc-logo-rmv-2.png\",\"contentUrl\":\"https:\/\/puppymaroc.webmarocagency.com\/wp-content\/uploads\/2024\/02\/cropped-cropped-puppy-maroc-logo-rmv-2.png\",\"width\":958,\"height\":920,\"caption\":\"puppymaroc.com\"},\"image\":{\"@id\":\"https:\/\/puppymaroc.webmarocagency.com\/#\/schema\/logo\/image\/\"},\"sameAs\":[\"https:\/\/www.facebook.com\/PuppyMaroc?mibextid=ZbWKwL\"]}]}<\/script>\n<!-- \/ Yoast SEO plugin. -->","yoast_head_json":{"title":"LITIERE DOUBLE ACTION (LAVANDE) COMPACT 5L - LINDOCAT - puppymaroc.com","description":"Lindocat Double Action, est une liti\u00e8re hygi\u00e9nique agglom\u00e9rante au top des performances. Elle est compos\u00e9e au 100% de bentonite","robots":{"index":"index","follow":"follow","max-snippet":"max-snippet:-1","max-image-preview":"max-image-preview:large","max-video-preview":"max-video-preview:-1"},"canonical":"https:\/\/puppymaroc.webmarocagency.com\/?product=litiere-double-action-lavande-compact-5l-lindocat","og_locale":"fr_FR","og_type":"article","og_title":"LITIERE DOUBLE ACTION (LAVANDE) COMPACT 5L - LINDOCAT - puppymaroc.com","og_description":"Lindocat Double Action, est une liti\u00e8re hygi\u00e9nique agglom\u00e9rante au top des performances. Elle est compos\u00e9e au 100% de bentonite","og_url":"https:\/\/puppymaroc.webmarocagency.com\/?product=litiere-double-action-lavande-compact-5l-lindocat","og_site_name":"puppymaroc.com","article_publisher":"https:\/\/www.facebook.com\/PuppyMaroc?mibextid=ZbWKwL","article_modified_time":"2025-07-15T23:31:43+00:00","og_image":[{"width":1080,"height":1080,"url":"https:\/\/puppymaroc.webmarocagency.com\/wp-content\/uploads\/2024\/10\/1-1_11zon.jpg","type":"image\/jpeg"}],"twitter_card":"summary_large_image","twitter_misc":{"Dur\u00e9e de lecture estim\u00e9e":"1 minute"},"schema":{"@context":"https:\/\/schema.org","@graph":[{"@type":"WebPage","@id":"https:\/\/puppymaroc.webmarocagency.com\/?product=litiere-double-action-lavande-compact-5l-lindocat","url":"https:\/\/puppymaroc.webmarocagency.com\/?product=litiere-double-action-lavande-compact-5l-lindocat","name":"LITIERE DOUBLE ACTION (LAVANDE) COMPACT 5L - LINDOCAT - puppymaroc.com","isPartOf":{"@id":"https:\/\/puppymaroc.webmarocagency.com\/#website"},"primaryImageOfPage":{"@id":"https:\/\/puppymaroc.webmarocagency.com\/?product=litiere-double-action-lavande-compact-5l-lindocat#primaryimage"},"image":{"@id":"https:\/\/puppymaroc.webmarocagency.com\/?product=litiere-double-action-lavande-compact-5l-lindocat#primaryimage"},"thumbnailUrl":"https:\/\/puppymaroc.webmarocagency.com\/wp-content\/uploads\/2024\/10\/1-1_11zon.jpg","datePublished":"2024-10-01T22:03:50+00:00","dateModified":"2025-07-15T23:31:43+00:00","description":"Lindocat Double Action, est une liti\u00e8re hygi\u00e9nique agglom\u00e9rante au top des performances. Elle est compos\u00e9e au 100% de bentonite","breadcrumb":{"@id":"https:\/\/puppymaroc.webmarocagency.com\/?product=litiere-double-action-lavande-compact-5l-lindocat#breadcrumb"},"inLanguage":"fr-FR","potentialAction":[{"@type":"ReadAction","target":["https:\/\/puppymaroc.webmarocagency.com\/?product=litiere-double-action-lavande-compact-5l-lindocat"]}]},{"@type":"ImageObject","inLanguage":"fr-FR","@id":"https:\/\/puppymaroc.webmarocagency.com\/?product=litiere-double-action-lavande-compact-5l-lindocat#primaryimage","url":"https:\/\/puppymaroc.webmarocagency.com\/wp-content\/uploads\/2024\/10\/1-1_11zon.jpg","contentUrl":"https:\/\/puppymaroc.webmarocagency.com\/wp-content\/uploads\/2024\/10\/1-1_11zon.jpg","width":1080,"height":1080},{"@type":"BreadcrumbList","@id":"https:\/\/puppymaroc.webmarocagency.com\/?product=litiere-double-action-lavande-compact-5l-lindocat#breadcrumb","itemListElement":[{"@type":"ListItem","position":1,"name":"Accueil","item":"https:\/\/puppymaroc.webmarocagency.com\/"},{"@type":"ListItem","position":2,"name":"Produit","item":"https:\/\/puppymaroc.webmarocagency.com\/?page_id=1561"},{"@type":"ListItem","position":3,"name":"LITIERE DOUBLE ACTION (LAVANDE) COMPACT 5L &#8211; LINDOCAT"}]},{"@type":"WebSite","@id":"https:\/\/puppymaroc.webmarocagency.com\/#website","url":"https:\/\/puppymaroc.webmarocagency.com\/","name":"puppymaroc.com","description":"puppymaroc","publisher":{"@id":"https:\/\/puppymaroc.webmarocagency.com\/#organization"},"potentialAction":[{"@type":"SearchAction","target":{"@type":"EntryPoint","urlTemplate":"https:\/\/puppymaroc.webmarocagency.com\/?s={search_term_string}"},"query-input":{"@type":"PropertyValueSpecification","valueRequired":true,"valueName":"search_term_string"}}],"inLanguage":"fr-FR"},{"@type":"Organization","@id":"https:\/\/puppymaroc.webmarocagency.com\/#organization","name":"puppymaroc.com","url":"https:\/\/puppymaroc.webmarocagency.com\/","logo":{"@type":"ImageObject","inLanguage":"fr-FR","@id":"https:\/\/puppymaroc.webmarocagency.com\/#\/schema\/logo\/image\/","url":"https:\/\/puppymaroc.webmarocagency.com\/wp-content\/uploads\/2024\/02\/cropped-cropped-puppy-maroc-logo-rmv-2.png","contentUrl":"https:\/\/puppymaroc.webmarocagency.com\/wp-content\/uploads\/2024\/02\/cropped-cropped-puppy-maroc-logo-rmv-2.png","width":958,"height":920,"caption":"puppymaroc.com"},"image":{"@id":"https:\/\/puppymaroc.webmarocagency.com\/#\/schema\/logo\/image\/"},"sameAs":["https:\/\/www.facebook.com\/PuppyMaroc?mibextid=ZbWKwL"]}]}},"_links":{"self":[{"href":"https:\/\/puppymaroc.webmarocagency.com\/index.php?rest_route=\/wp\/v2\/product\/2598","targetHints":{"allow":["GET"]}}],"collection":[{"href":"https:\/\/puppymaroc.webmarocagency.com\/index.php?rest_route=\/wp\/v2\/product"}],"about":[{"href":"https:\/\/puppymaroc.webmarocagency.com\/index.php?rest_route=\/wp\/v2\/types\/product"}],"replies":[{"embeddable":true,"href":"https:\/\/puppymaroc.webmarocagency.com\/index.php?rest_route=%2Fwp%2Fv2%2Fcomments&post=2598"}],"wp:featuredmedia":[{"embeddable":true,"href":"https:\/\/puppymaroc.webmarocagency.com\/index.php?rest_route=\/wp\/v2\/media\/2600"}],"wp:attachment":[{"href":"https:\/\/puppymaroc.webmarocagency.com\/index.php?rest_route=%2Fwp%2Fv2%2Fmedia&parent=2598"}],"wp:term":[{"taxonomy":"product_brand","embeddable":true,"href":"https:\/\/puppymaroc.webmarocagency.com\/index.php?rest_route=%2Fwp%2Fv2%2Fproduct_brand&post=2598"},{"taxonomy":"product_cat","embeddable":true,"href":"https:\/\/puppymaroc.webmarocagency.com\/index.php?rest_route=%2Fwp%2Fv2%2Fproduct_cat&post=2598"},{"taxonomy":"product_tag","embeddable":true,"href":"https:\/\/puppymaroc.webmarocagency.com\/index.php?rest_route=%2Fwp%2Fv2%2Fproduct_tag&post=2598"}],"curies":[{"name":"wp","href":"https:\/\/api.w.org\/{rel}","templated":true}]}}